{"id":981,"date":"2024-01-03T10:42:51","date_gmt":"2024-01-03T08:42:51","guid":{"rendered":"https:\/\/goodwill.mauri.loopy.fi\/?post_type=product&#038;p=981"},"modified":"2024-01-21T16:26:23","modified_gmt":"2024-01-21T14:26:23","slug":"iittala-kalinka-jalallinen-snapsilasi","status":"publish","type":"product","link":"https:\/\/goodwill.fi\/kauppa\/tuote\/iittala-kalinka-jalallinen-snapsilasi\/","title":{"rendered":"IITTALA KALINKA LIK\u00d6\u00d6RILASI, 2 KPL"},"content":{"rendered":"<p>Suunnittelija: Timo Sarpaneva<\/p>\n<p>Kuvio: Kalinka<\/p>\n<p>Suunniteltu: 1977<\/p>\n<p>Tuotannossa: 1978-1997<\/p>\n<p>Korkeus: 9 cm<\/p>\n<p>halkaisija: 5.5 cm<\/p>\n<p>Huom. Tuotteet myyd\u00e4\u00e4n 2 kappaleen settin\u00e4<\/p>\n","protected":false},"excerpt":{"rendered":"<p>Suunnittelija: Timo Sarpaneva Kuvio: Kalinka Suunniteltu: 1977 Tuotannossa: 1978-1997 Korkeus: 9 cm halkaisija: 5.5 cm Huom. Tuotteet myyd\u00e4\u00e4n 2 kappaleen settin\u00e4<\/p>\n","protected":false},"featured_media":982,"comment_status":"open","ping_status":"closed","template":"","meta":[],"product_brand":[],"product_cat":[159,166,146,5965],"product_tag":[932,226,931,697,462,339],"class_list":{"0":"post-981","1":"product","2":"type-product","3":"status-publish","4":"has-post-thumbnail","6":"product_cat-kaikki","7":"product_cat-astiat-2","8":"product_cat-koti-2","9":"product_cat-ale","10":"product_tag-932","11":"product_tag-iittala","12":"product_tag-jalallinen","13":"product_tag-kalinka","14":"product_tag-sarpaneva","15":"product_tag-snapsilasi","17":"first","18":"outofstock","19":"sale","20":"taxable","21":"shipping-taxable","22":"purchasable","23":"product-type-simple"},"yoast_head":"<!-- This site is optimized with the Yoast SEO plugin v27.1.1 - https:\/\/yoast.com\/product\/yoast-seo-wordpress\/ -->\n<title>Iittala &quot;Kalinka&quot; jalallinen snapsilasi<\/title>\n<meta name=\"description\" content=\"Iittala &quot;Kalinka&quot; jalallinen snapsilasi - Suunnittelija: Timo Sarpanevakuvio: KalinkaIittalasuunniteltu 1977tuotannossa 1978-1997korkeus: 8 cmhalkaisija: 4 cm\" \/>\n<meta name=\"robots\" content=\"index, follow, max-snippet:-1, max-image-preview:large, max-video-preview:-1\" \/>\n<link rel=\"canonical\" href=\"https:\/\/goodwill.fi\/kauppa\/tuote\/iittala-kalinka-jalallinen-snapsilasi\/\" \/>\n<meta property=\"og:locale\" content=\"fi_FI\" \/>\n<meta property=\"og:type\" content=\"article\" \/>\n<meta property=\"og:title\" content=\"Iittala &quot;Kalinka&quot; jalallinen snapsilasi\" \/>\n<meta property=\"og:description\" content=\"Iittala &quot;Kalinka&quot; jalallinen snapsilasi - Suunnittelija: Timo Sarpanevakuvio: KalinkaIittalasuunniteltu 1977tuotannossa 1978-1997korkeus: 8 cmhalkaisija: 4 cm\" \/>\n<meta property=\"og:url\" content=\"https:\/\/goodwill.fi\/kauppa\/tuote\/iittala-kalinka-jalallinen-snapsilasi\/\" \/>\n<meta property=\"og:site_name\" content=\"Goodwill-verkkokauppa\" \/>\n<meta property=\"article:modified_time\" content=\"2024-01-21T14:26:23+00:00\" \/>\n<meta property=\"og:image\" content=\"https:\/\/goodwill.fi\/kauppa\/wp-content\/uploads\/2018\/07\/products-IMG_2527-scaled.jpg\" \/>\n\t<meta property=\"og:image:width\" content=\"2560\" \/>\n\t<meta property=\"og:image:height\" content=\"1707\" \/>\n\t<meta property=\"og:image:type\" content=\"image\/jpeg\" \/>\n<meta name=\"twitter:card\" content=\"summary_large_image\" \/>\n<meta name=\"twitter:label1\" content=\"Arvioitu lukuaika\" \/>\n\t<meta name=\"twitter:data1\" content=\"1 minuutti\" \/>\n<script type=\"application\/ld+json\" class=\"yoast-schema-graph\">{\"@context\":\"https:\/\/schema.org\",\"@graph\":[{\"@type\":\"WebPage\",\"@id\":\"https:\/\/goodwill.fi\/kauppa\/tuote\/iittala-kalinka-jalallinen-snapsilasi\/\",\"url\":\"https:\/\/goodwill.fi\/kauppa\/tuote\/iittala-kalinka-jalallinen-snapsilasi\/\",\"name\":\"Iittala \\\"Kalinka\\\" jalallinen snapsilasi\",\"isPartOf\":{\"@id\":\"https:\/\/goodwill.fi\/kauppa\/#website\"},\"primaryImageOfPage\":{\"@id\":\"https:\/\/goodwill.fi\/kauppa\/tuote\/iittala-kalinka-jalallinen-snapsilasi\/#primaryimage\"},\"image\":{\"@id\":\"https:\/\/goodwill.fi\/kauppa\/tuote\/iittala-kalinka-jalallinen-snapsilasi\/#primaryimage\"},\"thumbnailUrl\":\"https:\/\/goodwill.fi\/kauppa\/wp-content\/uploads\/2018\/07\/products-IMG_2527-scaled.jpg\",\"datePublished\":\"2024-01-03T08:42:51+00:00\",\"dateModified\":\"2024-01-21T14:26:23+00:00\",\"description\":\"Iittala \\\"Kalinka\\\" jalallinen snapsilasi - Suunnittelija: Timo Sarpanevakuvio: KalinkaIittalasuunniteltu 1977tuotannossa 1978-1997korkeus: 8 cmhalkaisija: 4 cm\",\"breadcrumb\":{\"@id\":\"https:\/\/goodwill.fi\/kauppa\/tuote\/iittala-kalinka-jalallinen-snapsilasi\/#breadcrumb\"},\"inLanguage\":\"fi\",\"potentialAction\":[{\"@type\":\"ReadAction\",\"target\":[\"https:\/\/goodwill.fi\/kauppa\/tuote\/iittala-kalinka-jalallinen-snapsilasi\/\"]}]},{\"@type\":\"ImageObject\",\"inLanguage\":\"fi\",\"@id\":\"https:\/\/goodwill.fi\/kauppa\/tuote\/iittala-kalinka-jalallinen-snapsilasi\/#primaryimage\",\"url\":\"https:\/\/goodwill.fi\/kauppa\/wp-content\/uploads\/2018\/07\/products-IMG_2527-scaled.jpg\",\"contentUrl\":\"https:\/\/goodwill.fi\/kauppa\/wp-content\/uploads\/2018\/07\/products-IMG_2527-scaled.jpg\",\"width\":2560,\"height\":1707,\"caption\":\"Iittala \\\"Kalinka\\\" jalallinen snapsilasi\"},{\"@type\":\"BreadcrumbList\",\"@id\":\"https:\/\/goodwill.fi\/kauppa\/tuote\/iittala-kalinka-jalallinen-snapsilasi\/#breadcrumb\",\"itemListElement\":[{\"@type\":\"ListItem\",\"position\":1,\"name\":\"Home\",\"item\":\"https:\/\/goodwill.fi\/kauppa\/\"},{\"@type\":\"ListItem\",\"position\":2,\"name\":\"Shop\",\"item\":\"https:\/\/goodwill.fi\/kauppa\/shop\/\"},{\"@type\":\"ListItem\",\"position\":3,\"name\":\"IITTALA KALINKA LIK\u00d6\u00d6RILASI, 2 KPL\"}]},{\"@type\":\"WebSite\",\"@id\":\"https:\/\/goodwill.fi\/kauppa\/#website\",\"url\":\"https:\/\/goodwill.fi\/kauppa\/\",\"name\":\"Goodwill-verkkokauppa\",\"description\":\"Kierr\u00e4tysmyym\u00e4l\u00e4 verkossa\",\"publisher\":{\"@id\":\"https:\/\/goodwill.fi\/kauppa\/#organization\"},\"potentialAction\":[{\"@type\":\"SearchAction\",\"target\":{\"@type\":\"EntryPoint\",\"urlTemplate\":\"https:\/\/goodwill.fi\/kauppa\/?s={search_term_string}\"},\"query-input\":{\"@type\":\"PropertyValueSpecification\",\"valueRequired\":true,\"valueName\":\"search_term_string\"}}],\"inLanguage\":\"fi\"},{\"@type\":\"Organization\",\"@id\":\"https:\/\/goodwill.fi\/kauppa\/#organization\",\"name\":\"Goodwill-verkkokauppa\",\"url\":\"https:\/\/goodwill.fi\/kauppa\/\",\"logo\":{\"@type\":\"ImageObject\",\"inLanguage\":\"fi\",\"@id\":\"https:\/\/goodwill.fi\/kauppa\/#\/schema\/logo\/image\/\",\"url\":\"https:\/\/goodwill.fi\/kauppa\/wp-content\/uploads\/2021\/02\/cropped-logo_gw_store-723x211-1.png\",\"contentUrl\":\"https:\/\/goodwill.fi\/kauppa\/wp-content\/uploads\/2021\/02\/cropped-logo_gw_store-723x211-1.png\",\"width\":723,\"height\":207,\"caption\":\"Goodwill-verkkokauppa\"},\"image\":{\"@id\":\"https:\/\/goodwill.fi\/kauppa\/#\/schema\/logo\/image\/\"}}]}<\/script>\n<!-- \/ Yoast SEO plugin. -->","yoast_head_json":{"title":"Iittala \"Kalinka\" jalallinen snapsilasi","description":"Iittala \"Kalinka\" jalallinen snapsilasi - Suunnittelija: Timo Sarpanevakuvio: KalinkaIittalasuunniteltu 1977tuotannossa 1978-1997korkeus: 8 cmhalkaisija: 4 cm","robots":{"index":"index","follow":"follow","max-snippet":"max-snippet:-1","max-image-preview":"max-image-preview:large","max-video-preview":"max-video-preview:-1"},"canonical":"https:\/\/goodwill.fi\/kauppa\/tuote\/iittala-kalinka-jalallinen-snapsilasi\/","og_locale":"fi_FI","og_type":"article","og_title":"Iittala \"Kalinka\" jalallinen snapsilasi","og_description":"Iittala \"Kalinka\" jalallinen snapsilasi - Suunnittelija: Timo Sarpanevakuvio: KalinkaIittalasuunniteltu 1977tuotannossa 1978-1997korkeus: 8 cmhalkaisija: 4 cm","og_url":"https:\/\/goodwill.fi\/kauppa\/tuote\/iittala-kalinka-jalallinen-snapsilasi\/","og_site_name":"Goodwill-verkkokauppa","article_modified_time":"2024-01-21T14:26:23+00:00","og_image":[{"width":2560,"height":1707,"url":"https:\/\/goodwill.fi\/kauppa\/wp-content\/uploads\/2018\/07\/products-IMG_2527-scaled.jpg","type":"image\/jpeg"}],"twitter_card":"summary_large_image","twitter_misc":{"Arvioitu lukuaika":"1 minuutti"},"schema":{"@context":"https:\/\/schema.org","@graph":[{"@type":"WebPage","@id":"https:\/\/goodwill.fi\/kauppa\/tuote\/iittala-kalinka-jalallinen-snapsilasi\/","url":"https:\/\/goodwill.fi\/kauppa\/tuote\/iittala-kalinka-jalallinen-snapsilasi\/","name":"Iittala \"Kalinka\" jalallinen snapsilasi","isPartOf":{"@id":"https:\/\/goodwill.fi\/kauppa\/#website"},"primaryImageOfPage":{"@id":"https:\/\/goodwill.fi\/kauppa\/tuote\/iittala-kalinka-jalallinen-snapsilasi\/#primaryimage"},"image":{"@id":"https:\/\/goodwill.fi\/kauppa\/tuote\/iittala-kalinka-jalallinen-snapsilasi\/#primaryimage"},"thumbnailUrl":"https:\/\/goodwill.fi\/kauppa\/wp-content\/uploads\/2018\/07\/products-IMG_2527-scaled.jpg","datePublished":"2024-01-03T08:42:51+00:00","dateModified":"2024-01-21T14:26:23+00:00","description":"Iittala \"Kalinka\" jalallinen snapsilasi - Suunnittelija: Timo Sarpanevakuvio: KalinkaIittalasuunniteltu 1977tuotannossa 1978-1997korkeus: 8 cmhalkaisija: 4 cm","breadcrumb":{"@id":"https:\/\/goodwill.fi\/kauppa\/tuote\/iittala-kalinka-jalallinen-snapsilasi\/#breadcrumb"},"inLanguage":"fi","potentialAction":[{"@type":"ReadAction","target":["https:\/\/goodwill.fi\/kauppa\/tuote\/iittala-kalinka-jalallinen-snapsilasi\/"]}]},{"@type":"ImageObject","inLanguage":"fi","@id":"https:\/\/goodwill.fi\/kauppa\/tuote\/iittala-kalinka-jalallinen-snapsilasi\/#primaryimage","url":"https:\/\/goodwill.fi\/kauppa\/wp-content\/uploads\/2018\/07\/products-IMG_2527-scaled.jpg","contentUrl":"https:\/\/goodwill.fi\/kauppa\/wp-content\/uploads\/2018\/07\/products-IMG_2527-scaled.jpg","width":2560,"height":1707,"caption":"Iittala \"Kalinka\" jalallinen snapsilasi"},{"@type":"BreadcrumbList","@id":"https:\/\/goodwill.fi\/kauppa\/tuote\/iittala-kalinka-jalallinen-snapsilasi\/#breadcrumb","itemListElement":[{"@type":"ListItem","position":1,"name":"Home","item":"https:\/\/goodwill.fi\/kauppa\/"},{"@type":"ListItem","position":2,"name":"Shop","item":"https:\/\/goodwill.fi\/kauppa\/shop\/"},{"@type":"ListItem","position":3,"name":"IITTALA KALINKA LIK\u00d6\u00d6RILASI, 2 KPL"}]},{"@type":"WebSite","@id":"https:\/\/goodwill.fi\/kauppa\/#website","url":"https:\/\/goodwill.fi\/kauppa\/","name":"Goodwill-verkkokauppa","description":"Kierr\u00e4tysmyym\u00e4l\u00e4 verkossa","publisher":{"@id":"https:\/\/goodwill.fi\/kauppa\/#organization"},"potentialAction":[{"@type":"SearchAction","target":{"@type":"EntryPoint","urlTemplate":"https:\/\/goodwill.fi\/kauppa\/?s={search_term_string}"},"query-input":{"@type":"PropertyValueSpecification","valueRequired":true,"valueName":"search_term_string"}}],"inLanguage":"fi"},{"@type":"Organization","@id":"https:\/\/goodwill.fi\/kauppa\/#organization","name":"Goodwill-verkkokauppa","url":"https:\/\/goodwill.fi\/kauppa\/","logo":{"@type":"ImageObject","inLanguage":"fi","@id":"https:\/\/goodwill.fi\/kauppa\/#\/schema\/logo\/image\/","url":"https:\/\/goodwill.fi\/kauppa\/wp-content\/uploads\/2021\/02\/cropped-logo_gw_store-723x211-1.png","contentUrl":"https:\/\/goodwill.fi\/kauppa\/wp-content\/uploads\/2021\/02\/cropped-logo_gw_store-723x211-1.png","width":723,"height":207,"caption":"Goodwill-verkkokauppa"},"image":{"@id":"https:\/\/goodwill.fi\/kauppa\/#\/schema\/logo\/image\/"}}]}},"_links":{"self":[{"href":"https:\/\/goodwill.fi\/kauppa\/wp-json\/wp\/v2\/product\/981","targetHints":{"allow":["GET"]}}],"collection":[{"href":"https:\/\/goodwill.fi\/kauppa\/wp-json\/wp\/v2\/product"}],"about":[{"href":"https:\/\/goodwill.fi\/kauppa\/wp-json\/wp\/v2\/types\/product"}],"replies":[{"embeddable":true,"href":"https:\/\/goodwill.fi\/kauppa\/wp-json\/wp\/v2\/comments?post=981"}],"wp:featuredmedia":[{"embeddable":true,"href":"https:\/\/goodwill.fi\/kauppa\/wp-json\/wp\/v2\/media\/982"}],"wp:attachment":[{"href":"https:\/\/goodwill.fi\/kauppa\/wp-json\/wp\/v2\/media?parent=981"}],"wp:term":[{"taxonomy":"product_brand","embeddable":true,"href":"https:\/\/goodwill.fi\/kauppa\/wp-json\/wp\/v2\/product_brand?post=981"},{"taxonomy":"product_cat","embeddable":true,"href":"https:\/\/goodwill.fi\/kauppa\/wp-json\/wp\/v2\/product_cat?post=981"},{"taxonomy":"product_tag","embeddable":true,"href":"https:\/\/goodwill.fi\/kauppa\/wp-json\/wp\/v2\/product_tag?post=981"}],"curies":[{"name":"wp","href":"https:\/\/api.w.org\/{rel}","templated":true}]}}