{"id":7894,"date":"2024-11-15T08:00:56","date_gmt":"2024-11-15T06:00:56","guid":{"rendered":"https:\/\/goodwill.fi\/kauppa\/?post_type=product&#038;p=7894"},"modified":"2026-01-24T17:25:10","modified_gmt":"2026-01-24T15:25:10","slug":"riihimaen-lasi-ultra-kulho-kirkas-pertti-kallioinen","status":"publish","type":"product","link":"https:\/\/goodwill.fi\/kauppa\/tuote\/riihimaen-lasi-ultra-kulho-kirkas-pertti-kallioinen\/","title":{"rendered":"RIIHIM\u00c4EN LASI ULTRA KULHOT, 3 KPL"},"content":{"rendered":"<p>Suunnittelija: Pertti Kallioinen<br \/>\nValmistaja: Riihim\u00e4en lasi<br \/>\nValmistusvuosi: 1970-luku<br \/>\nMitat: korkeus 8 cm, halkaisija 12 cm, paino 320 g<br \/>\nV\u00e4ri: kirkas<br \/>\nMateriaali: lasi<br \/>\nKunto: ehj\u00e4t, hyvin v\u00e4h\u00e4n k\u00e4yt\u00f6n j\u00e4lki\u00e4<br \/>\nHuom: leimatarra kahdessa kulhoista, myyd\u00e4\u00e4n kolmen kulhon settin\u00e4<\/p>\n","protected":false},"excerpt":{"rendered":"<p>Suunnittelija: Pertti Kallioinen Valmistaja: Riihim\u00e4en lasi Valmistusvuosi: 1970-luku Mitat: korkeus 8 cm, halkaisija 12 cm, paino 320 g V\u00e4ri: kirkas Materiaali: lasi Kunto: ehj\u00e4t, hyvin v\u00e4h\u00e4n k\u00e4yt\u00f6n j\u00e4lki\u00e4 Huom: leimatarra kahdessa kulhoista, myyd\u00e4\u00e4n kolmen kulhon settin\u00e4<\/p>\n","protected":false},"featured_media":21938,"comment_status":"open","ping_status":"closed","template":"","meta":[],"product_brand":[14057],"product_cat":[159,14856,166,14863],"product_tag":[4589,351,9005,302,352,1476,4111,1638,4590],"class_list":{"0":"post-7894","1":"product","2":"type-product","3":"status-publish","4":"has-post-thumbnail","6":"product_brand-riihimaen-lasi","7":"product_cat-kaikki","8":"product_cat-riihimaen-lasi","9":"product_cat-astiat-2","10":"product_cat-lautaset-kulhot","11":"product_tag-kallioinen","12":"product_tag-kirkas","13":"product_tag-kot03304","14":"product_tag-kulho","15":"product_tag-lasi","16":"product_tag-lasikulho","17":"product_tag-pertti","18":"product_tag-riihimaen","19":"product_tag-ultra","21":"first","22":"outofstock","23":"taxable","24":"shipping-taxable","25":"purchasable","26":"product-type-simple"},"yoast_head":"<!-- This site is optimized with the Yoast SEO plugin v27.1.1 - https:\/\/yoast.com\/product\/yoast-seo-wordpress\/ -->\n<title>RIIHIM\u00c4EN LASI ULTRA KULHOT, 3 KPL - Goodwill-verkkokauppa<\/title>\n<meta name=\"description\" content=\"Pertti Kallioisen suunnittelema Riihim\u00e4en lasin kirkas Ultra-kulho Suunnittelija: Pertti Kallioinen Valmistaja: Riihim\u00e4en lasi Valmistusvuosi: 1970-luku Mitat:\u00a0Korkeus 8 cm\" \/>\n<meta name=\"robots\" content=\"index, follow, max-snippet:-1, max-image-preview:large, max-video-preview:-1\" \/>\n<link rel=\"canonical\" href=\"https:\/\/goodwill.fi\/kauppa\/tuote\/riihimaen-lasi-ultra-kulho-kirkas-pertti-kallioinen\/\" \/>\n<meta property=\"og:locale\" content=\"fi_FI\" \/>\n<meta property=\"og:type\" content=\"article\" \/>\n<meta property=\"og:title\" content=\"RIIHIM\u00c4EN LASI ULTRA KULHOT, 3 KPL - Goodwill-verkkokauppa\" \/>\n<meta property=\"og:description\" content=\"Pertti Kallioisen suunnittelema Riihim\u00e4en lasin kirkas Ultra-kulho Suunnittelija: Pertti Kallioinen Valmistaja: Riihim\u00e4en lasi Valmistusvuosi: 1970-luku Mitat:\u00a0Korkeus 8 cm\" \/>\n<meta property=\"og:url\" content=\"https:\/\/goodwill.fi\/kauppa\/tuote\/riihimaen-lasi-ultra-kulho-kirkas-pertti-kallioinen\/\" \/>\n<meta property=\"og:site_name\" content=\"Goodwill-verkkokauppa\" \/>\n<meta property=\"article:modified_time\" content=\"2026-01-24T15:25:10+00:00\" \/>\n<meta property=\"og:image\" content=\"https:\/\/goodwill.fi\/kauppa\/wp-content\/uploads\/2022\/11\/IMG_0109-scaled-e1708503255830.jpg\" \/>\n\t<meta property=\"og:image:width\" content=\"1599\" \/>\n\t<meta property=\"og:image:height\" content=\"1500\" \/>\n\t<meta property=\"og:image:type\" content=\"image\/jpeg\" \/>\n<meta name=\"twitter:card\" content=\"summary_large_image\" \/>\n<meta name=\"twitter:label1\" content=\"Arvioitu lukuaika\" \/>\n\t<meta name=\"twitter:data1\" content=\"1 minuutti\" \/>\n<script type=\"application\/ld+json\" class=\"yoast-schema-graph\">{\"@context\":\"https:\/\/schema.org\",\"@graph\":[{\"@type\":\"WebPage\",\"@id\":\"https:\/\/goodwill.fi\/kauppa\/tuote\/riihimaen-lasi-ultra-kulho-kirkas-pertti-kallioinen\/\",\"url\":\"https:\/\/goodwill.fi\/kauppa\/tuote\/riihimaen-lasi-ultra-kulho-kirkas-pertti-kallioinen\/\",\"name\":\"RIIHIM\u00c4EN LASI ULTRA KULHOT, 3 KPL - Goodwill-verkkokauppa\",\"isPartOf\":{\"@id\":\"https:\/\/goodwill.fi\/kauppa\/#website\"},\"primaryImageOfPage\":{\"@id\":\"https:\/\/goodwill.fi\/kauppa\/tuote\/riihimaen-lasi-ultra-kulho-kirkas-pertti-kallioinen\/#primaryimage\"},\"image\":{\"@id\":\"https:\/\/goodwill.fi\/kauppa\/tuote\/riihimaen-lasi-ultra-kulho-kirkas-pertti-kallioinen\/#primaryimage\"},\"thumbnailUrl\":\"https:\/\/goodwill.fi\/kauppa\/wp-content\/uploads\/2022\/11\/IMG_0109-scaled-e1708503255830.jpg\",\"datePublished\":\"2024-11-15T06:00:56+00:00\",\"dateModified\":\"2026-01-24T15:25:10+00:00\",\"description\":\"Pertti Kallioisen suunnittelema Riihim\u00e4en lasin kirkas Ultra-kulho Suunnittelija: Pertti Kallioinen Valmistaja: Riihim\u00e4en lasi Valmistusvuosi: 1970-luku Mitat:\u00a0Korkeus 8 cm\",\"breadcrumb\":{\"@id\":\"https:\/\/goodwill.fi\/kauppa\/tuote\/riihimaen-lasi-ultra-kulho-kirkas-pertti-kallioinen\/#breadcrumb\"},\"inLanguage\":\"fi\",\"potentialAction\":[{\"@type\":\"ReadAction\",\"target\":[\"https:\/\/goodwill.fi\/kauppa\/tuote\/riihimaen-lasi-ultra-kulho-kirkas-pertti-kallioinen\/\"]}]},{\"@type\":\"ImageObject\",\"inLanguage\":\"fi\",\"@id\":\"https:\/\/goodwill.fi\/kauppa\/tuote\/riihimaen-lasi-ultra-kulho-kirkas-pertti-kallioinen\/#primaryimage\",\"url\":\"https:\/\/goodwill.fi\/kauppa\/wp-content\/uploads\/2022\/11\/IMG_0109-scaled-e1708503255830.jpg\",\"contentUrl\":\"https:\/\/goodwill.fi\/kauppa\/wp-content\/uploads\/2022\/11\/IMG_0109-scaled-e1708503255830.jpg\",\"width\":1599,\"height\":1500},{\"@type\":\"BreadcrumbList\",\"@id\":\"https:\/\/goodwill.fi\/kauppa\/tuote\/riihimaen-lasi-ultra-kulho-kirkas-pertti-kallioinen\/#breadcrumb\",\"itemListElement\":[{\"@type\":\"ListItem\",\"position\":1,\"name\":\"Home\",\"item\":\"https:\/\/goodwill.fi\/kauppa\/\"},{\"@type\":\"ListItem\",\"position\":2,\"name\":\"Shop\",\"item\":\"https:\/\/goodwill.fi\/kauppa\/shop\/\"},{\"@type\":\"ListItem\",\"position\":3,\"name\":\"RIIHIM\u00c4EN LASI ULTRA KULHOT, 3 KPL\"}]},{\"@type\":\"WebSite\",\"@id\":\"https:\/\/goodwill.fi\/kauppa\/#website\",\"url\":\"https:\/\/goodwill.fi\/kauppa\/\",\"name\":\"Goodwill-verkkokauppa\",\"description\":\"Kierr\u00e4tysmyym\u00e4l\u00e4 verkossa\",\"publisher\":{\"@id\":\"https:\/\/goodwill.fi\/kauppa\/#organization\"},\"potentialAction\":[{\"@type\":\"SearchAction\",\"target\":{\"@type\":\"EntryPoint\",\"urlTemplate\":\"https:\/\/goodwill.fi\/kauppa\/?s={search_term_string}\"},\"query-input\":{\"@type\":\"PropertyValueSpecification\",\"valueRequired\":true,\"valueName\":\"search_term_string\"}}],\"inLanguage\":\"fi\"},{\"@type\":\"Organization\",\"@id\":\"https:\/\/goodwill.fi\/kauppa\/#organization\",\"name\":\"Goodwill-verkkokauppa\",\"url\":\"https:\/\/goodwill.fi\/kauppa\/\",\"logo\":{\"@type\":\"ImageObject\",\"inLanguage\":\"fi\",\"@id\":\"https:\/\/goodwill.fi\/kauppa\/#\/schema\/logo\/image\/\",\"url\":\"https:\/\/goodwill.fi\/kauppa\/wp-content\/uploads\/2021\/02\/cropped-logo_gw_store-723x211-1.png\",\"contentUrl\":\"https:\/\/goodwill.fi\/kauppa\/wp-content\/uploads\/2021\/02\/cropped-logo_gw_store-723x211-1.png\",\"width\":723,\"height\":207,\"caption\":\"Goodwill-verkkokauppa\"},\"image\":{\"@id\":\"https:\/\/goodwill.fi\/kauppa\/#\/schema\/logo\/image\/\"}}]}<\/script>\n<!-- \/ Yoast SEO plugin. -->","yoast_head_json":{"title":"RIIHIM\u00c4EN LASI ULTRA KULHOT, 3 KPL - Goodwill-verkkokauppa","description":"Pertti Kallioisen suunnittelema Riihim\u00e4en lasin kirkas Ultra-kulho Suunnittelija: Pertti Kallioinen Valmistaja: Riihim\u00e4en lasi Valmistusvuosi: 1970-luku Mitat:\u00a0Korkeus 8 cm","robots":{"index":"index","follow":"follow","max-snippet":"max-snippet:-1","max-image-preview":"max-image-preview:large","max-video-preview":"max-video-preview:-1"},"canonical":"https:\/\/goodwill.fi\/kauppa\/tuote\/riihimaen-lasi-ultra-kulho-kirkas-pertti-kallioinen\/","og_locale":"fi_FI","og_type":"article","og_title":"RIIHIM\u00c4EN LASI ULTRA KULHOT, 3 KPL - Goodwill-verkkokauppa","og_description":"Pertti Kallioisen suunnittelema Riihim\u00e4en lasin kirkas Ultra-kulho Suunnittelija: Pertti Kallioinen Valmistaja: Riihim\u00e4en lasi Valmistusvuosi: 1970-luku Mitat:\u00a0Korkeus 8 cm","og_url":"https:\/\/goodwill.fi\/kauppa\/tuote\/riihimaen-lasi-ultra-kulho-kirkas-pertti-kallioinen\/","og_site_name":"Goodwill-verkkokauppa","article_modified_time":"2026-01-24T15:25:10+00:00","og_image":[{"width":1599,"height":1500,"url":"https:\/\/goodwill.fi\/kauppa\/wp-content\/uploads\/2022\/11\/IMG_0109-scaled-e1708503255830.jpg","type":"image\/jpeg"}],"twitter_card":"summary_large_image","twitter_misc":{"Arvioitu lukuaika":"1 minuutti"},"schema":{"@context":"https:\/\/schema.org","@graph":[{"@type":"WebPage","@id":"https:\/\/goodwill.fi\/kauppa\/tuote\/riihimaen-lasi-ultra-kulho-kirkas-pertti-kallioinen\/","url":"https:\/\/goodwill.fi\/kauppa\/tuote\/riihimaen-lasi-ultra-kulho-kirkas-pertti-kallioinen\/","name":"RIIHIM\u00c4EN LASI ULTRA KULHOT, 3 KPL - Goodwill-verkkokauppa","isPartOf":{"@id":"https:\/\/goodwill.fi\/kauppa\/#website"},"primaryImageOfPage":{"@id":"https:\/\/goodwill.fi\/kauppa\/tuote\/riihimaen-lasi-ultra-kulho-kirkas-pertti-kallioinen\/#primaryimage"},"image":{"@id":"https:\/\/goodwill.fi\/kauppa\/tuote\/riihimaen-lasi-ultra-kulho-kirkas-pertti-kallioinen\/#primaryimage"},"thumbnailUrl":"https:\/\/goodwill.fi\/kauppa\/wp-content\/uploads\/2022\/11\/IMG_0109-scaled-e1708503255830.jpg","datePublished":"2024-11-15T06:00:56+00:00","dateModified":"2026-01-24T15:25:10+00:00","description":"Pertti Kallioisen suunnittelema Riihim\u00e4en lasin kirkas Ultra-kulho Suunnittelija: Pertti Kallioinen Valmistaja: Riihim\u00e4en lasi Valmistusvuosi: 1970-luku Mitat:\u00a0Korkeus 8 cm","breadcrumb":{"@id":"https:\/\/goodwill.fi\/kauppa\/tuote\/riihimaen-lasi-ultra-kulho-kirkas-pertti-kallioinen\/#breadcrumb"},"inLanguage":"fi","potentialAction":[{"@type":"ReadAction","target":["https:\/\/goodwill.fi\/kauppa\/tuote\/riihimaen-lasi-ultra-kulho-kirkas-pertti-kallioinen\/"]}]},{"@type":"ImageObject","inLanguage":"fi","@id":"https:\/\/goodwill.fi\/kauppa\/tuote\/riihimaen-lasi-ultra-kulho-kirkas-pertti-kallioinen\/#primaryimage","url":"https:\/\/goodwill.fi\/kauppa\/wp-content\/uploads\/2022\/11\/IMG_0109-scaled-e1708503255830.jpg","contentUrl":"https:\/\/goodwill.fi\/kauppa\/wp-content\/uploads\/2022\/11\/IMG_0109-scaled-e1708503255830.jpg","width":1599,"height":1500},{"@type":"BreadcrumbList","@id":"https:\/\/goodwill.fi\/kauppa\/tuote\/riihimaen-lasi-ultra-kulho-kirkas-pertti-kallioinen\/#breadcrumb","itemListElement":[{"@type":"ListItem","position":1,"name":"Home","item":"https:\/\/goodwill.fi\/kauppa\/"},{"@type":"ListItem","position":2,"name":"Shop","item":"https:\/\/goodwill.fi\/kauppa\/shop\/"},{"@type":"ListItem","position":3,"name":"RIIHIM\u00c4EN LASI ULTRA KULHOT, 3 KPL"}]},{"@type":"WebSite","@id":"https:\/\/goodwill.fi\/kauppa\/#website","url":"https:\/\/goodwill.fi\/kauppa\/","name":"Goodwill-verkkokauppa","description":"Kierr\u00e4tysmyym\u00e4l\u00e4 verkossa","publisher":{"@id":"https:\/\/goodwill.fi\/kauppa\/#organization"},"potentialAction":[{"@type":"SearchAction","target":{"@type":"EntryPoint","urlTemplate":"https:\/\/goodwill.fi\/kauppa\/?s={search_term_string}"},"query-input":{"@type":"PropertyValueSpecification","valueRequired":true,"valueName":"search_term_string"}}],"inLanguage":"fi"},{"@type":"Organization","@id":"https:\/\/goodwill.fi\/kauppa\/#organization","name":"Goodwill-verkkokauppa","url":"https:\/\/goodwill.fi\/kauppa\/","logo":{"@type":"ImageObject","inLanguage":"fi","@id":"https:\/\/goodwill.fi\/kauppa\/#\/schema\/logo\/image\/","url":"https:\/\/goodwill.fi\/kauppa\/wp-content\/uploads\/2021\/02\/cropped-logo_gw_store-723x211-1.png","contentUrl":"https:\/\/goodwill.fi\/kauppa\/wp-content\/uploads\/2021\/02\/cropped-logo_gw_store-723x211-1.png","width":723,"height":207,"caption":"Goodwill-verkkokauppa"},"image":{"@id":"https:\/\/goodwill.fi\/kauppa\/#\/schema\/logo\/image\/"}}]}},"_links":{"self":[{"href":"https:\/\/goodwill.fi\/kauppa\/wp-json\/wp\/v2\/product\/7894","targetHints":{"allow":["GET"]}}],"collection":[{"href":"https:\/\/goodwill.fi\/kauppa\/wp-json\/wp\/v2\/product"}],"about":[{"href":"https:\/\/goodwill.fi\/kauppa\/wp-json\/wp\/v2\/types\/product"}],"replies":[{"embeddable":true,"href":"https:\/\/goodwill.fi\/kauppa\/wp-json\/wp\/v2\/comments?post=7894"}],"wp:featuredmedia":[{"embeddable":true,"href":"https:\/\/goodwill.fi\/kauppa\/wp-json\/wp\/v2\/media\/21938"}],"wp:attachment":[{"href":"https:\/\/goodwill.fi\/kauppa\/wp-json\/wp\/v2\/media?parent=7894"}],"wp:term":[{"taxonomy":"product_brand","embeddable":true,"href":"https:\/\/goodwill.fi\/kauppa\/wp-json\/wp\/v2\/product_brand?post=7894"},{"taxonomy":"product_cat","embeddable":true,"href":"https:\/\/goodwill.fi\/kauppa\/wp-json\/wp\/v2\/product_cat?post=7894"},{"taxonomy":"product_tag","embeddable":true,"href":"https:\/\/goodwill.fi\/kauppa\/wp-json\/wp\/v2\/product_tag?post=7894"}],"curies":[{"name":"wp","href":"https:\/\/api.w.org\/{rel}","templated":true}]}}