{"id":7800,"date":"2022-11-08T13:31:30","date_gmt":"2022-11-08T11:31:30","guid":{"rendered":"https:\/\/goodwill.fi\/kauppa\/?post_type=product&#038;p=7800"},"modified":"2023-11-20T04:17:26","modified_gmt":"2023-11-20T02:17:26","slug":"kulta-ja-hopea-oy-camee-koru-kulta","status":"publish","type":"product","link":"https:\/\/goodwill.fi\/kauppa\/tuote\/kulta-ja-hopea-oy-camee-koru-kulta\/","title":{"rendered":"KULTA JA HOPEA OY CAMEE KORU"},"content":{"rendered":"<p>Kulta ja Hopea Oy:n valmistama Camee-rintaneula\/riipus.<\/p>\n<p>Valmistaja: Kulta ja Hopea Oy<br \/>\nValmistusvuosi: 1953<br \/>\nMitat: riipuksen korkeus 3.5 cm, leveys 3 cm, ketjun pituus noin 44 cm, paino 9 g<br \/>\nV\u00e4ri: kulta, valkoinen, oranssi<br \/>\nMateriaali: kulta, pitoisuus .585<br \/>\nKunto: k\u00e4ytetty, v\u00e4h\u00e4ist\u00e4 k\u00e4yt\u00f6nj\u00e4lke\u00e4<\/p>\n","protected":false},"excerpt":{"rendered":"<p>Kulta ja Hopea Oy:n valmistama Camee-rintaneula\/riipus. Valmistaja: Kulta ja Hopea Oy Valmistusvuosi: 1953 Mitat: riipuksen korkeus 3.5 cm, leveys 3 cm, ketjun pituus noin 44 cm, paino 9 g V\u00e4ri: kulta, valkoinen, oranssi Materiaali: kulta, pitoisuus .585 Kunto: k\u00e4ytetty, v\u00e4h\u00e4ist\u00e4 k\u00e4yt\u00f6nj\u00e4lke\u00e4<\/p>\n","protected":false},"featured_media":7781,"comment_status":"open","ping_status":"closed","template":"","meta":[],"product_brand":[],"product_cat":[159,148,176],"product_tag":[4899,363,195,213,4900,411,3922,3867,327],"class_list":{"0":"post-7800","1":"product","2":"type-product","3":"status-publish","4":"has-post-thumbnail","6":"product_cat-kaikki","7":"product_cat-korut-2","8":"product_cat-asusteet-2","9":"product_tag-camee","10":"product_tag-hopea","11":"product_tag-kaulakoru","12":"product_tag-koru","13":"product_tag-kot01617","14":"product_tag-kulta","15":"product_tag-oy","16":"product_tag-riipus","17":"product_tag-rintaneula","19":"first","20":"outofstock","21":"taxable","22":"shipping-taxable","23":"purchasable","24":"product-type-simple"},"yoast_head":"<!-- This site is optimized with the Yoast SEO plugin v27.4 - https:\/\/yoast.com\/product\/yoast-seo-wordpress\/ -->\n<title>KULTA JA HOPEA OY CAMEE KORU - Goodwill-verkkokauppa<\/title>\n<meta name=\"description\" content=\"Kulta ja Hopea Oy:n valmistama Camee-rintaneula\/riipus Valmistaja: Kulta ja Hopea Oy Valmistusvuosi: 1953 Mitat:\u00a0Riipuksen korkeus 3,5 cm, leveys 3 cm, ketjun pituus n. 44 cm, paino 9 g\" \/>\n<meta name=\"robots\" content=\"index, follow, max-snippet:-1, max-image-preview:large, max-video-preview:-1\" \/>\n<link rel=\"canonical\" href=\"https:\/\/goodwill.fi\/kauppa\/tuote\/kulta-ja-hopea-oy-camee-koru-kulta\/\" \/>\n<meta property=\"og:locale\" content=\"fi_FI\" \/>\n<meta property=\"og:type\" content=\"article\" \/>\n<meta property=\"og:title\" content=\"KULTA JA HOPEA OY CAMEE KORU - Goodwill-verkkokauppa\" \/>\n<meta property=\"og:description\" content=\"Kulta ja Hopea Oy:n valmistama Camee-rintaneula\/riipus Valmistaja: Kulta ja Hopea Oy Valmistusvuosi: 1953 Mitat:\u00a0Riipuksen korkeus 3,5 cm, leveys 3 cm, ketjun pituus n. 44 cm, paino 9 g\" \/>\n<meta property=\"og:url\" content=\"https:\/\/goodwill.fi\/kauppa\/tuote\/kulta-ja-hopea-oy-camee-koru-kulta\/\" \/>\n<meta property=\"og:site_name\" content=\"Goodwill-verkkokauppa\" \/>\n<meta property=\"article:modified_time\" content=\"2023-11-20T02:17:26+00:00\" \/>\n<meta property=\"og:image\" content=\"https:\/\/goodwill.fi\/kauppa\/wp-content\/uploads\/2022\/11\/IMG_2951-scaled.jpg\" \/>\n\t<meta property=\"og:image:width\" content=\"2560\" \/>\n\t<meta property=\"og:image:height\" content=\"1707\" \/>\n\t<meta property=\"og:image:type\" content=\"image\/jpeg\" \/>\n<meta name=\"twitter:card\" content=\"summary_large_image\" \/>\n<meta name=\"twitter:label1\" content=\"Arvioitu lukuaika\" \/>\n\t<meta name=\"twitter:data1\" content=\"1 minuutti\" \/>\n<script type=\"application\/ld+json\" class=\"yoast-schema-graph\">{\"@context\":\"https:\\\/\\\/schema.org\",\"@graph\":[{\"@type\":\"WebPage\",\"@id\":\"https:\\\/\\\/goodwill.fi\\\/kauppa\\\/tuote\\\/kulta-ja-hopea-oy-camee-koru-kulta\\\/\",\"url\":\"https:\\\/\\\/goodwill.fi\\\/kauppa\\\/tuote\\\/kulta-ja-hopea-oy-camee-koru-kulta\\\/\",\"name\":\"KULTA JA HOPEA OY CAMEE KORU - Goodwill-verkkokauppa\",\"isPartOf\":{\"@id\":\"https:\\\/\\\/goodwill.fi\\\/kauppa\\\/#website\"},\"primaryImageOfPage\":{\"@id\":\"https:\\\/\\\/goodwill.fi\\\/kauppa\\\/tuote\\\/kulta-ja-hopea-oy-camee-koru-kulta\\\/#primaryimage\"},\"image\":{\"@id\":\"https:\\\/\\\/goodwill.fi\\\/kauppa\\\/tuote\\\/kulta-ja-hopea-oy-camee-koru-kulta\\\/#primaryimage\"},\"thumbnailUrl\":\"https:\\\/\\\/goodwill.fi\\\/kauppa\\\/wp-content\\\/uploads\\\/2022\\\/11\\\/IMG_2951-scaled.jpg\",\"datePublished\":\"2022-11-08T11:31:30+00:00\",\"dateModified\":\"2023-11-20T02:17:26+00:00\",\"description\":\"Kulta ja Hopea Oy:n valmistama Camee-rintaneula\\\/riipus Valmistaja: Kulta ja Hopea Oy Valmistusvuosi: 1953 Mitat:\u00a0Riipuksen korkeus 3,5 cm, leveys 3 cm, ketjun pituus n. 44 cm, paino 9 g\",\"breadcrumb\":{\"@id\":\"https:\\\/\\\/goodwill.fi\\\/kauppa\\\/tuote\\\/kulta-ja-hopea-oy-camee-koru-kulta\\\/#breadcrumb\"},\"inLanguage\":\"fi\",\"potentialAction\":[{\"@type\":\"ReadAction\",\"target\":[\"https:\\\/\\\/goodwill.fi\\\/kauppa\\\/tuote\\\/kulta-ja-hopea-oy-camee-koru-kulta\\\/\"]}]},{\"@type\":\"ImageObject\",\"inLanguage\":\"fi\",\"@id\":\"https:\\\/\\\/goodwill.fi\\\/kauppa\\\/tuote\\\/kulta-ja-hopea-oy-camee-koru-kulta\\\/#primaryimage\",\"url\":\"https:\\\/\\\/goodwill.fi\\\/kauppa\\\/wp-content\\\/uploads\\\/2022\\\/11\\\/IMG_2951-scaled.jpg\",\"contentUrl\":\"https:\\\/\\\/goodwill.fi\\\/kauppa\\\/wp-content\\\/uploads\\\/2022\\\/11\\\/IMG_2951-scaled.jpg\",\"width\":2560,\"height\":1707},{\"@type\":\"BreadcrumbList\",\"@id\":\"https:\\\/\\\/goodwill.fi\\\/kauppa\\\/tuote\\\/kulta-ja-hopea-oy-camee-koru-kulta\\\/#breadcrumb\",\"itemListElement\":[{\"@type\":\"ListItem\",\"position\":1,\"name\":\"Home\",\"item\":\"https:\\\/\\\/goodwill.fi\\\/kauppa\\\/\"},{\"@type\":\"ListItem\",\"position\":2,\"name\":\"Shop\",\"item\":\"https:\\\/\\\/goodwill.fi\\\/kauppa\\\/shop\\\/\"},{\"@type\":\"ListItem\",\"position\":3,\"name\":\"KULTA JA HOPEA OY CAMEE KORU\"}]},{\"@type\":\"WebSite\",\"@id\":\"https:\\\/\\\/goodwill.fi\\\/kauppa\\\/#website\",\"url\":\"https:\\\/\\\/goodwill.fi\\\/kauppa\\\/\",\"name\":\"Goodwill-verkkokauppa\",\"description\":\"Kierr\u00e4tysmyym\u00e4l\u00e4 verkossa\",\"publisher\":{\"@id\":\"https:\\\/\\\/goodwill.fi\\\/kauppa\\\/#organization\"},\"potentialAction\":[{\"@type\":\"SearchAction\",\"target\":{\"@type\":\"EntryPoint\",\"urlTemplate\":\"https:\\\/\\\/goodwill.fi\\\/kauppa\\\/?s={search_term_string}\"},\"query-input\":{\"@type\":\"PropertyValueSpecification\",\"valueRequired\":true,\"valueName\":\"search_term_string\"}}],\"inLanguage\":\"fi\"},{\"@type\":\"Organization\",\"@id\":\"https:\\\/\\\/goodwill.fi\\\/kauppa\\\/#organization\",\"name\":\"Goodwill-verkkokauppa\",\"url\":\"https:\\\/\\\/goodwill.fi\\\/kauppa\\\/\",\"logo\":{\"@type\":\"ImageObject\",\"inLanguage\":\"fi\",\"@id\":\"https:\\\/\\\/goodwill.fi\\\/kauppa\\\/#\\\/schema\\\/logo\\\/image\\\/\",\"url\":\"https:\\\/\\\/goodwill.fi\\\/kauppa\\\/wp-content\\\/uploads\\\/2021\\\/02\\\/cropped-logo_gw_store-723x211-1.png\",\"contentUrl\":\"https:\\\/\\\/goodwill.fi\\\/kauppa\\\/wp-content\\\/uploads\\\/2021\\\/02\\\/cropped-logo_gw_store-723x211-1.png\",\"width\":723,\"height\":207,\"caption\":\"Goodwill-verkkokauppa\"},\"image\":{\"@id\":\"https:\\\/\\\/goodwill.fi\\\/kauppa\\\/#\\\/schema\\\/logo\\\/image\\\/\"}}]}<\/script>\n<!-- \/ Yoast SEO plugin. -->","yoast_head_json":{"title":"KULTA JA HOPEA OY CAMEE KORU - Goodwill-verkkokauppa","description":"Kulta ja Hopea Oy:n valmistama Camee-rintaneula\/riipus Valmistaja: Kulta ja Hopea Oy Valmistusvuosi: 1953 Mitat:\u00a0Riipuksen korkeus 3,5 cm, leveys 3 cm, ketjun pituus n. 44 cm, paino 9 g","robots":{"index":"index","follow":"follow","max-snippet":"max-snippet:-1","max-image-preview":"max-image-preview:large","max-video-preview":"max-video-preview:-1"},"canonical":"https:\/\/goodwill.fi\/kauppa\/tuote\/kulta-ja-hopea-oy-camee-koru-kulta\/","og_locale":"fi_FI","og_type":"article","og_title":"KULTA JA HOPEA OY CAMEE KORU - Goodwill-verkkokauppa","og_description":"Kulta ja Hopea Oy:n valmistama Camee-rintaneula\/riipus Valmistaja: Kulta ja Hopea Oy Valmistusvuosi: 1953 Mitat:\u00a0Riipuksen korkeus 3,5 cm, leveys 3 cm, ketjun pituus n. 44 cm, paino 9 g","og_url":"https:\/\/goodwill.fi\/kauppa\/tuote\/kulta-ja-hopea-oy-camee-koru-kulta\/","og_site_name":"Goodwill-verkkokauppa","article_modified_time":"2023-11-20T02:17:26+00:00","og_image":[{"width":2560,"height":1707,"url":"https:\/\/goodwill.fi\/kauppa\/wp-content\/uploads\/2022\/11\/IMG_2951-scaled.jpg","type":"image\/jpeg"}],"twitter_card":"summary_large_image","twitter_misc":{"Arvioitu lukuaika":"1 minuutti"},"schema":{"@context":"https:\/\/schema.org","@graph":[{"@type":"WebPage","@id":"https:\/\/goodwill.fi\/kauppa\/tuote\/kulta-ja-hopea-oy-camee-koru-kulta\/","url":"https:\/\/goodwill.fi\/kauppa\/tuote\/kulta-ja-hopea-oy-camee-koru-kulta\/","name":"KULTA JA HOPEA OY CAMEE KORU - Goodwill-verkkokauppa","isPartOf":{"@id":"https:\/\/goodwill.fi\/kauppa\/#website"},"primaryImageOfPage":{"@id":"https:\/\/goodwill.fi\/kauppa\/tuote\/kulta-ja-hopea-oy-camee-koru-kulta\/#primaryimage"},"image":{"@id":"https:\/\/goodwill.fi\/kauppa\/tuote\/kulta-ja-hopea-oy-camee-koru-kulta\/#primaryimage"},"thumbnailUrl":"https:\/\/goodwill.fi\/kauppa\/wp-content\/uploads\/2022\/11\/IMG_2951-scaled.jpg","datePublished":"2022-11-08T11:31:30+00:00","dateModified":"2023-11-20T02:17:26+00:00","description":"Kulta ja Hopea Oy:n valmistama Camee-rintaneula\/riipus Valmistaja: Kulta ja Hopea Oy Valmistusvuosi: 1953 Mitat:\u00a0Riipuksen korkeus 3,5 cm, leveys 3 cm, ketjun pituus n. 44 cm, paino 9 g","breadcrumb":{"@id":"https:\/\/goodwill.fi\/kauppa\/tuote\/kulta-ja-hopea-oy-camee-koru-kulta\/#breadcrumb"},"inLanguage":"fi","potentialAction":[{"@type":"ReadAction","target":["https:\/\/goodwill.fi\/kauppa\/tuote\/kulta-ja-hopea-oy-camee-koru-kulta\/"]}]},{"@type":"ImageObject","inLanguage":"fi","@id":"https:\/\/goodwill.fi\/kauppa\/tuote\/kulta-ja-hopea-oy-camee-koru-kulta\/#primaryimage","url":"https:\/\/goodwill.fi\/kauppa\/wp-content\/uploads\/2022\/11\/IMG_2951-scaled.jpg","contentUrl":"https:\/\/goodwill.fi\/kauppa\/wp-content\/uploads\/2022\/11\/IMG_2951-scaled.jpg","width":2560,"height":1707},{"@type":"BreadcrumbList","@id":"https:\/\/goodwill.fi\/kauppa\/tuote\/kulta-ja-hopea-oy-camee-koru-kulta\/#breadcrumb","itemListElement":[{"@type":"ListItem","position":1,"name":"Home","item":"https:\/\/goodwill.fi\/kauppa\/"},{"@type":"ListItem","position":2,"name":"Shop","item":"https:\/\/goodwill.fi\/kauppa\/shop\/"},{"@type":"ListItem","position":3,"name":"KULTA JA HOPEA OY CAMEE KORU"}]},{"@type":"WebSite","@id":"https:\/\/goodwill.fi\/kauppa\/#website","url":"https:\/\/goodwill.fi\/kauppa\/","name":"Goodwill-verkkokauppa","description":"Kierr\u00e4tysmyym\u00e4l\u00e4 verkossa","publisher":{"@id":"https:\/\/goodwill.fi\/kauppa\/#organization"},"potentialAction":[{"@type":"SearchAction","target":{"@type":"EntryPoint","urlTemplate":"https:\/\/goodwill.fi\/kauppa\/?s={search_term_string}"},"query-input":{"@type":"PropertyValueSpecification","valueRequired":true,"valueName":"search_term_string"}}],"inLanguage":"fi"},{"@type":"Organization","@id":"https:\/\/goodwill.fi\/kauppa\/#organization","name":"Goodwill-verkkokauppa","url":"https:\/\/goodwill.fi\/kauppa\/","logo":{"@type":"ImageObject","inLanguage":"fi","@id":"https:\/\/goodwill.fi\/kauppa\/#\/schema\/logo\/image\/","url":"https:\/\/goodwill.fi\/kauppa\/wp-content\/uploads\/2021\/02\/cropped-logo_gw_store-723x211-1.png","contentUrl":"https:\/\/goodwill.fi\/kauppa\/wp-content\/uploads\/2021\/02\/cropped-logo_gw_store-723x211-1.png","width":723,"height":207,"caption":"Goodwill-verkkokauppa"},"image":{"@id":"https:\/\/goodwill.fi\/kauppa\/#\/schema\/logo\/image\/"}}]}},"_links":{"self":[{"href":"https:\/\/goodwill.fi\/kauppa\/wp-json\/wp\/v2\/product\/7800","targetHints":{"allow":["GET"]}}],"collection":[{"href":"https:\/\/goodwill.fi\/kauppa\/wp-json\/wp\/v2\/product"}],"about":[{"href":"https:\/\/goodwill.fi\/kauppa\/wp-json\/wp\/v2\/types\/product"}],"replies":[{"embeddable":true,"href":"https:\/\/goodwill.fi\/kauppa\/wp-json\/wp\/v2\/comments?post=7800"}],"wp:featuredmedia":[{"embeddable":true,"href":"https:\/\/goodwill.fi\/kauppa\/wp-json\/wp\/v2\/media\/7781"}],"wp:attachment":[{"href":"https:\/\/goodwill.fi\/kauppa\/wp-json\/wp\/v2\/media?parent=7800"}],"wp:term":[{"taxonomy":"product_brand","embeddable":true,"href":"https:\/\/goodwill.fi\/kauppa\/wp-json\/wp\/v2\/product_brand?post=7800"},{"taxonomy":"product_cat","embeddable":true,"href":"https:\/\/goodwill.fi\/kauppa\/wp-json\/wp\/v2\/product_cat?post=7800"},{"taxonomy":"product_tag","embeddable":true,"href":"https:\/\/goodwill.fi\/kauppa\/wp-json\/wp\/v2\/product_tag?post=7800"}],"curies":[{"name":"wp","href":"https:\/\/api.w.org\/{rel}","templated":true}]}}