{"id":7760,"date":"2022-11-04T11:34:12","date_gmt":"2022-11-04T09:34:12","guid":{"rendered":"https:\/\/goodwill.fi\/kauppa\/?post_type=product&#038;p=7760"},"modified":"2023-09-19T20:46:32","modified_gmt":"2023-09-19T17:46:32","slug":"makia-original-raglan-parka-takki-ruskea","status":"publish","type":"product","link":"https:\/\/goodwill.fi\/kauppa\/tuote\/makia-original-raglan-parka-takki-ruskea\/","title":{"rendered":"MAKIA ORIGINAL RAGLAN PARKA TAKKI"},"content":{"rendered":"<p>Makia Original Raglan Parka -talvitakki, vuorellinen, hupussa tekoturkisvuori, vetoketju- tai nappikiinnitys, vetoketjulliset sivutaskut, sis\u00e4puolella vetoketjullinen povitasku, vett\u00e4hylkiv\u00e4.<\/p>\n<p>Valmistaja: Makia<br \/>\nMitat: vaatekoko XL<br \/>\nV\u00e4ri: ruskea, harmaa<br \/>\nMateriaali: 100 % polyesteri<br \/>\nKunto: k\u00e4ytetty, hyv\u00e4kuntoinen<\/p>\n","protected":false},"excerpt":{"rendered":"<p>Makia Original Raglan Parka -talvitakki, vuorellinen, hupussa tekoturkisvuori, vetoketju- tai nappikiinnitys, vetoketjulliset sivutaskut, sis\u00e4puolella vetoketjullinen povitasku, vett\u00e4hylkiv\u00e4. Valmistaja: Makia Mitat: vaatekoko XL V\u00e4ri: ruskea, harmaa Materiaali: 100 % polyesteri Kunto: k\u00e4ytetty, hyv\u00e4kuntoinen<\/p>\n","protected":false},"featured_media":7747,"comment_status":"open","ping_status":"closed","template":"","meta":[],"product_brand":[],"product_cat":[159,176,6182],"product_tag":[4881,4883,4877,3806,4879,4878,359,4880,4882],"class_list":{"0":"post-7760","1":"product","2":"type-product","3":"status-publish","4":"has-post-thumbnail","6":"product_cat-kaikki","7":"product_cat-asusteet-2","8":"product_cat-takit","9":"product_tag-karvahuppu","10":"product_tag-kot01613","11":"product_tag-maki","12":"product_tag-original","13":"product_tag-parka","14":"product_tag-raglan","15":"product_tag-ruskea","16":"product_tag-takki","17":"product_tag-vuori","19":"first","20":"outofstock","21":"taxable","22":"shipping-taxable","23":"purchasable","24":"product-type-simple"},"yoast_head":"<!-- This site is optimized with the Yoast SEO plugin v27.1.1 - https:\/\/yoast.com\/product\/yoast-seo-wordpress\/ -->\n<title>MAKIA ORIGINAL RAGLAN PARKA TAKKI - Goodwill-verkkokauppa<\/title>\n<meta name=\"description\" content=\"Makia Original Raglan Parka -talvitakki, vuorellinen, hupussa tekoturkisvuori, vetoketju- tai nappikiinnitys, vetoketjulliset sivutaskut, sis\u00e4puolella vetoketjullinen povitasku, vett\u00e4hylkiv\u00e4 Valmistaja: Makia\" \/>\n<meta name=\"robots\" content=\"index, follow, max-snippet:-1, max-image-preview:large, max-video-preview:-1\" \/>\n<link rel=\"canonical\" href=\"https:\/\/goodwill.fi\/kauppa\/tuote\/makia-original-raglan-parka-takki-ruskea\/\" \/>\n<meta property=\"og:locale\" content=\"fi_FI\" \/>\n<meta property=\"og:type\" content=\"article\" \/>\n<meta property=\"og:title\" content=\"MAKIA ORIGINAL RAGLAN PARKA TAKKI - Goodwill-verkkokauppa\" \/>\n<meta property=\"og:description\" content=\"Makia Original Raglan Parka -talvitakki, vuorellinen, hupussa tekoturkisvuori, vetoketju- tai nappikiinnitys, vetoketjulliset sivutaskut, sis\u00e4puolella vetoketjullinen povitasku, vett\u00e4hylkiv\u00e4 Valmistaja: Makia\" \/>\n<meta property=\"og:url\" content=\"https:\/\/goodwill.fi\/kauppa\/tuote\/makia-original-raglan-parka-takki-ruskea\/\" \/>\n<meta property=\"og:site_name\" content=\"Goodwill-verkkokauppa\" \/>\n<meta property=\"article:modified_time\" content=\"2023-09-19T17:46:32+00:00\" \/>\n<meta property=\"og:image\" content=\"https:\/\/goodwill.fi\/kauppa\/wp-content\/uploads\/2022\/11\/IMG_2898-scaled.jpg\" \/>\n\t<meta property=\"og:image:width\" content=\"1707\" \/>\n\t<meta property=\"og:image:height\" content=\"2560\" \/>\n\t<meta property=\"og:image:type\" content=\"image\/jpeg\" \/>\n<meta name=\"twitter:card\" content=\"summary_large_image\" \/>\n<meta name=\"twitter:label1\" content=\"Arvioitu lukuaika\" \/>\n\t<meta name=\"twitter:data1\" content=\"1 minuutti\" \/>\n<script type=\"application\/ld+json\" class=\"yoast-schema-graph\">{\"@context\":\"https:\/\/schema.org\",\"@graph\":[{\"@type\":\"WebPage\",\"@id\":\"https:\/\/goodwill.fi\/kauppa\/tuote\/makia-original-raglan-parka-takki-ruskea\/\",\"url\":\"https:\/\/goodwill.fi\/kauppa\/tuote\/makia-original-raglan-parka-takki-ruskea\/\",\"name\":\"MAKIA ORIGINAL RAGLAN PARKA TAKKI - Goodwill-verkkokauppa\",\"isPartOf\":{\"@id\":\"https:\/\/goodwill.fi\/kauppa\/#website\"},\"primaryImageOfPage\":{\"@id\":\"https:\/\/goodwill.fi\/kauppa\/tuote\/makia-original-raglan-parka-takki-ruskea\/#primaryimage\"},\"image\":{\"@id\":\"https:\/\/goodwill.fi\/kauppa\/tuote\/makia-original-raglan-parka-takki-ruskea\/#primaryimage\"},\"thumbnailUrl\":\"https:\/\/goodwill.fi\/kauppa\/wp-content\/uploads\/2022\/11\/IMG_2898-scaled.jpg\",\"datePublished\":\"2022-11-04T09:34:12+00:00\",\"dateModified\":\"2023-09-19T17:46:32+00:00\",\"description\":\"Makia Original Raglan Parka -talvitakki, vuorellinen, hupussa tekoturkisvuori, vetoketju- tai nappikiinnitys, vetoketjulliset sivutaskut, sis\u00e4puolella vetoketjullinen povitasku, vett\u00e4hylkiv\u00e4 Valmistaja: Makia\",\"breadcrumb\":{\"@id\":\"https:\/\/goodwill.fi\/kauppa\/tuote\/makia-original-raglan-parka-takki-ruskea\/#breadcrumb\"},\"inLanguage\":\"fi\",\"potentialAction\":[{\"@type\":\"ReadAction\",\"target\":[\"https:\/\/goodwill.fi\/kauppa\/tuote\/makia-original-raglan-parka-takki-ruskea\/\"]}]},{\"@type\":\"ImageObject\",\"inLanguage\":\"fi\",\"@id\":\"https:\/\/goodwill.fi\/kauppa\/tuote\/makia-original-raglan-parka-takki-ruskea\/#primaryimage\",\"url\":\"https:\/\/goodwill.fi\/kauppa\/wp-content\/uploads\/2022\/11\/IMG_2898-scaled.jpg\",\"contentUrl\":\"https:\/\/goodwill.fi\/kauppa\/wp-content\/uploads\/2022\/11\/IMG_2898-scaled.jpg\",\"width\":1707,\"height\":2560},{\"@type\":\"BreadcrumbList\",\"@id\":\"https:\/\/goodwill.fi\/kauppa\/tuote\/makia-original-raglan-parka-takki-ruskea\/#breadcrumb\",\"itemListElement\":[{\"@type\":\"ListItem\",\"position\":1,\"name\":\"Home\",\"item\":\"https:\/\/goodwill.fi\/kauppa\/\"},{\"@type\":\"ListItem\",\"position\":2,\"name\":\"Shop\",\"item\":\"https:\/\/goodwill.fi\/kauppa\/shop\/\"},{\"@type\":\"ListItem\",\"position\":3,\"name\":\"MAKIA ORIGINAL RAGLAN PARKA TAKKI\"}]},{\"@type\":\"WebSite\",\"@id\":\"https:\/\/goodwill.fi\/kauppa\/#website\",\"url\":\"https:\/\/goodwill.fi\/kauppa\/\",\"name\":\"Goodwill-verkkokauppa\",\"description\":\"Kierr\u00e4tysmyym\u00e4l\u00e4 verkossa\",\"publisher\":{\"@id\":\"https:\/\/goodwill.fi\/kauppa\/#organization\"},\"potentialAction\":[{\"@type\":\"SearchAction\",\"target\":{\"@type\":\"EntryPoint\",\"urlTemplate\":\"https:\/\/goodwill.fi\/kauppa\/?s={search_term_string}\"},\"query-input\":{\"@type\":\"PropertyValueSpecification\",\"valueRequired\":true,\"valueName\":\"search_term_string\"}}],\"inLanguage\":\"fi\"},{\"@type\":\"Organization\",\"@id\":\"https:\/\/goodwill.fi\/kauppa\/#organization\",\"name\":\"Goodwill-verkkokauppa\",\"url\":\"https:\/\/goodwill.fi\/kauppa\/\",\"logo\":{\"@type\":\"ImageObject\",\"inLanguage\":\"fi\",\"@id\":\"https:\/\/goodwill.fi\/kauppa\/#\/schema\/logo\/image\/\",\"url\":\"https:\/\/goodwill.fi\/kauppa\/wp-content\/uploads\/2021\/02\/cropped-logo_gw_store-723x211-1.png\",\"contentUrl\":\"https:\/\/goodwill.fi\/kauppa\/wp-content\/uploads\/2021\/02\/cropped-logo_gw_store-723x211-1.png\",\"width\":723,\"height\":207,\"caption\":\"Goodwill-verkkokauppa\"},\"image\":{\"@id\":\"https:\/\/goodwill.fi\/kauppa\/#\/schema\/logo\/image\/\"}}]}<\/script>\n<!-- \/ Yoast SEO plugin. -->","yoast_head_json":{"title":"MAKIA ORIGINAL RAGLAN PARKA TAKKI - Goodwill-verkkokauppa","description":"Makia Original Raglan Parka -talvitakki, vuorellinen, hupussa tekoturkisvuori, vetoketju- tai nappikiinnitys, vetoketjulliset sivutaskut, sis\u00e4puolella vetoketjullinen povitasku, vett\u00e4hylkiv\u00e4 Valmistaja: Makia","robots":{"index":"index","follow":"follow","max-snippet":"max-snippet:-1","max-image-preview":"max-image-preview:large","max-video-preview":"max-video-preview:-1"},"canonical":"https:\/\/goodwill.fi\/kauppa\/tuote\/makia-original-raglan-parka-takki-ruskea\/","og_locale":"fi_FI","og_type":"article","og_title":"MAKIA ORIGINAL RAGLAN PARKA TAKKI - Goodwill-verkkokauppa","og_description":"Makia Original Raglan Parka -talvitakki, vuorellinen, hupussa tekoturkisvuori, vetoketju- tai nappikiinnitys, vetoketjulliset sivutaskut, sis\u00e4puolella vetoketjullinen povitasku, vett\u00e4hylkiv\u00e4 Valmistaja: Makia","og_url":"https:\/\/goodwill.fi\/kauppa\/tuote\/makia-original-raglan-parka-takki-ruskea\/","og_site_name":"Goodwill-verkkokauppa","article_modified_time":"2023-09-19T17:46:32+00:00","og_image":[{"width":1707,"height":2560,"url":"https:\/\/goodwill.fi\/kauppa\/wp-content\/uploads\/2022\/11\/IMG_2898-scaled.jpg","type":"image\/jpeg"}],"twitter_card":"summary_large_image","twitter_misc":{"Arvioitu lukuaika":"1 minuutti"},"schema":{"@context":"https:\/\/schema.org","@graph":[{"@type":"WebPage","@id":"https:\/\/goodwill.fi\/kauppa\/tuote\/makia-original-raglan-parka-takki-ruskea\/","url":"https:\/\/goodwill.fi\/kauppa\/tuote\/makia-original-raglan-parka-takki-ruskea\/","name":"MAKIA ORIGINAL RAGLAN PARKA TAKKI - Goodwill-verkkokauppa","isPartOf":{"@id":"https:\/\/goodwill.fi\/kauppa\/#website"},"primaryImageOfPage":{"@id":"https:\/\/goodwill.fi\/kauppa\/tuote\/makia-original-raglan-parka-takki-ruskea\/#primaryimage"},"image":{"@id":"https:\/\/goodwill.fi\/kauppa\/tuote\/makia-original-raglan-parka-takki-ruskea\/#primaryimage"},"thumbnailUrl":"https:\/\/goodwill.fi\/kauppa\/wp-content\/uploads\/2022\/11\/IMG_2898-scaled.jpg","datePublished":"2022-11-04T09:34:12+00:00","dateModified":"2023-09-19T17:46:32+00:00","description":"Makia Original Raglan Parka -talvitakki, vuorellinen, hupussa tekoturkisvuori, vetoketju- tai nappikiinnitys, vetoketjulliset sivutaskut, sis\u00e4puolella vetoketjullinen povitasku, vett\u00e4hylkiv\u00e4 Valmistaja: Makia","breadcrumb":{"@id":"https:\/\/goodwill.fi\/kauppa\/tuote\/makia-original-raglan-parka-takki-ruskea\/#breadcrumb"},"inLanguage":"fi","potentialAction":[{"@type":"ReadAction","target":["https:\/\/goodwill.fi\/kauppa\/tuote\/makia-original-raglan-parka-takki-ruskea\/"]}]},{"@type":"ImageObject","inLanguage":"fi","@id":"https:\/\/goodwill.fi\/kauppa\/tuote\/makia-original-raglan-parka-takki-ruskea\/#primaryimage","url":"https:\/\/goodwill.fi\/kauppa\/wp-content\/uploads\/2022\/11\/IMG_2898-scaled.jpg","contentUrl":"https:\/\/goodwill.fi\/kauppa\/wp-content\/uploads\/2022\/11\/IMG_2898-scaled.jpg","width":1707,"height":2560},{"@type":"BreadcrumbList","@id":"https:\/\/goodwill.fi\/kauppa\/tuote\/makia-original-raglan-parka-takki-ruskea\/#breadcrumb","itemListElement":[{"@type":"ListItem","position":1,"name":"Home","item":"https:\/\/goodwill.fi\/kauppa\/"},{"@type":"ListItem","position":2,"name":"Shop","item":"https:\/\/goodwill.fi\/kauppa\/shop\/"},{"@type":"ListItem","position":3,"name":"MAKIA ORIGINAL RAGLAN PARKA TAKKI"}]},{"@type":"WebSite","@id":"https:\/\/goodwill.fi\/kauppa\/#website","url":"https:\/\/goodwill.fi\/kauppa\/","name":"Goodwill-verkkokauppa","description":"Kierr\u00e4tysmyym\u00e4l\u00e4 verkossa","publisher":{"@id":"https:\/\/goodwill.fi\/kauppa\/#organization"},"potentialAction":[{"@type":"SearchAction","target":{"@type":"EntryPoint","urlTemplate":"https:\/\/goodwill.fi\/kauppa\/?s={search_term_string}"},"query-input":{"@type":"PropertyValueSpecification","valueRequired":true,"valueName":"search_term_string"}}],"inLanguage":"fi"},{"@type":"Organization","@id":"https:\/\/goodwill.fi\/kauppa\/#organization","name":"Goodwill-verkkokauppa","url":"https:\/\/goodwill.fi\/kauppa\/","logo":{"@type":"ImageObject","inLanguage":"fi","@id":"https:\/\/goodwill.fi\/kauppa\/#\/schema\/logo\/image\/","url":"https:\/\/goodwill.fi\/kauppa\/wp-content\/uploads\/2021\/02\/cropped-logo_gw_store-723x211-1.png","contentUrl":"https:\/\/goodwill.fi\/kauppa\/wp-content\/uploads\/2021\/02\/cropped-logo_gw_store-723x211-1.png","width":723,"height":207,"caption":"Goodwill-verkkokauppa"},"image":{"@id":"https:\/\/goodwill.fi\/kauppa\/#\/schema\/logo\/image\/"}}]}},"_links":{"self":[{"href":"https:\/\/goodwill.fi\/kauppa\/wp-json\/wp\/v2\/product\/7760","targetHints":{"allow":["GET"]}}],"collection":[{"href":"https:\/\/goodwill.fi\/kauppa\/wp-json\/wp\/v2\/product"}],"about":[{"href":"https:\/\/goodwill.fi\/kauppa\/wp-json\/wp\/v2\/types\/product"}],"replies":[{"embeddable":true,"href":"https:\/\/goodwill.fi\/kauppa\/wp-json\/wp\/v2\/comments?post=7760"}],"wp:featuredmedia":[{"embeddable":true,"href":"https:\/\/goodwill.fi\/kauppa\/wp-json\/wp\/v2\/media\/7747"}],"wp:attachment":[{"href":"https:\/\/goodwill.fi\/kauppa\/wp-json\/wp\/v2\/media?parent=7760"}],"wp:term":[{"taxonomy":"product_brand","embeddable":true,"href":"https:\/\/goodwill.fi\/kauppa\/wp-json\/wp\/v2\/product_brand?post=7760"},{"taxonomy":"product_cat","embeddable":true,"href":"https:\/\/goodwill.fi\/kauppa\/wp-json\/wp\/v2\/product_cat?post=7760"},{"taxonomy":"product_tag","embeddable":true,"href":"https:\/\/goodwill.fi\/kauppa\/wp-json\/wp\/v2\/product_tag?post=7760"}],"curies":[{"name":"wp","href":"https:\/\/api.w.org\/{rel}","templated":true}]}}