{"id":7658,"date":"2022-11-02T12:28:24","date_gmt":"2022-11-02T10:28:24","guid":{"rendered":"https:\/\/goodwill.fi\/kauppa\/?post_type=product&#038;p=7658"},"modified":"2023-01-20T14:01:11","modified_gmt":"2023-01-20T12:01:11","slug":"ampex-kelanauha-aanitetty","status":"publish","type":"product","link":"https:\/\/goodwill.fi\/kauppa\/tuote\/ampex-kelanauha-aanitetty\/","title":{"rendered":"AMPEX, KELANAUHA, \u00c4\u00c4NITETTY"},"content":{"rendered":"<p>Ampex Precision Magnetic Tape -kelanauha, johon \u00e4\u00e4nitetty musiikkia, tuotteen toimivuutta ei ole pystytty testaamaan<br \/>\nValmistaja: Ampex<br \/>\nValmistusvuosi: 1900-luvun puoliv\u00e4li\/loppupuoli<br \/>\nMitat laatikossa:\u00a0Korkeus 1,5 cm, pituus 18,5 cm, leveys 18,5 cm, paino 380 g<br \/>\nV\u00e4ri: moniv\u00e4rinen<br \/>\nMateriaali: muovi, pahvi, metalli<br \/>\nKunto: k\u00e4ytetty, k\u00e4yt\u00f6nj\u00e4lki\u00e4<br \/>\nHuom: tuotteet myyd\u00e4\u00e4n kappaleittain<\/p>\n","protected":false},"excerpt":{"rendered":"<p>Ampex Precision Magnetic Tape -kelanauha, johon \u00e4\u00e4nitetty musiikkia, tuotteen toimivuutta ei ole pystytty testaamaan Valmistaja: Ampex Valmistusvuosi: 1900-luvun puoliv\u00e4li\/loppupuoli Mitat laatikossa:\u00a0Korkeus 1,5 cm, pituus 18,5 cm, leveys 18,5 cm, paino 380 g V\u00e4ri: moniv\u00e4rinen Materiaali: muovi, pahvi, metalli Kunto: k\u00e4ytetty, k\u00e4yt\u00f6nj\u00e4lki\u00e4 Huom: tuotteet myyd\u00e4\u00e4n kappaleittain<\/p>\n","protected":false},"featured_media":7588,"comment_status":"open","ping_status":"closed","template":"","meta":[],"product_brand":[],"product_cat":[159,184,143,187],"product_tag":[4821,4816,4820,4822,4818,4817,4819],"class_list":{"0":"post-7658","1":"product","2":"type-product","3":"status-publish","4":"has-post-thumbnail","6":"product_cat-kaikki","7":"product_cat-muu-keraily-2","8":"product_cat-viihde-2","9":"product_cat-muu-viihde","10":"product_tag-aanitetty","11":"product_tag-ampex","12":"product_tag-kelanauha","13":"product_tag-kot01596","14":"product_tag-magnetic","15":"product_tag-precision","16":"product_tag-tape","18":"first","19":"outofstock","20":"taxable","21":"shipping-taxable","22":"purchasable","23":"product-type-simple"},"yoast_head":"<!-- This site is optimized with the Yoast SEO plugin v27.1.1 - https:\/\/yoast.com\/product\/yoast-seo-wordpress\/ -->\n<title>AMPEX, KELANAUHA, \u00c4\u00c4NITETTY - Goodwill-verkkokauppa<\/title>\n<meta name=\"description\" content=\"Ampex Precision Magnetic Tape -kelanauha, johon \u00e4\u00e4nitetty musiikkia, tuotteen toimivuutta ei ole pystytty testaamaan Valmistaja: Ampex Valmistusvuosi: 1900-luvun puoliv\u00e4li\/loppupuoli Mitat laatikossa:\u00a0Korkeus 1,5 cm, pituus 18,5 cm, leveys 18,5 cm, paino 380 g\" \/>\n<meta name=\"robots\" content=\"index, follow, max-snippet:-1, max-image-preview:large, max-video-preview:-1\" \/>\n<link rel=\"canonical\" href=\"https:\/\/goodwill.fi\/kauppa\/tuote\/ampex-kelanauha-aanitetty\/\" \/>\n<meta property=\"og:locale\" content=\"fi_FI\" \/>\n<meta property=\"og:type\" content=\"article\" \/>\n<meta property=\"og:title\" content=\"AMPEX, KELANAUHA, \u00c4\u00c4NITETTY - Goodwill-verkkokauppa\" \/>\n<meta property=\"og:description\" content=\"Ampex Precision Magnetic Tape -kelanauha, johon \u00e4\u00e4nitetty musiikkia, tuotteen toimivuutta ei ole pystytty testaamaan Valmistaja: Ampex Valmistusvuosi: 1900-luvun puoliv\u00e4li\/loppupuoli Mitat laatikossa:\u00a0Korkeus 1,5 cm, pituus 18,5 cm, leveys 18,5 cm, paino 380 g\" \/>\n<meta property=\"og:url\" content=\"https:\/\/goodwill.fi\/kauppa\/tuote\/ampex-kelanauha-aanitetty\/\" \/>\n<meta property=\"og:site_name\" content=\"Goodwill-verkkokauppa\" \/>\n<meta property=\"article:modified_time\" content=\"2023-01-20T12:01:11+00:00\" \/>\n<meta property=\"og:image\" content=\"https:\/\/goodwill.fi\/kauppa\/wp-content\/uploads\/2022\/11\/IMG_2667-scaled.jpg\" \/>\n\t<meta property=\"og:image:width\" content=\"2560\" \/>\n\t<meta property=\"og:image:height\" content=\"1707\" \/>\n\t<meta property=\"og:image:type\" content=\"image\/jpeg\" \/>\n<meta name=\"twitter:card\" content=\"summary_large_image\" \/>\n<meta name=\"twitter:label1\" content=\"Arvioitu lukuaika\" \/>\n\t<meta name=\"twitter:data1\" content=\"1 minuutti\" \/>\n<script type=\"application\/ld+json\" class=\"yoast-schema-graph\">{\"@context\":\"https:\/\/schema.org\",\"@graph\":[{\"@type\":\"WebPage\",\"@id\":\"https:\/\/goodwill.fi\/kauppa\/tuote\/ampex-kelanauha-aanitetty\/\",\"url\":\"https:\/\/goodwill.fi\/kauppa\/tuote\/ampex-kelanauha-aanitetty\/\",\"name\":\"AMPEX, KELANAUHA, \u00c4\u00c4NITETTY - Goodwill-verkkokauppa\",\"isPartOf\":{\"@id\":\"https:\/\/goodwill.fi\/kauppa\/#website\"},\"primaryImageOfPage\":{\"@id\":\"https:\/\/goodwill.fi\/kauppa\/tuote\/ampex-kelanauha-aanitetty\/#primaryimage\"},\"image\":{\"@id\":\"https:\/\/goodwill.fi\/kauppa\/tuote\/ampex-kelanauha-aanitetty\/#primaryimage\"},\"thumbnailUrl\":\"https:\/\/goodwill.fi\/kauppa\/wp-content\/uploads\/2022\/11\/IMG_2667-scaled.jpg\",\"datePublished\":\"2022-11-02T10:28:24+00:00\",\"dateModified\":\"2023-01-20T12:01:11+00:00\",\"description\":\"Ampex Precision Magnetic Tape -kelanauha, johon \u00e4\u00e4nitetty musiikkia, tuotteen toimivuutta ei ole pystytty testaamaan Valmistaja: Ampex Valmistusvuosi: 1900-luvun puoliv\u00e4li\/loppupuoli Mitat laatikossa:\u00a0Korkeus 1,5 cm, pituus 18,5 cm, leveys 18,5 cm, paino 380 g\",\"breadcrumb\":{\"@id\":\"https:\/\/goodwill.fi\/kauppa\/tuote\/ampex-kelanauha-aanitetty\/#breadcrumb\"},\"inLanguage\":\"fi\",\"potentialAction\":[{\"@type\":\"ReadAction\",\"target\":[\"https:\/\/goodwill.fi\/kauppa\/tuote\/ampex-kelanauha-aanitetty\/\"]}]},{\"@type\":\"ImageObject\",\"inLanguage\":\"fi\",\"@id\":\"https:\/\/goodwill.fi\/kauppa\/tuote\/ampex-kelanauha-aanitetty\/#primaryimage\",\"url\":\"https:\/\/goodwill.fi\/kauppa\/wp-content\/uploads\/2022\/11\/IMG_2667-scaled.jpg\",\"contentUrl\":\"https:\/\/goodwill.fi\/kauppa\/wp-content\/uploads\/2022\/11\/IMG_2667-scaled.jpg\",\"width\":2560,\"height\":1707},{\"@type\":\"BreadcrumbList\",\"@id\":\"https:\/\/goodwill.fi\/kauppa\/tuote\/ampex-kelanauha-aanitetty\/#breadcrumb\",\"itemListElement\":[{\"@type\":\"ListItem\",\"position\":1,\"name\":\"Home\",\"item\":\"https:\/\/goodwill.fi\/kauppa\/\"},{\"@type\":\"ListItem\",\"position\":2,\"name\":\"Shop\",\"item\":\"https:\/\/goodwill.fi\/kauppa\/shop\/\"},{\"@type\":\"ListItem\",\"position\":3,\"name\":\"AMPEX, KELANAUHA, \u00c4\u00c4NITETTY\"}]},{\"@type\":\"WebSite\",\"@id\":\"https:\/\/goodwill.fi\/kauppa\/#website\",\"url\":\"https:\/\/goodwill.fi\/kauppa\/\",\"name\":\"Goodwill-verkkokauppa\",\"description\":\"Kierr\u00e4tysmyym\u00e4l\u00e4 verkossa\",\"publisher\":{\"@id\":\"https:\/\/goodwill.fi\/kauppa\/#organization\"},\"potentialAction\":[{\"@type\":\"SearchAction\",\"target\":{\"@type\":\"EntryPoint\",\"urlTemplate\":\"https:\/\/goodwill.fi\/kauppa\/?s={search_term_string}\"},\"query-input\":{\"@type\":\"PropertyValueSpecification\",\"valueRequired\":true,\"valueName\":\"search_term_string\"}}],\"inLanguage\":\"fi\"},{\"@type\":\"Organization\",\"@id\":\"https:\/\/goodwill.fi\/kauppa\/#organization\",\"name\":\"Goodwill-verkkokauppa\",\"url\":\"https:\/\/goodwill.fi\/kauppa\/\",\"logo\":{\"@type\":\"ImageObject\",\"inLanguage\":\"fi\",\"@id\":\"https:\/\/goodwill.fi\/kauppa\/#\/schema\/logo\/image\/\",\"url\":\"https:\/\/goodwill.fi\/kauppa\/wp-content\/uploads\/2021\/02\/cropped-logo_gw_store-723x211-1.png\",\"contentUrl\":\"https:\/\/goodwill.fi\/kauppa\/wp-content\/uploads\/2021\/02\/cropped-logo_gw_store-723x211-1.png\",\"width\":723,\"height\":207,\"caption\":\"Goodwill-verkkokauppa\"},\"image\":{\"@id\":\"https:\/\/goodwill.fi\/kauppa\/#\/schema\/logo\/image\/\"}}]}<\/script>\n<!-- \/ Yoast SEO plugin. -->","yoast_head_json":{"title":"AMPEX, KELANAUHA, \u00c4\u00c4NITETTY - Goodwill-verkkokauppa","description":"Ampex Precision Magnetic Tape -kelanauha, johon \u00e4\u00e4nitetty musiikkia, tuotteen toimivuutta ei ole pystytty testaamaan Valmistaja: Ampex Valmistusvuosi: 1900-luvun puoliv\u00e4li\/loppupuoli Mitat laatikossa:\u00a0Korkeus 1,5 cm, pituus 18,5 cm, leveys 18,5 cm, paino 380 g","robots":{"index":"index","follow":"follow","max-snippet":"max-snippet:-1","max-image-preview":"max-image-preview:large","max-video-preview":"max-video-preview:-1"},"canonical":"https:\/\/goodwill.fi\/kauppa\/tuote\/ampex-kelanauha-aanitetty\/","og_locale":"fi_FI","og_type":"article","og_title":"AMPEX, KELANAUHA, \u00c4\u00c4NITETTY - Goodwill-verkkokauppa","og_description":"Ampex Precision Magnetic Tape -kelanauha, johon \u00e4\u00e4nitetty musiikkia, tuotteen toimivuutta ei ole pystytty testaamaan Valmistaja: Ampex Valmistusvuosi: 1900-luvun puoliv\u00e4li\/loppupuoli Mitat laatikossa:\u00a0Korkeus 1,5 cm, pituus 18,5 cm, leveys 18,5 cm, paino 380 g","og_url":"https:\/\/goodwill.fi\/kauppa\/tuote\/ampex-kelanauha-aanitetty\/","og_site_name":"Goodwill-verkkokauppa","article_modified_time":"2023-01-20T12:01:11+00:00","og_image":[{"width":2560,"height":1707,"url":"https:\/\/goodwill.fi\/kauppa\/wp-content\/uploads\/2022\/11\/IMG_2667-scaled.jpg","type":"image\/jpeg"}],"twitter_card":"summary_large_image","twitter_misc":{"Arvioitu lukuaika":"1 minuutti"},"schema":{"@context":"https:\/\/schema.org","@graph":[{"@type":"WebPage","@id":"https:\/\/goodwill.fi\/kauppa\/tuote\/ampex-kelanauha-aanitetty\/","url":"https:\/\/goodwill.fi\/kauppa\/tuote\/ampex-kelanauha-aanitetty\/","name":"AMPEX, KELANAUHA, \u00c4\u00c4NITETTY - Goodwill-verkkokauppa","isPartOf":{"@id":"https:\/\/goodwill.fi\/kauppa\/#website"},"primaryImageOfPage":{"@id":"https:\/\/goodwill.fi\/kauppa\/tuote\/ampex-kelanauha-aanitetty\/#primaryimage"},"image":{"@id":"https:\/\/goodwill.fi\/kauppa\/tuote\/ampex-kelanauha-aanitetty\/#primaryimage"},"thumbnailUrl":"https:\/\/goodwill.fi\/kauppa\/wp-content\/uploads\/2022\/11\/IMG_2667-scaled.jpg","datePublished":"2022-11-02T10:28:24+00:00","dateModified":"2023-01-20T12:01:11+00:00","description":"Ampex Precision Magnetic Tape -kelanauha, johon \u00e4\u00e4nitetty musiikkia, tuotteen toimivuutta ei ole pystytty testaamaan Valmistaja: Ampex Valmistusvuosi: 1900-luvun puoliv\u00e4li\/loppupuoli Mitat laatikossa:\u00a0Korkeus 1,5 cm, pituus 18,5 cm, leveys 18,5 cm, paino 380 g","breadcrumb":{"@id":"https:\/\/goodwill.fi\/kauppa\/tuote\/ampex-kelanauha-aanitetty\/#breadcrumb"},"inLanguage":"fi","potentialAction":[{"@type":"ReadAction","target":["https:\/\/goodwill.fi\/kauppa\/tuote\/ampex-kelanauha-aanitetty\/"]}]},{"@type":"ImageObject","inLanguage":"fi","@id":"https:\/\/goodwill.fi\/kauppa\/tuote\/ampex-kelanauha-aanitetty\/#primaryimage","url":"https:\/\/goodwill.fi\/kauppa\/wp-content\/uploads\/2022\/11\/IMG_2667-scaled.jpg","contentUrl":"https:\/\/goodwill.fi\/kauppa\/wp-content\/uploads\/2022\/11\/IMG_2667-scaled.jpg","width":2560,"height":1707},{"@type":"BreadcrumbList","@id":"https:\/\/goodwill.fi\/kauppa\/tuote\/ampex-kelanauha-aanitetty\/#breadcrumb","itemListElement":[{"@type":"ListItem","position":1,"name":"Home","item":"https:\/\/goodwill.fi\/kauppa\/"},{"@type":"ListItem","position":2,"name":"Shop","item":"https:\/\/goodwill.fi\/kauppa\/shop\/"},{"@type":"ListItem","position":3,"name":"AMPEX, KELANAUHA, \u00c4\u00c4NITETTY"}]},{"@type":"WebSite","@id":"https:\/\/goodwill.fi\/kauppa\/#website","url":"https:\/\/goodwill.fi\/kauppa\/","name":"Goodwill-verkkokauppa","description":"Kierr\u00e4tysmyym\u00e4l\u00e4 verkossa","publisher":{"@id":"https:\/\/goodwill.fi\/kauppa\/#organization"},"potentialAction":[{"@type":"SearchAction","target":{"@type":"EntryPoint","urlTemplate":"https:\/\/goodwill.fi\/kauppa\/?s={search_term_string}"},"query-input":{"@type":"PropertyValueSpecification","valueRequired":true,"valueName":"search_term_string"}}],"inLanguage":"fi"},{"@type":"Organization","@id":"https:\/\/goodwill.fi\/kauppa\/#organization","name":"Goodwill-verkkokauppa","url":"https:\/\/goodwill.fi\/kauppa\/","logo":{"@type":"ImageObject","inLanguage":"fi","@id":"https:\/\/goodwill.fi\/kauppa\/#\/schema\/logo\/image\/","url":"https:\/\/goodwill.fi\/kauppa\/wp-content\/uploads\/2021\/02\/cropped-logo_gw_store-723x211-1.png","contentUrl":"https:\/\/goodwill.fi\/kauppa\/wp-content\/uploads\/2021\/02\/cropped-logo_gw_store-723x211-1.png","width":723,"height":207,"caption":"Goodwill-verkkokauppa"},"image":{"@id":"https:\/\/goodwill.fi\/kauppa\/#\/schema\/logo\/image\/"}}]}},"_links":{"self":[{"href":"https:\/\/goodwill.fi\/kauppa\/wp-json\/wp\/v2\/product\/7658","targetHints":{"allow":["GET"]}}],"collection":[{"href":"https:\/\/goodwill.fi\/kauppa\/wp-json\/wp\/v2\/product"}],"about":[{"href":"https:\/\/goodwill.fi\/kauppa\/wp-json\/wp\/v2\/types\/product"}],"replies":[{"embeddable":true,"href":"https:\/\/goodwill.fi\/kauppa\/wp-json\/wp\/v2\/comments?post=7658"}],"wp:featuredmedia":[{"embeddable":true,"href":"https:\/\/goodwill.fi\/kauppa\/wp-json\/wp\/v2\/media\/7588"}],"wp:attachment":[{"href":"https:\/\/goodwill.fi\/kauppa\/wp-json\/wp\/v2\/media?parent=7658"}],"wp:term":[{"taxonomy":"product_brand","embeddable":true,"href":"https:\/\/goodwill.fi\/kauppa\/wp-json\/wp\/v2\/product_brand?post=7658"},{"taxonomy":"product_cat","embeddable":true,"href":"https:\/\/goodwill.fi\/kauppa\/wp-json\/wp\/v2\/product_cat?post=7658"},{"taxonomy":"product_tag","embeddable":true,"href":"https:\/\/goodwill.fi\/kauppa\/wp-json\/wp\/v2\/product_tag?post=7658"}],"curies":[{"name":"wp","href":"https:\/\/api.w.org\/{rel}","templated":true}]}}