{"id":73639,"date":"2026-05-05T11:01:13","date_gmt":"2026-05-05T08:01:13","guid":{"rendered":"https:\/\/goodwill.fi\/kauppa\/?post_type=product&#038;p=73639"},"modified":"2026-05-05T11:01:13","modified_gmt":"2026-05-05T08:01:13","slug":"star-wars-trilogy-vhs-kasetit","status":"publish","type":"product","link":"https:\/\/goodwill.fi\/kauppa\/tuote\/star-wars-trilogy-vhs-kasetit\/","title":{"rendered":"STAR WARS TRILOGY VHS-KASETIT"},"content":{"rendered":"<p>Star wars trilogian VHS-kasetti setti johon kuuluu elokuvat: T\u00e4htien sota, Imperiumin vastaisku ja Jedin paluu<\/p>\n<p>Valmistaja: Lucasfilm ldt.<br \/>\nMitat: paino 695 g<br \/>\nV\u00e4ri: musta, kullanv\u00e4rinen<br \/>\nKunto: ulkoisesti ehj\u00e4, pakkauksessa tarran aiheuttama repe\u00e4m\u00e4, kulumaa kulmissa, VHS-kasetit siistiss\u00e4 kunnossa, toimintaa ei ole voitu testata<\/p>\n","protected":false},"excerpt":{"rendered":"<p>Star wars trilogian VHS-kasetti setti johon kuuluu elokuvat: T\u00e4htien sota, Imperiumin vastaisku ja Jedin paluu Valmistaja: Lucasfilm ldt. Mitat: paino 695 g V\u00e4ri: musta, kullanv\u00e4rinen Kunto: ulkoisesti ehj\u00e4, pakkauksessa tarran aiheuttama repe\u00e4m\u00e4, kulumaa kulmissa, VHS-kasetit siistiss\u00e4 kunnossa, toimintaa ei ole voitu testata<\/p>\n","protected":false},"featured_media":73641,"comment_status":"open","ping_status":"closed","template":"","meta":[],"product_brand":[],"product_cat":[159,180,184,14880,143],"product_tag":[7833,7831,6628,7832,18618,18422],"class_list":{"0":"post-73639","1":"product","2":"type-product","3":"status-publish","4":"has-post-thumbnail","6":"product_cat-kaikki","7":"product_cat-keraily-2","8":"product_cat-muu-keraily-2","9":"product_cat-muu-viihde-viihde-2","10":"product_cat-viihde-2","11":"product_tag-imperiumin-vastaisku","12":"product_tag-jedin-paluu","13":"product_tag-star-wars","14":"product_tag-tahtien-sota","15":"product_tag-trilogy","16":"product_tag-vhs-kasetti","18":"first","19":"instock","20":"taxable","21":"shipping-taxable","22":"purchasable","23":"product-type-simple"},"yoast_head":"<!-- This site is optimized with the Yoast SEO plugin v27.4 - https:\/\/yoast.com\/product\/yoast-seo-wordpress\/ -->\n<title>STAR WARS TRILOGY VHS-KASETIT - Goodwill-verkkokauppa<\/title>\n<meta name=\"description\" content=\"Star wars trilogian VHS-kasetti setti johon kuuluu elokuvat: T\u00e4htien sota, Imperiumin vastaisku ja Jedin paluuValmistaja: Lucasfilm ldt.Mitat: paino 695 g\" \/>\n<meta name=\"robots\" content=\"index, follow, max-snippet:-1, max-image-preview:large, max-video-preview:-1\" \/>\n<link rel=\"canonical\" href=\"https:\/\/goodwill.fi\/kauppa\/tuote\/star-wars-trilogy-vhs-kasetit\/\" \/>\n<meta property=\"og:locale\" content=\"fi_FI\" \/>\n<meta property=\"og:type\" content=\"article\" \/>\n<meta property=\"og:title\" content=\"STAR WARS TRILOGY VHS-KASETIT - Goodwill-verkkokauppa\" \/>\n<meta property=\"og:description\" content=\"Star wars trilogian VHS-kasetti setti johon kuuluu elokuvat: T\u00e4htien sota, Imperiumin vastaisku ja Jedin paluuValmistaja: Lucasfilm ldt.Mitat: paino 695 g\" \/>\n<meta property=\"og:url\" content=\"https:\/\/goodwill.fi\/kauppa\/tuote\/star-wars-trilogy-vhs-kasetit\/\" \/>\n<meta property=\"og:site_name\" content=\"Goodwill-verkkokauppa\" \/>\n<meta property=\"og:image\" content=\"https:\/\/goodwill.fi\/kauppa\/wp-content\/uploads\/2026\/05\/IMG_0726-scaled-e1777967578165.jpg\" \/>\n\t<meta property=\"og:image:width\" content=\"1370\" \/>\n\t<meta property=\"og:image:height\" content=\"1454\" \/>\n\t<meta property=\"og:image:type\" content=\"image\/jpeg\" \/>\n<meta name=\"twitter:card\" content=\"summary_large_image\" \/>\n<meta name=\"twitter:label1\" content=\"Arvioitu lukuaika\" \/>\n\t<meta name=\"twitter:data1\" content=\"1 minuutti\" \/>\n<script type=\"application\/ld+json\" class=\"yoast-schema-graph\">{\"@context\":\"https:\\\/\\\/schema.org\",\"@graph\":[{\"@type\":\"WebPage\",\"@id\":\"https:\\\/\\\/goodwill.fi\\\/kauppa\\\/tuote\\\/star-wars-trilogy-vhs-kasetit\\\/\",\"url\":\"https:\\\/\\\/goodwill.fi\\\/kauppa\\\/tuote\\\/star-wars-trilogy-vhs-kasetit\\\/\",\"name\":\"STAR WARS TRILOGY VHS-KASETIT - Goodwill-verkkokauppa\",\"isPartOf\":{\"@id\":\"https:\\\/\\\/goodwill.fi\\\/kauppa\\\/#website\"},\"primaryImageOfPage\":{\"@id\":\"https:\\\/\\\/goodwill.fi\\\/kauppa\\\/tuote\\\/star-wars-trilogy-vhs-kasetit\\\/#primaryimage\"},\"image\":{\"@id\":\"https:\\\/\\\/goodwill.fi\\\/kauppa\\\/tuote\\\/star-wars-trilogy-vhs-kasetit\\\/#primaryimage\"},\"thumbnailUrl\":\"https:\\\/\\\/goodwill.fi\\\/kauppa\\\/wp-content\\\/uploads\\\/2026\\\/05\\\/IMG_0726-scaled-e1777967578165.jpg\",\"datePublished\":\"2026-05-05T08:01:13+00:00\",\"description\":\"Star wars trilogian VHS-kasetti setti johon kuuluu elokuvat: T\u00e4htien sota, Imperiumin vastaisku ja Jedin paluuValmistaja: Lucasfilm ldt.Mitat: paino 695 g\",\"breadcrumb\":{\"@id\":\"https:\\\/\\\/goodwill.fi\\\/kauppa\\\/tuote\\\/star-wars-trilogy-vhs-kasetit\\\/#breadcrumb\"},\"inLanguage\":\"fi\",\"potentialAction\":[{\"@type\":\"ReadAction\",\"target\":[\"https:\\\/\\\/goodwill.fi\\\/kauppa\\\/tuote\\\/star-wars-trilogy-vhs-kasetit\\\/\"]}]},{\"@type\":\"ImageObject\",\"inLanguage\":\"fi\",\"@id\":\"https:\\\/\\\/goodwill.fi\\\/kauppa\\\/tuote\\\/star-wars-trilogy-vhs-kasetit\\\/#primaryimage\",\"url\":\"https:\\\/\\\/goodwill.fi\\\/kauppa\\\/wp-content\\\/uploads\\\/2026\\\/05\\\/IMG_0726-scaled-e1777967578165.jpg\",\"contentUrl\":\"https:\\\/\\\/goodwill.fi\\\/kauppa\\\/wp-content\\\/uploads\\\/2026\\\/05\\\/IMG_0726-scaled-e1777967578165.jpg\",\"width\":1370,\"height\":1454},{\"@type\":\"BreadcrumbList\",\"@id\":\"https:\\\/\\\/goodwill.fi\\\/kauppa\\\/tuote\\\/star-wars-trilogy-vhs-kasetit\\\/#breadcrumb\",\"itemListElement\":[{\"@type\":\"ListItem\",\"position\":1,\"name\":\"Home\",\"item\":\"https:\\\/\\\/goodwill.fi\\\/kauppa\\\/\"},{\"@type\":\"ListItem\",\"position\":2,\"name\":\"Shop\",\"item\":\"https:\\\/\\\/goodwill.fi\\\/kauppa\\\/shop\\\/\"},{\"@type\":\"ListItem\",\"position\":3,\"name\":\"STAR WARS TRILOGY VHS-KASETIT\"}]},{\"@type\":\"WebSite\",\"@id\":\"https:\\\/\\\/goodwill.fi\\\/kauppa\\\/#website\",\"url\":\"https:\\\/\\\/goodwill.fi\\\/kauppa\\\/\",\"name\":\"Goodwill-verkkokauppa\",\"description\":\"Kierr\u00e4tysmyym\u00e4l\u00e4 verkossa\",\"publisher\":{\"@id\":\"https:\\\/\\\/goodwill.fi\\\/kauppa\\\/#organization\"},\"potentialAction\":[{\"@type\":\"SearchAction\",\"target\":{\"@type\":\"EntryPoint\",\"urlTemplate\":\"https:\\\/\\\/goodwill.fi\\\/kauppa\\\/?s={search_term_string}\"},\"query-input\":{\"@type\":\"PropertyValueSpecification\",\"valueRequired\":true,\"valueName\":\"search_term_string\"}}],\"inLanguage\":\"fi\"},{\"@type\":\"Organization\",\"@id\":\"https:\\\/\\\/goodwill.fi\\\/kauppa\\\/#organization\",\"name\":\"Goodwill-verkkokauppa\",\"url\":\"https:\\\/\\\/goodwill.fi\\\/kauppa\\\/\",\"logo\":{\"@type\":\"ImageObject\",\"inLanguage\":\"fi\",\"@id\":\"https:\\\/\\\/goodwill.fi\\\/kauppa\\\/#\\\/schema\\\/logo\\\/image\\\/\",\"url\":\"https:\\\/\\\/goodwill.fi\\\/kauppa\\\/wp-content\\\/uploads\\\/2021\\\/02\\\/cropped-logo_gw_store-723x211-1.png\",\"contentUrl\":\"https:\\\/\\\/goodwill.fi\\\/kauppa\\\/wp-content\\\/uploads\\\/2021\\\/02\\\/cropped-logo_gw_store-723x211-1.png\",\"width\":723,\"height\":207,\"caption\":\"Goodwill-verkkokauppa\"},\"image\":{\"@id\":\"https:\\\/\\\/goodwill.fi\\\/kauppa\\\/#\\\/schema\\\/logo\\\/image\\\/\"}}]}<\/script>\n<!-- \/ Yoast SEO plugin. -->","yoast_head_json":{"title":"STAR WARS TRILOGY VHS-KASETIT - Goodwill-verkkokauppa","description":"Star wars trilogian VHS-kasetti setti johon kuuluu elokuvat: T\u00e4htien sota, Imperiumin vastaisku ja Jedin paluuValmistaja: Lucasfilm ldt.Mitat: paino 695 g","robots":{"index":"index","follow":"follow","max-snippet":"max-snippet:-1","max-image-preview":"max-image-preview:large","max-video-preview":"max-video-preview:-1"},"canonical":"https:\/\/goodwill.fi\/kauppa\/tuote\/star-wars-trilogy-vhs-kasetit\/","og_locale":"fi_FI","og_type":"article","og_title":"STAR WARS TRILOGY VHS-KASETIT - Goodwill-verkkokauppa","og_description":"Star wars trilogian VHS-kasetti setti johon kuuluu elokuvat: T\u00e4htien sota, Imperiumin vastaisku ja Jedin paluuValmistaja: Lucasfilm ldt.Mitat: paino 695 g","og_url":"https:\/\/goodwill.fi\/kauppa\/tuote\/star-wars-trilogy-vhs-kasetit\/","og_site_name":"Goodwill-verkkokauppa","og_image":[{"width":1370,"height":1454,"url":"https:\/\/goodwill.fi\/kauppa\/wp-content\/uploads\/2026\/05\/IMG_0726-scaled-e1777967578165.jpg","type":"image\/jpeg"}],"twitter_card":"summary_large_image","twitter_misc":{"Arvioitu lukuaika":"1 minuutti"},"schema":{"@context":"https:\/\/schema.org","@graph":[{"@type":"WebPage","@id":"https:\/\/goodwill.fi\/kauppa\/tuote\/star-wars-trilogy-vhs-kasetit\/","url":"https:\/\/goodwill.fi\/kauppa\/tuote\/star-wars-trilogy-vhs-kasetit\/","name":"STAR WARS TRILOGY VHS-KASETIT - Goodwill-verkkokauppa","isPartOf":{"@id":"https:\/\/goodwill.fi\/kauppa\/#website"},"primaryImageOfPage":{"@id":"https:\/\/goodwill.fi\/kauppa\/tuote\/star-wars-trilogy-vhs-kasetit\/#primaryimage"},"image":{"@id":"https:\/\/goodwill.fi\/kauppa\/tuote\/star-wars-trilogy-vhs-kasetit\/#primaryimage"},"thumbnailUrl":"https:\/\/goodwill.fi\/kauppa\/wp-content\/uploads\/2026\/05\/IMG_0726-scaled-e1777967578165.jpg","datePublished":"2026-05-05T08:01:13+00:00","description":"Star wars trilogian VHS-kasetti setti johon kuuluu elokuvat: T\u00e4htien sota, Imperiumin vastaisku ja Jedin paluuValmistaja: Lucasfilm ldt.Mitat: paino 695 g","breadcrumb":{"@id":"https:\/\/goodwill.fi\/kauppa\/tuote\/star-wars-trilogy-vhs-kasetit\/#breadcrumb"},"inLanguage":"fi","potentialAction":[{"@type":"ReadAction","target":["https:\/\/goodwill.fi\/kauppa\/tuote\/star-wars-trilogy-vhs-kasetit\/"]}]},{"@type":"ImageObject","inLanguage":"fi","@id":"https:\/\/goodwill.fi\/kauppa\/tuote\/star-wars-trilogy-vhs-kasetit\/#primaryimage","url":"https:\/\/goodwill.fi\/kauppa\/wp-content\/uploads\/2026\/05\/IMG_0726-scaled-e1777967578165.jpg","contentUrl":"https:\/\/goodwill.fi\/kauppa\/wp-content\/uploads\/2026\/05\/IMG_0726-scaled-e1777967578165.jpg","width":1370,"height":1454},{"@type":"BreadcrumbList","@id":"https:\/\/goodwill.fi\/kauppa\/tuote\/star-wars-trilogy-vhs-kasetit\/#breadcrumb","itemListElement":[{"@type":"ListItem","position":1,"name":"Home","item":"https:\/\/goodwill.fi\/kauppa\/"},{"@type":"ListItem","position":2,"name":"Shop","item":"https:\/\/goodwill.fi\/kauppa\/shop\/"},{"@type":"ListItem","position":3,"name":"STAR WARS TRILOGY VHS-KASETIT"}]},{"@type":"WebSite","@id":"https:\/\/goodwill.fi\/kauppa\/#website","url":"https:\/\/goodwill.fi\/kauppa\/","name":"Goodwill-verkkokauppa","description":"Kierr\u00e4tysmyym\u00e4l\u00e4 verkossa","publisher":{"@id":"https:\/\/goodwill.fi\/kauppa\/#organization"},"potentialAction":[{"@type":"SearchAction","target":{"@type":"EntryPoint","urlTemplate":"https:\/\/goodwill.fi\/kauppa\/?s={search_term_string}"},"query-input":{"@type":"PropertyValueSpecification","valueRequired":true,"valueName":"search_term_string"}}],"inLanguage":"fi"},{"@type":"Organization","@id":"https:\/\/goodwill.fi\/kauppa\/#organization","name":"Goodwill-verkkokauppa","url":"https:\/\/goodwill.fi\/kauppa\/","logo":{"@type":"ImageObject","inLanguage":"fi","@id":"https:\/\/goodwill.fi\/kauppa\/#\/schema\/logo\/image\/","url":"https:\/\/goodwill.fi\/kauppa\/wp-content\/uploads\/2021\/02\/cropped-logo_gw_store-723x211-1.png","contentUrl":"https:\/\/goodwill.fi\/kauppa\/wp-content\/uploads\/2021\/02\/cropped-logo_gw_store-723x211-1.png","width":723,"height":207,"caption":"Goodwill-verkkokauppa"},"image":{"@id":"https:\/\/goodwill.fi\/kauppa\/#\/schema\/logo\/image\/"}}]}},"_links":{"self":[{"href":"https:\/\/goodwill.fi\/kauppa\/wp-json\/wp\/v2\/product\/73639","targetHints":{"allow":["GET"]}}],"collection":[{"href":"https:\/\/goodwill.fi\/kauppa\/wp-json\/wp\/v2\/product"}],"about":[{"href":"https:\/\/goodwill.fi\/kauppa\/wp-json\/wp\/v2\/types\/product"}],"replies":[{"embeddable":true,"href":"https:\/\/goodwill.fi\/kauppa\/wp-json\/wp\/v2\/comments?post=73639"}],"wp:featuredmedia":[{"embeddable":true,"href":"https:\/\/goodwill.fi\/kauppa\/wp-json\/wp\/v2\/media\/73641"}],"wp:attachment":[{"href":"https:\/\/goodwill.fi\/kauppa\/wp-json\/wp\/v2\/media?parent=73639"}],"wp:term":[{"taxonomy":"product_brand","embeddable":true,"href":"https:\/\/goodwill.fi\/kauppa\/wp-json\/wp\/v2\/product_brand?post=73639"},{"taxonomy":"product_cat","embeddable":true,"href":"https:\/\/goodwill.fi\/kauppa\/wp-json\/wp\/v2\/product_cat?post=73639"},{"taxonomy":"product_tag","embeddable":true,"href":"https:\/\/goodwill.fi\/kauppa\/wp-json\/wp\/v2\/product_tag?post=73639"}],"curies":[{"name":"wp","href":"https:\/\/api.w.org\/{rel}","templated":true}]}}