{"id":73545,"date":"2026-05-04T13:35:36","date_gmt":"2026-05-04T10:35:36","guid":{"rendered":"https:\/\/goodwill.fi\/kauppa\/?post_type=product&#038;p=73545"},"modified":"2026-05-04T13:35:36","modified_gmt":"2026-05-04T10:35:36","slug":"kansallispuku-tulitikkuaskit-13-kpl","status":"publish","type":"product","link":"https:\/\/goodwill.fi\/kauppa\/tuote\/kansallispuku-tulitikkuaskit-13-kpl\/","title":{"rendered":"KANSALLISPUKU TULITIKKUASKIT, 13 KPL"},"content":{"rendered":"<p>Tyhji\u00e4 tulitikkuaskeja joissa kuvituksena eri kansallispukuja<\/p>\n<p>Valmistaja: ei tiedossa<br \/>\nMitat: paino 42 g<br \/>\nV\u00e4ri: moniv\u00e4rinen<br \/>\nMateriaali: pahvi<br \/>\nKunto: ehj\u00e4t, k\u00e4yt\u00f6n j\u00e4lki\u00e4, kulumaa, kunto vaihtelee<\/p>\n","protected":false},"excerpt":{"rendered":"<p>Tyhji\u00e4 tulitikkuaskeja joissa kuvituksena eri kansallispukuja Valmistaja: ei tiedossa Mitat: paino 42 g V\u00e4ri: moniv\u00e4rinen Materiaali: pahvi Kunto: ehj\u00e4t, k\u00e4yt\u00f6n j\u00e4lki\u00e4, kulumaa, kunto vaihtelee<\/p>\n","protected":false},"featured_media":73546,"comment_status":"open","ping_status":"closed","template":"","meta":[],"product_brand":[],"product_cat":[159,180,184],"product_tag":[4192,18609],"class_list":{"0":"post-73545","1":"product","2":"type-product","3":"status-publish","4":"has-post-thumbnail","6":"product_cat-kaikki","7":"product_cat-keraily-2","8":"product_cat-muu-keraily-2","9":"product_tag-kansallispuku","10":"product_tag-tulitikkuaskit","12":"first","13":"instock","14":"taxable","15":"shipping-taxable","16":"purchasable","17":"product-type-simple"},"yoast_head":"<!-- This site is optimized with the Yoast SEO plugin v27.4 - https:\/\/yoast.com\/product\/yoast-seo-wordpress\/ -->\n<title>KANSALLISPUKU TULITIKKUASKIT, 13 KPL - Goodwill-verkkokauppa<\/title>\n<meta name=\"description\" content=\"Tyhji\u00e4 tulitikkuaskeja joissa kuvituksena eri kansallispukuja Valmistaja: ei tiedossa Mitat: paino 42 g V\u00e4ri: moniv\u00e4rinen Materiaali: pahvi\" \/>\n<meta name=\"robots\" content=\"index, follow, max-snippet:-1, max-image-preview:large, max-video-preview:-1\" \/>\n<link rel=\"canonical\" href=\"https:\/\/goodwill.fi\/kauppa\/tuote\/kansallispuku-tulitikkuaskit-13-kpl\/\" \/>\n<meta property=\"og:locale\" content=\"fi_FI\" \/>\n<meta property=\"og:type\" content=\"article\" \/>\n<meta property=\"og:title\" content=\"KANSALLISPUKU TULITIKKUASKIT, 13 KPL - Goodwill-verkkokauppa\" \/>\n<meta property=\"og:description\" content=\"Tyhji\u00e4 tulitikkuaskeja joissa kuvituksena eri kansallispukuja Valmistaja: ei tiedossa Mitat: paino 42 g V\u00e4ri: moniv\u00e4rinen Materiaali: pahvi\" \/>\n<meta property=\"og:url\" content=\"https:\/\/goodwill.fi\/kauppa\/tuote\/kansallispuku-tulitikkuaskit-13-kpl\/\" \/>\n<meta property=\"og:site_name\" content=\"Goodwill-verkkokauppa\" \/>\n<meta property=\"og:image\" content=\"https:\/\/goodwill.fi\/kauppa\/wp-content\/uploads\/2026\/05\/IMG_0719-scaled-e1777890746645.jpg\" \/>\n\t<meta property=\"og:image:width\" content=\"1813\" \/>\n\t<meta property=\"og:image:height\" content=\"1707\" \/>\n\t<meta property=\"og:image:type\" content=\"image\/jpeg\" \/>\n<meta name=\"twitter:card\" content=\"summary_large_image\" \/>\n<meta name=\"twitter:label1\" content=\"Arvioitu lukuaika\" \/>\n\t<meta name=\"twitter:data1\" content=\"1 minuutti\" \/>\n<script type=\"application\/ld+json\" class=\"yoast-schema-graph\">{\"@context\":\"https:\\\/\\\/schema.org\",\"@graph\":[{\"@type\":\"WebPage\",\"@id\":\"https:\\\/\\\/goodwill.fi\\\/kauppa\\\/tuote\\\/kansallispuku-tulitikkuaskit-13-kpl\\\/\",\"url\":\"https:\\\/\\\/goodwill.fi\\\/kauppa\\\/tuote\\\/kansallispuku-tulitikkuaskit-13-kpl\\\/\",\"name\":\"KANSALLISPUKU TULITIKKUASKIT, 13 KPL - Goodwill-verkkokauppa\",\"isPartOf\":{\"@id\":\"https:\\\/\\\/goodwill.fi\\\/kauppa\\\/#website\"},\"primaryImageOfPage\":{\"@id\":\"https:\\\/\\\/goodwill.fi\\\/kauppa\\\/tuote\\\/kansallispuku-tulitikkuaskit-13-kpl\\\/#primaryimage\"},\"image\":{\"@id\":\"https:\\\/\\\/goodwill.fi\\\/kauppa\\\/tuote\\\/kansallispuku-tulitikkuaskit-13-kpl\\\/#primaryimage\"},\"thumbnailUrl\":\"https:\\\/\\\/goodwill.fi\\\/kauppa\\\/wp-content\\\/uploads\\\/2026\\\/05\\\/IMG_0719-scaled-e1777890746645.jpg\",\"datePublished\":\"2026-05-04T10:35:36+00:00\",\"description\":\"Tyhji\u00e4 tulitikkuaskeja joissa kuvituksena eri kansallispukuja Valmistaja: ei tiedossa Mitat: paino 42 g V\u00e4ri: moniv\u00e4rinen Materiaali: pahvi\",\"breadcrumb\":{\"@id\":\"https:\\\/\\\/goodwill.fi\\\/kauppa\\\/tuote\\\/kansallispuku-tulitikkuaskit-13-kpl\\\/#breadcrumb\"},\"inLanguage\":\"fi\",\"potentialAction\":[{\"@type\":\"ReadAction\",\"target\":[\"https:\\\/\\\/goodwill.fi\\\/kauppa\\\/tuote\\\/kansallispuku-tulitikkuaskit-13-kpl\\\/\"]}]},{\"@type\":\"ImageObject\",\"inLanguage\":\"fi\",\"@id\":\"https:\\\/\\\/goodwill.fi\\\/kauppa\\\/tuote\\\/kansallispuku-tulitikkuaskit-13-kpl\\\/#primaryimage\",\"url\":\"https:\\\/\\\/goodwill.fi\\\/kauppa\\\/wp-content\\\/uploads\\\/2026\\\/05\\\/IMG_0719-scaled-e1777890746645.jpg\",\"contentUrl\":\"https:\\\/\\\/goodwill.fi\\\/kauppa\\\/wp-content\\\/uploads\\\/2026\\\/05\\\/IMG_0719-scaled-e1777890746645.jpg\",\"width\":1813,\"height\":1707},{\"@type\":\"BreadcrumbList\",\"@id\":\"https:\\\/\\\/goodwill.fi\\\/kauppa\\\/tuote\\\/kansallispuku-tulitikkuaskit-13-kpl\\\/#breadcrumb\",\"itemListElement\":[{\"@type\":\"ListItem\",\"position\":1,\"name\":\"Home\",\"item\":\"https:\\\/\\\/goodwill.fi\\\/kauppa\\\/\"},{\"@type\":\"ListItem\",\"position\":2,\"name\":\"Shop\",\"item\":\"https:\\\/\\\/goodwill.fi\\\/kauppa\\\/shop\\\/\"},{\"@type\":\"ListItem\",\"position\":3,\"name\":\"KANSALLISPUKU TULITIKKUASKIT, 13 KPL\"}]},{\"@type\":\"WebSite\",\"@id\":\"https:\\\/\\\/goodwill.fi\\\/kauppa\\\/#website\",\"url\":\"https:\\\/\\\/goodwill.fi\\\/kauppa\\\/\",\"name\":\"Goodwill-verkkokauppa\",\"description\":\"Kierr\u00e4tysmyym\u00e4l\u00e4 verkossa\",\"publisher\":{\"@id\":\"https:\\\/\\\/goodwill.fi\\\/kauppa\\\/#organization\"},\"potentialAction\":[{\"@type\":\"SearchAction\",\"target\":{\"@type\":\"EntryPoint\",\"urlTemplate\":\"https:\\\/\\\/goodwill.fi\\\/kauppa\\\/?s={search_term_string}\"},\"query-input\":{\"@type\":\"PropertyValueSpecification\",\"valueRequired\":true,\"valueName\":\"search_term_string\"}}],\"inLanguage\":\"fi\"},{\"@type\":\"Organization\",\"@id\":\"https:\\\/\\\/goodwill.fi\\\/kauppa\\\/#organization\",\"name\":\"Goodwill-verkkokauppa\",\"url\":\"https:\\\/\\\/goodwill.fi\\\/kauppa\\\/\",\"logo\":{\"@type\":\"ImageObject\",\"inLanguage\":\"fi\",\"@id\":\"https:\\\/\\\/goodwill.fi\\\/kauppa\\\/#\\\/schema\\\/logo\\\/image\\\/\",\"url\":\"https:\\\/\\\/goodwill.fi\\\/kauppa\\\/wp-content\\\/uploads\\\/2021\\\/02\\\/cropped-logo_gw_store-723x211-1.png\",\"contentUrl\":\"https:\\\/\\\/goodwill.fi\\\/kauppa\\\/wp-content\\\/uploads\\\/2021\\\/02\\\/cropped-logo_gw_store-723x211-1.png\",\"width\":723,\"height\":207,\"caption\":\"Goodwill-verkkokauppa\"},\"image\":{\"@id\":\"https:\\\/\\\/goodwill.fi\\\/kauppa\\\/#\\\/schema\\\/logo\\\/image\\\/\"}}]}<\/script>\n<!-- \/ Yoast SEO plugin. -->","yoast_head_json":{"title":"KANSALLISPUKU TULITIKKUASKIT, 13 KPL - Goodwill-verkkokauppa","description":"Tyhji\u00e4 tulitikkuaskeja joissa kuvituksena eri kansallispukuja Valmistaja: ei tiedossa Mitat: paino 42 g V\u00e4ri: moniv\u00e4rinen Materiaali: pahvi","robots":{"index":"index","follow":"follow","max-snippet":"max-snippet:-1","max-image-preview":"max-image-preview:large","max-video-preview":"max-video-preview:-1"},"canonical":"https:\/\/goodwill.fi\/kauppa\/tuote\/kansallispuku-tulitikkuaskit-13-kpl\/","og_locale":"fi_FI","og_type":"article","og_title":"KANSALLISPUKU TULITIKKUASKIT, 13 KPL - Goodwill-verkkokauppa","og_description":"Tyhji\u00e4 tulitikkuaskeja joissa kuvituksena eri kansallispukuja Valmistaja: ei tiedossa Mitat: paino 42 g V\u00e4ri: moniv\u00e4rinen Materiaali: pahvi","og_url":"https:\/\/goodwill.fi\/kauppa\/tuote\/kansallispuku-tulitikkuaskit-13-kpl\/","og_site_name":"Goodwill-verkkokauppa","og_image":[{"width":1813,"height":1707,"url":"https:\/\/goodwill.fi\/kauppa\/wp-content\/uploads\/2026\/05\/IMG_0719-scaled-e1777890746645.jpg","type":"image\/jpeg"}],"twitter_card":"summary_large_image","twitter_misc":{"Arvioitu lukuaika":"1 minuutti"},"schema":{"@context":"https:\/\/schema.org","@graph":[{"@type":"WebPage","@id":"https:\/\/goodwill.fi\/kauppa\/tuote\/kansallispuku-tulitikkuaskit-13-kpl\/","url":"https:\/\/goodwill.fi\/kauppa\/tuote\/kansallispuku-tulitikkuaskit-13-kpl\/","name":"KANSALLISPUKU TULITIKKUASKIT, 13 KPL - Goodwill-verkkokauppa","isPartOf":{"@id":"https:\/\/goodwill.fi\/kauppa\/#website"},"primaryImageOfPage":{"@id":"https:\/\/goodwill.fi\/kauppa\/tuote\/kansallispuku-tulitikkuaskit-13-kpl\/#primaryimage"},"image":{"@id":"https:\/\/goodwill.fi\/kauppa\/tuote\/kansallispuku-tulitikkuaskit-13-kpl\/#primaryimage"},"thumbnailUrl":"https:\/\/goodwill.fi\/kauppa\/wp-content\/uploads\/2026\/05\/IMG_0719-scaled-e1777890746645.jpg","datePublished":"2026-05-04T10:35:36+00:00","description":"Tyhji\u00e4 tulitikkuaskeja joissa kuvituksena eri kansallispukuja Valmistaja: ei tiedossa Mitat: paino 42 g V\u00e4ri: moniv\u00e4rinen Materiaali: pahvi","breadcrumb":{"@id":"https:\/\/goodwill.fi\/kauppa\/tuote\/kansallispuku-tulitikkuaskit-13-kpl\/#breadcrumb"},"inLanguage":"fi","potentialAction":[{"@type":"ReadAction","target":["https:\/\/goodwill.fi\/kauppa\/tuote\/kansallispuku-tulitikkuaskit-13-kpl\/"]}]},{"@type":"ImageObject","inLanguage":"fi","@id":"https:\/\/goodwill.fi\/kauppa\/tuote\/kansallispuku-tulitikkuaskit-13-kpl\/#primaryimage","url":"https:\/\/goodwill.fi\/kauppa\/wp-content\/uploads\/2026\/05\/IMG_0719-scaled-e1777890746645.jpg","contentUrl":"https:\/\/goodwill.fi\/kauppa\/wp-content\/uploads\/2026\/05\/IMG_0719-scaled-e1777890746645.jpg","width":1813,"height":1707},{"@type":"BreadcrumbList","@id":"https:\/\/goodwill.fi\/kauppa\/tuote\/kansallispuku-tulitikkuaskit-13-kpl\/#breadcrumb","itemListElement":[{"@type":"ListItem","position":1,"name":"Home","item":"https:\/\/goodwill.fi\/kauppa\/"},{"@type":"ListItem","position":2,"name":"Shop","item":"https:\/\/goodwill.fi\/kauppa\/shop\/"},{"@type":"ListItem","position":3,"name":"KANSALLISPUKU TULITIKKUASKIT, 13 KPL"}]},{"@type":"WebSite","@id":"https:\/\/goodwill.fi\/kauppa\/#website","url":"https:\/\/goodwill.fi\/kauppa\/","name":"Goodwill-verkkokauppa","description":"Kierr\u00e4tysmyym\u00e4l\u00e4 verkossa","publisher":{"@id":"https:\/\/goodwill.fi\/kauppa\/#organization"},"potentialAction":[{"@type":"SearchAction","target":{"@type":"EntryPoint","urlTemplate":"https:\/\/goodwill.fi\/kauppa\/?s={search_term_string}"},"query-input":{"@type":"PropertyValueSpecification","valueRequired":true,"valueName":"search_term_string"}}],"inLanguage":"fi"},{"@type":"Organization","@id":"https:\/\/goodwill.fi\/kauppa\/#organization","name":"Goodwill-verkkokauppa","url":"https:\/\/goodwill.fi\/kauppa\/","logo":{"@type":"ImageObject","inLanguage":"fi","@id":"https:\/\/goodwill.fi\/kauppa\/#\/schema\/logo\/image\/","url":"https:\/\/goodwill.fi\/kauppa\/wp-content\/uploads\/2021\/02\/cropped-logo_gw_store-723x211-1.png","contentUrl":"https:\/\/goodwill.fi\/kauppa\/wp-content\/uploads\/2021\/02\/cropped-logo_gw_store-723x211-1.png","width":723,"height":207,"caption":"Goodwill-verkkokauppa"},"image":{"@id":"https:\/\/goodwill.fi\/kauppa\/#\/schema\/logo\/image\/"}}]}},"_links":{"self":[{"href":"https:\/\/goodwill.fi\/kauppa\/wp-json\/wp\/v2\/product\/73545","targetHints":{"allow":["GET"]}}],"collection":[{"href":"https:\/\/goodwill.fi\/kauppa\/wp-json\/wp\/v2\/product"}],"about":[{"href":"https:\/\/goodwill.fi\/kauppa\/wp-json\/wp\/v2\/types\/product"}],"replies":[{"embeddable":true,"href":"https:\/\/goodwill.fi\/kauppa\/wp-json\/wp\/v2\/comments?post=73545"}],"wp:featuredmedia":[{"embeddable":true,"href":"https:\/\/goodwill.fi\/kauppa\/wp-json\/wp\/v2\/media\/73546"}],"wp:attachment":[{"href":"https:\/\/goodwill.fi\/kauppa\/wp-json\/wp\/v2\/media?parent=73545"}],"wp:term":[{"taxonomy":"product_brand","embeddable":true,"href":"https:\/\/goodwill.fi\/kauppa\/wp-json\/wp\/v2\/product_brand?post=73545"},{"taxonomy":"product_cat","embeddable":true,"href":"https:\/\/goodwill.fi\/kauppa\/wp-json\/wp\/v2\/product_cat?post=73545"},{"taxonomy":"product_tag","embeddable":true,"href":"https:\/\/goodwill.fi\/kauppa\/wp-json\/wp\/v2\/product_tag?post=73545"}],"curies":[{"name":"wp","href":"https:\/\/api.w.org\/{rel}","templated":true}]}}