{"id":73438,"date":"2026-04-30T12:45:49","date_gmt":"2026-04-30T09:45:49","guid":{"rendered":"https:\/\/goodwill.fi\/kauppa\/?post_type=product&#038;p=73438"},"modified":"2026-04-30T12:45:49","modified_gmt":"2026-04-30T09:45:49","slug":"hans-agne-jakobsson-kynttilanjalka","status":"publish","type":"product","link":"https:\/\/goodwill.fi\/kauppa\/tuote\/hans-agne-jakobsson-kynttilanjalka\/","title":{"rendered":"HANS-AGNE JAKOBSSON KYNTTIL\u00c4NJALKA"},"content":{"rendered":"<p>Suunnittelija: Hans-Agne Jakobsson<br \/>\nValmistaja: Hans-Agne Jakobsson AB<br \/>\nvalmistusmaa: Ruotsi, Markaryd<br \/>\nValmistusvuosi: 1960-1970 luku<br \/>\nMitat: korkeus 12 cm, leveys 13,3 cm, paino 648 g<br \/>\nV\u00e4ri: ruskea, messinginv\u00e4rinen<br \/>\nMateriaali: messinki, lasi<br \/>\nKunto: lasikuvun alareunassa s\u00e4r\u00f6j\u00e4, jalassa tummentumaa, steariinin j\u00e4\u00e4mi\u00e4, k\u00e4yt\u00f6n j\u00e4lki\u00e4, kulumaa pohjan tarrassa<\/p>\n","protected":false},"excerpt":{"rendered":"<p>Suunnittelija: Hans-Agne Jakobsson Valmistaja: Hans-Agne Jakobsson AB valmistusmaa: Ruotsi, Markaryd Valmistusvuosi: 1960-1970 luku Mitat: korkeus 12 cm, leveys 13,3 cm, paino 648 g V\u00e4ri: ruskea, messinginv\u00e4rinen Materiaali: messinki, lasi Kunto: lasikuvun alareunassa s\u00e4r\u00f6j\u00e4, jalassa tummentumaa, steariinin j\u00e4\u00e4mi\u00e4, k\u00e4yt\u00f6n j\u00e4lki\u00e4, kulumaa pohjan tarrassa<\/p>\n","protected":false},"featured_media":73439,"comment_status":"open","ping_status":"closed","template":"","meta":[],"product_brand":[],"product_cat":[14860,159,180,146,14873,154],"product_tag":[18559,43,352,4798,359,416],"class_list":{"0":"post-73438","1":"product","2":"type-product","3":"status-publish","4":"has-post-thumbnail","6":"product_cat-antiikki-vintage","7":"product_cat-kaikki","8":"product_cat-keraily-2","9":"product_cat-koti-2","10":"product_cat-kynttilanjalat","11":"product_cat-sisustus-2","12":"product_tag-hans-agne-jakobsson","13":"product_tag-kynttilanjalka","14":"product_tag-lasi","15":"product_tag-messinki","16":"product_tag-ruskea","17":"product_tag-vintage","19":"first","20":"instock","21":"taxable","22":"shipping-taxable","23":"purchasable","24":"product-type-simple"},"yoast_head":"<!-- This site is optimized with the Yoast SEO plugin v27.4 - https:\/\/yoast.com\/product\/yoast-seo-wordpress\/ -->\n<title>HANS-AGNE JAKOBSSON KYNTTIL\u00c4NJALKA - Goodwill-verkkokauppa<\/title>\n<meta name=\"description\" content=\"Suunnittelija: Hans-Agne Jakobsson Valmistaja: Hans-Agne Jakobsson AB valmistusmaa: Ruotsi, Markaryd Valmistusvuosi: 1960-1970 luku\" \/>\n<meta name=\"robots\" content=\"index, follow, max-snippet:-1, max-image-preview:large, max-video-preview:-1\" \/>\n<link rel=\"canonical\" href=\"https:\/\/goodwill.fi\/kauppa\/tuote\/hans-agne-jakobsson-kynttilanjalka\/\" \/>\n<meta property=\"og:locale\" content=\"fi_FI\" \/>\n<meta property=\"og:type\" content=\"article\" \/>\n<meta property=\"og:title\" content=\"HANS-AGNE JAKOBSSON KYNTTIL\u00c4NJALKA - Goodwill-verkkokauppa\" \/>\n<meta property=\"og:description\" content=\"Suunnittelija: Hans-Agne Jakobsson Valmistaja: Hans-Agne Jakobsson AB valmistusmaa: Ruotsi, Markaryd Valmistusvuosi: 1960-1970 luku\" \/>\n<meta property=\"og:url\" content=\"https:\/\/goodwill.fi\/kauppa\/tuote\/hans-agne-jakobsson-kynttilanjalka\/\" \/>\n<meta property=\"og:site_name\" content=\"Goodwill-verkkokauppa\" \/>\n<meta property=\"og:image\" content=\"https:\/\/goodwill.fi\/kauppa\/wp-content\/uploads\/2026\/04\/IMG_0858-scaled-e1777541660805.jpg\" \/>\n\t<meta property=\"og:image:width\" content=\"1353\" \/>\n\t<meta property=\"og:image:height\" content=\"1707\" \/>\n\t<meta property=\"og:image:type\" content=\"image\/jpeg\" \/>\n<meta name=\"twitter:card\" content=\"summary_large_image\" \/>\n<meta name=\"twitter:label1\" content=\"Arvioitu lukuaika\" \/>\n\t<meta name=\"twitter:data1\" content=\"1 minuutti\" \/>\n<script type=\"application\/ld+json\" class=\"yoast-schema-graph\">{\"@context\":\"https:\\\/\\\/schema.org\",\"@graph\":[{\"@type\":\"WebPage\",\"@id\":\"https:\\\/\\\/goodwill.fi\\\/kauppa\\\/tuote\\\/hans-agne-jakobsson-kynttilanjalka\\\/\",\"url\":\"https:\\\/\\\/goodwill.fi\\\/kauppa\\\/tuote\\\/hans-agne-jakobsson-kynttilanjalka\\\/\",\"name\":\"HANS-AGNE JAKOBSSON KYNTTIL\u00c4NJALKA - Goodwill-verkkokauppa\",\"isPartOf\":{\"@id\":\"https:\\\/\\\/goodwill.fi\\\/kauppa\\\/#website\"},\"primaryImageOfPage\":{\"@id\":\"https:\\\/\\\/goodwill.fi\\\/kauppa\\\/tuote\\\/hans-agne-jakobsson-kynttilanjalka\\\/#primaryimage\"},\"image\":{\"@id\":\"https:\\\/\\\/goodwill.fi\\\/kauppa\\\/tuote\\\/hans-agne-jakobsson-kynttilanjalka\\\/#primaryimage\"},\"thumbnailUrl\":\"https:\\\/\\\/goodwill.fi\\\/kauppa\\\/wp-content\\\/uploads\\\/2026\\\/04\\\/IMG_0858-scaled-e1777541660805.jpg\",\"datePublished\":\"2026-04-30T09:45:49+00:00\",\"description\":\"Suunnittelija: Hans-Agne Jakobsson Valmistaja: Hans-Agne Jakobsson AB valmistusmaa: Ruotsi, Markaryd Valmistusvuosi: 1960-1970 luku\",\"breadcrumb\":{\"@id\":\"https:\\\/\\\/goodwill.fi\\\/kauppa\\\/tuote\\\/hans-agne-jakobsson-kynttilanjalka\\\/#breadcrumb\"},\"inLanguage\":\"fi\",\"potentialAction\":[{\"@type\":\"ReadAction\",\"target\":[\"https:\\\/\\\/goodwill.fi\\\/kauppa\\\/tuote\\\/hans-agne-jakobsson-kynttilanjalka\\\/\"]}]},{\"@type\":\"ImageObject\",\"inLanguage\":\"fi\",\"@id\":\"https:\\\/\\\/goodwill.fi\\\/kauppa\\\/tuote\\\/hans-agne-jakobsson-kynttilanjalka\\\/#primaryimage\",\"url\":\"https:\\\/\\\/goodwill.fi\\\/kauppa\\\/wp-content\\\/uploads\\\/2026\\\/04\\\/IMG_0858-scaled-e1777541660805.jpg\",\"contentUrl\":\"https:\\\/\\\/goodwill.fi\\\/kauppa\\\/wp-content\\\/uploads\\\/2026\\\/04\\\/IMG_0858-scaled-e1777541660805.jpg\",\"width\":1353,\"height\":1707},{\"@type\":\"BreadcrumbList\",\"@id\":\"https:\\\/\\\/goodwill.fi\\\/kauppa\\\/tuote\\\/hans-agne-jakobsson-kynttilanjalka\\\/#breadcrumb\",\"itemListElement\":[{\"@type\":\"ListItem\",\"position\":1,\"name\":\"Home\",\"item\":\"https:\\\/\\\/goodwill.fi\\\/kauppa\\\/\"},{\"@type\":\"ListItem\",\"position\":2,\"name\":\"Shop\",\"item\":\"https:\\\/\\\/goodwill.fi\\\/kauppa\\\/shop\\\/\"},{\"@type\":\"ListItem\",\"position\":3,\"name\":\"HANS-AGNE JAKOBSSON KYNTTIL\u00c4NJALKA\"}]},{\"@type\":\"WebSite\",\"@id\":\"https:\\\/\\\/goodwill.fi\\\/kauppa\\\/#website\",\"url\":\"https:\\\/\\\/goodwill.fi\\\/kauppa\\\/\",\"name\":\"Goodwill-verkkokauppa\",\"description\":\"Kierr\u00e4tysmyym\u00e4l\u00e4 verkossa\",\"publisher\":{\"@id\":\"https:\\\/\\\/goodwill.fi\\\/kauppa\\\/#organization\"},\"potentialAction\":[{\"@type\":\"SearchAction\",\"target\":{\"@type\":\"EntryPoint\",\"urlTemplate\":\"https:\\\/\\\/goodwill.fi\\\/kauppa\\\/?s={search_term_string}\"},\"query-input\":{\"@type\":\"PropertyValueSpecification\",\"valueRequired\":true,\"valueName\":\"search_term_string\"}}],\"inLanguage\":\"fi\"},{\"@type\":\"Organization\",\"@id\":\"https:\\\/\\\/goodwill.fi\\\/kauppa\\\/#organization\",\"name\":\"Goodwill-verkkokauppa\",\"url\":\"https:\\\/\\\/goodwill.fi\\\/kauppa\\\/\",\"logo\":{\"@type\":\"ImageObject\",\"inLanguage\":\"fi\",\"@id\":\"https:\\\/\\\/goodwill.fi\\\/kauppa\\\/#\\\/schema\\\/logo\\\/image\\\/\",\"url\":\"https:\\\/\\\/goodwill.fi\\\/kauppa\\\/wp-content\\\/uploads\\\/2021\\\/02\\\/cropped-logo_gw_store-723x211-1.png\",\"contentUrl\":\"https:\\\/\\\/goodwill.fi\\\/kauppa\\\/wp-content\\\/uploads\\\/2021\\\/02\\\/cropped-logo_gw_store-723x211-1.png\",\"width\":723,\"height\":207,\"caption\":\"Goodwill-verkkokauppa\"},\"image\":{\"@id\":\"https:\\\/\\\/goodwill.fi\\\/kauppa\\\/#\\\/schema\\\/logo\\\/image\\\/\"}}]}<\/script>\n<!-- \/ Yoast SEO plugin. -->","yoast_head_json":{"title":"HANS-AGNE JAKOBSSON KYNTTIL\u00c4NJALKA - Goodwill-verkkokauppa","description":"Suunnittelija: Hans-Agne Jakobsson Valmistaja: Hans-Agne Jakobsson AB valmistusmaa: Ruotsi, Markaryd Valmistusvuosi: 1960-1970 luku","robots":{"index":"index","follow":"follow","max-snippet":"max-snippet:-1","max-image-preview":"max-image-preview:large","max-video-preview":"max-video-preview:-1"},"canonical":"https:\/\/goodwill.fi\/kauppa\/tuote\/hans-agne-jakobsson-kynttilanjalka\/","og_locale":"fi_FI","og_type":"article","og_title":"HANS-AGNE JAKOBSSON KYNTTIL\u00c4NJALKA - Goodwill-verkkokauppa","og_description":"Suunnittelija: Hans-Agne Jakobsson Valmistaja: Hans-Agne Jakobsson AB valmistusmaa: Ruotsi, Markaryd Valmistusvuosi: 1960-1970 luku","og_url":"https:\/\/goodwill.fi\/kauppa\/tuote\/hans-agne-jakobsson-kynttilanjalka\/","og_site_name":"Goodwill-verkkokauppa","og_image":[{"width":1353,"height":1707,"url":"https:\/\/goodwill.fi\/kauppa\/wp-content\/uploads\/2026\/04\/IMG_0858-scaled-e1777541660805.jpg","type":"image\/jpeg"}],"twitter_card":"summary_large_image","twitter_misc":{"Arvioitu lukuaika":"1 minuutti"},"schema":{"@context":"https:\/\/schema.org","@graph":[{"@type":"WebPage","@id":"https:\/\/goodwill.fi\/kauppa\/tuote\/hans-agne-jakobsson-kynttilanjalka\/","url":"https:\/\/goodwill.fi\/kauppa\/tuote\/hans-agne-jakobsson-kynttilanjalka\/","name":"HANS-AGNE JAKOBSSON KYNTTIL\u00c4NJALKA - Goodwill-verkkokauppa","isPartOf":{"@id":"https:\/\/goodwill.fi\/kauppa\/#website"},"primaryImageOfPage":{"@id":"https:\/\/goodwill.fi\/kauppa\/tuote\/hans-agne-jakobsson-kynttilanjalka\/#primaryimage"},"image":{"@id":"https:\/\/goodwill.fi\/kauppa\/tuote\/hans-agne-jakobsson-kynttilanjalka\/#primaryimage"},"thumbnailUrl":"https:\/\/goodwill.fi\/kauppa\/wp-content\/uploads\/2026\/04\/IMG_0858-scaled-e1777541660805.jpg","datePublished":"2026-04-30T09:45:49+00:00","description":"Suunnittelija: Hans-Agne Jakobsson Valmistaja: Hans-Agne Jakobsson AB valmistusmaa: Ruotsi, Markaryd Valmistusvuosi: 1960-1970 luku","breadcrumb":{"@id":"https:\/\/goodwill.fi\/kauppa\/tuote\/hans-agne-jakobsson-kynttilanjalka\/#breadcrumb"},"inLanguage":"fi","potentialAction":[{"@type":"ReadAction","target":["https:\/\/goodwill.fi\/kauppa\/tuote\/hans-agne-jakobsson-kynttilanjalka\/"]}]},{"@type":"ImageObject","inLanguage":"fi","@id":"https:\/\/goodwill.fi\/kauppa\/tuote\/hans-agne-jakobsson-kynttilanjalka\/#primaryimage","url":"https:\/\/goodwill.fi\/kauppa\/wp-content\/uploads\/2026\/04\/IMG_0858-scaled-e1777541660805.jpg","contentUrl":"https:\/\/goodwill.fi\/kauppa\/wp-content\/uploads\/2026\/04\/IMG_0858-scaled-e1777541660805.jpg","width":1353,"height":1707},{"@type":"BreadcrumbList","@id":"https:\/\/goodwill.fi\/kauppa\/tuote\/hans-agne-jakobsson-kynttilanjalka\/#breadcrumb","itemListElement":[{"@type":"ListItem","position":1,"name":"Home","item":"https:\/\/goodwill.fi\/kauppa\/"},{"@type":"ListItem","position":2,"name":"Shop","item":"https:\/\/goodwill.fi\/kauppa\/shop\/"},{"@type":"ListItem","position":3,"name":"HANS-AGNE JAKOBSSON KYNTTIL\u00c4NJALKA"}]},{"@type":"WebSite","@id":"https:\/\/goodwill.fi\/kauppa\/#website","url":"https:\/\/goodwill.fi\/kauppa\/","name":"Goodwill-verkkokauppa","description":"Kierr\u00e4tysmyym\u00e4l\u00e4 verkossa","publisher":{"@id":"https:\/\/goodwill.fi\/kauppa\/#organization"},"potentialAction":[{"@type":"SearchAction","target":{"@type":"EntryPoint","urlTemplate":"https:\/\/goodwill.fi\/kauppa\/?s={search_term_string}"},"query-input":{"@type":"PropertyValueSpecification","valueRequired":true,"valueName":"search_term_string"}}],"inLanguage":"fi"},{"@type":"Organization","@id":"https:\/\/goodwill.fi\/kauppa\/#organization","name":"Goodwill-verkkokauppa","url":"https:\/\/goodwill.fi\/kauppa\/","logo":{"@type":"ImageObject","inLanguage":"fi","@id":"https:\/\/goodwill.fi\/kauppa\/#\/schema\/logo\/image\/","url":"https:\/\/goodwill.fi\/kauppa\/wp-content\/uploads\/2021\/02\/cropped-logo_gw_store-723x211-1.png","contentUrl":"https:\/\/goodwill.fi\/kauppa\/wp-content\/uploads\/2021\/02\/cropped-logo_gw_store-723x211-1.png","width":723,"height":207,"caption":"Goodwill-verkkokauppa"},"image":{"@id":"https:\/\/goodwill.fi\/kauppa\/#\/schema\/logo\/image\/"}}]}},"_links":{"self":[{"href":"https:\/\/goodwill.fi\/kauppa\/wp-json\/wp\/v2\/product\/73438","targetHints":{"allow":["GET"]}}],"collection":[{"href":"https:\/\/goodwill.fi\/kauppa\/wp-json\/wp\/v2\/product"}],"about":[{"href":"https:\/\/goodwill.fi\/kauppa\/wp-json\/wp\/v2\/types\/product"}],"replies":[{"embeddable":true,"href":"https:\/\/goodwill.fi\/kauppa\/wp-json\/wp\/v2\/comments?post=73438"}],"wp:featuredmedia":[{"embeddable":true,"href":"https:\/\/goodwill.fi\/kauppa\/wp-json\/wp\/v2\/media\/73439"}],"wp:attachment":[{"href":"https:\/\/goodwill.fi\/kauppa\/wp-json\/wp\/v2\/media?parent=73438"}],"wp:term":[{"taxonomy":"product_brand","embeddable":true,"href":"https:\/\/goodwill.fi\/kauppa\/wp-json\/wp\/v2\/product_brand?post=73438"},{"taxonomy":"product_cat","embeddable":true,"href":"https:\/\/goodwill.fi\/kauppa\/wp-json\/wp\/v2\/product_cat?post=73438"},{"taxonomy":"product_tag","embeddable":true,"href":"https:\/\/goodwill.fi\/kauppa\/wp-json\/wp\/v2\/product_tag?post=73438"}],"curies":[{"name":"wp","href":"https:\/\/api.w.org\/{rel}","templated":true}]}}