{"id":73007,"date":"2026-04-29T10:58:47","date_gmt":"2026-04-29T07:58:47","guid":{"rendered":"https:\/\/goodwill.fi\/kauppa\/?post_type=product&#038;p=73007"},"modified":"2026-04-29T10:58:48","modified_gmt":"2026-04-29T07:58:48","slug":"nordic-light-kynttilanjalka","status":"publish","type":"product","link":"https:\/\/goodwill.fi\/kauppa\/tuote\/nordic-light-kynttilanjalka\/","title":{"rendered":"NORDIC LIGHT KYNTTIL\u00c4NJALKA"},"content":{"rendered":"<p>Design House Stockholmin valmistama kynttil\u00e4njalka<\/p>\n<p><span style=\"color: #333745\"><span style=\"font-family: Roboto, sans-serif\"><span style=\"font-size: medium\">Suunnittelija: <\/span><\/span><\/span><span style=\"color: #333745\"><span style=\"font-family: Roboto, sans-serif\"><span style=\"font-size: medium\">Jonas Grundell<\/span><\/span><\/span><span style=\"color: #333745\"><span style=\"font-family: Roboto, sans-serif\"><br \/>\n<\/span><\/span><span style=\"color: #333745\"><span style=\"font-family: Roboto, sans-serif\"><span style=\"font-size: medium\">Valmistaja: <\/span><\/span><\/span><span style=\"color: #333745\"><span style=\"font-family: Roboto, sans-serif\"><span style=\"font-size: medium\">Design House Stockholm<\/span><\/span><\/span><span style=\"color: #333745\"><span style=\"font-family: Roboto, sans-serif\"><br \/>\n<\/span><\/span><span style=\"color: #333745\"><span style=\"font-family: Roboto, sans-serif\"><span style=\"font-size: medium\">Mitat: <\/span><\/span><\/span><span style=\"color: #333745\"><span style=\"font-family: Roboto, sans-serif\"><span style=\"font-size: medium\">p<\/span><\/span><\/span><span style=\"color: #333745\"><span style=\"font-family: Roboto, sans-serif\"><span style=\"font-size: medium\">ituus n 19,5 cm kasaan taitettuna, n 32,5 cm auki taitettuna, korkeus n 13 cm <\/span><\/span><\/span><span style=\"color: #333745\"><span style=\"font-family: Roboto, sans-serif\"><span style=\"font-size: medium\">p<\/span><\/span><\/span><span style=\"color: #333745\"><span style=\"font-family: Roboto, sans-serif\"><span style=\"font-size: medium\">aino: 519<\/span><\/span><\/span><span style=\"color: #333745\"><span style=\"font-family: Roboto, sans-serif\"><span style=\"font-size: medium\"> g<\/span><\/span><\/span><span style=\"color: #333745\"><span style=\"font-family: Roboto, sans-serif\"><br \/>\n<\/span><\/span><span style=\"color: #333745\"><span style=\"font-family: Roboto, sans-serif\"><span style=\"font-size: medium\">V\u00e4ri: <\/span><\/span><\/span><span style=\"color: #333745\"><span style=\"font-family: Roboto, sans-serif\"><span style=\"font-size: medium\">Musta lakattu puu<\/span><\/span><\/span><span style=\"color: #333745\"><span style=\"font-family: Roboto, sans-serif\"><br \/>\n<\/span><\/span><span style=\"color: #333745\"><span style=\"font-family: Roboto, sans-serif\"><span style=\"font-size: medium\">Materiaali: <\/span><\/span><\/span><span style=\"color: #333745\"><span style=\"font-family: Roboto, sans-serif\"><span style=\"font-size: medium\">Puuta<\/span><\/span><\/span><span style=\"color: #333745\"><span style=\"font-family: Roboto, sans-serif\"><br \/>\n<\/span><\/span><span style=\"color: #333745\"><span style=\"font-family: Roboto, sans-serif\"><span style=\"font-size: medium\">Kunto: H<\/span><\/span><\/span><span style=\"color: #333745\"><span style=\"font-family: Roboto, sans-serif\"><span style=\"font-size: medium\">yv\u00e4, v\u00e4h\u00e4n k\u00e4yt\u00f6n j\u00e4lki\u00e4, kynttil\u00e4npidikkeiss\u00e4 v\u00e4h\u00e4n steariinin j\u00e4lki\u00e4<\/span><\/span><\/span><span style=\"color: #333745\"><span style=\"font-family: Roboto, sans-serif\"><br \/>\n<\/span><\/span><span style=\"color: #333745\"><span style=\"font-family: Roboto, sans-serif\"><span style=\"font-size: medium\">Huom: <\/span><\/span><\/span><span style=\"color: #333745\"><span style=\"font-family: Roboto, sans-serif\"><span style=\"font-size: medium\">Kynttil\u00e4njalan yksi kulma osunut johonkin, pieni, millin j\u00e4lki kulmassa<\/span><\/span><\/span><\/p>\n","protected":false},"excerpt":{"rendered":"<p>Design House Stockholmin valmistama kynttil\u00e4njalka Suunnittelija: Jonas Grundell Valmistaja: Design House Stockholm Mitat: pituus n 19,5 cm kasaan taitettuna, n 32,5 cm auki taitettuna, korkeus n 13 cm paino: 519 g V\u00e4ri: Musta lakattu puu Materiaali: Puuta Kunto: Hyv\u00e4, v\u00e4h\u00e4n k\u00e4yt\u00f6n j\u00e4lki\u00e4, kynttil\u00e4npidikkeiss\u00e4 v\u00e4h\u00e4n steariinin j\u00e4lki\u00e4 Huom: Kynttil\u00e4njalan yksi kulma osunut johonkin, pieni, millin j\u00e4lki [&hellip;]<\/p>\n","protected":false},"featured_media":73008,"comment_status":"open","ping_status":"closed","template":"","meta":[],"product_brand":[],"product_cat":[159,180,146,14873,154,15],"product_tag":[18535,18534,43,18536,3171,18533],"class_list":{"0":"post-73007","1":"product","2":"type-product","3":"status-publish","4":"has-post-thumbnail","6":"product_cat-kaikki","7":"product_cat-keraily-2","8":"product_cat-koti-2","9":"product_cat-kynttilanjalat","10":"product_cat-sisustus-2","11":"product_cat-uncategorized","12":"product_tag-design-house-stockholm","13":"product_tag-jonas-grundell","14":"product_tag-kynttilanjalka","15":"product_tag-nordic-light","16":"product_tag-puu","17":"product_tag-tor00019","19":"first","20":"instock","21":"taxable","22":"shipping-taxable","23":"purchasable","24":"product-type-simple"},"yoast_head":"<!-- This site is optimized with the Yoast SEO plugin v27.4 - https:\/\/yoast.com\/product\/yoast-seo-wordpress\/ -->\n<title>NORDIC LIGHT KYNTTIL\u00c4NJALKA - Goodwill-verkkokauppa<\/title>\n<meta name=\"description\" content=\"Design House Stockholmin valmistama kynttil\u00e4njalkaSuunnittelija: Jonas GrundellValmistaja: Design House StockholmMitat: pituus n 19,5 cm kasaan taitettuna, n 32,5 cm auki taitettuna, korkeus n 13 cm paino: 519 gV\u00e4ri: Musta lakattu puuMateriaali: Puuta\" \/>\n<meta name=\"robots\" content=\"index, follow, max-snippet:-1, max-image-preview:large, max-video-preview:-1\" \/>\n<link rel=\"canonical\" href=\"https:\/\/goodwill.fi\/kauppa\/tuote\/nordic-light-kynttilanjalka\/\" \/>\n<meta property=\"og:locale\" content=\"fi_FI\" \/>\n<meta property=\"og:type\" content=\"article\" \/>\n<meta property=\"og:title\" content=\"NORDIC LIGHT KYNTTIL\u00c4NJALKA - Goodwill-verkkokauppa\" \/>\n<meta property=\"og:description\" content=\"Design House Stockholmin valmistama kynttil\u00e4njalkaSuunnittelija: Jonas GrundellValmistaja: Design House StockholmMitat: pituus n 19,5 cm kasaan taitettuna, n 32,5 cm auki taitettuna, korkeus n 13 cm paino: 519 gV\u00e4ri: Musta lakattu puuMateriaali: Puuta\" \/>\n<meta property=\"og:url\" content=\"https:\/\/goodwill.fi\/kauppa\/tuote\/nordic-light-kynttilanjalka\/\" \/>\n<meta property=\"og:site_name\" content=\"Goodwill-verkkokauppa\" \/>\n<meta property=\"article:modified_time\" content=\"2026-04-29T07:58:48+00:00\" \/>\n<meta property=\"og:image\" content=\"https:\/\/goodwill.fi\/kauppa\/wp-content\/uploads\/2026\/04\/IMG_0508-1-scaled.jpg\" \/>\n\t<meta property=\"og:image:width\" content=\"2505\" \/>\n\t<meta property=\"og:image:height\" content=\"2560\" \/>\n\t<meta property=\"og:image:type\" content=\"image\/jpeg\" \/>\n<meta name=\"twitter:card\" content=\"summary_large_image\" \/>\n<meta name=\"twitter:label1\" content=\"Arvioitu lukuaika\" \/>\n\t<meta name=\"twitter:data1\" content=\"1 minuutti\" \/>\n<script type=\"application\/ld+json\" class=\"yoast-schema-graph\">{\"@context\":\"https:\\\/\\\/schema.org\",\"@graph\":[{\"@type\":\"WebPage\",\"@id\":\"https:\\\/\\\/goodwill.fi\\\/kauppa\\\/tuote\\\/nordic-light-kynttilanjalka\\\/\",\"url\":\"https:\\\/\\\/goodwill.fi\\\/kauppa\\\/tuote\\\/nordic-light-kynttilanjalka\\\/\",\"name\":\"NORDIC LIGHT KYNTTIL\u00c4NJALKA - Goodwill-verkkokauppa\",\"isPartOf\":{\"@id\":\"https:\\\/\\\/goodwill.fi\\\/kauppa\\\/#website\"},\"primaryImageOfPage\":{\"@id\":\"https:\\\/\\\/goodwill.fi\\\/kauppa\\\/tuote\\\/nordic-light-kynttilanjalka\\\/#primaryimage\"},\"image\":{\"@id\":\"https:\\\/\\\/goodwill.fi\\\/kauppa\\\/tuote\\\/nordic-light-kynttilanjalka\\\/#primaryimage\"},\"thumbnailUrl\":\"https:\\\/\\\/goodwill.fi\\\/kauppa\\\/wp-content\\\/uploads\\\/2026\\\/04\\\/IMG_0508-1-scaled.jpg\",\"datePublished\":\"2026-04-29T07:58:47+00:00\",\"dateModified\":\"2026-04-29T07:58:48+00:00\",\"description\":\"Design House Stockholmin valmistama kynttil\u00e4njalkaSuunnittelija: Jonas GrundellValmistaja: Design House StockholmMitat: pituus n 19,5 cm kasaan taitettuna, n 32,5 cm auki taitettuna, korkeus n 13 cm paino: 519 gV\u00e4ri: Musta lakattu puuMateriaali: Puuta\",\"breadcrumb\":{\"@id\":\"https:\\\/\\\/goodwill.fi\\\/kauppa\\\/tuote\\\/nordic-light-kynttilanjalka\\\/#breadcrumb\"},\"inLanguage\":\"fi\",\"potentialAction\":[{\"@type\":\"ReadAction\",\"target\":[\"https:\\\/\\\/goodwill.fi\\\/kauppa\\\/tuote\\\/nordic-light-kynttilanjalka\\\/\"]}]},{\"@type\":\"ImageObject\",\"inLanguage\":\"fi\",\"@id\":\"https:\\\/\\\/goodwill.fi\\\/kauppa\\\/tuote\\\/nordic-light-kynttilanjalka\\\/#primaryimage\",\"url\":\"https:\\\/\\\/goodwill.fi\\\/kauppa\\\/wp-content\\\/uploads\\\/2026\\\/04\\\/IMG_0508-1-scaled.jpg\",\"contentUrl\":\"https:\\\/\\\/goodwill.fi\\\/kauppa\\\/wp-content\\\/uploads\\\/2026\\\/04\\\/IMG_0508-1-scaled.jpg\",\"width\":2505,\"height\":2560},{\"@type\":\"BreadcrumbList\",\"@id\":\"https:\\\/\\\/goodwill.fi\\\/kauppa\\\/tuote\\\/nordic-light-kynttilanjalka\\\/#breadcrumb\",\"itemListElement\":[{\"@type\":\"ListItem\",\"position\":1,\"name\":\"Home\",\"item\":\"https:\\\/\\\/goodwill.fi\\\/kauppa\\\/\"},{\"@type\":\"ListItem\",\"position\":2,\"name\":\"Shop\",\"item\":\"https:\\\/\\\/goodwill.fi\\\/kauppa\\\/shop\\\/\"},{\"@type\":\"ListItem\",\"position\":3,\"name\":\"NORDIC LIGHT KYNTTIL\u00c4NJALKA\"}]},{\"@type\":\"WebSite\",\"@id\":\"https:\\\/\\\/goodwill.fi\\\/kauppa\\\/#website\",\"url\":\"https:\\\/\\\/goodwill.fi\\\/kauppa\\\/\",\"name\":\"Goodwill-verkkokauppa\",\"description\":\"Kierr\u00e4tysmyym\u00e4l\u00e4 verkossa\",\"publisher\":{\"@id\":\"https:\\\/\\\/goodwill.fi\\\/kauppa\\\/#organization\"},\"potentialAction\":[{\"@type\":\"SearchAction\",\"target\":{\"@type\":\"EntryPoint\",\"urlTemplate\":\"https:\\\/\\\/goodwill.fi\\\/kauppa\\\/?s={search_term_string}\"},\"query-input\":{\"@type\":\"PropertyValueSpecification\",\"valueRequired\":true,\"valueName\":\"search_term_string\"}}],\"inLanguage\":\"fi\"},{\"@type\":\"Organization\",\"@id\":\"https:\\\/\\\/goodwill.fi\\\/kauppa\\\/#organization\",\"name\":\"Goodwill-verkkokauppa\",\"url\":\"https:\\\/\\\/goodwill.fi\\\/kauppa\\\/\",\"logo\":{\"@type\":\"ImageObject\",\"inLanguage\":\"fi\",\"@id\":\"https:\\\/\\\/goodwill.fi\\\/kauppa\\\/#\\\/schema\\\/logo\\\/image\\\/\",\"url\":\"https:\\\/\\\/goodwill.fi\\\/kauppa\\\/wp-content\\\/uploads\\\/2021\\\/02\\\/cropped-logo_gw_store-723x211-1.png\",\"contentUrl\":\"https:\\\/\\\/goodwill.fi\\\/kauppa\\\/wp-content\\\/uploads\\\/2021\\\/02\\\/cropped-logo_gw_store-723x211-1.png\",\"width\":723,\"height\":207,\"caption\":\"Goodwill-verkkokauppa\"},\"image\":{\"@id\":\"https:\\\/\\\/goodwill.fi\\\/kauppa\\\/#\\\/schema\\\/logo\\\/image\\\/\"}}]}<\/script>\n<!-- \/ Yoast SEO plugin. -->","yoast_head_json":{"title":"NORDIC LIGHT KYNTTIL\u00c4NJALKA - Goodwill-verkkokauppa","description":"Design House Stockholmin valmistama kynttil\u00e4njalkaSuunnittelija: Jonas GrundellValmistaja: Design House StockholmMitat: pituus n 19,5 cm kasaan taitettuna, n 32,5 cm auki taitettuna, korkeus n 13 cm paino: 519 gV\u00e4ri: Musta lakattu puuMateriaali: Puuta","robots":{"index":"index","follow":"follow","max-snippet":"max-snippet:-1","max-image-preview":"max-image-preview:large","max-video-preview":"max-video-preview:-1"},"canonical":"https:\/\/goodwill.fi\/kauppa\/tuote\/nordic-light-kynttilanjalka\/","og_locale":"fi_FI","og_type":"article","og_title":"NORDIC LIGHT KYNTTIL\u00c4NJALKA - Goodwill-verkkokauppa","og_description":"Design House Stockholmin valmistama kynttil\u00e4njalkaSuunnittelija: Jonas GrundellValmistaja: Design House StockholmMitat: pituus n 19,5 cm kasaan taitettuna, n 32,5 cm auki taitettuna, korkeus n 13 cm paino: 519 gV\u00e4ri: Musta lakattu puuMateriaali: Puuta","og_url":"https:\/\/goodwill.fi\/kauppa\/tuote\/nordic-light-kynttilanjalka\/","og_site_name":"Goodwill-verkkokauppa","article_modified_time":"2026-04-29T07:58:48+00:00","og_image":[{"width":2505,"height":2560,"url":"https:\/\/goodwill.fi\/kauppa\/wp-content\/uploads\/2026\/04\/IMG_0508-1-scaled.jpg","type":"image\/jpeg"}],"twitter_card":"summary_large_image","twitter_misc":{"Arvioitu lukuaika":"1 minuutti"},"schema":{"@context":"https:\/\/schema.org","@graph":[{"@type":"WebPage","@id":"https:\/\/goodwill.fi\/kauppa\/tuote\/nordic-light-kynttilanjalka\/","url":"https:\/\/goodwill.fi\/kauppa\/tuote\/nordic-light-kynttilanjalka\/","name":"NORDIC LIGHT KYNTTIL\u00c4NJALKA - Goodwill-verkkokauppa","isPartOf":{"@id":"https:\/\/goodwill.fi\/kauppa\/#website"},"primaryImageOfPage":{"@id":"https:\/\/goodwill.fi\/kauppa\/tuote\/nordic-light-kynttilanjalka\/#primaryimage"},"image":{"@id":"https:\/\/goodwill.fi\/kauppa\/tuote\/nordic-light-kynttilanjalka\/#primaryimage"},"thumbnailUrl":"https:\/\/goodwill.fi\/kauppa\/wp-content\/uploads\/2026\/04\/IMG_0508-1-scaled.jpg","datePublished":"2026-04-29T07:58:47+00:00","dateModified":"2026-04-29T07:58:48+00:00","description":"Design House Stockholmin valmistama kynttil\u00e4njalkaSuunnittelija: Jonas GrundellValmistaja: Design House StockholmMitat: pituus n 19,5 cm kasaan taitettuna, n 32,5 cm auki taitettuna, korkeus n 13 cm paino: 519 gV\u00e4ri: Musta lakattu puuMateriaali: Puuta","breadcrumb":{"@id":"https:\/\/goodwill.fi\/kauppa\/tuote\/nordic-light-kynttilanjalka\/#breadcrumb"},"inLanguage":"fi","potentialAction":[{"@type":"ReadAction","target":["https:\/\/goodwill.fi\/kauppa\/tuote\/nordic-light-kynttilanjalka\/"]}]},{"@type":"ImageObject","inLanguage":"fi","@id":"https:\/\/goodwill.fi\/kauppa\/tuote\/nordic-light-kynttilanjalka\/#primaryimage","url":"https:\/\/goodwill.fi\/kauppa\/wp-content\/uploads\/2026\/04\/IMG_0508-1-scaled.jpg","contentUrl":"https:\/\/goodwill.fi\/kauppa\/wp-content\/uploads\/2026\/04\/IMG_0508-1-scaled.jpg","width":2505,"height":2560},{"@type":"BreadcrumbList","@id":"https:\/\/goodwill.fi\/kauppa\/tuote\/nordic-light-kynttilanjalka\/#breadcrumb","itemListElement":[{"@type":"ListItem","position":1,"name":"Home","item":"https:\/\/goodwill.fi\/kauppa\/"},{"@type":"ListItem","position":2,"name":"Shop","item":"https:\/\/goodwill.fi\/kauppa\/shop\/"},{"@type":"ListItem","position":3,"name":"NORDIC LIGHT KYNTTIL\u00c4NJALKA"}]},{"@type":"WebSite","@id":"https:\/\/goodwill.fi\/kauppa\/#website","url":"https:\/\/goodwill.fi\/kauppa\/","name":"Goodwill-verkkokauppa","description":"Kierr\u00e4tysmyym\u00e4l\u00e4 verkossa","publisher":{"@id":"https:\/\/goodwill.fi\/kauppa\/#organization"},"potentialAction":[{"@type":"SearchAction","target":{"@type":"EntryPoint","urlTemplate":"https:\/\/goodwill.fi\/kauppa\/?s={search_term_string}"},"query-input":{"@type":"PropertyValueSpecification","valueRequired":true,"valueName":"search_term_string"}}],"inLanguage":"fi"},{"@type":"Organization","@id":"https:\/\/goodwill.fi\/kauppa\/#organization","name":"Goodwill-verkkokauppa","url":"https:\/\/goodwill.fi\/kauppa\/","logo":{"@type":"ImageObject","inLanguage":"fi","@id":"https:\/\/goodwill.fi\/kauppa\/#\/schema\/logo\/image\/","url":"https:\/\/goodwill.fi\/kauppa\/wp-content\/uploads\/2021\/02\/cropped-logo_gw_store-723x211-1.png","contentUrl":"https:\/\/goodwill.fi\/kauppa\/wp-content\/uploads\/2021\/02\/cropped-logo_gw_store-723x211-1.png","width":723,"height":207,"caption":"Goodwill-verkkokauppa"},"image":{"@id":"https:\/\/goodwill.fi\/kauppa\/#\/schema\/logo\/image\/"}}]}},"_links":{"self":[{"href":"https:\/\/goodwill.fi\/kauppa\/wp-json\/wp\/v2\/product\/73007","targetHints":{"allow":["GET"]}}],"collection":[{"href":"https:\/\/goodwill.fi\/kauppa\/wp-json\/wp\/v2\/product"}],"about":[{"href":"https:\/\/goodwill.fi\/kauppa\/wp-json\/wp\/v2\/types\/product"}],"replies":[{"embeddable":true,"href":"https:\/\/goodwill.fi\/kauppa\/wp-json\/wp\/v2\/comments?post=73007"}],"wp:featuredmedia":[{"embeddable":true,"href":"https:\/\/goodwill.fi\/kauppa\/wp-json\/wp\/v2\/media\/73008"}],"wp:attachment":[{"href":"https:\/\/goodwill.fi\/kauppa\/wp-json\/wp\/v2\/media?parent=73007"}],"wp:term":[{"taxonomy":"product_brand","embeddable":true,"href":"https:\/\/goodwill.fi\/kauppa\/wp-json\/wp\/v2\/product_brand?post=73007"},{"taxonomy":"product_cat","embeddable":true,"href":"https:\/\/goodwill.fi\/kauppa\/wp-json\/wp\/v2\/product_cat?post=73007"},{"taxonomy":"product_tag","embeddable":true,"href":"https:\/\/goodwill.fi\/kauppa\/wp-json\/wp\/v2\/product_tag?post=73007"}],"curies":[{"name":"wp","href":"https:\/\/api.w.org\/{rel}","templated":true}]}}