{"id":72945,"date":"2026-04-27T12:41:03","date_gmt":"2026-04-27T09:41:03","guid":{"rendered":"https:\/\/goodwill.fi\/kauppa\/?post_type=product&#038;p=72945"},"modified":"2026-04-27T12:41:03","modified_gmt":"2026-04-27T09:41:03","slug":"aarikka-heiluri-korvakorut","status":"publish","type":"product","link":"https:\/\/goodwill.fi\/kauppa\/tuote\/aarikka-heiluri-korvakorut\/","title":{"rendered":"AARIKKA HEILURI KORVAKORUT"},"content":{"rendered":"<p>Valmistaja: Aarikka<br \/>\nValmistusmaa: Suomi<br \/>\nMitat: pituus 4,3 cm + koukku, leveys 4 mm, paino 2 g<br \/>\nV\u00e4ri: korallinpunainen, kullanv\u00e4rinen<br \/>\nMateriaali: puu, ei materiaalimerkint\u00e4\u00e4<br \/>\nKunto: ehj\u00e4t, v\u00e4h\u00e4n k\u00e4yt\u00f6n j\u00e4lki\u00e4<br \/>\nHuom: myyd\u00e4\u00e4n parina.<\/p>\n","protected":false},"excerpt":{"rendered":"<p>Valmistaja: Aarikka Valmistusmaa: Suomi Mitat: pituus 4,3 cm + koukku, leveys 4 mm, paino 2 g V\u00e4ri: korallinpunainen, kullanv\u00e4rinen Materiaali: puu, ei materiaalimerkint\u00e4\u00e4 Kunto: ehj\u00e4t, v\u00e4h\u00e4n k\u00e4yt\u00f6n j\u00e4lki\u00e4 Huom: myyd\u00e4\u00e4n parina.<\/p>\n","protected":false},"featured_media":72949,"comment_status":"open","ping_status":"closed","template":"","meta":[],"product_brand":[14927],"product_cat":[159,148,176],"product_tag":[701,18520,197],"class_list":{"0":"post-72945","1":"product","2":"type-product","3":"status-publish","4":"has-post-thumbnail","6":"product_brand-aarikka","7":"product_cat-kaikki","8":"product_cat-korut-2","9":"product_cat-asusteet-2","10":"product_tag-aarikka","11":"product_tag-heiluri","12":"product_tag-korvakorut","14":"first","15":"instock","16":"taxable","17":"shipping-taxable","18":"purchasable","19":"product-type-simple"},"yoast_head":"<!-- This site is optimized with the Yoast SEO plugin v27.4 - https:\/\/yoast.com\/product\/yoast-seo-wordpress\/ -->\n<title>AARIKKA HEILURI KORVAKORUT - Goodwill-verkkokauppa<\/title>\n<meta name=\"description\" content=\"Valmistaja: Aarikka Valmistusmaa: Suomi Mitat: pituus 4,3 cm + koukku, leveys 0,4 cm, paino 2 g V\u00e4ri: korallinpunainen, kullanv\u00e4rinen\" \/>\n<meta name=\"robots\" content=\"index, follow, max-snippet:-1, max-image-preview:large, max-video-preview:-1\" \/>\n<link rel=\"canonical\" href=\"https:\/\/goodwill.fi\/kauppa\/tuote\/aarikka-heiluri-korvakorut\/\" \/>\n<meta property=\"og:locale\" content=\"fi_FI\" \/>\n<meta property=\"og:type\" content=\"article\" \/>\n<meta property=\"og:title\" content=\"AARIKKA HEILURI KORVAKORUT - Goodwill-verkkokauppa\" \/>\n<meta property=\"og:description\" content=\"Valmistaja: Aarikka Valmistusmaa: Suomi Mitat: pituus 4,3 cm + koukku, leveys 0,4 cm, paino 2 g V\u00e4ri: korallinpunainen, kullanv\u00e4rinen\" \/>\n<meta property=\"og:url\" content=\"https:\/\/goodwill.fi\/kauppa\/tuote\/aarikka-heiluri-korvakorut\/\" \/>\n<meta property=\"og:site_name\" content=\"Goodwill-verkkokauppa\" \/>\n<meta property=\"og:image\" content=\"https:\/\/goodwill.fi\/kauppa\/wp-content\/uploads\/2026\/04\/IMG_0573-scaled-e1777282224224.jpg\" \/>\n\t<meta property=\"og:image:width\" content=\"2125\" \/>\n\t<meta property=\"og:image:height\" content=\"1707\" \/>\n\t<meta property=\"og:image:type\" content=\"image\/jpeg\" \/>\n<meta name=\"twitter:card\" content=\"summary_large_image\" \/>\n<meta name=\"twitter:label1\" content=\"Arvioitu lukuaika\" \/>\n\t<meta name=\"twitter:data1\" content=\"1 minuutti\" \/>\n<script type=\"application\/ld+json\" class=\"yoast-schema-graph\">{\"@context\":\"https:\\\/\\\/schema.org\",\"@graph\":[{\"@type\":\"WebPage\",\"@id\":\"https:\\\/\\\/goodwill.fi\\\/kauppa\\\/tuote\\\/aarikka-heiluri-korvakorut\\\/\",\"url\":\"https:\\\/\\\/goodwill.fi\\\/kauppa\\\/tuote\\\/aarikka-heiluri-korvakorut\\\/\",\"name\":\"AARIKKA HEILURI KORVAKORUT - Goodwill-verkkokauppa\",\"isPartOf\":{\"@id\":\"https:\\\/\\\/goodwill.fi\\\/kauppa\\\/#website\"},\"primaryImageOfPage\":{\"@id\":\"https:\\\/\\\/goodwill.fi\\\/kauppa\\\/tuote\\\/aarikka-heiluri-korvakorut\\\/#primaryimage\"},\"image\":{\"@id\":\"https:\\\/\\\/goodwill.fi\\\/kauppa\\\/tuote\\\/aarikka-heiluri-korvakorut\\\/#primaryimage\"},\"thumbnailUrl\":\"https:\\\/\\\/goodwill.fi\\\/kauppa\\\/wp-content\\\/uploads\\\/2026\\\/04\\\/IMG_0573-scaled-e1777282224224.jpg\",\"datePublished\":\"2026-04-27T09:41:03+00:00\",\"description\":\"Valmistaja: Aarikka Valmistusmaa: Suomi Mitat: pituus 4,3 cm + koukku, leveys 0,4 cm, paino 2 g V\u00e4ri: korallinpunainen, kullanv\u00e4rinen\",\"breadcrumb\":{\"@id\":\"https:\\\/\\\/goodwill.fi\\\/kauppa\\\/tuote\\\/aarikka-heiluri-korvakorut\\\/#breadcrumb\"},\"inLanguage\":\"fi\",\"potentialAction\":[{\"@type\":\"ReadAction\",\"target\":[\"https:\\\/\\\/goodwill.fi\\\/kauppa\\\/tuote\\\/aarikka-heiluri-korvakorut\\\/\"]}]},{\"@type\":\"ImageObject\",\"inLanguage\":\"fi\",\"@id\":\"https:\\\/\\\/goodwill.fi\\\/kauppa\\\/tuote\\\/aarikka-heiluri-korvakorut\\\/#primaryimage\",\"url\":\"https:\\\/\\\/goodwill.fi\\\/kauppa\\\/wp-content\\\/uploads\\\/2026\\\/04\\\/IMG_0573-scaled-e1777282224224.jpg\",\"contentUrl\":\"https:\\\/\\\/goodwill.fi\\\/kauppa\\\/wp-content\\\/uploads\\\/2026\\\/04\\\/IMG_0573-scaled-e1777282224224.jpg\",\"width\":2125,\"height\":1707},{\"@type\":\"BreadcrumbList\",\"@id\":\"https:\\\/\\\/goodwill.fi\\\/kauppa\\\/tuote\\\/aarikka-heiluri-korvakorut\\\/#breadcrumb\",\"itemListElement\":[{\"@type\":\"ListItem\",\"position\":1,\"name\":\"Home\",\"item\":\"https:\\\/\\\/goodwill.fi\\\/kauppa\\\/\"},{\"@type\":\"ListItem\",\"position\":2,\"name\":\"Shop\",\"item\":\"https:\\\/\\\/goodwill.fi\\\/kauppa\\\/shop\\\/\"},{\"@type\":\"ListItem\",\"position\":3,\"name\":\"AARIKKA HEILURI KORVAKORUT\"}]},{\"@type\":\"WebSite\",\"@id\":\"https:\\\/\\\/goodwill.fi\\\/kauppa\\\/#website\",\"url\":\"https:\\\/\\\/goodwill.fi\\\/kauppa\\\/\",\"name\":\"Goodwill-verkkokauppa\",\"description\":\"Kierr\u00e4tysmyym\u00e4l\u00e4 verkossa\",\"publisher\":{\"@id\":\"https:\\\/\\\/goodwill.fi\\\/kauppa\\\/#organization\"},\"potentialAction\":[{\"@type\":\"SearchAction\",\"target\":{\"@type\":\"EntryPoint\",\"urlTemplate\":\"https:\\\/\\\/goodwill.fi\\\/kauppa\\\/?s={search_term_string}\"},\"query-input\":{\"@type\":\"PropertyValueSpecification\",\"valueRequired\":true,\"valueName\":\"search_term_string\"}}],\"inLanguage\":\"fi\"},{\"@type\":\"Organization\",\"@id\":\"https:\\\/\\\/goodwill.fi\\\/kauppa\\\/#organization\",\"name\":\"Goodwill-verkkokauppa\",\"url\":\"https:\\\/\\\/goodwill.fi\\\/kauppa\\\/\",\"logo\":{\"@type\":\"ImageObject\",\"inLanguage\":\"fi\",\"@id\":\"https:\\\/\\\/goodwill.fi\\\/kauppa\\\/#\\\/schema\\\/logo\\\/image\\\/\",\"url\":\"https:\\\/\\\/goodwill.fi\\\/kauppa\\\/wp-content\\\/uploads\\\/2021\\\/02\\\/cropped-logo_gw_store-723x211-1.png\",\"contentUrl\":\"https:\\\/\\\/goodwill.fi\\\/kauppa\\\/wp-content\\\/uploads\\\/2021\\\/02\\\/cropped-logo_gw_store-723x211-1.png\",\"width\":723,\"height\":207,\"caption\":\"Goodwill-verkkokauppa\"},\"image\":{\"@id\":\"https:\\\/\\\/goodwill.fi\\\/kauppa\\\/#\\\/schema\\\/logo\\\/image\\\/\"}}]}<\/script>\n<!-- \/ Yoast SEO plugin. -->","yoast_head_json":{"title":"AARIKKA HEILURI KORVAKORUT - Goodwill-verkkokauppa","description":"Valmistaja: Aarikka Valmistusmaa: Suomi Mitat: pituus 4,3 cm + koukku, leveys 0,4 cm, paino 2 g V\u00e4ri: korallinpunainen, kullanv\u00e4rinen","robots":{"index":"index","follow":"follow","max-snippet":"max-snippet:-1","max-image-preview":"max-image-preview:large","max-video-preview":"max-video-preview:-1"},"canonical":"https:\/\/goodwill.fi\/kauppa\/tuote\/aarikka-heiluri-korvakorut\/","og_locale":"fi_FI","og_type":"article","og_title":"AARIKKA HEILURI KORVAKORUT - Goodwill-verkkokauppa","og_description":"Valmistaja: Aarikka Valmistusmaa: Suomi Mitat: pituus 4,3 cm + koukku, leveys 0,4 cm, paino 2 g V\u00e4ri: korallinpunainen, kullanv\u00e4rinen","og_url":"https:\/\/goodwill.fi\/kauppa\/tuote\/aarikka-heiluri-korvakorut\/","og_site_name":"Goodwill-verkkokauppa","og_image":[{"width":2125,"height":1707,"url":"https:\/\/goodwill.fi\/kauppa\/wp-content\/uploads\/2026\/04\/IMG_0573-scaled-e1777282224224.jpg","type":"image\/jpeg"}],"twitter_card":"summary_large_image","twitter_misc":{"Arvioitu lukuaika":"1 minuutti"},"schema":{"@context":"https:\/\/schema.org","@graph":[{"@type":"WebPage","@id":"https:\/\/goodwill.fi\/kauppa\/tuote\/aarikka-heiluri-korvakorut\/","url":"https:\/\/goodwill.fi\/kauppa\/tuote\/aarikka-heiluri-korvakorut\/","name":"AARIKKA HEILURI KORVAKORUT - Goodwill-verkkokauppa","isPartOf":{"@id":"https:\/\/goodwill.fi\/kauppa\/#website"},"primaryImageOfPage":{"@id":"https:\/\/goodwill.fi\/kauppa\/tuote\/aarikka-heiluri-korvakorut\/#primaryimage"},"image":{"@id":"https:\/\/goodwill.fi\/kauppa\/tuote\/aarikka-heiluri-korvakorut\/#primaryimage"},"thumbnailUrl":"https:\/\/goodwill.fi\/kauppa\/wp-content\/uploads\/2026\/04\/IMG_0573-scaled-e1777282224224.jpg","datePublished":"2026-04-27T09:41:03+00:00","description":"Valmistaja: Aarikka Valmistusmaa: Suomi Mitat: pituus 4,3 cm + koukku, leveys 0,4 cm, paino 2 g V\u00e4ri: korallinpunainen, kullanv\u00e4rinen","breadcrumb":{"@id":"https:\/\/goodwill.fi\/kauppa\/tuote\/aarikka-heiluri-korvakorut\/#breadcrumb"},"inLanguage":"fi","potentialAction":[{"@type":"ReadAction","target":["https:\/\/goodwill.fi\/kauppa\/tuote\/aarikka-heiluri-korvakorut\/"]}]},{"@type":"ImageObject","inLanguage":"fi","@id":"https:\/\/goodwill.fi\/kauppa\/tuote\/aarikka-heiluri-korvakorut\/#primaryimage","url":"https:\/\/goodwill.fi\/kauppa\/wp-content\/uploads\/2026\/04\/IMG_0573-scaled-e1777282224224.jpg","contentUrl":"https:\/\/goodwill.fi\/kauppa\/wp-content\/uploads\/2026\/04\/IMG_0573-scaled-e1777282224224.jpg","width":2125,"height":1707},{"@type":"BreadcrumbList","@id":"https:\/\/goodwill.fi\/kauppa\/tuote\/aarikka-heiluri-korvakorut\/#breadcrumb","itemListElement":[{"@type":"ListItem","position":1,"name":"Home","item":"https:\/\/goodwill.fi\/kauppa\/"},{"@type":"ListItem","position":2,"name":"Shop","item":"https:\/\/goodwill.fi\/kauppa\/shop\/"},{"@type":"ListItem","position":3,"name":"AARIKKA HEILURI KORVAKORUT"}]},{"@type":"WebSite","@id":"https:\/\/goodwill.fi\/kauppa\/#website","url":"https:\/\/goodwill.fi\/kauppa\/","name":"Goodwill-verkkokauppa","description":"Kierr\u00e4tysmyym\u00e4l\u00e4 verkossa","publisher":{"@id":"https:\/\/goodwill.fi\/kauppa\/#organization"},"potentialAction":[{"@type":"SearchAction","target":{"@type":"EntryPoint","urlTemplate":"https:\/\/goodwill.fi\/kauppa\/?s={search_term_string}"},"query-input":{"@type":"PropertyValueSpecification","valueRequired":true,"valueName":"search_term_string"}}],"inLanguage":"fi"},{"@type":"Organization","@id":"https:\/\/goodwill.fi\/kauppa\/#organization","name":"Goodwill-verkkokauppa","url":"https:\/\/goodwill.fi\/kauppa\/","logo":{"@type":"ImageObject","inLanguage":"fi","@id":"https:\/\/goodwill.fi\/kauppa\/#\/schema\/logo\/image\/","url":"https:\/\/goodwill.fi\/kauppa\/wp-content\/uploads\/2021\/02\/cropped-logo_gw_store-723x211-1.png","contentUrl":"https:\/\/goodwill.fi\/kauppa\/wp-content\/uploads\/2021\/02\/cropped-logo_gw_store-723x211-1.png","width":723,"height":207,"caption":"Goodwill-verkkokauppa"},"image":{"@id":"https:\/\/goodwill.fi\/kauppa\/#\/schema\/logo\/image\/"}}]}},"_links":{"self":[{"href":"https:\/\/goodwill.fi\/kauppa\/wp-json\/wp\/v2\/product\/72945","targetHints":{"allow":["GET"]}}],"collection":[{"href":"https:\/\/goodwill.fi\/kauppa\/wp-json\/wp\/v2\/product"}],"about":[{"href":"https:\/\/goodwill.fi\/kauppa\/wp-json\/wp\/v2\/types\/product"}],"replies":[{"embeddable":true,"href":"https:\/\/goodwill.fi\/kauppa\/wp-json\/wp\/v2\/comments?post=72945"}],"wp:featuredmedia":[{"embeddable":true,"href":"https:\/\/goodwill.fi\/kauppa\/wp-json\/wp\/v2\/media\/72949"}],"wp:attachment":[{"href":"https:\/\/goodwill.fi\/kauppa\/wp-json\/wp\/v2\/media?parent=72945"}],"wp:term":[{"taxonomy":"product_brand","embeddable":true,"href":"https:\/\/goodwill.fi\/kauppa\/wp-json\/wp\/v2\/product_brand?post=72945"},{"taxonomy":"product_cat","embeddable":true,"href":"https:\/\/goodwill.fi\/kauppa\/wp-json\/wp\/v2\/product_cat?post=72945"},{"taxonomy":"product_tag","embeddable":true,"href":"https:\/\/goodwill.fi\/kauppa\/wp-json\/wp\/v2\/product_tag?post=72945"}],"curies":[{"name":"wp","href":"https:\/\/api.w.org\/{rel}","templated":true}]}}