{"id":72798,"date":"2026-04-24T10:11:35","date_gmt":"2026-04-24T07:11:35","guid":{"rendered":"https:\/\/goodwill.fi\/kauppa\/?post_type=product&#038;p=72798"},"modified":"2026-04-24T11:02:38","modified_gmt":"2026-04-24T08:02:38","slug":"arabia-arctica-kupit-ja-tassit-9-kpl","status":"publish","type":"product","link":"https:\/\/goodwill.fi\/kauppa\/tuote\/arabia-arctica-kupit-ja-tassit-9-kpl\/","title":{"rendered":"ARABIA ARCTICA KUPIT JA TASSIT 9 KPL"},"content":{"rendered":"<p>Astiastoon kuuluu 19 osaa.<\/p>\n<p>Suunnittelija: Inkeri Leivo<br \/>\nValmistaja: Arabia<br \/>\nValmistusvuosi: 1978-<br \/>\nMitat kuppi: korkeus: 6,5 cm, halkaisija: 7,1 cm, paino: 102,5 g<br \/>\nMitat tassi: halkaisija: 14 cm, paino: 137,5 g<br \/>\nMitat kermakko: korkeus: 7 cm, halkaisija: 6 cm, paino: 119,4 g<br \/>\nMateriaali: vitroposliini<br \/>\nKunto: ehj\u00e4t, k\u00e4yt\u00f6n j\u00e4lki\u00e4<br \/>\nHuom: yhdess\u00e4 tassissa pieni kolhu, myyd\u00e4\u00e4n 9 kupin, 9 tassin ja 1 kermakon settin\u00e4<\/p>\n","protected":false},"excerpt":{"rendered":"<p>Astiastoon kuuluu 19 osaa. Suunnittelija: Inkeri Leivo Valmistaja: Arabia Valmistusvuosi: 1978- Mitat kuppi: korkeus: 6,5 cm, halkaisija: 7,1 cm, paino: 102,5 g Mitat tassi: halkaisija: 14 cm, paino: 137,5 g Mitat kermakko: korkeus: 7 cm, halkaisija: 6 cm, paino: 119,4 g Materiaali: vitroposliini Kunto: ehj\u00e4t, k\u00e4yt\u00f6n j\u00e4lki\u00e4 Huom: yhdess\u00e4 tassissa pieni kolhu, myyd\u00e4\u00e4n 9 kupin, [&hellip;]<\/p>\n","protected":false},"featured_media":72800,"comment_status":"open","ping_status":"closed","template":"","meta":[],"product_brand":[14734],"product_cat":[159,14855,166,14866],"product_tag":[18491,13565,18482,18489],"class_list":{"0":"post-72798","1":"product","2":"type-product","3":"status-publish","4":"has-post-thumbnail","6":"product_brand-arabia","7":"product_cat-kaikki","8":"product_cat-arabia","9":"product_cat-astiat-2","10":"product_cat-astiastot","11":"product_tag-arabia-arctica","12":"product_tag-arabia-astiasto","13":"product_tag-arabia-kuppi","14":"product_tag-kem01814","16":"first","17":"instock","18":"taxable","19":"shipping-taxable","20":"purchasable","21":"product-type-simple"},"yoast_head":"<!-- This site is optimized with the Yoast SEO plugin v27.1.1 - https:\/\/yoast.com\/product\/yoast-seo-wordpress\/ -->\n<title>ARABIA ARCTICA KUPIT JA TASSIT 9 KPL - Goodwill-verkkokauppa<\/title>\n<meta name=\"description\" content=\"Astiastoon kuuluu 19 osaa.Suunnittelija: Inkeri LeivoValmistaja: ArabiaValmistusvuosi: 1978-\" \/>\n<meta name=\"robots\" content=\"index, follow, max-snippet:-1, max-image-preview:large, max-video-preview:-1\" \/>\n<link rel=\"canonical\" href=\"https:\/\/goodwill.fi\/kauppa\/tuote\/arabia-arctica-kupit-ja-tassit-9-kpl\/\" \/>\n<meta property=\"og:locale\" content=\"fi_FI\" \/>\n<meta property=\"og:type\" content=\"article\" \/>\n<meta property=\"og:title\" content=\"ARABIA ARCTICA KUPIT JA TASSIT 9 KPL - Goodwill-verkkokauppa\" \/>\n<meta property=\"og:description\" content=\"Astiastoon kuuluu 19 osaa.Suunnittelija: Inkeri LeivoValmistaja: ArabiaValmistusvuosi: 1978-\" \/>\n<meta property=\"og:url\" content=\"https:\/\/goodwill.fi\/kauppa\/tuote\/arabia-arctica-kupit-ja-tassit-9-kpl\/\" \/>\n<meta property=\"og:site_name\" content=\"Goodwill-verkkokauppa\" \/>\n<meta property=\"article:modified_time\" content=\"2026-04-24T08:02:38+00:00\" \/>\n<meta property=\"og:image\" content=\"https:\/\/goodwill.fi\/kauppa\/wp-content\/uploads\/2026\/04\/P1069082.jpg\" \/>\n\t<meta property=\"og:image:width\" content=\"2500\" \/>\n\t<meta property=\"og:image:height\" content=\"2500\" \/>\n\t<meta property=\"og:image:type\" content=\"image\/jpeg\" \/>\n<meta name=\"twitter:card\" content=\"summary_large_image\" \/>\n<meta name=\"twitter:label1\" content=\"Arvioitu lukuaika\" \/>\n\t<meta name=\"twitter:data1\" content=\"1 minuutti\" \/>\n<script type=\"application\/ld+json\" class=\"yoast-schema-graph\">{\"@context\":\"https:\/\/schema.org\",\"@graph\":[{\"@type\":\"WebPage\",\"@id\":\"https:\/\/goodwill.fi\/kauppa\/tuote\/arabia-arctica-kupit-ja-tassit-9-kpl\/\",\"url\":\"https:\/\/goodwill.fi\/kauppa\/tuote\/arabia-arctica-kupit-ja-tassit-9-kpl\/\",\"name\":\"ARABIA ARCTICA KUPIT JA TASSIT 9 KPL - Goodwill-verkkokauppa\",\"isPartOf\":{\"@id\":\"https:\/\/goodwill.fi\/kauppa\/#website\"},\"primaryImageOfPage\":{\"@id\":\"https:\/\/goodwill.fi\/kauppa\/tuote\/arabia-arctica-kupit-ja-tassit-9-kpl\/#primaryimage\"},\"image\":{\"@id\":\"https:\/\/goodwill.fi\/kauppa\/tuote\/arabia-arctica-kupit-ja-tassit-9-kpl\/#primaryimage\"},\"thumbnailUrl\":\"https:\/\/goodwill.fi\/kauppa\/wp-content\/uploads\/2026\/04\/P1069082.jpg\",\"datePublished\":\"2026-04-24T07:11:35+00:00\",\"dateModified\":\"2026-04-24T08:02:38+00:00\",\"description\":\"Astiastoon kuuluu 19 osaa.Suunnittelija: Inkeri LeivoValmistaja: ArabiaValmistusvuosi: 1978-\",\"breadcrumb\":{\"@id\":\"https:\/\/goodwill.fi\/kauppa\/tuote\/arabia-arctica-kupit-ja-tassit-9-kpl\/#breadcrumb\"},\"inLanguage\":\"fi\",\"potentialAction\":[{\"@type\":\"ReadAction\",\"target\":[\"https:\/\/goodwill.fi\/kauppa\/tuote\/arabia-arctica-kupit-ja-tassit-9-kpl\/\"]}]},{\"@type\":\"ImageObject\",\"inLanguage\":\"fi\",\"@id\":\"https:\/\/goodwill.fi\/kauppa\/tuote\/arabia-arctica-kupit-ja-tassit-9-kpl\/#primaryimage\",\"url\":\"https:\/\/goodwill.fi\/kauppa\/wp-content\/uploads\/2026\/04\/P1069082.jpg\",\"contentUrl\":\"https:\/\/goodwill.fi\/kauppa\/wp-content\/uploads\/2026\/04\/P1069082.jpg\",\"width\":2500,\"height\":2500},{\"@type\":\"BreadcrumbList\",\"@id\":\"https:\/\/goodwill.fi\/kauppa\/tuote\/arabia-arctica-kupit-ja-tassit-9-kpl\/#breadcrumb\",\"itemListElement\":[{\"@type\":\"ListItem\",\"position\":1,\"name\":\"Home\",\"item\":\"https:\/\/goodwill.fi\/kauppa\/\"},{\"@type\":\"ListItem\",\"position\":2,\"name\":\"Shop\",\"item\":\"https:\/\/goodwill.fi\/kauppa\/shop\/\"},{\"@type\":\"ListItem\",\"position\":3,\"name\":\"ARABIA ARCTICA KUPIT JA TASSIT 9 KPL\"}]},{\"@type\":\"WebSite\",\"@id\":\"https:\/\/goodwill.fi\/kauppa\/#website\",\"url\":\"https:\/\/goodwill.fi\/kauppa\/\",\"name\":\"Goodwill-verkkokauppa\",\"description\":\"Kierr\u00e4tysmyym\u00e4l\u00e4 verkossa\",\"publisher\":{\"@id\":\"https:\/\/goodwill.fi\/kauppa\/#organization\"},\"potentialAction\":[{\"@type\":\"SearchAction\",\"target\":{\"@type\":\"EntryPoint\",\"urlTemplate\":\"https:\/\/goodwill.fi\/kauppa\/?s={search_term_string}\"},\"query-input\":{\"@type\":\"PropertyValueSpecification\",\"valueRequired\":true,\"valueName\":\"search_term_string\"}}],\"inLanguage\":\"fi\"},{\"@type\":\"Organization\",\"@id\":\"https:\/\/goodwill.fi\/kauppa\/#organization\",\"name\":\"Goodwill-verkkokauppa\",\"url\":\"https:\/\/goodwill.fi\/kauppa\/\",\"logo\":{\"@type\":\"ImageObject\",\"inLanguage\":\"fi\",\"@id\":\"https:\/\/goodwill.fi\/kauppa\/#\/schema\/logo\/image\/\",\"url\":\"https:\/\/goodwill.fi\/kauppa\/wp-content\/uploads\/2021\/02\/cropped-logo_gw_store-723x211-1.png\",\"contentUrl\":\"https:\/\/goodwill.fi\/kauppa\/wp-content\/uploads\/2021\/02\/cropped-logo_gw_store-723x211-1.png\",\"width\":723,\"height\":207,\"caption\":\"Goodwill-verkkokauppa\"},\"image\":{\"@id\":\"https:\/\/goodwill.fi\/kauppa\/#\/schema\/logo\/image\/\"}}]}<\/script>\n<!-- \/ Yoast SEO plugin. -->","yoast_head_json":{"title":"ARABIA ARCTICA KUPIT JA TASSIT 9 KPL - Goodwill-verkkokauppa","description":"Astiastoon kuuluu 19 osaa.Suunnittelija: Inkeri LeivoValmistaja: ArabiaValmistusvuosi: 1978-","robots":{"index":"index","follow":"follow","max-snippet":"max-snippet:-1","max-image-preview":"max-image-preview:large","max-video-preview":"max-video-preview:-1"},"canonical":"https:\/\/goodwill.fi\/kauppa\/tuote\/arabia-arctica-kupit-ja-tassit-9-kpl\/","og_locale":"fi_FI","og_type":"article","og_title":"ARABIA ARCTICA KUPIT JA TASSIT 9 KPL - Goodwill-verkkokauppa","og_description":"Astiastoon kuuluu 19 osaa.Suunnittelija: Inkeri LeivoValmistaja: ArabiaValmistusvuosi: 1978-","og_url":"https:\/\/goodwill.fi\/kauppa\/tuote\/arabia-arctica-kupit-ja-tassit-9-kpl\/","og_site_name":"Goodwill-verkkokauppa","article_modified_time":"2026-04-24T08:02:38+00:00","og_image":[{"width":2500,"height":2500,"url":"https:\/\/goodwill.fi\/kauppa\/wp-content\/uploads\/2026\/04\/P1069082.jpg","type":"image\/jpeg"}],"twitter_card":"summary_large_image","twitter_misc":{"Arvioitu lukuaika":"1 minuutti"},"schema":{"@context":"https:\/\/schema.org","@graph":[{"@type":"WebPage","@id":"https:\/\/goodwill.fi\/kauppa\/tuote\/arabia-arctica-kupit-ja-tassit-9-kpl\/","url":"https:\/\/goodwill.fi\/kauppa\/tuote\/arabia-arctica-kupit-ja-tassit-9-kpl\/","name":"ARABIA ARCTICA KUPIT JA TASSIT 9 KPL - Goodwill-verkkokauppa","isPartOf":{"@id":"https:\/\/goodwill.fi\/kauppa\/#website"},"primaryImageOfPage":{"@id":"https:\/\/goodwill.fi\/kauppa\/tuote\/arabia-arctica-kupit-ja-tassit-9-kpl\/#primaryimage"},"image":{"@id":"https:\/\/goodwill.fi\/kauppa\/tuote\/arabia-arctica-kupit-ja-tassit-9-kpl\/#primaryimage"},"thumbnailUrl":"https:\/\/goodwill.fi\/kauppa\/wp-content\/uploads\/2026\/04\/P1069082.jpg","datePublished":"2026-04-24T07:11:35+00:00","dateModified":"2026-04-24T08:02:38+00:00","description":"Astiastoon kuuluu 19 osaa.Suunnittelija: Inkeri LeivoValmistaja: ArabiaValmistusvuosi: 1978-","breadcrumb":{"@id":"https:\/\/goodwill.fi\/kauppa\/tuote\/arabia-arctica-kupit-ja-tassit-9-kpl\/#breadcrumb"},"inLanguage":"fi","potentialAction":[{"@type":"ReadAction","target":["https:\/\/goodwill.fi\/kauppa\/tuote\/arabia-arctica-kupit-ja-tassit-9-kpl\/"]}]},{"@type":"ImageObject","inLanguage":"fi","@id":"https:\/\/goodwill.fi\/kauppa\/tuote\/arabia-arctica-kupit-ja-tassit-9-kpl\/#primaryimage","url":"https:\/\/goodwill.fi\/kauppa\/wp-content\/uploads\/2026\/04\/P1069082.jpg","contentUrl":"https:\/\/goodwill.fi\/kauppa\/wp-content\/uploads\/2026\/04\/P1069082.jpg","width":2500,"height":2500},{"@type":"BreadcrumbList","@id":"https:\/\/goodwill.fi\/kauppa\/tuote\/arabia-arctica-kupit-ja-tassit-9-kpl\/#breadcrumb","itemListElement":[{"@type":"ListItem","position":1,"name":"Home","item":"https:\/\/goodwill.fi\/kauppa\/"},{"@type":"ListItem","position":2,"name":"Shop","item":"https:\/\/goodwill.fi\/kauppa\/shop\/"},{"@type":"ListItem","position":3,"name":"ARABIA ARCTICA KUPIT JA TASSIT 9 KPL"}]},{"@type":"WebSite","@id":"https:\/\/goodwill.fi\/kauppa\/#website","url":"https:\/\/goodwill.fi\/kauppa\/","name":"Goodwill-verkkokauppa","description":"Kierr\u00e4tysmyym\u00e4l\u00e4 verkossa","publisher":{"@id":"https:\/\/goodwill.fi\/kauppa\/#organization"},"potentialAction":[{"@type":"SearchAction","target":{"@type":"EntryPoint","urlTemplate":"https:\/\/goodwill.fi\/kauppa\/?s={search_term_string}"},"query-input":{"@type":"PropertyValueSpecification","valueRequired":true,"valueName":"search_term_string"}}],"inLanguage":"fi"},{"@type":"Organization","@id":"https:\/\/goodwill.fi\/kauppa\/#organization","name":"Goodwill-verkkokauppa","url":"https:\/\/goodwill.fi\/kauppa\/","logo":{"@type":"ImageObject","inLanguage":"fi","@id":"https:\/\/goodwill.fi\/kauppa\/#\/schema\/logo\/image\/","url":"https:\/\/goodwill.fi\/kauppa\/wp-content\/uploads\/2021\/02\/cropped-logo_gw_store-723x211-1.png","contentUrl":"https:\/\/goodwill.fi\/kauppa\/wp-content\/uploads\/2021\/02\/cropped-logo_gw_store-723x211-1.png","width":723,"height":207,"caption":"Goodwill-verkkokauppa"},"image":{"@id":"https:\/\/goodwill.fi\/kauppa\/#\/schema\/logo\/image\/"}}]}},"_links":{"self":[{"href":"https:\/\/goodwill.fi\/kauppa\/wp-json\/wp\/v2\/product\/72798","targetHints":{"allow":["GET"]}}],"collection":[{"href":"https:\/\/goodwill.fi\/kauppa\/wp-json\/wp\/v2\/product"}],"about":[{"href":"https:\/\/goodwill.fi\/kauppa\/wp-json\/wp\/v2\/types\/product"}],"replies":[{"embeddable":true,"href":"https:\/\/goodwill.fi\/kauppa\/wp-json\/wp\/v2\/comments?post=72798"}],"wp:featuredmedia":[{"embeddable":true,"href":"https:\/\/goodwill.fi\/kauppa\/wp-json\/wp\/v2\/media\/72800"}],"wp:attachment":[{"href":"https:\/\/goodwill.fi\/kauppa\/wp-json\/wp\/v2\/media?parent=72798"}],"wp:term":[{"taxonomy":"product_brand","embeddable":true,"href":"https:\/\/goodwill.fi\/kauppa\/wp-json\/wp\/v2\/product_brand?post=72798"},{"taxonomy":"product_cat","embeddable":true,"href":"https:\/\/goodwill.fi\/kauppa\/wp-json\/wp\/v2\/product_cat?post=72798"},{"taxonomy":"product_tag","embeddable":true,"href":"https:\/\/goodwill.fi\/kauppa\/wp-json\/wp\/v2\/product_tag?post=72798"}],"curies":[{"name":"wp","href":"https:\/\/api.w.org\/{rel}","templated":true}]}}