{"id":72365,"date":"2026-04-17T10:11:10","date_gmt":"2026-04-17T07:11:10","guid":{"rendered":"https:\/\/goodwill.fi\/kauppa\/?post_type=product&#038;p=72365"},"modified":"2026-04-17T15:40:07","modified_gmt":"2026-04-17T12:40:07","slug":"iittala-kannelliset-lasipurkit-2-kpl","status":"publish","type":"product","link":"https:\/\/goodwill.fi\/kauppa\/tuote\/iittala-kannelliset-lasipurkit-2-kpl\/","title":{"rendered":"IITTALA KANNELLISET LASIPURKIT, 2 KPL"},"content":{"rendered":"<p>Suunnittelija ja valmistusvuosi: ei tiedossa<br \/>\nValmistaja: Iittala<br \/>\nMitat: halkaisija 11 cm, korkeus 14 cm, paino 675 g<br \/>\nV\u00e4ri: kirkas<br \/>\nMateriaali: lasi<br \/>\nKunto: ehj\u00e4t, k\u00e4yt\u00f6n j\u00e4lki\u00e4<br \/>\nHuom: pohjassa teksti &#8221;1 Lit.&#8221;, myyd\u00e4\u00e4n kahden purkin settin\u00e4<\/p>\n","protected":false},"excerpt":{"rendered":"<p>Suunnittelija ja valmistusvuosi: ei tiedossa Valmistaja: Iittala Mitat: halkaisija 11 cm, korkeus 14 cm, paino 675 g V\u00e4ri: kirkas Materiaali: lasi Kunto: ehj\u00e4t, k\u00e4yt\u00f6n j\u00e4lki\u00e4 Huom: pohjassa teksti &#8221;1 Lit.&#8221;, myyd\u00e4\u00e4n kahden purkin settin\u00e4<\/p>\n","protected":false},"featured_media":72366,"comment_status":"open","ping_status":"closed","template":"","meta":[],"product_brand":[14681],"product_cat":[159,14854,166,14867,146,154],"product_tag":[226,1995,18449,357,2002],"class_list":{"0":"post-72365","1":"product","2":"type-product","3":"status-publish","4":"has-post-thumbnail","6":"product_brand-iittala","7":"product_cat-kaikki","8":"product_cat-iittala","9":"product_cat-astiat-2","10":"product_cat-muut-keittiotarvikkeet","11":"product_cat-koti-2","12":"product_cat-sisustus-2","13":"product_tag-iittala","14":"product_tag-kannellinen","15":"product_tag-kot07258","16":"product_tag-lasipurkki","17":"product_tag-sailytyspurkki","19":"first","20":"outofstock","21":"taxable","22":"shipping-taxable","23":"purchasable","24":"product-type-simple"},"yoast_head":"<!-- This site is optimized with the Yoast SEO plugin v27.1.1 - https:\/\/yoast.com\/product\/yoast-seo-wordpress\/ -->\n<title>IITTALA KANNELLISET LASIPURKIT, 2 KPL - Goodwill-verkkokauppa<\/title>\n<meta name=\"description\" content=\"Iittala kannelliset yhden litran s\u00e4ilytyspurkit. Mitat: halkaisija 11 cm, korkeus 14 cm, paino 675 g.\" \/>\n<meta name=\"robots\" content=\"index, follow, max-snippet:-1, max-image-preview:large, max-video-preview:-1\" \/>\n<link rel=\"canonical\" href=\"https:\/\/goodwill.fi\/kauppa\/tuote\/iittala-kannelliset-lasipurkit-2-kpl\/\" \/>\n<meta property=\"og:locale\" content=\"fi_FI\" \/>\n<meta property=\"og:type\" content=\"article\" \/>\n<meta property=\"og:title\" content=\"IITTALA KANNELLISET LASIPURKIT, 2 KPL - Goodwill-verkkokauppa\" \/>\n<meta property=\"og:description\" content=\"Iittala kannelliset yhden litran s\u00e4ilytyspurkit. Mitat: halkaisija 11 cm, korkeus 14 cm, paino 675 g.\" \/>\n<meta property=\"og:url\" content=\"https:\/\/goodwill.fi\/kauppa\/tuote\/iittala-kannelliset-lasipurkit-2-kpl\/\" \/>\n<meta property=\"og:site_name\" content=\"Goodwill-verkkokauppa\" \/>\n<meta property=\"article:modified_time\" content=\"2026-04-17T12:40:07+00:00\" \/>\n<meta property=\"og:image\" content=\"https:\/\/goodwill.fi\/kauppa\/wp-content\/uploads\/2026\/04\/IMG_0369-scaled-e1776410688176.jpg\" \/>\n\t<meta property=\"og:image:width\" content=\"2014\" \/>\n\t<meta property=\"og:image:height\" content=\"1707\" \/>\n\t<meta property=\"og:image:type\" content=\"image\/jpeg\" \/>\n<meta name=\"twitter:card\" content=\"summary_large_image\" \/>\n<meta name=\"twitter:label1\" content=\"Arvioitu lukuaika\" \/>\n\t<meta name=\"twitter:data1\" content=\"1 minuutti\" \/>\n<script type=\"application\/ld+json\" class=\"yoast-schema-graph\">{\"@context\":\"https:\/\/schema.org\",\"@graph\":[{\"@type\":\"WebPage\",\"@id\":\"https:\/\/goodwill.fi\/kauppa\/tuote\/iittala-kannelliset-lasipurkit-2-kpl\/\",\"url\":\"https:\/\/goodwill.fi\/kauppa\/tuote\/iittala-kannelliset-lasipurkit-2-kpl\/\",\"name\":\"IITTALA KANNELLISET LASIPURKIT, 2 KPL - Goodwill-verkkokauppa\",\"isPartOf\":{\"@id\":\"https:\/\/goodwill.fi\/kauppa\/#website\"},\"primaryImageOfPage\":{\"@id\":\"https:\/\/goodwill.fi\/kauppa\/tuote\/iittala-kannelliset-lasipurkit-2-kpl\/#primaryimage\"},\"image\":{\"@id\":\"https:\/\/goodwill.fi\/kauppa\/tuote\/iittala-kannelliset-lasipurkit-2-kpl\/#primaryimage\"},\"thumbnailUrl\":\"https:\/\/goodwill.fi\/kauppa\/wp-content\/uploads\/2026\/04\/IMG_0369-scaled-e1776410688176.jpg\",\"datePublished\":\"2026-04-17T07:11:10+00:00\",\"dateModified\":\"2026-04-17T12:40:07+00:00\",\"description\":\"Iittala kannelliset yhden litran s\u00e4ilytyspurkit. Mitat: halkaisija 11 cm, korkeus 14 cm, paino 675 g.\",\"breadcrumb\":{\"@id\":\"https:\/\/goodwill.fi\/kauppa\/tuote\/iittala-kannelliset-lasipurkit-2-kpl\/#breadcrumb\"},\"inLanguage\":\"fi\",\"potentialAction\":[{\"@type\":\"ReadAction\",\"target\":[\"https:\/\/goodwill.fi\/kauppa\/tuote\/iittala-kannelliset-lasipurkit-2-kpl\/\"]}]},{\"@type\":\"ImageObject\",\"inLanguage\":\"fi\",\"@id\":\"https:\/\/goodwill.fi\/kauppa\/tuote\/iittala-kannelliset-lasipurkit-2-kpl\/#primaryimage\",\"url\":\"https:\/\/goodwill.fi\/kauppa\/wp-content\/uploads\/2026\/04\/IMG_0369-scaled-e1776410688176.jpg\",\"contentUrl\":\"https:\/\/goodwill.fi\/kauppa\/wp-content\/uploads\/2026\/04\/IMG_0369-scaled-e1776410688176.jpg\",\"width\":2014,\"height\":1707},{\"@type\":\"BreadcrumbList\",\"@id\":\"https:\/\/goodwill.fi\/kauppa\/tuote\/iittala-kannelliset-lasipurkit-2-kpl\/#breadcrumb\",\"itemListElement\":[{\"@type\":\"ListItem\",\"position\":1,\"name\":\"Home\",\"item\":\"https:\/\/goodwill.fi\/kauppa\/\"},{\"@type\":\"ListItem\",\"position\":2,\"name\":\"Shop\",\"item\":\"https:\/\/goodwill.fi\/kauppa\/shop\/\"},{\"@type\":\"ListItem\",\"position\":3,\"name\":\"IITTALA KANNELLISET LASIPURKIT, 2 KPL\"}]},{\"@type\":\"WebSite\",\"@id\":\"https:\/\/goodwill.fi\/kauppa\/#website\",\"url\":\"https:\/\/goodwill.fi\/kauppa\/\",\"name\":\"Goodwill-verkkokauppa\",\"description\":\"Kierr\u00e4tysmyym\u00e4l\u00e4 verkossa\",\"publisher\":{\"@id\":\"https:\/\/goodwill.fi\/kauppa\/#organization\"},\"potentialAction\":[{\"@type\":\"SearchAction\",\"target\":{\"@type\":\"EntryPoint\",\"urlTemplate\":\"https:\/\/goodwill.fi\/kauppa\/?s={search_term_string}\"},\"query-input\":{\"@type\":\"PropertyValueSpecification\",\"valueRequired\":true,\"valueName\":\"search_term_string\"}}],\"inLanguage\":\"fi\"},{\"@type\":\"Organization\",\"@id\":\"https:\/\/goodwill.fi\/kauppa\/#organization\",\"name\":\"Goodwill-verkkokauppa\",\"url\":\"https:\/\/goodwill.fi\/kauppa\/\",\"logo\":{\"@type\":\"ImageObject\",\"inLanguage\":\"fi\",\"@id\":\"https:\/\/goodwill.fi\/kauppa\/#\/schema\/logo\/image\/\",\"url\":\"https:\/\/goodwill.fi\/kauppa\/wp-content\/uploads\/2021\/02\/cropped-logo_gw_store-723x211-1.png\",\"contentUrl\":\"https:\/\/goodwill.fi\/kauppa\/wp-content\/uploads\/2021\/02\/cropped-logo_gw_store-723x211-1.png\",\"width\":723,\"height\":207,\"caption\":\"Goodwill-verkkokauppa\"},\"image\":{\"@id\":\"https:\/\/goodwill.fi\/kauppa\/#\/schema\/logo\/image\/\"}}]}<\/script>\n<!-- \/ Yoast SEO plugin. -->","yoast_head_json":{"title":"IITTALA KANNELLISET LASIPURKIT, 2 KPL - Goodwill-verkkokauppa","description":"Iittala kannelliset yhden litran s\u00e4ilytyspurkit. Mitat: halkaisija 11 cm, korkeus 14 cm, paino 675 g.","robots":{"index":"index","follow":"follow","max-snippet":"max-snippet:-1","max-image-preview":"max-image-preview:large","max-video-preview":"max-video-preview:-1"},"canonical":"https:\/\/goodwill.fi\/kauppa\/tuote\/iittala-kannelliset-lasipurkit-2-kpl\/","og_locale":"fi_FI","og_type":"article","og_title":"IITTALA KANNELLISET LASIPURKIT, 2 KPL - Goodwill-verkkokauppa","og_description":"Iittala kannelliset yhden litran s\u00e4ilytyspurkit. Mitat: halkaisija 11 cm, korkeus 14 cm, paino 675 g.","og_url":"https:\/\/goodwill.fi\/kauppa\/tuote\/iittala-kannelliset-lasipurkit-2-kpl\/","og_site_name":"Goodwill-verkkokauppa","article_modified_time":"2026-04-17T12:40:07+00:00","og_image":[{"width":2014,"height":1707,"url":"https:\/\/goodwill.fi\/kauppa\/wp-content\/uploads\/2026\/04\/IMG_0369-scaled-e1776410688176.jpg","type":"image\/jpeg"}],"twitter_card":"summary_large_image","twitter_misc":{"Arvioitu lukuaika":"1 minuutti"},"schema":{"@context":"https:\/\/schema.org","@graph":[{"@type":"WebPage","@id":"https:\/\/goodwill.fi\/kauppa\/tuote\/iittala-kannelliset-lasipurkit-2-kpl\/","url":"https:\/\/goodwill.fi\/kauppa\/tuote\/iittala-kannelliset-lasipurkit-2-kpl\/","name":"IITTALA KANNELLISET LASIPURKIT, 2 KPL - Goodwill-verkkokauppa","isPartOf":{"@id":"https:\/\/goodwill.fi\/kauppa\/#website"},"primaryImageOfPage":{"@id":"https:\/\/goodwill.fi\/kauppa\/tuote\/iittala-kannelliset-lasipurkit-2-kpl\/#primaryimage"},"image":{"@id":"https:\/\/goodwill.fi\/kauppa\/tuote\/iittala-kannelliset-lasipurkit-2-kpl\/#primaryimage"},"thumbnailUrl":"https:\/\/goodwill.fi\/kauppa\/wp-content\/uploads\/2026\/04\/IMG_0369-scaled-e1776410688176.jpg","datePublished":"2026-04-17T07:11:10+00:00","dateModified":"2026-04-17T12:40:07+00:00","description":"Iittala kannelliset yhden litran s\u00e4ilytyspurkit. Mitat: halkaisija 11 cm, korkeus 14 cm, paino 675 g.","breadcrumb":{"@id":"https:\/\/goodwill.fi\/kauppa\/tuote\/iittala-kannelliset-lasipurkit-2-kpl\/#breadcrumb"},"inLanguage":"fi","potentialAction":[{"@type":"ReadAction","target":["https:\/\/goodwill.fi\/kauppa\/tuote\/iittala-kannelliset-lasipurkit-2-kpl\/"]}]},{"@type":"ImageObject","inLanguage":"fi","@id":"https:\/\/goodwill.fi\/kauppa\/tuote\/iittala-kannelliset-lasipurkit-2-kpl\/#primaryimage","url":"https:\/\/goodwill.fi\/kauppa\/wp-content\/uploads\/2026\/04\/IMG_0369-scaled-e1776410688176.jpg","contentUrl":"https:\/\/goodwill.fi\/kauppa\/wp-content\/uploads\/2026\/04\/IMG_0369-scaled-e1776410688176.jpg","width":2014,"height":1707},{"@type":"BreadcrumbList","@id":"https:\/\/goodwill.fi\/kauppa\/tuote\/iittala-kannelliset-lasipurkit-2-kpl\/#breadcrumb","itemListElement":[{"@type":"ListItem","position":1,"name":"Home","item":"https:\/\/goodwill.fi\/kauppa\/"},{"@type":"ListItem","position":2,"name":"Shop","item":"https:\/\/goodwill.fi\/kauppa\/shop\/"},{"@type":"ListItem","position":3,"name":"IITTALA KANNELLISET LASIPURKIT, 2 KPL"}]},{"@type":"WebSite","@id":"https:\/\/goodwill.fi\/kauppa\/#website","url":"https:\/\/goodwill.fi\/kauppa\/","name":"Goodwill-verkkokauppa","description":"Kierr\u00e4tysmyym\u00e4l\u00e4 verkossa","publisher":{"@id":"https:\/\/goodwill.fi\/kauppa\/#organization"},"potentialAction":[{"@type":"SearchAction","target":{"@type":"EntryPoint","urlTemplate":"https:\/\/goodwill.fi\/kauppa\/?s={search_term_string}"},"query-input":{"@type":"PropertyValueSpecification","valueRequired":true,"valueName":"search_term_string"}}],"inLanguage":"fi"},{"@type":"Organization","@id":"https:\/\/goodwill.fi\/kauppa\/#organization","name":"Goodwill-verkkokauppa","url":"https:\/\/goodwill.fi\/kauppa\/","logo":{"@type":"ImageObject","inLanguage":"fi","@id":"https:\/\/goodwill.fi\/kauppa\/#\/schema\/logo\/image\/","url":"https:\/\/goodwill.fi\/kauppa\/wp-content\/uploads\/2021\/02\/cropped-logo_gw_store-723x211-1.png","contentUrl":"https:\/\/goodwill.fi\/kauppa\/wp-content\/uploads\/2021\/02\/cropped-logo_gw_store-723x211-1.png","width":723,"height":207,"caption":"Goodwill-verkkokauppa"},"image":{"@id":"https:\/\/goodwill.fi\/kauppa\/#\/schema\/logo\/image\/"}}]}},"_links":{"self":[{"href":"https:\/\/goodwill.fi\/kauppa\/wp-json\/wp\/v2\/product\/72365","targetHints":{"allow":["GET"]}}],"collection":[{"href":"https:\/\/goodwill.fi\/kauppa\/wp-json\/wp\/v2\/product"}],"about":[{"href":"https:\/\/goodwill.fi\/kauppa\/wp-json\/wp\/v2\/types\/product"}],"replies":[{"embeddable":true,"href":"https:\/\/goodwill.fi\/kauppa\/wp-json\/wp\/v2\/comments?post=72365"}],"wp:featuredmedia":[{"embeddable":true,"href":"https:\/\/goodwill.fi\/kauppa\/wp-json\/wp\/v2\/media\/72366"}],"wp:attachment":[{"href":"https:\/\/goodwill.fi\/kauppa\/wp-json\/wp\/v2\/media?parent=72365"}],"wp:term":[{"taxonomy":"product_brand","embeddable":true,"href":"https:\/\/goodwill.fi\/kauppa\/wp-json\/wp\/v2\/product_brand?post=72365"},{"taxonomy":"product_cat","embeddable":true,"href":"https:\/\/goodwill.fi\/kauppa\/wp-json\/wp\/v2\/product_cat?post=72365"},{"taxonomy":"product_tag","embeddable":true,"href":"https:\/\/goodwill.fi\/kauppa\/wp-json\/wp\/v2\/product_tag?post=72365"}],"curies":[{"name":"wp","href":"https:\/\/api.w.org\/{rel}","templated":true}]}}