{"id":72351,"date":"2026-04-17T09:44:36","date_gmt":"2026-04-17T06:44:36","guid":{"rendered":"https:\/\/goodwill.fi\/kauppa\/?post_type=product&#038;p=72351"},"modified":"2026-04-17T10:18:58","modified_gmt":"2026-04-17T07:18:58","slug":"iittala-kaadin-ja-6-kpl-juomalaseja","status":"publish","type":"product","link":"https:\/\/goodwill.fi\/kauppa\/tuote\/iittala-kaadin-ja-6-kpl-juomalaseja\/","title":{"rendered":"IITTALA KAADIN JA 6 KPL JUOMALASEJA"},"content":{"rendered":"<p>Suunnittelija: Maire Gullichsen (kaadin), Timo Sarpaneva (juomalasit)<br \/>\nValmistaja: Iittala<br \/>\nValmistusvuosi: 1954-1957 (kaadin), 1959-1970 (juomalasit)<br \/>\nMitat kaadin: korkeus 14 cm, halkaisija 12.5 cm, paino 530 g<br \/>\nMitat lasi: korkeus 12 cm, halkaisija 6.5 cm, paino 530 g<br \/>\nV\u00e4ri: valkoinen<br \/>\nMateriaali: lasi<br \/>\nKunto: ehj\u00e4t, hieman k\u00e4yt\u00f6n j\u00e4lki\u00e4, erityisesti laseissa tahroja, ei leimatarroja<br \/>\nHuom: myyd\u00e4\u00e4n yhden kaatimen ja kuuden juomalasin settin\u00e4<\/p>\n","protected":false},"excerpt":{"rendered":"<p>Suunnittelija: Maire Gullichsen (kaadin), Timo Sarpaneva (juomalasit) Valmistaja: Iittala Valmistusvuosi: 1954-1957 (kaadin), 1959-1970 (juomalasit) Mitat kaadin: korkeus 14 cm, halkaisija 12.5 cm, paino 530 g Mitat lasi: korkeus 12 cm, halkaisija 6.5 cm, paino 530 g V\u00e4ri: valkoinen Materiaali: lasi Kunto: ehj\u00e4t, hieman k\u00e4yt\u00f6n j\u00e4lki\u00e4, erityisesti laseissa tahroja, ei leimatarroja Huom: myyd\u00e4\u00e4n yhden kaatimen ja [&hellip;]<\/p>\n","protected":false},"featured_media":72352,"comment_status":"open","ping_status":"closed","template":"","meta":[],"product_brand":[14681],"product_cat":[159,14854,166,14862,14865],"product_tag":[5680,226,627,319,563,18450,352,18448,576],"class_list":{"0":"post-72351","1":"product","2":"type-product","3":"status-publish","4":"has-post-thumbnail","6":"product_brand-iittala","7":"product_cat-kaikki","8":"product_cat-iittala","9":"product_cat-astiat-2","10":"product_cat-kupit-lasit","11":"product_cat-tarjoiluastiat","12":"product_tag-i-114","13":"product_tag-iittala","14":"product_tag-juomalasi","15":"product_tag-kaadin","16":"product_tag-kannu","17":"product_tag-kot07257","18":"product_tag-lasi","19":"product_tag-maire-gullichsen","20":"product_tag-timo-sarpaneva","22":"first","23":"instock","24":"taxable","25":"shipping-taxable","26":"purchasable","27":"product-type-simple"},"yoast_head":"<!-- This site is optimized with the Yoast SEO plugin v27.1.1 - https:\/\/yoast.com\/product\/yoast-seo-wordpress\/ -->\n<title>IITTALA KAADIN JA 6 KPL JUOMALASEJA - Goodwill-verkkokauppa<\/title>\n<meta name=\"description\" content=\"Suunnittelija: Maire Gullichsen (kaadin), Timo Sarpaneva (juomalasit) Valmistaja: Iittala Valmistusvuosi: 1954-1957 (kaadin), 1959-1970 (juomalasit)\" \/>\n<meta name=\"robots\" content=\"index, follow, max-snippet:-1, max-image-preview:large, max-video-preview:-1\" \/>\n<link rel=\"canonical\" href=\"https:\/\/goodwill.fi\/kauppa\/tuote\/iittala-kaadin-ja-6-kpl-juomalaseja\/\" \/>\n<meta property=\"og:locale\" content=\"fi_FI\" \/>\n<meta property=\"og:type\" content=\"article\" \/>\n<meta property=\"og:title\" content=\"IITTALA KAADIN JA 6 KPL JUOMALASEJA - Goodwill-verkkokauppa\" \/>\n<meta property=\"og:description\" content=\"Suunnittelija: Maire Gullichsen (kaadin), Timo Sarpaneva (juomalasit) Valmistaja: Iittala Valmistusvuosi: 1954-1957 (kaadin), 1959-1970 (juomalasit)\" \/>\n<meta property=\"og:url\" content=\"https:\/\/goodwill.fi\/kauppa\/tuote\/iittala-kaadin-ja-6-kpl-juomalaseja\/\" \/>\n<meta property=\"og:site_name\" content=\"Goodwill-verkkokauppa\" \/>\n<meta property=\"article:modified_time\" content=\"2026-04-17T07:18:58+00:00\" \/>\n<meta property=\"og:image\" content=\"https:\/\/goodwill.fi\/kauppa\/wp-content\/uploads\/2026\/04\/IMG_0392-scaled-e1776409431571.jpg\" \/>\n\t<meta property=\"og:image:width\" content=\"1230\" \/>\n\t<meta property=\"og:image:height\" content=\"1707\" \/>\n\t<meta property=\"og:image:type\" content=\"image\/jpeg\" \/>\n<meta name=\"twitter:card\" content=\"summary_large_image\" \/>\n<meta name=\"twitter:label1\" content=\"Arvioitu lukuaika\" \/>\n\t<meta name=\"twitter:data1\" content=\"1 minuutti\" \/>\n<script type=\"application\/ld+json\" class=\"yoast-schema-graph\">{\"@context\":\"https:\/\/schema.org\",\"@graph\":[{\"@type\":\"WebPage\",\"@id\":\"https:\/\/goodwill.fi\/kauppa\/tuote\/iittala-kaadin-ja-6-kpl-juomalaseja\/\",\"url\":\"https:\/\/goodwill.fi\/kauppa\/tuote\/iittala-kaadin-ja-6-kpl-juomalaseja\/\",\"name\":\"IITTALA KAADIN JA 6 KPL JUOMALASEJA - Goodwill-verkkokauppa\",\"isPartOf\":{\"@id\":\"https:\/\/goodwill.fi\/kauppa\/#website\"},\"primaryImageOfPage\":{\"@id\":\"https:\/\/goodwill.fi\/kauppa\/tuote\/iittala-kaadin-ja-6-kpl-juomalaseja\/#primaryimage\"},\"image\":{\"@id\":\"https:\/\/goodwill.fi\/kauppa\/tuote\/iittala-kaadin-ja-6-kpl-juomalaseja\/#primaryimage\"},\"thumbnailUrl\":\"https:\/\/goodwill.fi\/kauppa\/wp-content\/uploads\/2026\/04\/IMG_0392-scaled-e1776409431571.jpg\",\"datePublished\":\"2026-04-17T06:44:36+00:00\",\"dateModified\":\"2026-04-17T07:18:58+00:00\",\"description\":\"Suunnittelija: Maire Gullichsen (kaadin), Timo Sarpaneva (juomalasit) Valmistaja: Iittala Valmistusvuosi: 1954-1957 (kaadin), 1959-1970 (juomalasit)\",\"breadcrumb\":{\"@id\":\"https:\/\/goodwill.fi\/kauppa\/tuote\/iittala-kaadin-ja-6-kpl-juomalaseja\/#breadcrumb\"},\"inLanguage\":\"fi\",\"potentialAction\":[{\"@type\":\"ReadAction\",\"target\":[\"https:\/\/goodwill.fi\/kauppa\/tuote\/iittala-kaadin-ja-6-kpl-juomalaseja\/\"]}]},{\"@type\":\"ImageObject\",\"inLanguage\":\"fi\",\"@id\":\"https:\/\/goodwill.fi\/kauppa\/tuote\/iittala-kaadin-ja-6-kpl-juomalaseja\/#primaryimage\",\"url\":\"https:\/\/goodwill.fi\/kauppa\/wp-content\/uploads\/2026\/04\/IMG_0392-scaled-e1776409431571.jpg\",\"contentUrl\":\"https:\/\/goodwill.fi\/kauppa\/wp-content\/uploads\/2026\/04\/IMG_0392-scaled-e1776409431571.jpg\",\"width\":1230,\"height\":1707},{\"@type\":\"BreadcrumbList\",\"@id\":\"https:\/\/goodwill.fi\/kauppa\/tuote\/iittala-kaadin-ja-6-kpl-juomalaseja\/#breadcrumb\",\"itemListElement\":[{\"@type\":\"ListItem\",\"position\":1,\"name\":\"Home\",\"item\":\"https:\/\/goodwill.fi\/kauppa\/\"},{\"@type\":\"ListItem\",\"position\":2,\"name\":\"Shop\",\"item\":\"https:\/\/goodwill.fi\/kauppa\/shop\/\"},{\"@type\":\"ListItem\",\"position\":3,\"name\":\"IITTALA KAADIN JA 6 KPL JUOMALASEJA\"}]},{\"@type\":\"WebSite\",\"@id\":\"https:\/\/goodwill.fi\/kauppa\/#website\",\"url\":\"https:\/\/goodwill.fi\/kauppa\/\",\"name\":\"Goodwill-verkkokauppa\",\"description\":\"Kierr\u00e4tysmyym\u00e4l\u00e4 verkossa\",\"publisher\":{\"@id\":\"https:\/\/goodwill.fi\/kauppa\/#organization\"},\"potentialAction\":[{\"@type\":\"SearchAction\",\"target\":{\"@type\":\"EntryPoint\",\"urlTemplate\":\"https:\/\/goodwill.fi\/kauppa\/?s={search_term_string}\"},\"query-input\":{\"@type\":\"PropertyValueSpecification\",\"valueRequired\":true,\"valueName\":\"search_term_string\"}}],\"inLanguage\":\"fi\"},{\"@type\":\"Organization\",\"@id\":\"https:\/\/goodwill.fi\/kauppa\/#organization\",\"name\":\"Goodwill-verkkokauppa\",\"url\":\"https:\/\/goodwill.fi\/kauppa\/\",\"logo\":{\"@type\":\"ImageObject\",\"inLanguage\":\"fi\",\"@id\":\"https:\/\/goodwill.fi\/kauppa\/#\/schema\/logo\/image\/\",\"url\":\"https:\/\/goodwill.fi\/kauppa\/wp-content\/uploads\/2021\/02\/cropped-logo_gw_store-723x211-1.png\",\"contentUrl\":\"https:\/\/goodwill.fi\/kauppa\/wp-content\/uploads\/2021\/02\/cropped-logo_gw_store-723x211-1.png\",\"width\":723,\"height\":207,\"caption\":\"Goodwill-verkkokauppa\"},\"image\":{\"@id\":\"https:\/\/goodwill.fi\/kauppa\/#\/schema\/logo\/image\/\"}}]}<\/script>\n<!-- \/ Yoast SEO plugin. -->","yoast_head_json":{"title":"IITTALA KAADIN JA 6 KPL JUOMALASEJA - Goodwill-verkkokauppa","description":"Suunnittelija: Maire Gullichsen (kaadin), Timo Sarpaneva (juomalasit) Valmistaja: Iittala Valmistusvuosi: 1954-1957 (kaadin), 1959-1970 (juomalasit)","robots":{"index":"index","follow":"follow","max-snippet":"max-snippet:-1","max-image-preview":"max-image-preview:large","max-video-preview":"max-video-preview:-1"},"canonical":"https:\/\/goodwill.fi\/kauppa\/tuote\/iittala-kaadin-ja-6-kpl-juomalaseja\/","og_locale":"fi_FI","og_type":"article","og_title":"IITTALA KAADIN JA 6 KPL JUOMALASEJA - Goodwill-verkkokauppa","og_description":"Suunnittelija: Maire Gullichsen (kaadin), Timo Sarpaneva (juomalasit) Valmistaja: Iittala Valmistusvuosi: 1954-1957 (kaadin), 1959-1970 (juomalasit)","og_url":"https:\/\/goodwill.fi\/kauppa\/tuote\/iittala-kaadin-ja-6-kpl-juomalaseja\/","og_site_name":"Goodwill-verkkokauppa","article_modified_time":"2026-04-17T07:18:58+00:00","og_image":[{"width":1230,"height":1707,"url":"https:\/\/goodwill.fi\/kauppa\/wp-content\/uploads\/2026\/04\/IMG_0392-scaled-e1776409431571.jpg","type":"image\/jpeg"}],"twitter_card":"summary_large_image","twitter_misc":{"Arvioitu lukuaika":"1 minuutti"},"schema":{"@context":"https:\/\/schema.org","@graph":[{"@type":"WebPage","@id":"https:\/\/goodwill.fi\/kauppa\/tuote\/iittala-kaadin-ja-6-kpl-juomalaseja\/","url":"https:\/\/goodwill.fi\/kauppa\/tuote\/iittala-kaadin-ja-6-kpl-juomalaseja\/","name":"IITTALA KAADIN JA 6 KPL JUOMALASEJA - Goodwill-verkkokauppa","isPartOf":{"@id":"https:\/\/goodwill.fi\/kauppa\/#website"},"primaryImageOfPage":{"@id":"https:\/\/goodwill.fi\/kauppa\/tuote\/iittala-kaadin-ja-6-kpl-juomalaseja\/#primaryimage"},"image":{"@id":"https:\/\/goodwill.fi\/kauppa\/tuote\/iittala-kaadin-ja-6-kpl-juomalaseja\/#primaryimage"},"thumbnailUrl":"https:\/\/goodwill.fi\/kauppa\/wp-content\/uploads\/2026\/04\/IMG_0392-scaled-e1776409431571.jpg","datePublished":"2026-04-17T06:44:36+00:00","dateModified":"2026-04-17T07:18:58+00:00","description":"Suunnittelija: Maire Gullichsen (kaadin), Timo Sarpaneva (juomalasit) Valmistaja: Iittala Valmistusvuosi: 1954-1957 (kaadin), 1959-1970 (juomalasit)","breadcrumb":{"@id":"https:\/\/goodwill.fi\/kauppa\/tuote\/iittala-kaadin-ja-6-kpl-juomalaseja\/#breadcrumb"},"inLanguage":"fi","potentialAction":[{"@type":"ReadAction","target":["https:\/\/goodwill.fi\/kauppa\/tuote\/iittala-kaadin-ja-6-kpl-juomalaseja\/"]}]},{"@type":"ImageObject","inLanguage":"fi","@id":"https:\/\/goodwill.fi\/kauppa\/tuote\/iittala-kaadin-ja-6-kpl-juomalaseja\/#primaryimage","url":"https:\/\/goodwill.fi\/kauppa\/wp-content\/uploads\/2026\/04\/IMG_0392-scaled-e1776409431571.jpg","contentUrl":"https:\/\/goodwill.fi\/kauppa\/wp-content\/uploads\/2026\/04\/IMG_0392-scaled-e1776409431571.jpg","width":1230,"height":1707},{"@type":"BreadcrumbList","@id":"https:\/\/goodwill.fi\/kauppa\/tuote\/iittala-kaadin-ja-6-kpl-juomalaseja\/#breadcrumb","itemListElement":[{"@type":"ListItem","position":1,"name":"Home","item":"https:\/\/goodwill.fi\/kauppa\/"},{"@type":"ListItem","position":2,"name":"Shop","item":"https:\/\/goodwill.fi\/kauppa\/shop\/"},{"@type":"ListItem","position":3,"name":"IITTALA KAADIN JA 6 KPL JUOMALASEJA"}]},{"@type":"WebSite","@id":"https:\/\/goodwill.fi\/kauppa\/#website","url":"https:\/\/goodwill.fi\/kauppa\/","name":"Goodwill-verkkokauppa","description":"Kierr\u00e4tysmyym\u00e4l\u00e4 verkossa","publisher":{"@id":"https:\/\/goodwill.fi\/kauppa\/#organization"},"potentialAction":[{"@type":"SearchAction","target":{"@type":"EntryPoint","urlTemplate":"https:\/\/goodwill.fi\/kauppa\/?s={search_term_string}"},"query-input":{"@type":"PropertyValueSpecification","valueRequired":true,"valueName":"search_term_string"}}],"inLanguage":"fi"},{"@type":"Organization","@id":"https:\/\/goodwill.fi\/kauppa\/#organization","name":"Goodwill-verkkokauppa","url":"https:\/\/goodwill.fi\/kauppa\/","logo":{"@type":"ImageObject","inLanguage":"fi","@id":"https:\/\/goodwill.fi\/kauppa\/#\/schema\/logo\/image\/","url":"https:\/\/goodwill.fi\/kauppa\/wp-content\/uploads\/2021\/02\/cropped-logo_gw_store-723x211-1.png","contentUrl":"https:\/\/goodwill.fi\/kauppa\/wp-content\/uploads\/2021\/02\/cropped-logo_gw_store-723x211-1.png","width":723,"height":207,"caption":"Goodwill-verkkokauppa"},"image":{"@id":"https:\/\/goodwill.fi\/kauppa\/#\/schema\/logo\/image\/"}}]}},"_links":{"self":[{"href":"https:\/\/goodwill.fi\/kauppa\/wp-json\/wp\/v2\/product\/72351","targetHints":{"allow":["GET"]}}],"collection":[{"href":"https:\/\/goodwill.fi\/kauppa\/wp-json\/wp\/v2\/product"}],"about":[{"href":"https:\/\/goodwill.fi\/kauppa\/wp-json\/wp\/v2\/types\/product"}],"replies":[{"embeddable":true,"href":"https:\/\/goodwill.fi\/kauppa\/wp-json\/wp\/v2\/comments?post=72351"}],"wp:featuredmedia":[{"embeddable":true,"href":"https:\/\/goodwill.fi\/kauppa\/wp-json\/wp\/v2\/media\/72352"}],"wp:attachment":[{"href":"https:\/\/goodwill.fi\/kauppa\/wp-json\/wp\/v2\/media?parent=72351"}],"wp:term":[{"taxonomy":"product_brand","embeddable":true,"href":"https:\/\/goodwill.fi\/kauppa\/wp-json\/wp\/v2\/product_brand?post=72351"},{"taxonomy":"product_cat","embeddable":true,"href":"https:\/\/goodwill.fi\/kauppa\/wp-json\/wp\/v2\/product_cat?post=72351"},{"taxonomy":"product_tag","embeddable":true,"href":"https:\/\/goodwill.fi\/kauppa\/wp-json\/wp\/v2\/product_tag?post=72351"}],"curies":[{"name":"wp","href":"https:\/\/api.w.org\/{rel}","templated":true}]}}