{"id":72199,"date":"2026-04-14T13:47:20","date_gmt":"2026-04-14T10:47:20","guid":{"rendered":"https:\/\/goodwill.fi\/kauppa\/?post_type=product&#038;p=72199"},"modified":"2026-04-14T13:47:21","modified_gmt":"2026-04-14T10:47:21","slug":"iittala-jars-sailytyspurkki","status":"publish","type":"product","link":"https:\/\/goodwill.fi\/kauppa\/tuote\/iittala-jars-sailytyspurkki\/","title":{"rendered":"IITTALA JARS -S\u00c4ILYTYSPURKKI"},"content":{"rendered":"<p>Suunnittelija: Pentagon Design<br \/>\nValmistaja: Iittala<br \/>\nMitat: korkeus kannen kanssa: 7,8 cm, halkaisija: 8,2 cm, paino: 325,7 g<br \/>\nV\u00e4ri: kirkas, punainen<br \/>\nMateriaali: puhallettu lasi<br \/>\nKunto: k\u00e4yt\u00f6n j\u00e4lki\u00e4<\/p>\n","protected":false},"excerpt":{"rendered":"<p>Suunnittelija: Pentagon Design Valmistaja: Iittala Mitat: korkeus kannen kanssa: 7,8 cm, halkaisija: 8,2 cm, paino: 325,7 g V\u00e4ri: kirkas, punainen Materiaali: puhallettu lasi Kunto: k\u00e4yt\u00f6n j\u00e4lki\u00e4<\/p>\n","protected":false},"featured_media":72200,"comment_status":"open","ping_status":"closed","template":"","meta":[],"product_brand":[14681],"product_cat":[159,14854,166,14867],"product_tag":[226,18429,12973,18431,18430,248,2002],"class_list":{"0":"post-72199","1":"product","2":"type-product","3":"status-publish","4":"has-post-thumbnail","6":"product_brand-iittala","7":"product_cat-kaikki","8":"product_cat-iittala","9":"product_cat-astiat-2","10":"product_cat-muut-keittiotarvikkeet","11":"product_tag-iittala","12":"product_tag-iittala-jars","13":"product_tag-kannellinen-purkki","14":"product_tag-kem01797","15":"product_tag-pentagon-design","16":"product_tag-purkki","17":"product_tag-sailytyspurkki","19":"first","20":"instock","21":"taxable","22":"shipping-taxable","23":"purchasable","24":"product-type-simple"},"yoast_head":"<!-- This site is optimized with the Yoast SEO plugin v27.1.1 - https:\/\/yoast.com\/product\/yoast-seo-wordpress\/ -->\n<title>IITTALA JARS -S\u00c4ILYTYSPURKKI - Goodwill-verkkokauppa<\/title>\n<meta name=\"description\" content=\"Suunnittelija: Pentagon DesignValmistaja: IittalaMitat: korkeus kannen kanssa: 7,8 cm, halkaisija: 8,2 cm, paino: 325,7 g\" \/>\n<meta name=\"robots\" content=\"index, follow, max-snippet:-1, max-image-preview:large, max-video-preview:-1\" \/>\n<link rel=\"canonical\" href=\"https:\/\/goodwill.fi\/kauppa\/tuote\/iittala-jars-sailytyspurkki\/\" \/>\n<meta property=\"og:locale\" content=\"fi_FI\" \/>\n<meta property=\"og:type\" content=\"article\" \/>\n<meta property=\"og:title\" content=\"IITTALA JARS -S\u00c4ILYTYSPURKKI - Goodwill-verkkokauppa\" \/>\n<meta property=\"og:description\" content=\"Suunnittelija: Pentagon DesignValmistaja: IittalaMitat: korkeus kannen kanssa: 7,8 cm, halkaisija: 8,2 cm, paino: 325,7 g\" \/>\n<meta property=\"og:url\" content=\"https:\/\/goodwill.fi\/kauppa\/tuote\/iittala-jars-sailytyspurkki\/\" \/>\n<meta property=\"og:site_name\" content=\"Goodwill-verkkokauppa\" \/>\n<meta property=\"article:modified_time\" content=\"2026-04-14T10:47:21+00:00\" \/>\n<meta property=\"og:image\" content=\"https:\/\/goodwill.fi\/kauppa\/wp-content\/uploads\/2026\/04\/P1068917-1024x1024.jpg\" \/>\n\t<meta property=\"og:image:width\" content=\"1024\" \/>\n\t<meta property=\"og:image:height\" content=\"1024\" \/>\n\t<meta property=\"og:image:type\" content=\"image\/jpeg\" \/>\n<meta name=\"twitter:card\" content=\"summary_large_image\" \/>\n<meta name=\"twitter:label1\" content=\"Arvioitu lukuaika\" \/>\n\t<meta name=\"twitter:data1\" content=\"1 minuutti\" \/>\n<script type=\"application\/ld+json\" class=\"yoast-schema-graph\">{\"@context\":\"https:\/\/schema.org\",\"@graph\":[{\"@type\":\"WebPage\",\"@id\":\"https:\/\/goodwill.fi\/kauppa\/tuote\/iittala-jars-sailytyspurkki\/\",\"url\":\"https:\/\/goodwill.fi\/kauppa\/tuote\/iittala-jars-sailytyspurkki\/\",\"name\":\"IITTALA JARS -S\u00c4ILYTYSPURKKI - Goodwill-verkkokauppa\",\"isPartOf\":{\"@id\":\"https:\/\/goodwill.fi\/kauppa\/#website\"},\"primaryImageOfPage\":{\"@id\":\"https:\/\/goodwill.fi\/kauppa\/tuote\/iittala-jars-sailytyspurkki\/#primaryimage\"},\"image\":{\"@id\":\"https:\/\/goodwill.fi\/kauppa\/tuote\/iittala-jars-sailytyspurkki\/#primaryimage\"},\"thumbnailUrl\":\"https:\/\/goodwill.fi\/kauppa\/wp-content\/uploads\/2026\/04\/P1068917.jpg\",\"datePublished\":\"2026-04-14T10:47:20+00:00\",\"dateModified\":\"2026-04-14T10:47:21+00:00\",\"description\":\"Suunnittelija: Pentagon DesignValmistaja: IittalaMitat: korkeus kannen kanssa: 7,8 cm, halkaisija: 8,2 cm, paino: 325,7 g\",\"breadcrumb\":{\"@id\":\"https:\/\/goodwill.fi\/kauppa\/tuote\/iittala-jars-sailytyspurkki\/#breadcrumb\"},\"inLanguage\":\"fi\",\"potentialAction\":[{\"@type\":\"ReadAction\",\"target\":[\"https:\/\/goodwill.fi\/kauppa\/tuote\/iittala-jars-sailytyspurkki\/\"]}]},{\"@type\":\"ImageObject\",\"inLanguage\":\"fi\",\"@id\":\"https:\/\/goodwill.fi\/kauppa\/tuote\/iittala-jars-sailytyspurkki\/#primaryimage\",\"url\":\"https:\/\/goodwill.fi\/kauppa\/wp-content\/uploads\/2026\/04\/P1068917.jpg\",\"contentUrl\":\"https:\/\/goodwill.fi\/kauppa\/wp-content\/uploads\/2026\/04\/P1068917.jpg\",\"width\":2500,\"height\":2500},{\"@type\":\"BreadcrumbList\",\"@id\":\"https:\/\/goodwill.fi\/kauppa\/tuote\/iittala-jars-sailytyspurkki\/#breadcrumb\",\"itemListElement\":[{\"@type\":\"ListItem\",\"position\":1,\"name\":\"Home\",\"item\":\"https:\/\/goodwill.fi\/kauppa\/\"},{\"@type\":\"ListItem\",\"position\":2,\"name\":\"Shop\",\"item\":\"https:\/\/goodwill.fi\/kauppa\/shop\/\"},{\"@type\":\"ListItem\",\"position\":3,\"name\":\"IITTALA JARS -S\u00c4ILYTYSPURKKI\"}]},{\"@type\":\"WebSite\",\"@id\":\"https:\/\/goodwill.fi\/kauppa\/#website\",\"url\":\"https:\/\/goodwill.fi\/kauppa\/\",\"name\":\"Goodwill-verkkokauppa\",\"description\":\"Kierr\u00e4tysmyym\u00e4l\u00e4 verkossa\",\"publisher\":{\"@id\":\"https:\/\/goodwill.fi\/kauppa\/#organization\"},\"potentialAction\":[{\"@type\":\"SearchAction\",\"target\":{\"@type\":\"EntryPoint\",\"urlTemplate\":\"https:\/\/goodwill.fi\/kauppa\/?s={search_term_string}\"},\"query-input\":{\"@type\":\"PropertyValueSpecification\",\"valueRequired\":true,\"valueName\":\"search_term_string\"}}],\"inLanguage\":\"fi\"},{\"@type\":\"Organization\",\"@id\":\"https:\/\/goodwill.fi\/kauppa\/#organization\",\"name\":\"Goodwill-verkkokauppa\",\"url\":\"https:\/\/goodwill.fi\/kauppa\/\",\"logo\":{\"@type\":\"ImageObject\",\"inLanguage\":\"fi\",\"@id\":\"https:\/\/goodwill.fi\/kauppa\/#\/schema\/logo\/image\/\",\"url\":\"https:\/\/goodwill.fi\/kauppa\/wp-content\/uploads\/2021\/02\/cropped-logo_gw_store-723x211-1.png\",\"contentUrl\":\"https:\/\/goodwill.fi\/kauppa\/wp-content\/uploads\/2021\/02\/cropped-logo_gw_store-723x211-1.png\",\"width\":723,\"height\":207,\"caption\":\"Goodwill-verkkokauppa\"},\"image\":{\"@id\":\"https:\/\/goodwill.fi\/kauppa\/#\/schema\/logo\/image\/\"}}]}<\/script>\n<!-- \/ Yoast SEO plugin. -->","yoast_head_json":{"title":"IITTALA JARS -S\u00c4ILYTYSPURKKI - Goodwill-verkkokauppa","description":"Suunnittelija: Pentagon DesignValmistaja: IittalaMitat: korkeus kannen kanssa: 7,8 cm, halkaisija: 8,2 cm, paino: 325,7 g","robots":{"index":"index","follow":"follow","max-snippet":"max-snippet:-1","max-image-preview":"max-image-preview:large","max-video-preview":"max-video-preview:-1"},"canonical":"https:\/\/goodwill.fi\/kauppa\/tuote\/iittala-jars-sailytyspurkki\/","og_locale":"fi_FI","og_type":"article","og_title":"IITTALA JARS -S\u00c4ILYTYSPURKKI - Goodwill-verkkokauppa","og_description":"Suunnittelija: Pentagon DesignValmistaja: IittalaMitat: korkeus kannen kanssa: 7,8 cm, halkaisija: 8,2 cm, paino: 325,7 g","og_url":"https:\/\/goodwill.fi\/kauppa\/tuote\/iittala-jars-sailytyspurkki\/","og_site_name":"Goodwill-verkkokauppa","article_modified_time":"2026-04-14T10:47:21+00:00","og_image":[{"width":1024,"height":1024,"url":"https:\/\/goodwill.fi\/kauppa\/wp-content\/uploads\/2026\/04\/P1068917-1024x1024.jpg","type":"image\/jpeg"}],"twitter_card":"summary_large_image","twitter_misc":{"Arvioitu lukuaika":"1 minuutti"},"schema":{"@context":"https:\/\/schema.org","@graph":[{"@type":"WebPage","@id":"https:\/\/goodwill.fi\/kauppa\/tuote\/iittala-jars-sailytyspurkki\/","url":"https:\/\/goodwill.fi\/kauppa\/tuote\/iittala-jars-sailytyspurkki\/","name":"IITTALA JARS -S\u00c4ILYTYSPURKKI - Goodwill-verkkokauppa","isPartOf":{"@id":"https:\/\/goodwill.fi\/kauppa\/#website"},"primaryImageOfPage":{"@id":"https:\/\/goodwill.fi\/kauppa\/tuote\/iittala-jars-sailytyspurkki\/#primaryimage"},"image":{"@id":"https:\/\/goodwill.fi\/kauppa\/tuote\/iittala-jars-sailytyspurkki\/#primaryimage"},"thumbnailUrl":"https:\/\/goodwill.fi\/kauppa\/wp-content\/uploads\/2026\/04\/P1068917.jpg","datePublished":"2026-04-14T10:47:20+00:00","dateModified":"2026-04-14T10:47:21+00:00","description":"Suunnittelija: Pentagon DesignValmistaja: IittalaMitat: korkeus kannen kanssa: 7,8 cm, halkaisija: 8,2 cm, paino: 325,7 g","breadcrumb":{"@id":"https:\/\/goodwill.fi\/kauppa\/tuote\/iittala-jars-sailytyspurkki\/#breadcrumb"},"inLanguage":"fi","potentialAction":[{"@type":"ReadAction","target":["https:\/\/goodwill.fi\/kauppa\/tuote\/iittala-jars-sailytyspurkki\/"]}]},{"@type":"ImageObject","inLanguage":"fi","@id":"https:\/\/goodwill.fi\/kauppa\/tuote\/iittala-jars-sailytyspurkki\/#primaryimage","url":"https:\/\/goodwill.fi\/kauppa\/wp-content\/uploads\/2026\/04\/P1068917.jpg","contentUrl":"https:\/\/goodwill.fi\/kauppa\/wp-content\/uploads\/2026\/04\/P1068917.jpg","width":2500,"height":2500},{"@type":"BreadcrumbList","@id":"https:\/\/goodwill.fi\/kauppa\/tuote\/iittala-jars-sailytyspurkki\/#breadcrumb","itemListElement":[{"@type":"ListItem","position":1,"name":"Home","item":"https:\/\/goodwill.fi\/kauppa\/"},{"@type":"ListItem","position":2,"name":"Shop","item":"https:\/\/goodwill.fi\/kauppa\/shop\/"},{"@type":"ListItem","position":3,"name":"IITTALA JARS -S\u00c4ILYTYSPURKKI"}]},{"@type":"WebSite","@id":"https:\/\/goodwill.fi\/kauppa\/#website","url":"https:\/\/goodwill.fi\/kauppa\/","name":"Goodwill-verkkokauppa","description":"Kierr\u00e4tysmyym\u00e4l\u00e4 verkossa","publisher":{"@id":"https:\/\/goodwill.fi\/kauppa\/#organization"},"potentialAction":[{"@type":"SearchAction","target":{"@type":"EntryPoint","urlTemplate":"https:\/\/goodwill.fi\/kauppa\/?s={search_term_string}"},"query-input":{"@type":"PropertyValueSpecification","valueRequired":true,"valueName":"search_term_string"}}],"inLanguage":"fi"},{"@type":"Organization","@id":"https:\/\/goodwill.fi\/kauppa\/#organization","name":"Goodwill-verkkokauppa","url":"https:\/\/goodwill.fi\/kauppa\/","logo":{"@type":"ImageObject","inLanguage":"fi","@id":"https:\/\/goodwill.fi\/kauppa\/#\/schema\/logo\/image\/","url":"https:\/\/goodwill.fi\/kauppa\/wp-content\/uploads\/2021\/02\/cropped-logo_gw_store-723x211-1.png","contentUrl":"https:\/\/goodwill.fi\/kauppa\/wp-content\/uploads\/2021\/02\/cropped-logo_gw_store-723x211-1.png","width":723,"height":207,"caption":"Goodwill-verkkokauppa"},"image":{"@id":"https:\/\/goodwill.fi\/kauppa\/#\/schema\/logo\/image\/"}}]}},"_links":{"self":[{"href":"https:\/\/goodwill.fi\/kauppa\/wp-json\/wp\/v2\/product\/72199","targetHints":{"allow":["GET"]}}],"collection":[{"href":"https:\/\/goodwill.fi\/kauppa\/wp-json\/wp\/v2\/product"}],"about":[{"href":"https:\/\/goodwill.fi\/kauppa\/wp-json\/wp\/v2\/types\/product"}],"replies":[{"embeddable":true,"href":"https:\/\/goodwill.fi\/kauppa\/wp-json\/wp\/v2\/comments?post=72199"}],"wp:featuredmedia":[{"embeddable":true,"href":"https:\/\/goodwill.fi\/kauppa\/wp-json\/wp\/v2\/media\/72200"}],"wp:attachment":[{"href":"https:\/\/goodwill.fi\/kauppa\/wp-json\/wp\/v2\/media?parent=72199"}],"wp:term":[{"taxonomy":"product_brand","embeddable":true,"href":"https:\/\/goodwill.fi\/kauppa\/wp-json\/wp\/v2\/product_brand?post=72199"},{"taxonomy":"product_cat","embeddable":true,"href":"https:\/\/goodwill.fi\/kauppa\/wp-json\/wp\/v2\/product_cat?post=72199"},{"taxonomy":"product_tag","embeddable":true,"href":"https:\/\/goodwill.fi\/kauppa\/wp-json\/wp\/v2\/product_tag?post=72199"}],"curies":[{"name":"wp","href":"https:\/\/api.w.org\/{rel}","templated":true}]}}