{"id":70527,"date":"2026-03-17T10:33:12","date_gmt":"2026-03-17T08:33:12","guid":{"rendered":"https:\/\/goodwill.fi\/kauppa\/?post_type=product&#038;p=70527"},"modified":"2026-03-17T10:58:09","modified_gmt":"2026-03-17T08:58:09","slug":"humppila-talonpoika-tarjoilulautanen","status":"publish","type":"product","link":"https:\/\/goodwill.fi\/kauppa\/tuote\/humppila-talonpoika-tarjoilulautanen\/","title":{"rendered":"HUMPPILA TALONPOIKA TARJOILULAUTANEN"},"content":{"rendered":"<p>Valmistaja: Humppilan lasi<br \/>\nValmistusvuosi: 1972-1987<br \/>\nMitat: korkeus 2 cm, halkaisija 34 cm, paino 1688 g<br \/>\nV\u00e4ri: vihre\u00e4<br \/>\nMateriaali: valettu rakkolasi<br \/>\nKunto: ehj\u00e4, k\u00e4yt\u00f6n j\u00e4lki\u00e4, naarmuja<\/p>\n","protected":false},"excerpt":{"rendered":"<p>Valmistaja: Humppilan lasi Valmistusvuosi: 1972-1987 Mitat: korkeus 2 cm, halkaisija 34 cm, paino 1688 g V\u00e4ri: vihre\u00e4 Materiaali: valettu rakkolasi Kunto: ehj\u00e4, k\u00e4yt\u00f6n j\u00e4lki\u00e4, naarmuja<\/p>\n","protected":false},"featured_media":70532,"comment_status":"open","ping_status":"closed","template":"","meta":[],"product_brand":[14737],"product_cat":[166,14859,159,14863,14865],"product_tag":[330,224,7782,1004,453],"class_list":{"0":"post-70527","1":"product","2":"type-product","3":"status-publish","4":"has-post-thumbnail","6":"product_brand-humppilan-lasi","7":"product_cat-astiat-2","8":"product_cat-humppila","9":"product_cat-kaikki","10":"product_cat-lautaset-kulhot","11":"product_cat-tarjoiluastiat","12":"product_tag-humppila","13":"product_tag-lautanen","14":"product_tag-talonpoika","15":"product_tag-tarjoilulautanen","16":"product_tag-vihrea-2","18":"first","19":"instock","20":"taxable","21":"shipping-taxable","22":"purchasable","23":"product-type-simple"},"yoast_head":"<!-- This site is optimized with the Yoast SEO plugin v27.4 - https:\/\/yoast.com\/product\/yoast-seo-wordpress\/ -->\n<title>HUMPPILA TALONPOIKA TARJOILULAUTANEN - Goodwill-verkkokauppa<\/title>\n<meta name=\"description\" content=\"Valmistaja: Humppilan lasi Valmistusvuosi: 1972-1987 Mitat: korkeus 2 cm, halkaisija 34 cm, paino 1688 g V\u00e4ri: vihre\u00e4 Materiaali: valettu rakkolasi\" \/>\n<meta name=\"robots\" content=\"index, follow, max-snippet:-1, max-image-preview:large, max-video-preview:-1\" \/>\n<link rel=\"canonical\" href=\"https:\/\/goodwill.fi\/kauppa\/tuote\/humppila-talonpoika-tarjoilulautanen\/\" \/>\n<meta property=\"og:locale\" content=\"fi_FI\" \/>\n<meta property=\"og:type\" content=\"article\" \/>\n<meta property=\"og:title\" content=\"HUMPPILA TALONPOIKA TARJOILULAUTANEN - Goodwill-verkkokauppa\" \/>\n<meta property=\"og:description\" content=\"Valmistaja: Humppilan lasi Valmistusvuosi: 1972-1987 Mitat: korkeus 2 cm, halkaisija 34 cm, paino 1688 g V\u00e4ri: vihre\u00e4 Materiaali: valettu rakkolasi\" \/>\n<meta property=\"og:url\" content=\"https:\/\/goodwill.fi\/kauppa\/tuote\/humppila-talonpoika-tarjoilulautanen\/\" \/>\n<meta property=\"og:site_name\" content=\"Goodwill-verkkokauppa\" \/>\n<meta property=\"article:modified_time\" content=\"2026-03-17T08:58:09+00:00\" \/>\n<meta property=\"og:image\" content=\"https:\/\/goodwill.fi\/kauppa\/wp-content\/uploads\/2026\/03\/IMG_9677-scaled-e1773737294274.jpg\" \/>\n\t<meta property=\"og:image:width\" content=\"1024\" \/>\n\t<meta property=\"og:image:height\" content=\"1327\" \/>\n\t<meta property=\"og:image:type\" content=\"image\/jpeg\" \/>\n<meta name=\"twitter:card\" content=\"summary_large_image\" \/>\n<meta name=\"twitter:label1\" content=\"Arvioitu lukuaika\" \/>\n\t<meta name=\"twitter:data1\" content=\"1 minuutti\" \/>\n<script type=\"application\/ld+json\" class=\"yoast-schema-graph\">{\"@context\":\"https:\\\/\\\/schema.org\",\"@graph\":[{\"@type\":\"WebPage\",\"@id\":\"https:\\\/\\\/goodwill.fi\\\/kauppa\\\/tuote\\\/humppila-talonpoika-tarjoilulautanen\\\/\",\"url\":\"https:\\\/\\\/goodwill.fi\\\/kauppa\\\/tuote\\\/humppila-talonpoika-tarjoilulautanen\\\/\",\"name\":\"HUMPPILA TALONPOIKA TARJOILULAUTANEN - Goodwill-verkkokauppa\",\"isPartOf\":{\"@id\":\"https:\\\/\\\/goodwill.fi\\\/kauppa\\\/#website\"},\"primaryImageOfPage\":{\"@id\":\"https:\\\/\\\/goodwill.fi\\\/kauppa\\\/tuote\\\/humppila-talonpoika-tarjoilulautanen\\\/#primaryimage\"},\"image\":{\"@id\":\"https:\\\/\\\/goodwill.fi\\\/kauppa\\\/tuote\\\/humppila-talonpoika-tarjoilulautanen\\\/#primaryimage\"},\"thumbnailUrl\":\"https:\\\/\\\/goodwill.fi\\\/kauppa\\\/wp-content\\\/uploads\\\/2026\\\/03\\\/IMG_9677-scaled-e1773737294274.jpg\",\"datePublished\":\"2026-03-17T08:33:12+00:00\",\"dateModified\":\"2026-03-17T08:58:09+00:00\",\"description\":\"Valmistaja: Humppilan lasi Valmistusvuosi: 1972-1987 Mitat: korkeus 2 cm, halkaisija 34 cm, paino 1688 g V\u00e4ri: vihre\u00e4 Materiaali: valettu rakkolasi\",\"breadcrumb\":{\"@id\":\"https:\\\/\\\/goodwill.fi\\\/kauppa\\\/tuote\\\/humppila-talonpoika-tarjoilulautanen\\\/#breadcrumb\"},\"inLanguage\":\"fi\",\"potentialAction\":[{\"@type\":\"ReadAction\",\"target\":[\"https:\\\/\\\/goodwill.fi\\\/kauppa\\\/tuote\\\/humppila-talonpoika-tarjoilulautanen\\\/\"]}]},{\"@type\":\"ImageObject\",\"inLanguage\":\"fi\",\"@id\":\"https:\\\/\\\/goodwill.fi\\\/kauppa\\\/tuote\\\/humppila-talonpoika-tarjoilulautanen\\\/#primaryimage\",\"url\":\"https:\\\/\\\/goodwill.fi\\\/kauppa\\\/wp-content\\\/uploads\\\/2026\\\/03\\\/IMG_9677-scaled-e1773737294274.jpg\",\"contentUrl\":\"https:\\\/\\\/goodwill.fi\\\/kauppa\\\/wp-content\\\/uploads\\\/2026\\\/03\\\/IMG_9677-scaled-e1773737294274.jpg\",\"width\":1024,\"height\":1327},{\"@type\":\"BreadcrumbList\",\"@id\":\"https:\\\/\\\/goodwill.fi\\\/kauppa\\\/tuote\\\/humppila-talonpoika-tarjoilulautanen\\\/#breadcrumb\",\"itemListElement\":[{\"@type\":\"ListItem\",\"position\":1,\"name\":\"Home\",\"item\":\"https:\\\/\\\/goodwill.fi\\\/kauppa\\\/\"},{\"@type\":\"ListItem\",\"position\":2,\"name\":\"Shop\",\"item\":\"https:\\\/\\\/goodwill.fi\\\/kauppa\\\/shop\\\/\"},{\"@type\":\"ListItem\",\"position\":3,\"name\":\"HUMPPILA TALONPOIKA TARJOILULAUTANEN\"}]},{\"@type\":\"WebSite\",\"@id\":\"https:\\\/\\\/goodwill.fi\\\/kauppa\\\/#website\",\"url\":\"https:\\\/\\\/goodwill.fi\\\/kauppa\\\/\",\"name\":\"Goodwill-verkkokauppa\",\"description\":\"Kierr\u00e4tysmyym\u00e4l\u00e4 verkossa\",\"publisher\":{\"@id\":\"https:\\\/\\\/goodwill.fi\\\/kauppa\\\/#organization\"},\"potentialAction\":[{\"@type\":\"SearchAction\",\"target\":{\"@type\":\"EntryPoint\",\"urlTemplate\":\"https:\\\/\\\/goodwill.fi\\\/kauppa\\\/?s={search_term_string}\"},\"query-input\":{\"@type\":\"PropertyValueSpecification\",\"valueRequired\":true,\"valueName\":\"search_term_string\"}}],\"inLanguage\":\"fi\"},{\"@type\":\"Organization\",\"@id\":\"https:\\\/\\\/goodwill.fi\\\/kauppa\\\/#organization\",\"name\":\"Goodwill-verkkokauppa\",\"url\":\"https:\\\/\\\/goodwill.fi\\\/kauppa\\\/\",\"logo\":{\"@type\":\"ImageObject\",\"inLanguage\":\"fi\",\"@id\":\"https:\\\/\\\/goodwill.fi\\\/kauppa\\\/#\\\/schema\\\/logo\\\/image\\\/\",\"url\":\"https:\\\/\\\/goodwill.fi\\\/kauppa\\\/wp-content\\\/uploads\\\/2021\\\/02\\\/cropped-logo_gw_store-723x211-1.png\",\"contentUrl\":\"https:\\\/\\\/goodwill.fi\\\/kauppa\\\/wp-content\\\/uploads\\\/2021\\\/02\\\/cropped-logo_gw_store-723x211-1.png\",\"width\":723,\"height\":207,\"caption\":\"Goodwill-verkkokauppa\"},\"image\":{\"@id\":\"https:\\\/\\\/goodwill.fi\\\/kauppa\\\/#\\\/schema\\\/logo\\\/image\\\/\"}}]}<\/script>\n<!-- \/ Yoast SEO plugin. -->","yoast_head_json":{"title":"HUMPPILA TALONPOIKA TARJOILULAUTANEN - Goodwill-verkkokauppa","description":"Valmistaja: Humppilan lasi Valmistusvuosi: 1972-1987 Mitat: korkeus 2 cm, halkaisija 34 cm, paino 1688 g V\u00e4ri: vihre\u00e4 Materiaali: valettu rakkolasi","robots":{"index":"index","follow":"follow","max-snippet":"max-snippet:-1","max-image-preview":"max-image-preview:large","max-video-preview":"max-video-preview:-1"},"canonical":"https:\/\/goodwill.fi\/kauppa\/tuote\/humppila-talonpoika-tarjoilulautanen\/","og_locale":"fi_FI","og_type":"article","og_title":"HUMPPILA TALONPOIKA TARJOILULAUTANEN - Goodwill-verkkokauppa","og_description":"Valmistaja: Humppilan lasi Valmistusvuosi: 1972-1987 Mitat: korkeus 2 cm, halkaisija 34 cm, paino 1688 g V\u00e4ri: vihre\u00e4 Materiaali: valettu rakkolasi","og_url":"https:\/\/goodwill.fi\/kauppa\/tuote\/humppila-talonpoika-tarjoilulautanen\/","og_site_name":"Goodwill-verkkokauppa","article_modified_time":"2026-03-17T08:58:09+00:00","og_image":[{"width":1024,"height":1327,"url":"https:\/\/goodwill.fi\/kauppa\/wp-content\/uploads\/2026\/03\/IMG_9677-scaled-e1773737294274.jpg","type":"image\/jpeg"}],"twitter_card":"summary_large_image","twitter_misc":{"Arvioitu lukuaika":"1 minuutti"},"schema":{"@context":"https:\/\/schema.org","@graph":[{"@type":"WebPage","@id":"https:\/\/goodwill.fi\/kauppa\/tuote\/humppila-talonpoika-tarjoilulautanen\/","url":"https:\/\/goodwill.fi\/kauppa\/tuote\/humppila-talonpoika-tarjoilulautanen\/","name":"HUMPPILA TALONPOIKA TARJOILULAUTANEN - Goodwill-verkkokauppa","isPartOf":{"@id":"https:\/\/goodwill.fi\/kauppa\/#website"},"primaryImageOfPage":{"@id":"https:\/\/goodwill.fi\/kauppa\/tuote\/humppila-talonpoika-tarjoilulautanen\/#primaryimage"},"image":{"@id":"https:\/\/goodwill.fi\/kauppa\/tuote\/humppila-talonpoika-tarjoilulautanen\/#primaryimage"},"thumbnailUrl":"https:\/\/goodwill.fi\/kauppa\/wp-content\/uploads\/2026\/03\/IMG_9677-scaled-e1773737294274.jpg","datePublished":"2026-03-17T08:33:12+00:00","dateModified":"2026-03-17T08:58:09+00:00","description":"Valmistaja: Humppilan lasi Valmistusvuosi: 1972-1987 Mitat: korkeus 2 cm, halkaisija 34 cm, paino 1688 g V\u00e4ri: vihre\u00e4 Materiaali: valettu rakkolasi","breadcrumb":{"@id":"https:\/\/goodwill.fi\/kauppa\/tuote\/humppila-talonpoika-tarjoilulautanen\/#breadcrumb"},"inLanguage":"fi","potentialAction":[{"@type":"ReadAction","target":["https:\/\/goodwill.fi\/kauppa\/tuote\/humppila-talonpoika-tarjoilulautanen\/"]}]},{"@type":"ImageObject","inLanguage":"fi","@id":"https:\/\/goodwill.fi\/kauppa\/tuote\/humppila-talonpoika-tarjoilulautanen\/#primaryimage","url":"https:\/\/goodwill.fi\/kauppa\/wp-content\/uploads\/2026\/03\/IMG_9677-scaled-e1773737294274.jpg","contentUrl":"https:\/\/goodwill.fi\/kauppa\/wp-content\/uploads\/2026\/03\/IMG_9677-scaled-e1773737294274.jpg","width":1024,"height":1327},{"@type":"BreadcrumbList","@id":"https:\/\/goodwill.fi\/kauppa\/tuote\/humppila-talonpoika-tarjoilulautanen\/#breadcrumb","itemListElement":[{"@type":"ListItem","position":1,"name":"Home","item":"https:\/\/goodwill.fi\/kauppa\/"},{"@type":"ListItem","position":2,"name":"Shop","item":"https:\/\/goodwill.fi\/kauppa\/shop\/"},{"@type":"ListItem","position":3,"name":"HUMPPILA TALONPOIKA TARJOILULAUTANEN"}]},{"@type":"WebSite","@id":"https:\/\/goodwill.fi\/kauppa\/#website","url":"https:\/\/goodwill.fi\/kauppa\/","name":"Goodwill-verkkokauppa","description":"Kierr\u00e4tysmyym\u00e4l\u00e4 verkossa","publisher":{"@id":"https:\/\/goodwill.fi\/kauppa\/#organization"},"potentialAction":[{"@type":"SearchAction","target":{"@type":"EntryPoint","urlTemplate":"https:\/\/goodwill.fi\/kauppa\/?s={search_term_string}"},"query-input":{"@type":"PropertyValueSpecification","valueRequired":true,"valueName":"search_term_string"}}],"inLanguage":"fi"},{"@type":"Organization","@id":"https:\/\/goodwill.fi\/kauppa\/#organization","name":"Goodwill-verkkokauppa","url":"https:\/\/goodwill.fi\/kauppa\/","logo":{"@type":"ImageObject","inLanguage":"fi","@id":"https:\/\/goodwill.fi\/kauppa\/#\/schema\/logo\/image\/","url":"https:\/\/goodwill.fi\/kauppa\/wp-content\/uploads\/2021\/02\/cropped-logo_gw_store-723x211-1.png","contentUrl":"https:\/\/goodwill.fi\/kauppa\/wp-content\/uploads\/2021\/02\/cropped-logo_gw_store-723x211-1.png","width":723,"height":207,"caption":"Goodwill-verkkokauppa"},"image":{"@id":"https:\/\/goodwill.fi\/kauppa\/#\/schema\/logo\/image\/"}}]}},"_links":{"self":[{"href":"https:\/\/goodwill.fi\/kauppa\/wp-json\/wp\/v2\/product\/70527","targetHints":{"allow":["GET"]}}],"collection":[{"href":"https:\/\/goodwill.fi\/kauppa\/wp-json\/wp\/v2\/product"}],"about":[{"href":"https:\/\/goodwill.fi\/kauppa\/wp-json\/wp\/v2\/types\/product"}],"replies":[{"embeddable":true,"href":"https:\/\/goodwill.fi\/kauppa\/wp-json\/wp\/v2\/comments?post=70527"}],"wp:featuredmedia":[{"embeddable":true,"href":"https:\/\/goodwill.fi\/kauppa\/wp-json\/wp\/v2\/media\/70532"}],"wp:attachment":[{"href":"https:\/\/goodwill.fi\/kauppa\/wp-json\/wp\/v2\/media?parent=70527"}],"wp:term":[{"taxonomy":"product_brand","embeddable":true,"href":"https:\/\/goodwill.fi\/kauppa\/wp-json\/wp\/v2\/product_brand?post=70527"},{"taxonomy":"product_cat","embeddable":true,"href":"https:\/\/goodwill.fi\/kauppa\/wp-json\/wp\/v2\/product_cat?post=70527"},{"taxonomy":"product_tag","embeddable":true,"href":"https:\/\/goodwill.fi\/kauppa\/wp-json\/wp\/v2\/product_tag?post=70527"}],"curies":[{"name":"wp","href":"https:\/\/api.w.org\/{rel}","templated":true}]}}