{"id":6915,"date":"2022-10-03T14:19:50","date_gmt":"2022-10-03T11:19:50","guid":{"rendered":"https:\/\/goodwill.fi\/kauppa\/?post_type=product&#038;p=6915"},"modified":"2024-12-20T11:50:18","modified_gmt":"2024-12-20T09:50:18","slug":"postimerkkikokoelma-suomalaisia","status":"publish","type":"product","link":"https:\/\/goodwill.fi\/kauppa\/tuote\/postimerkkikokoelma-suomalaisia\/","title":{"rendered":"POSTIMERKKIKOKOELMA, SUOMALAISIA"},"content":{"rendered":"<p>Kokoelma suomalaisia postimerkkej\u00e4 ja postimerkkileikkeit\u00e4.<\/p>\n<p>Mitat: Paino n. 120 g<br \/>\nV\u00e4ri: moniv\u00e4rinen<br \/>\nMateriaali: paperi, pahvi<br \/>\nKunto: k\u00e4ytetty, hyv\u00e4kuntoinen\/kunto vaihteleva<br \/>\nHuom: tuotteet myyd\u00e4\u00e4n kokoelmana<\/p>\n","protected":false},"excerpt":{"rendered":"<p>Kokoelma suomalaisia postimerkkej\u00e4 ja postimerkkileikkeit\u00e4. Mitat: Paino n. 120 g V\u00e4ri: moniv\u00e4rinen Materiaali: paperi, pahvi Kunto: k\u00e4ytetty, hyv\u00e4kuntoinen\/kunto vaihteleva Huom: tuotteet myyd\u00e4\u00e4n kokoelmana<\/p>\n","protected":false},"featured_media":6837,"comment_status":"open","ping_status":"closed","template":"","meta":[],"product_brand":[],"product_cat":[159,180,182],"product_tag":[3599,4411,3588,3598,3589],"class_list":{"0":"post-6915","1":"product","2":"type-product","3":"status-publish","4":"has-post-thumbnail","6":"product_cat-kaikki","7":"product_cat-keraily-2","8":"product_cat-postimerkit","9":"product_tag-kokoelma","10":"product_tag-kot01463","11":"product_tag-postimerkki","12":"product_tag-postimerkkikokoelma","13":"product_tag-postimerkkileike","15":"first","16":"outofstock","17":"taxable","18":"shipping-taxable","19":"purchasable","20":"product-type-simple"},"yoast_head":"<!-- This site is optimized with the Yoast SEO plugin v27.1.1 - https:\/\/yoast.com\/product\/yoast-seo-wordpress\/ -->\n<title>POSTIMERKKIKOKOELMA, SUOMALAISIA - Goodwill-verkkokauppa<\/title>\n<meta name=\"description\" content=\"Kokoelma suomalaisia postimerkkej\u00e4 ja postimerkkileikkeit\u00e4. Mitat: Paino n. 120 g V\u00e4ri: moniv\u00e4rinen Materiaali: paperi, pahvi\" \/>\n<meta name=\"robots\" content=\"index, follow, max-snippet:-1, max-image-preview:large, max-video-preview:-1\" \/>\n<link rel=\"canonical\" href=\"https:\/\/goodwill.fi\/kauppa\/tuote\/postimerkkikokoelma-suomalaisia\/\" \/>\n<meta property=\"og:locale\" content=\"fi_FI\" \/>\n<meta property=\"og:type\" content=\"article\" \/>\n<meta property=\"og:title\" content=\"POSTIMERKKIKOKOELMA, SUOMALAISIA - Goodwill-verkkokauppa\" \/>\n<meta property=\"og:description\" content=\"Kokoelma suomalaisia postimerkkej\u00e4 ja postimerkkileikkeit\u00e4. Mitat: Paino n. 120 g V\u00e4ri: moniv\u00e4rinen Materiaali: paperi, pahvi\" \/>\n<meta property=\"og:url\" content=\"https:\/\/goodwill.fi\/kauppa\/tuote\/postimerkkikokoelma-suomalaisia\/\" \/>\n<meta property=\"og:site_name\" content=\"Goodwill-verkkokauppa\" \/>\n<meta property=\"article:modified_time\" content=\"2024-12-20T09:50:18+00:00\" \/>\n<meta property=\"og:image\" content=\"https:\/\/goodwill.fi\/kauppa\/wp-content\/uploads\/2022\/10\/IMG_1478-scaled.jpg\" \/>\n\t<meta property=\"og:image:width\" content=\"2560\" \/>\n\t<meta property=\"og:image:height\" content=\"1707\" \/>\n\t<meta property=\"og:image:type\" content=\"image\/jpeg\" \/>\n<meta name=\"twitter:card\" content=\"summary_large_image\" \/>\n<meta name=\"twitter:label1\" content=\"Arvioitu lukuaika\" \/>\n\t<meta name=\"twitter:data1\" content=\"1 minuutti\" \/>\n<script type=\"application\/ld+json\" class=\"yoast-schema-graph\">{\"@context\":\"https:\/\/schema.org\",\"@graph\":[{\"@type\":\"WebPage\",\"@id\":\"https:\/\/goodwill.fi\/kauppa\/tuote\/postimerkkikokoelma-suomalaisia\/\",\"url\":\"https:\/\/goodwill.fi\/kauppa\/tuote\/postimerkkikokoelma-suomalaisia\/\",\"name\":\"POSTIMERKKIKOKOELMA, SUOMALAISIA - Goodwill-verkkokauppa\",\"isPartOf\":{\"@id\":\"https:\/\/goodwill.fi\/kauppa\/#website\"},\"primaryImageOfPage\":{\"@id\":\"https:\/\/goodwill.fi\/kauppa\/tuote\/postimerkkikokoelma-suomalaisia\/#primaryimage\"},\"image\":{\"@id\":\"https:\/\/goodwill.fi\/kauppa\/tuote\/postimerkkikokoelma-suomalaisia\/#primaryimage\"},\"thumbnailUrl\":\"https:\/\/goodwill.fi\/kauppa\/wp-content\/uploads\/2022\/10\/IMG_1478-scaled.jpg\",\"datePublished\":\"2022-10-03T11:19:50+00:00\",\"dateModified\":\"2024-12-20T09:50:18+00:00\",\"description\":\"Kokoelma suomalaisia postimerkkej\u00e4 ja postimerkkileikkeit\u00e4. Mitat: Paino n. 120 g V\u00e4ri: moniv\u00e4rinen Materiaali: paperi, pahvi\",\"breadcrumb\":{\"@id\":\"https:\/\/goodwill.fi\/kauppa\/tuote\/postimerkkikokoelma-suomalaisia\/#breadcrumb\"},\"inLanguage\":\"fi\",\"potentialAction\":[{\"@type\":\"ReadAction\",\"target\":[\"https:\/\/goodwill.fi\/kauppa\/tuote\/postimerkkikokoelma-suomalaisia\/\"]}]},{\"@type\":\"ImageObject\",\"inLanguage\":\"fi\",\"@id\":\"https:\/\/goodwill.fi\/kauppa\/tuote\/postimerkkikokoelma-suomalaisia\/#primaryimage\",\"url\":\"https:\/\/goodwill.fi\/kauppa\/wp-content\/uploads\/2022\/10\/IMG_1478-scaled.jpg\",\"contentUrl\":\"https:\/\/goodwill.fi\/kauppa\/wp-content\/uploads\/2022\/10\/IMG_1478-scaled.jpg\",\"width\":2560,\"height\":1707},{\"@type\":\"BreadcrumbList\",\"@id\":\"https:\/\/goodwill.fi\/kauppa\/tuote\/postimerkkikokoelma-suomalaisia\/#breadcrumb\",\"itemListElement\":[{\"@type\":\"ListItem\",\"position\":1,\"name\":\"Home\",\"item\":\"https:\/\/goodwill.fi\/kauppa\/\"},{\"@type\":\"ListItem\",\"position\":2,\"name\":\"Shop\",\"item\":\"https:\/\/goodwill.fi\/kauppa\/shop\/\"},{\"@type\":\"ListItem\",\"position\":3,\"name\":\"POSTIMERKKIKOKOELMA, SUOMALAISIA\"}]},{\"@type\":\"WebSite\",\"@id\":\"https:\/\/goodwill.fi\/kauppa\/#website\",\"url\":\"https:\/\/goodwill.fi\/kauppa\/\",\"name\":\"Goodwill-verkkokauppa\",\"description\":\"Kierr\u00e4tysmyym\u00e4l\u00e4 verkossa\",\"publisher\":{\"@id\":\"https:\/\/goodwill.fi\/kauppa\/#organization\"},\"potentialAction\":[{\"@type\":\"SearchAction\",\"target\":{\"@type\":\"EntryPoint\",\"urlTemplate\":\"https:\/\/goodwill.fi\/kauppa\/?s={search_term_string}\"},\"query-input\":{\"@type\":\"PropertyValueSpecification\",\"valueRequired\":true,\"valueName\":\"search_term_string\"}}],\"inLanguage\":\"fi\"},{\"@type\":\"Organization\",\"@id\":\"https:\/\/goodwill.fi\/kauppa\/#organization\",\"name\":\"Goodwill-verkkokauppa\",\"url\":\"https:\/\/goodwill.fi\/kauppa\/\",\"logo\":{\"@type\":\"ImageObject\",\"inLanguage\":\"fi\",\"@id\":\"https:\/\/goodwill.fi\/kauppa\/#\/schema\/logo\/image\/\",\"url\":\"https:\/\/goodwill.fi\/kauppa\/wp-content\/uploads\/2021\/02\/cropped-logo_gw_store-723x211-1.png\",\"contentUrl\":\"https:\/\/goodwill.fi\/kauppa\/wp-content\/uploads\/2021\/02\/cropped-logo_gw_store-723x211-1.png\",\"width\":723,\"height\":207,\"caption\":\"Goodwill-verkkokauppa\"},\"image\":{\"@id\":\"https:\/\/goodwill.fi\/kauppa\/#\/schema\/logo\/image\/\"}}]}<\/script>\n<!-- \/ Yoast SEO plugin. -->","yoast_head_json":{"title":"POSTIMERKKIKOKOELMA, SUOMALAISIA - Goodwill-verkkokauppa","description":"Kokoelma suomalaisia postimerkkej\u00e4 ja postimerkkileikkeit\u00e4. Mitat: Paino n. 120 g V\u00e4ri: moniv\u00e4rinen Materiaali: paperi, pahvi","robots":{"index":"index","follow":"follow","max-snippet":"max-snippet:-1","max-image-preview":"max-image-preview:large","max-video-preview":"max-video-preview:-1"},"canonical":"https:\/\/goodwill.fi\/kauppa\/tuote\/postimerkkikokoelma-suomalaisia\/","og_locale":"fi_FI","og_type":"article","og_title":"POSTIMERKKIKOKOELMA, SUOMALAISIA - Goodwill-verkkokauppa","og_description":"Kokoelma suomalaisia postimerkkej\u00e4 ja postimerkkileikkeit\u00e4. Mitat: Paino n. 120 g V\u00e4ri: moniv\u00e4rinen Materiaali: paperi, pahvi","og_url":"https:\/\/goodwill.fi\/kauppa\/tuote\/postimerkkikokoelma-suomalaisia\/","og_site_name":"Goodwill-verkkokauppa","article_modified_time":"2024-12-20T09:50:18+00:00","og_image":[{"width":2560,"height":1707,"url":"https:\/\/goodwill.fi\/kauppa\/wp-content\/uploads\/2022\/10\/IMG_1478-scaled.jpg","type":"image\/jpeg"}],"twitter_card":"summary_large_image","twitter_misc":{"Arvioitu lukuaika":"1 minuutti"},"schema":{"@context":"https:\/\/schema.org","@graph":[{"@type":"WebPage","@id":"https:\/\/goodwill.fi\/kauppa\/tuote\/postimerkkikokoelma-suomalaisia\/","url":"https:\/\/goodwill.fi\/kauppa\/tuote\/postimerkkikokoelma-suomalaisia\/","name":"POSTIMERKKIKOKOELMA, SUOMALAISIA - Goodwill-verkkokauppa","isPartOf":{"@id":"https:\/\/goodwill.fi\/kauppa\/#website"},"primaryImageOfPage":{"@id":"https:\/\/goodwill.fi\/kauppa\/tuote\/postimerkkikokoelma-suomalaisia\/#primaryimage"},"image":{"@id":"https:\/\/goodwill.fi\/kauppa\/tuote\/postimerkkikokoelma-suomalaisia\/#primaryimage"},"thumbnailUrl":"https:\/\/goodwill.fi\/kauppa\/wp-content\/uploads\/2022\/10\/IMG_1478-scaled.jpg","datePublished":"2022-10-03T11:19:50+00:00","dateModified":"2024-12-20T09:50:18+00:00","description":"Kokoelma suomalaisia postimerkkej\u00e4 ja postimerkkileikkeit\u00e4. Mitat: Paino n. 120 g V\u00e4ri: moniv\u00e4rinen Materiaali: paperi, pahvi","breadcrumb":{"@id":"https:\/\/goodwill.fi\/kauppa\/tuote\/postimerkkikokoelma-suomalaisia\/#breadcrumb"},"inLanguage":"fi","potentialAction":[{"@type":"ReadAction","target":["https:\/\/goodwill.fi\/kauppa\/tuote\/postimerkkikokoelma-suomalaisia\/"]}]},{"@type":"ImageObject","inLanguage":"fi","@id":"https:\/\/goodwill.fi\/kauppa\/tuote\/postimerkkikokoelma-suomalaisia\/#primaryimage","url":"https:\/\/goodwill.fi\/kauppa\/wp-content\/uploads\/2022\/10\/IMG_1478-scaled.jpg","contentUrl":"https:\/\/goodwill.fi\/kauppa\/wp-content\/uploads\/2022\/10\/IMG_1478-scaled.jpg","width":2560,"height":1707},{"@type":"BreadcrumbList","@id":"https:\/\/goodwill.fi\/kauppa\/tuote\/postimerkkikokoelma-suomalaisia\/#breadcrumb","itemListElement":[{"@type":"ListItem","position":1,"name":"Home","item":"https:\/\/goodwill.fi\/kauppa\/"},{"@type":"ListItem","position":2,"name":"Shop","item":"https:\/\/goodwill.fi\/kauppa\/shop\/"},{"@type":"ListItem","position":3,"name":"POSTIMERKKIKOKOELMA, SUOMALAISIA"}]},{"@type":"WebSite","@id":"https:\/\/goodwill.fi\/kauppa\/#website","url":"https:\/\/goodwill.fi\/kauppa\/","name":"Goodwill-verkkokauppa","description":"Kierr\u00e4tysmyym\u00e4l\u00e4 verkossa","publisher":{"@id":"https:\/\/goodwill.fi\/kauppa\/#organization"},"potentialAction":[{"@type":"SearchAction","target":{"@type":"EntryPoint","urlTemplate":"https:\/\/goodwill.fi\/kauppa\/?s={search_term_string}"},"query-input":{"@type":"PropertyValueSpecification","valueRequired":true,"valueName":"search_term_string"}}],"inLanguage":"fi"},{"@type":"Organization","@id":"https:\/\/goodwill.fi\/kauppa\/#organization","name":"Goodwill-verkkokauppa","url":"https:\/\/goodwill.fi\/kauppa\/","logo":{"@type":"ImageObject","inLanguage":"fi","@id":"https:\/\/goodwill.fi\/kauppa\/#\/schema\/logo\/image\/","url":"https:\/\/goodwill.fi\/kauppa\/wp-content\/uploads\/2021\/02\/cropped-logo_gw_store-723x211-1.png","contentUrl":"https:\/\/goodwill.fi\/kauppa\/wp-content\/uploads\/2021\/02\/cropped-logo_gw_store-723x211-1.png","width":723,"height":207,"caption":"Goodwill-verkkokauppa"},"image":{"@id":"https:\/\/goodwill.fi\/kauppa\/#\/schema\/logo\/image\/"}}]}},"_links":{"self":[{"href":"https:\/\/goodwill.fi\/kauppa\/wp-json\/wp\/v2\/product\/6915","targetHints":{"allow":["GET"]}}],"collection":[{"href":"https:\/\/goodwill.fi\/kauppa\/wp-json\/wp\/v2\/product"}],"about":[{"href":"https:\/\/goodwill.fi\/kauppa\/wp-json\/wp\/v2\/types\/product"}],"replies":[{"embeddable":true,"href":"https:\/\/goodwill.fi\/kauppa\/wp-json\/wp\/v2\/comments?post=6915"}],"wp:featuredmedia":[{"embeddable":true,"href":"https:\/\/goodwill.fi\/kauppa\/wp-json\/wp\/v2\/media\/6837"}],"wp:attachment":[{"href":"https:\/\/goodwill.fi\/kauppa\/wp-json\/wp\/v2\/media?parent=6915"}],"wp:term":[{"taxonomy":"product_brand","embeddable":true,"href":"https:\/\/goodwill.fi\/kauppa\/wp-json\/wp\/v2\/product_brand?post=6915"},{"taxonomy":"product_cat","embeddable":true,"href":"https:\/\/goodwill.fi\/kauppa\/wp-json\/wp\/v2\/product_cat?post=6915"},{"taxonomy":"product_tag","embeddable":true,"href":"https:\/\/goodwill.fi\/kauppa\/wp-json\/wp\/v2\/product_tag?post=6915"}],"curies":[{"name":"wp","href":"https:\/\/api.w.org\/{rel}","templated":true}]}}