{"id":68543,"date":"2026-02-16T12:27:36","date_gmt":"2026-02-16T10:27:36","guid":{"rendered":"https:\/\/goodwill.fi\/kauppa\/?post_type=product&#038;p=68543"},"modified":"2026-02-16T12:27:36","modified_gmt":"2026-02-16T10:27:36","slug":"e-blick-luukku-taulu","status":"publish","type":"product","link":"https:\/\/goodwill.fi\/kauppa\/tuote\/e-blick-luukku-taulu\/","title":{"rendered":"E. BLICK LUUKKU TAULU"},"content":{"rendered":"<p>E. Blickin valmistama &#8221;Luukku&#8221; sekatekniikka taulu. Taulu on ollut esill\u00e4 Porvoon taidehallissa vuonna 1990.<\/p>\n<p>Valmistaja: Esa Blick<br \/>\nValmistusvuosi: 1984<br \/>\nMitat: korkeus 46 cm, leveys 43 cm, paino 2770 g<br \/>\nV\u00e4ri: vaaleansininen, valkoinen<br \/>\nMateriaali: puu, kangas,<br \/>\nKunto: ehj\u00e4, kulumaa, pient\u00e4 v\u00e4rj\u00e4ym\u00e4\u00e4<\/p>\n","protected":false},"excerpt":{"rendered":"<p>E. Blickin valmistama &#8221;Luukku&#8221; sekatekniikka taulu. Taulu on ollut esill\u00e4 Porvoon taidehallissa vuonna 1990. Valmistaja: Esa Blick Valmistusvuosi: 1984 Mitat: korkeus 46 cm, leveys 43 cm, paino 2770 g V\u00e4ri: vaaleansininen, valkoinen Materiaali: puu, kangas, Kunto: ehj\u00e4, kulumaa, pient\u00e4 v\u00e4rj\u00e4ym\u00e4\u00e4<\/p>\n","protected":false},"featured_media":68545,"comment_status":"open","ping_status":"closed","template":"","meta":[],"product_brand":[],"product_cat":[159,180,171],"product_tag":[4373,17990,17764,3931,17991,12750,755],"class_list":{"0":"post-68543","1":"product","2":"type-product","3":"status-publish","4":"has-post-thumbnail","6":"product_cat-kaikki","7":"product_cat-keraily-2","8":"product_cat-taulut-2","9":"product_tag-4373","10":"product_tag-e-blick","11":"product_tag-luukku","12":"product_tag-maalaus","13":"product_tag-porvoon-taidehalli","14":"product_tag-sekatekniikka","15":"product_tag-taulu","17":"first","18":"instock","19":"taxable","20":"shipping-taxable","21":"purchasable","22":"product-type-simple"},"yoast_head":"<!-- This site is optimized with the Yoast SEO plugin v27.1.1 - https:\/\/yoast.com\/product\/yoast-seo-wordpress\/ -->\n<title>E. BLICK LUUKKU TAULU - Goodwill-verkkokauppa<\/title>\n<meta name=\"description\" content=\"E. Blickin valmistama &quot;Luukku&quot; sekatekniikka taulu. Taulu on ollut esill\u00e4 Porvoon taidehallissa vuonna 1990. Valmistaja: E. Blick Valmistusvuosi: 1984\" \/>\n<meta name=\"robots\" content=\"index, follow, max-snippet:-1, max-image-preview:large, max-video-preview:-1\" \/>\n<link rel=\"canonical\" href=\"https:\/\/goodwill.fi\/kauppa\/tuote\/e-blick-luukku-taulu\/\" \/>\n<meta property=\"og:locale\" content=\"fi_FI\" \/>\n<meta property=\"og:type\" content=\"article\" \/>\n<meta property=\"og:title\" content=\"E. BLICK LUUKKU TAULU - Goodwill-verkkokauppa\" \/>\n<meta property=\"og:description\" content=\"E. Blickin valmistama &quot;Luukku&quot; sekatekniikka taulu. Taulu on ollut esill\u00e4 Porvoon taidehallissa vuonna 1990. Valmistaja: E. Blick Valmistusvuosi: 1984\" \/>\n<meta property=\"og:url\" content=\"https:\/\/goodwill.fi\/kauppa\/tuote\/e-blick-luukku-taulu\/\" \/>\n<meta property=\"og:site_name\" content=\"Goodwill-verkkokauppa\" \/>\n<meta property=\"og:image\" content=\"https:\/\/goodwill.fi\/kauppa\/wp-content\/uploads\/2026\/02\/IMG_8326-scaled-e1771235161488.jpg\" \/>\n\t<meta property=\"og:image:width\" content=\"2513\" \/>\n\t<meta property=\"og:image:height\" content=\"1707\" \/>\n\t<meta property=\"og:image:type\" content=\"image\/jpeg\" \/>\n<meta name=\"twitter:card\" content=\"summary_large_image\" \/>\n<meta name=\"twitter:label1\" content=\"Arvioitu lukuaika\" \/>\n\t<meta name=\"twitter:data1\" content=\"1 minuutti\" \/>\n<script type=\"application\/ld+json\" class=\"yoast-schema-graph\">{\"@context\":\"https:\/\/schema.org\",\"@graph\":[{\"@type\":\"WebPage\",\"@id\":\"https:\/\/goodwill.fi\/kauppa\/tuote\/e-blick-luukku-taulu\/\",\"url\":\"https:\/\/goodwill.fi\/kauppa\/tuote\/e-blick-luukku-taulu\/\",\"name\":\"E. BLICK LUUKKU TAULU - Goodwill-verkkokauppa\",\"isPartOf\":{\"@id\":\"https:\/\/goodwill.fi\/kauppa\/#website\"},\"primaryImageOfPage\":{\"@id\":\"https:\/\/goodwill.fi\/kauppa\/tuote\/e-blick-luukku-taulu\/#primaryimage\"},\"image\":{\"@id\":\"https:\/\/goodwill.fi\/kauppa\/tuote\/e-blick-luukku-taulu\/#primaryimage\"},\"thumbnailUrl\":\"https:\/\/goodwill.fi\/kauppa\/wp-content\/uploads\/2026\/02\/IMG_8326-scaled-e1771235161488.jpg\",\"datePublished\":\"2026-02-16T10:27:36+00:00\",\"description\":\"E. Blickin valmistama \\\"Luukku\\\" sekatekniikka taulu. Taulu on ollut esill\u00e4 Porvoon taidehallissa vuonna 1990. Valmistaja: E. Blick Valmistusvuosi: 1984\",\"breadcrumb\":{\"@id\":\"https:\/\/goodwill.fi\/kauppa\/tuote\/e-blick-luukku-taulu\/#breadcrumb\"},\"inLanguage\":\"fi\",\"potentialAction\":[{\"@type\":\"ReadAction\",\"target\":[\"https:\/\/goodwill.fi\/kauppa\/tuote\/e-blick-luukku-taulu\/\"]}]},{\"@type\":\"ImageObject\",\"inLanguage\":\"fi\",\"@id\":\"https:\/\/goodwill.fi\/kauppa\/tuote\/e-blick-luukku-taulu\/#primaryimage\",\"url\":\"https:\/\/goodwill.fi\/kauppa\/wp-content\/uploads\/2026\/02\/IMG_8326-scaled-e1771235161488.jpg\",\"contentUrl\":\"https:\/\/goodwill.fi\/kauppa\/wp-content\/uploads\/2026\/02\/IMG_8326-scaled-e1771235161488.jpg\",\"width\":2513,\"height\":1707},{\"@type\":\"BreadcrumbList\",\"@id\":\"https:\/\/goodwill.fi\/kauppa\/tuote\/e-blick-luukku-taulu\/#breadcrumb\",\"itemListElement\":[{\"@type\":\"ListItem\",\"position\":1,\"name\":\"Home\",\"item\":\"https:\/\/goodwill.fi\/kauppa\/\"},{\"@type\":\"ListItem\",\"position\":2,\"name\":\"Shop\",\"item\":\"https:\/\/goodwill.fi\/kauppa\/shop\/\"},{\"@type\":\"ListItem\",\"position\":3,\"name\":\"E. BLICK LUUKKU TAULU\"}]},{\"@type\":\"WebSite\",\"@id\":\"https:\/\/goodwill.fi\/kauppa\/#website\",\"url\":\"https:\/\/goodwill.fi\/kauppa\/\",\"name\":\"Goodwill-verkkokauppa\",\"description\":\"Kierr\u00e4tysmyym\u00e4l\u00e4 verkossa\",\"publisher\":{\"@id\":\"https:\/\/goodwill.fi\/kauppa\/#organization\"},\"potentialAction\":[{\"@type\":\"SearchAction\",\"target\":{\"@type\":\"EntryPoint\",\"urlTemplate\":\"https:\/\/goodwill.fi\/kauppa\/?s={search_term_string}\"},\"query-input\":{\"@type\":\"PropertyValueSpecification\",\"valueRequired\":true,\"valueName\":\"search_term_string\"}}],\"inLanguage\":\"fi\"},{\"@type\":\"Organization\",\"@id\":\"https:\/\/goodwill.fi\/kauppa\/#organization\",\"name\":\"Goodwill-verkkokauppa\",\"url\":\"https:\/\/goodwill.fi\/kauppa\/\",\"logo\":{\"@type\":\"ImageObject\",\"inLanguage\":\"fi\",\"@id\":\"https:\/\/goodwill.fi\/kauppa\/#\/schema\/logo\/image\/\",\"url\":\"https:\/\/goodwill.fi\/kauppa\/wp-content\/uploads\/2021\/02\/cropped-logo_gw_store-723x211-1.png\",\"contentUrl\":\"https:\/\/goodwill.fi\/kauppa\/wp-content\/uploads\/2021\/02\/cropped-logo_gw_store-723x211-1.png\",\"width\":723,\"height\":207,\"caption\":\"Goodwill-verkkokauppa\"},\"image\":{\"@id\":\"https:\/\/goodwill.fi\/kauppa\/#\/schema\/logo\/image\/\"}}]}<\/script>\n<!-- \/ Yoast SEO plugin. -->","yoast_head_json":{"title":"E. BLICK LUUKKU TAULU - Goodwill-verkkokauppa","description":"E. Blickin valmistama \"Luukku\" sekatekniikka taulu. Taulu on ollut esill\u00e4 Porvoon taidehallissa vuonna 1990. Valmistaja: E. Blick Valmistusvuosi: 1984","robots":{"index":"index","follow":"follow","max-snippet":"max-snippet:-1","max-image-preview":"max-image-preview:large","max-video-preview":"max-video-preview:-1"},"canonical":"https:\/\/goodwill.fi\/kauppa\/tuote\/e-blick-luukku-taulu\/","og_locale":"fi_FI","og_type":"article","og_title":"E. BLICK LUUKKU TAULU - Goodwill-verkkokauppa","og_description":"E. Blickin valmistama \"Luukku\" sekatekniikka taulu. Taulu on ollut esill\u00e4 Porvoon taidehallissa vuonna 1990. Valmistaja: E. Blick Valmistusvuosi: 1984","og_url":"https:\/\/goodwill.fi\/kauppa\/tuote\/e-blick-luukku-taulu\/","og_site_name":"Goodwill-verkkokauppa","og_image":[{"width":2513,"height":1707,"url":"https:\/\/goodwill.fi\/kauppa\/wp-content\/uploads\/2026\/02\/IMG_8326-scaled-e1771235161488.jpg","type":"image\/jpeg"}],"twitter_card":"summary_large_image","twitter_misc":{"Arvioitu lukuaika":"1 minuutti"},"schema":{"@context":"https:\/\/schema.org","@graph":[{"@type":"WebPage","@id":"https:\/\/goodwill.fi\/kauppa\/tuote\/e-blick-luukku-taulu\/","url":"https:\/\/goodwill.fi\/kauppa\/tuote\/e-blick-luukku-taulu\/","name":"E. BLICK LUUKKU TAULU - Goodwill-verkkokauppa","isPartOf":{"@id":"https:\/\/goodwill.fi\/kauppa\/#website"},"primaryImageOfPage":{"@id":"https:\/\/goodwill.fi\/kauppa\/tuote\/e-blick-luukku-taulu\/#primaryimage"},"image":{"@id":"https:\/\/goodwill.fi\/kauppa\/tuote\/e-blick-luukku-taulu\/#primaryimage"},"thumbnailUrl":"https:\/\/goodwill.fi\/kauppa\/wp-content\/uploads\/2026\/02\/IMG_8326-scaled-e1771235161488.jpg","datePublished":"2026-02-16T10:27:36+00:00","description":"E. Blickin valmistama \"Luukku\" sekatekniikka taulu. Taulu on ollut esill\u00e4 Porvoon taidehallissa vuonna 1990. Valmistaja: E. Blick Valmistusvuosi: 1984","breadcrumb":{"@id":"https:\/\/goodwill.fi\/kauppa\/tuote\/e-blick-luukku-taulu\/#breadcrumb"},"inLanguage":"fi","potentialAction":[{"@type":"ReadAction","target":["https:\/\/goodwill.fi\/kauppa\/tuote\/e-blick-luukku-taulu\/"]}]},{"@type":"ImageObject","inLanguage":"fi","@id":"https:\/\/goodwill.fi\/kauppa\/tuote\/e-blick-luukku-taulu\/#primaryimage","url":"https:\/\/goodwill.fi\/kauppa\/wp-content\/uploads\/2026\/02\/IMG_8326-scaled-e1771235161488.jpg","contentUrl":"https:\/\/goodwill.fi\/kauppa\/wp-content\/uploads\/2026\/02\/IMG_8326-scaled-e1771235161488.jpg","width":2513,"height":1707},{"@type":"BreadcrumbList","@id":"https:\/\/goodwill.fi\/kauppa\/tuote\/e-blick-luukku-taulu\/#breadcrumb","itemListElement":[{"@type":"ListItem","position":1,"name":"Home","item":"https:\/\/goodwill.fi\/kauppa\/"},{"@type":"ListItem","position":2,"name":"Shop","item":"https:\/\/goodwill.fi\/kauppa\/shop\/"},{"@type":"ListItem","position":3,"name":"E. BLICK LUUKKU TAULU"}]},{"@type":"WebSite","@id":"https:\/\/goodwill.fi\/kauppa\/#website","url":"https:\/\/goodwill.fi\/kauppa\/","name":"Goodwill-verkkokauppa","description":"Kierr\u00e4tysmyym\u00e4l\u00e4 verkossa","publisher":{"@id":"https:\/\/goodwill.fi\/kauppa\/#organization"},"potentialAction":[{"@type":"SearchAction","target":{"@type":"EntryPoint","urlTemplate":"https:\/\/goodwill.fi\/kauppa\/?s={search_term_string}"},"query-input":{"@type":"PropertyValueSpecification","valueRequired":true,"valueName":"search_term_string"}}],"inLanguage":"fi"},{"@type":"Organization","@id":"https:\/\/goodwill.fi\/kauppa\/#organization","name":"Goodwill-verkkokauppa","url":"https:\/\/goodwill.fi\/kauppa\/","logo":{"@type":"ImageObject","inLanguage":"fi","@id":"https:\/\/goodwill.fi\/kauppa\/#\/schema\/logo\/image\/","url":"https:\/\/goodwill.fi\/kauppa\/wp-content\/uploads\/2021\/02\/cropped-logo_gw_store-723x211-1.png","contentUrl":"https:\/\/goodwill.fi\/kauppa\/wp-content\/uploads\/2021\/02\/cropped-logo_gw_store-723x211-1.png","width":723,"height":207,"caption":"Goodwill-verkkokauppa"},"image":{"@id":"https:\/\/goodwill.fi\/kauppa\/#\/schema\/logo\/image\/"}}]}},"_links":{"self":[{"href":"https:\/\/goodwill.fi\/kauppa\/wp-json\/wp\/v2\/product\/68543","targetHints":{"allow":["GET"]}}],"collection":[{"href":"https:\/\/goodwill.fi\/kauppa\/wp-json\/wp\/v2\/product"}],"about":[{"href":"https:\/\/goodwill.fi\/kauppa\/wp-json\/wp\/v2\/types\/product"}],"replies":[{"embeddable":true,"href":"https:\/\/goodwill.fi\/kauppa\/wp-json\/wp\/v2\/comments?post=68543"}],"wp:featuredmedia":[{"embeddable":true,"href":"https:\/\/goodwill.fi\/kauppa\/wp-json\/wp\/v2\/media\/68545"}],"wp:attachment":[{"href":"https:\/\/goodwill.fi\/kauppa\/wp-json\/wp\/v2\/media?parent=68543"}],"wp:term":[{"taxonomy":"product_brand","embeddable":true,"href":"https:\/\/goodwill.fi\/kauppa\/wp-json\/wp\/v2\/product_brand?post=68543"},{"taxonomy":"product_cat","embeddable":true,"href":"https:\/\/goodwill.fi\/kauppa\/wp-json\/wp\/v2\/product_cat?post=68543"},{"taxonomy":"product_tag","embeddable":true,"href":"https:\/\/goodwill.fi\/kauppa\/wp-json\/wp\/v2\/product_tag?post=68543"}],"curies":[{"name":"wp","href":"https:\/\/api.w.org\/{rel}","templated":true}]}}