{"id":68051,"date":"2026-02-06T08:44:28","date_gmt":"2026-02-06T06:44:28","guid":{"rendered":"https:\/\/goodwill.fi\/kauppa\/?post_type=product&#038;p=68051"},"modified":"2026-02-06T08:44:29","modified_gmt":"2026-02-06T06:44:29","slug":"maxim-gorky-patsas","status":"publish","type":"product","link":"https:\/\/goodwill.fi\/kauppa\/tuote\/maxim-gorky-patsas\/","title":{"rendered":"MAXIM GORKY PATSAS"},"content":{"rendered":"<p>Valmistaja: ei tiedossa<br \/>\nValmistusmaa: Neuvostoliitto\/Ven\u00e4j\u00e4<br \/>\nMitat: korkeus 28 cm, leveys 7,5 cm, paino 1672 g<br \/>\nV\u00e4ri: vaaleanharmaa<br \/>\nMateriaali: metalli<br \/>\nKunto: ehj\u00e4, v\u00e4h\u00e4n k\u00e4yt\u00f6n j\u00e4lki\u00e4, pohjassa likaa<\/p>\n","protected":false},"excerpt":{"rendered":"<p>Valmistaja: ei tiedossa Valmistusmaa: Neuvostoliitto\/Ven\u00e4j\u00e4 Mitat: korkeus 28 cm, leveys 7,5 cm, paino 1672 g V\u00e4ri: vaaleanharmaa Materiaali: metalli Kunto: ehj\u00e4, v\u00e4h\u00e4n k\u00e4yt\u00f6n j\u00e4lki\u00e4, pohjassa likaa<\/p>\n","protected":false},"featured_media":68052,"comment_status":"open","ping_status":"closed","template":"","meta":[],"product_brand":[],"product_cat":[159,180,14876,146,184,154],"product_tag":[17901,2838,13280,3112,48],"class_list":{"0":"post-68051","1":"product","2":"type-product","3":"status-publish","4":"has-post-thumbnail","6":"product_cat-kaikki","7":"product_cat-keraily-2","8":"product_cat-koriste-esineet","9":"product_cat-koti-2","10":"product_cat-muu-keraily-2","11":"product_cat-sisustus-2","12":"product_tag-maxim-gorky","13":"product_tag-metalli","14":"product_tag-neuvostoiitto","15":"product_tag-patsas","16":"product_tag-venaja","18":"first","19":"instock","20":"taxable","21":"shipping-taxable","22":"purchasable","23":"product-type-simple"},"yoast_head":"<!-- This site is optimized with the Yoast SEO plugin v27.5 - https:\/\/yoast.com\/product\/yoast-seo-wordpress\/ -->\n<title>MAXIM GORKY PATSAS - Goodwill-verkkokauppa<\/title>\n<meta name=\"description\" content=\"Valmistusmaa: Neuvostoliitto\/Ven\u00e4j\u00e4 Mitat: korkeus 28 cm, leveys 7,5 cm, paino 1672 g V\u00e4ri: vaaleanharmaa Materiaali: metalli\" \/>\n<meta name=\"robots\" content=\"index, follow, max-snippet:-1, max-image-preview:large, max-video-preview:-1\" \/>\n<link rel=\"canonical\" href=\"https:\/\/goodwill.fi\/kauppa\/tuote\/maxim-gorky-patsas\/\" \/>\n<meta property=\"og:locale\" content=\"fi_FI\" \/>\n<meta property=\"og:type\" content=\"article\" \/>\n<meta property=\"og:title\" content=\"MAXIM GORKY PATSAS - Goodwill-verkkokauppa\" \/>\n<meta property=\"og:description\" content=\"Valmistusmaa: Neuvostoliitto\/Ven\u00e4j\u00e4 Mitat: korkeus 28 cm, leveys 7,5 cm, paino 1672 g V\u00e4ri: vaaleanharmaa Materiaali: metalli\" \/>\n<meta property=\"og:url\" content=\"https:\/\/goodwill.fi\/kauppa\/tuote\/maxim-gorky-patsas\/\" \/>\n<meta property=\"og:site_name\" content=\"Goodwill-verkkokauppa\" \/>\n<meta property=\"article:modified_time\" content=\"2026-02-06T06:44:29+00:00\" \/>\n<meta property=\"og:image\" content=\"https:\/\/goodwill.fi\/kauppa\/wp-content\/uploads\/2026\/02\/IMG_7773-scaled-e1770359672363.jpg\" \/>\n\t<meta property=\"og:image:width\" content=\"1327\" \/>\n\t<meta property=\"og:image:height\" content=\"1707\" \/>\n\t<meta property=\"og:image:type\" content=\"image\/jpeg\" \/>\n<meta name=\"twitter:card\" content=\"summary_large_image\" \/>\n<meta name=\"twitter:label1\" content=\"Arvioitu lukuaika\" \/>\n\t<meta name=\"twitter:data1\" content=\"1 minuutti\" \/>\n<script type=\"application\/ld+json\" class=\"yoast-schema-graph\">{\"@context\":\"https:\\\/\\\/schema.org\",\"@graph\":[{\"@type\":\"WebPage\",\"@id\":\"https:\\\/\\\/goodwill.fi\\\/kauppa\\\/tuote\\\/maxim-gorky-patsas\\\/\",\"url\":\"https:\\\/\\\/goodwill.fi\\\/kauppa\\\/tuote\\\/maxim-gorky-patsas\\\/\",\"name\":\"MAXIM GORKY PATSAS - Goodwill-verkkokauppa\",\"isPartOf\":{\"@id\":\"https:\\\/\\\/goodwill.fi\\\/kauppa\\\/#website\"},\"primaryImageOfPage\":{\"@id\":\"https:\\\/\\\/goodwill.fi\\\/kauppa\\\/tuote\\\/maxim-gorky-patsas\\\/#primaryimage\"},\"image\":{\"@id\":\"https:\\\/\\\/goodwill.fi\\\/kauppa\\\/tuote\\\/maxim-gorky-patsas\\\/#primaryimage\"},\"thumbnailUrl\":\"https:\\\/\\\/goodwill.fi\\\/kauppa\\\/wp-content\\\/uploads\\\/2026\\\/02\\\/IMG_7773-scaled-e1770359672363.jpg\",\"datePublished\":\"2026-02-06T06:44:28+00:00\",\"dateModified\":\"2026-02-06T06:44:29+00:00\",\"description\":\"Valmistusmaa: Neuvostoliitto\\\/Ven\u00e4j\u00e4 Mitat: korkeus 28 cm, leveys 7,5 cm, paino 1672 g V\u00e4ri: vaaleanharmaa Materiaali: metalli\",\"breadcrumb\":{\"@id\":\"https:\\\/\\\/goodwill.fi\\\/kauppa\\\/tuote\\\/maxim-gorky-patsas\\\/#breadcrumb\"},\"inLanguage\":\"fi\",\"potentialAction\":[{\"@type\":\"ReadAction\",\"target\":[\"https:\\\/\\\/goodwill.fi\\\/kauppa\\\/tuote\\\/maxim-gorky-patsas\\\/\"]}]},{\"@type\":\"ImageObject\",\"inLanguage\":\"fi\",\"@id\":\"https:\\\/\\\/goodwill.fi\\\/kauppa\\\/tuote\\\/maxim-gorky-patsas\\\/#primaryimage\",\"url\":\"https:\\\/\\\/goodwill.fi\\\/kauppa\\\/wp-content\\\/uploads\\\/2026\\\/02\\\/IMG_7773-scaled-e1770359672363.jpg\",\"contentUrl\":\"https:\\\/\\\/goodwill.fi\\\/kauppa\\\/wp-content\\\/uploads\\\/2026\\\/02\\\/IMG_7773-scaled-e1770359672363.jpg\",\"width\":1327,\"height\":1707},{\"@type\":\"BreadcrumbList\",\"@id\":\"https:\\\/\\\/goodwill.fi\\\/kauppa\\\/tuote\\\/maxim-gorky-patsas\\\/#breadcrumb\",\"itemListElement\":[{\"@type\":\"ListItem\",\"position\":1,\"name\":\"Home\",\"item\":\"https:\\\/\\\/goodwill.fi\\\/kauppa\\\/\"},{\"@type\":\"ListItem\",\"position\":2,\"name\":\"Shop\",\"item\":\"https:\\\/\\\/goodwill.fi\\\/kauppa\\\/shop\\\/\"},{\"@type\":\"ListItem\",\"position\":3,\"name\":\"MAXIM GORKY PATSAS\"}]},{\"@type\":\"WebSite\",\"@id\":\"https:\\\/\\\/goodwill.fi\\\/kauppa\\\/#website\",\"url\":\"https:\\\/\\\/goodwill.fi\\\/kauppa\\\/\",\"name\":\"Goodwill-verkkokauppa\",\"description\":\"Kierr\u00e4tysmyym\u00e4l\u00e4 verkossa\",\"publisher\":{\"@id\":\"https:\\\/\\\/goodwill.fi\\\/kauppa\\\/#organization\"},\"potentialAction\":[{\"@type\":\"SearchAction\",\"target\":{\"@type\":\"EntryPoint\",\"urlTemplate\":\"https:\\\/\\\/goodwill.fi\\\/kauppa\\\/?s={search_term_string}\"},\"query-input\":{\"@type\":\"PropertyValueSpecification\",\"valueRequired\":true,\"valueName\":\"search_term_string\"}}],\"inLanguage\":\"fi\"},{\"@type\":\"Organization\",\"@id\":\"https:\\\/\\\/goodwill.fi\\\/kauppa\\\/#organization\",\"name\":\"Goodwill-verkkokauppa\",\"url\":\"https:\\\/\\\/goodwill.fi\\\/kauppa\\\/\",\"logo\":{\"@type\":\"ImageObject\",\"inLanguage\":\"fi\",\"@id\":\"https:\\\/\\\/goodwill.fi\\\/kauppa\\\/#\\\/schema\\\/logo\\\/image\\\/\",\"url\":\"https:\\\/\\\/goodwill.fi\\\/kauppa\\\/wp-content\\\/uploads\\\/2021\\\/02\\\/cropped-logo_gw_store-723x211-1.png\",\"contentUrl\":\"https:\\\/\\\/goodwill.fi\\\/kauppa\\\/wp-content\\\/uploads\\\/2021\\\/02\\\/cropped-logo_gw_store-723x211-1.png\",\"width\":723,\"height\":207,\"caption\":\"Goodwill-verkkokauppa\"},\"image\":{\"@id\":\"https:\\\/\\\/goodwill.fi\\\/kauppa\\\/#\\\/schema\\\/logo\\\/image\\\/\"}}]}<\/script>\n<!-- \/ Yoast SEO plugin. -->","yoast_head_json":{"title":"MAXIM GORKY PATSAS - Goodwill-verkkokauppa","description":"Valmistusmaa: Neuvostoliitto\/Ven\u00e4j\u00e4 Mitat: korkeus 28 cm, leveys 7,5 cm, paino 1672 g V\u00e4ri: vaaleanharmaa Materiaali: metalli","robots":{"index":"index","follow":"follow","max-snippet":"max-snippet:-1","max-image-preview":"max-image-preview:large","max-video-preview":"max-video-preview:-1"},"canonical":"https:\/\/goodwill.fi\/kauppa\/tuote\/maxim-gorky-patsas\/","og_locale":"fi_FI","og_type":"article","og_title":"MAXIM GORKY PATSAS - Goodwill-verkkokauppa","og_description":"Valmistusmaa: Neuvostoliitto\/Ven\u00e4j\u00e4 Mitat: korkeus 28 cm, leveys 7,5 cm, paino 1672 g V\u00e4ri: vaaleanharmaa Materiaali: metalli","og_url":"https:\/\/goodwill.fi\/kauppa\/tuote\/maxim-gorky-patsas\/","og_site_name":"Goodwill-verkkokauppa","article_modified_time":"2026-02-06T06:44:29+00:00","og_image":[{"width":1327,"height":1707,"url":"https:\/\/goodwill.fi\/kauppa\/wp-content\/uploads\/2026\/02\/IMG_7773-scaled-e1770359672363.jpg","type":"image\/jpeg"}],"twitter_card":"summary_large_image","twitter_misc":{"Arvioitu lukuaika":"1 minuutti"},"schema":{"@context":"https:\/\/schema.org","@graph":[{"@type":"WebPage","@id":"https:\/\/goodwill.fi\/kauppa\/tuote\/maxim-gorky-patsas\/","url":"https:\/\/goodwill.fi\/kauppa\/tuote\/maxim-gorky-patsas\/","name":"MAXIM GORKY PATSAS - Goodwill-verkkokauppa","isPartOf":{"@id":"https:\/\/goodwill.fi\/kauppa\/#website"},"primaryImageOfPage":{"@id":"https:\/\/goodwill.fi\/kauppa\/tuote\/maxim-gorky-patsas\/#primaryimage"},"image":{"@id":"https:\/\/goodwill.fi\/kauppa\/tuote\/maxim-gorky-patsas\/#primaryimage"},"thumbnailUrl":"https:\/\/goodwill.fi\/kauppa\/wp-content\/uploads\/2026\/02\/IMG_7773-scaled-e1770359672363.jpg","datePublished":"2026-02-06T06:44:28+00:00","dateModified":"2026-02-06T06:44:29+00:00","description":"Valmistusmaa: Neuvostoliitto\/Ven\u00e4j\u00e4 Mitat: korkeus 28 cm, leveys 7,5 cm, paino 1672 g V\u00e4ri: vaaleanharmaa Materiaali: metalli","breadcrumb":{"@id":"https:\/\/goodwill.fi\/kauppa\/tuote\/maxim-gorky-patsas\/#breadcrumb"},"inLanguage":"fi","potentialAction":[{"@type":"ReadAction","target":["https:\/\/goodwill.fi\/kauppa\/tuote\/maxim-gorky-patsas\/"]}]},{"@type":"ImageObject","inLanguage":"fi","@id":"https:\/\/goodwill.fi\/kauppa\/tuote\/maxim-gorky-patsas\/#primaryimage","url":"https:\/\/goodwill.fi\/kauppa\/wp-content\/uploads\/2026\/02\/IMG_7773-scaled-e1770359672363.jpg","contentUrl":"https:\/\/goodwill.fi\/kauppa\/wp-content\/uploads\/2026\/02\/IMG_7773-scaled-e1770359672363.jpg","width":1327,"height":1707},{"@type":"BreadcrumbList","@id":"https:\/\/goodwill.fi\/kauppa\/tuote\/maxim-gorky-patsas\/#breadcrumb","itemListElement":[{"@type":"ListItem","position":1,"name":"Home","item":"https:\/\/goodwill.fi\/kauppa\/"},{"@type":"ListItem","position":2,"name":"Shop","item":"https:\/\/goodwill.fi\/kauppa\/shop\/"},{"@type":"ListItem","position":3,"name":"MAXIM GORKY PATSAS"}]},{"@type":"WebSite","@id":"https:\/\/goodwill.fi\/kauppa\/#website","url":"https:\/\/goodwill.fi\/kauppa\/","name":"Goodwill-verkkokauppa","description":"Kierr\u00e4tysmyym\u00e4l\u00e4 verkossa","publisher":{"@id":"https:\/\/goodwill.fi\/kauppa\/#organization"},"potentialAction":[{"@type":"SearchAction","target":{"@type":"EntryPoint","urlTemplate":"https:\/\/goodwill.fi\/kauppa\/?s={search_term_string}"},"query-input":{"@type":"PropertyValueSpecification","valueRequired":true,"valueName":"search_term_string"}}],"inLanguage":"fi"},{"@type":"Organization","@id":"https:\/\/goodwill.fi\/kauppa\/#organization","name":"Goodwill-verkkokauppa","url":"https:\/\/goodwill.fi\/kauppa\/","logo":{"@type":"ImageObject","inLanguage":"fi","@id":"https:\/\/goodwill.fi\/kauppa\/#\/schema\/logo\/image\/","url":"https:\/\/goodwill.fi\/kauppa\/wp-content\/uploads\/2021\/02\/cropped-logo_gw_store-723x211-1.png","contentUrl":"https:\/\/goodwill.fi\/kauppa\/wp-content\/uploads\/2021\/02\/cropped-logo_gw_store-723x211-1.png","width":723,"height":207,"caption":"Goodwill-verkkokauppa"},"image":{"@id":"https:\/\/goodwill.fi\/kauppa\/#\/schema\/logo\/image\/"}}]}},"_links":{"self":[{"href":"https:\/\/goodwill.fi\/kauppa\/wp-json\/wp\/v2\/product\/68051","targetHints":{"allow":["GET"]}}],"collection":[{"href":"https:\/\/goodwill.fi\/kauppa\/wp-json\/wp\/v2\/product"}],"about":[{"href":"https:\/\/goodwill.fi\/kauppa\/wp-json\/wp\/v2\/types\/product"}],"replies":[{"embeddable":true,"href":"https:\/\/goodwill.fi\/kauppa\/wp-json\/wp\/v2\/comments?post=68051"}],"wp:featuredmedia":[{"embeddable":true,"href":"https:\/\/goodwill.fi\/kauppa\/wp-json\/wp\/v2\/media\/68052"}],"wp:attachment":[{"href":"https:\/\/goodwill.fi\/kauppa\/wp-json\/wp\/v2\/media?parent=68051"}],"wp:term":[{"taxonomy":"product_brand","embeddable":true,"href":"https:\/\/goodwill.fi\/kauppa\/wp-json\/wp\/v2\/product_brand?post=68051"},{"taxonomy":"product_cat","embeddable":true,"href":"https:\/\/goodwill.fi\/kauppa\/wp-json\/wp\/v2\/product_cat?post=68051"},{"taxonomy":"product_tag","embeddable":true,"href":"https:\/\/goodwill.fi\/kauppa\/wp-json\/wp\/v2\/product_tag?post=68051"}],"curies":[{"name":"wp","href":"https:\/\/api.w.org\/{rel}","templated":true}]}}