{"id":66885,"date":"2026-01-16T08:41:18","date_gmt":"2026-01-16T06:41:18","guid":{"rendered":"https:\/\/goodwill.fi\/kauppa\/?post_type=product&#038;p=66885"},"modified":"2026-01-16T08:41:18","modified_gmt":"2026-01-16T06:41:18","slug":"pieni-poytavalo","status":"publish","type":"product","link":"https:\/\/goodwill.fi\/kauppa\/tuote\/pieni-poytavalo\/","title":{"rendered":"PIENI P\u00d6YT\u00c4VALO"},"content":{"rendered":"<p>Valmistaja: ei tiedossa<br \/>\nMitat: korkeus 17,2 cm, leveys 12,5 cm, paino 1390 g<br \/>\nV\u00e4ri: valkoinen, messinginv\u00e4rinen<br \/>\nMateriaali: kivi, metalli<br \/>\nKunto: ulkoisesti ehj\u00e4, k\u00e4yt\u00f6n j\u00e4lki\u00e4, kulumaa, naarmuja<br \/>\nHuom. toimintaa ei ole testattu, suosittelemme s\u00e4hk\u00f6 osien vaihtoa<\/p>\n","protected":false},"excerpt":{"rendered":"<p>Valmistaja: ei tiedossa Mitat: korkeus 17,2 cm, leveys 12,5 cm, paino 1390 g V\u00e4ri: valkoinen, messinginv\u00e4rinen Materiaali: kivi, metalli Kunto: ulkoisesti ehj\u00e4, k\u00e4yt\u00f6n j\u00e4lki\u00e4, kulumaa, naarmuja Huom. toimintaa ei ole testattu, suosittelemme s\u00e4hk\u00f6 osien vaihtoa<\/p>\n","protected":false},"featured_media":66886,"comment_status":"open","ping_status":"closed","template":"","meta":[],"product_brand":[],"product_cat":[159,146,155],"product_tag":[7175,1543,17758,7019,7167,12619,6637],"class_list":{"0":"post-66885","1":"product","2":"type-product","3":"status-publish","4":"has-post-thumbnail","6":"product_cat-kaikki","7":"product_cat-koti-2","8":"product_cat-valaisimet","9":"product_tag-alabasteri","10":"product_tag-kivi","11":"product_tag-koristevalo","12":"product_tag-lamppu","13":"product_tag-marmori","14":"product_tag-poytavalo","15":"product_tag-valo","17":"first","18":"instock","19":"taxable","20":"shipping-taxable","21":"purchasable","22":"product-type-simple"},"yoast_head":"<!-- This site is optimized with the Yoast SEO plugin v27.1.1 - https:\/\/yoast.com\/product\/yoast-seo-wordpress\/ -->\n<title>PIENI P\u00d6YT\u00c4VALO - Goodwill-verkkokauppa<\/title>\n<meta name=\"description\" content=\"Valmistaja: ei tiedossa Mitat: korkeus 17,2 cm, leveys 12,5 cm, paino 1390 g V\u00e4ri: valkoinen, messinginv\u00e4rinen Materiaali: kivi, metalli Kunto: ehj\u00e4\" \/>\n<meta name=\"robots\" content=\"index, follow, max-snippet:-1, max-image-preview:large, max-video-preview:-1\" \/>\n<link rel=\"canonical\" href=\"https:\/\/goodwill.fi\/kauppa\/tuote\/pieni-poytavalo\/\" \/>\n<meta property=\"og:locale\" content=\"fi_FI\" \/>\n<meta property=\"og:type\" content=\"article\" \/>\n<meta property=\"og:title\" content=\"PIENI P\u00d6YT\u00c4VALO - Goodwill-verkkokauppa\" \/>\n<meta property=\"og:description\" content=\"Valmistaja: ei tiedossa Mitat: korkeus 17,2 cm, leveys 12,5 cm, paino 1390 g V\u00e4ri: valkoinen, messinginv\u00e4rinen Materiaali: kivi, metalli Kunto: ehj\u00e4\" \/>\n<meta property=\"og:url\" content=\"https:\/\/goodwill.fi\/kauppa\/tuote\/pieni-poytavalo\/\" \/>\n<meta property=\"og:site_name\" content=\"Goodwill-verkkokauppa\" \/>\n<meta property=\"og:image\" content=\"https:\/\/goodwill.fi\/kauppa\/wp-content\/uploads\/2026\/01\/IMG_7324-scaled-e1768545329269.jpg\" \/>\n\t<meta property=\"og:image:width\" content=\"2030\" \/>\n\t<meta property=\"og:image:height\" content=\"1707\" \/>\n\t<meta property=\"og:image:type\" content=\"image\/jpeg\" \/>\n<meta name=\"twitter:card\" content=\"summary_large_image\" \/>\n<meta name=\"twitter:label1\" content=\"Arvioitu lukuaika\" \/>\n\t<meta name=\"twitter:data1\" content=\"1 minuutti\" \/>\n<script type=\"application\/ld+json\" class=\"yoast-schema-graph\">{\"@context\":\"https:\/\/schema.org\",\"@graph\":[{\"@type\":\"WebPage\",\"@id\":\"https:\/\/goodwill.fi\/kauppa\/tuote\/pieni-poytavalo\/\",\"url\":\"https:\/\/goodwill.fi\/kauppa\/tuote\/pieni-poytavalo\/\",\"name\":\"PIENI P\u00d6YT\u00c4VALO - Goodwill-verkkokauppa\",\"isPartOf\":{\"@id\":\"https:\/\/goodwill.fi\/kauppa\/#website\"},\"primaryImageOfPage\":{\"@id\":\"https:\/\/goodwill.fi\/kauppa\/tuote\/pieni-poytavalo\/#primaryimage\"},\"image\":{\"@id\":\"https:\/\/goodwill.fi\/kauppa\/tuote\/pieni-poytavalo\/#primaryimage\"},\"thumbnailUrl\":\"https:\/\/goodwill.fi\/kauppa\/wp-content\/uploads\/2026\/01\/IMG_7324-scaled-e1768545329269.jpg\",\"datePublished\":\"2026-01-16T06:41:18+00:00\",\"description\":\"Valmistaja: ei tiedossa Mitat: korkeus 17,2 cm, leveys 12,5 cm, paino 1390 g V\u00e4ri: valkoinen, messinginv\u00e4rinen Materiaali: kivi, metalli Kunto: ehj\u00e4\",\"breadcrumb\":{\"@id\":\"https:\/\/goodwill.fi\/kauppa\/tuote\/pieni-poytavalo\/#breadcrumb\"},\"inLanguage\":\"fi\",\"potentialAction\":[{\"@type\":\"ReadAction\",\"target\":[\"https:\/\/goodwill.fi\/kauppa\/tuote\/pieni-poytavalo\/\"]}]},{\"@type\":\"ImageObject\",\"inLanguage\":\"fi\",\"@id\":\"https:\/\/goodwill.fi\/kauppa\/tuote\/pieni-poytavalo\/#primaryimage\",\"url\":\"https:\/\/goodwill.fi\/kauppa\/wp-content\/uploads\/2026\/01\/IMG_7324-scaled-e1768545329269.jpg\",\"contentUrl\":\"https:\/\/goodwill.fi\/kauppa\/wp-content\/uploads\/2026\/01\/IMG_7324-scaled-e1768545329269.jpg\",\"width\":2030,\"height\":1707},{\"@type\":\"BreadcrumbList\",\"@id\":\"https:\/\/goodwill.fi\/kauppa\/tuote\/pieni-poytavalo\/#breadcrumb\",\"itemListElement\":[{\"@type\":\"ListItem\",\"position\":1,\"name\":\"Home\",\"item\":\"https:\/\/goodwill.fi\/kauppa\/\"},{\"@type\":\"ListItem\",\"position\":2,\"name\":\"Shop\",\"item\":\"https:\/\/goodwill.fi\/kauppa\/shop\/\"},{\"@type\":\"ListItem\",\"position\":3,\"name\":\"PIENI P\u00d6YT\u00c4VALO\"}]},{\"@type\":\"WebSite\",\"@id\":\"https:\/\/goodwill.fi\/kauppa\/#website\",\"url\":\"https:\/\/goodwill.fi\/kauppa\/\",\"name\":\"Goodwill-verkkokauppa\",\"description\":\"Kierr\u00e4tysmyym\u00e4l\u00e4 verkossa\",\"publisher\":{\"@id\":\"https:\/\/goodwill.fi\/kauppa\/#organization\"},\"potentialAction\":[{\"@type\":\"SearchAction\",\"target\":{\"@type\":\"EntryPoint\",\"urlTemplate\":\"https:\/\/goodwill.fi\/kauppa\/?s={search_term_string}\"},\"query-input\":{\"@type\":\"PropertyValueSpecification\",\"valueRequired\":true,\"valueName\":\"search_term_string\"}}],\"inLanguage\":\"fi\"},{\"@type\":\"Organization\",\"@id\":\"https:\/\/goodwill.fi\/kauppa\/#organization\",\"name\":\"Goodwill-verkkokauppa\",\"url\":\"https:\/\/goodwill.fi\/kauppa\/\",\"logo\":{\"@type\":\"ImageObject\",\"inLanguage\":\"fi\",\"@id\":\"https:\/\/goodwill.fi\/kauppa\/#\/schema\/logo\/image\/\",\"url\":\"https:\/\/goodwill.fi\/kauppa\/wp-content\/uploads\/2021\/02\/cropped-logo_gw_store-723x211-1.png\",\"contentUrl\":\"https:\/\/goodwill.fi\/kauppa\/wp-content\/uploads\/2021\/02\/cropped-logo_gw_store-723x211-1.png\",\"width\":723,\"height\":207,\"caption\":\"Goodwill-verkkokauppa\"},\"image\":{\"@id\":\"https:\/\/goodwill.fi\/kauppa\/#\/schema\/logo\/image\/\"}}]}<\/script>\n<!-- \/ Yoast SEO plugin. -->","yoast_head_json":{"title":"PIENI P\u00d6YT\u00c4VALO - Goodwill-verkkokauppa","description":"Valmistaja: ei tiedossa Mitat: korkeus 17,2 cm, leveys 12,5 cm, paino 1390 g V\u00e4ri: valkoinen, messinginv\u00e4rinen Materiaali: kivi, metalli Kunto: ehj\u00e4","robots":{"index":"index","follow":"follow","max-snippet":"max-snippet:-1","max-image-preview":"max-image-preview:large","max-video-preview":"max-video-preview:-1"},"canonical":"https:\/\/goodwill.fi\/kauppa\/tuote\/pieni-poytavalo\/","og_locale":"fi_FI","og_type":"article","og_title":"PIENI P\u00d6YT\u00c4VALO - Goodwill-verkkokauppa","og_description":"Valmistaja: ei tiedossa Mitat: korkeus 17,2 cm, leveys 12,5 cm, paino 1390 g V\u00e4ri: valkoinen, messinginv\u00e4rinen Materiaali: kivi, metalli Kunto: ehj\u00e4","og_url":"https:\/\/goodwill.fi\/kauppa\/tuote\/pieni-poytavalo\/","og_site_name":"Goodwill-verkkokauppa","og_image":[{"width":2030,"height":1707,"url":"https:\/\/goodwill.fi\/kauppa\/wp-content\/uploads\/2026\/01\/IMG_7324-scaled-e1768545329269.jpg","type":"image\/jpeg"}],"twitter_card":"summary_large_image","twitter_misc":{"Arvioitu lukuaika":"1 minuutti"},"schema":{"@context":"https:\/\/schema.org","@graph":[{"@type":"WebPage","@id":"https:\/\/goodwill.fi\/kauppa\/tuote\/pieni-poytavalo\/","url":"https:\/\/goodwill.fi\/kauppa\/tuote\/pieni-poytavalo\/","name":"PIENI P\u00d6YT\u00c4VALO - Goodwill-verkkokauppa","isPartOf":{"@id":"https:\/\/goodwill.fi\/kauppa\/#website"},"primaryImageOfPage":{"@id":"https:\/\/goodwill.fi\/kauppa\/tuote\/pieni-poytavalo\/#primaryimage"},"image":{"@id":"https:\/\/goodwill.fi\/kauppa\/tuote\/pieni-poytavalo\/#primaryimage"},"thumbnailUrl":"https:\/\/goodwill.fi\/kauppa\/wp-content\/uploads\/2026\/01\/IMG_7324-scaled-e1768545329269.jpg","datePublished":"2026-01-16T06:41:18+00:00","description":"Valmistaja: ei tiedossa Mitat: korkeus 17,2 cm, leveys 12,5 cm, paino 1390 g V\u00e4ri: valkoinen, messinginv\u00e4rinen Materiaali: kivi, metalli Kunto: ehj\u00e4","breadcrumb":{"@id":"https:\/\/goodwill.fi\/kauppa\/tuote\/pieni-poytavalo\/#breadcrumb"},"inLanguage":"fi","potentialAction":[{"@type":"ReadAction","target":["https:\/\/goodwill.fi\/kauppa\/tuote\/pieni-poytavalo\/"]}]},{"@type":"ImageObject","inLanguage":"fi","@id":"https:\/\/goodwill.fi\/kauppa\/tuote\/pieni-poytavalo\/#primaryimage","url":"https:\/\/goodwill.fi\/kauppa\/wp-content\/uploads\/2026\/01\/IMG_7324-scaled-e1768545329269.jpg","contentUrl":"https:\/\/goodwill.fi\/kauppa\/wp-content\/uploads\/2026\/01\/IMG_7324-scaled-e1768545329269.jpg","width":2030,"height":1707},{"@type":"BreadcrumbList","@id":"https:\/\/goodwill.fi\/kauppa\/tuote\/pieni-poytavalo\/#breadcrumb","itemListElement":[{"@type":"ListItem","position":1,"name":"Home","item":"https:\/\/goodwill.fi\/kauppa\/"},{"@type":"ListItem","position":2,"name":"Shop","item":"https:\/\/goodwill.fi\/kauppa\/shop\/"},{"@type":"ListItem","position":3,"name":"PIENI P\u00d6YT\u00c4VALO"}]},{"@type":"WebSite","@id":"https:\/\/goodwill.fi\/kauppa\/#website","url":"https:\/\/goodwill.fi\/kauppa\/","name":"Goodwill-verkkokauppa","description":"Kierr\u00e4tysmyym\u00e4l\u00e4 verkossa","publisher":{"@id":"https:\/\/goodwill.fi\/kauppa\/#organization"},"potentialAction":[{"@type":"SearchAction","target":{"@type":"EntryPoint","urlTemplate":"https:\/\/goodwill.fi\/kauppa\/?s={search_term_string}"},"query-input":{"@type":"PropertyValueSpecification","valueRequired":true,"valueName":"search_term_string"}}],"inLanguage":"fi"},{"@type":"Organization","@id":"https:\/\/goodwill.fi\/kauppa\/#organization","name":"Goodwill-verkkokauppa","url":"https:\/\/goodwill.fi\/kauppa\/","logo":{"@type":"ImageObject","inLanguage":"fi","@id":"https:\/\/goodwill.fi\/kauppa\/#\/schema\/logo\/image\/","url":"https:\/\/goodwill.fi\/kauppa\/wp-content\/uploads\/2021\/02\/cropped-logo_gw_store-723x211-1.png","contentUrl":"https:\/\/goodwill.fi\/kauppa\/wp-content\/uploads\/2021\/02\/cropped-logo_gw_store-723x211-1.png","width":723,"height":207,"caption":"Goodwill-verkkokauppa"},"image":{"@id":"https:\/\/goodwill.fi\/kauppa\/#\/schema\/logo\/image\/"}}]}},"_links":{"self":[{"href":"https:\/\/goodwill.fi\/kauppa\/wp-json\/wp\/v2\/product\/66885","targetHints":{"allow":["GET"]}}],"collection":[{"href":"https:\/\/goodwill.fi\/kauppa\/wp-json\/wp\/v2\/product"}],"about":[{"href":"https:\/\/goodwill.fi\/kauppa\/wp-json\/wp\/v2\/types\/product"}],"replies":[{"embeddable":true,"href":"https:\/\/goodwill.fi\/kauppa\/wp-json\/wp\/v2\/comments?post=66885"}],"wp:featuredmedia":[{"embeddable":true,"href":"https:\/\/goodwill.fi\/kauppa\/wp-json\/wp\/v2\/media\/66886"}],"wp:attachment":[{"href":"https:\/\/goodwill.fi\/kauppa\/wp-json\/wp\/v2\/media?parent=66885"}],"wp:term":[{"taxonomy":"product_brand","embeddable":true,"href":"https:\/\/goodwill.fi\/kauppa\/wp-json\/wp\/v2\/product_brand?post=66885"},{"taxonomy":"product_cat","embeddable":true,"href":"https:\/\/goodwill.fi\/kauppa\/wp-json\/wp\/v2\/product_cat?post=66885"},{"taxonomy":"product_tag","embeddable":true,"href":"https:\/\/goodwill.fi\/kauppa\/wp-json\/wp\/v2\/product_tag?post=66885"}],"curies":[{"name":"wp","href":"https:\/\/api.w.org\/{rel}","templated":true}]}}