{"id":65970,"date":"2025-12-16T12:23:19","date_gmt":"2025-12-16T10:23:19","guid":{"rendered":"https:\/\/goodwill.fi\/kauppa\/?post_type=product&#038;p=65970"},"modified":"2025-12-16T21:10:19","modified_gmt":"2025-12-16T19:10:19","slug":"pentik-halla-8-osainen-astiasto","status":"publish","type":"product","link":"https:\/\/goodwill.fi\/kauppa\/tuote\/pentik-halla-8-osainen-astiasto\/","title":{"rendered":"PENTIK HALLA 8 OSAINEN ASTIASTO"},"content":{"rendered":"<p>Suunnittelija: Peter Winquist<br \/>\nValmistaja: Pentik<br \/>\nValmistusvuosi: 1970\u20131990<br \/>\nMitat kuppi: korkeus 7.5 cm, halkaisija 8 cm, paino 310 g<br \/>\nMitat lautanen: korkeus 2.5 cm, halkaisija 20.5 cm, paino 490 g<br \/>\nV\u00e4ri: luonnonvalkoisella pohjalla ruskeita pilkkuja<br \/>\nKunto: ehj\u00e4, hieman k\u00e4yt\u00f6n j\u00e4lki\u00e4<br \/>\nHuom: myyd\u00e4\u00e4n 4 kupin ja 4 lautasen settin\u00e4<\/p>\n","protected":false},"excerpt":{"rendered":"<p>Suunnittelija: Peter Winquist Valmistaja: Pentik Valmistusvuosi: 1970\u20131990 Mitat kuppi: korkeus 7.5 cm, halkaisija 8 cm, paino 310 g Mitat lautanen: korkeus 2.5 cm, halkaisija 20.5 cm, paino 490 g V\u00e4ri: luonnonvalkoisella pohjalla ruskeita pilkkuja Kunto: ehj\u00e4, hieman k\u00e4yt\u00f6n j\u00e4lki\u00e4 Huom: myyd\u00e4\u00e4n 4 kupin ja 4 lautasen settin\u00e4<\/p>\n","protected":false},"featured_media":65971,"comment_status":"open","ping_status":"closed","template":"","meta":[],"product_brand":[14890],"product_cat":[159,166,14866],"product_tag":[1134,2101,17703,298,5270],"class_list":{"0":"post-65970","1":"product","2":"type-product","3":"status-publish","4":"has-post-thumbnail","6":"product_brand-pentik","7":"product_cat-kaikki","8":"product_cat-astiat-2","9":"product_cat-astiastot","10":"product_tag-astiasto","11":"product_tag-halla","12":"product_tag-kem01584","13":"product_tag-pentik","14":"product_tag-peter-winquist","16":"first","17":"outofstock","18":"taxable","19":"shipping-taxable","20":"purchasable","21":"product-type-simple"},"yoast_head":"<!-- This site is optimized with the Yoast SEO plugin v27.1.1 - https:\/\/yoast.com\/product\/yoast-seo-wordpress\/ -->\n<title>PENTIK HALLA 8 OSAINEN ASTIASTO - Goodwill-verkkokauppa<\/title>\n<meta name=\"description\" content=\"Suunnittelija: Peter WinquistValmistaja: PentikValmistusvuosi: 1970\u20131990Mitat kuppi: korkeus 7.5 cm, halkaisija 8 cm, paino 310 gMitat lautanen: korkeus 2.5 cm, halkaisija 20.5 cm, paino 490 gV\u00e4ri: luonnonvalkoisella pohjalla ruskeita pilkkujaKunto: ehj\u00e4, hieman k\u00e4yt\u00f6n j\u00e4lki\u00e4Huom: myyd\u00e4\u00e4n 4 kupin ja 4 lautasen settin\u00e4\" \/>\n<meta name=\"robots\" content=\"index, follow, max-snippet:-1, max-image-preview:large, max-video-preview:-1\" \/>\n<link rel=\"canonical\" href=\"https:\/\/goodwill.fi\/kauppa\/tuote\/pentik-halla-8-osainen-astiasto\/\" \/>\n<meta property=\"og:locale\" content=\"fi_FI\" \/>\n<meta property=\"og:type\" content=\"article\" \/>\n<meta property=\"og:title\" content=\"PENTIK HALLA 8 OSAINEN ASTIASTO - Goodwill-verkkokauppa\" \/>\n<meta property=\"og:description\" content=\"Suunnittelija: Peter WinquistValmistaja: PentikValmistusvuosi: 1970\u20131990Mitat kuppi: korkeus 7.5 cm, halkaisija 8 cm, paino 310 gMitat lautanen: korkeus 2.5 cm, halkaisija 20.5 cm, paino 490 gV\u00e4ri: luonnonvalkoisella pohjalla ruskeita pilkkujaKunto: ehj\u00e4, hieman k\u00e4yt\u00f6n j\u00e4lki\u00e4Huom: myyd\u00e4\u00e4n 4 kupin ja 4 lautasen settin\u00e4\" \/>\n<meta property=\"og:url\" content=\"https:\/\/goodwill.fi\/kauppa\/tuote\/pentik-halla-8-osainen-astiasto\/\" \/>\n<meta property=\"og:site_name\" content=\"Goodwill-verkkokauppa\" \/>\n<meta property=\"article:modified_time\" content=\"2025-12-16T19:10:19+00:00\" \/>\n<meta property=\"og:image\" content=\"https:\/\/goodwill.fi\/kauppa\/wp-content\/uploads\/2025\/12\/P1056815.jpg\" \/>\n\t<meta property=\"og:image:width\" content=\"2200\" \/>\n\t<meta property=\"og:image:height\" content=\"2200\" \/>\n\t<meta property=\"og:image:type\" content=\"image\/jpeg\" \/>\n<meta name=\"twitter:card\" content=\"summary_large_image\" \/>\n<meta name=\"twitter:label1\" content=\"Arvioitu lukuaika\" \/>\n\t<meta name=\"twitter:data1\" content=\"1 minuutti\" \/>\n<script type=\"application\/ld+json\" class=\"yoast-schema-graph\">{\"@context\":\"https:\/\/schema.org\",\"@graph\":[{\"@type\":\"WebPage\",\"@id\":\"https:\/\/goodwill.fi\/kauppa\/tuote\/pentik-halla-8-osainen-astiasto\/\",\"url\":\"https:\/\/goodwill.fi\/kauppa\/tuote\/pentik-halla-8-osainen-astiasto\/\",\"name\":\"PENTIK HALLA 8 OSAINEN ASTIASTO - Goodwill-verkkokauppa\",\"isPartOf\":{\"@id\":\"https:\/\/goodwill.fi\/kauppa\/#website\"},\"primaryImageOfPage\":{\"@id\":\"https:\/\/goodwill.fi\/kauppa\/tuote\/pentik-halla-8-osainen-astiasto\/#primaryimage\"},\"image\":{\"@id\":\"https:\/\/goodwill.fi\/kauppa\/tuote\/pentik-halla-8-osainen-astiasto\/#primaryimage\"},\"thumbnailUrl\":\"https:\/\/goodwill.fi\/kauppa\/wp-content\/uploads\/2025\/12\/P1056815.jpg\",\"datePublished\":\"2025-12-16T10:23:19+00:00\",\"dateModified\":\"2025-12-16T19:10:19+00:00\",\"description\":\"Suunnittelija: Peter WinquistValmistaja: PentikValmistusvuosi: 1970\u20131990Mitat kuppi: korkeus 7.5 cm, halkaisija 8 cm, paino 310 gMitat lautanen: korkeus 2.5 cm, halkaisija 20.5 cm, paino 490 gV\u00e4ri: luonnonvalkoisella pohjalla ruskeita pilkkujaKunto: ehj\u00e4, hieman k\u00e4yt\u00f6n j\u00e4lki\u00e4Huom: myyd\u00e4\u00e4n 4 kupin ja 4 lautasen settin\u00e4\",\"breadcrumb\":{\"@id\":\"https:\/\/goodwill.fi\/kauppa\/tuote\/pentik-halla-8-osainen-astiasto\/#breadcrumb\"},\"inLanguage\":\"fi\",\"potentialAction\":[{\"@type\":\"ReadAction\",\"target\":[\"https:\/\/goodwill.fi\/kauppa\/tuote\/pentik-halla-8-osainen-astiasto\/\"]}]},{\"@type\":\"ImageObject\",\"inLanguage\":\"fi\",\"@id\":\"https:\/\/goodwill.fi\/kauppa\/tuote\/pentik-halla-8-osainen-astiasto\/#primaryimage\",\"url\":\"https:\/\/goodwill.fi\/kauppa\/wp-content\/uploads\/2025\/12\/P1056815.jpg\",\"contentUrl\":\"https:\/\/goodwill.fi\/kauppa\/wp-content\/uploads\/2025\/12\/P1056815.jpg\",\"width\":2200,\"height\":2200},{\"@type\":\"BreadcrumbList\",\"@id\":\"https:\/\/goodwill.fi\/kauppa\/tuote\/pentik-halla-8-osainen-astiasto\/#breadcrumb\",\"itemListElement\":[{\"@type\":\"ListItem\",\"position\":1,\"name\":\"Home\",\"item\":\"https:\/\/goodwill.fi\/kauppa\/\"},{\"@type\":\"ListItem\",\"position\":2,\"name\":\"Shop\",\"item\":\"https:\/\/goodwill.fi\/kauppa\/shop\/\"},{\"@type\":\"ListItem\",\"position\":3,\"name\":\"PENTIK HALLA 8 OSAINEN ASTIASTO\"}]},{\"@type\":\"WebSite\",\"@id\":\"https:\/\/goodwill.fi\/kauppa\/#website\",\"url\":\"https:\/\/goodwill.fi\/kauppa\/\",\"name\":\"Goodwill-verkkokauppa\",\"description\":\"Kierr\u00e4tysmyym\u00e4l\u00e4 verkossa\",\"publisher\":{\"@id\":\"https:\/\/goodwill.fi\/kauppa\/#organization\"},\"potentialAction\":[{\"@type\":\"SearchAction\",\"target\":{\"@type\":\"EntryPoint\",\"urlTemplate\":\"https:\/\/goodwill.fi\/kauppa\/?s={search_term_string}\"},\"query-input\":{\"@type\":\"PropertyValueSpecification\",\"valueRequired\":true,\"valueName\":\"search_term_string\"}}],\"inLanguage\":\"fi\"},{\"@type\":\"Organization\",\"@id\":\"https:\/\/goodwill.fi\/kauppa\/#organization\",\"name\":\"Goodwill-verkkokauppa\",\"url\":\"https:\/\/goodwill.fi\/kauppa\/\",\"logo\":{\"@type\":\"ImageObject\",\"inLanguage\":\"fi\",\"@id\":\"https:\/\/goodwill.fi\/kauppa\/#\/schema\/logo\/image\/\",\"url\":\"https:\/\/goodwill.fi\/kauppa\/wp-content\/uploads\/2021\/02\/cropped-logo_gw_store-723x211-1.png\",\"contentUrl\":\"https:\/\/goodwill.fi\/kauppa\/wp-content\/uploads\/2021\/02\/cropped-logo_gw_store-723x211-1.png\",\"width\":723,\"height\":207,\"caption\":\"Goodwill-verkkokauppa\"},\"image\":{\"@id\":\"https:\/\/goodwill.fi\/kauppa\/#\/schema\/logo\/image\/\"}}]}<\/script>\n<!-- \/ Yoast SEO plugin. -->","yoast_head_json":{"title":"PENTIK HALLA 8 OSAINEN ASTIASTO - Goodwill-verkkokauppa","description":"Suunnittelija: Peter WinquistValmistaja: PentikValmistusvuosi: 1970\u20131990Mitat kuppi: korkeus 7.5 cm, halkaisija 8 cm, paino 310 gMitat lautanen: korkeus 2.5 cm, halkaisija 20.5 cm, paino 490 gV\u00e4ri: luonnonvalkoisella pohjalla ruskeita pilkkujaKunto: ehj\u00e4, hieman k\u00e4yt\u00f6n j\u00e4lki\u00e4Huom: myyd\u00e4\u00e4n 4 kupin ja 4 lautasen settin\u00e4","robots":{"index":"index","follow":"follow","max-snippet":"max-snippet:-1","max-image-preview":"max-image-preview:large","max-video-preview":"max-video-preview:-1"},"canonical":"https:\/\/goodwill.fi\/kauppa\/tuote\/pentik-halla-8-osainen-astiasto\/","og_locale":"fi_FI","og_type":"article","og_title":"PENTIK HALLA 8 OSAINEN ASTIASTO - Goodwill-verkkokauppa","og_description":"Suunnittelija: Peter WinquistValmistaja: PentikValmistusvuosi: 1970\u20131990Mitat kuppi: korkeus 7.5 cm, halkaisija 8 cm, paino 310 gMitat lautanen: korkeus 2.5 cm, halkaisija 20.5 cm, paino 490 gV\u00e4ri: luonnonvalkoisella pohjalla ruskeita pilkkujaKunto: ehj\u00e4, hieman k\u00e4yt\u00f6n j\u00e4lki\u00e4Huom: myyd\u00e4\u00e4n 4 kupin ja 4 lautasen settin\u00e4","og_url":"https:\/\/goodwill.fi\/kauppa\/tuote\/pentik-halla-8-osainen-astiasto\/","og_site_name":"Goodwill-verkkokauppa","article_modified_time":"2025-12-16T19:10:19+00:00","og_image":[{"width":2200,"height":2200,"url":"https:\/\/goodwill.fi\/kauppa\/wp-content\/uploads\/2025\/12\/P1056815.jpg","type":"image\/jpeg"}],"twitter_card":"summary_large_image","twitter_misc":{"Arvioitu lukuaika":"1 minuutti"},"schema":{"@context":"https:\/\/schema.org","@graph":[{"@type":"WebPage","@id":"https:\/\/goodwill.fi\/kauppa\/tuote\/pentik-halla-8-osainen-astiasto\/","url":"https:\/\/goodwill.fi\/kauppa\/tuote\/pentik-halla-8-osainen-astiasto\/","name":"PENTIK HALLA 8 OSAINEN ASTIASTO - Goodwill-verkkokauppa","isPartOf":{"@id":"https:\/\/goodwill.fi\/kauppa\/#website"},"primaryImageOfPage":{"@id":"https:\/\/goodwill.fi\/kauppa\/tuote\/pentik-halla-8-osainen-astiasto\/#primaryimage"},"image":{"@id":"https:\/\/goodwill.fi\/kauppa\/tuote\/pentik-halla-8-osainen-astiasto\/#primaryimage"},"thumbnailUrl":"https:\/\/goodwill.fi\/kauppa\/wp-content\/uploads\/2025\/12\/P1056815.jpg","datePublished":"2025-12-16T10:23:19+00:00","dateModified":"2025-12-16T19:10:19+00:00","description":"Suunnittelija: Peter WinquistValmistaja: PentikValmistusvuosi: 1970\u20131990Mitat kuppi: korkeus 7.5 cm, halkaisija 8 cm, paino 310 gMitat lautanen: korkeus 2.5 cm, halkaisija 20.5 cm, paino 490 gV\u00e4ri: luonnonvalkoisella pohjalla ruskeita pilkkujaKunto: ehj\u00e4, hieman k\u00e4yt\u00f6n j\u00e4lki\u00e4Huom: myyd\u00e4\u00e4n 4 kupin ja 4 lautasen settin\u00e4","breadcrumb":{"@id":"https:\/\/goodwill.fi\/kauppa\/tuote\/pentik-halla-8-osainen-astiasto\/#breadcrumb"},"inLanguage":"fi","potentialAction":[{"@type":"ReadAction","target":["https:\/\/goodwill.fi\/kauppa\/tuote\/pentik-halla-8-osainen-astiasto\/"]}]},{"@type":"ImageObject","inLanguage":"fi","@id":"https:\/\/goodwill.fi\/kauppa\/tuote\/pentik-halla-8-osainen-astiasto\/#primaryimage","url":"https:\/\/goodwill.fi\/kauppa\/wp-content\/uploads\/2025\/12\/P1056815.jpg","contentUrl":"https:\/\/goodwill.fi\/kauppa\/wp-content\/uploads\/2025\/12\/P1056815.jpg","width":2200,"height":2200},{"@type":"BreadcrumbList","@id":"https:\/\/goodwill.fi\/kauppa\/tuote\/pentik-halla-8-osainen-astiasto\/#breadcrumb","itemListElement":[{"@type":"ListItem","position":1,"name":"Home","item":"https:\/\/goodwill.fi\/kauppa\/"},{"@type":"ListItem","position":2,"name":"Shop","item":"https:\/\/goodwill.fi\/kauppa\/shop\/"},{"@type":"ListItem","position":3,"name":"PENTIK HALLA 8 OSAINEN ASTIASTO"}]},{"@type":"WebSite","@id":"https:\/\/goodwill.fi\/kauppa\/#website","url":"https:\/\/goodwill.fi\/kauppa\/","name":"Goodwill-verkkokauppa","description":"Kierr\u00e4tysmyym\u00e4l\u00e4 verkossa","publisher":{"@id":"https:\/\/goodwill.fi\/kauppa\/#organization"},"potentialAction":[{"@type":"SearchAction","target":{"@type":"EntryPoint","urlTemplate":"https:\/\/goodwill.fi\/kauppa\/?s={search_term_string}"},"query-input":{"@type":"PropertyValueSpecification","valueRequired":true,"valueName":"search_term_string"}}],"inLanguage":"fi"},{"@type":"Organization","@id":"https:\/\/goodwill.fi\/kauppa\/#organization","name":"Goodwill-verkkokauppa","url":"https:\/\/goodwill.fi\/kauppa\/","logo":{"@type":"ImageObject","inLanguage":"fi","@id":"https:\/\/goodwill.fi\/kauppa\/#\/schema\/logo\/image\/","url":"https:\/\/goodwill.fi\/kauppa\/wp-content\/uploads\/2021\/02\/cropped-logo_gw_store-723x211-1.png","contentUrl":"https:\/\/goodwill.fi\/kauppa\/wp-content\/uploads\/2021\/02\/cropped-logo_gw_store-723x211-1.png","width":723,"height":207,"caption":"Goodwill-verkkokauppa"},"image":{"@id":"https:\/\/goodwill.fi\/kauppa\/#\/schema\/logo\/image\/"}}]}},"_links":{"self":[{"href":"https:\/\/goodwill.fi\/kauppa\/wp-json\/wp\/v2\/product\/65970","targetHints":{"allow":["GET"]}}],"collection":[{"href":"https:\/\/goodwill.fi\/kauppa\/wp-json\/wp\/v2\/product"}],"about":[{"href":"https:\/\/goodwill.fi\/kauppa\/wp-json\/wp\/v2\/types\/product"}],"replies":[{"embeddable":true,"href":"https:\/\/goodwill.fi\/kauppa\/wp-json\/wp\/v2\/comments?post=65970"}],"wp:featuredmedia":[{"embeddable":true,"href":"https:\/\/goodwill.fi\/kauppa\/wp-json\/wp\/v2\/media\/65971"}],"wp:attachment":[{"href":"https:\/\/goodwill.fi\/kauppa\/wp-json\/wp\/v2\/media?parent=65970"}],"wp:term":[{"taxonomy":"product_brand","embeddable":true,"href":"https:\/\/goodwill.fi\/kauppa\/wp-json\/wp\/v2\/product_brand?post=65970"},{"taxonomy":"product_cat","embeddable":true,"href":"https:\/\/goodwill.fi\/kauppa\/wp-json\/wp\/v2\/product_cat?post=65970"},{"taxonomy":"product_tag","embeddable":true,"href":"https:\/\/goodwill.fi\/kauppa\/wp-json\/wp\/v2\/product_tag?post=65970"}],"curies":[{"name":"wp","href":"https:\/\/api.w.org\/{rel}","templated":true}]}}