{"id":65696,"date":"2025-12-09T14:35:20","date_gmt":"2025-12-09T12:35:20","guid":{"rendered":"https:\/\/goodwill.fi\/kauppa\/?post_type=product&#038;p=65696"},"modified":"2025-12-09T14:35:21","modified_gmt":"2025-12-09T12:35:21","slug":"steve-parish-50-years-photographing-australia","status":"publish","type":"product","link":"https:\/\/goodwill.fi\/kauppa\/tuote\/steve-parish-50-years-photographing-australia\/","title":{"rendered":"STEVE PARISH 50 YEARS PHOTOGRAPHING AUSTRALIA"},"content":{"rendered":"<p>Kokoelma Steve Parishin vaikuttavia valokuvia 50 vuoden ajalta. Oiva kahvip\u00f6yt\u00e4kirjaksi.<\/p>\n<p>Kustantaja: Steve Parish<br \/>\nJulkaisuvuosi: 2010<br \/>\nMitat: korkeus 29.5 cm, leveys 31.5 cm, 302 sivua<br \/>\nKunto: ehj\u00e4, v\u00e4h\u00e4n k\u00e4yt\u00f6n j\u00e4lki\u00e4<\/p>\n","protected":false},"excerpt":{"rendered":"<p>Kokoelma Steve Parishin vaikuttavia valokuvia 50 vuoden ajalta. Oiva kahvip\u00f6yt\u00e4kirjaksi. Kustantaja: Steve Parish Julkaisuvuosi: 2010 Mitat: korkeus 29.5 cm, leveys 31.5 cm, 302 sivua Kunto: ehj\u00e4, v\u00e4h\u00e4n k\u00e4yt\u00f6n j\u00e4lki\u00e4<\/p>\n","protected":false},"featured_media":65697,"comment_status":"open","ping_status":"closed","template":"","meta":[],"product_brand":[],"product_cat":[159,143,150],"product_tag":[17651,17652,17649,455,17650,14805],"class_list":{"0":"post-65696","1":"product","2":"type-product","3":"status-publish","4":"has-post-thumbnail","6":"product_cat-kaikki","7":"product_cat-viihde-2","8":"product_cat-kirjat-2","9":"product_tag-50-years-photographing-australia","10":"product_tag-kahvipoytakirja","11":"product_tag-kem01560","12":"product_tag-kirja","13":"product_tag-steve-parish","14":"product_tag-valokuva","16":"first","17":"instock","18":"taxable","19":"shipping-taxable","20":"purchasable","21":"product-type-simple"},"yoast_head":"<!-- This site is optimized with the Yoast SEO plugin v27.1.1 - https:\/\/yoast.com\/product\/yoast-seo-wordpress\/ -->\n<title>STEVE PARISH 50 YEARS PHOTOGRAPHING AUSTRALIA - Goodwill-verkkokauppa<\/title>\n<meta name=\"description\" content=\"Kokoelma Steve Parishin vaikuttavia valokuvia 50 vuoden ajalta. Oiva kahvip\u00f6yt\u00e4kirjaksi. Kustantaja: Steve Parish Julkaisuvuosi: 2010 Mitat: korkeus 29.5 cm, leveys 31.5 cm, 302 sivua Kunto: ehj\u00e4, v\u00e4h\u00e4n k\u00e4yt\u00f6n j\u00e4lki\u00e4\" \/>\n<meta name=\"robots\" content=\"index, follow, max-snippet:-1, max-image-preview:large, max-video-preview:-1\" \/>\n<link rel=\"canonical\" href=\"https:\/\/goodwill.fi\/kauppa\/tuote\/steve-parish-50-years-photographing-australia\/\" \/>\n<meta property=\"og:locale\" content=\"fi_FI\" \/>\n<meta property=\"og:type\" content=\"article\" \/>\n<meta property=\"og:title\" content=\"STEVE PARISH 50 YEARS PHOTOGRAPHING AUSTRALIA - Goodwill-verkkokauppa\" \/>\n<meta property=\"og:description\" content=\"Kokoelma Steve Parishin vaikuttavia valokuvia 50 vuoden ajalta. Oiva kahvip\u00f6yt\u00e4kirjaksi. Kustantaja: Steve Parish Julkaisuvuosi: 2010 Mitat: korkeus 29.5 cm, leveys 31.5 cm, 302 sivua Kunto: ehj\u00e4, v\u00e4h\u00e4n k\u00e4yt\u00f6n j\u00e4lki\u00e4\" \/>\n<meta property=\"og:url\" content=\"https:\/\/goodwill.fi\/kauppa\/tuote\/steve-parish-50-years-photographing-australia\/\" \/>\n<meta property=\"og:site_name\" content=\"Goodwill-verkkokauppa\" \/>\n<meta property=\"article:modified_time\" content=\"2025-12-09T12:35:21+00:00\" \/>\n<meta property=\"og:image\" content=\"https:\/\/goodwill.fi\/kauppa\/wp-content\/uploads\/2025\/12\/P1056719-scaled.jpg\" \/>\n\t<meta property=\"og:image:width\" content=\"2560\" \/>\n\t<meta property=\"og:image:height\" content=\"2560\" \/>\n\t<meta property=\"og:image:type\" content=\"image\/jpeg\" \/>\n<meta name=\"twitter:card\" content=\"summary_large_image\" \/>\n<meta name=\"twitter:label1\" content=\"Arvioitu lukuaika\" \/>\n\t<meta name=\"twitter:data1\" content=\"1 minuutti\" \/>\n<script type=\"application\/ld+json\" class=\"yoast-schema-graph\">{\"@context\":\"https:\/\/schema.org\",\"@graph\":[{\"@type\":\"WebPage\",\"@id\":\"https:\/\/goodwill.fi\/kauppa\/tuote\/steve-parish-50-years-photographing-australia\/\",\"url\":\"https:\/\/goodwill.fi\/kauppa\/tuote\/steve-parish-50-years-photographing-australia\/\",\"name\":\"STEVE PARISH 50 YEARS PHOTOGRAPHING AUSTRALIA - Goodwill-verkkokauppa\",\"isPartOf\":{\"@id\":\"https:\/\/goodwill.fi\/kauppa\/#website\"},\"primaryImageOfPage\":{\"@id\":\"https:\/\/goodwill.fi\/kauppa\/tuote\/steve-parish-50-years-photographing-australia\/#primaryimage\"},\"image\":{\"@id\":\"https:\/\/goodwill.fi\/kauppa\/tuote\/steve-parish-50-years-photographing-australia\/#primaryimage\"},\"thumbnailUrl\":\"https:\/\/goodwill.fi\/kauppa\/wp-content\/uploads\/2025\/12\/P1056719-scaled.jpg\",\"datePublished\":\"2025-12-09T12:35:20+00:00\",\"dateModified\":\"2025-12-09T12:35:21+00:00\",\"description\":\"Kokoelma Steve Parishin vaikuttavia valokuvia 50 vuoden ajalta. Oiva kahvip\u00f6yt\u00e4kirjaksi. Kustantaja: Steve Parish Julkaisuvuosi: 2010 Mitat: korkeus 29.5 cm, leveys 31.5 cm, 302 sivua Kunto: ehj\u00e4, v\u00e4h\u00e4n k\u00e4yt\u00f6n j\u00e4lki\u00e4\",\"breadcrumb\":{\"@id\":\"https:\/\/goodwill.fi\/kauppa\/tuote\/steve-parish-50-years-photographing-australia\/#breadcrumb\"},\"inLanguage\":\"fi\",\"potentialAction\":[{\"@type\":\"ReadAction\",\"target\":[\"https:\/\/goodwill.fi\/kauppa\/tuote\/steve-parish-50-years-photographing-australia\/\"]}]},{\"@type\":\"ImageObject\",\"inLanguage\":\"fi\",\"@id\":\"https:\/\/goodwill.fi\/kauppa\/tuote\/steve-parish-50-years-photographing-australia\/#primaryimage\",\"url\":\"https:\/\/goodwill.fi\/kauppa\/wp-content\/uploads\/2025\/12\/P1056719-scaled.jpg\",\"contentUrl\":\"https:\/\/goodwill.fi\/kauppa\/wp-content\/uploads\/2025\/12\/P1056719-scaled.jpg\",\"width\":2560,\"height\":2560},{\"@type\":\"BreadcrumbList\",\"@id\":\"https:\/\/goodwill.fi\/kauppa\/tuote\/steve-parish-50-years-photographing-australia\/#breadcrumb\",\"itemListElement\":[{\"@type\":\"ListItem\",\"position\":1,\"name\":\"Home\",\"item\":\"https:\/\/goodwill.fi\/kauppa\/\"},{\"@type\":\"ListItem\",\"position\":2,\"name\":\"Shop\",\"item\":\"https:\/\/goodwill.fi\/kauppa\/shop\/\"},{\"@type\":\"ListItem\",\"position\":3,\"name\":\"STEVE PARISH 50 YEARS PHOTOGRAPHING AUSTRALIA\"}]},{\"@type\":\"WebSite\",\"@id\":\"https:\/\/goodwill.fi\/kauppa\/#website\",\"url\":\"https:\/\/goodwill.fi\/kauppa\/\",\"name\":\"Goodwill-verkkokauppa\",\"description\":\"Kierr\u00e4tysmyym\u00e4l\u00e4 verkossa\",\"publisher\":{\"@id\":\"https:\/\/goodwill.fi\/kauppa\/#organization\"},\"potentialAction\":[{\"@type\":\"SearchAction\",\"target\":{\"@type\":\"EntryPoint\",\"urlTemplate\":\"https:\/\/goodwill.fi\/kauppa\/?s={search_term_string}\"},\"query-input\":{\"@type\":\"PropertyValueSpecification\",\"valueRequired\":true,\"valueName\":\"search_term_string\"}}],\"inLanguage\":\"fi\"},{\"@type\":\"Organization\",\"@id\":\"https:\/\/goodwill.fi\/kauppa\/#organization\",\"name\":\"Goodwill-verkkokauppa\",\"url\":\"https:\/\/goodwill.fi\/kauppa\/\",\"logo\":{\"@type\":\"ImageObject\",\"inLanguage\":\"fi\",\"@id\":\"https:\/\/goodwill.fi\/kauppa\/#\/schema\/logo\/image\/\",\"url\":\"https:\/\/goodwill.fi\/kauppa\/wp-content\/uploads\/2021\/02\/cropped-logo_gw_store-723x211-1.png\",\"contentUrl\":\"https:\/\/goodwill.fi\/kauppa\/wp-content\/uploads\/2021\/02\/cropped-logo_gw_store-723x211-1.png\",\"width\":723,\"height\":207,\"caption\":\"Goodwill-verkkokauppa\"},\"image\":{\"@id\":\"https:\/\/goodwill.fi\/kauppa\/#\/schema\/logo\/image\/\"}}]}<\/script>\n<!-- \/ Yoast SEO plugin. -->","yoast_head_json":{"title":"STEVE PARISH 50 YEARS PHOTOGRAPHING AUSTRALIA - Goodwill-verkkokauppa","description":"Kokoelma Steve Parishin vaikuttavia valokuvia 50 vuoden ajalta. Oiva kahvip\u00f6yt\u00e4kirjaksi. Kustantaja: Steve Parish Julkaisuvuosi: 2010 Mitat: korkeus 29.5 cm, leveys 31.5 cm, 302 sivua Kunto: ehj\u00e4, v\u00e4h\u00e4n k\u00e4yt\u00f6n j\u00e4lki\u00e4","robots":{"index":"index","follow":"follow","max-snippet":"max-snippet:-1","max-image-preview":"max-image-preview:large","max-video-preview":"max-video-preview:-1"},"canonical":"https:\/\/goodwill.fi\/kauppa\/tuote\/steve-parish-50-years-photographing-australia\/","og_locale":"fi_FI","og_type":"article","og_title":"STEVE PARISH 50 YEARS PHOTOGRAPHING AUSTRALIA - Goodwill-verkkokauppa","og_description":"Kokoelma Steve Parishin vaikuttavia valokuvia 50 vuoden ajalta. Oiva kahvip\u00f6yt\u00e4kirjaksi. Kustantaja: Steve Parish Julkaisuvuosi: 2010 Mitat: korkeus 29.5 cm, leveys 31.5 cm, 302 sivua Kunto: ehj\u00e4, v\u00e4h\u00e4n k\u00e4yt\u00f6n j\u00e4lki\u00e4","og_url":"https:\/\/goodwill.fi\/kauppa\/tuote\/steve-parish-50-years-photographing-australia\/","og_site_name":"Goodwill-verkkokauppa","article_modified_time":"2025-12-09T12:35:21+00:00","og_image":[{"width":2560,"height":2560,"url":"https:\/\/goodwill.fi\/kauppa\/wp-content\/uploads\/2025\/12\/P1056719-scaled.jpg","type":"image\/jpeg"}],"twitter_card":"summary_large_image","twitter_misc":{"Arvioitu lukuaika":"1 minuutti"},"schema":{"@context":"https:\/\/schema.org","@graph":[{"@type":"WebPage","@id":"https:\/\/goodwill.fi\/kauppa\/tuote\/steve-parish-50-years-photographing-australia\/","url":"https:\/\/goodwill.fi\/kauppa\/tuote\/steve-parish-50-years-photographing-australia\/","name":"STEVE PARISH 50 YEARS PHOTOGRAPHING AUSTRALIA - Goodwill-verkkokauppa","isPartOf":{"@id":"https:\/\/goodwill.fi\/kauppa\/#website"},"primaryImageOfPage":{"@id":"https:\/\/goodwill.fi\/kauppa\/tuote\/steve-parish-50-years-photographing-australia\/#primaryimage"},"image":{"@id":"https:\/\/goodwill.fi\/kauppa\/tuote\/steve-parish-50-years-photographing-australia\/#primaryimage"},"thumbnailUrl":"https:\/\/goodwill.fi\/kauppa\/wp-content\/uploads\/2025\/12\/P1056719-scaled.jpg","datePublished":"2025-12-09T12:35:20+00:00","dateModified":"2025-12-09T12:35:21+00:00","description":"Kokoelma Steve Parishin vaikuttavia valokuvia 50 vuoden ajalta. Oiva kahvip\u00f6yt\u00e4kirjaksi. Kustantaja: Steve Parish Julkaisuvuosi: 2010 Mitat: korkeus 29.5 cm, leveys 31.5 cm, 302 sivua Kunto: ehj\u00e4, v\u00e4h\u00e4n k\u00e4yt\u00f6n j\u00e4lki\u00e4","breadcrumb":{"@id":"https:\/\/goodwill.fi\/kauppa\/tuote\/steve-parish-50-years-photographing-australia\/#breadcrumb"},"inLanguage":"fi","potentialAction":[{"@type":"ReadAction","target":["https:\/\/goodwill.fi\/kauppa\/tuote\/steve-parish-50-years-photographing-australia\/"]}]},{"@type":"ImageObject","inLanguage":"fi","@id":"https:\/\/goodwill.fi\/kauppa\/tuote\/steve-parish-50-years-photographing-australia\/#primaryimage","url":"https:\/\/goodwill.fi\/kauppa\/wp-content\/uploads\/2025\/12\/P1056719-scaled.jpg","contentUrl":"https:\/\/goodwill.fi\/kauppa\/wp-content\/uploads\/2025\/12\/P1056719-scaled.jpg","width":2560,"height":2560},{"@type":"BreadcrumbList","@id":"https:\/\/goodwill.fi\/kauppa\/tuote\/steve-parish-50-years-photographing-australia\/#breadcrumb","itemListElement":[{"@type":"ListItem","position":1,"name":"Home","item":"https:\/\/goodwill.fi\/kauppa\/"},{"@type":"ListItem","position":2,"name":"Shop","item":"https:\/\/goodwill.fi\/kauppa\/shop\/"},{"@type":"ListItem","position":3,"name":"STEVE PARISH 50 YEARS PHOTOGRAPHING AUSTRALIA"}]},{"@type":"WebSite","@id":"https:\/\/goodwill.fi\/kauppa\/#website","url":"https:\/\/goodwill.fi\/kauppa\/","name":"Goodwill-verkkokauppa","description":"Kierr\u00e4tysmyym\u00e4l\u00e4 verkossa","publisher":{"@id":"https:\/\/goodwill.fi\/kauppa\/#organization"},"potentialAction":[{"@type":"SearchAction","target":{"@type":"EntryPoint","urlTemplate":"https:\/\/goodwill.fi\/kauppa\/?s={search_term_string}"},"query-input":{"@type":"PropertyValueSpecification","valueRequired":true,"valueName":"search_term_string"}}],"inLanguage":"fi"},{"@type":"Organization","@id":"https:\/\/goodwill.fi\/kauppa\/#organization","name":"Goodwill-verkkokauppa","url":"https:\/\/goodwill.fi\/kauppa\/","logo":{"@type":"ImageObject","inLanguage":"fi","@id":"https:\/\/goodwill.fi\/kauppa\/#\/schema\/logo\/image\/","url":"https:\/\/goodwill.fi\/kauppa\/wp-content\/uploads\/2021\/02\/cropped-logo_gw_store-723x211-1.png","contentUrl":"https:\/\/goodwill.fi\/kauppa\/wp-content\/uploads\/2021\/02\/cropped-logo_gw_store-723x211-1.png","width":723,"height":207,"caption":"Goodwill-verkkokauppa"},"image":{"@id":"https:\/\/goodwill.fi\/kauppa\/#\/schema\/logo\/image\/"}}]}},"_links":{"self":[{"href":"https:\/\/goodwill.fi\/kauppa\/wp-json\/wp\/v2\/product\/65696","targetHints":{"allow":["GET"]}}],"collection":[{"href":"https:\/\/goodwill.fi\/kauppa\/wp-json\/wp\/v2\/product"}],"about":[{"href":"https:\/\/goodwill.fi\/kauppa\/wp-json\/wp\/v2\/types\/product"}],"replies":[{"embeddable":true,"href":"https:\/\/goodwill.fi\/kauppa\/wp-json\/wp\/v2\/comments?post=65696"}],"wp:featuredmedia":[{"embeddable":true,"href":"https:\/\/goodwill.fi\/kauppa\/wp-json\/wp\/v2\/media\/65697"}],"wp:attachment":[{"href":"https:\/\/goodwill.fi\/kauppa\/wp-json\/wp\/v2\/media?parent=65696"}],"wp:term":[{"taxonomy":"product_brand","embeddable":true,"href":"https:\/\/goodwill.fi\/kauppa\/wp-json\/wp\/v2\/product_brand?post=65696"},{"taxonomy":"product_cat","embeddable":true,"href":"https:\/\/goodwill.fi\/kauppa\/wp-json\/wp\/v2\/product_cat?post=65696"},{"taxonomy":"product_tag","embeddable":true,"href":"https:\/\/goodwill.fi\/kauppa\/wp-json\/wp\/v2\/product_tag?post=65696"}],"curies":[{"name":"wp","href":"https:\/\/api.w.org\/{rel}","templated":true}]}}