{"id":65494,"date":"2025-12-04T11:22:01","date_gmt":"2025-12-04T09:22:01","guid":{"rendered":"https:\/\/goodwill.fi\/kauppa\/?post_type=product&#038;p=65494"},"modified":"2025-12-04T11:22:01","modified_gmt":"2025-12-04T09:22:01","slug":"chribska-glass-maljakko","status":"publish","type":"product","link":"https:\/\/goodwill.fi\/kauppa\/tuote\/chribska-glass-maljakko\/","title":{"rendered":"CHRIBSKA GLASS MALJAKKO"},"content":{"rendered":"<p style=\"margin: 0cm 0cm 6.4pt 0cm\"><span style=\"font-size: 9.0pt;font-family: 'Arial',sans-serif;color: black\">Suunnittelija: mahdollisesti Josef Hospodka<br \/>\n<\/span><span style=\"font-size: 9.0pt;font-family: 'Arial',sans-serif;color: black\">Valmistaja: Chribska Glass (Tsekkoslovakia)<br \/>\n<\/span><span style=\"font-size: 9.0pt;font-family: 'Arial',sans-serif;color: black\">Valmistusvuosi: mahdollisesti 1950-luku<br \/>\n<\/span><span style=\"font-size: 9.0pt;font-family: 'Arial',sans-serif;color: black\">Mitat: Halkaisija 18 cm, korkeus 19 cm, paino 2675 g<br \/>\n<\/span><span style=\"font-size: 9.0pt;font-family: 'Arial',sans-serif;color: black\">V\u00e4ri: kirkas<br \/>\n<\/span><span style=\"font-size: 9.0pt;font-family: 'Arial',sans-serif;color: black\">Materiaali: lasi<br \/>\n<\/span><span style=\"font-size: 9.0pt;font-family: 'Arial',sans-serif;color: black\">Kunto: ehj\u00e4, v\u00e4h\u00e4isi\u00e4 k\u00e4yt\u00f6n j\u00e4lki\u00e4<\/span><\/p>\n","protected":false},"excerpt":{"rendered":"<p>Suunnittelija: mahdollisesti Josef Hospodka Valmistaja: Chribska Glass (Tsekkoslovakia) Valmistusvuosi: mahdollisesti 1950-luku Mitat: Halkaisija 18 cm, korkeus 19 cm, paino 2675 g V\u00e4ri: kirkas Materiaali: lasi Kunto: ehj\u00e4, v\u00e4h\u00e4isi\u00e4 k\u00e4yt\u00f6n j\u00e4lki\u00e4<\/p>\n","protected":false},"featured_media":65495,"comment_status":"open","ping_status":"closed","template":"","meta":[],"product_brand":[],"product_cat":[159,14876,146,14874,154],"product_tag":[17608,17609,17610,252,1682],"class_list":{"0":"post-65494","1":"product","2":"type-product","3":"status-publish","4":"has-post-thumbnail","6":"product_cat-kaikki","7":"product_cat-koriste-esineet","8":"product_cat-koti-2","9":"product_cat-maljakot","10":"product_cat-sisustus-2","11":"product_tag-chribska","12":"product_tag-josef-hospodka","13":"product_tag-kot06777","14":"product_tag-maljakko","15":"product_tag-vaasi","17":"first","18":"instock","19":"taxable","20":"shipping-taxable","21":"purchasable","22":"product-type-simple"},"yoast_head":"<!-- This site is optimized with the Yoast SEO plugin v27.4 - https:\/\/yoast.com\/product\/yoast-seo-wordpress\/ -->\n<title>CHRIBSKA GLASS MALJAKKO - Goodwill-verkkokauppa<\/title>\n<meta name=\"description\" content=\"Valmistaja: Chribska Glass (Tsekkoslovakia) Valmistusvuosi: mahdollisesti 1950-luku Mitat: Halkaisija 18 cm, korkeus 19 cm, paino 2675 g\" \/>\n<meta name=\"robots\" content=\"index, follow, max-snippet:-1, max-image-preview:large, max-video-preview:-1\" \/>\n<link rel=\"canonical\" href=\"https:\/\/goodwill.fi\/kauppa\/tuote\/chribska-glass-maljakko\/\" \/>\n<meta property=\"og:locale\" content=\"fi_FI\" \/>\n<meta property=\"og:type\" content=\"article\" \/>\n<meta property=\"og:title\" content=\"CHRIBSKA GLASS MALJAKKO - Goodwill-verkkokauppa\" \/>\n<meta property=\"og:description\" content=\"Valmistaja: Chribska Glass (Tsekkoslovakia) Valmistusvuosi: mahdollisesti 1950-luku Mitat: Halkaisija 18 cm, korkeus 19 cm, paino 2675 g\" \/>\n<meta property=\"og:url\" content=\"https:\/\/goodwill.fi\/kauppa\/tuote\/chribska-glass-maljakko\/\" \/>\n<meta property=\"og:site_name\" content=\"Goodwill-verkkokauppa\" \/>\n<meta property=\"og:image\" content=\"https:\/\/goodwill.fi\/kauppa\/wp-content\/uploads\/2025\/12\/IMG_6417-scaled-e1764839970780.jpg\" \/>\n\t<meta property=\"og:image:width\" content=\"1387\" \/>\n\t<meta property=\"og:image:height\" content=\"1707\" \/>\n\t<meta property=\"og:image:type\" content=\"image\/jpeg\" \/>\n<meta name=\"twitter:card\" content=\"summary_large_image\" \/>\n<meta name=\"twitter:label1\" content=\"Arvioitu lukuaika\" \/>\n\t<meta name=\"twitter:data1\" content=\"1 minuutti\" \/>\n<script type=\"application\/ld+json\" class=\"yoast-schema-graph\">{\"@context\":\"https:\\\/\\\/schema.org\",\"@graph\":[{\"@type\":\"WebPage\",\"@id\":\"https:\\\/\\\/goodwill.fi\\\/kauppa\\\/tuote\\\/chribska-glass-maljakko\\\/\",\"url\":\"https:\\\/\\\/goodwill.fi\\\/kauppa\\\/tuote\\\/chribska-glass-maljakko\\\/\",\"name\":\"CHRIBSKA GLASS MALJAKKO - Goodwill-verkkokauppa\",\"isPartOf\":{\"@id\":\"https:\\\/\\\/goodwill.fi\\\/kauppa\\\/#website\"},\"primaryImageOfPage\":{\"@id\":\"https:\\\/\\\/goodwill.fi\\\/kauppa\\\/tuote\\\/chribska-glass-maljakko\\\/#primaryimage\"},\"image\":{\"@id\":\"https:\\\/\\\/goodwill.fi\\\/kauppa\\\/tuote\\\/chribska-glass-maljakko\\\/#primaryimage\"},\"thumbnailUrl\":\"https:\\\/\\\/goodwill.fi\\\/kauppa\\\/wp-content\\\/uploads\\\/2025\\\/12\\\/IMG_6417-scaled-e1764839970780.jpg\",\"datePublished\":\"2025-12-04T09:22:01+00:00\",\"description\":\"Valmistaja: Chribska Glass (Tsekkoslovakia) Valmistusvuosi: mahdollisesti 1950-luku Mitat: Halkaisija 18 cm, korkeus 19 cm, paino 2675 g\",\"breadcrumb\":{\"@id\":\"https:\\\/\\\/goodwill.fi\\\/kauppa\\\/tuote\\\/chribska-glass-maljakko\\\/#breadcrumb\"},\"inLanguage\":\"fi\",\"potentialAction\":[{\"@type\":\"ReadAction\",\"target\":[\"https:\\\/\\\/goodwill.fi\\\/kauppa\\\/tuote\\\/chribska-glass-maljakko\\\/\"]}]},{\"@type\":\"ImageObject\",\"inLanguage\":\"fi\",\"@id\":\"https:\\\/\\\/goodwill.fi\\\/kauppa\\\/tuote\\\/chribska-glass-maljakko\\\/#primaryimage\",\"url\":\"https:\\\/\\\/goodwill.fi\\\/kauppa\\\/wp-content\\\/uploads\\\/2025\\\/12\\\/IMG_6417-scaled-e1764839970780.jpg\",\"contentUrl\":\"https:\\\/\\\/goodwill.fi\\\/kauppa\\\/wp-content\\\/uploads\\\/2025\\\/12\\\/IMG_6417-scaled-e1764839970780.jpg\",\"width\":1387,\"height\":1707},{\"@type\":\"BreadcrumbList\",\"@id\":\"https:\\\/\\\/goodwill.fi\\\/kauppa\\\/tuote\\\/chribska-glass-maljakko\\\/#breadcrumb\",\"itemListElement\":[{\"@type\":\"ListItem\",\"position\":1,\"name\":\"Home\",\"item\":\"https:\\\/\\\/goodwill.fi\\\/kauppa\\\/\"},{\"@type\":\"ListItem\",\"position\":2,\"name\":\"Shop\",\"item\":\"https:\\\/\\\/goodwill.fi\\\/kauppa\\\/shop\\\/\"},{\"@type\":\"ListItem\",\"position\":3,\"name\":\"CHRIBSKA GLASS MALJAKKO\"}]},{\"@type\":\"WebSite\",\"@id\":\"https:\\\/\\\/goodwill.fi\\\/kauppa\\\/#website\",\"url\":\"https:\\\/\\\/goodwill.fi\\\/kauppa\\\/\",\"name\":\"Goodwill-verkkokauppa\",\"description\":\"Kierr\u00e4tysmyym\u00e4l\u00e4 verkossa\",\"publisher\":{\"@id\":\"https:\\\/\\\/goodwill.fi\\\/kauppa\\\/#organization\"},\"potentialAction\":[{\"@type\":\"SearchAction\",\"target\":{\"@type\":\"EntryPoint\",\"urlTemplate\":\"https:\\\/\\\/goodwill.fi\\\/kauppa\\\/?s={search_term_string}\"},\"query-input\":{\"@type\":\"PropertyValueSpecification\",\"valueRequired\":true,\"valueName\":\"search_term_string\"}}],\"inLanguage\":\"fi\"},{\"@type\":\"Organization\",\"@id\":\"https:\\\/\\\/goodwill.fi\\\/kauppa\\\/#organization\",\"name\":\"Goodwill-verkkokauppa\",\"url\":\"https:\\\/\\\/goodwill.fi\\\/kauppa\\\/\",\"logo\":{\"@type\":\"ImageObject\",\"inLanguage\":\"fi\",\"@id\":\"https:\\\/\\\/goodwill.fi\\\/kauppa\\\/#\\\/schema\\\/logo\\\/image\\\/\",\"url\":\"https:\\\/\\\/goodwill.fi\\\/kauppa\\\/wp-content\\\/uploads\\\/2021\\\/02\\\/cropped-logo_gw_store-723x211-1.png\",\"contentUrl\":\"https:\\\/\\\/goodwill.fi\\\/kauppa\\\/wp-content\\\/uploads\\\/2021\\\/02\\\/cropped-logo_gw_store-723x211-1.png\",\"width\":723,\"height\":207,\"caption\":\"Goodwill-verkkokauppa\"},\"image\":{\"@id\":\"https:\\\/\\\/goodwill.fi\\\/kauppa\\\/#\\\/schema\\\/logo\\\/image\\\/\"}}]}<\/script>\n<!-- \/ Yoast SEO plugin. -->","yoast_head_json":{"title":"CHRIBSKA GLASS MALJAKKO - Goodwill-verkkokauppa","description":"Valmistaja: Chribska Glass (Tsekkoslovakia) Valmistusvuosi: mahdollisesti 1950-luku Mitat: Halkaisija 18 cm, korkeus 19 cm, paino 2675 g","robots":{"index":"index","follow":"follow","max-snippet":"max-snippet:-1","max-image-preview":"max-image-preview:large","max-video-preview":"max-video-preview:-1"},"canonical":"https:\/\/goodwill.fi\/kauppa\/tuote\/chribska-glass-maljakko\/","og_locale":"fi_FI","og_type":"article","og_title":"CHRIBSKA GLASS MALJAKKO - Goodwill-verkkokauppa","og_description":"Valmistaja: Chribska Glass (Tsekkoslovakia) Valmistusvuosi: mahdollisesti 1950-luku Mitat: Halkaisija 18 cm, korkeus 19 cm, paino 2675 g","og_url":"https:\/\/goodwill.fi\/kauppa\/tuote\/chribska-glass-maljakko\/","og_site_name":"Goodwill-verkkokauppa","og_image":[{"width":1387,"height":1707,"url":"https:\/\/goodwill.fi\/kauppa\/wp-content\/uploads\/2025\/12\/IMG_6417-scaled-e1764839970780.jpg","type":"image\/jpeg"}],"twitter_card":"summary_large_image","twitter_misc":{"Arvioitu lukuaika":"1 minuutti"},"schema":{"@context":"https:\/\/schema.org","@graph":[{"@type":"WebPage","@id":"https:\/\/goodwill.fi\/kauppa\/tuote\/chribska-glass-maljakko\/","url":"https:\/\/goodwill.fi\/kauppa\/tuote\/chribska-glass-maljakko\/","name":"CHRIBSKA GLASS MALJAKKO - Goodwill-verkkokauppa","isPartOf":{"@id":"https:\/\/goodwill.fi\/kauppa\/#website"},"primaryImageOfPage":{"@id":"https:\/\/goodwill.fi\/kauppa\/tuote\/chribska-glass-maljakko\/#primaryimage"},"image":{"@id":"https:\/\/goodwill.fi\/kauppa\/tuote\/chribska-glass-maljakko\/#primaryimage"},"thumbnailUrl":"https:\/\/goodwill.fi\/kauppa\/wp-content\/uploads\/2025\/12\/IMG_6417-scaled-e1764839970780.jpg","datePublished":"2025-12-04T09:22:01+00:00","description":"Valmistaja: Chribska Glass (Tsekkoslovakia) Valmistusvuosi: mahdollisesti 1950-luku Mitat: Halkaisija 18 cm, korkeus 19 cm, paino 2675 g","breadcrumb":{"@id":"https:\/\/goodwill.fi\/kauppa\/tuote\/chribska-glass-maljakko\/#breadcrumb"},"inLanguage":"fi","potentialAction":[{"@type":"ReadAction","target":["https:\/\/goodwill.fi\/kauppa\/tuote\/chribska-glass-maljakko\/"]}]},{"@type":"ImageObject","inLanguage":"fi","@id":"https:\/\/goodwill.fi\/kauppa\/tuote\/chribska-glass-maljakko\/#primaryimage","url":"https:\/\/goodwill.fi\/kauppa\/wp-content\/uploads\/2025\/12\/IMG_6417-scaled-e1764839970780.jpg","contentUrl":"https:\/\/goodwill.fi\/kauppa\/wp-content\/uploads\/2025\/12\/IMG_6417-scaled-e1764839970780.jpg","width":1387,"height":1707},{"@type":"BreadcrumbList","@id":"https:\/\/goodwill.fi\/kauppa\/tuote\/chribska-glass-maljakko\/#breadcrumb","itemListElement":[{"@type":"ListItem","position":1,"name":"Home","item":"https:\/\/goodwill.fi\/kauppa\/"},{"@type":"ListItem","position":2,"name":"Shop","item":"https:\/\/goodwill.fi\/kauppa\/shop\/"},{"@type":"ListItem","position":3,"name":"CHRIBSKA GLASS MALJAKKO"}]},{"@type":"WebSite","@id":"https:\/\/goodwill.fi\/kauppa\/#website","url":"https:\/\/goodwill.fi\/kauppa\/","name":"Goodwill-verkkokauppa","description":"Kierr\u00e4tysmyym\u00e4l\u00e4 verkossa","publisher":{"@id":"https:\/\/goodwill.fi\/kauppa\/#organization"},"potentialAction":[{"@type":"SearchAction","target":{"@type":"EntryPoint","urlTemplate":"https:\/\/goodwill.fi\/kauppa\/?s={search_term_string}"},"query-input":{"@type":"PropertyValueSpecification","valueRequired":true,"valueName":"search_term_string"}}],"inLanguage":"fi"},{"@type":"Organization","@id":"https:\/\/goodwill.fi\/kauppa\/#organization","name":"Goodwill-verkkokauppa","url":"https:\/\/goodwill.fi\/kauppa\/","logo":{"@type":"ImageObject","inLanguage":"fi","@id":"https:\/\/goodwill.fi\/kauppa\/#\/schema\/logo\/image\/","url":"https:\/\/goodwill.fi\/kauppa\/wp-content\/uploads\/2021\/02\/cropped-logo_gw_store-723x211-1.png","contentUrl":"https:\/\/goodwill.fi\/kauppa\/wp-content\/uploads\/2021\/02\/cropped-logo_gw_store-723x211-1.png","width":723,"height":207,"caption":"Goodwill-verkkokauppa"},"image":{"@id":"https:\/\/goodwill.fi\/kauppa\/#\/schema\/logo\/image\/"}}]}},"_links":{"self":[{"href":"https:\/\/goodwill.fi\/kauppa\/wp-json\/wp\/v2\/product\/65494","targetHints":{"allow":["GET"]}}],"collection":[{"href":"https:\/\/goodwill.fi\/kauppa\/wp-json\/wp\/v2\/product"}],"about":[{"href":"https:\/\/goodwill.fi\/kauppa\/wp-json\/wp\/v2\/types\/product"}],"replies":[{"embeddable":true,"href":"https:\/\/goodwill.fi\/kauppa\/wp-json\/wp\/v2\/comments?post=65494"}],"wp:featuredmedia":[{"embeddable":true,"href":"https:\/\/goodwill.fi\/kauppa\/wp-json\/wp\/v2\/media\/65495"}],"wp:attachment":[{"href":"https:\/\/goodwill.fi\/kauppa\/wp-json\/wp\/v2\/media?parent=65494"}],"wp:term":[{"taxonomy":"product_brand","embeddable":true,"href":"https:\/\/goodwill.fi\/kauppa\/wp-json\/wp\/v2\/product_brand?post=65494"},{"taxonomy":"product_cat","embeddable":true,"href":"https:\/\/goodwill.fi\/kauppa\/wp-json\/wp\/v2\/product_cat?post=65494"},{"taxonomy":"product_tag","embeddable":true,"href":"https:\/\/goodwill.fi\/kauppa\/wp-json\/wp\/v2\/product_tag?post=65494"}],"curies":[{"name":"wp","href":"https:\/\/api.w.org\/{rel}","templated":true}]}}