{"id":65393,"date":"2025-12-03T10:45:44","date_gmt":"2025-12-03T08:45:44","guid":{"rendered":"https:\/\/goodwill.fi\/kauppa\/?post_type=product&#038;p=65393"},"modified":"2025-12-03T10:45:45","modified_gmt":"2025-12-03T08:45:45","slug":"arabia-maarit-seinalautanen","status":"publish","type":"product","link":"https:\/\/goodwill.fi\/kauppa\/tuote\/arabia-maarit-seinalautanen\/","title":{"rendered":"ARABIA MAARIT SEIN\u00c4LAUTANEN"},"content":{"rendered":"<p>Suunnittelija: Anita Rantanen<br \/>\nValmistaja: Arabia<br \/>\nValmistusvuosi: 1981 &#8211; 2014<br \/>\nMitat: 12 x 12cm<br \/>\nPaino: 215g<br \/>\nMateriaali: Keraaminen<br \/>\nKunto: Ehj\u00e4<\/p>\n","protected":false},"excerpt":{"rendered":"<p>Suunnittelija: Anita Rantanen Valmistaja: Arabia Valmistusvuosi: 1981 &#8211; 2014 Mitat: 12 x 12cm Paino: 215g Materiaali: Keraaminen Kunto: Ehj\u00e4<\/p>\n","protected":false},"featured_media":65394,"comment_status":"open","ping_status":"closed","template":"","meta":[],"product_brand":[],"product_cat":[159,14855,180,14861,171],"product_tag":[17578],"class_list":{"0":"post-65393","1":"product","2":"type-product","3":"status-publish","4":"has-post-thumbnail","6":"product_cat-kaikki","7":"product_cat-arabia","8":"product_cat-keraily-2","9":"product_cat-taidelasi-keramiikka","10":"product_cat-taulut-2","11":"product_tag-lap00269","13":"first","14":"instock","15":"taxable","16":"shipping-taxable","17":"purchasable","18":"product-type-simple"},"yoast_head":"<!-- This site is optimized with the Yoast SEO plugin v27.1.1 - https:\/\/yoast.com\/product\/yoast-seo-wordpress\/ -->\n<title>ARABIA MAARIT SEIN\u00c4LAUTANEN - Goodwill-verkkokauppa<\/title>\n<meta name=\"description\" content=\"Suunnittelija: Anita RantanenValmistaja: ArabiaValmistusvuosi: 1981 - 2014Mitat: 12 x 12cmPaino: 215gMateriaali: KeraaminenKunto: Ehj\u00e4\" \/>\n<meta name=\"robots\" content=\"index, follow, max-snippet:-1, max-image-preview:large, max-video-preview:-1\" \/>\n<link rel=\"canonical\" href=\"https:\/\/goodwill.fi\/kauppa\/tuote\/arabia-maarit-seinalautanen\/\" \/>\n<meta property=\"og:locale\" content=\"fi_FI\" \/>\n<meta property=\"og:type\" content=\"article\" \/>\n<meta property=\"og:title\" content=\"ARABIA MAARIT SEIN\u00c4LAUTANEN - Goodwill-verkkokauppa\" \/>\n<meta property=\"og:description\" content=\"Suunnittelija: Anita RantanenValmistaja: ArabiaValmistusvuosi: 1981 - 2014Mitat: 12 x 12cmPaino: 215gMateriaali: KeraaminenKunto: Ehj\u00e4\" \/>\n<meta property=\"og:url\" content=\"https:\/\/goodwill.fi\/kauppa\/tuote\/arabia-maarit-seinalautanen\/\" \/>\n<meta property=\"og:site_name\" content=\"Goodwill-verkkokauppa\" \/>\n<meta property=\"article:modified_time\" content=\"2025-12-03T08:45:45+00:00\" \/>\n<meta property=\"og:image\" content=\"https:\/\/goodwill.fi\/kauppa\/wp-content\/uploads\/2025\/12\/IMG_3948-scaled.jpg\" \/>\n\t<meta property=\"og:image:width\" content=\"2560\" \/>\n\t<meta property=\"og:image:height\" content=\"1707\" \/>\n\t<meta property=\"og:image:type\" content=\"image\/jpeg\" \/>\n<meta name=\"twitter:card\" content=\"summary_large_image\" \/>\n<meta name=\"twitter:label1\" content=\"Arvioitu lukuaika\" \/>\n\t<meta name=\"twitter:data1\" content=\"1 minuutti\" \/>\n<script type=\"application\/ld+json\" class=\"yoast-schema-graph\">{\"@context\":\"https:\/\/schema.org\",\"@graph\":[{\"@type\":\"WebPage\",\"@id\":\"https:\/\/goodwill.fi\/kauppa\/tuote\/arabia-maarit-seinalautanen\/\",\"url\":\"https:\/\/goodwill.fi\/kauppa\/tuote\/arabia-maarit-seinalautanen\/\",\"name\":\"ARABIA MAARIT SEIN\u00c4LAUTANEN - Goodwill-verkkokauppa\",\"isPartOf\":{\"@id\":\"https:\/\/goodwill.fi\/kauppa\/#website\"},\"primaryImageOfPage\":{\"@id\":\"https:\/\/goodwill.fi\/kauppa\/tuote\/arabia-maarit-seinalautanen\/#primaryimage\"},\"image\":{\"@id\":\"https:\/\/goodwill.fi\/kauppa\/tuote\/arabia-maarit-seinalautanen\/#primaryimage\"},\"thumbnailUrl\":\"https:\/\/goodwill.fi\/kauppa\/wp-content\/uploads\/2025\/12\/IMG_3948-scaled.jpg\",\"datePublished\":\"2025-12-03T08:45:44+00:00\",\"dateModified\":\"2025-12-03T08:45:45+00:00\",\"description\":\"Suunnittelija: Anita RantanenValmistaja: ArabiaValmistusvuosi: 1981 - 2014Mitat: 12 x 12cmPaino: 215gMateriaali: KeraaminenKunto: Ehj\u00e4\",\"breadcrumb\":{\"@id\":\"https:\/\/goodwill.fi\/kauppa\/tuote\/arabia-maarit-seinalautanen\/#breadcrumb\"},\"inLanguage\":\"fi\",\"potentialAction\":[{\"@type\":\"ReadAction\",\"target\":[\"https:\/\/goodwill.fi\/kauppa\/tuote\/arabia-maarit-seinalautanen\/\"]}]},{\"@type\":\"ImageObject\",\"inLanguage\":\"fi\",\"@id\":\"https:\/\/goodwill.fi\/kauppa\/tuote\/arabia-maarit-seinalautanen\/#primaryimage\",\"url\":\"https:\/\/goodwill.fi\/kauppa\/wp-content\/uploads\/2025\/12\/IMG_3948-scaled.jpg\",\"contentUrl\":\"https:\/\/goodwill.fi\/kauppa\/wp-content\/uploads\/2025\/12\/IMG_3948-scaled.jpg\",\"width\":2560,\"height\":1707},{\"@type\":\"BreadcrumbList\",\"@id\":\"https:\/\/goodwill.fi\/kauppa\/tuote\/arabia-maarit-seinalautanen\/#breadcrumb\",\"itemListElement\":[{\"@type\":\"ListItem\",\"position\":1,\"name\":\"Home\",\"item\":\"https:\/\/goodwill.fi\/kauppa\/\"},{\"@type\":\"ListItem\",\"position\":2,\"name\":\"Shop\",\"item\":\"https:\/\/goodwill.fi\/kauppa\/shop\/\"},{\"@type\":\"ListItem\",\"position\":3,\"name\":\"ARABIA MAARIT SEIN\u00c4LAUTANEN\"}]},{\"@type\":\"WebSite\",\"@id\":\"https:\/\/goodwill.fi\/kauppa\/#website\",\"url\":\"https:\/\/goodwill.fi\/kauppa\/\",\"name\":\"Goodwill-verkkokauppa\",\"description\":\"Kierr\u00e4tysmyym\u00e4l\u00e4 verkossa\",\"publisher\":{\"@id\":\"https:\/\/goodwill.fi\/kauppa\/#organization\"},\"potentialAction\":[{\"@type\":\"SearchAction\",\"target\":{\"@type\":\"EntryPoint\",\"urlTemplate\":\"https:\/\/goodwill.fi\/kauppa\/?s={search_term_string}\"},\"query-input\":{\"@type\":\"PropertyValueSpecification\",\"valueRequired\":true,\"valueName\":\"search_term_string\"}}],\"inLanguage\":\"fi\"},{\"@type\":\"Organization\",\"@id\":\"https:\/\/goodwill.fi\/kauppa\/#organization\",\"name\":\"Goodwill-verkkokauppa\",\"url\":\"https:\/\/goodwill.fi\/kauppa\/\",\"logo\":{\"@type\":\"ImageObject\",\"inLanguage\":\"fi\",\"@id\":\"https:\/\/goodwill.fi\/kauppa\/#\/schema\/logo\/image\/\",\"url\":\"https:\/\/goodwill.fi\/kauppa\/wp-content\/uploads\/2021\/02\/cropped-logo_gw_store-723x211-1.png\",\"contentUrl\":\"https:\/\/goodwill.fi\/kauppa\/wp-content\/uploads\/2021\/02\/cropped-logo_gw_store-723x211-1.png\",\"width\":723,\"height\":207,\"caption\":\"Goodwill-verkkokauppa\"},\"image\":{\"@id\":\"https:\/\/goodwill.fi\/kauppa\/#\/schema\/logo\/image\/\"}}]}<\/script>\n<!-- \/ Yoast SEO plugin. -->","yoast_head_json":{"title":"ARABIA MAARIT SEIN\u00c4LAUTANEN - Goodwill-verkkokauppa","description":"Suunnittelija: Anita RantanenValmistaja: ArabiaValmistusvuosi: 1981 - 2014Mitat: 12 x 12cmPaino: 215gMateriaali: KeraaminenKunto: Ehj\u00e4","robots":{"index":"index","follow":"follow","max-snippet":"max-snippet:-1","max-image-preview":"max-image-preview:large","max-video-preview":"max-video-preview:-1"},"canonical":"https:\/\/goodwill.fi\/kauppa\/tuote\/arabia-maarit-seinalautanen\/","og_locale":"fi_FI","og_type":"article","og_title":"ARABIA MAARIT SEIN\u00c4LAUTANEN - Goodwill-verkkokauppa","og_description":"Suunnittelija: Anita RantanenValmistaja: ArabiaValmistusvuosi: 1981 - 2014Mitat: 12 x 12cmPaino: 215gMateriaali: KeraaminenKunto: Ehj\u00e4","og_url":"https:\/\/goodwill.fi\/kauppa\/tuote\/arabia-maarit-seinalautanen\/","og_site_name":"Goodwill-verkkokauppa","article_modified_time":"2025-12-03T08:45:45+00:00","og_image":[{"width":2560,"height":1707,"url":"https:\/\/goodwill.fi\/kauppa\/wp-content\/uploads\/2025\/12\/IMG_3948-scaled.jpg","type":"image\/jpeg"}],"twitter_card":"summary_large_image","twitter_misc":{"Arvioitu lukuaika":"1 minuutti"},"schema":{"@context":"https:\/\/schema.org","@graph":[{"@type":"WebPage","@id":"https:\/\/goodwill.fi\/kauppa\/tuote\/arabia-maarit-seinalautanen\/","url":"https:\/\/goodwill.fi\/kauppa\/tuote\/arabia-maarit-seinalautanen\/","name":"ARABIA MAARIT SEIN\u00c4LAUTANEN - Goodwill-verkkokauppa","isPartOf":{"@id":"https:\/\/goodwill.fi\/kauppa\/#website"},"primaryImageOfPage":{"@id":"https:\/\/goodwill.fi\/kauppa\/tuote\/arabia-maarit-seinalautanen\/#primaryimage"},"image":{"@id":"https:\/\/goodwill.fi\/kauppa\/tuote\/arabia-maarit-seinalautanen\/#primaryimage"},"thumbnailUrl":"https:\/\/goodwill.fi\/kauppa\/wp-content\/uploads\/2025\/12\/IMG_3948-scaled.jpg","datePublished":"2025-12-03T08:45:44+00:00","dateModified":"2025-12-03T08:45:45+00:00","description":"Suunnittelija: Anita RantanenValmistaja: ArabiaValmistusvuosi: 1981 - 2014Mitat: 12 x 12cmPaino: 215gMateriaali: KeraaminenKunto: Ehj\u00e4","breadcrumb":{"@id":"https:\/\/goodwill.fi\/kauppa\/tuote\/arabia-maarit-seinalautanen\/#breadcrumb"},"inLanguage":"fi","potentialAction":[{"@type":"ReadAction","target":["https:\/\/goodwill.fi\/kauppa\/tuote\/arabia-maarit-seinalautanen\/"]}]},{"@type":"ImageObject","inLanguage":"fi","@id":"https:\/\/goodwill.fi\/kauppa\/tuote\/arabia-maarit-seinalautanen\/#primaryimage","url":"https:\/\/goodwill.fi\/kauppa\/wp-content\/uploads\/2025\/12\/IMG_3948-scaled.jpg","contentUrl":"https:\/\/goodwill.fi\/kauppa\/wp-content\/uploads\/2025\/12\/IMG_3948-scaled.jpg","width":2560,"height":1707},{"@type":"BreadcrumbList","@id":"https:\/\/goodwill.fi\/kauppa\/tuote\/arabia-maarit-seinalautanen\/#breadcrumb","itemListElement":[{"@type":"ListItem","position":1,"name":"Home","item":"https:\/\/goodwill.fi\/kauppa\/"},{"@type":"ListItem","position":2,"name":"Shop","item":"https:\/\/goodwill.fi\/kauppa\/shop\/"},{"@type":"ListItem","position":3,"name":"ARABIA MAARIT SEIN\u00c4LAUTANEN"}]},{"@type":"WebSite","@id":"https:\/\/goodwill.fi\/kauppa\/#website","url":"https:\/\/goodwill.fi\/kauppa\/","name":"Goodwill-verkkokauppa","description":"Kierr\u00e4tysmyym\u00e4l\u00e4 verkossa","publisher":{"@id":"https:\/\/goodwill.fi\/kauppa\/#organization"},"potentialAction":[{"@type":"SearchAction","target":{"@type":"EntryPoint","urlTemplate":"https:\/\/goodwill.fi\/kauppa\/?s={search_term_string}"},"query-input":{"@type":"PropertyValueSpecification","valueRequired":true,"valueName":"search_term_string"}}],"inLanguage":"fi"},{"@type":"Organization","@id":"https:\/\/goodwill.fi\/kauppa\/#organization","name":"Goodwill-verkkokauppa","url":"https:\/\/goodwill.fi\/kauppa\/","logo":{"@type":"ImageObject","inLanguage":"fi","@id":"https:\/\/goodwill.fi\/kauppa\/#\/schema\/logo\/image\/","url":"https:\/\/goodwill.fi\/kauppa\/wp-content\/uploads\/2021\/02\/cropped-logo_gw_store-723x211-1.png","contentUrl":"https:\/\/goodwill.fi\/kauppa\/wp-content\/uploads\/2021\/02\/cropped-logo_gw_store-723x211-1.png","width":723,"height":207,"caption":"Goodwill-verkkokauppa"},"image":{"@id":"https:\/\/goodwill.fi\/kauppa\/#\/schema\/logo\/image\/"}}]}},"_links":{"self":[{"href":"https:\/\/goodwill.fi\/kauppa\/wp-json\/wp\/v2\/product\/65393","targetHints":{"allow":["GET"]}}],"collection":[{"href":"https:\/\/goodwill.fi\/kauppa\/wp-json\/wp\/v2\/product"}],"about":[{"href":"https:\/\/goodwill.fi\/kauppa\/wp-json\/wp\/v2\/types\/product"}],"replies":[{"embeddable":true,"href":"https:\/\/goodwill.fi\/kauppa\/wp-json\/wp\/v2\/comments?post=65393"}],"wp:featuredmedia":[{"embeddable":true,"href":"https:\/\/goodwill.fi\/kauppa\/wp-json\/wp\/v2\/media\/65394"}],"wp:attachment":[{"href":"https:\/\/goodwill.fi\/kauppa\/wp-json\/wp\/v2\/media?parent=65393"}],"wp:term":[{"taxonomy":"product_brand","embeddable":true,"href":"https:\/\/goodwill.fi\/kauppa\/wp-json\/wp\/v2\/product_brand?post=65393"},{"taxonomy":"product_cat","embeddable":true,"href":"https:\/\/goodwill.fi\/kauppa\/wp-json\/wp\/v2\/product_cat?post=65393"},{"taxonomy":"product_tag","embeddable":true,"href":"https:\/\/goodwill.fi\/kauppa\/wp-json\/wp\/v2\/product_tag?post=65393"}],"curies":[{"name":"wp","href":"https:\/\/api.w.org\/{rel}","templated":true}]}}