{"id":64696,"date":"2025-11-19T12:31:21","date_gmt":"2025-11-19T10:31:21","guid":{"rendered":"https:\/\/goodwill.fi\/kauppa\/?post_type=product&#038;p=64696"},"modified":"2025-11-20T10:52:38","modified_gmt":"2025-11-20T08:52:38","slug":"riihimaen-lasi-maljakko-vihrea","status":"publish","type":"product","link":"https:\/\/goodwill.fi\/kauppa\/tuote\/riihimaen-lasi-maljakko-vihrea\/","title":{"rendered":"RIIHIM\u00c4EN LASI MALJAKKO, VIHRE\u00c4"},"content":{"rendered":"<p>Tamara Aladinin suunnittelema vihre\u00e4 maljakko, jonka on valmistanut Riihim\u00e4en Lasi vuosina 1960-1975.<\/p>\n<p>Suunnittelija: Tamara Aladin<br \/>\nValmistaja: Riihim\u00e4en Lasi<br \/>\nValmistusvuosi: 1960-1975<br \/>\nMitat: Korkeus 18cm, halkaisija ylh\u00e4\u00e4lt\u00e4 9,8cm ja pohjan halkaisija 6,6cm.<br \/>\nPaino: 390g<br \/>\nV\u00e4ri: Vihre\u00e4<br \/>\nMateriaali: Lasi<br \/>\nKunto: Ehj\u00e4, k\u00e4yt\u00f6n j\u00e4lke\u00e4. Vedest\u00e4 tullut pinttym\u00e4\u00e4 ja maljakon pohjassa on pient\u00e4 naarmua.<br \/>\nHuom:<\/p>\n","protected":false},"excerpt":{"rendered":"<p>Tamara Aladinin suunnittelema vihre\u00e4 maljakko, jonka on valmistanut Riihim\u00e4en Lasi vuosina 1960-1975. Suunnittelija: Tamara Aladin Valmistaja: Riihim\u00e4en Lasi Valmistusvuosi: 1960-1975 Mitat: Korkeus 18cm, halkaisija ylh\u00e4\u00e4lt\u00e4 9,8cm ja pohjan halkaisija 6,6cm. Paino: 390g V\u00e4ri: Vihre\u00e4 Materiaali: Lasi Kunto: Ehj\u00e4, k\u00e4yt\u00f6n j\u00e4lke\u00e4. Vedest\u00e4 tullut pinttym\u00e4\u00e4 ja maljakon pohjassa on pient\u00e4 naarmua. Huom:<\/p>\n","protected":false},"featured_media":64722,"comment_status":"open","ping_status":"closed","template":"","meta":[],"product_brand":[14057],"product_cat":[159,14856,180,14861,146,14874],"product_tag":[352,252,251,266,453],"class_list":{"0":"post-64696","1":"product","2":"type-product","3":"status-publish","4":"has-post-thumbnail","6":"product_brand-riihimaen-lasi","7":"product_cat-kaikki","8":"product_cat-riihimaen-lasi","9":"product_cat-keraily-2","10":"product_cat-taidelasi-keramiikka","11":"product_cat-koti-2","12":"product_cat-maljakot","13":"product_tag-lasi","14":"product_tag-maljakko","15":"product_tag-riihimaen-lasi","16":"product_tag-tamara-aladin","17":"product_tag-vihrea-2","19":"first","20":"instock","21":"taxable","22":"shipping-taxable","23":"purchasable","24":"product-type-simple"},"yoast_head":"<!-- This site is optimized with the Yoast SEO plugin v27.1.1 - https:\/\/yoast.com\/product\/yoast-seo-wordpress\/ -->\n<title>RIIHIM\u00c4EN LASI MALJAKKO, VIHRE\u00c4 - Goodwill-verkkokauppa<\/title>\n<meta name=\"description\" content=\"Tamara Aladinin suunnittelema vihre\u00e4, 18cm korkea maljakko, jonka on valmistanut Riihim\u00e4en Lasi vuosina 1960-1975.\" \/>\n<meta name=\"robots\" content=\"index, follow, max-snippet:-1, max-image-preview:large, max-video-preview:-1\" \/>\n<link rel=\"canonical\" href=\"https:\/\/goodwill.fi\/kauppa\/tuote\/riihimaen-lasi-maljakko-vihrea\/\" \/>\n<meta property=\"og:locale\" content=\"fi_FI\" \/>\n<meta property=\"og:type\" content=\"article\" \/>\n<meta property=\"og:title\" content=\"RIIHIM\u00c4EN LASI MALJAKKO, VIHRE\u00c4 - Goodwill-verkkokauppa\" \/>\n<meta property=\"og:description\" content=\"Tamara Aladinin suunnittelema vihre\u00e4, 18cm korkea maljakko, jonka on valmistanut Riihim\u00e4en Lasi vuosina 1960-1975.\" \/>\n<meta property=\"og:url\" content=\"https:\/\/goodwill.fi\/kauppa\/tuote\/riihimaen-lasi-maljakko-vihrea\/\" \/>\n<meta property=\"og:site_name\" content=\"Goodwill-verkkokauppa\" \/>\n<meta property=\"article:modified_time\" content=\"2025-11-20T08:52:38+00:00\" \/>\n<meta property=\"og:image\" content=\"https:\/\/goodwill.fi\/kauppa\/wp-content\/uploads\/2025\/11\/IMG_3811.jpg\" \/>\n\t<meta property=\"og:image:width\" content=\"1710\" \/>\n\t<meta property=\"og:image:height\" content=\"1728\" \/>\n\t<meta property=\"og:image:type\" content=\"image\/jpeg\" \/>\n<meta name=\"twitter:card\" content=\"summary_large_image\" \/>\n<meta name=\"twitter:label1\" content=\"Arvioitu lukuaika\" \/>\n\t<meta name=\"twitter:data1\" content=\"1 minuutti\" \/>\n<script type=\"application\/ld+json\" class=\"yoast-schema-graph\">{\"@context\":\"https:\/\/schema.org\",\"@graph\":[{\"@type\":\"WebPage\",\"@id\":\"https:\/\/goodwill.fi\/kauppa\/tuote\/riihimaen-lasi-maljakko-vihrea\/\",\"url\":\"https:\/\/goodwill.fi\/kauppa\/tuote\/riihimaen-lasi-maljakko-vihrea\/\",\"name\":\"RIIHIM\u00c4EN LASI MALJAKKO, VIHRE\u00c4 - Goodwill-verkkokauppa\",\"isPartOf\":{\"@id\":\"https:\/\/goodwill.fi\/kauppa\/#website\"},\"primaryImageOfPage\":{\"@id\":\"https:\/\/goodwill.fi\/kauppa\/tuote\/riihimaen-lasi-maljakko-vihrea\/#primaryimage\"},\"image\":{\"@id\":\"https:\/\/goodwill.fi\/kauppa\/tuote\/riihimaen-lasi-maljakko-vihrea\/#primaryimage\"},\"thumbnailUrl\":\"https:\/\/goodwill.fi\/kauppa\/wp-content\/uploads\/2025\/11\/IMG_3811.jpg\",\"datePublished\":\"2025-11-19T10:31:21+00:00\",\"dateModified\":\"2025-11-20T08:52:38+00:00\",\"description\":\"Tamara Aladinin suunnittelema vihre\u00e4, 18cm korkea maljakko, jonka on valmistanut Riihim\u00e4en Lasi vuosina 1960-1975.\",\"breadcrumb\":{\"@id\":\"https:\/\/goodwill.fi\/kauppa\/tuote\/riihimaen-lasi-maljakko-vihrea\/#breadcrumb\"},\"inLanguage\":\"fi\",\"potentialAction\":[{\"@type\":\"ReadAction\",\"target\":[\"https:\/\/goodwill.fi\/kauppa\/tuote\/riihimaen-lasi-maljakko-vihrea\/\"]}]},{\"@type\":\"ImageObject\",\"inLanguage\":\"fi\",\"@id\":\"https:\/\/goodwill.fi\/kauppa\/tuote\/riihimaen-lasi-maljakko-vihrea\/#primaryimage\",\"url\":\"https:\/\/goodwill.fi\/kauppa\/wp-content\/uploads\/2025\/11\/IMG_3811.jpg\",\"contentUrl\":\"https:\/\/goodwill.fi\/kauppa\/wp-content\/uploads\/2025\/11\/IMG_3811.jpg\",\"width\":1710,\"height\":1728},{\"@type\":\"BreadcrumbList\",\"@id\":\"https:\/\/goodwill.fi\/kauppa\/tuote\/riihimaen-lasi-maljakko-vihrea\/#breadcrumb\",\"itemListElement\":[{\"@type\":\"ListItem\",\"position\":1,\"name\":\"Home\",\"item\":\"https:\/\/goodwill.fi\/kauppa\/\"},{\"@type\":\"ListItem\",\"position\":2,\"name\":\"Shop\",\"item\":\"https:\/\/goodwill.fi\/kauppa\/shop\/\"},{\"@type\":\"ListItem\",\"position\":3,\"name\":\"RIIHIM\u00c4EN LASI MALJAKKO, VIHRE\u00c4\"}]},{\"@type\":\"WebSite\",\"@id\":\"https:\/\/goodwill.fi\/kauppa\/#website\",\"url\":\"https:\/\/goodwill.fi\/kauppa\/\",\"name\":\"Goodwill-verkkokauppa\",\"description\":\"Kierr\u00e4tysmyym\u00e4l\u00e4 verkossa\",\"publisher\":{\"@id\":\"https:\/\/goodwill.fi\/kauppa\/#organization\"},\"potentialAction\":[{\"@type\":\"SearchAction\",\"target\":{\"@type\":\"EntryPoint\",\"urlTemplate\":\"https:\/\/goodwill.fi\/kauppa\/?s={search_term_string}\"},\"query-input\":{\"@type\":\"PropertyValueSpecification\",\"valueRequired\":true,\"valueName\":\"search_term_string\"}}],\"inLanguage\":\"fi\"},{\"@type\":\"Organization\",\"@id\":\"https:\/\/goodwill.fi\/kauppa\/#organization\",\"name\":\"Goodwill-verkkokauppa\",\"url\":\"https:\/\/goodwill.fi\/kauppa\/\",\"logo\":{\"@type\":\"ImageObject\",\"inLanguage\":\"fi\",\"@id\":\"https:\/\/goodwill.fi\/kauppa\/#\/schema\/logo\/image\/\",\"url\":\"https:\/\/goodwill.fi\/kauppa\/wp-content\/uploads\/2021\/02\/cropped-logo_gw_store-723x211-1.png\",\"contentUrl\":\"https:\/\/goodwill.fi\/kauppa\/wp-content\/uploads\/2021\/02\/cropped-logo_gw_store-723x211-1.png\",\"width\":723,\"height\":207,\"caption\":\"Goodwill-verkkokauppa\"},\"image\":{\"@id\":\"https:\/\/goodwill.fi\/kauppa\/#\/schema\/logo\/image\/\"}}]}<\/script>\n<!-- \/ Yoast SEO plugin. -->","yoast_head_json":{"title":"RIIHIM\u00c4EN LASI MALJAKKO, VIHRE\u00c4 - Goodwill-verkkokauppa","description":"Tamara Aladinin suunnittelema vihre\u00e4, 18cm korkea maljakko, jonka on valmistanut Riihim\u00e4en Lasi vuosina 1960-1975.","robots":{"index":"index","follow":"follow","max-snippet":"max-snippet:-1","max-image-preview":"max-image-preview:large","max-video-preview":"max-video-preview:-1"},"canonical":"https:\/\/goodwill.fi\/kauppa\/tuote\/riihimaen-lasi-maljakko-vihrea\/","og_locale":"fi_FI","og_type":"article","og_title":"RIIHIM\u00c4EN LASI MALJAKKO, VIHRE\u00c4 - Goodwill-verkkokauppa","og_description":"Tamara Aladinin suunnittelema vihre\u00e4, 18cm korkea maljakko, jonka on valmistanut Riihim\u00e4en Lasi vuosina 1960-1975.","og_url":"https:\/\/goodwill.fi\/kauppa\/tuote\/riihimaen-lasi-maljakko-vihrea\/","og_site_name":"Goodwill-verkkokauppa","article_modified_time":"2025-11-20T08:52:38+00:00","og_image":[{"width":1710,"height":1728,"url":"https:\/\/goodwill.fi\/kauppa\/wp-content\/uploads\/2025\/11\/IMG_3811.jpg","type":"image\/jpeg"}],"twitter_card":"summary_large_image","twitter_misc":{"Arvioitu lukuaika":"1 minuutti"},"schema":{"@context":"https:\/\/schema.org","@graph":[{"@type":"WebPage","@id":"https:\/\/goodwill.fi\/kauppa\/tuote\/riihimaen-lasi-maljakko-vihrea\/","url":"https:\/\/goodwill.fi\/kauppa\/tuote\/riihimaen-lasi-maljakko-vihrea\/","name":"RIIHIM\u00c4EN LASI MALJAKKO, VIHRE\u00c4 - Goodwill-verkkokauppa","isPartOf":{"@id":"https:\/\/goodwill.fi\/kauppa\/#website"},"primaryImageOfPage":{"@id":"https:\/\/goodwill.fi\/kauppa\/tuote\/riihimaen-lasi-maljakko-vihrea\/#primaryimage"},"image":{"@id":"https:\/\/goodwill.fi\/kauppa\/tuote\/riihimaen-lasi-maljakko-vihrea\/#primaryimage"},"thumbnailUrl":"https:\/\/goodwill.fi\/kauppa\/wp-content\/uploads\/2025\/11\/IMG_3811.jpg","datePublished":"2025-11-19T10:31:21+00:00","dateModified":"2025-11-20T08:52:38+00:00","description":"Tamara Aladinin suunnittelema vihre\u00e4, 18cm korkea maljakko, jonka on valmistanut Riihim\u00e4en Lasi vuosina 1960-1975.","breadcrumb":{"@id":"https:\/\/goodwill.fi\/kauppa\/tuote\/riihimaen-lasi-maljakko-vihrea\/#breadcrumb"},"inLanguage":"fi","potentialAction":[{"@type":"ReadAction","target":["https:\/\/goodwill.fi\/kauppa\/tuote\/riihimaen-lasi-maljakko-vihrea\/"]}]},{"@type":"ImageObject","inLanguage":"fi","@id":"https:\/\/goodwill.fi\/kauppa\/tuote\/riihimaen-lasi-maljakko-vihrea\/#primaryimage","url":"https:\/\/goodwill.fi\/kauppa\/wp-content\/uploads\/2025\/11\/IMG_3811.jpg","contentUrl":"https:\/\/goodwill.fi\/kauppa\/wp-content\/uploads\/2025\/11\/IMG_3811.jpg","width":1710,"height":1728},{"@type":"BreadcrumbList","@id":"https:\/\/goodwill.fi\/kauppa\/tuote\/riihimaen-lasi-maljakko-vihrea\/#breadcrumb","itemListElement":[{"@type":"ListItem","position":1,"name":"Home","item":"https:\/\/goodwill.fi\/kauppa\/"},{"@type":"ListItem","position":2,"name":"Shop","item":"https:\/\/goodwill.fi\/kauppa\/shop\/"},{"@type":"ListItem","position":3,"name":"RIIHIM\u00c4EN LASI MALJAKKO, VIHRE\u00c4"}]},{"@type":"WebSite","@id":"https:\/\/goodwill.fi\/kauppa\/#website","url":"https:\/\/goodwill.fi\/kauppa\/","name":"Goodwill-verkkokauppa","description":"Kierr\u00e4tysmyym\u00e4l\u00e4 verkossa","publisher":{"@id":"https:\/\/goodwill.fi\/kauppa\/#organization"},"potentialAction":[{"@type":"SearchAction","target":{"@type":"EntryPoint","urlTemplate":"https:\/\/goodwill.fi\/kauppa\/?s={search_term_string}"},"query-input":{"@type":"PropertyValueSpecification","valueRequired":true,"valueName":"search_term_string"}}],"inLanguage":"fi"},{"@type":"Organization","@id":"https:\/\/goodwill.fi\/kauppa\/#organization","name":"Goodwill-verkkokauppa","url":"https:\/\/goodwill.fi\/kauppa\/","logo":{"@type":"ImageObject","inLanguage":"fi","@id":"https:\/\/goodwill.fi\/kauppa\/#\/schema\/logo\/image\/","url":"https:\/\/goodwill.fi\/kauppa\/wp-content\/uploads\/2021\/02\/cropped-logo_gw_store-723x211-1.png","contentUrl":"https:\/\/goodwill.fi\/kauppa\/wp-content\/uploads\/2021\/02\/cropped-logo_gw_store-723x211-1.png","width":723,"height":207,"caption":"Goodwill-verkkokauppa"},"image":{"@id":"https:\/\/goodwill.fi\/kauppa\/#\/schema\/logo\/image\/"}}]}},"_links":{"self":[{"href":"https:\/\/goodwill.fi\/kauppa\/wp-json\/wp\/v2\/product\/64696","targetHints":{"allow":["GET"]}}],"collection":[{"href":"https:\/\/goodwill.fi\/kauppa\/wp-json\/wp\/v2\/product"}],"about":[{"href":"https:\/\/goodwill.fi\/kauppa\/wp-json\/wp\/v2\/types\/product"}],"replies":[{"embeddable":true,"href":"https:\/\/goodwill.fi\/kauppa\/wp-json\/wp\/v2\/comments?post=64696"}],"wp:featuredmedia":[{"embeddable":true,"href":"https:\/\/goodwill.fi\/kauppa\/wp-json\/wp\/v2\/media\/64722"}],"wp:attachment":[{"href":"https:\/\/goodwill.fi\/kauppa\/wp-json\/wp\/v2\/media?parent=64696"}],"wp:term":[{"taxonomy":"product_brand","embeddable":true,"href":"https:\/\/goodwill.fi\/kauppa\/wp-json\/wp\/v2\/product_brand?post=64696"},{"taxonomy":"product_cat","embeddable":true,"href":"https:\/\/goodwill.fi\/kauppa\/wp-json\/wp\/v2\/product_cat?post=64696"},{"taxonomy":"product_tag","embeddable":true,"href":"https:\/\/goodwill.fi\/kauppa\/wp-json\/wp\/v2\/product_tag?post=64696"}],"curies":[{"name":"wp","href":"https:\/\/api.w.org\/{rel}","templated":true}]}}