{"id":63553,"date":"2025-11-10T08:08:29","date_gmt":"2025-11-10T06:08:29","guid":{"rendered":"https:\/\/goodwill.fi\/kauppa\/?post_type=product&#038;p=63553"},"modified":"2025-11-11T16:46:18","modified_gmt":"2025-11-11T14:46:18","slug":"aarikka-puinen-tonttu-servettiteline","status":"publish","type":"product","link":"https:\/\/goodwill.fi\/kauppa\/tuote\/aarikka-puinen-tonttu-servettiteline\/","title":{"rendered":"AARIKKA PUINEN TONTTU SERVETTITELINE"},"content":{"rendered":"<p>Valmistaja: Aarikka<br \/>\nMitat: Leveys 13 cm, korkeus 11 cm, paino 100 g<br \/>\nV\u00e4ri: Vihre\u00e4 \/ Punainen<br \/>\nMateriaali: Puu<br \/>\nKunto: k\u00e4ytetty, hyv\u00e4kuntoinen<\/p>\n","protected":false},"excerpt":{"rendered":"<p>Valmistaja: Aarikka Mitat: Leveys 13 cm, korkeus 11 cm, paino 100 g V\u00e4ri: Vihre\u00e4 \/ Punainen Materiaali: Puu Kunto: k\u00e4ytetty, hyv\u00e4kuntoinen<\/p>\n","protected":false},"featured_media":63555,"comment_status":"open","ping_status":"closed","template":"","meta":[],"product_brand":[14927],"product_cat":[159,14875,154],"product_tag":[701,418,1487,17355,8383],"class_list":{"0":"post-63553","1":"product","2":"type-product","3":"status-publish","4":"has-post-thumbnail","6":"product_brand-aarikka","7":"product_cat-kaikki","8":"product_cat-koristelautaset","9":"product_cat-sisustus-2","10":"product_tag-aarikka","11":"product_tag-joulu-2","12":"product_tag-joulutonttu","13":"product_tag-kit00585","14":"product_tag-tonttu","16":"first","17":"outofstock","18":"taxable","19":"shipping-taxable","20":"purchasable","21":"product-type-simple"},"yoast_head":"<!-- This site is optimized with the Yoast SEO plugin v27.4 - https:\/\/yoast.com\/product\/yoast-seo-wordpress\/ -->\n<title>AARIKKA PUINEN TONTTU SERVETTITELINE - Goodwill-verkkokauppa<\/title>\n<meta name=\"description\" content=\"Valmistaja: Aarikka Mitat: Leveys 13 cm, korkeus 11 cm, paino 100 g V\u00e4ri: Vihre\u00e4 \/ Punainen Materiaali: Puu Kunto: k\u00e4ytetty, hyv\u00e4kuntoinen\" \/>\n<meta name=\"robots\" content=\"index, follow, max-snippet:-1, max-image-preview:large, max-video-preview:-1\" \/>\n<link rel=\"canonical\" href=\"https:\/\/goodwill.fi\/kauppa\/tuote\/aarikka-puinen-tonttu-servettiteline\/\" \/>\n<meta property=\"og:locale\" content=\"fi_FI\" \/>\n<meta property=\"og:type\" content=\"article\" \/>\n<meta property=\"og:title\" content=\"AARIKKA PUINEN TONTTU SERVETTITELINE - Goodwill-verkkokauppa\" \/>\n<meta property=\"og:description\" content=\"Valmistaja: Aarikka Mitat: Leveys 13 cm, korkeus 11 cm, paino 100 g V\u00e4ri: Vihre\u00e4 \/ Punainen Materiaali: Puu Kunto: k\u00e4ytetty, hyv\u00e4kuntoinen\" \/>\n<meta property=\"og:url\" content=\"https:\/\/goodwill.fi\/kauppa\/tuote\/aarikka-puinen-tonttu-servettiteline\/\" \/>\n<meta property=\"og:site_name\" content=\"Goodwill-verkkokauppa\" \/>\n<meta property=\"article:modified_time\" content=\"2025-11-11T14:46:18+00:00\" \/>\n<meta property=\"og:image\" content=\"https:\/\/goodwill.fi\/kauppa\/wp-content\/uploads\/2025\/11\/IMG_20251105_112755-scaled.jpg\" \/>\n\t<meta property=\"og:image:width\" content=\"2560\" \/>\n\t<meta property=\"og:image:height\" content=\"1920\" \/>\n\t<meta property=\"og:image:type\" content=\"image\/jpeg\" \/>\n<meta name=\"twitter:card\" content=\"summary_large_image\" \/>\n<meta name=\"twitter:label1\" content=\"Arvioitu lukuaika\" \/>\n\t<meta name=\"twitter:data1\" content=\"1 minuutti\" \/>\n<script type=\"application\/ld+json\" class=\"yoast-schema-graph\">{\"@context\":\"https:\\\/\\\/schema.org\",\"@graph\":[{\"@type\":\"WebPage\",\"@id\":\"https:\\\/\\\/goodwill.fi\\\/kauppa\\\/tuote\\\/aarikka-puinen-tonttu-servettiteline\\\/\",\"url\":\"https:\\\/\\\/goodwill.fi\\\/kauppa\\\/tuote\\\/aarikka-puinen-tonttu-servettiteline\\\/\",\"name\":\"AARIKKA PUINEN TONTTU SERVETTITELINE - Goodwill-verkkokauppa\",\"isPartOf\":{\"@id\":\"https:\\\/\\\/goodwill.fi\\\/kauppa\\\/#website\"},\"primaryImageOfPage\":{\"@id\":\"https:\\\/\\\/goodwill.fi\\\/kauppa\\\/tuote\\\/aarikka-puinen-tonttu-servettiteline\\\/#primaryimage\"},\"image\":{\"@id\":\"https:\\\/\\\/goodwill.fi\\\/kauppa\\\/tuote\\\/aarikka-puinen-tonttu-servettiteline\\\/#primaryimage\"},\"thumbnailUrl\":\"https:\\\/\\\/goodwill.fi\\\/kauppa\\\/wp-content\\\/uploads\\\/2025\\\/11\\\/IMG_20251105_112755-scaled.jpg\",\"datePublished\":\"2025-11-10T06:08:29+00:00\",\"dateModified\":\"2025-11-11T14:46:18+00:00\",\"description\":\"Valmistaja: Aarikka Mitat: Leveys 13 cm, korkeus 11 cm, paino 100 g V\u00e4ri: Vihre\u00e4 \\\/ Punainen Materiaali: Puu Kunto: k\u00e4ytetty, hyv\u00e4kuntoinen\",\"breadcrumb\":{\"@id\":\"https:\\\/\\\/goodwill.fi\\\/kauppa\\\/tuote\\\/aarikka-puinen-tonttu-servettiteline\\\/#breadcrumb\"},\"inLanguage\":\"fi\",\"potentialAction\":[{\"@type\":\"ReadAction\",\"target\":[\"https:\\\/\\\/goodwill.fi\\\/kauppa\\\/tuote\\\/aarikka-puinen-tonttu-servettiteline\\\/\"]}]},{\"@type\":\"ImageObject\",\"inLanguage\":\"fi\",\"@id\":\"https:\\\/\\\/goodwill.fi\\\/kauppa\\\/tuote\\\/aarikka-puinen-tonttu-servettiteline\\\/#primaryimage\",\"url\":\"https:\\\/\\\/goodwill.fi\\\/kauppa\\\/wp-content\\\/uploads\\\/2025\\\/11\\\/IMG_20251105_112755-scaled.jpg\",\"contentUrl\":\"https:\\\/\\\/goodwill.fi\\\/kauppa\\\/wp-content\\\/uploads\\\/2025\\\/11\\\/IMG_20251105_112755-scaled.jpg\",\"width\":2560,\"height\":1920},{\"@type\":\"BreadcrumbList\",\"@id\":\"https:\\\/\\\/goodwill.fi\\\/kauppa\\\/tuote\\\/aarikka-puinen-tonttu-servettiteline\\\/#breadcrumb\",\"itemListElement\":[{\"@type\":\"ListItem\",\"position\":1,\"name\":\"Home\",\"item\":\"https:\\\/\\\/goodwill.fi\\\/kauppa\\\/\"},{\"@type\":\"ListItem\",\"position\":2,\"name\":\"Shop\",\"item\":\"https:\\\/\\\/goodwill.fi\\\/kauppa\\\/shop\\\/\"},{\"@type\":\"ListItem\",\"position\":3,\"name\":\"AARIKKA PUINEN TONTTU SERVETTITELINE\"}]},{\"@type\":\"WebSite\",\"@id\":\"https:\\\/\\\/goodwill.fi\\\/kauppa\\\/#website\",\"url\":\"https:\\\/\\\/goodwill.fi\\\/kauppa\\\/\",\"name\":\"Goodwill-verkkokauppa\",\"description\":\"Kierr\u00e4tysmyym\u00e4l\u00e4 verkossa\",\"publisher\":{\"@id\":\"https:\\\/\\\/goodwill.fi\\\/kauppa\\\/#organization\"},\"potentialAction\":[{\"@type\":\"SearchAction\",\"target\":{\"@type\":\"EntryPoint\",\"urlTemplate\":\"https:\\\/\\\/goodwill.fi\\\/kauppa\\\/?s={search_term_string}\"},\"query-input\":{\"@type\":\"PropertyValueSpecification\",\"valueRequired\":true,\"valueName\":\"search_term_string\"}}],\"inLanguage\":\"fi\"},{\"@type\":\"Organization\",\"@id\":\"https:\\\/\\\/goodwill.fi\\\/kauppa\\\/#organization\",\"name\":\"Goodwill-verkkokauppa\",\"url\":\"https:\\\/\\\/goodwill.fi\\\/kauppa\\\/\",\"logo\":{\"@type\":\"ImageObject\",\"inLanguage\":\"fi\",\"@id\":\"https:\\\/\\\/goodwill.fi\\\/kauppa\\\/#\\\/schema\\\/logo\\\/image\\\/\",\"url\":\"https:\\\/\\\/goodwill.fi\\\/kauppa\\\/wp-content\\\/uploads\\\/2021\\\/02\\\/cropped-logo_gw_store-723x211-1.png\",\"contentUrl\":\"https:\\\/\\\/goodwill.fi\\\/kauppa\\\/wp-content\\\/uploads\\\/2021\\\/02\\\/cropped-logo_gw_store-723x211-1.png\",\"width\":723,\"height\":207,\"caption\":\"Goodwill-verkkokauppa\"},\"image\":{\"@id\":\"https:\\\/\\\/goodwill.fi\\\/kauppa\\\/#\\\/schema\\\/logo\\\/image\\\/\"}}]}<\/script>\n<!-- \/ Yoast SEO plugin. -->","yoast_head_json":{"title":"AARIKKA PUINEN TONTTU SERVETTITELINE - Goodwill-verkkokauppa","description":"Valmistaja: Aarikka Mitat: Leveys 13 cm, korkeus 11 cm, paino 100 g V\u00e4ri: Vihre\u00e4 \/ Punainen Materiaali: Puu Kunto: k\u00e4ytetty, hyv\u00e4kuntoinen","robots":{"index":"index","follow":"follow","max-snippet":"max-snippet:-1","max-image-preview":"max-image-preview:large","max-video-preview":"max-video-preview:-1"},"canonical":"https:\/\/goodwill.fi\/kauppa\/tuote\/aarikka-puinen-tonttu-servettiteline\/","og_locale":"fi_FI","og_type":"article","og_title":"AARIKKA PUINEN TONTTU SERVETTITELINE - Goodwill-verkkokauppa","og_description":"Valmistaja: Aarikka Mitat: Leveys 13 cm, korkeus 11 cm, paino 100 g V\u00e4ri: Vihre\u00e4 \/ Punainen Materiaali: Puu Kunto: k\u00e4ytetty, hyv\u00e4kuntoinen","og_url":"https:\/\/goodwill.fi\/kauppa\/tuote\/aarikka-puinen-tonttu-servettiteline\/","og_site_name":"Goodwill-verkkokauppa","article_modified_time":"2025-11-11T14:46:18+00:00","og_image":[{"width":2560,"height":1920,"url":"https:\/\/goodwill.fi\/kauppa\/wp-content\/uploads\/2025\/11\/IMG_20251105_112755-scaled.jpg","type":"image\/jpeg"}],"twitter_card":"summary_large_image","twitter_misc":{"Arvioitu lukuaika":"1 minuutti"},"schema":{"@context":"https:\/\/schema.org","@graph":[{"@type":"WebPage","@id":"https:\/\/goodwill.fi\/kauppa\/tuote\/aarikka-puinen-tonttu-servettiteline\/","url":"https:\/\/goodwill.fi\/kauppa\/tuote\/aarikka-puinen-tonttu-servettiteline\/","name":"AARIKKA PUINEN TONTTU SERVETTITELINE - Goodwill-verkkokauppa","isPartOf":{"@id":"https:\/\/goodwill.fi\/kauppa\/#website"},"primaryImageOfPage":{"@id":"https:\/\/goodwill.fi\/kauppa\/tuote\/aarikka-puinen-tonttu-servettiteline\/#primaryimage"},"image":{"@id":"https:\/\/goodwill.fi\/kauppa\/tuote\/aarikka-puinen-tonttu-servettiteline\/#primaryimage"},"thumbnailUrl":"https:\/\/goodwill.fi\/kauppa\/wp-content\/uploads\/2025\/11\/IMG_20251105_112755-scaled.jpg","datePublished":"2025-11-10T06:08:29+00:00","dateModified":"2025-11-11T14:46:18+00:00","description":"Valmistaja: Aarikka Mitat: Leveys 13 cm, korkeus 11 cm, paino 100 g V\u00e4ri: Vihre\u00e4 \/ Punainen Materiaali: Puu Kunto: k\u00e4ytetty, hyv\u00e4kuntoinen","breadcrumb":{"@id":"https:\/\/goodwill.fi\/kauppa\/tuote\/aarikka-puinen-tonttu-servettiteline\/#breadcrumb"},"inLanguage":"fi","potentialAction":[{"@type":"ReadAction","target":["https:\/\/goodwill.fi\/kauppa\/tuote\/aarikka-puinen-tonttu-servettiteline\/"]}]},{"@type":"ImageObject","inLanguage":"fi","@id":"https:\/\/goodwill.fi\/kauppa\/tuote\/aarikka-puinen-tonttu-servettiteline\/#primaryimage","url":"https:\/\/goodwill.fi\/kauppa\/wp-content\/uploads\/2025\/11\/IMG_20251105_112755-scaled.jpg","contentUrl":"https:\/\/goodwill.fi\/kauppa\/wp-content\/uploads\/2025\/11\/IMG_20251105_112755-scaled.jpg","width":2560,"height":1920},{"@type":"BreadcrumbList","@id":"https:\/\/goodwill.fi\/kauppa\/tuote\/aarikka-puinen-tonttu-servettiteline\/#breadcrumb","itemListElement":[{"@type":"ListItem","position":1,"name":"Home","item":"https:\/\/goodwill.fi\/kauppa\/"},{"@type":"ListItem","position":2,"name":"Shop","item":"https:\/\/goodwill.fi\/kauppa\/shop\/"},{"@type":"ListItem","position":3,"name":"AARIKKA PUINEN TONTTU SERVETTITELINE"}]},{"@type":"WebSite","@id":"https:\/\/goodwill.fi\/kauppa\/#website","url":"https:\/\/goodwill.fi\/kauppa\/","name":"Goodwill-verkkokauppa","description":"Kierr\u00e4tysmyym\u00e4l\u00e4 verkossa","publisher":{"@id":"https:\/\/goodwill.fi\/kauppa\/#organization"},"potentialAction":[{"@type":"SearchAction","target":{"@type":"EntryPoint","urlTemplate":"https:\/\/goodwill.fi\/kauppa\/?s={search_term_string}"},"query-input":{"@type":"PropertyValueSpecification","valueRequired":true,"valueName":"search_term_string"}}],"inLanguage":"fi"},{"@type":"Organization","@id":"https:\/\/goodwill.fi\/kauppa\/#organization","name":"Goodwill-verkkokauppa","url":"https:\/\/goodwill.fi\/kauppa\/","logo":{"@type":"ImageObject","inLanguage":"fi","@id":"https:\/\/goodwill.fi\/kauppa\/#\/schema\/logo\/image\/","url":"https:\/\/goodwill.fi\/kauppa\/wp-content\/uploads\/2021\/02\/cropped-logo_gw_store-723x211-1.png","contentUrl":"https:\/\/goodwill.fi\/kauppa\/wp-content\/uploads\/2021\/02\/cropped-logo_gw_store-723x211-1.png","width":723,"height":207,"caption":"Goodwill-verkkokauppa"},"image":{"@id":"https:\/\/goodwill.fi\/kauppa\/#\/schema\/logo\/image\/"}}]}},"_links":{"self":[{"href":"https:\/\/goodwill.fi\/kauppa\/wp-json\/wp\/v2\/product\/63553","targetHints":{"allow":["GET"]}}],"collection":[{"href":"https:\/\/goodwill.fi\/kauppa\/wp-json\/wp\/v2\/product"}],"about":[{"href":"https:\/\/goodwill.fi\/kauppa\/wp-json\/wp\/v2\/types\/product"}],"replies":[{"embeddable":true,"href":"https:\/\/goodwill.fi\/kauppa\/wp-json\/wp\/v2\/comments?post=63553"}],"wp:featuredmedia":[{"embeddable":true,"href":"https:\/\/goodwill.fi\/kauppa\/wp-json\/wp\/v2\/media\/63555"}],"wp:attachment":[{"href":"https:\/\/goodwill.fi\/kauppa\/wp-json\/wp\/v2\/media?parent=63553"}],"wp:term":[{"taxonomy":"product_brand","embeddable":true,"href":"https:\/\/goodwill.fi\/kauppa\/wp-json\/wp\/v2\/product_brand?post=63553"},{"taxonomy":"product_cat","embeddable":true,"href":"https:\/\/goodwill.fi\/kauppa\/wp-json\/wp\/v2\/product_cat?post=63553"},{"taxonomy":"product_tag","embeddable":true,"href":"https:\/\/goodwill.fi\/kauppa\/wp-json\/wp\/v2\/product_tag?post=63553"}],"curies":[{"name":"wp","href":"https:\/\/api.w.org\/{rel}","templated":true}]}}