{"id":6354,"date":"2024-09-13T08:00:04","date_gmt":"2024-09-13T05:00:04","guid":{"rendered":"https:\/\/goodwill.fi\/kauppa\/?post_type=product&#038;p=6354"},"modified":"2024-09-16T20:58:18","modified_gmt":"2024-09-16T17:58:18","slug":"arabia-muumi-seinalaatta-nro-1-ongella-camilla-moberg","status":"publish","type":"product","link":"https:\/\/goodwill.fi\/kauppa\/tuote\/arabia-muumi-seinalaatta-nro-1-ongella-camilla-moberg\/","title":{"rendered":"ARABIA MUUMI SEIN\u00c4LAATTA: ONGELLA"},"content":{"rendered":"<p>Camilla Mobergin kuvitus, joka pohjautuu Tove Janssonin alkuper\u00e4iskuviin. Numero 1: Ongella, puukehyksiss\u00e4.<\/p>\n<p>Suunnittelija: Camilla Moberg<br \/>\nValmistaja: Arabia<br \/>\nValmistusvuosi: 1991-1994<br \/>\nMitat: korkeus 13 cm, leveys 16 cm, paino 210 g<br \/>\nV\u00e4ri: moniv\u00e4rinen<br \/>\nMateriaali: keramiikka, puu<br \/>\nKunto: hyv\u00e4kuntoinen, puukehys saumoista hieman auenut<\/p>\n","protected":false},"excerpt":{"rendered":"<p>Camilla Mobergin kuvitus, joka pohjautuu Tove Janssonin alkuper\u00e4iskuviin. Numero 1: Ongella, puukehyksiss\u00e4. Suunnittelija: Camilla Moberg Valmistaja: Arabia Valmistusvuosi: 1991-1994 Mitat: korkeus 13 cm, leveys 16 cm, paino 210 g V\u00e4ri: moniv\u00e4rinen Materiaali: keramiikka, puu Kunto: hyv\u00e4kuntoinen, puukehys saumoista hieman auenut<\/p>\n","protected":false},"featured_media":6294,"comment_status":"open","ping_status":"closed","template":"","meta":[],"product_brand":[],"product_cat":[5965,159,180,146,184,154,171],"product_tag":[206,4006,4005,8356,4007,291,4009,4003,4012,4010,4011,4008,465,3352,755,4004],"class_list":{"0":"post-6354","1":"product","2":"type-product","3":"status-publish","4":"has-post-thumbnail","6":"product_cat-ale","7":"product_cat-kaikki","8":"product_cat-keraily-2","9":"product_cat-koti-2","10":"product_cat-muu-keraily-2","11":"product_cat-sisustus-2","12":"product_cat-taulut-2","13":"product_tag-arabia","14":"product_tag-camilla","15":"product_tag-jansson","16":"product_tag-kot02989","17":"product_tag-moberg","18":"product_tag-muumi","19":"product_tag-muumipeeikko","20":"product_tag-muumitaulu","21":"product_tag-nro-1","22":"product_tag-nuuskamuikkunen","23":"product_tag-ongella","24":"product_tag-puukehys","25":"product_tag-seinalaatta","26":"product_tag-seinataulu","27":"product_tag-taulu","28":"product_tag-tove","30":"first","31":"outofstock","32":"sale","33":"taxable","34":"shipping-taxable","35":"purchasable","36":"product-type-simple"},"yoast_head":"<!-- This site is optimized with the Yoast SEO plugin v27.5 - https:\/\/yoast.com\/product\/yoast-seo-wordpress\/ -->\n<title>ARABIA MUUMI SEIN\u00c4LAATTA: ONGELLA - Goodwill-verkkokauppa<\/title>\n<meta name=\"description\" content=\"Camilla Mobergin kuvitus joka pohjautuu Tove Janssonin alkuper\u00e4iskuviin, Arabian Muumi sein\u00e4laatta puukehyksiss\u00e4, Nro 1 \u201dOngella\u201d Suunnittelija: Camilla Moberg Valmistaja: Arabia\" \/>\n<meta name=\"robots\" content=\"index, follow, max-snippet:-1, max-image-preview:large, max-video-preview:-1\" \/>\n<link rel=\"canonical\" href=\"https:\/\/goodwill.fi\/kauppa\/tuote\/arabia-muumi-seinalaatta-nro-1-ongella-camilla-moberg\/\" \/>\n<meta property=\"og:locale\" content=\"fi_FI\" \/>\n<meta property=\"og:type\" content=\"article\" \/>\n<meta property=\"og:title\" content=\"ARABIA MUUMI SEIN\u00c4LAATTA: ONGELLA - Goodwill-verkkokauppa\" \/>\n<meta property=\"og:description\" content=\"Camilla Mobergin kuvitus joka pohjautuu Tove Janssonin alkuper\u00e4iskuviin, Arabian Muumi sein\u00e4laatta puukehyksiss\u00e4, Nro 1 \u201dOngella\u201d Suunnittelija: Camilla Moberg Valmistaja: Arabia\" \/>\n<meta property=\"og:url\" content=\"https:\/\/goodwill.fi\/kauppa\/tuote\/arabia-muumi-seinalaatta-nro-1-ongella-camilla-moberg\/\" \/>\n<meta property=\"og:site_name\" content=\"Goodwill-verkkokauppa\" \/>\n<meta property=\"article:modified_time\" content=\"2024-09-16T17:58:18+00:00\" \/>\n<meta property=\"og:image\" content=\"https:\/\/goodwill.fi\/kauppa\/wp-content\/uploads\/2022\/09\/IMG_0463-scaled.jpg\" \/>\n\t<meta property=\"og:image:width\" content=\"2560\" \/>\n\t<meta property=\"og:image:height\" content=\"1707\" \/>\n\t<meta property=\"og:image:type\" content=\"image\/jpeg\" \/>\n<meta name=\"twitter:card\" content=\"summary_large_image\" \/>\n<meta name=\"twitter:label1\" content=\"Arvioitu lukuaika\" \/>\n\t<meta name=\"twitter:data1\" content=\"1 minuutti\" \/>\n<script type=\"application\/ld+json\" class=\"yoast-schema-graph\">{\"@context\":\"https:\\\/\\\/schema.org\",\"@graph\":[{\"@type\":\"WebPage\",\"@id\":\"https:\\\/\\\/goodwill.fi\\\/kauppa\\\/tuote\\\/arabia-muumi-seinalaatta-nro-1-ongella-camilla-moberg\\\/\",\"url\":\"https:\\\/\\\/goodwill.fi\\\/kauppa\\\/tuote\\\/arabia-muumi-seinalaatta-nro-1-ongella-camilla-moberg\\\/\",\"name\":\"ARABIA MUUMI SEIN\u00c4LAATTA: ONGELLA - Goodwill-verkkokauppa\",\"isPartOf\":{\"@id\":\"https:\\\/\\\/goodwill.fi\\\/kauppa\\\/#website\"},\"primaryImageOfPage\":{\"@id\":\"https:\\\/\\\/goodwill.fi\\\/kauppa\\\/tuote\\\/arabia-muumi-seinalaatta-nro-1-ongella-camilla-moberg\\\/#primaryimage\"},\"image\":{\"@id\":\"https:\\\/\\\/goodwill.fi\\\/kauppa\\\/tuote\\\/arabia-muumi-seinalaatta-nro-1-ongella-camilla-moberg\\\/#primaryimage\"},\"thumbnailUrl\":\"https:\\\/\\\/goodwill.fi\\\/kauppa\\\/wp-content\\\/uploads\\\/2022\\\/09\\\/IMG_0463-scaled.jpg\",\"datePublished\":\"2024-09-13T05:00:04+00:00\",\"dateModified\":\"2024-09-16T17:58:18+00:00\",\"description\":\"Camilla Mobergin kuvitus joka pohjautuu Tove Janssonin alkuper\u00e4iskuviin, Arabian Muumi sein\u00e4laatta puukehyksiss\u00e4, Nro 1 \u201dOngella\u201d Suunnittelija: Camilla Moberg Valmistaja: Arabia\",\"breadcrumb\":{\"@id\":\"https:\\\/\\\/goodwill.fi\\\/kauppa\\\/tuote\\\/arabia-muumi-seinalaatta-nro-1-ongella-camilla-moberg\\\/#breadcrumb\"},\"inLanguage\":\"fi\",\"potentialAction\":[{\"@type\":\"ReadAction\",\"target\":[\"https:\\\/\\\/goodwill.fi\\\/kauppa\\\/tuote\\\/arabia-muumi-seinalaatta-nro-1-ongella-camilla-moberg\\\/\"]}]},{\"@type\":\"ImageObject\",\"inLanguage\":\"fi\",\"@id\":\"https:\\\/\\\/goodwill.fi\\\/kauppa\\\/tuote\\\/arabia-muumi-seinalaatta-nro-1-ongella-camilla-moberg\\\/#primaryimage\",\"url\":\"https:\\\/\\\/goodwill.fi\\\/kauppa\\\/wp-content\\\/uploads\\\/2022\\\/09\\\/IMG_0463-scaled.jpg\",\"contentUrl\":\"https:\\\/\\\/goodwill.fi\\\/kauppa\\\/wp-content\\\/uploads\\\/2022\\\/09\\\/IMG_0463-scaled.jpg\",\"width\":2560,\"height\":1707},{\"@type\":\"BreadcrumbList\",\"@id\":\"https:\\\/\\\/goodwill.fi\\\/kauppa\\\/tuote\\\/arabia-muumi-seinalaatta-nro-1-ongella-camilla-moberg\\\/#breadcrumb\",\"itemListElement\":[{\"@type\":\"ListItem\",\"position\":1,\"name\":\"Home\",\"item\":\"https:\\\/\\\/goodwill.fi\\\/kauppa\\\/\"},{\"@type\":\"ListItem\",\"position\":2,\"name\":\"Shop\",\"item\":\"https:\\\/\\\/goodwill.fi\\\/kauppa\\\/shop\\\/\"},{\"@type\":\"ListItem\",\"position\":3,\"name\":\"ARABIA MUUMI SEIN\u00c4LAATTA: ONGELLA\"}]},{\"@type\":\"WebSite\",\"@id\":\"https:\\\/\\\/goodwill.fi\\\/kauppa\\\/#website\",\"url\":\"https:\\\/\\\/goodwill.fi\\\/kauppa\\\/\",\"name\":\"Goodwill-verkkokauppa\",\"description\":\"Kierr\u00e4tysmyym\u00e4l\u00e4 verkossa\",\"publisher\":{\"@id\":\"https:\\\/\\\/goodwill.fi\\\/kauppa\\\/#organization\"},\"potentialAction\":[{\"@type\":\"SearchAction\",\"target\":{\"@type\":\"EntryPoint\",\"urlTemplate\":\"https:\\\/\\\/goodwill.fi\\\/kauppa\\\/?s={search_term_string}\"},\"query-input\":{\"@type\":\"PropertyValueSpecification\",\"valueRequired\":true,\"valueName\":\"search_term_string\"}}],\"inLanguage\":\"fi\"},{\"@type\":\"Organization\",\"@id\":\"https:\\\/\\\/goodwill.fi\\\/kauppa\\\/#organization\",\"name\":\"Goodwill-verkkokauppa\",\"url\":\"https:\\\/\\\/goodwill.fi\\\/kauppa\\\/\",\"logo\":{\"@type\":\"ImageObject\",\"inLanguage\":\"fi\",\"@id\":\"https:\\\/\\\/goodwill.fi\\\/kauppa\\\/#\\\/schema\\\/logo\\\/image\\\/\",\"url\":\"https:\\\/\\\/goodwill.fi\\\/kauppa\\\/wp-content\\\/uploads\\\/2021\\\/02\\\/cropped-logo_gw_store-723x211-1.png\",\"contentUrl\":\"https:\\\/\\\/goodwill.fi\\\/kauppa\\\/wp-content\\\/uploads\\\/2021\\\/02\\\/cropped-logo_gw_store-723x211-1.png\",\"width\":723,\"height\":207,\"caption\":\"Goodwill-verkkokauppa\"},\"image\":{\"@id\":\"https:\\\/\\\/goodwill.fi\\\/kauppa\\\/#\\\/schema\\\/logo\\\/image\\\/\"}}]}<\/script>\n<!-- \/ Yoast SEO plugin. -->","yoast_head_json":{"title":"ARABIA MUUMI SEIN\u00c4LAATTA: ONGELLA - Goodwill-verkkokauppa","description":"Camilla Mobergin kuvitus joka pohjautuu Tove Janssonin alkuper\u00e4iskuviin, Arabian Muumi sein\u00e4laatta puukehyksiss\u00e4, Nro 1 \u201dOngella\u201d Suunnittelija: Camilla Moberg Valmistaja: Arabia","robots":{"index":"index","follow":"follow","max-snippet":"max-snippet:-1","max-image-preview":"max-image-preview:large","max-video-preview":"max-video-preview:-1"},"canonical":"https:\/\/goodwill.fi\/kauppa\/tuote\/arabia-muumi-seinalaatta-nro-1-ongella-camilla-moberg\/","og_locale":"fi_FI","og_type":"article","og_title":"ARABIA MUUMI SEIN\u00c4LAATTA: ONGELLA - Goodwill-verkkokauppa","og_description":"Camilla Mobergin kuvitus joka pohjautuu Tove Janssonin alkuper\u00e4iskuviin, Arabian Muumi sein\u00e4laatta puukehyksiss\u00e4, Nro 1 \u201dOngella\u201d Suunnittelija: Camilla Moberg Valmistaja: Arabia","og_url":"https:\/\/goodwill.fi\/kauppa\/tuote\/arabia-muumi-seinalaatta-nro-1-ongella-camilla-moberg\/","og_site_name":"Goodwill-verkkokauppa","article_modified_time":"2024-09-16T17:58:18+00:00","og_image":[{"width":2560,"height":1707,"url":"https:\/\/goodwill.fi\/kauppa\/wp-content\/uploads\/2022\/09\/IMG_0463-scaled.jpg","type":"image\/jpeg"}],"twitter_card":"summary_large_image","twitter_misc":{"Arvioitu lukuaika":"1 minuutti"},"schema":{"@context":"https:\/\/schema.org","@graph":[{"@type":"WebPage","@id":"https:\/\/goodwill.fi\/kauppa\/tuote\/arabia-muumi-seinalaatta-nro-1-ongella-camilla-moberg\/","url":"https:\/\/goodwill.fi\/kauppa\/tuote\/arabia-muumi-seinalaatta-nro-1-ongella-camilla-moberg\/","name":"ARABIA MUUMI SEIN\u00c4LAATTA: ONGELLA - Goodwill-verkkokauppa","isPartOf":{"@id":"https:\/\/goodwill.fi\/kauppa\/#website"},"primaryImageOfPage":{"@id":"https:\/\/goodwill.fi\/kauppa\/tuote\/arabia-muumi-seinalaatta-nro-1-ongella-camilla-moberg\/#primaryimage"},"image":{"@id":"https:\/\/goodwill.fi\/kauppa\/tuote\/arabia-muumi-seinalaatta-nro-1-ongella-camilla-moberg\/#primaryimage"},"thumbnailUrl":"https:\/\/goodwill.fi\/kauppa\/wp-content\/uploads\/2022\/09\/IMG_0463-scaled.jpg","datePublished":"2024-09-13T05:00:04+00:00","dateModified":"2024-09-16T17:58:18+00:00","description":"Camilla Mobergin kuvitus joka pohjautuu Tove Janssonin alkuper\u00e4iskuviin, Arabian Muumi sein\u00e4laatta puukehyksiss\u00e4, Nro 1 \u201dOngella\u201d Suunnittelija: Camilla Moberg Valmistaja: Arabia","breadcrumb":{"@id":"https:\/\/goodwill.fi\/kauppa\/tuote\/arabia-muumi-seinalaatta-nro-1-ongella-camilla-moberg\/#breadcrumb"},"inLanguage":"fi","potentialAction":[{"@type":"ReadAction","target":["https:\/\/goodwill.fi\/kauppa\/tuote\/arabia-muumi-seinalaatta-nro-1-ongella-camilla-moberg\/"]}]},{"@type":"ImageObject","inLanguage":"fi","@id":"https:\/\/goodwill.fi\/kauppa\/tuote\/arabia-muumi-seinalaatta-nro-1-ongella-camilla-moberg\/#primaryimage","url":"https:\/\/goodwill.fi\/kauppa\/wp-content\/uploads\/2022\/09\/IMG_0463-scaled.jpg","contentUrl":"https:\/\/goodwill.fi\/kauppa\/wp-content\/uploads\/2022\/09\/IMG_0463-scaled.jpg","width":2560,"height":1707},{"@type":"BreadcrumbList","@id":"https:\/\/goodwill.fi\/kauppa\/tuote\/arabia-muumi-seinalaatta-nro-1-ongella-camilla-moberg\/#breadcrumb","itemListElement":[{"@type":"ListItem","position":1,"name":"Home","item":"https:\/\/goodwill.fi\/kauppa\/"},{"@type":"ListItem","position":2,"name":"Shop","item":"https:\/\/goodwill.fi\/kauppa\/shop\/"},{"@type":"ListItem","position":3,"name":"ARABIA MUUMI SEIN\u00c4LAATTA: ONGELLA"}]},{"@type":"WebSite","@id":"https:\/\/goodwill.fi\/kauppa\/#website","url":"https:\/\/goodwill.fi\/kauppa\/","name":"Goodwill-verkkokauppa","description":"Kierr\u00e4tysmyym\u00e4l\u00e4 verkossa","publisher":{"@id":"https:\/\/goodwill.fi\/kauppa\/#organization"},"potentialAction":[{"@type":"SearchAction","target":{"@type":"EntryPoint","urlTemplate":"https:\/\/goodwill.fi\/kauppa\/?s={search_term_string}"},"query-input":{"@type":"PropertyValueSpecification","valueRequired":true,"valueName":"search_term_string"}}],"inLanguage":"fi"},{"@type":"Organization","@id":"https:\/\/goodwill.fi\/kauppa\/#organization","name":"Goodwill-verkkokauppa","url":"https:\/\/goodwill.fi\/kauppa\/","logo":{"@type":"ImageObject","inLanguage":"fi","@id":"https:\/\/goodwill.fi\/kauppa\/#\/schema\/logo\/image\/","url":"https:\/\/goodwill.fi\/kauppa\/wp-content\/uploads\/2021\/02\/cropped-logo_gw_store-723x211-1.png","contentUrl":"https:\/\/goodwill.fi\/kauppa\/wp-content\/uploads\/2021\/02\/cropped-logo_gw_store-723x211-1.png","width":723,"height":207,"caption":"Goodwill-verkkokauppa"},"image":{"@id":"https:\/\/goodwill.fi\/kauppa\/#\/schema\/logo\/image\/"}}]}},"_links":{"self":[{"href":"https:\/\/goodwill.fi\/kauppa\/wp-json\/wp\/v2\/product\/6354","targetHints":{"allow":["GET"]}}],"collection":[{"href":"https:\/\/goodwill.fi\/kauppa\/wp-json\/wp\/v2\/product"}],"about":[{"href":"https:\/\/goodwill.fi\/kauppa\/wp-json\/wp\/v2\/types\/product"}],"replies":[{"embeddable":true,"href":"https:\/\/goodwill.fi\/kauppa\/wp-json\/wp\/v2\/comments?post=6354"}],"wp:featuredmedia":[{"embeddable":true,"href":"https:\/\/goodwill.fi\/kauppa\/wp-json\/wp\/v2\/media\/6294"}],"wp:attachment":[{"href":"https:\/\/goodwill.fi\/kauppa\/wp-json\/wp\/v2\/media?parent=6354"}],"wp:term":[{"taxonomy":"product_brand","embeddable":true,"href":"https:\/\/goodwill.fi\/kauppa\/wp-json\/wp\/v2\/product_brand?post=6354"},{"taxonomy":"product_cat","embeddable":true,"href":"https:\/\/goodwill.fi\/kauppa\/wp-json\/wp\/v2\/product_cat?post=6354"},{"taxonomy":"product_tag","embeddable":true,"href":"https:\/\/goodwill.fi\/kauppa\/wp-json\/wp\/v2\/product_tag?post=6354"}],"curies":[{"name":"wp","href":"https:\/\/api.w.org\/{rel}","templated":true}]}}