{"id":63348,"date":"2025-11-03T11:36:02","date_gmt":"2025-11-03T09:36:02","guid":{"rendered":"https:\/\/goodwill.fi\/kauppa\/?post_type=product&#038;p=63348"},"modified":"2025-11-06T09:34:44","modified_gmt":"2025-11-06T07:34:44","slug":"finel-pehtoori-kahvipannu","status":"publish","type":"product","link":"https:\/\/goodwill.fi\/kauppa\/tuote\/finel-pehtoori-kahvipannu\/","title":{"rendered":"FINEL PEHTOORI KAHVIPANNU"},"content":{"rendered":"<p>Suunnittelija: Antti Nurmesniemi<br \/>\nValmistaja: Finel<br \/>\nMitat: korkeus 19 cm, halkaisija 13 cm, paino 1096g<br \/>\nV\u00e4ri: tummansininen<br \/>\nMateriaali: emaloitu ter\u00e4s<br \/>\nKunto: ehj\u00e4, paljon k\u00e4yt\u00f6n j\u00e4lki\u00e4, sis\u00e4ll\u00e4 tummentumaa, sis\u00e4ll\u00e4 ei lohkeamia, ulkopinnassa paljon likaa, naarmuja, kannen muovi lohkeillut<\/p>\n","protected":false},"excerpt":{"rendered":"<p>Suunnittelija: Antti Nurmesniemi Valmistaja: Finel Mitat: korkeus 19 cm, halkaisija 13 cm, paino 1096g V\u00e4ri: tummansininen Materiaali: emaloitu ter\u00e4s Kunto: ehj\u00e4, paljon k\u00e4yt\u00f6n j\u00e4lki\u00e4, sis\u00e4ll\u00e4 tummentumaa, sis\u00e4ll\u00e4 ei lohkeamia, ulkopinnassa paljon likaa, naarmuja, kannen muovi lohkeillut<\/p>\n","protected":false},"featured_media":63349,"comment_status":"open","ping_status":"closed","template":"","meta":[],"product_brand":[],"product_cat":[159,166,14867],"product_tag":[7283,278,1509,17345,1398],"class_list":{"0":"post-63348","1":"product","2":"type-product","3":"status-publish","4":"has-post-thumbnail","6":"product_cat-kaikki","7":"product_cat-astiat-2","8":"product_cat-muut-keittiotarvikkeet","9":"product_tag-emalipannu","10":"product_tag-finel","11":"product_tag-kahvipannu","12":"product_tag-pehtoori","13":"product_tag-teepannu","15":"first","16":"instock","17":"taxable","18":"shipping-taxable","19":"purchasable","20":"product-type-simple"},"yoast_head":"<!-- This site is optimized with the Yoast SEO plugin v27.1.1 - https:\/\/yoast.com\/product\/yoast-seo-wordpress\/ -->\n<title>FINEL PEHTOORI KAHVIPANNU - Goodwill-verkkokauppa<\/title>\n<meta name=\"description\" content=\"Suunnittelija: Antti Nurmesniemi Valmistaja: Finel Mitat: korkeus 19 cm, halkaisija 13 cm, paino 1096g V\u00e4ri: tummansininen\" \/>\n<meta name=\"robots\" content=\"index, follow, max-snippet:-1, max-image-preview:large, max-video-preview:-1\" \/>\n<link rel=\"canonical\" href=\"https:\/\/goodwill.fi\/kauppa\/tuote\/finel-pehtoori-kahvipannu\/\" \/>\n<meta property=\"og:locale\" content=\"fi_FI\" \/>\n<meta property=\"og:type\" content=\"article\" \/>\n<meta property=\"og:title\" content=\"FINEL PEHTOORI KAHVIPANNU - Goodwill-verkkokauppa\" \/>\n<meta property=\"og:description\" content=\"Suunnittelija: Antti Nurmesniemi Valmistaja: Finel Mitat: korkeus 19 cm, halkaisija 13 cm, paino 1096g V\u00e4ri: tummansininen\" \/>\n<meta property=\"og:url\" content=\"https:\/\/goodwill.fi\/kauppa\/tuote\/finel-pehtoori-kahvipannu\/\" \/>\n<meta property=\"og:site_name\" content=\"Goodwill-verkkokauppa\" \/>\n<meta property=\"article:modified_time\" content=\"2025-11-06T07:34:44+00:00\" \/>\n<meta property=\"og:image\" content=\"https:\/\/goodwill.fi\/kauppa\/wp-content\/uploads\/2025\/11\/IMG_4934-scaled-e1762162821578.jpg\" \/>\n\t<meta property=\"og:image:width\" content=\"1970\" \/>\n\t<meta property=\"og:image:height\" content=\"1707\" \/>\n\t<meta property=\"og:image:type\" content=\"image\/jpeg\" \/>\n<meta name=\"twitter:card\" content=\"summary_large_image\" \/>\n<meta name=\"twitter:label1\" content=\"Arvioitu lukuaika\" \/>\n\t<meta name=\"twitter:data1\" content=\"1 minuutti\" \/>\n<script type=\"application\/ld+json\" class=\"yoast-schema-graph\">{\"@context\":\"https:\/\/schema.org\",\"@graph\":[{\"@type\":\"WebPage\",\"@id\":\"https:\/\/goodwill.fi\/kauppa\/tuote\/finel-pehtoori-kahvipannu\/\",\"url\":\"https:\/\/goodwill.fi\/kauppa\/tuote\/finel-pehtoori-kahvipannu\/\",\"name\":\"FINEL PEHTOORI KAHVIPANNU - Goodwill-verkkokauppa\",\"isPartOf\":{\"@id\":\"https:\/\/goodwill.fi\/kauppa\/#website\"},\"primaryImageOfPage\":{\"@id\":\"https:\/\/goodwill.fi\/kauppa\/tuote\/finel-pehtoori-kahvipannu\/#primaryimage\"},\"image\":{\"@id\":\"https:\/\/goodwill.fi\/kauppa\/tuote\/finel-pehtoori-kahvipannu\/#primaryimage\"},\"thumbnailUrl\":\"https:\/\/goodwill.fi\/kauppa\/wp-content\/uploads\/2025\/11\/IMG_4934-scaled-e1762162821578.jpg\",\"datePublished\":\"2025-11-03T09:36:02+00:00\",\"dateModified\":\"2025-11-06T07:34:44+00:00\",\"description\":\"Suunnittelija: Antti Nurmesniemi Valmistaja: Finel Mitat: korkeus 19 cm, halkaisija 13 cm, paino 1096g V\u00e4ri: tummansininen\",\"breadcrumb\":{\"@id\":\"https:\/\/goodwill.fi\/kauppa\/tuote\/finel-pehtoori-kahvipannu\/#breadcrumb\"},\"inLanguage\":\"fi\",\"potentialAction\":[{\"@type\":\"ReadAction\",\"target\":[\"https:\/\/goodwill.fi\/kauppa\/tuote\/finel-pehtoori-kahvipannu\/\"]}]},{\"@type\":\"ImageObject\",\"inLanguage\":\"fi\",\"@id\":\"https:\/\/goodwill.fi\/kauppa\/tuote\/finel-pehtoori-kahvipannu\/#primaryimage\",\"url\":\"https:\/\/goodwill.fi\/kauppa\/wp-content\/uploads\/2025\/11\/IMG_4934-scaled-e1762162821578.jpg\",\"contentUrl\":\"https:\/\/goodwill.fi\/kauppa\/wp-content\/uploads\/2025\/11\/IMG_4934-scaled-e1762162821578.jpg\",\"width\":1970,\"height\":1707},{\"@type\":\"BreadcrumbList\",\"@id\":\"https:\/\/goodwill.fi\/kauppa\/tuote\/finel-pehtoori-kahvipannu\/#breadcrumb\",\"itemListElement\":[{\"@type\":\"ListItem\",\"position\":1,\"name\":\"Home\",\"item\":\"https:\/\/goodwill.fi\/kauppa\/\"},{\"@type\":\"ListItem\",\"position\":2,\"name\":\"Shop\",\"item\":\"https:\/\/goodwill.fi\/kauppa\/shop\/\"},{\"@type\":\"ListItem\",\"position\":3,\"name\":\"FINEL PEHTOORI KAHVIPANNU\"}]},{\"@type\":\"WebSite\",\"@id\":\"https:\/\/goodwill.fi\/kauppa\/#website\",\"url\":\"https:\/\/goodwill.fi\/kauppa\/\",\"name\":\"Goodwill-verkkokauppa\",\"description\":\"Kierr\u00e4tysmyym\u00e4l\u00e4 verkossa\",\"publisher\":{\"@id\":\"https:\/\/goodwill.fi\/kauppa\/#organization\"},\"potentialAction\":[{\"@type\":\"SearchAction\",\"target\":{\"@type\":\"EntryPoint\",\"urlTemplate\":\"https:\/\/goodwill.fi\/kauppa\/?s={search_term_string}\"},\"query-input\":{\"@type\":\"PropertyValueSpecification\",\"valueRequired\":true,\"valueName\":\"search_term_string\"}}],\"inLanguage\":\"fi\"},{\"@type\":\"Organization\",\"@id\":\"https:\/\/goodwill.fi\/kauppa\/#organization\",\"name\":\"Goodwill-verkkokauppa\",\"url\":\"https:\/\/goodwill.fi\/kauppa\/\",\"logo\":{\"@type\":\"ImageObject\",\"inLanguage\":\"fi\",\"@id\":\"https:\/\/goodwill.fi\/kauppa\/#\/schema\/logo\/image\/\",\"url\":\"https:\/\/goodwill.fi\/kauppa\/wp-content\/uploads\/2021\/02\/cropped-logo_gw_store-723x211-1.png\",\"contentUrl\":\"https:\/\/goodwill.fi\/kauppa\/wp-content\/uploads\/2021\/02\/cropped-logo_gw_store-723x211-1.png\",\"width\":723,\"height\":207,\"caption\":\"Goodwill-verkkokauppa\"},\"image\":{\"@id\":\"https:\/\/goodwill.fi\/kauppa\/#\/schema\/logo\/image\/\"}}]}<\/script>\n<!-- \/ Yoast SEO plugin. -->","yoast_head_json":{"title":"FINEL PEHTOORI KAHVIPANNU - Goodwill-verkkokauppa","description":"Suunnittelija: Antti Nurmesniemi Valmistaja: Finel Mitat: korkeus 19 cm, halkaisija 13 cm, paino 1096g V\u00e4ri: tummansininen","robots":{"index":"index","follow":"follow","max-snippet":"max-snippet:-1","max-image-preview":"max-image-preview:large","max-video-preview":"max-video-preview:-1"},"canonical":"https:\/\/goodwill.fi\/kauppa\/tuote\/finel-pehtoori-kahvipannu\/","og_locale":"fi_FI","og_type":"article","og_title":"FINEL PEHTOORI KAHVIPANNU - Goodwill-verkkokauppa","og_description":"Suunnittelija: Antti Nurmesniemi Valmistaja: Finel Mitat: korkeus 19 cm, halkaisija 13 cm, paino 1096g V\u00e4ri: tummansininen","og_url":"https:\/\/goodwill.fi\/kauppa\/tuote\/finel-pehtoori-kahvipannu\/","og_site_name":"Goodwill-verkkokauppa","article_modified_time":"2025-11-06T07:34:44+00:00","og_image":[{"width":1970,"height":1707,"url":"https:\/\/goodwill.fi\/kauppa\/wp-content\/uploads\/2025\/11\/IMG_4934-scaled-e1762162821578.jpg","type":"image\/jpeg"}],"twitter_card":"summary_large_image","twitter_misc":{"Arvioitu lukuaika":"1 minuutti"},"schema":{"@context":"https:\/\/schema.org","@graph":[{"@type":"WebPage","@id":"https:\/\/goodwill.fi\/kauppa\/tuote\/finel-pehtoori-kahvipannu\/","url":"https:\/\/goodwill.fi\/kauppa\/tuote\/finel-pehtoori-kahvipannu\/","name":"FINEL PEHTOORI KAHVIPANNU - Goodwill-verkkokauppa","isPartOf":{"@id":"https:\/\/goodwill.fi\/kauppa\/#website"},"primaryImageOfPage":{"@id":"https:\/\/goodwill.fi\/kauppa\/tuote\/finel-pehtoori-kahvipannu\/#primaryimage"},"image":{"@id":"https:\/\/goodwill.fi\/kauppa\/tuote\/finel-pehtoori-kahvipannu\/#primaryimage"},"thumbnailUrl":"https:\/\/goodwill.fi\/kauppa\/wp-content\/uploads\/2025\/11\/IMG_4934-scaled-e1762162821578.jpg","datePublished":"2025-11-03T09:36:02+00:00","dateModified":"2025-11-06T07:34:44+00:00","description":"Suunnittelija: Antti Nurmesniemi Valmistaja: Finel Mitat: korkeus 19 cm, halkaisija 13 cm, paino 1096g V\u00e4ri: tummansininen","breadcrumb":{"@id":"https:\/\/goodwill.fi\/kauppa\/tuote\/finel-pehtoori-kahvipannu\/#breadcrumb"},"inLanguage":"fi","potentialAction":[{"@type":"ReadAction","target":["https:\/\/goodwill.fi\/kauppa\/tuote\/finel-pehtoori-kahvipannu\/"]}]},{"@type":"ImageObject","inLanguage":"fi","@id":"https:\/\/goodwill.fi\/kauppa\/tuote\/finel-pehtoori-kahvipannu\/#primaryimage","url":"https:\/\/goodwill.fi\/kauppa\/wp-content\/uploads\/2025\/11\/IMG_4934-scaled-e1762162821578.jpg","contentUrl":"https:\/\/goodwill.fi\/kauppa\/wp-content\/uploads\/2025\/11\/IMG_4934-scaled-e1762162821578.jpg","width":1970,"height":1707},{"@type":"BreadcrumbList","@id":"https:\/\/goodwill.fi\/kauppa\/tuote\/finel-pehtoori-kahvipannu\/#breadcrumb","itemListElement":[{"@type":"ListItem","position":1,"name":"Home","item":"https:\/\/goodwill.fi\/kauppa\/"},{"@type":"ListItem","position":2,"name":"Shop","item":"https:\/\/goodwill.fi\/kauppa\/shop\/"},{"@type":"ListItem","position":3,"name":"FINEL PEHTOORI KAHVIPANNU"}]},{"@type":"WebSite","@id":"https:\/\/goodwill.fi\/kauppa\/#website","url":"https:\/\/goodwill.fi\/kauppa\/","name":"Goodwill-verkkokauppa","description":"Kierr\u00e4tysmyym\u00e4l\u00e4 verkossa","publisher":{"@id":"https:\/\/goodwill.fi\/kauppa\/#organization"},"potentialAction":[{"@type":"SearchAction","target":{"@type":"EntryPoint","urlTemplate":"https:\/\/goodwill.fi\/kauppa\/?s={search_term_string}"},"query-input":{"@type":"PropertyValueSpecification","valueRequired":true,"valueName":"search_term_string"}}],"inLanguage":"fi"},{"@type":"Organization","@id":"https:\/\/goodwill.fi\/kauppa\/#organization","name":"Goodwill-verkkokauppa","url":"https:\/\/goodwill.fi\/kauppa\/","logo":{"@type":"ImageObject","inLanguage":"fi","@id":"https:\/\/goodwill.fi\/kauppa\/#\/schema\/logo\/image\/","url":"https:\/\/goodwill.fi\/kauppa\/wp-content\/uploads\/2021\/02\/cropped-logo_gw_store-723x211-1.png","contentUrl":"https:\/\/goodwill.fi\/kauppa\/wp-content\/uploads\/2021\/02\/cropped-logo_gw_store-723x211-1.png","width":723,"height":207,"caption":"Goodwill-verkkokauppa"},"image":{"@id":"https:\/\/goodwill.fi\/kauppa\/#\/schema\/logo\/image\/"}}]}},"_links":{"self":[{"href":"https:\/\/goodwill.fi\/kauppa\/wp-json\/wp\/v2\/product\/63348","targetHints":{"allow":["GET"]}}],"collection":[{"href":"https:\/\/goodwill.fi\/kauppa\/wp-json\/wp\/v2\/product"}],"about":[{"href":"https:\/\/goodwill.fi\/kauppa\/wp-json\/wp\/v2\/types\/product"}],"replies":[{"embeddable":true,"href":"https:\/\/goodwill.fi\/kauppa\/wp-json\/wp\/v2\/comments?post=63348"}],"wp:featuredmedia":[{"embeddable":true,"href":"https:\/\/goodwill.fi\/kauppa\/wp-json\/wp\/v2\/media\/63349"}],"wp:attachment":[{"href":"https:\/\/goodwill.fi\/kauppa\/wp-json\/wp\/v2\/media?parent=63348"}],"wp:term":[{"taxonomy":"product_brand","embeddable":true,"href":"https:\/\/goodwill.fi\/kauppa\/wp-json\/wp\/v2\/product_brand?post=63348"},{"taxonomy":"product_cat","embeddable":true,"href":"https:\/\/goodwill.fi\/kauppa\/wp-json\/wp\/v2\/product_cat?post=63348"},{"taxonomy":"product_tag","embeddable":true,"href":"https:\/\/goodwill.fi\/kauppa\/wp-json\/wp\/v2\/product_tag?post=63348"}],"curies":[{"name":"wp","href":"https:\/\/api.w.org\/{rel}","templated":true}]}}