{"id":62592,"date":"2025-10-23T14:39:49","date_gmt":"2025-10-23T11:39:49","guid":{"rendered":"https:\/\/goodwill.fi\/kauppa\/?post_type=product&#038;p=62592"},"modified":"2025-10-23T14:39:49","modified_gmt":"2025-10-23T11:39:49","slug":"unikot-2000-paula-viitanen-taulu","status":"publish","type":"product","link":"https:\/\/goodwill.fi\/kauppa\/tuote\/unikot-2000-paula-viitanen-taulu\/","title":{"rendered":"UNIKOT 2000 PAULA VIITANEN TAULU"},"content":{"rendered":"<p>Valmistaja: Paula Viitanen<br \/>\nValmistusvuosi: 2000<br \/>\nMitat: Pituus: 69 cm (Kehysten kanssa 82 cm) , leveys\u00a0 50 cm (Kehysten kanssa 65 cm)<br \/>\nV\u00e4ri: V\u00e4rik\u00e4s taideteos<br \/>\nMateriaali: Taulu<br \/>\nKunto: k\u00e4ytetty, hyv\u00e4kuntoinen<\/p>\n","protected":false},"excerpt":{"rendered":"<p>Valmistaja: Paula Viitanen Valmistusvuosi: 2000 Mitat: Pituus: 69 cm (Kehysten kanssa 82 cm) , leveys\u00a0 50 cm (Kehysten kanssa 65 cm) V\u00e4ri: V\u00e4rik\u00e4s taideteos Materiaali: Taulu Kunto: k\u00e4ytetty, hyv\u00e4kuntoinen<\/p>\n","protected":false},"featured_media":62593,"comment_status":"open","ping_status":"closed","template":"","meta":[],"product_brand":[],"product_cat":[159,180,14860,171,14876],"product_tag":[1179,5662,17183,17180,811,17181,755,17182,14824],"class_list":{"0":"post-62592","1":"product","2":"type-product","3":"status-publish","4":"has-post-thumbnail","6":"product_cat-kaikki","7":"product_cat-keraily-2","8":"product_cat-antiikki-vintage","9":"product_cat-taulut-2","10":"product_cat-koriste-esineet","11":"product_tag-1179","12":"product_tag-2000-luku","13":"product_tag-kit00575","14":"product_tag-paula-viitanen","15":"product_tag-taide","16":"product_tag-taideteos","17":"product_tag-taulu","18":"product_tag-unikot","19":"product_tag-vesivari","21":"first","22":"instock","23":"taxable","24":"shipping-taxable","25":"purchasable","26":"product-type-simple"},"yoast_head":"<!-- This site is optimized with the Yoast SEO plugin v27.1.1 - https:\/\/yoast.com\/product\/yoast-seo-wordpress\/ -->\n<title>UNIKOT 2000 PAULA VIITANEN TAULU - Goodwill-verkkokauppa<\/title>\n<meta name=\"description\" content=\"Valmistaja: Paula Viitanen Valmistusvuosi: 2000Mitat: Pituus: 69 cm (Kehysten kanssa 82 cm) , leveys\u00a0 50 cm (Kehysten kanssa 65 cm) V\u00e4ri: V\u00e4rik\u00e4s taideteos\u00a0\" \/>\n<meta name=\"robots\" content=\"index, follow, max-snippet:-1, max-image-preview:large, max-video-preview:-1\" \/>\n<link rel=\"canonical\" href=\"https:\/\/goodwill.fi\/kauppa\/tuote\/unikot-2000-paula-viitanen-taulu\/\" \/>\n<meta property=\"og:locale\" content=\"fi_FI\" \/>\n<meta property=\"og:type\" content=\"article\" \/>\n<meta property=\"og:title\" content=\"UNIKOT 2000 PAULA VIITANEN TAULU - Goodwill-verkkokauppa\" \/>\n<meta property=\"og:description\" content=\"Valmistaja: Paula Viitanen Valmistusvuosi: 2000Mitat: Pituus: 69 cm (Kehysten kanssa 82 cm) , leveys\u00a0 50 cm (Kehysten kanssa 65 cm) V\u00e4ri: V\u00e4rik\u00e4s taideteos\u00a0\" \/>\n<meta property=\"og:url\" content=\"https:\/\/goodwill.fi\/kauppa\/tuote\/unikot-2000-paula-viitanen-taulu\/\" \/>\n<meta property=\"og:site_name\" content=\"Goodwill-verkkokauppa\" \/>\n<meta property=\"og:image\" content=\"https:\/\/goodwill.fi\/kauppa\/wp-content\/uploads\/2025\/10\/1761029524103.jpg\" \/>\n\t<meta property=\"og:image:width\" content=\"976\" \/>\n\t<meta property=\"og:image:height\" content=\"1248\" \/>\n\t<meta property=\"og:image:type\" content=\"image\/jpeg\" \/>\n<meta name=\"twitter:card\" content=\"summary_large_image\" \/>\n<meta name=\"twitter:label1\" content=\"Arvioitu lukuaika\" \/>\n\t<meta name=\"twitter:data1\" content=\"1 minuutti\" \/>\n<script type=\"application\/ld+json\" class=\"yoast-schema-graph\">{\"@context\":\"https:\/\/schema.org\",\"@graph\":[{\"@type\":\"WebPage\",\"@id\":\"https:\/\/goodwill.fi\/kauppa\/tuote\/unikot-2000-paula-viitanen-taulu\/\",\"url\":\"https:\/\/goodwill.fi\/kauppa\/tuote\/unikot-2000-paula-viitanen-taulu\/\",\"name\":\"UNIKOT 2000 PAULA VIITANEN TAULU - Goodwill-verkkokauppa\",\"isPartOf\":{\"@id\":\"https:\/\/goodwill.fi\/kauppa\/#website\"},\"primaryImageOfPage\":{\"@id\":\"https:\/\/goodwill.fi\/kauppa\/tuote\/unikot-2000-paula-viitanen-taulu\/#primaryimage\"},\"image\":{\"@id\":\"https:\/\/goodwill.fi\/kauppa\/tuote\/unikot-2000-paula-viitanen-taulu\/#primaryimage\"},\"thumbnailUrl\":\"https:\/\/goodwill.fi\/kauppa\/wp-content\/uploads\/2025\/10\/1761029524103.jpg\",\"datePublished\":\"2025-10-23T11:39:49+00:00\",\"description\":\"Valmistaja: Paula Viitanen Valmistusvuosi: 2000Mitat: Pituus: 69 cm (Kehysten kanssa 82 cm) , leveys\u00a0 50 cm (Kehysten kanssa 65 cm) V\u00e4ri: V\u00e4rik\u00e4s taideteos\u00a0\",\"breadcrumb\":{\"@id\":\"https:\/\/goodwill.fi\/kauppa\/tuote\/unikot-2000-paula-viitanen-taulu\/#breadcrumb\"},\"inLanguage\":\"fi\",\"potentialAction\":[{\"@type\":\"ReadAction\",\"target\":[\"https:\/\/goodwill.fi\/kauppa\/tuote\/unikot-2000-paula-viitanen-taulu\/\"]}]},{\"@type\":\"ImageObject\",\"inLanguage\":\"fi\",\"@id\":\"https:\/\/goodwill.fi\/kauppa\/tuote\/unikot-2000-paula-viitanen-taulu\/#primaryimage\",\"url\":\"https:\/\/goodwill.fi\/kauppa\/wp-content\/uploads\/2025\/10\/1761029524103.jpg\",\"contentUrl\":\"https:\/\/goodwill.fi\/kauppa\/wp-content\/uploads\/2025\/10\/1761029524103.jpg\",\"width\":976,\"height\":1248},{\"@type\":\"BreadcrumbList\",\"@id\":\"https:\/\/goodwill.fi\/kauppa\/tuote\/unikot-2000-paula-viitanen-taulu\/#breadcrumb\",\"itemListElement\":[{\"@type\":\"ListItem\",\"position\":1,\"name\":\"Home\",\"item\":\"https:\/\/goodwill.fi\/kauppa\/\"},{\"@type\":\"ListItem\",\"position\":2,\"name\":\"Shop\",\"item\":\"https:\/\/goodwill.fi\/kauppa\/shop\/\"},{\"@type\":\"ListItem\",\"position\":3,\"name\":\"UNIKOT 2000 PAULA VIITANEN TAULU\"}]},{\"@type\":\"WebSite\",\"@id\":\"https:\/\/goodwill.fi\/kauppa\/#website\",\"url\":\"https:\/\/goodwill.fi\/kauppa\/\",\"name\":\"Goodwill-verkkokauppa\",\"description\":\"Kierr\u00e4tysmyym\u00e4l\u00e4 verkossa\",\"publisher\":{\"@id\":\"https:\/\/goodwill.fi\/kauppa\/#organization\"},\"potentialAction\":[{\"@type\":\"SearchAction\",\"target\":{\"@type\":\"EntryPoint\",\"urlTemplate\":\"https:\/\/goodwill.fi\/kauppa\/?s={search_term_string}\"},\"query-input\":{\"@type\":\"PropertyValueSpecification\",\"valueRequired\":true,\"valueName\":\"search_term_string\"}}],\"inLanguage\":\"fi\"},{\"@type\":\"Organization\",\"@id\":\"https:\/\/goodwill.fi\/kauppa\/#organization\",\"name\":\"Goodwill-verkkokauppa\",\"url\":\"https:\/\/goodwill.fi\/kauppa\/\",\"logo\":{\"@type\":\"ImageObject\",\"inLanguage\":\"fi\",\"@id\":\"https:\/\/goodwill.fi\/kauppa\/#\/schema\/logo\/image\/\",\"url\":\"https:\/\/goodwill.fi\/kauppa\/wp-content\/uploads\/2021\/02\/cropped-logo_gw_store-723x211-1.png\",\"contentUrl\":\"https:\/\/goodwill.fi\/kauppa\/wp-content\/uploads\/2021\/02\/cropped-logo_gw_store-723x211-1.png\",\"width\":723,\"height\":207,\"caption\":\"Goodwill-verkkokauppa\"},\"image\":{\"@id\":\"https:\/\/goodwill.fi\/kauppa\/#\/schema\/logo\/image\/\"}}]}<\/script>\n<!-- \/ Yoast SEO plugin. -->","yoast_head_json":{"title":"UNIKOT 2000 PAULA VIITANEN TAULU - Goodwill-verkkokauppa","description":"Valmistaja: Paula Viitanen Valmistusvuosi: 2000Mitat: Pituus: 69 cm (Kehysten kanssa 82 cm) , leveys\u00a0 50 cm (Kehysten kanssa 65 cm) V\u00e4ri: V\u00e4rik\u00e4s taideteos\u00a0","robots":{"index":"index","follow":"follow","max-snippet":"max-snippet:-1","max-image-preview":"max-image-preview:large","max-video-preview":"max-video-preview:-1"},"canonical":"https:\/\/goodwill.fi\/kauppa\/tuote\/unikot-2000-paula-viitanen-taulu\/","og_locale":"fi_FI","og_type":"article","og_title":"UNIKOT 2000 PAULA VIITANEN TAULU - Goodwill-verkkokauppa","og_description":"Valmistaja: Paula Viitanen Valmistusvuosi: 2000Mitat: Pituus: 69 cm (Kehysten kanssa 82 cm) , leveys\u00a0 50 cm (Kehysten kanssa 65 cm) V\u00e4ri: V\u00e4rik\u00e4s taideteos\u00a0","og_url":"https:\/\/goodwill.fi\/kauppa\/tuote\/unikot-2000-paula-viitanen-taulu\/","og_site_name":"Goodwill-verkkokauppa","og_image":[{"width":976,"height":1248,"url":"https:\/\/goodwill.fi\/kauppa\/wp-content\/uploads\/2025\/10\/1761029524103.jpg","type":"image\/jpeg"}],"twitter_card":"summary_large_image","twitter_misc":{"Arvioitu lukuaika":"1 minuutti"},"schema":{"@context":"https:\/\/schema.org","@graph":[{"@type":"WebPage","@id":"https:\/\/goodwill.fi\/kauppa\/tuote\/unikot-2000-paula-viitanen-taulu\/","url":"https:\/\/goodwill.fi\/kauppa\/tuote\/unikot-2000-paula-viitanen-taulu\/","name":"UNIKOT 2000 PAULA VIITANEN TAULU - Goodwill-verkkokauppa","isPartOf":{"@id":"https:\/\/goodwill.fi\/kauppa\/#website"},"primaryImageOfPage":{"@id":"https:\/\/goodwill.fi\/kauppa\/tuote\/unikot-2000-paula-viitanen-taulu\/#primaryimage"},"image":{"@id":"https:\/\/goodwill.fi\/kauppa\/tuote\/unikot-2000-paula-viitanen-taulu\/#primaryimage"},"thumbnailUrl":"https:\/\/goodwill.fi\/kauppa\/wp-content\/uploads\/2025\/10\/1761029524103.jpg","datePublished":"2025-10-23T11:39:49+00:00","description":"Valmistaja: Paula Viitanen Valmistusvuosi: 2000Mitat: Pituus: 69 cm (Kehysten kanssa 82 cm) , leveys\u00a0 50 cm (Kehysten kanssa 65 cm) V\u00e4ri: V\u00e4rik\u00e4s taideteos\u00a0","breadcrumb":{"@id":"https:\/\/goodwill.fi\/kauppa\/tuote\/unikot-2000-paula-viitanen-taulu\/#breadcrumb"},"inLanguage":"fi","potentialAction":[{"@type":"ReadAction","target":["https:\/\/goodwill.fi\/kauppa\/tuote\/unikot-2000-paula-viitanen-taulu\/"]}]},{"@type":"ImageObject","inLanguage":"fi","@id":"https:\/\/goodwill.fi\/kauppa\/tuote\/unikot-2000-paula-viitanen-taulu\/#primaryimage","url":"https:\/\/goodwill.fi\/kauppa\/wp-content\/uploads\/2025\/10\/1761029524103.jpg","contentUrl":"https:\/\/goodwill.fi\/kauppa\/wp-content\/uploads\/2025\/10\/1761029524103.jpg","width":976,"height":1248},{"@type":"BreadcrumbList","@id":"https:\/\/goodwill.fi\/kauppa\/tuote\/unikot-2000-paula-viitanen-taulu\/#breadcrumb","itemListElement":[{"@type":"ListItem","position":1,"name":"Home","item":"https:\/\/goodwill.fi\/kauppa\/"},{"@type":"ListItem","position":2,"name":"Shop","item":"https:\/\/goodwill.fi\/kauppa\/shop\/"},{"@type":"ListItem","position":3,"name":"UNIKOT 2000 PAULA VIITANEN TAULU"}]},{"@type":"WebSite","@id":"https:\/\/goodwill.fi\/kauppa\/#website","url":"https:\/\/goodwill.fi\/kauppa\/","name":"Goodwill-verkkokauppa","description":"Kierr\u00e4tysmyym\u00e4l\u00e4 verkossa","publisher":{"@id":"https:\/\/goodwill.fi\/kauppa\/#organization"},"potentialAction":[{"@type":"SearchAction","target":{"@type":"EntryPoint","urlTemplate":"https:\/\/goodwill.fi\/kauppa\/?s={search_term_string}"},"query-input":{"@type":"PropertyValueSpecification","valueRequired":true,"valueName":"search_term_string"}}],"inLanguage":"fi"},{"@type":"Organization","@id":"https:\/\/goodwill.fi\/kauppa\/#organization","name":"Goodwill-verkkokauppa","url":"https:\/\/goodwill.fi\/kauppa\/","logo":{"@type":"ImageObject","inLanguage":"fi","@id":"https:\/\/goodwill.fi\/kauppa\/#\/schema\/logo\/image\/","url":"https:\/\/goodwill.fi\/kauppa\/wp-content\/uploads\/2021\/02\/cropped-logo_gw_store-723x211-1.png","contentUrl":"https:\/\/goodwill.fi\/kauppa\/wp-content\/uploads\/2021\/02\/cropped-logo_gw_store-723x211-1.png","width":723,"height":207,"caption":"Goodwill-verkkokauppa"},"image":{"@id":"https:\/\/goodwill.fi\/kauppa\/#\/schema\/logo\/image\/"}}]}},"_links":{"self":[{"href":"https:\/\/goodwill.fi\/kauppa\/wp-json\/wp\/v2\/product\/62592","targetHints":{"allow":["GET"]}}],"collection":[{"href":"https:\/\/goodwill.fi\/kauppa\/wp-json\/wp\/v2\/product"}],"about":[{"href":"https:\/\/goodwill.fi\/kauppa\/wp-json\/wp\/v2\/types\/product"}],"replies":[{"embeddable":true,"href":"https:\/\/goodwill.fi\/kauppa\/wp-json\/wp\/v2\/comments?post=62592"}],"wp:featuredmedia":[{"embeddable":true,"href":"https:\/\/goodwill.fi\/kauppa\/wp-json\/wp\/v2\/media\/62593"}],"wp:attachment":[{"href":"https:\/\/goodwill.fi\/kauppa\/wp-json\/wp\/v2\/media?parent=62592"}],"wp:term":[{"taxonomy":"product_brand","embeddable":true,"href":"https:\/\/goodwill.fi\/kauppa\/wp-json\/wp\/v2\/product_brand?post=62592"},{"taxonomy":"product_cat","embeddable":true,"href":"https:\/\/goodwill.fi\/kauppa\/wp-json\/wp\/v2\/product_cat?post=62592"},{"taxonomy":"product_tag","embeddable":true,"href":"https:\/\/goodwill.fi\/kauppa\/wp-json\/wp\/v2\/product_tag?post=62592"}],"curies":[{"name":"wp","href":"https:\/\/api.w.org\/{rel}","templated":true}]}}