{"id":61889,"date":"2025-10-07T12:25:12","date_gmt":"2025-10-07T09:25:12","guid":{"rendered":"https:\/\/goodwill.fi\/kauppa\/?post_type=product&#038;p=61889"},"modified":"2025-10-07T12:25:13","modified_gmt":"2025-10-07T09:25:13","slug":"koristerasia","status":"publish","type":"product","link":"https:\/\/goodwill.fi\/kauppa\/tuote\/koristerasia\/","title":{"rendered":"KORISTERASIA"},"content":{"rendered":"<p>Merihenkinen koristerasia.<\/p>\n<p>Valmistaja: ei tiedossa<br \/>\nMitat: korkeus 5,6 cm, halkaisija 11,6 cm, paino 408\u00a0g<br \/>\nV\u00e4ri: messinginv\u00e4rinen<br \/>\nMateriaali: metalli, lasi<br \/>\nKunto: ehj\u00e4, k\u00e4yt\u00f6n j\u00e4lki\u00e4, tummentumaa, lasissa naarmuja<\/p>\n","protected":false},"excerpt":{"rendered":"<p>Merihenkinen koristerasia. Valmistaja: ei tiedossa Mitat: korkeus 5,6 cm, halkaisija 11,6 cm, paino 408\u00a0g V\u00e4ri: messinginv\u00e4rinen Materiaali: metalli, lasi Kunto: ehj\u00e4, k\u00e4yt\u00f6n j\u00e4lki\u00e4, tummentumaa, lasissa naarmuja<\/p>\n","protected":false},"featured_media":61890,"comment_status":"open","ping_status":"closed","template":"","meta":[],"product_brand":[],"product_cat":[159,146,154,14876],"product_tag":[7021,414,17097,6554,4798],"class_list":{"0":"post-61889","1":"product","2":"type-product","3":"status-publish","4":"has-post-thumbnail","6":"product_cat-kaikki","7":"product_cat-koti-2","8":"product_cat-sisustus-2","9":"product_cat-koriste-esineet","10":"product_tag-koristerasia","11":"product_tag-laiva","12":"product_tag-laivanikkuna","13":"product_tag-meri","14":"product_tag-messinki","16":"first","17":"instock","18":"taxable","19":"shipping-taxable","20":"purchasable","21":"product-type-simple"},"yoast_head":"<!-- This site is optimized with the Yoast SEO plugin v27.1.1 - https:\/\/yoast.com\/product\/yoast-seo-wordpress\/ -->\n<title>KORISTERASIA - Goodwill-verkkokauppa<\/title>\n<meta name=\"description\" content=\"Merihenkinen koristerasia. Mitat: korkeus 5,6 cm, halkaisija 11,6 cm, paino 408\u00a0g V\u00e4ri: messinginv\u00e4rinen Materiaali: metalli, lasi Kunto: ehj\u00e4\" \/>\n<meta name=\"robots\" content=\"index, follow, max-snippet:-1, max-image-preview:large, max-video-preview:-1\" \/>\n<link rel=\"canonical\" href=\"https:\/\/goodwill.fi\/kauppa\/tuote\/koristerasia\/\" \/>\n<meta property=\"og:locale\" content=\"fi_FI\" \/>\n<meta property=\"og:type\" content=\"article\" \/>\n<meta property=\"og:title\" content=\"KORISTERASIA - Goodwill-verkkokauppa\" \/>\n<meta property=\"og:description\" content=\"Merihenkinen koristerasia. Mitat: korkeus 5,6 cm, halkaisija 11,6 cm, paino 408\u00a0g V\u00e4ri: messinginv\u00e4rinen Materiaali: metalli, lasi Kunto: ehj\u00e4\" \/>\n<meta property=\"og:url\" content=\"https:\/\/goodwill.fi\/kauppa\/tuote\/koristerasia\/\" \/>\n<meta property=\"og:site_name\" content=\"Goodwill-verkkokauppa\" \/>\n<meta property=\"article:modified_time\" content=\"2025-10-07T09:25:13+00:00\" \/>\n<meta property=\"og:image\" content=\"https:\/\/goodwill.fi\/kauppa\/wp-content\/uploads\/2025\/10\/IMG_3480-scaled-e1759828789195.jpg\" \/>\n\t<meta property=\"og:image:width\" content=\"2180\" \/>\n\t<meta property=\"og:image:height\" content=\"1566\" \/>\n\t<meta property=\"og:image:type\" content=\"image\/jpeg\" \/>\n<meta name=\"twitter:card\" content=\"summary_large_image\" \/>\n<meta name=\"twitter:label1\" content=\"Arvioitu lukuaika\" \/>\n\t<meta name=\"twitter:data1\" content=\"1 minuutti\" \/>\n<script type=\"application\/ld+json\" class=\"yoast-schema-graph\">{\"@context\":\"https:\/\/schema.org\",\"@graph\":[{\"@type\":\"WebPage\",\"@id\":\"https:\/\/goodwill.fi\/kauppa\/tuote\/koristerasia\/\",\"url\":\"https:\/\/goodwill.fi\/kauppa\/tuote\/koristerasia\/\",\"name\":\"KORISTERASIA - Goodwill-verkkokauppa\",\"isPartOf\":{\"@id\":\"https:\/\/goodwill.fi\/kauppa\/#website\"},\"primaryImageOfPage\":{\"@id\":\"https:\/\/goodwill.fi\/kauppa\/tuote\/koristerasia\/#primaryimage\"},\"image\":{\"@id\":\"https:\/\/goodwill.fi\/kauppa\/tuote\/koristerasia\/#primaryimage\"},\"thumbnailUrl\":\"https:\/\/goodwill.fi\/kauppa\/wp-content\/uploads\/2025\/10\/IMG_3480-scaled-e1759828789195.jpg\",\"datePublished\":\"2025-10-07T09:25:12+00:00\",\"dateModified\":\"2025-10-07T09:25:13+00:00\",\"description\":\"Merihenkinen koristerasia. Mitat: korkeus 5,6 cm, halkaisija 11,6 cm, paino 408\u00a0g V\u00e4ri: messinginv\u00e4rinen Materiaali: metalli, lasi Kunto: ehj\u00e4\",\"breadcrumb\":{\"@id\":\"https:\/\/goodwill.fi\/kauppa\/tuote\/koristerasia\/#breadcrumb\"},\"inLanguage\":\"fi\",\"potentialAction\":[{\"@type\":\"ReadAction\",\"target\":[\"https:\/\/goodwill.fi\/kauppa\/tuote\/koristerasia\/\"]}]},{\"@type\":\"ImageObject\",\"inLanguage\":\"fi\",\"@id\":\"https:\/\/goodwill.fi\/kauppa\/tuote\/koristerasia\/#primaryimage\",\"url\":\"https:\/\/goodwill.fi\/kauppa\/wp-content\/uploads\/2025\/10\/IMG_3480-scaled-e1759828789195.jpg\",\"contentUrl\":\"https:\/\/goodwill.fi\/kauppa\/wp-content\/uploads\/2025\/10\/IMG_3480-scaled-e1759828789195.jpg\",\"width\":2180,\"height\":1566},{\"@type\":\"BreadcrumbList\",\"@id\":\"https:\/\/goodwill.fi\/kauppa\/tuote\/koristerasia\/#breadcrumb\",\"itemListElement\":[{\"@type\":\"ListItem\",\"position\":1,\"name\":\"Home\",\"item\":\"https:\/\/goodwill.fi\/kauppa\/\"},{\"@type\":\"ListItem\",\"position\":2,\"name\":\"Shop\",\"item\":\"https:\/\/goodwill.fi\/kauppa\/shop\/\"},{\"@type\":\"ListItem\",\"position\":3,\"name\":\"KORISTERASIA\"}]},{\"@type\":\"WebSite\",\"@id\":\"https:\/\/goodwill.fi\/kauppa\/#website\",\"url\":\"https:\/\/goodwill.fi\/kauppa\/\",\"name\":\"Goodwill-verkkokauppa\",\"description\":\"Kierr\u00e4tysmyym\u00e4l\u00e4 verkossa\",\"publisher\":{\"@id\":\"https:\/\/goodwill.fi\/kauppa\/#organization\"},\"potentialAction\":[{\"@type\":\"SearchAction\",\"target\":{\"@type\":\"EntryPoint\",\"urlTemplate\":\"https:\/\/goodwill.fi\/kauppa\/?s={search_term_string}\"},\"query-input\":{\"@type\":\"PropertyValueSpecification\",\"valueRequired\":true,\"valueName\":\"search_term_string\"}}],\"inLanguage\":\"fi\"},{\"@type\":\"Organization\",\"@id\":\"https:\/\/goodwill.fi\/kauppa\/#organization\",\"name\":\"Goodwill-verkkokauppa\",\"url\":\"https:\/\/goodwill.fi\/kauppa\/\",\"logo\":{\"@type\":\"ImageObject\",\"inLanguage\":\"fi\",\"@id\":\"https:\/\/goodwill.fi\/kauppa\/#\/schema\/logo\/image\/\",\"url\":\"https:\/\/goodwill.fi\/kauppa\/wp-content\/uploads\/2021\/02\/cropped-logo_gw_store-723x211-1.png\",\"contentUrl\":\"https:\/\/goodwill.fi\/kauppa\/wp-content\/uploads\/2021\/02\/cropped-logo_gw_store-723x211-1.png\",\"width\":723,\"height\":207,\"caption\":\"Goodwill-verkkokauppa\"},\"image\":{\"@id\":\"https:\/\/goodwill.fi\/kauppa\/#\/schema\/logo\/image\/\"}}]}<\/script>\n<!-- \/ Yoast SEO plugin. -->","yoast_head_json":{"title":"KORISTERASIA - Goodwill-verkkokauppa","description":"Merihenkinen koristerasia. Mitat: korkeus 5,6 cm, halkaisija 11,6 cm, paino 408\u00a0g V\u00e4ri: messinginv\u00e4rinen Materiaali: metalli, lasi Kunto: ehj\u00e4","robots":{"index":"index","follow":"follow","max-snippet":"max-snippet:-1","max-image-preview":"max-image-preview:large","max-video-preview":"max-video-preview:-1"},"canonical":"https:\/\/goodwill.fi\/kauppa\/tuote\/koristerasia\/","og_locale":"fi_FI","og_type":"article","og_title":"KORISTERASIA - Goodwill-verkkokauppa","og_description":"Merihenkinen koristerasia. Mitat: korkeus 5,6 cm, halkaisija 11,6 cm, paino 408\u00a0g V\u00e4ri: messinginv\u00e4rinen Materiaali: metalli, lasi Kunto: ehj\u00e4","og_url":"https:\/\/goodwill.fi\/kauppa\/tuote\/koristerasia\/","og_site_name":"Goodwill-verkkokauppa","article_modified_time":"2025-10-07T09:25:13+00:00","og_image":[{"width":2180,"height":1566,"url":"https:\/\/goodwill.fi\/kauppa\/wp-content\/uploads\/2025\/10\/IMG_3480-scaled-e1759828789195.jpg","type":"image\/jpeg"}],"twitter_card":"summary_large_image","twitter_misc":{"Arvioitu lukuaika":"1 minuutti"},"schema":{"@context":"https:\/\/schema.org","@graph":[{"@type":"WebPage","@id":"https:\/\/goodwill.fi\/kauppa\/tuote\/koristerasia\/","url":"https:\/\/goodwill.fi\/kauppa\/tuote\/koristerasia\/","name":"KORISTERASIA - Goodwill-verkkokauppa","isPartOf":{"@id":"https:\/\/goodwill.fi\/kauppa\/#website"},"primaryImageOfPage":{"@id":"https:\/\/goodwill.fi\/kauppa\/tuote\/koristerasia\/#primaryimage"},"image":{"@id":"https:\/\/goodwill.fi\/kauppa\/tuote\/koristerasia\/#primaryimage"},"thumbnailUrl":"https:\/\/goodwill.fi\/kauppa\/wp-content\/uploads\/2025\/10\/IMG_3480-scaled-e1759828789195.jpg","datePublished":"2025-10-07T09:25:12+00:00","dateModified":"2025-10-07T09:25:13+00:00","description":"Merihenkinen koristerasia. Mitat: korkeus 5,6 cm, halkaisija 11,6 cm, paino 408\u00a0g V\u00e4ri: messinginv\u00e4rinen Materiaali: metalli, lasi Kunto: ehj\u00e4","breadcrumb":{"@id":"https:\/\/goodwill.fi\/kauppa\/tuote\/koristerasia\/#breadcrumb"},"inLanguage":"fi","potentialAction":[{"@type":"ReadAction","target":["https:\/\/goodwill.fi\/kauppa\/tuote\/koristerasia\/"]}]},{"@type":"ImageObject","inLanguage":"fi","@id":"https:\/\/goodwill.fi\/kauppa\/tuote\/koristerasia\/#primaryimage","url":"https:\/\/goodwill.fi\/kauppa\/wp-content\/uploads\/2025\/10\/IMG_3480-scaled-e1759828789195.jpg","contentUrl":"https:\/\/goodwill.fi\/kauppa\/wp-content\/uploads\/2025\/10\/IMG_3480-scaled-e1759828789195.jpg","width":2180,"height":1566},{"@type":"BreadcrumbList","@id":"https:\/\/goodwill.fi\/kauppa\/tuote\/koristerasia\/#breadcrumb","itemListElement":[{"@type":"ListItem","position":1,"name":"Home","item":"https:\/\/goodwill.fi\/kauppa\/"},{"@type":"ListItem","position":2,"name":"Shop","item":"https:\/\/goodwill.fi\/kauppa\/shop\/"},{"@type":"ListItem","position":3,"name":"KORISTERASIA"}]},{"@type":"WebSite","@id":"https:\/\/goodwill.fi\/kauppa\/#website","url":"https:\/\/goodwill.fi\/kauppa\/","name":"Goodwill-verkkokauppa","description":"Kierr\u00e4tysmyym\u00e4l\u00e4 verkossa","publisher":{"@id":"https:\/\/goodwill.fi\/kauppa\/#organization"},"potentialAction":[{"@type":"SearchAction","target":{"@type":"EntryPoint","urlTemplate":"https:\/\/goodwill.fi\/kauppa\/?s={search_term_string}"},"query-input":{"@type":"PropertyValueSpecification","valueRequired":true,"valueName":"search_term_string"}}],"inLanguage":"fi"},{"@type":"Organization","@id":"https:\/\/goodwill.fi\/kauppa\/#organization","name":"Goodwill-verkkokauppa","url":"https:\/\/goodwill.fi\/kauppa\/","logo":{"@type":"ImageObject","inLanguage":"fi","@id":"https:\/\/goodwill.fi\/kauppa\/#\/schema\/logo\/image\/","url":"https:\/\/goodwill.fi\/kauppa\/wp-content\/uploads\/2021\/02\/cropped-logo_gw_store-723x211-1.png","contentUrl":"https:\/\/goodwill.fi\/kauppa\/wp-content\/uploads\/2021\/02\/cropped-logo_gw_store-723x211-1.png","width":723,"height":207,"caption":"Goodwill-verkkokauppa"},"image":{"@id":"https:\/\/goodwill.fi\/kauppa\/#\/schema\/logo\/image\/"}}]}},"_links":{"self":[{"href":"https:\/\/goodwill.fi\/kauppa\/wp-json\/wp\/v2\/product\/61889","targetHints":{"allow":["GET"]}}],"collection":[{"href":"https:\/\/goodwill.fi\/kauppa\/wp-json\/wp\/v2\/product"}],"about":[{"href":"https:\/\/goodwill.fi\/kauppa\/wp-json\/wp\/v2\/types\/product"}],"replies":[{"embeddable":true,"href":"https:\/\/goodwill.fi\/kauppa\/wp-json\/wp\/v2\/comments?post=61889"}],"wp:featuredmedia":[{"embeddable":true,"href":"https:\/\/goodwill.fi\/kauppa\/wp-json\/wp\/v2\/media\/61890"}],"wp:attachment":[{"href":"https:\/\/goodwill.fi\/kauppa\/wp-json\/wp\/v2\/media?parent=61889"}],"wp:term":[{"taxonomy":"product_brand","embeddable":true,"href":"https:\/\/goodwill.fi\/kauppa\/wp-json\/wp\/v2\/product_brand?post=61889"},{"taxonomy":"product_cat","embeddable":true,"href":"https:\/\/goodwill.fi\/kauppa\/wp-json\/wp\/v2\/product_cat?post=61889"},{"taxonomy":"product_tag","embeddable":true,"href":"https:\/\/goodwill.fi\/kauppa\/wp-json\/wp\/v2\/product_tag?post=61889"}],"curies":[{"name":"wp","href":"https:\/\/api.w.org\/{rel}","templated":true}]}}