{"id":6171,"date":"2022-09-13T13:21:26","date_gmt":"2022-09-13T10:21:26","guid":{"rendered":"https:\/\/goodwill.fi\/kauppa\/?post_type=product&#038;p=6171"},"modified":"2024-06-28T17:07:05","modified_gmt":"2024-06-28T14:07:05","slug":"taskukello","status":"publish","type":"product","link":"https:\/\/goodwill.fi\/kauppa\/tuote\/taskukello\/","title":{"rendered":"TASKUKELLO"},"content":{"rendered":"<p>Mahdollisesti Vacheron Geneve tai Girard merkkinen Ancre 15 Rubis -taskukello, josta puuttuu takakansi ja toinen avain jolla kellon voi vet\u00e4\u00e4, mukana ketju ja yksi vetoavain, toimivuutta ei ole t\u00e4ysin pystytty testaamaan puuttuvan vetoavaimen takia, kello pysyy hetken k\u00e4ynniss\u00e4 ja ajassa kun kellonaikaa siirret\u00e4\u00e4n, takakannen puuttumisen vuoksi ei varmuutta valmistajasta<br \/>\nValmistaja: Ei varmuutta<br \/>\nValmistusvuosi: 1800-luvun loppu tai 1900-luvun alku<br \/>\nMitat:\u00a0Halkaisija 4,5 cm, paino 78 g<br \/>\nMateriaali: ei varmuutta, leima puuttuu<br \/>\nKunto: k\u00e4ytetty, lasi ehj\u00e4, takakansi puuttuu, toinen vetoavain puuttuu, toimivuutta ei ole t\u00e4ysin pystytty testaamaan<br \/>\nHuom: tuotteet myyd\u00e4\u00e4n kappaleittain<\/p>\n","protected":false},"excerpt":{"rendered":"<p>Mahdollisesti Vacheron Geneve tai Girard merkkinen Ancre 15 Rubis -taskukello, josta puuttuu takakansi ja toinen avain jolla kellon voi vet\u00e4\u00e4, mukana ketju ja yksi vetoavain, toimivuutta ei ole t\u00e4ysin pystytty testaamaan puuttuvan vetoavaimen takia, kello pysyy hetken k\u00e4ynniss\u00e4 ja ajassa kun kellonaikaa siirret\u00e4\u00e4n, takakannen puuttumisen vuoksi ei varmuutta valmistajasta Valmistaja: Ei varmuutta Valmistusvuosi: 1800-luvun loppu [&hellip;]<\/p>\n","protected":false},"featured_media":6150,"comment_status":"open","ping_status":"closed","template":"","meta":[],"product_brand":[],"product_cat":[159,180,184,176,177,5965],"product_tag":[3859,3858,3854,3855,363,437,3864,3865,3861,3860,3857,3856,3862,3852,3853,3863],"class_list":{"0":"post-6171","1":"product","2":"type-product","3":"status-publish","4":"has-post-thumbnail","6":"product_cat-kaikki","7":"product_cat-keraily-2","8":"product_cat-muu-keraily-2","9":"product_cat-asusteet-2","10":"product_cat-kellot","11":"product_cat-ale","12":"product_tag-3859","13":"product_tag-ancre","14":"product_tag-firard","15":"product_tag-geneve","16":"product_tag-hopea","17":"product_tag-kello","18":"product_tag-ketju","19":"product_tag-kot01320","20":"product_tag-puuttuu","21":"product_tag-rubis","22":"product_tag-sveitsilainen","23":"product_tag-swiss","24":"product_tag-takakansi","25":"product_tag-taskukello","26":"product_tag-vacheron","27":"product_tag-vetoavain","29":"first","30":"outofstock","31":"sale","32":"taxable","33":"shipping-taxable","34":"purchasable","35":"product-type-simple"},"yoast_head":"<!-- This site is optimized with the Yoast SEO plugin v27.1.1 - https:\/\/yoast.com\/product\/yoast-seo-wordpress\/ -->\n<title>TASKUKELLO - Goodwill-verkkokauppa<\/title>\n<meta name=\"description\" content=\"Mahdollisesti Vacheron Geneve tai Girard merkkinen Ancre 15 Rubis -taskukello. Valmistaja: Ei varmuutta Valmistusvuosi: 1800-luvun loppu tai 1900-luvun alku\" \/>\n<meta name=\"robots\" content=\"index, follow, max-snippet:-1, max-image-preview:large, max-video-preview:-1\" \/>\n<link rel=\"canonical\" href=\"https:\/\/goodwill.fi\/kauppa\/tuote\/taskukello\/\" \/>\n<meta property=\"og:locale\" content=\"fi_FI\" \/>\n<meta property=\"og:type\" content=\"article\" \/>\n<meta property=\"og:title\" content=\"TASKUKELLO - Goodwill-verkkokauppa\" \/>\n<meta property=\"og:description\" content=\"Mahdollisesti Vacheron Geneve tai Girard merkkinen Ancre 15 Rubis -taskukello. Valmistaja: Ei varmuutta Valmistusvuosi: 1800-luvun loppu tai 1900-luvun alku\" \/>\n<meta property=\"og:url\" content=\"https:\/\/goodwill.fi\/kauppa\/tuote\/taskukello\/\" \/>\n<meta property=\"og:site_name\" content=\"Goodwill-verkkokauppa\" \/>\n<meta property=\"article:modified_time\" content=\"2024-06-28T14:07:05+00:00\" \/>\n<meta property=\"og:image\" content=\"https:\/\/goodwill.fi\/kauppa\/wp-content\/uploads\/2022\/09\/IMG_0107-scaled.jpg\" \/>\n\t<meta property=\"og:image:width\" content=\"2560\" \/>\n\t<meta property=\"og:image:height\" content=\"1707\" \/>\n\t<meta property=\"og:image:type\" content=\"image\/jpeg\" \/>\n<meta name=\"twitter:card\" content=\"summary_large_image\" \/>\n<meta name=\"twitter:label1\" content=\"Arvioitu lukuaika\" \/>\n\t<meta name=\"twitter:data1\" content=\"1 minuutti\" \/>\n<script type=\"application\/ld+json\" class=\"yoast-schema-graph\">{\"@context\":\"https:\/\/schema.org\",\"@graph\":[{\"@type\":\"WebPage\",\"@id\":\"https:\/\/goodwill.fi\/kauppa\/tuote\/taskukello\/\",\"url\":\"https:\/\/goodwill.fi\/kauppa\/tuote\/taskukello\/\",\"name\":\"TASKUKELLO - Goodwill-verkkokauppa\",\"isPartOf\":{\"@id\":\"https:\/\/goodwill.fi\/kauppa\/#website\"},\"primaryImageOfPage\":{\"@id\":\"https:\/\/goodwill.fi\/kauppa\/tuote\/taskukello\/#primaryimage\"},\"image\":{\"@id\":\"https:\/\/goodwill.fi\/kauppa\/tuote\/taskukello\/#primaryimage\"},\"thumbnailUrl\":\"https:\/\/goodwill.fi\/kauppa\/wp-content\/uploads\/2022\/09\/IMG_0107-scaled.jpg\",\"datePublished\":\"2022-09-13T10:21:26+00:00\",\"dateModified\":\"2024-06-28T14:07:05+00:00\",\"description\":\"Mahdollisesti Vacheron Geneve tai Girard merkkinen Ancre 15 Rubis -taskukello. Valmistaja: Ei varmuutta Valmistusvuosi: 1800-luvun loppu tai 1900-luvun alku\",\"breadcrumb\":{\"@id\":\"https:\/\/goodwill.fi\/kauppa\/tuote\/taskukello\/#breadcrumb\"},\"inLanguage\":\"fi\",\"potentialAction\":[{\"@type\":\"ReadAction\",\"target\":[\"https:\/\/goodwill.fi\/kauppa\/tuote\/taskukello\/\"]}]},{\"@type\":\"ImageObject\",\"inLanguage\":\"fi\",\"@id\":\"https:\/\/goodwill.fi\/kauppa\/tuote\/taskukello\/#primaryimage\",\"url\":\"https:\/\/goodwill.fi\/kauppa\/wp-content\/uploads\/2022\/09\/IMG_0107-scaled.jpg\",\"contentUrl\":\"https:\/\/goodwill.fi\/kauppa\/wp-content\/uploads\/2022\/09\/IMG_0107-scaled.jpg\",\"width\":2560,\"height\":1707},{\"@type\":\"BreadcrumbList\",\"@id\":\"https:\/\/goodwill.fi\/kauppa\/tuote\/taskukello\/#breadcrumb\",\"itemListElement\":[{\"@type\":\"ListItem\",\"position\":1,\"name\":\"Home\",\"item\":\"https:\/\/goodwill.fi\/kauppa\/\"},{\"@type\":\"ListItem\",\"position\":2,\"name\":\"Shop\",\"item\":\"https:\/\/goodwill.fi\/kauppa\/shop\/\"},{\"@type\":\"ListItem\",\"position\":3,\"name\":\"TASKUKELLO\"}]},{\"@type\":\"WebSite\",\"@id\":\"https:\/\/goodwill.fi\/kauppa\/#website\",\"url\":\"https:\/\/goodwill.fi\/kauppa\/\",\"name\":\"Goodwill-verkkokauppa\",\"description\":\"Kierr\u00e4tysmyym\u00e4l\u00e4 verkossa\",\"publisher\":{\"@id\":\"https:\/\/goodwill.fi\/kauppa\/#organization\"},\"potentialAction\":[{\"@type\":\"SearchAction\",\"target\":{\"@type\":\"EntryPoint\",\"urlTemplate\":\"https:\/\/goodwill.fi\/kauppa\/?s={search_term_string}\"},\"query-input\":{\"@type\":\"PropertyValueSpecification\",\"valueRequired\":true,\"valueName\":\"search_term_string\"}}],\"inLanguage\":\"fi\"},{\"@type\":\"Organization\",\"@id\":\"https:\/\/goodwill.fi\/kauppa\/#organization\",\"name\":\"Goodwill-verkkokauppa\",\"url\":\"https:\/\/goodwill.fi\/kauppa\/\",\"logo\":{\"@type\":\"ImageObject\",\"inLanguage\":\"fi\",\"@id\":\"https:\/\/goodwill.fi\/kauppa\/#\/schema\/logo\/image\/\",\"url\":\"https:\/\/goodwill.fi\/kauppa\/wp-content\/uploads\/2021\/02\/cropped-logo_gw_store-723x211-1.png\",\"contentUrl\":\"https:\/\/goodwill.fi\/kauppa\/wp-content\/uploads\/2021\/02\/cropped-logo_gw_store-723x211-1.png\",\"width\":723,\"height\":207,\"caption\":\"Goodwill-verkkokauppa\"},\"image\":{\"@id\":\"https:\/\/goodwill.fi\/kauppa\/#\/schema\/logo\/image\/\"}}]}<\/script>\n<!-- \/ Yoast SEO plugin. -->","yoast_head_json":{"title":"TASKUKELLO - Goodwill-verkkokauppa","description":"Mahdollisesti Vacheron Geneve tai Girard merkkinen Ancre 15 Rubis -taskukello. Valmistaja: Ei varmuutta Valmistusvuosi: 1800-luvun loppu tai 1900-luvun alku","robots":{"index":"index","follow":"follow","max-snippet":"max-snippet:-1","max-image-preview":"max-image-preview:large","max-video-preview":"max-video-preview:-1"},"canonical":"https:\/\/goodwill.fi\/kauppa\/tuote\/taskukello\/","og_locale":"fi_FI","og_type":"article","og_title":"TASKUKELLO - Goodwill-verkkokauppa","og_description":"Mahdollisesti Vacheron Geneve tai Girard merkkinen Ancre 15 Rubis -taskukello. Valmistaja: Ei varmuutta Valmistusvuosi: 1800-luvun loppu tai 1900-luvun alku","og_url":"https:\/\/goodwill.fi\/kauppa\/tuote\/taskukello\/","og_site_name":"Goodwill-verkkokauppa","article_modified_time":"2024-06-28T14:07:05+00:00","og_image":[{"width":2560,"height":1707,"url":"https:\/\/goodwill.fi\/kauppa\/wp-content\/uploads\/2022\/09\/IMG_0107-scaled.jpg","type":"image\/jpeg"}],"twitter_card":"summary_large_image","twitter_misc":{"Arvioitu lukuaika":"1 minuutti"},"schema":{"@context":"https:\/\/schema.org","@graph":[{"@type":"WebPage","@id":"https:\/\/goodwill.fi\/kauppa\/tuote\/taskukello\/","url":"https:\/\/goodwill.fi\/kauppa\/tuote\/taskukello\/","name":"TASKUKELLO - Goodwill-verkkokauppa","isPartOf":{"@id":"https:\/\/goodwill.fi\/kauppa\/#website"},"primaryImageOfPage":{"@id":"https:\/\/goodwill.fi\/kauppa\/tuote\/taskukello\/#primaryimage"},"image":{"@id":"https:\/\/goodwill.fi\/kauppa\/tuote\/taskukello\/#primaryimage"},"thumbnailUrl":"https:\/\/goodwill.fi\/kauppa\/wp-content\/uploads\/2022\/09\/IMG_0107-scaled.jpg","datePublished":"2022-09-13T10:21:26+00:00","dateModified":"2024-06-28T14:07:05+00:00","description":"Mahdollisesti Vacheron Geneve tai Girard merkkinen Ancre 15 Rubis -taskukello. Valmistaja: Ei varmuutta Valmistusvuosi: 1800-luvun loppu tai 1900-luvun alku","breadcrumb":{"@id":"https:\/\/goodwill.fi\/kauppa\/tuote\/taskukello\/#breadcrumb"},"inLanguage":"fi","potentialAction":[{"@type":"ReadAction","target":["https:\/\/goodwill.fi\/kauppa\/tuote\/taskukello\/"]}]},{"@type":"ImageObject","inLanguage":"fi","@id":"https:\/\/goodwill.fi\/kauppa\/tuote\/taskukello\/#primaryimage","url":"https:\/\/goodwill.fi\/kauppa\/wp-content\/uploads\/2022\/09\/IMG_0107-scaled.jpg","contentUrl":"https:\/\/goodwill.fi\/kauppa\/wp-content\/uploads\/2022\/09\/IMG_0107-scaled.jpg","width":2560,"height":1707},{"@type":"BreadcrumbList","@id":"https:\/\/goodwill.fi\/kauppa\/tuote\/taskukello\/#breadcrumb","itemListElement":[{"@type":"ListItem","position":1,"name":"Home","item":"https:\/\/goodwill.fi\/kauppa\/"},{"@type":"ListItem","position":2,"name":"Shop","item":"https:\/\/goodwill.fi\/kauppa\/shop\/"},{"@type":"ListItem","position":3,"name":"TASKUKELLO"}]},{"@type":"WebSite","@id":"https:\/\/goodwill.fi\/kauppa\/#website","url":"https:\/\/goodwill.fi\/kauppa\/","name":"Goodwill-verkkokauppa","description":"Kierr\u00e4tysmyym\u00e4l\u00e4 verkossa","publisher":{"@id":"https:\/\/goodwill.fi\/kauppa\/#organization"},"potentialAction":[{"@type":"SearchAction","target":{"@type":"EntryPoint","urlTemplate":"https:\/\/goodwill.fi\/kauppa\/?s={search_term_string}"},"query-input":{"@type":"PropertyValueSpecification","valueRequired":true,"valueName":"search_term_string"}}],"inLanguage":"fi"},{"@type":"Organization","@id":"https:\/\/goodwill.fi\/kauppa\/#organization","name":"Goodwill-verkkokauppa","url":"https:\/\/goodwill.fi\/kauppa\/","logo":{"@type":"ImageObject","inLanguage":"fi","@id":"https:\/\/goodwill.fi\/kauppa\/#\/schema\/logo\/image\/","url":"https:\/\/goodwill.fi\/kauppa\/wp-content\/uploads\/2021\/02\/cropped-logo_gw_store-723x211-1.png","contentUrl":"https:\/\/goodwill.fi\/kauppa\/wp-content\/uploads\/2021\/02\/cropped-logo_gw_store-723x211-1.png","width":723,"height":207,"caption":"Goodwill-verkkokauppa"},"image":{"@id":"https:\/\/goodwill.fi\/kauppa\/#\/schema\/logo\/image\/"}}]}},"_links":{"self":[{"href":"https:\/\/goodwill.fi\/kauppa\/wp-json\/wp\/v2\/product\/6171","targetHints":{"allow":["GET"]}}],"collection":[{"href":"https:\/\/goodwill.fi\/kauppa\/wp-json\/wp\/v2\/product"}],"about":[{"href":"https:\/\/goodwill.fi\/kauppa\/wp-json\/wp\/v2\/types\/product"}],"replies":[{"embeddable":true,"href":"https:\/\/goodwill.fi\/kauppa\/wp-json\/wp\/v2\/comments?post=6171"}],"wp:featuredmedia":[{"embeddable":true,"href":"https:\/\/goodwill.fi\/kauppa\/wp-json\/wp\/v2\/media\/6150"}],"wp:attachment":[{"href":"https:\/\/goodwill.fi\/kauppa\/wp-json\/wp\/v2\/media?parent=6171"}],"wp:term":[{"taxonomy":"product_brand","embeddable":true,"href":"https:\/\/goodwill.fi\/kauppa\/wp-json\/wp\/v2\/product_brand?post=6171"},{"taxonomy":"product_cat","embeddable":true,"href":"https:\/\/goodwill.fi\/kauppa\/wp-json\/wp\/v2\/product_cat?post=6171"},{"taxonomy":"product_tag","embeddable":true,"href":"https:\/\/goodwill.fi\/kauppa\/wp-json\/wp\/v2\/product_tag?post=6171"}],"curies":[{"name":"wp","href":"https:\/\/api.w.org\/{rel}","templated":true}]}}