{"id":61453,"date":"2025-10-02T14:48:21","date_gmt":"2025-10-02T11:48:21","guid":{"rendered":"https:\/\/goodwill.fi\/kauppa\/?post_type=product&#038;p=61453"},"modified":"2025-10-02T14:48:21","modified_gmt":"2025-10-02T11:48:21","slug":"iittala-verna-jalkiruokamaljat-3-kpl","status":"publish","type":"product","link":"https:\/\/goodwill.fi\/kauppa\/tuote\/iittala-verna-jalkiruokamaljat-3-kpl\/","title":{"rendered":"IITTALA VERNA J\u00c4LKIRUOKAMALJAT 3 KPL"},"content":{"rendered":"<p>Suunnittelija: Kerttu Nurminen<br \/>\nValmistaja: Iittalan lasi<br \/>\nMitat: Halkaisija 11 cm, korkeus 9 cm, paino 300 g<br \/>\nV\u00e4ri: Sininen<br \/>\nMateriaali: Lasi<br \/>\nKunto: k\u00e4ytetty, k\u00e4yt\u00f6n j\u00e4lki\u00e4<br \/>\nHuom. Tuotteet myyd\u00e4\u00e4n 3 kpl settin\u00e4.<\/p>\n","protected":false},"excerpt":{"rendered":"<p>Suunnittelija: Kerttu Nurminen Valmistaja: Iittalan lasi Mitat: Halkaisija 11 cm, korkeus 9 cm, paino 300 g V\u00e4ri: Sininen Materiaali: Lasi Kunto: k\u00e4ytetty, k\u00e4yt\u00f6n j\u00e4lki\u00e4 Huom. Tuotteet myyd\u00e4\u00e4n 3 kpl settin\u00e4.<\/p>\n","protected":false},"featured_media":61454,"comment_status":"open","ping_status":"closed","template":"","meta":[],"product_brand":[14681],"product_cat":[166,14854,159,14863],"product_tag":[1811,346,490,1256,17036,618,1551],"class_list":{"0":"post-61453","1":"product","2":"type-product","3":"status-publish","4":"has-post-thumbnail","6":"product_brand-iittala","7":"product_cat-astiat-2","8":"product_cat-iittala","9":"product_cat-kaikki","10":"product_cat-lautaset-kulhot","11":"product_tag-iittala-verna","12":"product_tag-jalkiruokakulho","13":"product_tag-jalkiruokamalja","14":"product_tag-kerttu-nurminen","15":"product_tag-kit00650","16":"product_tag-malja","17":"product_tag-verna","19":"first","20":"instock","21":"taxable","22":"shipping-taxable","23":"purchasable","24":"product-type-simple"},"yoast_head":"<!-- This site is optimized with the Yoast SEO plugin v27.4 - https:\/\/yoast.com\/product\/yoast-seo-wordpress\/ -->\n<title>IITTALA VERNA J\u00c4LKIRUOKAMALJAT 3 KPL - Goodwill-verkkokauppa<\/title>\n<meta name=\"description\" content=\"Suunnittelija: Kerttu Nurminen Valmistaja: Iittalan lasi Mitat: Halkaisija 11 cm, korkeus 9 cm, paino 300 g V\u00e4ri: Sininen Materiaali: Lasi\" \/>\n<meta name=\"robots\" content=\"index, follow, max-snippet:-1, max-image-preview:large, max-video-preview:-1\" \/>\n<link rel=\"canonical\" href=\"https:\/\/goodwill.fi\/kauppa\/tuote\/iittala-verna-jalkiruokamaljat-3-kpl\/\" \/>\n<meta property=\"og:locale\" content=\"fi_FI\" \/>\n<meta property=\"og:type\" content=\"article\" \/>\n<meta property=\"og:title\" content=\"IITTALA VERNA J\u00c4LKIRUOKAMALJAT 3 KPL - Goodwill-verkkokauppa\" \/>\n<meta property=\"og:description\" content=\"Suunnittelija: Kerttu Nurminen Valmistaja: Iittalan lasi Mitat: Halkaisija 11 cm, korkeus 9 cm, paino 300 g V\u00e4ri: Sininen Materiaali: Lasi\" \/>\n<meta property=\"og:url\" content=\"https:\/\/goodwill.fi\/kauppa\/tuote\/iittala-verna-jalkiruokamaljat-3-kpl\/\" \/>\n<meta property=\"og:site_name\" content=\"Goodwill-verkkokauppa\" \/>\n<meta property=\"og:image\" content=\"https:\/\/goodwill.fi\/kauppa\/wp-content\/uploads\/2025\/10\/20250930_144144-scaled.jpg\" \/>\n\t<meta property=\"og:image:width\" content=\"2560\" \/>\n\t<meta property=\"og:image:height\" content=\"2560\" \/>\n\t<meta property=\"og:image:type\" content=\"image\/jpeg\" \/>\n<meta name=\"twitter:card\" content=\"summary_large_image\" \/>\n<meta name=\"twitter:label1\" content=\"Arvioitu lukuaika\" \/>\n\t<meta name=\"twitter:data1\" content=\"1 minuutti\" \/>\n<script type=\"application\/ld+json\" class=\"yoast-schema-graph\">{\"@context\":\"https:\\\/\\\/schema.org\",\"@graph\":[{\"@type\":\"WebPage\",\"@id\":\"https:\\\/\\\/goodwill.fi\\\/kauppa\\\/tuote\\\/iittala-verna-jalkiruokamaljat-3-kpl\\\/\",\"url\":\"https:\\\/\\\/goodwill.fi\\\/kauppa\\\/tuote\\\/iittala-verna-jalkiruokamaljat-3-kpl\\\/\",\"name\":\"IITTALA VERNA J\u00c4LKIRUOKAMALJAT 3 KPL - Goodwill-verkkokauppa\",\"isPartOf\":{\"@id\":\"https:\\\/\\\/goodwill.fi\\\/kauppa\\\/#website\"},\"primaryImageOfPage\":{\"@id\":\"https:\\\/\\\/goodwill.fi\\\/kauppa\\\/tuote\\\/iittala-verna-jalkiruokamaljat-3-kpl\\\/#primaryimage\"},\"image\":{\"@id\":\"https:\\\/\\\/goodwill.fi\\\/kauppa\\\/tuote\\\/iittala-verna-jalkiruokamaljat-3-kpl\\\/#primaryimage\"},\"thumbnailUrl\":\"https:\\\/\\\/goodwill.fi\\\/kauppa\\\/wp-content\\\/uploads\\\/2025\\\/10\\\/20250930_144144-scaled.jpg\",\"datePublished\":\"2025-10-02T11:48:21+00:00\",\"description\":\"Suunnittelija: Kerttu Nurminen Valmistaja: Iittalan lasi Mitat: Halkaisija 11 cm, korkeus 9 cm, paino 300 g V\u00e4ri: Sininen Materiaali: Lasi\",\"breadcrumb\":{\"@id\":\"https:\\\/\\\/goodwill.fi\\\/kauppa\\\/tuote\\\/iittala-verna-jalkiruokamaljat-3-kpl\\\/#breadcrumb\"},\"inLanguage\":\"fi\",\"potentialAction\":[{\"@type\":\"ReadAction\",\"target\":[\"https:\\\/\\\/goodwill.fi\\\/kauppa\\\/tuote\\\/iittala-verna-jalkiruokamaljat-3-kpl\\\/\"]}]},{\"@type\":\"ImageObject\",\"inLanguage\":\"fi\",\"@id\":\"https:\\\/\\\/goodwill.fi\\\/kauppa\\\/tuote\\\/iittala-verna-jalkiruokamaljat-3-kpl\\\/#primaryimage\",\"url\":\"https:\\\/\\\/goodwill.fi\\\/kauppa\\\/wp-content\\\/uploads\\\/2025\\\/10\\\/20250930_144144-scaled.jpg\",\"contentUrl\":\"https:\\\/\\\/goodwill.fi\\\/kauppa\\\/wp-content\\\/uploads\\\/2025\\\/10\\\/20250930_144144-scaled.jpg\",\"width\":2560,\"height\":2560},{\"@type\":\"BreadcrumbList\",\"@id\":\"https:\\\/\\\/goodwill.fi\\\/kauppa\\\/tuote\\\/iittala-verna-jalkiruokamaljat-3-kpl\\\/#breadcrumb\",\"itemListElement\":[{\"@type\":\"ListItem\",\"position\":1,\"name\":\"Home\",\"item\":\"https:\\\/\\\/goodwill.fi\\\/kauppa\\\/\"},{\"@type\":\"ListItem\",\"position\":2,\"name\":\"Shop\",\"item\":\"https:\\\/\\\/goodwill.fi\\\/kauppa\\\/shop\\\/\"},{\"@type\":\"ListItem\",\"position\":3,\"name\":\"IITTALA VERNA J\u00c4LKIRUOKAMALJAT 3 KPL\"}]},{\"@type\":\"WebSite\",\"@id\":\"https:\\\/\\\/goodwill.fi\\\/kauppa\\\/#website\",\"url\":\"https:\\\/\\\/goodwill.fi\\\/kauppa\\\/\",\"name\":\"Goodwill-verkkokauppa\",\"description\":\"Kierr\u00e4tysmyym\u00e4l\u00e4 verkossa\",\"publisher\":{\"@id\":\"https:\\\/\\\/goodwill.fi\\\/kauppa\\\/#organization\"},\"potentialAction\":[{\"@type\":\"SearchAction\",\"target\":{\"@type\":\"EntryPoint\",\"urlTemplate\":\"https:\\\/\\\/goodwill.fi\\\/kauppa\\\/?s={search_term_string}\"},\"query-input\":{\"@type\":\"PropertyValueSpecification\",\"valueRequired\":true,\"valueName\":\"search_term_string\"}}],\"inLanguage\":\"fi\"},{\"@type\":\"Organization\",\"@id\":\"https:\\\/\\\/goodwill.fi\\\/kauppa\\\/#organization\",\"name\":\"Goodwill-verkkokauppa\",\"url\":\"https:\\\/\\\/goodwill.fi\\\/kauppa\\\/\",\"logo\":{\"@type\":\"ImageObject\",\"inLanguage\":\"fi\",\"@id\":\"https:\\\/\\\/goodwill.fi\\\/kauppa\\\/#\\\/schema\\\/logo\\\/image\\\/\",\"url\":\"https:\\\/\\\/goodwill.fi\\\/kauppa\\\/wp-content\\\/uploads\\\/2021\\\/02\\\/cropped-logo_gw_store-723x211-1.png\",\"contentUrl\":\"https:\\\/\\\/goodwill.fi\\\/kauppa\\\/wp-content\\\/uploads\\\/2021\\\/02\\\/cropped-logo_gw_store-723x211-1.png\",\"width\":723,\"height\":207,\"caption\":\"Goodwill-verkkokauppa\"},\"image\":{\"@id\":\"https:\\\/\\\/goodwill.fi\\\/kauppa\\\/#\\\/schema\\\/logo\\\/image\\\/\"}}]}<\/script>\n<!-- \/ Yoast SEO plugin. -->","yoast_head_json":{"title":"IITTALA VERNA J\u00c4LKIRUOKAMALJAT 3 KPL - Goodwill-verkkokauppa","description":"Suunnittelija: Kerttu Nurminen Valmistaja: Iittalan lasi Mitat: Halkaisija 11 cm, korkeus 9 cm, paino 300 g V\u00e4ri: Sininen Materiaali: Lasi","robots":{"index":"index","follow":"follow","max-snippet":"max-snippet:-1","max-image-preview":"max-image-preview:large","max-video-preview":"max-video-preview:-1"},"canonical":"https:\/\/goodwill.fi\/kauppa\/tuote\/iittala-verna-jalkiruokamaljat-3-kpl\/","og_locale":"fi_FI","og_type":"article","og_title":"IITTALA VERNA J\u00c4LKIRUOKAMALJAT 3 KPL - Goodwill-verkkokauppa","og_description":"Suunnittelija: Kerttu Nurminen Valmistaja: Iittalan lasi Mitat: Halkaisija 11 cm, korkeus 9 cm, paino 300 g V\u00e4ri: Sininen Materiaali: Lasi","og_url":"https:\/\/goodwill.fi\/kauppa\/tuote\/iittala-verna-jalkiruokamaljat-3-kpl\/","og_site_name":"Goodwill-verkkokauppa","og_image":[{"width":2560,"height":2560,"url":"https:\/\/goodwill.fi\/kauppa\/wp-content\/uploads\/2025\/10\/20250930_144144-scaled.jpg","type":"image\/jpeg"}],"twitter_card":"summary_large_image","twitter_misc":{"Arvioitu lukuaika":"1 minuutti"},"schema":{"@context":"https:\/\/schema.org","@graph":[{"@type":"WebPage","@id":"https:\/\/goodwill.fi\/kauppa\/tuote\/iittala-verna-jalkiruokamaljat-3-kpl\/","url":"https:\/\/goodwill.fi\/kauppa\/tuote\/iittala-verna-jalkiruokamaljat-3-kpl\/","name":"IITTALA VERNA J\u00c4LKIRUOKAMALJAT 3 KPL - Goodwill-verkkokauppa","isPartOf":{"@id":"https:\/\/goodwill.fi\/kauppa\/#website"},"primaryImageOfPage":{"@id":"https:\/\/goodwill.fi\/kauppa\/tuote\/iittala-verna-jalkiruokamaljat-3-kpl\/#primaryimage"},"image":{"@id":"https:\/\/goodwill.fi\/kauppa\/tuote\/iittala-verna-jalkiruokamaljat-3-kpl\/#primaryimage"},"thumbnailUrl":"https:\/\/goodwill.fi\/kauppa\/wp-content\/uploads\/2025\/10\/20250930_144144-scaled.jpg","datePublished":"2025-10-02T11:48:21+00:00","description":"Suunnittelija: Kerttu Nurminen Valmistaja: Iittalan lasi Mitat: Halkaisija 11 cm, korkeus 9 cm, paino 300 g V\u00e4ri: Sininen Materiaali: Lasi","breadcrumb":{"@id":"https:\/\/goodwill.fi\/kauppa\/tuote\/iittala-verna-jalkiruokamaljat-3-kpl\/#breadcrumb"},"inLanguage":"fi","potentialAction":[{"@type":"ReadAction","target":["https:\/\/goodwill.fi\/kauppa\/tuote\/iittala-verna-jalkiruokamaljat-3-kpl\/"]}]},{"@type":"ImageObject","inLanguage":"fi","@id":"https:\/\/goodwill.fi\/kauppa\/tuote\/iittala-verna-jalkiruokamaljat-3-kpl\/#primaryimage","url":"https:\/\/goodwill.fi\/kauppa\/wp-content\/uploads\/2025\/10\/20250930_144144-scaled.jpg","contentUrl":"https:\/\/goodwill.fi\/kauppa\/wp-content\/uploads\/2025\/10\/20250930_144144-scaled.jpg","width":2560,"height":2560},{"@type":"BreadcrumbList","@id":"https:\/\/goodwill.fi\/kauppa\/tuote\/iittala-verna-jalkiruokamaljat-3-kpl\/#breadcrumb","itemListElement":[{"@type":"ListItem","position":1,"name":"Home","item":"https:\/\/goodwill.fi\/kauppa\/"},{"@type":"ListItem","position":2,"name":"Shop","item":"https:\/\/goodwill.fi\/kauppa\/shop\/"},{"@type":"ListItem","position":3,"name":"IITTALA VERNA J\u00c4LKIRUOKAMALJAT 3 KPL"}]},{"@type":"WebSite","@id":"https:\/\/goodwill.fi\/kauppa\/#website","url":"https:\/\/goodwill.fi\/kauppa\/","name":"Goodwill-verkkokauppa","description":"Kierr\u00e4tysmyym\u00e4l\u00e4 verkossa","publisher":{"@id":"https:\/\/goodwill.fi\/kauppa\/#organization"},"potentialAction":[{"@type":"SearchAction","target":{"@type":"EntryPoint","urlTemplate":"https:\/\/goodwill.fi\/kauppa\/?s={search_term_string}"},"query-input":{"@type":"PropertyValueSpecification","valueRequired":true,"valueName":"search_term_string"}}],"inLanguage":"fi"},{"@type":"Organization","@id":"https:\/\/goodwill.fi\/kauppa\/#organization","name":"Goodwill-verkkokauppa","url":"https:\/\/goodwill.fi\/kauppa\/","logo":{"@type":"ImageObject","inLanguage":"fi","@id":"https:\/\/goodwill.fi\/kauppa\/#\/schema\/logo\/image\/","url":"https:\/\/goodwill.fi\/kauppa\/wp-content\/uploads\/2021\/02\/cropped-logo_gw_store-723x211-1.png","contentUrl":"https:\/\/goodwill.fi\/kauppa\/wp-content\/uploads\/2021\/02\/cropped-logo_gw_store-723x211-1.png","width":723,"height":207,"caption":"Goodwill-verkkokauppa"},"image":{"@id":"https:\/\/goodwill.fi\/kauppa\/#\/schema\/logo\/image\/"}}]}},"_links":{"self":[{"href":"https:\/\/goodwill.fi\/kauppa\/wp-json\/wp\/v2\/product\/61453","targetHints":{"allow":["GET"]}}],"collection":[{"href":"https:\/\/goodwill.fi\/kauppa\/wp-json\/wp\/v2\/product"}],"about":[{"href":"https:\/\/goodwill.fi\/kauppa\/wp-json\/wp\/v2\/types\/product"}],"replies":[{"embeddable":true,"href":"https:\/\/goodwill.fi\/kauppa\/wp-json\/wp\/v2\/comments?post=61453"}],"wp:featuredmedia":[{"embeddable":true,"href":"https:\/\/goodwill.fi\/kauppa\/wp-json\/wp\/v2\/media\/61454"}],"wp:attachment":[{"href":"https:\/\/goodwill.fi\/kauppa\/wp-json\/wp\/v2\/media?parent=61453"}],"wp:term":[{"taxonomy":"product_brand","embeddable":true,"href":"https:\/\/goodwill.fi\/kauppa\/wp-json\/wp\/v2\/product_brand?post=61453"},{"taxonomy":"product_cat","embeddable":true,"href":"https:\/\/goodwill.fi\/kauppa\/wp-json\/wp\/v2\/product_cat?post=61453"},{"taxonomy":"product_tag","embeddable":true,"href":"https:\/\/goodwill.fi\/kauppa\/wp-json\/wp\/v2\/product_tag?post=61453"}],"curies":[{"name":"wp","href":"https:\/\/api.w.org\/{rel}","templated":true}]}}