{"id":60969,"date":"2025-09-22T11:34:05","date_gmt":"2025-09-22T08:34:05","guid":{"rendered":"https:\/\/goodwill.fi\/kauppa\/?post_type=product&#038;p=60969"},"modified":"2026-01-16T12:01:36","modified_gmt":"2026-01-16T10:01:36","slug":"arabia-soma-kahvikupit-ja-lautaset-4-kpl","status":"publish","type":"product","link":"https:\/\/goodwill.fi\/kauppa\/tuote\/arabia-soma-kahvikupit-ja-lautaset-4-kpl\/","title":{"rendered":"ARABIA SOMA KAHVIKUPIT JA LAUTASET, 4 KPL"},"content":{"rendered":"<p>Suunnittelija: Raija Uosikkinen<br \/>\nValmistaja: Arabia<br \/>\nValmistusvuosi:\u00a0 1964-1971<br \/>\nMitat kuppi: korkeus 6 cm, halkaisija 8 cm, paino 80 g<br \/>\nMitat tassi: korkeus 1.8 cm, halkaisija 12 cm, paino 88 g<br \/>\nMitat tassi: korkeus 2,3 cm, halkaisija 16 cm, paino 168 g<br \/>\nV\u00e4ri: valkoinen, koristelu moniv\u00e4rinen<br \/>\nMateriaali: kova fajanssi<br \/>\nKunto: ehj\u00e4t, hieman k\u00e4yt\u00f6n j\u00e4lki\u00e4, kuviointi hieman haalistunut<br \/>\nHuom: myyd\u00e4\u00e4n nelj\u00e4n kupin, nelj\u00e4n tassin ja nelj\u00e4n lautasen settin\u00e4<\/p>\n","protected":false},"excerpt":{"rendered":"<p>Suunnittelija: Raija Uosikkinen Valmistaja: Arabia Valmistusvuosi:\u00a0 1964-1971 Mitat kuppi: korkeus 6 cm, halkaisija 8 cm, paino 80 g Mitat tassi: korkeus 1.8 cm, halkaisija 12 cm, paino 88 g Mitat tassi: korkeus 2,3 cm, halkaisija 16 cm, paino 168 g V\u00e4ri: valkoinen, koristelu moniv\u00e4rinen Materiaali: kova fajanssi Kunto: ehj\u00e4t, hieman k\u00e4yt\u00f6n j\u00e4lki\u00e4, kuviointi hieman haalistunut [&hellip;]<\/p>\n","protected":false},"featured_media":60970,"comment_status":"open","ping_status":"closed","template":"","meta":[],"product_brand":[14734],"product_cat":[159,14855,166,14866,14862],"product_tag":[206,289,314,1349,5593,910],"class_list":{"0":"post-60969","1":"product","2":"type-product","3":"status-publish","4":"has-post-thumbnail","6":"product_brand-arabia","7":"product_cat-kaikki","8":"product_cat-arabia","9":"product_cat-astiat-2","10":"product_cat-astiastot","11":"product_cat-kupit-lasit","12":"product_tag-arabia","13":"product_tag-kahvikuppi","14":"product_tag-kuppi","15":"product_tag-raija-uosikkinen","16":"product_tag-soma","17":"product_tag-tassi","19":"first","20":"outofstock","21":"taxable","22":"shipping-taxable","23":"purchasable","24":"product-type-simple"},"yoast_head":"<!-- This site is optimized with the Yoast SEO plugin v27.1.1 - https:\/\/yoast.com\/product\/yoast-seo-wordpress\/ -->\n<title>ARABIA SOMA KAHVIKUPIT JA LAUTASET, 4 KPL - Goodwill-verkkokauppa<\/title>\n<meta name=\"description\" content=\"Kuuden kahvikupin ja tassin setti Suunnittelija: Raija Uosikkinen Valmistaja: Arabia Valmistusvuosi: 1964-1971 Materiaali: kova fajanssi\" \/>\n<meta name=\"robots\" content=\"index, follow, max-snippet:-1, max-image-preview:large, max-video-preview:-1\" \/>\n<link rel=\"canonical\" href=\"https:\/\/goodwill.fi\/kauppa\/tuote\/arabia-soma-kahvikupit-ja-lautaset-4-kpl\/\" \/>\n<meta property=\"og:locale\" content=\"fi_FI\" \/>\n<meta property=\"og:type\" content=\"article\" \/>\n<meta property=\"og:title\" content=\"ARABIA SOMA KAHVIKUPIT JA LAUTASET, 4 KPL - Goodwill-verkkokauppa\" \/>\n<meta property=\"og:description\" content=\"Kuuden kahvikupin ja tassin setti Suunnittelija: Raija Uosikkinen Valmistaja: Arabia Valmistusvuosi: 1964-1971 Materiaali: kova fajanssi\" \/>\n<meta property=\"og:url\" content=\"https:\/\/goodwill.fi\/kauppa\/tuote\/arabia-soma-kahvikupit-ja-lautaset-4-kpl\/\" \/>\n<meta property=\"og:site_name\" content=\"Goodwill-verkkokauppa\" \/>\n<meta property=\"article:modified_time\" content=\"2026-01-16T10:01:36+00:00\" \/>\n<meta property=\"og:image\" content=\"https:\/\/goodwill.fi\/kauppa\/wp-content\/uploads\/2025\/09\/IMG_3638-1-scaled-e1758530237776.jpg\" \/>\n\t<meta property=\"og:image:width\" content=\"1920\" \/>\n\t<meta property=\"og:image:height\" content=\"1707\" \/>\n\t<meta property=\"og:image:type\" content=\"image\/jpeg\" \/>\n<meta name=\"twitter:card\" content=\"summary_large_image\" \/>\n<meta name=\"twitter:label1\" content=\"Arvioitu lukuaika\" \/>\n\t<meta name=\"twitter:data1\" content=\"1 minuutti\" \/>\n<script type=\"application\/ld+json\" class=\"yoast-schema-graph\">{\"@context\":\"https:\/\/schema.org\",\"@graph\":[{\"@type\":\"WebPage\",\"@id\":\"https:\/\/goodwill.fi\/kauppa\/tuote\/arabia-soma-kahvikupit-ja-lautaset-4-kpl\/\",\"url\":\"https:\/\/goodwill.fi\/kauppa\/tuote\/arabia-soma-kahvikupit-ja-lautaset-4-kpl\/\",\"name\":\"ARABIA SOMA KAHVIKUPIT JA LAUTASET, 4 KPL - Goodwill-verkkokauppa\",\"isPartOf\":{\"@id\":\"https:\/\/goodwill.fi\/kauppa\/#website\"},\"primaryImageOfPage\":{\"@id\":\"https:\/\/goodwill.fi\/kauppa\/tuote\/arabia-soma-kahvikupit-ja-lautaset-4-kpl\/#primaryimage\"},\"image\":{\"@id\":\"https:\/\/goodwill.fi\/kauppa\/tuote\/arabia-soma-kahvikupit-ja-lautaset-4-kpl\/#primaryimage\"},\"thumbnailUrl\":\"https:\/\/goodwill.fi\/kauppa\/wp-content\/uploads\/2025\/09\/IMG_3638-1-scaled-e1758530237776.jpg\",\"datePublished\":\"2025-09-22T08:34:05+00:00\",\"dateModified\":\"2026-01-16T10:01:36+00:00\",\"description\":\"Kuuden kahvikupin ja tassin setti Suunnittelija: Raija Uosikkinen Valmistaja: Arabia Valmistusvuosi: 1964-1971 Materiaali: kova fajanssi\",\"breadcrumb\":{\"@id\":\"https:\/\/goodwill.fi\/kauppa\/tuote\/arabia-soma-kahvikupit-ja-lautaset-4-kpl\/#breadcrumb\"},\"inLanguage\":\"fi\",\"potentialAction\":[{\"@type\":\"ReadAction\",\"target\":[\"https:\/\/goodwill.fi\/kauppa\/tuote\/arabia-soma-kahvikupit-ja-lautaset-4-kpl\/\"]}]},{\"@type\":\"ImageObject\",\"inLanguage\":\"fi\",\"@id\":\"https:\/\/goodwill.fi\/kauppa\/tuote\/arabia-soma-kahvikupit-ja-lautaset-4-kpl\/#primaryimage\",\"url\":\"https:\/\/goodwill.fi\/kauppa\/wp-content\/uploads\/2025\/09\/IMG_3638-1-scaled-e1758530237776.jpg\",\"contentUrl\":\"https:\/\/goodwill.fi\/kauppa\/wp-content\/uploads\/2025\/09\/IMG_3638-1-scaled-e1758530237776.jpg\",\"width\":1920,\"height\":1707},{\"@type\":\"BreadcrumbList\",\"@id\":\"https:\/\/goodwill.fi\/kauppa\/tuote\/arabia-soma-kahvikupit-ja-lautaset-4-kpl\/#breadcrumb\",\"itemListElement\":[{\"@type\":\"ListItem\",\"position\":1,\"name\":\"Home\",\"item\":\"https:\/\/goodwill.fi\/kauppa\/\"},{\"@type\":\"ListItem\",\"position\":2,\"name\":\"Shop\",\"item\":\"https:\/\/goodwill.fi\/kauppa\/shop\/\"},{\"@type\":\"ListItem\",\"position\":3,\"name\":\"ARABIA SOMA KAHVIKUPIT JA LAUTASET, 4 KPL\"}]},{\"@type\":\"WebSite\",\"@id\":\"https:\/\/goodwill.fi\/kauppa\/#website\",\"url\":\"https:\/\/goodwill.fi\/kauppa\/\",\"name\":\"Goodwill-verkkokauppa\",\"description\":\"Kierr\u00e4tysmyym\u00e4l\u00e4 verkossa\",\"publisher\":{\"@id\":\"https:\/\/goodwill.fi\/kauppa\/#organization\"},\"potentialAction\":[{\"@type\":\"SearchAction\",\"target\":{\"@type\":\"EntryPoint\",\"urlTemplate\":\"https:\/\/goodwill.fi\/kauppa\/?s={search_term_string}\"},\"query-input\":{\"@type\":\"PropertyValueSpecification\",\"valueRequired\":true,\"valueName\":\"search_term_string\"}}],\"inLanguage\":\"fi\"},{\"@type\":\"Organization\",\"@id\":\"https:\/\/goodwill.fi\/kauppa\/#organization\",\"name\":\"Goodwill-verkkokauppa\",\"url\":\"https:\/\/goodwill.fi\/kauppa\/\",\"logo\":{\"@type\":\"ImageObject\",\"inLanguage\":\"fi\",\"@id\":\"https:\/\/goodwill.fi\/kauppa\/#\/schema\/logo\/image\/\",\"url\":\"https:\/\/goodwill.fi\/kauppa\/wp-content\/uploads\/2021\/02\/cropped-logo_gw_store-723x211-1.png\",\"contentUrl\":\"https:\/\/goodwill.fi\/kauppa\/wp-content\/uploads\/2021\/02\/cropped-logo_gw_store-723x211-1.png\",\"width\":723,\"height\":207,\"caption\":\"Goodwill-verkkokauppa\"},\"image\":{\"@id\":\"https:\/\/goodwill.fi\/kauppa\/#\/schema\/logo\/image\/\"}}]}<\/script>\n<!-- \/ Yoast SEO plugin. -->","yoast_head_json":{"title":"ARABIA SOMA KAHVIKUPIT JA LAUTASET, 4 KPL - Goodwill-verkkokauppa","description":"Kuuden kahvikupin ja tassin setti Suunnittelija: Raija Uosikkinen Valmistaja: Arabia Valmistusvuosi: 1964-1971 Materiaali: kova fajanssi","robots":{"index":"index","follow":"follow","max-snippet":"max-snippet:-1","max-image-preview":"max-image-preview:large","max-video-preview":"max-video-preview:-1"},"canonical":"https:\/\/goodwill.fi\/kauppa\/tuote\/arabia-soma-kahvikupit-ja-lautaset-4-kpl\/","og_locale":"fi_FI","og_type":"article","og_title":"ARABIA SOMA KAHVIKUPIT JA LAUTASET, 4 KPL - Goodwill-verkkokauppa","og_description":"Kuuden kahvikupin ja tassin setti Suunnittelija: Raija Uosikkinen Valmistaja: Arabia Valmistusvuosi: 1964-1971 Materiaali: kova fajanssi","og_url":"https:\/\/goodwill.fi\/kauppa\/tuote\/arabia-soma-kahvikupit-ja-lautaset-4-kpl\/","og_site_name":"Goodwill-verkkokauppa","article_modified_time":"2026-01-16T10:01:36+00:00","og_image":[{"width":1920,"height":1707,"url":"https:\/\/goodwill.fi\/kauppa\/wp-content\/uploads\/2025\/09\/IMG_3638-1-scaled-e1758530237776.jpg","type":"image\/jpeg"}],"twitter_card":"summary_large_image","twitter_misc":{"Arvioitu lukuaika":"1 minuutti"},"schema":{"@context":"https:\/\/schema.org","@graph":[{"@type":"WebPage","@id":"https:\/\/goodwill.fi\/kauppa\/tuote\/arabia-soma-kahvikupit-ja-lautaset-4-kpl\/","url":"https:\/\/goodwill.fi\/kauppa\/tuote\/arabia-soma-kahvikupit-ja-lautaset-4-kpl\/","name":"ARABIA SOMA KAHVIKUPIT JA LAUTASET, 4 KPL - Goodwill-verkkokauppa","isPartOf":{"@id":"https:\/\/goodwill.fi\/kauppa\/#website"},"primaryImageOfPage":{"@id":"https:\/\/goodwill.fi\/kauppa\/tuote\/arabia-soma-kahvikupit-ja-lautaset-4-kpl\/#primaryimage"},"image":{"@id":"https:\/\/goodwill.fi\/kauppa\/tuote\/arabia-soma-kahvikupit-ja-lautaset-4-kpl\/#primaryimage"},"thumbnailUrl":"https:\/\/goodwill.fi\/kauppa\/wp-content\/uploads\/2025\/09\/IMG_3638-1-scaled-e1758530237776.jpg","datePublished":"2025-09-22T08:34:05+00:00","dateModified":"2026-01-16T10:01:36+00:00","description":"Kuuden kahvikupin ja tassin setti Suunnittelija: Raija Uosikkinen Valmistaja: Arabia Valmistusvuosi: 1964-1971 Materiaali: kova fajanssi","breadcrumb":{"@id":"https:\/\/goodwill.fi\/kauppa\/tuote\/arabia-soma-kahvikupit-ja-lautaset-4-kpl\/#breadcrumb"},"inLanguage":"fi","potentialAction":[{"@type":"ReadAction","target":["https:\/\/goodwill.fi\/kauppa\/tuote\/arabia-soma-kahvikupit-ja-lautaset-4-kpl\/"]}]},{"@type":"ImageObject","inLanguage":"fi","@id":"https:\/\/goodwill.fi\/kauppa\/tuote\/arabia-soma-kahvikupit-ja-lautaset-4-kpl\/#primaryimage","url":"https:\/\/goodwill.fi\/kauppa\/wp-content\/uploads\/2025\/09\/IMG_3638-1-scaled-e1758530237776.jpg","contentUrl":"https:\/\/goodwill.fi\/kauppa\/wp-content\/uploads\/2025\/09\/IMG_3638-1-scaled-e1758530237776.jpg","width":1920,"height":1707},{"@type":"BreadcrumbList","@id":"https:\/\/goodwill.fi\/kauppa\/tuote\/arabia-soma-kahvikupit-ja-lautaset-4-kpl\/#breadcrumb","itemListElement":[{"@type":"ListItem","position":1,"name":"Home","item":"https:\/\/goodwill.fi\/kauppa\/"},{"@type":"ListItem","position":2,"name":"Shop","item":"https:\/\/goodwill.fi\/kauppa\/shop\/"},{"@type":"ListItem","position":3,"name":"ARABIA SOMA KAHVIKUPIT JA LAUTASET, 4 KPL"}]},{"@type":"WebSite","@id":"https:\/\/goodwill.fi\/kauppa\/#website","url":"https:\/\/goodwill.fi\/kauppa\/","name":"Goodwill-verkkokauppa","description":"Kierr\u00e4tysmyym\u00e4l\u00e4 verkossa","publisher":{"@id":"https:\/\/goodwill.fi\/kauppa\/#organization"},"potentialAction":[{"@type":"SearchAction","target":{"@type":"EntryPoint","urlTemplate":"https:\/\/goodwill.fi\/kauppa\/?s={search_term_string}"},"query-input":{"@type":"PropertyValueSpecification","valueRequired":true,"valueName":"search_term_string"}}],"inLanguage":"fi"},{"@type":"Organization","@id":"https:\/\/goodwill.fi\/kauppa\/#organization","name":"Goodwill-verkkokauppa","url":"https:\/\/goodwill.fi\/kauppa\/","logo":{"@type":"ImageObject","inLanguage":"fi","@id":"https:\/\/goodwill.fi\/kauppa\/#\/schema\/logo\/image\/","url":"https:\/\/goodwill.fi\/kauppa\/wp-content\/uploads\/2021\/02\/cropped-logo_gw_store-723x211-1.png","contentUrl":"https:\/\/goodwill.fi\/kauppa\/wp-content\/uploads\/2021\/02\/cropped-logo_gw_store-723x211-1.png","width":723,"height":207,"caption":"Goodwill-verkkokauppa"},"image":{"@id":"https:\/\/goodwill.fi\/kauppa\/#\/schema\/logo\/image\/"}}]}},"_links":{"self":[{"href":"https:\/\/goodwill.fi\/kauppa\/wp-json\/wp\/v2\/product\/60969","targetHints":{"allow":["GET"]}}],"collection":[{"href":"https:\/\/goodwill.fi\/kauppa\/wp-json\/wp\/v2\/product"}],"about":[{"href":"https:\/\/goodwill.fi\/kauppa\/wp-json\/wp\/v2\/types\/product"}],"replies":[{"embeddable":true,"href":"https:\/\/goodwill.fi\/kauppa\/wp-json\/wp\/v2\/comments?post=60969"}],"wp:featuredmedia":[{"embeddable":true,"href":"https:\/\/goodwill.fi\/kauppa\/wp-json\/wp\/v2\/media\/60970"}],"wp:attachment":[{"href":"https:\/\/goodwill.fi\/kauppa\/wp-json\/wp\/v2\/media?parent=60969"}],"wp:term":[{"taxonomy":"product_brand","embeddable":true,"href":"https:\/\/goodwill.fi\/kauppa\/wp-json\/wp\/v2\/product_brand?post=60969"},{"taxonomy":"product_cat","embeddable":true,"href":"https:\/\/goodwill.fi\/kauppa\/wp-json\/wp\/v2\/product_cat?post=60969"},{"taxonomy":"product_tag","embeddable":true,"href":"https:\/\/goodwill.fi\/kauppa\/wp-json\/wp\/v2\/product_tag?post=60969"}],"curies":[{"name":"wp","href":"https:\/\/api.w.org\/{rel}","templated":true}]}}