{"id":60276,"date":"2025-09-11T12:15:37","date_gmt":"2025-09-11T09:15:37","guid":{"rendered":"https:\/\/goodwill.fi\/kauppa\/?post_type=product&#038;p=60276"},"modified":"2025-09-11T12:15:37","modified_gmt":"2025-09-11T09:15:37","slug":"arabia-sokerikko-ja-kermakko-3","status":"publish","type":"product","link":"https:\/\/goodwill.fi\/kauppa\/tuote\/arabia-sokerikko-ja-kermakko-3\/","title":{"rendered":"ARABIA SOKERIKKO JA KERMAKKO"},"content":{"rendered":"<p>Valmistaja: Arabia<br \/>\nValmistusvuosi: 1932-1949<br \/>\nMitat sokerikko: korkeus 7,5 cm, pituus 10,5 cm, paino 202 g<br \/>\nMitat kermakko: korkeus 9 cm, pituus 14 cm, paino 186 g<br \/>\nV\u00e4ri: valkoinen, vihre\u00e4, moniv\u00e4rinen<br \/>\nMateriaali: keramiikka<br \/>\nKunto: ehj\u00e4t, paljon k\u00e4yt\u00f6n j\u00e4lki\u00e4, kulumaa koristeissa<\/p>\n","protected":false},"excerpt":{"rendered":"<p>Valmistaja: Arabia Valmistusvuosi: 1932-1949 Mitat sokerikko: korkeus 7,5 cm, pituus 10,5 cm, paino 202 g Mitat kermakko: korkeus 9 cm, pituus 14 cm, paino 186 g V\u00e4ri: valkoinen, vihre\u00e4, moniv\u00e4rinen Materiaali: keramiikka Kunto: ehj\u00e4t, paljon k\u00e4yt\u00f6n j\u00e4lki\u00e4, kulumaa koristeissa<\/p>\n","protected":false},"featured_media":60277,"comment_status":"open","ping_status":"closed","template":"","meta":[],"product_brand":[14734],"product_cat":[159,14855,166,14865],"product_tag":[206,242,276,375,453],"class_list":{"0":"post-60276","1":"product","2":"type-product","3":"status-publish","4":"has-post-thumbnail","6":"product_brand-arabia","7":"product_cat-kaikki","8":"product_cat-arabia","9":"product_cat-astiat-2","10":"product_cat-tarjoiluastiat","11":"product_tag-arabia","12":"product_tag-kermakko","13":"product_tag-kukka","14":"product_tag-sokerikko","15":"product_tag-vihrea-2","17":"first","18":"instock","19":"taxable","20":"shipping-taxable","21":"purchasable","22":"product-type-simple"},"yoast_head":"<!-- This site is optimized with the Yoast SEO plugin v27.1.1 - https:\/\/yoast.com\/product\/yoast-seo-wordpress\/ -->\n<title>ARABIA SOKERIKKO JA KERMAKKO - Goodwill-verkkokauppa<\/title>\n<meta name=\"description\" content=\"Valmistaja: Arabia Valmistusvuosi: 1932-1949 Mitat sokerikko: korkeus 7,5 cm, pituus 10,5 cm Mitat kermakko: korkeus 9 cm, pituus 14 cm, paino 186 g\" \/>\n<meta name=\"robots\" content=\"index, follow, max-snippet:-1, max-image-preview:large, max-video-preview:-1\" \/>\n<link rel=\"canonical\" href=\"https:\/\/goodwill.fi\/kauppa\/tuote\/arabia-sokerikko-ja-kermakko-3\/\" \/>\n<meta property=\"og:locale\" content=\"fi_FI\" \/>\n<meta property=\"og:type\" content=\"article\" \/>\n<meta property=\"og:title\" content=\"ARABIA SOKERIKKO JA KERMAKKO - Goodwill-verkkokauppa\" \/>\n<meta property=\"og:description\" content=\"Valmistaja: Arabia Valmistusvuosi: 1932-1949 Mitat sokerikko: korkeus 7,5 cm, pituus 10,5 cm Mitat kermakko: korkeus 9 cm, pituus 14 cm, paino 186 g\" \/>\n<meta property=\"og:url\" content=\"https:\/\/goodwill.fi\/kauppa\/tuote\/arabia-sokerikko-ja-kermakko-3\/\" \/>\n<meta property=\"og:site_name\" content=\"Goodwill-verkkokauppa\" \/>\n<meta property=\"og:image\" content=\"https:\/\/goodwill.fi\/kauppa\/wp-content\/uploads\/2025\/09\/IMG_3017-scaled-e1757581849286.jpg\" \/>\n\t<meta property=\"og:image:width\" content=\"1822\" \/>\n\t<meta property=\"og:image:height\" content=\"1388\" \/>\n\t<meta property=\"og:image:type\" content=\"image\/jpeg\" \/>\n<meta name=\"twitter:card\" content=\"summary_large_image\" \/>\n<meta name=\"twitter:label1\" content=\"Arvioitu lukuaika\" \/>\n\t<meta name=\"twitter:data1\" content=\"1 minuutti\" \/>\n<script type=\"application\/ld+json\" class=\"yoast-schema-graph\">{\"@context\":\"https:\/\/schema.org\",\"@graph\":[{\"@type\":\"WebPage\",\"@id\":\"https:\/\/goodwill.fi\/kauppa\/tuote\/arabia-sokerikko-ja-kermakko-3\/\",\"url\":\"https:\/\/goodwill.fi\/kauppa\/tuote\/arabia-sokerikko-ja-kermakko-3\/\",\"name\":\"ARABIA SOKERIKKO JA KERMAKKO - Goodwill-verkkokauppa\",\"isPartOf\":{\"@id\":\"https:\/\/goodwill.fi\/kauppa\/#website\"},\"primaryImageOfPage\":{\"@id\":\"https:\/\/goodwill.fi\/kauppa\/tuote\/arabia-sokerikko-ja-kermakko-3\/#primaryimage\"},\"image\":{\"@id\":\"https:\/\/goodwill.fi\/kauppa\/tuote\/arabia-sokerikko-ja-kermakko-3\/#primaryimage\"},\"thumbnailUrl\":\"https:\/\/goodwill.fi\/kauppa\/wp-content\/uploads\/2025\/09\/IMG_3017-scaled-e1757581849286.jpg\",\"datePublished\":\"2025-09-11T09:15:37+00:00\",\"description\":\"Valmistaja: Arabia Valmistusvuosi: 1932-1949 Mitat sokerikko: korkeus 7,5 cm, pituus 10,5 cm Mitat kermakko: korkeus 9 cm, pituus 14 cm, paino 186 g\",\"breadcrumb\":{\"@id\":\"https:\/\/goodwill.fi\/kauppa\/tuote\/arabia-sokerikko-ja-kermakko-3\/#breadcrumb\"},\"inLanguage\":\"fi\",\"potentialAction\":[{\"@type\":\"ReadAction\",\"target\":[\"https:\/\/goodwill.fi\/kauppa\/tuote\/arabia-sokerikko-ja-kermakko-3\/\"]}]},{\"@type\":\"ImageObject\",\"inLanguage\":\"fi\",\"@id\":\"https:\/\/goodwill.fi\/kauppa\/tuote\/arabia-sokerikko-ja-kermakko-3\/#primaryimage\",\"url\":\"https:\/\/goodwill.fi\/kauppa\/wp-content\/uploads\/2025\/09\/IMG_3017-scaled-e1757581849286.jpg\",\"contentUrl\":\"https:\/\/goodwill.fi\/kauppa\/wp-content\/uploads\/2025\/09\/IMG_3017-scaled-e1757581849286.jpg\",\"width\":1822,\"height\":1388},{\"@type\":\"BreadcrumbList\",\"@id\":\"https:\/\/goodwill.fi\/kauppa\/tuote\/arabia-sokerikko-ja-kermakko-3\/#breadcrumb\",\"itemListElement\":[{\"@type\":\"ListItem\",\"position\":1,\"name\":\"Home\",\"item\":\"https:\/\/goodwill.fi\/kauppa\/\"},{\"@type\":\"ListItem\",\"position\":2,\"name\":\"Shop\",\"item\":\"https:\/\/goodwill.fi\/kauppa\/shop\/\"},{\"@type\":\"ListItem\",\"position\":3,\"name\":\"ARABIA SOKERIKKO JA KERMAKKO\"}]},{\"@type\":\"WebSite\",\"@id\":\"https:\/\/goodwill.fi\/kauppa\/#website\",\"url\":\"https:\/\/goodwill.fi\/kauppa\/\",\"name\":\"Goodwill-verkkokauppa\",\"description\":\"Kierr\u00e4tysmyym\u00e4l\u00e4 verkossa\",\"publisher\":{\"@id\":\"https:\/\/goodwill.fi\/kauppa\/#organization\"},\"potentialAction\":[{\"@type\":\"SearchAction\",\"target\":{\"@type\":\"EntryPoint\",\"urlTemplate\":\"https:\/\/goodwill.fi\/kauppa\/?s={search_term_string}\"},\"query-input\":{\"@type\":\"PropertyValueSpecification\",\"valueRequired\":true,\"valueName\":\"search_term_string\"}}],\"inLanguage\":\"fi\"},{\"@type\":\"Organization\",\"@id\":\"https:\/\/goodwill.fi\/kauppa\/#organization\",\"name\":\"Goodwill-verkkokauppa\",\"url\":\"https:\/\/goodwill.fi\/kauppa\/\",\"logo\":{\"@type\":\"ImageObject\",\"inLanguage\":\"fi\",\"@id\":\"https:\/\/goodwill.fi\/kauppa\/#\/schema\/logo\/image\/\",\"url\":\"https:\/\/goodwill.fi\/kauppa\/wp-content\/uploads\/2021\/02\/cropped-logo_gw_store-723x211-1.png\",\"contentUrl\":\"https:\/\/goodwill.fi\/kauppa\/wp-content\/uploads\/2021\/02\/cropped-logo_gw_store-723x211-1.png\",\"width\":723,\"height\":207,\"caption\":\"Goodwill-verkkokauppa\"},\"image\":{\"@id\":\"https:\/\/goodwill.fi\/kauppa\/#\/schema\/logo\/image\/\"}}]}<\/script>\n<!-- \/ Yoast SEO plugin. -->","yoast_head_json":{"title":"ARABIA SOKERIKKO JA KERMAKKO - Goodwill-verkkokauppa","description":"Valmistaja: Arabia Valmistusvuosi: 1932-1949 Mitat sokerikko: korkeus 7,5 cm, pituus 10,5 cm Mitat kermakko: korkeus 9 cm, pituus 14 cm, paino 186 g","robots":{"index":"index","follow":"follow","max-snippet":"max-snippet:-1","max-image-preview":"max-image-preview:large","max-video-preview":"max-video-preview:-1"},"canonical":"https:\/\/goodwill.fi\/kauppa\/tuote\/arabia-sokerikko-ja-kermakko-3\/","og_locale":"fi_FI","og_type":"article","og_title":"ARABIA SOKERIKKO JA KERMAKKO - Goodwill-verkkokauppa","og_description":"Valmistaja: Arabia Valmistusvuosi: 1932-1949 Mitat sokerikko: korkeus 7,5 cm, pituus 10,5 cm Mitat kermakko: korkeus 9 cm, pituus 14 cm, paino 186 g","og_url":"https:\/\/goodwill.fi\/kauppa\/tuote\/arabia-sokerikko-ja-kermakko-3\/","og_site_name":"Goodwill-verkkokauppa","og_image":[{"width":1822,"height":1388,"url":"https:\/\/goodwill.fi\/kauppa\/wp-content\/uploads\/2025\/09\/IMG_3017-scaled-e1757581849286.jpg","type":"image\/jpeg"}],"twitter_card":"summary_large_image","twitter_misc":{"Arvioitu lukuaika":"1 minuutti"},"schema":{"@context":"https:\/\/schema.org","@graph":[{"@type":"WebPage","@id":"https:\/\/goodwill.fi\/kauppa\/tuote\/arabia-sokerikko-ja-kermakko-3\/","url":"https:\/\/goodwill.fi\/kauppa\/tuote\/arabia-sokerikko-ja-kermakko-3\/","name":"ARABIA SOKERIKKO JA KERMAKKO - Goodwill-verkkokauppa","isPartOf":{"@id":"https:\/\/goodwill.fi\/kauppa\/#website"},"primaryImageOfPage":{"@id":"https:\/\/goodwill.fi\/kauppa\/tuote\/arabia-sokerikko-ja-kermakko-3\/#primaryimage"},"image":{"@id":"https:\/\/goodwill.fi\/kauppa\/tuote\/arabia-sokerikko-ja-kermakko-3\/#primaryimage"},"thumbnailUrl":"https:\/\/goodwill.fi\/kauppa\/wp-content\/uploads\/2025\/09\/IMG_3017-scaled-e1757581849286.jpg","datePublished":"2025-09-11T09:15:37+00:00","description":"Valmistaja: Arabia Valmistusvuosi: 1932-1949 Mitat sokerikko: korkeus 7,5 cm, pituus 10,5 cm Mitat kermakko: korkeus 9 cm, pituus 14 cm, paino 186 g","breadcrumb":{"@id":"https:\/\/goodwill.fi\/kauppa\/tuote\/arabia-sokerikko-ja-kermakko-3\/#breadcrumb"},"inLanguage":"fi","potentialAction":[{"@type":"ReadAction","target":["https:\/\/goodwill.fi\/kauppa\/tuote\/arabia-sokerikko-ja-kermakko-3\/"]}]},{"@type":"ImageObject","inLanguage":"fi","@id":"https:\/\/goodwill.fi\/kauppa\/tuote\/arabia-sokerikko-ja-kermakko-3\/#primaryimage","url":"https:\/\/goodwill.fi\/kauppa\/wp-content\/uploads\/2025\/09\/IMG_3017-scaled-e1757581849286.jpg","contentUrl":"https:\/\/goodwill.fi\/kauppa\/wp-content\/uploads\/2025\/09\/IMG_3017-scaled-e1757581849286.jpg","width":1822,"height":1388},{"@type":"BreadcrumbList","@id":"https:\/\/goodwill.fi\/kauppa\/tuote\/arabia-sokerikko-ja-kermakko-3\/#breadcrumb","itemListElement":[{"@type":"ListItem","position":1,"name":"Home","item":"https:\/\/goodwill.fi\/kauppa\/"},{"@type":"ListItem","position":2,"name":"Shop","item":"https:\/\/goodwill.fi\/kauppa\/shop\/"},{"@type":"ListItem","position":3,"name":"ARABIA SOKERIKKO JA KERMAKKO"}]},{"@type":"WebSite","@id":"https:\/\/goodwill.fi\/kauppa\/#website","url":"https:\/\/goodwill.fi\/kauppa\/","name":"Goodwill-verkkokauppa","description":"Kierr\u00e4tysmyym\u00e4l\u00e4 verkossa","publisher":{"@id":"https:\/\/goodwill.fi\/kauppa\/#organization"},"potentialAction":[{"@type":"SearchAction","target":{"@type":"EntryPoint","urlTemplate":"https:\/\/goodwill.fi\/kauppa\/?s={search_term_string}"},"query-input":{"@type":"PropertyValueSpecification","valueRequired":true,"valueName":"search_term_string"}}],"inLanguage":"fi"},{"@type":"Organization","@id":"https:\/\/goodwill.fi\/kauppa\/#organization","name":"Goodwill-verkkokauppa","url":"https:\/\/goodwill.fi\/kauppa\/","logo":{"@type":"ImageObject","inLanguage":"fi","@id":"https:\/\/goodwill.fi\/kauppa\/#\/schema\/logo\/image\/","url":"https:\/\/goodwill.fi\/kauppa\/wp-content\/uploads\/2021\/02\/cropped-logo_gw_store-723x211-1.png","contentUrl":"https:\/\/goodwill.fi\/kauppa\/wp-content\/uploads\/2021\/02\/cropped-logo_gw_store-723x211-1.png","width":723,"height":207,"caption":"Goodwill-verkkokauppa"},"image":{"@id":"https:\/\/goodwill.fi\/kauppa\/#\/schema\/logo\/image\/"}}]}},"_links":{"self":[{"href":"https:\/\/goodwill.fi\/kauppa\/wp-json\/wp\/v2\/product\/60276","targetHints":{"allow":["GET"]}}],"collection":[{"href":"https:\/\/goodwill.fi\/kauppa\/wp-json\/wp\/v2\/product"}],"about":[{"href":"https:\/\/goodwill.fi\/kauppa\/wp-json\/wp\/v2\/types\/product"}],"replies":[{"embeddable":true,"href":"https:\/\/goodwill.fi\/kauppa\/wp-json\/wp\/v2\/comments?post=60276"}],"wp:featuredmedia":[{"embeddable":true,"href":"https:\/\/goodwill.fi\/kauppa\/wp-json\/wp\/v2\/media\/60277"}],"wp:attachment":[{"href":"https:\/\/goodwill.fi\/kauppa\/wp-json\/wp\/v2\/media?parent=60276"}],"wp:term":[{"taxonomy":"product_brand","embeddable":true,"href":"https:\/\/goodwill.fi\/kauppa\/wp-json\/wp\/v2\/product_brand?post=60276"},{"taxonomy":"product_cat","embeddable":true,"href":"https:\/\/goodwill.fi\/kauppa\/wp-json\/wp\/v2\/product_cat?post=60276"},{"taxonomy":"product_tag","embeddable":true,"href":"https:\/\/goodwill.fi\/kauppa\/wp-json\/wp\/v2\/product_tag?post=60276"}],"curies":[{"name":"wp","href":"https:\/\/api.w.org\/{rel}","templated":true}]}}