{"id":60171,"date":"2025-09-10T11:54:49","date_gmt":"2025-09-10T08:54:49","guid":{"rendered":"https:\/\/goodwill.fi\/kauppa\/?post_type=product&#038;p=60171"},"modified":"2025-11-26T19:34:12","modified_gmt":"2025-11-26T17:34:12","slug":"iittala-karaatti-kuumajuomalasi","status":"publish","type":"product","link":"https:\/\/goodwill.fi\/kauppa\/tuote\/iittala-karaatti-kuumajuomalasi\/","title":{"rendered":"IITTALA KARAATTI KUUMAJUOMALASI"},"content":{"rendered":"<p>Timo Sarpanevan suunnittelema kultainen karaattilasi (23cl), joka sopii tee- ja gl\u00f6gilasiksi.<\/p>\n<p>Suunnittelija: Timo Sarpaneva<br \/>\nValmistaja: Iittala<br \/>\nValmistusvuosi: 1957-&gt;<br \/>\nMitat: halkaisija 6,5 cm, korkeus 8 cm, yhteispaino 240 g<br \/>\nTilavuus: 23 cl<br \/>\nV\u00e4ri: kirkas, kullanv\u00e4rinen kahva<br \/>\nMateriaali: lasi ja metallinen pidike<br \/>\nKunto: k\u00e4ytetty, k\u00e4yt\u00f6n j\u00e4lki\u00e4, likaa<br \/>\nHuom. lasin reunaan painettu &#8221;timber&#8221;-logo<\/p>\n","protected":false},"excerpt":{"rendered":"<p>Timo Sarpanevan suunnittelema kultainen karaattilasi (23cl), joka sopii tee- ja gl\u00f6gilasiksi. Suunnittelija: Timo Sarpaneva Valmistaja: Iittala Valmistusvuosi: 1957-&gt; Mitat: halkaisija 6,5 cm, korkeus 8 cm, yhteispaino 240 g Tilavuus: 23 cl V\u00e4ri: kirkas, kullanv\u00e4rinen kahva Materiaali: lasi ja metallinen pidike Kunto: k\u00e4ytetty, k\u00e4yt\u00f6n j\u00e4lki\u00e4, likaa Huom. lasin reunaan painettu &#8221;timber&#8221;-logo<\/p>\n","protected":false},"featured_media":60172,"comment_status":"open","ping_status":"closed","template":"","meta":[],"product_brand":[14681],"product_cat":[159,14854,166,14862],"product_tag":[1491,226,6264,210,2687,576,3293],"class_list":{"0":"post-60171","1":"product","2":"type-product","3":"status-publish","4":"has-post-thumbnail","6":"product_brand-iittala","7":"product_cat-kaikki","8":"product_cat-iittala","9":"product_cat-astiat-2","10":"product_cat-kupit-lasit","11":"product_tag-glogilasi","12":"product_tag-iittala","13":"product_tag-karaatti","14":"product_tag-kultainen","15":"product_tag-teelasi","16":"product_tag-timo-sarpaneva","17":"product_tag-tsaikkalasit","19":"first","20":"outofstock","21":"taxable","22":"shipping-taxable","23":"purchasable","24":"product-type-simple"},"yoast_head":"<!-- This site is optimized with the Yoast SEO plugin v27.1.1 - https:\/\/yoast.com\/product\/yoast-seo-wordpress\/ -->\n<title>IITTALA KARAATTI KUUMAJUOMALASI - Goodwill-verkkokauppa<\/title>\n<meta name=\"description\" content=\"Timo Sarpanevan suunnittelema kultainen karaattilasi (23cl), joka sopii tee- ja gl\u00f6gilasiksi.\u00a0Suunnittelija: Timo Sarpaneva Valmistaja: Iittala\" \/>\n<meta name=\"robots\" content=\"index, follow, max-snippet:-1, max-image-preview:large, max-video-preview:-1\" \/>\n<link rel=\"canonical\" href=\"https:\/\/goodwill.fi\/kauppa\/tuote\/iittala-karaatti-kuumajuomalasi\/\" \/>\n<meta property=\"og:locale\" content=\"fi_FI\" \/>\n<meta property=\"og:type\" content=\"article\" \/>\n<meta property=\"og:title\" content=\"IITTALA KARAATTI KUUMAJUOMALASI - Goodwill-verkkokauppa\" \/>\n<meta property=\"og:description\" content=\"Timo Sarpanevan suunnittelema kultainen karaattilasi (23cl), joka sopii tee- ja gl\u00f6gilasiksi.\u00a0Suunnittelija: Timo Sarpaneva Valmistaja: Iittala\" \/>\n<meta property=\"og:url\" content=\"https:\/\/goodwill.fi\/kauppa\/tuote\/iittala-karaatti-kuumajuomalasi\/\" \/>\n<meta property=\"og:site_name\" content=\"Goodwill-verkkokauppa\" \/>\n<meta property=\"article:modified_time\" content=\"2025-11-26T17:34:12+00:00\" \/>\n<meta property=\"og:image\" content=\"https:\/\/goodwill.fi\/kauppa\/wp-content\/uploads\/2025\/09\/IMG_3058-scaled-e1757494661101.jpg\" \/>\n\t<meta property=\"og:image:width\" content=\"1720\" \/>\n\t<meta property=\"og:image:height\" content=\"1340\" \/>\n\t<meta property=\"og:image:type\" content=\"image\/jpeg\" \/>\n<meta name=\"twitter:card\" content=\"summary_large_image\" \/>\n<meta name=\"twitter:label1\" content=\"Arvioitu lukuaika\" \/>\n\t<meta name=\"twitter:data1\" content=\"1 minuutti\" \/>\n<script type=\"application\/ld+json\" class=\"yoast-schema-graph\">{\"@context\":\"https:\/\/schema.org\",\"@graph\":[{\"@type\":\"WebPage\",\"@id\":\"https:\/\/goodwill.fi\/kauppa\/tuote\/iittala-karaatti-kuumajuomalasi\/\",\"url\":\"https:\/\/goodwill.fi\/kauppa\/tuote\/iittala-karaatti-kuumajuomalasi\/\",\"name\":\"IITTALA KARAATTI KUUMAJUOMALASI - Goodwill-verkkokauppa\",\"isPartOf\":{\"@id\":\"https:\/\/goodwill.fi\/kauppa\/#website\"},\"primaryImageOfPage\":{\"@id\":\"https:\/\/goodwill.fi\/kauppa\/tuote\/iittala-karaatti-kuumajuomalasi\/#primaryimage\"},\"image\":{\"@id\":\"https:\/\/goodwill.fi\/kauppa\/tuote\/iittala-karaatti-kuumajuomalasi\/#primaryimage\"},\"thumbnailUrl\":\"https:\/\/goodwill.fi\/kauppa\/wp-content\/uploads\/2025\/09\/IMG_3058-scaled-e1757494661101.jpg\",\"datePublished\":\"2025-09-10T08:54:49+00:00\",\"dateModified\":\"2025-11-26T17:34:12+00:00\",\"description\":\"Timo Sarpanevan suunnittelema kultainen karaattilasi (23cl), joka sopii tee- ja gl\u00f6gilasiksi.\u00a0Suunnittelija: Timo Sarpaneva Valmistaja: Iittala\",\"breadcrumb\":{\"@id\":\"https:\/\/goodwill.fi\/kauppa\/tuote\/iittala-karaatti-kuumajuomalasi\/#breadcrumb\"},\"inLanguage\":\"fi\",\"potentialAction\":[{\"@type\":\"ReadAction\",\"target\":[\"https:\/\/goodwill.fi\/kauppa\/tuote\/iittala-karaatti-kuumajuomalasi\/\"]}]},{\"@type\":\"ImageObject\",\"inLanguage\":\"fi\",\"@id\":\"https:\/\/goodwill.fi\/kauppa\/tuote\/iittala-karaatti-kuumajuomalasi\/#primaryimage\",\"url\":\"https:\/\/goodwill.fi\/kauppa\/wp-content\/uploads\/2025\/09\/IMG_3058-scaled-e1757494661101.jpg\",\"contentUrl\":\"https:\/\/goodwill.fi\/kauppa\/wp-content\/uploads\/2025\/09\/IMG_3058-scaled-e1757494661101.jpg\",\"width\":1720,\"height\":1340},{\"@type\":\"BreadcrumbList\",\"@id\":\"https:\/\/goodwill.fi\/kauppa\/tuote\/iittala-karaatti-kuumajuomalasi\/#breadcrumb\",\"itemListElement\":[{\"@type\":\"ListItem\",\"position\":1,\"name\":\"Home\",\"item\":\"https:\/\/goodwill.fi\/kauppa\/\"},{\"@type\":\"ListItem\",\"position\":2,\"name\":\"Shop\",\"item\":\"https:\/\/goodwill.fi\/kauppa\/shop\/\"},{\"@type\":\"ListItem\",\"position\":3,\"name\":\"IITTALA KARAATTI KUUMAJUOMALASI\"}]},{\"@type\":\"WebSite\",\"@id\":\"https:\/\/goodwill.fi\/kauppa\/#website\",\"url\":\"https:\/\/goodwill.fi\/kauppa\/\",\"name\":\"Goodwill-verkkokauppa\",\"description\":\"Kierr\u00e4tysmyym\u00e4l\u00e4 verkossa\",\"publisher\":{\"@id\":\"https:\/\/goodwill.fi\/kauppa\/#organization\"},\"potentialAction\":[{\"@type\":\"SearchAction\",\"target\":{\"@type\":\"EntryPoint\",\"urlTemplate\":\"https:\/\/goodwill.fi\/kauppa\/?s={search_term_string}\"},\"query-input\":{\"@type\":\"PropertyValueSpecification\",\"valueRequired\":true,\"valueName\":\"search_term_string\"}}],\"inLanguage\":\"fi\"},{\"@type\":\"Organization\",\"@id\":\"https:\/\/goodwill.fi\/kauppa\/#organization\",\"name\":\"Goodwill-verkkokauppa\",\"url\":\"https:\/\/goodwill.fi\/kauppa\/\",\"logo\":{\"@type\":\"ImageObject\",\"inLanguage\":\"fi\",\"@id\":\"https:\/\/goodwill.fi\/kauppa\/#\/schema\/logo\/image\/\",\"url\":\"https:\/\/goodwill.fi\/kauppa\/wp-content\/uploads\/2021\/02\/cropped-logo_gw_store-723x211-1.png\",\"contentUrl\":\"https:\/\/goodwill.fi\/kauppa\/wp-content\/uploads\/2021\/02\/cropped-logo_gw_store-723x211-1.png\",\"width\":723,\"height\":207,\"caption\":\"Goodwill-verkkokauppa\"},\"image\":{\"@id\":\"https:\/\/goodwill.fi\/kauppa\/#\/schema\/logo\/image\/\"}}]}<\/script>\n<!-- \/ Yoast SEO plugin. -->","yoast_head_json":{"title":"IITTALA KARAATTI KUUMAJUOMALASI - Goodwill-verkkokauppa","description":"Timo Sarpanevan suunnittelema kultainen karaattilasi (23cl), joka sopii tee- ja gl\u00f6gilasiksi.\u00a0Suunnittelija: Timo Sarpaneva Valmistaja: Iittala","robots":{"index":"index","follow":"follow","max-snippet":"max-snippet:-1","max-image-preview":"max-image-preview:large","max-video-preview":"max-video-preview:-1"},"canonical":"https:\/\/goodwill.fi\/kauppa\/tuote\/iittala-karaatti-kuumajuomalasi\/","og_locale":"fi_FI","og_type":"article","og_title":"IITTALA KARAATTI KUUMAJUOMALASI - Goodwill-verkkokauppa","og_description":"Timo Sarpanevan suunnittelema kultainen karaattilasi (23cl), joka sopii tee- ja gl\u00f6gilasiksi.\u00a0Suunnittelija: Timo Sarpaneva Valmistaja: Iittala","og_url":"https:\/\/goodwill.fi\/kauppa\/tuote\/iittala-karaatti-kuumajuomalasi\/","og_site_name":"Goodwill-verkkokauppa","article_modified_time":"2025-11-26T17:34:12+00:00","og_image":[{"width":1720,"height":1340,"url":"https:\/\/goodwill.fi\/kauppa\/wp-content\/uploads\/2025\/09\/IMG_3058-scaled-e1757494661101.jpg","type":"image\/jpeg"}],"twitter_card":"summary_large_image","twitter_misc":{"Arvioitu lukuaika":"1 minuutti"},"schema":{"@context":"https:\/\/schema.org","@graph":[{"@type":"WebPage","@id":"https:\/\/goodwill.fi\/kauppa\/tuote\/iittala-karaatti-kuumajuomalasi\/","url":"https:\/\/goodwill.fi\/kauppa\/tuote\/iittala-karaatti-kuumajuomalasi\/","name":"IITTALA KARAATTI KUUMAJUOMALASI - Goodwill-verkkokauppa","isPartOf":{"@id":"https:\/\/goodwill.fi\/kauppa\/#website"},"primaryImageOfPage":{"@id":"https:\/\/goodwill.fi\/kauppa\/tuote\/iittala-karaatti-kuumajuomalasi\/#primaryimage"},"image":{"@id":"https:\/\/goodwill.fi\/kauppa\/tuote\/iittala-karaatti-kuumajuomalasi\/#primaryimage"},"thumbnailUrl":"https:\/\/goodwill.fi\/kauppa\/wp-content\/uploads\/2025\/09\/IMG_3058-scaled-e1757494661101.jpg","datePublished":"2025-09-10T08:54:49+00:00","dateModified":"2025-11-26T17:34:12+00:00","description":"Timo Sarpanevan suunnittelema kultainen karaattilasi (23cl), joka sopii tee- ja gl\u00f6gilasiksi.\u00a0Suunnittelija: Timo Sarpaneva Valmistaja: Iittala","breadcrumb":{"@id":"https:\/\/goodwill.fi\/kauppa\/tuote\/iittala-karaatti-kuumajuomalasi\/#breadcrumb"},"inLanguage":"fi","potentialAction":[{"@type":"ReadAction","target":["https:\/\/goodwill.fi\/kauppa\/tuote\/iittala-karaatti-kuumajuomalasi\/"]}]},{"@type":"ImageObject","inLanguage":"fi","@id":"https:\/\/goodwill.fi\/kauppa\/tuote\/iittala-karaatti-kuumajuomalasi\/#primaryimage","url":"https:\/\/goodwill.fi\/kauppa\/wp-content\/uploads\/2025\/09\/IMG_3058-scaled-e1757494661101.jpg","contentUrl":"https:\/\/goodwill.fi\/kauppa\/wp-content\/uploads\/2025\/09\/IMG_3058-scaled-e1757494661101.jpg","width":1720,"height":1340},{"@type":"BreadcrumbList","@id":"https:\/\/goodwill.fi\/kauppa\/tuote\/iittala-karaatti-kuumajuomalasi\/#breadcrumb","itemListElement":[{"@type":"ListItem","position":1,"name":"Home","item":"https:\/\/goodwill.fi\/kauppa\/"},{"@type":"ListItem","position":2,"name":"Shop","item":"https:\/\/goodwill.fi\/kauppa\/shop\/"},{"@type":"ListItem","position":3,"name":"IITTALA KARAATTI KUUMAJUOMALASI"}]},{"@type":"WebSite","@id":"https:\/\/goodwill.fi\/kauppa\/#website","url":"https:\/\/goodwill.fi\/kauppa\/","name":"Goodwill-verkkokauppa","description":"Kierr\u00e4tysmyym\u00e4l\u00e4 verkossa","publisher":{"@id":"https:\/\/goodwill.fi\/kauppa\/#organization"},"potentialAction":[{"@type":"SearchAction","target":{"@type":"EntryPoint","urlTemplate":"https:\/\/goodwill.fi\/kauppa\/?s={search_term_string}"},"query-input":{"@type":"PropertyValueSpecification","valueRequired":true,"valueName":"search_term_string"}}],"inLanguage":"fi"},{"@type":"Organization","@id":"https:\/\/goodwill.fi\/kauppa\/#organization","name":"Goodwill-verkkokauppa","url":"https:\/\/goodwill.fi\/kauppa\/","logo":{"@type":"ImageObject","inLanguage":"fi","@id":"https:\/\/goodwill.fi\/kauppa\/#\/schema\/logo\/image\/","url":"https:\/\/goodwill.fi\/kauppa\/wp-content\/uploads\/2021\/02\/cropped-logo_gw_store-723x211-1.png","contentUrl":"https:\/\/goodwill.fi\/kauppa\/wp-content\/uploads\/2021\/02\/cropped-logo_gw_store-723x211-1.png","width":723,"height":207,"caption":"Goodwill-verkkokauppa"},"image":{"@id":"https:\/\/goodwill.fi\/kauppa\/#\/schema\/logo\/image\/"}}]}},"_links":{"self":[{"href":"https:\/\/goodwill.fi\/kauppa\/wp-json\/wp\/v2\/product\/60171","targetHints":{"allow":["GET"]}}],"collection":[{"href":"https:\/\/goodwill.fi\/kauppa\/wp-json\/wp\/v2\/product"}],"about":[{"href":"https:\/\/goodwill.fi\/kauppa\/wp-json\/wp\/v2\/types\/product"}],"replies":[{"embeddable":true,"href":"https:\/\/goodwill.fi\/kauppa\/wp-json\/wp\/v2\/comments?post=60171"}],"wp:featuredmedia":[{"embeddable":true,"href":"https:\/\/goodwill.fi\/kauppa\/wp-json\/wp\/v2\/media\/60172"}],"wp:attachment":[{"href":"https:\/\/goodwill.fi\/kauppa\/wp-json\/wp\/v2\/media?parent=60171"}],"wp:term":[{"taxonomy":"product_brand","embeddable":true,"href":"https:\/\/goodwill.fi\/kauppa\/wp-json\/wp\/v2\/product_brand?post=60171"},{"taxonomy":"product_cat","embeddable":true,"href":"https:\/\/goodwill.fi\/kauppa\/wp-json\/wp\/v2\/product_cat?post=60171"},{"taxonomy":"product_tag","embeddable":true,"href":"https:\/\/goodwill.fi\/kauppa\/wp-json\/wp\/v2\/product_tag?post=60171"}],"curies":[{"name":"wp","href":"https:\/\/api.w.org\/{rel}","templated":true}]}}