{"id":59849,"date":"2025-09-09T13:57:28","date_gmt":"2025-09-09T10:57:28","guid":{"rendered":"https:\/\/goodwill.fi\/kauppa\/?post_type=product&#038;p=59849"},"modified":"2025-09-09T13:57:29","modified_gmt":"2025-09-09T10:57:29","slug":"sininen-maljakko-5","status":"publish","type":"product","link":"https:\/\/goodwill.fi\/kauppa\/tuote\/sininen-maljakko-5\/","title":{"rendered":"SININEN MALJAKKO"},"content":{"rendered":"<p>Valmistaja: ei tiedossa<br \/>\nMitat: korkeus 24 cm, halkaisija 15 cm, paino 1086 g<br \/>\nV\u00e4ri: kirkas, sininen<br \/>\nMateriaali: lasi<br \/>\nKunto: ehj\u00e4, k\u00e4yt\u00f6n j\u00e4lki\u00e4, naarmuja, likaa<\/p>\n","protected":false},"excerpt":{"rendered":"<p>Valmistaja: ei tiedossa Mitat: korkeus 24 cm, halkaisija 15 cm, paino 1086 g V\u00e4ri: kirkas, sininen Materiaali: lasi Kunto: ehj\u00e4, k\u00e4yt\u00f6n j\u00e4lki\u00e4, naarmuja, likaa<\/p>\n","protected":false},"featured_media":59851,"comment_status":"open","ping_status":"closed","template":"","meta":[],"product_brand":[],"product_cat":[159,146,154,14874],"product_tag":[352,387,252,231],"class_list":{"0":"post-59849","1":"product","2":"type-product","3":"status-publish","4":"has-post-thumbnail","6":"product_cat-kaikki","7":"product_cat-koti-2","8":"product_cat-sisustus-2","9":"product_cat-maljakot","10":"product_tag-lasi","11":"product_tag-lasimaljakko","12":"product_tag-maljakko","13":"product_tag-sininen","15":"first","16":"instock","17":"taxable","18":"shipping-taxable","19":"purchasable","20":"product-type-simple"},"yoast_head":"<!-- This site is optimized with the Yoast SEO plugin v27.1.1 - https:\/\/yoast.com\/product\/yoast-seo-wordpress\/ -->\n<title>SININEN MALJAKKO - Goodwill-verkkokauppa<\/title>\n<meta name=\"description\" content=\"Valmistaja: ei tiedossa Mitat: korkeus 24 cm, halkaisija 15 cm, paino 1086 g V\u00e4ri: kirkas, sininen Materiaali: lasi Kunto: ehj\u00e4\" \/>\n<meta name=\"robots\" content=\"index, follow, max-snippet:-1, max-image-preview:large, max-video-preview:-1\" \/>\n<link rel=\"canonical\" href=\"https:\/\/goodwill.fi\/kauppa\/tuote\/sininen-maljakko-5\/\" \/>\n<meta property=\"og:locale\" content=\"fi_FI\" \/>\n<meta property=\"og:type\" content=\"article\" \/>\n<meta property=\"og:title\" content=\"SININEN MALJAKKO - Goodwill-verkkokauppa\" \/>\n<meta property=\"og:description\" content=\"Valmistaja: ei tiedossa Mitat: korkeus 24 cm, halkaisija 15 cm, paino 1086 g V\u00e4ri: kirkas, sininen Materiaali: lasi Kunto: ehj\u00e4\" \/>\n<meta property=\"og:url\" content=\"https:\/\/goodwill.fi\/kauppa\/tuote\/sininen-maljakko-5\/\" \/>\n<meta property=\"og:site_name\" content=\"Goodwill-verkkokauppa\" \/>\n<meta property=\"article:modified_time\" content=\"2025-09-09T10:57:29+00:00\" \/>\n<meta property=\"og:image\" content=\"https:\/\/goodwill.fi\/kauppa\/wp-content\/uploads\/2025\/09\/IMG_2810-scaled-e1757321240754.jpg\" \/>\n\t<meta property=\"og:image:width\" content=\"1553\" \/>\n\t<meta property=\"og:image:height\" content=\"1707\" \/>\n\t<meta property=\"og:image:type\" content=\"image\/jpeg\" \/>\n<meta name=\"twitter:card\" content=\"summary_large_image\" \/>\n<meta name=\"twitter:label1\" content=\"Arvioitu lukuaika\" \/>\n\t<meta name=\"twitter:data1\" content=\"1 minuutti\" \/>\n<script type=\"application\/ld+json\" class=\"yoast-schema-graph\">{\"@context\":\"https:\/\/schema.org\",\"@graph\":[{\"@type\":\"WebPage\",\"@id\":\"https:\/\/goodwill.fi\/kauppa\/tuote\/sininen-maljakko-5\/\",\"url\":\"https:\/\/goodwill.fi\/kauppa\/tuote\/sininen-maljakko-5\/\",\"name\":\"SININEN MALJAKKO - Goodwill-verkkokauppa\",\"isPartOf\":{\"@id\":\"https:\/\/goodwill.fi\/kauppa\/#website\"},\"primaryImageOfPage\":{\"@id\":\"https:\/\/goodwill.fi\/kauppa\/tuote\/sininen-maljakko-5\/#primaryimage\"},\"image\":{\"@id\":\"https:\/\/goodwill.fi\/kauppa\/tuote\/sininen-maljakko-5\/#primaryimage\"},\"thumbnailUrl\":\"https:\/\/goodwill.fi\/kauppa\/wp-content\/uploads\/2025\/09\/IMG_2810-scaled-e1757321240754.jpg\",\"datePublished\":\"2025-09-09T10:57:28+00:00\",\"dateModified\":\"2025-09-09T10:57:29+00:00\",\"description\":\"Valmistaja: ei tiedossa Mitat: korkeus 24 cm, halkaisija 15 cm, paino 1086 g V\u00e4ri: kirkas, sininen Materiaali: lasi Kunto: ehj\u00e4\",\"breadcrumb\":{\"@id\":\"https:\/\/goodwill.fi\/kauppa\/tuote\/sininen-maljakko-5\/#breadcrumb\"},\"inLanguage\":\"fi\",\"potentialAction\":[{\"@type\":\"ReadAction\",\"target\":[\"https:\/\/goodwill.fi\/kauppa\/tuote\/sininen-maljakko-5\/\"]}]},{\"@type\":\"ImageObject\",\"inLanguage\":\"fi\",\"@id\":\"https:\/\/goodwill.fi\/kauppa\/tuote\/sininen-maljakko-5\/#primaryimage\",\"url\":\"https:\/\/goodwill.fi\/kauppa\/wp-content\/uploads\/2025\/09\/IMG_2810-scaled-e1757321240754.jpg\",\"contentUrl\":\"https:\/\/goodwill.fi\/kauppa\/wp-content\/uploads\/2025\/09\/IMG_2810-scaled-e1757321240754.jpg\",\"width\":1553,\"height\":1707},{\"@type\":\"BreadcrumbList\",\"@id\":\"https:\/\/goodwill.fi\/kauppa\/tuote\/sininen-maljakko-5\/#breadcrumb\",\"itemListElement\":[{\"@type\":\"ListItem\",\"position\":1,\"name\":\"Home\",\"item\":\"https:\/\/goodwill.fi\/kauppa\/\"},{\"@type\":\"ListItem\",\"position\":2,\"name\":\"Shop\",\"item\":\"https:\/\/goodwill.fi\/kauppa\/shop\/\"},{\"@type\":\"ListItem\",\"position\":3,\"name\":\"SININEN MALJAKKO\"}]},{\"@type\":\"WebSite\",\"@id\":\"https:\/\/goodwill.fi\/kauppa\/#website\",\"url\":\"https:\/\/goodwill.fi\/kauppa\/\",\"name\":\"Goodwill-verkkokauppa\",\"description\":\"Kierr\u00e4tysmyym\u00e4l\u00e4 verkossa\",\"publisher\":{\"@id\":\"https:\/\/goodwill.fi\/kauppa\/#organization\"},\"potentialAction\":[{\"@type\":\"SearchAction\",\"target\":{\"@type\":\"EntryPoint\",\"urlTemplate\":\"https:\/\/goodwill.fi\/kauppa\/?s={search_term_string}\"},\"query-input\":{\"@type\":\"PropertyValueSpecification\",\"valueRequired\":true,\"valueName\":\"search_term_string\"}}],\"inLanguage\":\"fi\"},{\"@type\":\"Organization\",\"@id\":\"https:\/\/goodwill.fi\/kauppa\/#organization\",\"name\":\"Goodwill-verkkokauppa\",\"url\":\"https:\/\/goodwill.fi\/kauppa\/\",\"logo\":{\"@type\":\"ImageObject\",\"inLanguage\":\"fi\",\"@id\":\"https:\/\/goodwill.fi\/kauppa\/#\/schema\/logo\/image\/\",\"url\":\"https:\/\/goodwill.fi\/kauppa\/wp-content\/uploads\/2021\/02\/cropped-logo_gw_store-723x211-1.png\",\"contentUrl\":\"https:\/\/goodwill.fi\/kauppa\/wp-content\/uploads\/2021\/02\/cropped-logo_gw_store-723x211-1.png\",\"width\":723,\"height\":207,\"caption\":\"Goodwill-verkkokauppa\"},\"image\":{\"@id\":\"https:\/\/goodwill.fi\/kauppa\/#\/schema\/logo\/image\/\"}}]}<\/script>\n<!-- \/ Yoast SEO plugin. -->","yoast_head_json":{"title":"SININEN MALJAKKO - Goodwill-verkkokauppa","description":"Valmistaja: ei tiedossa Mitat: korkeus 24 cm, halkaisija 15 cm, paino 1086 g V\u00e4ri: kirkas, sininen Materiaali: lasi Kunto: ehj\u00e4","robots":{"index":"index","follow":"follow","max-snippet":"max-snippet:-1","max-image-preview":"max-image-preview:large","max-video-preview":"max-video-preview:-1"},"canonical":"https:\/\/goodwill.fi\/kauppa\/tuote\/sininen-maljakko-5\/","og_locale":"fi_FI","og_type":"article","og_title":"SININEN MALJAKKO - Goodwill-verkkokauppa","og_description":"Valmistaja: ei tiedossa Mitat: korkeus 24 cm, halkaisija 15 cm, paino 1086 g V\u00e4ri: kirkas, sininen Materiaali: lasi Kunto: ehj\u00e4","og_url":"https:\/\/goodwill.fi\/kauppa\/tuote\/sininen-maljakko-5\/","og_site_name":"Goodwill-verkkokauppa","article_modified_time":"2025-09-09T10:57:29+00:00","og_image":[{"width":1553,"height":1707,"url":"https:\/\/goodwill.fi\/kauppa\/wp-content\/uploads\/2025\/09\/IMG_2810-scaled-e1757321240754.jpg","type":"image\/jpeg"}],"twitter_card":"summary_large_image","twitter_misc":{"Arvioitu lukuaika":"1 minuutti"},"schema":{"@context":"https:\/\/schema.org","@graph":[{"@type":"WebPage","@id":"https:\/\/goodwill.fi\/kauppa\/tuote\/sininen-maljakko-5\/","url":"https:\/\/goodwill.fi\/kauppa\/tuote\/sininen-maljakko-5\/","name":"SININEN MALJAKKO - Goodwill-verkkokauppa","isPartOf":{"@id":"https:\/\/goodwill.fi\/kauppa\/#website"},"primaryImageOfPage":{"@id":"https:\/\/goodwill.fi\/kauppa\/tuote\/sininen-maljakko-5\/#primaryimage"},"image":{"@id":"https:\/\/goodwill.fi\/kauppa\/tuote\/sininen-maljakko-5\/#primaryimage"},"thumbnailUrl":"https:\/\/goodwill.fi\/kauppa\/wp-content\/uploads\/2025\/09\/IMG_2810-scaled-e1757321240754.jpg","datePublished":"2025-09-09T10:57:28+00:00","dateModified":"2025-09-09T10:57:29+00:00","description":"Valmistaja: ei tiedossa Mitat: korkeus 24 cm, halkaisija 15 cm, paino 1086 g V\u00e4ri: kirkas, sininen Materiaali: lasi Kunto: ehj\u00e4","breadcrumb":{"@id":"https:\/\/goodwill.fi\/kauppa\/tuote\/sininen-maljakko-5\/#breadcrumb"},"inLanguage":"fi","potentialAction":[{"@type":"ReadAction","target":["https:\/\/goodwill.fi\/kauppa\/tuote\/sininen-maljakko-5\/"]}]},{"@type":"ImageObject","inLanguage":"fi","@id":"https:\/\/goodwill.fi\/kauppa\/tuote\/sininen-maljakko-5\/#primaryimage","url":"https:\/\/goodwill.fi\/kauppa\/wp-content\/uploads\/2025\/09\/IMG_2810-scaled-e1757321240754.jpg","contentUrl":"https:\/\/goodwill.fi\/kauppa\/wp-content\/uploads\/2025\/09\/IMG_2810-scaled-e1757321240754.jpg","width":1553,"height":1707},{"@type":"BreadcrumbList","@id":"https:\/\/goodwill.fi\/kauppa\/tuote\/sininen-maljakko-5\/#breadcrumb","itemListElement":[{"@type":"ListItem","position":1,"name":"Home","item":"https:\/\/goodwill.fi\/kauppa\/"},{"@type":"ListItem","position":2,"name":"Shop","item":"https:\/\/goodwill.fi\/kauppa\/shop\/"},{"@type":"ListItem","position":3,"name":"SININEN MALJAKKO"}]},{"@type":"WebSite","@id":"https:\/\/goodwill.fi\/kauppa\/#website","url":"https:\/\/goodwill.fi\/kauppa\/","name":"Goodwill-verkkokauppa","description":"Kierr\u00e4tysmyym\u00e4l\u00e4 verkossa","publisher":{"@id":"https:\/\/goodwill.fi\/kauppa\/#organization"},"potentialAction":[{"@type":"SearchAction","target":{"@type":"EntryPoint","urlTemplate":"https:\/\/goodwill.fi\/kauppa\/?s={search_term_string}"},"query-input":{"@type":"PropertyValueSpecification","valueRequired":true,"valueName":"search_term_string"}}],"inLanguage":"fi"},{"@type":"Organization","@id":"https:\/\/goodwill.fi\/kauppa\/#organization","name":"Goodwill-verkkokauppa","url":"https:\/\/goodwill.fi\/kauppa\/","logo":{"@type":"ImageObject","inLanguage":"fi","@id":"https:\/\/goodwill.fi\/kauppa\/#\/schema\/logo\/image\/","url":"https:\/\/goodwill.fi\/kauppa\/wp-content\/uploads\/2021\/02\/cropped-logo_gw_store-723x211-1.png","contentUrl":"https:\/\/goodwill.fi\/kauppa\/wp-content\/uploads\/2021\/02\/cropped-logo_gw_store-723x211-1.png","width":723,"height":207,"caption":"Goodwill-verkkokauppa"},"image":{"@id":"https:\/\/goodwill.fi\/kauppa\/#\/schema\/logo\/image\/"}}]}},"_links":{"self":[{"href":"https:\/\/goodwill.fi\/kauppa\/wp-json\/wp\/v2\/product\/59849","targetHints":{"allow":["GET"]}}],"collection":[{"href":"https:\/\/goodwill.fi\/kauppa\/wp-json\/wp\/v2\/product"}],"about":[{"href":"https:\/\/goodwill.fi\/kauppa\/wp-json\/wp\/v2\/types\/product"}],"replies":[{"embeddable":true,"href":"https:\/\/goodwill.fi\/kauppa\/wp-json\/wp\/v2\/comments?post=59849"}],"wp:featuredmedia":[{"embeddable":true,"href":"https:\/\/goodwill.fi\/kauppa\/wp-json\/wp\/v2\/media\/59851"}],"wp:attachment":[{"href":"https:\/\/goodwill.fi\/kauppa\/wp-json\/wp\/v2\/media?parent=59849"}],"wp:term":[{"taxonomy":"product_brand","embeddable":true,"href":"https:\/\/goodwill.fi\/kauppa\/wp-json\/wp\/v2\/product_brand?post=59849"},{"taxonomy":"product_cat","embeddable":true,"href":"https:\/\/goodwill.fi\/kauppa\/wp-json\/wp\/v2\/product_cat?post=59849"},{"taxonomy":"product_tag","embeddable":true,"href":"https:\/\/goodwill.fi\/kauppa\/wp-json\/wp\/v2\/product_tag?post=59849"}],"curies":[{"name":"wp","href":"https:\/\/api.w.org\/{rel}","templated":true}]}}