{"id":5900,"date":"2022-09-07T10:45:37","date_gmt":"2022-09-07T07:45:37","guid":{"rendered":"https:\/\/goodwill.fi\/kauppa\/?post_type=product&#038;p=5900"},"modified":"2023-06-12T09:19:12","modified_gmt":"2023-06-12T06:19:12","slug":"arabia-minerva-syva-ruokalautanen-olga-osol-kaj-franck","status":"publish","type":"product","link":"https:\/\/goodwill.fi\/kauppa\/tuote\/arabia-minerva-syva-ruokalautanen-olga-osol-kaj-franck\/","title":{"rendered":"ARABIA MINERVA SYV\u00c4 RUOKALAUTANEN"},"content":{"rendered":"<p>Suunnittelija: Olga Osol (kuvio), Kaj Franck (RS-malli)<\/p>\n<p>Valmistaja: Arabia<br \/>\nValmistusvuosi: 1957-1966<br \/>\nMitat: korkeus 3.5 cm, halkaisija 24 cm, paino 400-490 g<br \/>\nV\u00e4ri: valkoinen, kullattu reunus, musta raitakoriste<br \/>\nMateriaali: fajanssi<br \/>\nKunto: k\u00e4ytetty, v\u00e4h\u00e4ist\u00e4 k\u00e4yt\u00f6n j\u00e4lke\u00e4 ja kulumaa kultauksessa<br \/>\nHuom: tuotteet myyd\u00e4\u00e4n kappaleittain<\/p>\n","protected":false},"excerpt":{"rendered":"<p>Suunnittelija: Olga Osol (kuvio), Kaj Franck (RS-malli) Valmistaja: Arabia Valmistusvuosi: 1957-1966 Mitat: korkeus 3.5 cm, halkaisija 24 cm, paino 400-490 g V\u00e4ri: valkoinen, kullattu reunus, musta raitakoriste Materiaali: fajanssi Kunto: k\u00e4ytetty, v\u00e4h\u00e4ist\u00e4 k\u00e4yt\u00f6n j\u00e4lke\u00e4 ja kulumaa kultauksessa Huom: tuotteet myyd\u00e4\u00e4n kappaleittain<\/p>\n","protected":false},"featured_media":5901,"comment_status":"open","ping_status":"closed","template":"","meta":[],"product_brand":[],"product_cat":[5965,166,159,146],"product_tag":[206,3477,355,42,3670,3527,224,3664,253,3643,3650,904,3665,884,1434,379],"class_list":{"0":"post-5900","1":"product","2":"type-product","3":"status-publish","4":"has-post-thumbnail","6":"product_cat-ale","7":"product_cat-astiat-2","8":"product_cat-kaikki","9":"product_cat-koti-2","10":"product_tag-arabia","11":"product_tag-franck","12":"product_tag-kaj","13":"product_tag-koriste","14":"product_tag-kot01278","15":"product_tag-kultaus","16":"product_tag-lautanen","17":"product_tag-minerva","18":"product_tag-musta","19":"product_tag-olga","20":"product_tag-osol","21":"product_tag-raita","22":"product_tag-raitakoriste","23":"product_tag-ruokalautanen","24":"product_tag-syva","25":"product_tag-valkoinen","27":"first","28":"outofstock","29":"sale","30":"taxable","31":"shipping-taxable","32":"purchasable","33":"product-type-simple"},"yoast_head":"<!-- This site is optimized with the Yoast SEO plugin v27.4 - https:\/\/yoast.com\/product\/yoast-seo-wordpress\/ -->\n<title>ARABIA MINERVA SYV\u00c4 RUOKALAUTANEN - Goodwill-verkkokauppa<\/title>\n<meta name=\"description\" content=\"Olga Osolin raitakoristeinen Arabian Minerva-astiaston syv\u00e4 ruokalautanen, malli Kaj Franckin RS Suunnittelija: Olga Osol kuvio, Kaj Franck malli Valmistaja: Arabi\" \/>\n<meta name=\"robots\" content=\"index, follow, max-snippet:-1, max-image-preview:large, max-video-preview:-1\" \/>\n<link rel=\"canonical\" href=\"https:\/\/goodwill.fi\/kauppa\/tuote\/arabia-minerva-syva-ruokalautanen-olga-osol-kaj-franck\/\" \/>\n<meta property=\"og:locale\" content=\"fi_FI\" \/>\n<meta property=\"og:type\" content=\"article\" \/>\n<meta property=\"og:title\" content=\"ARABIA MINERVA SYV\u00c4 RUOKALAUTANEN - Goodwill-verkkokauppa\" \/>\n<meta property=\"og:description\" content=\"Olga Osolin raitakoristeinen Arabian Minerva-astiaston syv\u00e4 ruokalautanen, malli Kaj Franckin RS Suunnittelija: Olga Osol kuvio, Kaj Franck malli Valmistaja: Arabi\" \/>\n<meta property=\"og:url\" content=\"https:\/\/goodwill.fi\/kauppa\/tuote\/arabia-minerva-syva-ruokalautanen-olga-osol-kaj-franck\/\" \/>\n<meta property=\"og:site_name\" content=\"Goodwill-verkkokauppa\" \/>\n<meta property=\"article:modified_time\" content=\"2023-06-12T06:19:12+00:00\" \/>\n<meta property=\"og:image\" content=\"https:\/\/goodwill.fi\/kauppa\/wp-content\/uploads\/2022\/09\/IMG_9599-scaled.jpg\" \/>\n\t<meta property=\"og:image:width\" content=\"2560\" \/>\n\t<meta property=\"og:image:height\" content=\"1707\" \/>\n\t<meta property=\"og:image:type\" content=\"image\/jpeg\" \/>\n<meta name=\"twitter:card\" content=\"summary_large_image\" \/>\n<meta name=\"twitter:label1\" content=\"Arvioitu lukuaika\" \/>\n\t<meta name=\"twitter:data1\" content=\"1 minuutti\" \/>\n<script type=\"application\/ld+json\" class=\"yoast-schema-graph\">{\"@context\":\"https:\\\/\\\/schema.org\",\"@graph\":[{\"@type\":\"WebPage\",\"@id\":\"https:\\\/\\\/goodwill.fi\\\/kauppa\\\/tuote\\\/arabia-minerva-syva-ruokalautanen-olga-osol-kaj-franck\\\/\",\"url\":\"https:\\\/\\\/goodwill.fi\\\/kauppa\\\/tuote\\\/arabia-minerva-syva-ruokalautanen-olga-osol-kaj-franck\\\/\",\"name\":\"ARABIA MINERVA SYV\u00c4 RUOKALAUTANEN - Goodwill-verkkokauppa\",\"isPartOf\":{\"@id\":\"https:\\\/\\\/goodwill.fi\\\/kauppa\\\/#website\"},\"primaryImageOfPage\":{\"@id\":\"https:\\\/\\\/goodwill.fi\\\/kauppa\\\/tuote\\\/arabia-minerva-syva-ruokalautanen-olga-osol-kaj-franck\\\/#primaryimage\"},\"image\":{\"@id\":\"https:\\\/\\\/goodwill.fi\\\/kauppa\\\/tuote\\\/arabia-minerva-syva-ruokalautanen-olga-osol-kaj-franck\\\/#primaryimage\"},\"thumbnailUrl\":\"https:\\\/\\\/goodwill.fi\\\/kauppa\\\/wp-content\\\/uploads\\\/2022\\\/09\\\/IMG_9599-scaled.jpg\",\"datePublished\":\"2022-09-07T07:45:37+00:00\",\"dateModified\":\"2023-06-12T06:19:12+00:00\",\"description\":\"Olga Osolin raitakoristeinen Arabian Minerva-astiaston syv\u00e4 ruokalautanen, malli Kaj Franckin RS Suunnittelija: Olga Osol kuvio, Kaj Franck malli Valmistaja: Arabi\",\"breadcrumb\":{\"@id\":\"https:\\\/\\\/goodwill.fi\\\/kauppa\\\/tuote\\\/arabia-minerva-syva-ruokalautanen-olga-osol-kaj-franck\\\/#breadcrumb\"},\"inLanguage\":\"fi\",\"potentialAction\":[{\"@type\":\"ReadAction\",\"target\":[\"https:\\\/\\\/goodwill.fi\\\/kauppa\\\/tuote\\\/arabia-minerva-syva-ruokalautanen-olga-osol-kaj-franck\\\/\"]}]},{\"@type\":\"ImageObject\",\"inLanguage\":\"fi\",\"@id\":\"https:\\\/\\\/goodwill.fi\\\/kauppa\\\/tuote\\\/arabia-minerva-syva-ruokalautanen-olga-osol-kaj-franck\\\/#primaryimage\",\"url\":\"https:\\\/\\\/goodwill.fi\\\/kauppa\\\/wp-content\\\/uploads\\\/2022\\\/09\\\/IMG_9599-scaled.jpg\",\"contentUrl\":\"https:\\\/\\\/goodwill.fi\\\/kauppa\\\/wp-content\\\/uploads\\\/2022\\\/09\\\/IMG_9599-scaled.jpg\",\"width\":2560,\"height\":1707},{\"@type\":\"BreadcrumbList\",\"@id\":\"https:\\\/\\\/goodwill.fi\\\/kauppa\\\/tuote\\\/arabia-minerva-syva-ruokalautanen-olga-osol-kaj-franck\\\/#breadcrumb\",\"itemListElement\":[{\"@type\":\"ListItem\",\"position\":1,\"name\":\"Home\",\"item\":\"https:\\\/\\\/goodwill.fi\\\/kauppa\\\/\"},{\"@type\":\"ListItem\",\"position\":2,\"name\":\"Shop\",\"item\":\"https:\\\/\\\/goodwill.fi\\\/kauppa\\\/shop\\\/\"},{\"@type\":\"ListItem\",\"position\":3,\"name\":\"ARABIA MINERVA SYV\u00c4 RUOKALAUTANEN\"}]},{\"@type\":\"WebSite\",\"@id\":\"https:\\\/\\\/goodwill.fi\\\/kauppa\\\/#website\",\"url\":\"https:\\\/\\\/goodwill.fi\\\/kauppa\\\/\",\"name\":\"Goodwill-verkkokauppa\",\"description\":\"Kierr\u00e4tysmyym\u00e4l\u00e4 verkossa\",\"publisher\":{\"@id\":\"https:\\\/\\\/goodwill.fi\\\/kauppa\\\/#organization\"},\"potentialAction\":[{\"@type\":\"SearchAction\",\"target\":{\"@type\":\"EntryPoint\",\"urlTemplate\":\"https:\\\/\\\/goodwill.fi\\\/kauppa\\\/?s={search_term_string}\"},\"query-input\":{\"@type\":\"PropertyValueSpecification\",\"valueRequired\":true,\"valueName\":\"search_term_string\"}}],\"inLanguage\":\"fi\"},{\"@type\":\"Organization\",\"@id\":\"https:\\\/\\\/goodwill.fi\\\/kauppa\\\/#organization\",\"name\":\"Goodwill-verkkokauppa\",\"url\":\"https:\\\/\\\/goodwill.fi\\\/kauppa\\\/\",\"logo\":{\"@type\":\"ImageObject\",\"inLanguage\":\"fi\",\"@id\":\"https:\\\/\\\/goodwill.fi\\\/kauppa\\\/#\\\/schema\\\/logo\\\/image\\\/\",\"url\":\"https:\\\/\\\/goodwill.fi\\\/kauppa\\\/wp-content\\\/uploads\\\/2021\\\/02\\\/cropped-logo_gw_store-723x211-1.png\",\"contentUrl\":\"https:\\\/\\\/goodwill.fi\\\/kauppa\\\/wp-content\\\/uploads\\\/2021\\\/02\\\/cropped-logo_gw_store-723x211-1.png\",\"width\":723,\"height\":207,\"caption\":\"Goodwill-verkkokauppa\"},\"image\":{\"@id\":\"https:\\\/\\\/goodwill.fi\\\/kauppa\\\/#\\\/schema\\\/logo\\\/image\\\/\"}}]}<\/script>\n<!-- \/ Yoast SEO plugin. -->","yoast_head_json":{"title":"ARABIA MINERVA SYV\u00c4 RUOKALAUTANEN - Goodwill-verkkokauppa","description":"Olga Osolin raitakoristeinen Arabian Minerva-astiaston syv\u00e4 ruokalautanen, malli Kaj Franckin RS Suunnittelija: Olga Osol kuvio, Kaj Franck malli Valmistaja: Arabi","robots":{"index":"index","follow":"follow","max-snippet":"max-snippet:-1","max-image-preview":"max-image-preview:large","max-video-preview":"max-video-preview:-1"},"canonical":"https:\/\/goodwill.fi\/kauppa\/tuote\/arabia-minerva-syva-ruokalautanen-olga-osol-kaj-franck\/","og_locale":"fi_FI","og_type":"article","og_title":"ARABIA MINERVA SYV\u00c4 RUOKALAUTANEN - Goodwill-verkkokauppa","og_description":"Olga Osolin raitakoristeinen Arabian Minerva-astiaston syv\u00e4 ruokalautanen, malli Kaj Franckin RS Suunnittelija: Olga Osol kuvio, Kaj Franck malli Valmistaja: Arabi","og_url":"https:\/\/goodwill.fi\/kauppa\/tuote\/arabia-minerva-syva-ruokalautanen-olga-osol-kaj-franck\/","og_site_name":"Goodwill-verkkokauppa","article_modified_time":"2023-06-12T06:19:12+00:00","og_image":[{"width":2560,"height":1707,"url":"https:\/\/goodwill.fi\/kauppa\/wp-content\/uploads\/2022\/09\/IMG_9599-scaled.jpg","type":"image\/jpeg"}],"twitter_card":"summary_large_image","twitter_misc":{"Arvioitu lukuaika":"1 minuutti"},"schema":{"@context":"https:\/\/schema.org","@graph":[{"@type":"WebPage","@id":"https:\/\/goodwill.fi\/kauppa\/tuote\/arabia-minerva-syva-ruokalautanen-olga-osol-kaj-franck\/","url":"https:\/\/goodwill.fi\/kauppa\/tuote\/arabia-minerva-syva-ruokalautanen-olga-osol-kaj-franck\/","name":"ARABIA MINERVA SYV\u00c4 RUOKALAUTANEN - Goodwill-verkkokauppa","isPartOf":{"@id":"https:\/\/goodwill.fi\/kauppa\/#website"},"primaryImageOfPage":{"@id":"https:\/\/goodwill.fi\/kauppa\/tuote\/arabia-minerva-syva-ruokalautanen-olga-osol-kaj-franck\/#primaryimage"},"image":{"@id":"https:\/\/goodwill.fi\/kauppa\/tuote\/arabia-minerva-syva-ruokalautanen-olga-osol-kaj-franck\/#primaryimage"},"thumbnailUrl":"https:\/\/goodwill.fi\/kauppa\/wp-content\/uploads\/2022\/09\/IMG_9599-scaled.jpg","datePublished":"2022-09-07T07:45:37+00:00","dateModified":"2023-06-12T06:19:12+00:00","description":"Olga Osolin raitakoristeinen Arabian Minerva-astiaston syv\u00e4 ruokalautanen, malli Kaj Franckin RS Suunnittelija: Olga Osol kuvio, Kaj Franck malli Valmistaja: Arabi","breadcrumb":{"@id":"https:\/\/goodwill.fi\/kauppa\/tuote\/arabia-minerva-syva-ruokalautanen-olga-osol-kaj-franck\/#breadcrumb"},"inLanguage":"fi","potentialAction":[{"@type":"ReadAction","target":["https:\/\/goodwill.fi\/kauppa\/tuote\/arabia-minerva-syva-ruokalautanen-olga-osol-kaj-franck\/"]}]},{"@type":"ImageObject","inLanguage":"fi","@id":"https:\/\/goodwill.fi\/kauppa\/tuote\/arabia-minerva-syva-ruokalautanen-olga-osol-kaj-franck\/#primaryimage","url":"https:\/\/goodwill.fi\/kauppa\/wp-content\/uploads\/2022\/09\/IMG_9599-scaled.jpg","contentUrl":"https:\/\/goodwill.fi\/kauppa\/wp-content\/uploads\/2022\/09\/IMG_9599-scaled.jpg","width":2560,"height":1707},{"@type":"BreadcrumbList","@id":"https:\/\/goodwill.fi\/kauppa\/tuote\/arabia-minerva-syva-ruokalautanen-olga-osol-kaj-franck\/#breadcrumb","itemListElement":[{"@type":"ListItem","position":1,"name":"Home","item":"https:\/\/goodwill.fi\/kauppa\/"},{"@type":"ListItem","position":2,"name":"Shop","item":"https:\/\/goodwill.fi\/kauppa\/shop\/"},{"@type":"ListItem","position":3,"name":"ARABIA MINERVA SYV\u00c4 RUOKALAUTANEN"}]},{"@type":"WebSite","@id":"https:\/\/goodwill.fi\/kauppa\/#website","url":"https:\/\/goodwill.fi\/kauppa\/","name":"Goodwill-verkkokauppa","description":"Kierr\u00e4tysmyym\u00e4l\u00e4 verkossa","publisher":{"@id":"https:\/\/goodwill.fi\/kauppa\/#organization"},"potentialAction":[{"@type":"SearchAction","target":{"@type":"EntryPoint","urlTemplate":"https:\/\/goodwill.fi\/kauppa\/?s={search_term_string}"},"query-input":{"@type":"PropertyValueSpecification","valueRequired":true,"valueName":"search_term_string"}}],"inLanguage":"fi"},{"@type":"Organization","@id":"https:\/\/goodwill.fi\/kauppa\/#organization","name":"Goodwill-verkkokauppa","url":"https:\/\/goodwill.fi\/kauppa\/","logo":{"@type":"ImageObject","inLanguage":"fi","@id":"https:\/\/goodwill.fi\/kauppa\/#\/schema\/logo\/image\/","url":"https:\/\/goodwill.fi\/kauppa\/wp-content\/uploads\/2021\/02\/cropped-logo_gw_store-723x211-1.png","contentUrl":"https:\/\/goodwill.fi\/kauppa\/wp-content\/uploads\/2021\/02\/cropped-logo_gw_store-723x211-1.png","width":723,"height":207,"caption":"Goodwill-verkkokauppa"},"image":{"@id":"https:\/\/goodwill.fi\/kauppa\/#\/schema\/logo\/image\/"}}]}},"_links":{"self":[{"href":"https:\/\/goodwill.fi\/kauppa\/wp-json\/wp\/v2\/product\/5900","targetHints":{"allow":["GET"]}}],"collection":[{"href":"https:\/\/goodwill.fi\/kauppa\/wp-json\/wp\/v2\/product"}],"about":[{"href":"https:\/\/goodwill.fi\/kauppa\/wp-json\/wp\/v2\/types\/product"}],"replies":[{"embeddable":true,"href":"https:\/\/goodwill.fi\/kauppa\/wp-json\/wp\/v2\/comments?post=5900"}],"wp:featuredmedia":[{"embeddable":true,"href":"https:\/\/goodwill.fi\/kauppa\/wp-json\/wp\/v2\/media\/5901"}],"wp:attachment":[{"href":"https:\/\/goodwill.fi\/kauppa\/wp-json\/wp\/v2\/media?parent=5900"}],"wp:term":[{"taxonomy":"product_brand","embeddable":true,"href":"https:\/\/goodwill.fi\/kauppa\/wp-json\/wp\/v2\/product_brand?post=5900"},{"taxonomy":"product_cat","embeddable":true,"href":"https:\/\/goodwill.fi\/kauppa\/wp-json\/wp\/v2\/product_cat?post=5900"},{"taxonomy":"product_tag","embeddable":true,"href":"https:\/\/goodwill.fi\/kauppa\/wp-json\/wp\/v2\/product_tag?post=5900"}],"curies":[{"name":"wp","href":"https:\/\/api.w.org\/{rel}","templated":true}]}}