{"id":58694,"date":"2025-08-26T13:05:58","date_gmt":"2025-08-26T10:05:58","guid":{"rendered":"https:\/\/goodwill.fi\/kauppa\/?post_type=product&#038;p=58694"},"modified":"2026-01-21T21:27:52","modified_gmt":"2026-01-21T19:27:52","slug":"iittala-kulho","status":"publish","type":"product","link":"https:\/\/goodwill.fi\/kauppa\/tuote\/iittala-kulho\/","title":{"rendered":"IITTALA KULHO"},"content":{"rendered":"<p>Valmistaja: Iittala<br \/>\nMitat: korkeus 8.5 cm, halkaisija 19 cm<br \/>\nV\u00e4ri: kirkas<br \/>\nMateriaali: lasi<br \/>\nKunto: ehj\u00e4, hieman k\u00e4yt\u00f6n j\u00e4lki\u00e4<br \/>\nHuom. sis\u00e4puolella pohjassa valmistusmuottiteksti Iittala<\/p>\n","protected":false},"excerpt":{"rendered":"<p>Valmistaja: Iittala Mitat: korkeus 8.5 cm, halkaisija 19 cm V\u00e4ri: kirkas Materiaali: lasi Kunto: ehj\u00e4, hieman k\u00e4yt\u00f6n j\u00e4lki\u00e4 Huom. sis\u00e4puolella pohjassa valmistusmuottiteksti Iittala<\/p>\n","protected":false},"featured_media":58695,"comment_status":"open","ping_status":"closed","template":"","meta":[],"product_brand":[14681],"product_cat":[159,14854,166,14863],"product_tag":[226,16601,302],"class_list":{"0":"post-58694","1":"product","2":"type-product","3":"status-publish","4":"has-post-thumbnail","6":"product_brand-iittala","7":"product_cat-kaikki","8":"product_cat-iittala","9":"product_cat-astiat-2","10":"product_cat-lautaset-kulhot","11":"product_tag-iittala","12":"product_tag-kem01226","13":"product_tag-kulho","15":"first","16":"outofstock","17":"taxable","18":"shipping-taxable","19":"purchasable","20":"product-type-simple"},"yoast_head":"<!-- This site is optimized with the Yoast SEO plugin v27.1.1 - https:\/\/yoast.com\/product\/yoast-seo-wordpress\/ -->\n<title>IITTALA KULHO - Goodwill-verkkokauppa<\/title>\n<meta name=\"description\" content=\"Valmistaja: Iittala Mitat: korkeus 8.5 cm, halkaisija 19 cm V\u00e4ri: kirkas Materiaali: lasi Kunto: ehj\u00e4, hieman k\u00e4yt\u00f6n j\u00e4lki\u00e4 Huom. sis\u00e4puolella pohjassa valmistusmuottiteksti Iittala\" \/>\n<meta name=\"robots\" content=\"index, follow, max-snippet:-1, max-image-preview:large, max-video-preview:-1\" \/>\n<link rel=\"canonical\" href=\"https:\/\/goodwill.fi\/kauppa\/tuote\/iittala-kulho\/\" \/>\n<meta property=\"og:locale\" content=\"fi_FI\" \/>\n<meta property=\"og:type\" content=\"article\" \/>\n<meta property=\"og:title\" content=\"IITTALA KULHO - Goodwill-verkkokauppa\" \/>\n<meta property=\"og:description\" content=\"Valmistaja: Iittala Mitat: korkeus 8.5 cm, halkaisija 19 cm V\u00e4ri: kirkas Materiaali: lasi Kunto: ehj\u00e4, hieman k\u00e4yt\u00f6n j\u00e4lki\u00e4 Huom. sis\u00e4puolella pohjassa valmistusmuottiteksti Iittala\" \/>\n<meta property=\"og:url\" content=\"https:\/\/goodwill.fi\/kauppa\/tuote\/iittala-kulho\/\" \/>\n<meta property=\"og:site_name\" content=\"Goodwill-verkkokauppa\" \/>\n<meta property=\"article:modified_time\" content=\"2026-01-21T19:27:52+00:00\" \/>\n<meta property=\"og:image\" content=\"https:\/\/goodwill.fi\/kauppa\/wp-content\/uploads\/2025\/08\/P1054973-39-1024x1024.jpg\" \/>\n\t<meta property=\"og:image:width\" content=\"1024\" \/>\n\t<meta property=\"og:image:height\" content=\"1024\" \/>\n\t<meta property=\"og:image:type\" content=\"image\/jpeg\" \/>\n<meta name=\"twitter:card\" content=\"summary_large_image\" \/>\n<meta name=\"twitter:label1\" content=\"Arvioitu lukuaika\" \/>\n\t<meta name=\"twitter:data1\" content=\"1 minuutti\" \/>\n<script type=\"application\/ld+json\" class=\"yoast-schema-graph\">{\"@context\":\"https:\/\/schema.org\",\"@graph\":[{\"@type\":\"WebPage\",\"@id\":\"https:\/\/goodwill.fi\/kauppa\/tuote\/iittala-kulho\/\",\"url\":\"https:\/\/goodwill.fi\/kauppa\/tuote\/iittala-kulho\/\",\"name\":\"IITTALA KULHO - Goodwill-verkkokauppa\",\"isPartOf\":{\"@id\":\"https:\/\/goodwill.fi\/kauppa\/#website\"},\"primaryImageOfPage\":{\"@id\":\"https:\/\/goodwill.fi\/kauppa\/tuote\/iittala-kulho\/#primaryimage\"},\"image\":{\"@id\":\"https:\/\/goodwill.fi\/kauppa\/tuote\/iittala-kulho\/#primaryimage\"},\"thumbnailUrl\":\"https:\/\/goodwill.fi\/kauppa\/wp-content\/uploads\/2025\/08\/P1054973-39.jpg\",\"datePublished\":\"2025-08-26T10:05:58+00:00\",\"dateModified\":\"2026-01-21T19:27:52+00:00\",\"description\":\"Valmistaja: Iittala Mitat: korkeus 8.5 cm, halkaisija 19 cm V\u00e4ri: kirkas Materiaali: lasi Kunto: ehj\u00e4, hieman k\u00e4yt\u00f6n j\u00e4lki\u00e4 Huom. sis\u00e4puolella pohjassa valmistusmuottiteksti Iittala\",\"breadcrumb\":{\"@id\":\"https:\/\/goodwill.fi\/kauppa\/tuote\/iittala-kulho\/#breadcrumb\"},\"inLanguage\":\"fi\",\"potentialAction\":[{\"@type\":\"ReadAction\",\"target\":[\"https:\/\/goodwill.fi\/kauppa\/tuote\/iittala-kulho\/\"]}]},{\"@type\":\"ImageObject\",\"inLanguage\":\"fi\",\"@id\":\"https:\/\/goodwill.fi\/kauppa\/tuote\/iittala-kulho\/#primaryimage\",\"url\":\"https:\/\/goodwill.fi\/kauppa\/wp-content\/uploads\/2025\/08\/P1054973-39.jpg\",\"contentUrl\":\"https:\/\/goodwill.fi\/kauppa\/wp-content\/uploads\/2025\/08\/P1054973-39.jpg\",\"width\":2500,\"height\":2500},{\"@type\":\"BreadcrumbList\",\"@id\":\"https:\/\/goodwill.fi\/kauppa\/tuote\/iittala-kulho\/#breadcrumb\",\"itemListElement\":[{\"@type\":\"ListItem\",\"position\":1,\"name\":\"Home\",\"item\":\"https:\/\/goodwill.fi\/kauppa\/\"},{\"@type\":\"ListItem\",\"position\":2,\"name\":\"Shop\",\"item\":\"https:\/\/goodwill.fi\/kauppa\/shop\/\"},{\"@type\":\"ListItem\",\"position\":3,\"name\":\"IITTALA KULHO\"}]},{\"@type\":\"WebSite\",\"@id\":\"https:\/\/goodwill.fi\/kauppa\/#website\",\"url\":\"https:\/\/goodwill.fi\/kauppa\/\",\"name\":\"Goodwill-verkkokauppa\",\"description\":\"Kierr\u00e4tysmyym\u00e4l\u00e4 verkossa\",\"publisher\":{\"@id\":\"https:\/\/goodwill.fi\/kauppa\/#organization\"},\"potentialAction\":[{\"@type\":\"SearchAction\",\"target\":{\"@type\":\"EntryPoint\",\"urlTemplate\":\"https:\/\/goodwill.fi\/kauppa\/?s={search_term_string}\"},\"query-input\":{\"@type\":\"PropertyValueSpecification\",\"valueRequired\":true,\"valueName\":\"search_term_string\"}}],\"inLanguage\":\"fi\"},{\"@type\":\"Organization\",\"@id\":\"https:\/\/goodwill.fi\/kauppa\/#organization\",\"name\":\"Goodwill-verkkokauppa\",\"url\":\"https:\/\/goodwill.fi\/kauppa\/\",\"logo\":{\"@type\":\"ImageObject\",\"inLanguage\":\"fi\",\"@id\":\"https:\/\/goodwill.fi\/kauppa\/#\/schema\/logo\/image\/\",\"url\":\"https:\/\/goodwill.fi\/kauppa\/wp-content\/uploads\/2021\/02\/cropped-logo_gw_store-723x211-1.png\",\"contentUrl\":\"https:\/\/goodwill.fi\/kauppa\/wp-content\/uploads\/2021\/02\/cropped-logo_gw_store-723x211-1.png\",\"width\":723,\"height\":207,\"caption\":\"Goodwill-verkkokauppa\"},\"image\":{\"@id\":\"https:\/\/goodwill.fi\/kauppa\/#\/schema\/logo\/image\/\"}}]}<\/script>\n<!-- \/ Yoast SEO plugin. -->","yoast_head_json":{"title":"IITTALA KULHO - Goodwill-verkkokauppa","description":"Valmistaja: Iittala Mitat: korkeus 8.5 cm, halkaisija 19 cm V\u00e4ri: kirkas Materiaali: lasi Kunto: ehj\u00e4, hieman k\u00e4yt\u00f6n j\u00e4lki\u00e4 Huom. sis\u00e4puolella pohjassa valmistusmuottiteksti Iittala","robots":{"index":"index","follow":"follow","max-snippet":"max-snippet:-1","max-image-preview":"max-image-preview:large","max-video-preview":"max-video-preview:-1"},"canonical":"https:\/\/goodwill.fi\/kauppa\/tuote\/iittala-kulho\/","og_locale":"fi_FI","og_type":"article","og_title":"IITTALA KULHO - Goodwill-verkkokauppa","og_description":"Valmistaja: Iittala Mitat: korkeus 8.5 cm, halkaisija 19 cm V\u00e4ri: kirkas Materiaali: lasi Kunto: ehj\u00e4, hieman k\u00e4yt\u00f6n j\u00e4lki\u00e4 Huom. sis\u00e4puolella pohjassa valmistusmuottiteksti Iittala","og_url":"https:\/\/goodwill.fi\/kauppa\/tuote\/iittala-kulho\/","og_site_name":"Goodwill-verkkokauppa","article_modified_time":"2026-01-21T19:27:52+00:00","og_image":[{"width":1024,"height":1024,"url":"https:\/\/goodwill.fi\/kauppa\/wp-content\/uploads\/2025\/08\/P1054973-39-1024x1024.jpg","type":"image\/jpeg"}],"twitter_card":"summary_large_image","twitter_misc":{"Arvioitu lukuaika":"1 minuutti"},"schema":{"@context":"https:\/\/schema.org","@graph":[{"@type":"WebPage","@id":"https:\/\/goodwill.fi\/kauppa\/tuote\/iittala-kulho\/","url":"https:\/\/goodwill.fi\/kauppa\/tuote\/iittala-kulho\/","name":"IITTALA KULHO - Goodwill-verkkokauppa","isPartOf":{"@id":"https:\/\/goodwill.fi\/kauppa\/#website"},"primaryImageOfPage":{"@id":"https:\/\/goodwill.fi\/kauppa\/tuote\/iittala-kulho\/#primaryimage"},"image":{"@id":"https:\/\/goodwill.fi\/kauppa\/tuote\/iittala-kulho\/#primaryimage"},"thumbnailUrl":"https:\/\/goodwill.fi\/kauppa\/wp-content\/uploads\/2025\/08\/P1054973-39.jpg","datePublished":"2025-08-26T10:05:58+00:00","dateModified":"2026-01-21T19:27:52+00:00","description":"Valmistaja: Iittala Mitat: korkeus 8.5 cm, halkaisija 19 cm V\u00e4ri: kirkas Materiaali: lasi Kunto: ehj\u00e4, hieman k\u00e4yt\u00f6n j\u00e4lki\u00e4 Huom. sis\u00e4puolella pohjassa valmistusmuottiteksti Iittala","breadcrumb":{"@id":"https:\/\/goodwill.fi\/kauppa\/tuote\/iittala-kulho\/#breadcrumb"},"inLanguage":"fi","potentialAction":[{"@type":"ReadAction","target":["https:\/\/goodwill.fi\/kauppa\/tuote\/iittala-kulho\/"]}]},{"@type":"ImageObject","inLanguage":"fi","@id":"https:\/\/goodwill.fi\/kauppa\/tuote\/iittala-kulho\/#primaryimage","url":"https:\/\/goodwill.fi\/kauppa\/wp-content\/uploads\/2025\/08\/P1054973-39.jpg","contentUrl":"https:\/\/goodwill.fi\/kauppa\/wp-content\/uploads\/2025\/08\/P1054973-39.jpg","width":2500,"height":2500},{"@type":"BreadcrumbList","@id":"https:\/\/goodwill.fi\/kauppa\/tuote\/iittala-kulho\/#breadcrumb","itemListElement":[{"@type":"ListItem","position":1,"name":"Home","item":"https:\/\/goodwill.fi\/kauppa\/"},{"@type":"ListItem","position":2,"name":"Shop","item":"https:\/\/goodwill.fi\/kauppa\/shop\/"},{"@type":"ListItem","position":3,"name":"IITTALA KULHO"}]},{"@type":"WebSite","@id":"https:\/\/goodwill.fi\/kauppa\/#website","url":"https:\/\/goodwill.fi\/kauppa\/","name":"Goodwill-verkkokauppa","description":"Kierr\u00e4tysmyym\u00e4l\u00e4 verkossa","publisher":{"@id":"https:\/\/goodwill.fi\/kauppa\/#organization"},"potentialAction":[{"@type":"SearchAction","target":{"@type":"EntryPoint","urlTemplate":"https:\/\/goodwill.fi\/kauppa\/?s={search_term_string}"},"query-input":{"@type":"PropertyValueSpecification","valueRequired":true,"valueName":"search_term_string"}}],"inLanguage":"fi"},{"@type":"Organization","@id":"https:\/\/goodwill.fi\/kauppa\/#organization","name":"Goodwill-verkkokauppa","url":"https:\/\/goodwill.fi\/kauppa\/","logo":{"@type":"ImageObject","inLanguage":"fi","@id":"https:\/\/goodwill.fi\/kauppa\/#\/schema\/logo\/image\/","url":"https:\/\/goodwill.fi\/kauppa\/wp-content\/uploads\/2021\/02\/cropped-logo_gw_store-723x211-1.png","contentUrl":"https:\/\/goodwill.fi\/kauppa\/wp-content\/uploads\/2021\/02\/cropped-logo_gw_store-723x211-1.png","width":723,"height":207,"caption":"Goodwill-verkkokauppa"},"image":{"@id":"https:\/\/goodwill.fi\/kauppa\/#\/schema\/logo\/image\/"}}]}},"_links":{"self":[{"href":"https:\/\/goodwill.fi\/kauppa\/wp-json\/wp\/v2\/product\/58694","targetHints":{"allow":["GET"]}}],"collection":[{"href":"https:\/\/goodwill.fi\/kauppa\/wp-json\/wp\/v2\/product"}],"about":[{"href":"https:\/\/goodwill.fi\/kauppa\/wp-json\/wp\/v2\/types\/product"}],"replies":[{"embeddable":true,"href":"https:\/\/goodwill.fi\/kauppa\/wp-json\/wp\/v2\/comments?post=58694"}],"wp:featuredmedia":[{"embeddable":true,"href":"https:\/\/goodwill.fi\/kauppa\/wp-json\/wp\/v2\/media\/58695"}],"wp:attachment":[{"href":"https:\/\/goodwill.fi\/kauppa\/wp-json\/wp\/v2\/media?parent=58694"}],"wp:term":[{"taxonomy":"product_brand","embeddable":true,"href":"https:\/\/goodwill.fi\/kauppa\/wp-json\/wp\/v2\/product_brand?post=58694"},{"taxonomy":"product_cat","embeddable":true,"href":"https:\/\/goodwill.fi\/kauppa\/wp-json\/wp\/v2\/product_cat?post=58694"},{"taxonomy":"product_tag","embeddable":true,"href":"https:\/\/goodwill.fi\/kauppa\/wp-json\/wp\/v2\/product_tag?post=58694"}],"curies":[{"name":"wp","href":"https:\/\/api.w.org\/{rel}","templated":true}]}}