{"id":58379,"date":"2025-08-20T09:44:21","date_gmt":"2025-08-20T06:44:21","guid":{"rendered":"https:\/\/goodwill.fi\/kauppa\/?post_type=product&#038;p=58379"},"modified":"2025-08-20T09:48:51","modified_gmt":"2025-08-20T06:48:51","slug":"eschenbach-bavaria-tarjoiluvuoka","status":"publish","type":"product","link":"https:\/\/goodwill.fi\/kauppa\/tuote\/eschenbach-bavaria-tarjoiluvuoka\/","title":{"rendered":"ESCHENBACH BAVARIA TARJOILUVUOKA"},"content":{"rendered":"<p>Eschenbach Bavarian valmistama suorakulmion mallinen tarjoiluvuoka<\/p>\n<p>Valmistaja: Eschenbach Bavaria<br \/>\nValmistusvuosi: 1970-luku<br \/>\nMitat: korkeus 2 cm, leveys 16,5 cm, pituus 35 cm, paino 868 g<br \/>\nMateriaali: posliini<br \/>\nV\u00e4ri: valkoinen, ruskea<br \/>\nKunto: ehj\u00e4, k\u00e4yt\u00f6n j\u00e4lki\u00e4, naarmuja<\/p>\n","protected":false},"excerpt":{"rendered":"<p>Eschenbach Bavarian valmistama suorakulmion mallinen tarjoiluvuoka Valmistaja: Eschenbach Bavaria Valmistusvuosi: 1970-luku Mitat: korkeus 2 cm, leveys 16,5 cm, pituus 35 cm, paino 868 g Materiaali: posliini V\u00e4ri: valkoinen, ruskea Kunto: ehj\u00e4, k\u00e4yt\u00f6n j\u00e4lki\u00e4, naarmuja<\/p>\n","protected":false},"featured_media":58380,"comment_status":"open","ping_status":"closed","template":"","meta":[],"product_brand":[],"product_cat":[159,166,14865],"product_tag":[1134,16559,9658,416,3972],"class_list":{"0":"post-58379","1":"product","2":"type-product","3":"status-publish","4":"has-post-thumbnail","6":"product_cat-kaikki","7":"product_cat-astiat-2","8":"product_cat-tarjoiluastiat","9":"product_tag-astiasto","10":"product_tag-eschenbach-bavaria","11":"product_tag-tarjoiluvuoka","12":"product_tag-vintage","13":"product_tag-vuoka","15":"first","16":"instock","17":"taxable","18":"shipping-taxable","19":"purchasable","20":"product-type-simple"},"yoast_head":"<!-- This site is optimized with the Yoast SEO plugin v27.1.1 - https:\/\/yoast.com\/product\/yoast-seo-wordpress\/ -->\n<title>ESCHENBACH BAVARIA TARJOILUVUOKA - Goodwill-verkkokauppa<\/title>\n<meta name=\"description\" content=\"Eschenbach Bavarian valmistama suorakulmion mallinen tarjoiluvuokaValmistaja: Eschenbach BavariaValmistusvuosi: 1970-luku\" \/>\n<meta name=\"robots\" content=\"index, follow, max-snippet:-1, max-image-preview:large, max-video-preview:-1\" \/>\n<link rel=\"canonical\" href=\"https:\/\/goodwill.fi\/kauppa\/tuote\/eschenbach-bavaria-tarjoiluvuoka\/\" \/>\n<meta property=\"og:locale\" content=\"fi_FI\" \/>\n<meta property=\"og:type\" content=\"article\" \/>\n<meta property=\"og:title\" content=\"ESCHENBACH BAVARIA TARJOILUVUOKA - Goodwill-verkkokauppa\" \/>\n<meta property=\"og:description\" content=\"Eschenbach Bavarian valmistama suorakulmion mallinen tarjoiluvuokaValmistaja: Eschenbach BavariaValmistusvuosi: 1970-luku\" \/>\n<meta property=\"og:url\" content=\"https:\/\/goodwill.fi\/kauppa\/tuote\/eschenbach-bavaria-tarjoiluvuoka\/\" \/>\n<meta property=\"og:site_name\" content=\"Goodwill-verkkokauppa\" \/>\n<meta property=\"article:modified_time\" content=\"2025-08-20T06:48:51+00:00\" \/>\n<meta property=\"og:image\" content=\"https:\/\/goodwill.fi\/kauppa\/wp-content\/uploads\/2025\/08\/IMG_2093-scaled-e1755672444499.jpg\" \/>\n\t<meta property=\"og:image:width\" content=\"1818\" \/>\n\t<meta property=\"og:image:height\" content=\"1707\" \/>\n\t<meta property=\"og:image:type\" content=\"image\/jpeg\" \/>\n<meta name=\"twitter:card\" content=\"summary_large_image\" \/>\n<meta name=\"twitter:label1\" content=\"Arvioitu lukuaika\" \/>\n\t<meta name=\"twitter:data1\" content=\"1 minuutti\" \/>\n<script type=\"application\/ld+json\" class=\"yoast-schema-graph\">{\"@context\":\"https:\/\/schema.org\",\"@graph\":[{\"@type\":\"WebPage\",\"@id\":\"https:\/\/goodwill.fi\/kauppa\/tuote\/eschenbach-bavaria-tarjoiluvuoka\/\",\"url\":\"https:\/\/goodwill.fi\/kauppa\/tuote\/eschenbach-bavaria-tarjoiluvuoka\/\",\"name\":\"ESCHENBACH BAVARIA TARJOILUVUOKA - Goodwill-verkkokauppa\",\"isPartOf\":{\"@id\":\"https:\/\/goodwill.fi\/kauppa\/#website\"},\"primaryImageOfPage\":{\"@id\":\"https:\/\/goodwill.fi\/kauppa\/tuote\/eschenbach-bavaria-tarjoiluvuoka\/#primaryimage\"},\"image\":{\"@id\":\"https:\/\/goodwill.fi\/kauppa\/tuote\/eschenbach-bavaria-tarjoiluvuoka\/#primaryimage\"},\"thumbnailUrl\":\"https:\/\/goodwill.fi\/kauppa\/wp-content\/uploads\/2025\/08\/IMG_2093-scaled-e1755672444499.jpg\",\"datePublished\":\"2025-08-20T06:44:21+00:00\",\"dateModified\":\"2025-08-20T06:48:51+00:00\",\"description\":\"Eschenbach Bavarian valmistama suorakulmion mallinen tarjoiluvuokaValmistaja: Eschenbach BavariaValmistusvuosi: 1970-luku\",\"breadcrumb\":{\"@id\":\"https:\/\/goodwill.fi\/kauppa\/tuote\/eschenbach-bavaria-tarjoiluvuoka\/#breadcrumb\"},\"inLanguage\":\"fi\",\"potentialAction\":[{\"@type\":\"ReadAction\",\"target\":[\"https:\/\/goodwill.fi\/kauppa\/tuote\/eschenbach-bavaria-tarjoiluvuoka\/\"]}]},{\"@type\":\"ImageObject\",\"inLanguage\":\"fi\",\"@id\":\"https:\/\/goodwill.fi\/kauppa\/tuote\/eschenbach-bavaria-tarjoiluvuoka\/#primaryimage\",\"url\":\"https:\/\/goodwill.fi\/kauppa\/wp-content\/uploads\/2025\/08\/IMG_2093-scaled-e1755672444499.jpg\",\"contentUrl\":\"https:\/\/goodwill.fi\/kauppa\/wp-content\/uploads\/2025\/08\/IMG_2093-scaled-e1755672444499.jpg\",\"width\":1818,\"height\":1707},{\"@type\":\"BreadcrumbList\",\"@id\":\"https:\/\/goodwill.fi\/kauppa\/tuote\/eschenbach-bavaria-tarjoiluvuoka\/#breadcrumb\",\"itemListElement\":[{\"@type\":\"ListItem\",\"position\":1,\"name\":\"Home\",\"item\":\"https:\/\/goodwill.fi\/kauppa\/\"},{\"@type\":\"ListItem\",\"position\":2,\"name\":\"Shop\",\"item\":\"https:\/\/goodwill.fi\/kauppa\/shop\/\"},{\"@type\":\"ListItem\",\"position\":3,\"name\":\"ESCHENBACH BAVARIA TARJOILUVUOKA\"}]},{\"@type\":\"WebSite\",\"@id\":\"https:\/\/goodwill.fi\/kauppa\/#website\",\"url\":\"https:\/\/goodwill.fi\/kauppa\/\",\"name\":\"Goodwill-verkkokauppa\",\"description\":\"Kierr\u00e4tysmyym\u00e4l\u00e4 verkossa\",\"publisher\":{\"@id\":\"https:\/\/goodwill.fi\/kauppa\/#organization\"},\"potentialAction\":[{\"@type\":\"SearchAction\",\"target\":{\"@type\":\"EntryPoint\",\"urlTemplate\":\"https:\/\/goodwill.fi\/kauppa\/?s={search_term_string}\"},\"query-input\":{\"@type\":\"PropertyValueSpecification\",\"valueRequired\":true,\"valueName\":\"search_term_string\"}}],\"inLanguage\":\"fi\"},{\"@type\":\"Organization\",\"@id\":\"https:\/\/goodwill.fi\/kauppa\/#organization\",\"name\":\"Goodwill-verkkokauppa\",\"url\":\"https:\/\/goodwill.fi\/kauppa\/\",\"logo\":{\"@type\":\"ImageObject\",\"inLanguage\":\"fi\",\"@id\":\"https:\/\/goodwill.fi\/kauppa\/#\/schema\/logo\/image\/\",\"url\":\"https:\/\/goodwill.fi\/kauppa\/wp-content\/uploads\/2021\/02\/cropped-logo_gw_store-723x211-1.png\",\"contentUrl\":\"https:\/\/goodwill.fi\/kauppa\/wp-content\/uploads\/2021\/02\/cropped-logo_gw_store-723x211-1.png\",\"width\":723,\"height\":207,\"caption\":\"Goodwill-verkkokauppa\"},\"image\":{\"@id\":\"https:\/\/goodwill.fi\/kauppa\/#\/schema\/logo\/image\/\"}}]}<\/script>\n<!-- \/ Yoast SEO plugin. -->","yoast_head_json":{"title":"ESCHENBACH BAVARIA TARJOILUVUOKA - Goodwill-verkkokauppa","description":"Eschenbach Bavarian valmistama suorakulmion mallinen tarjoiluvuokaValmistaja: Eschenbach BavariaValmistusvuosi: 1970-luku","robots":{"index":"index","follow":"follow","max-snippet":"max-snippet:-1","max-image-preview":"max-image-preview:large","max-video-preview":"max-video-preview:-1"},"canonical":"https:\/\/goodwill.fi\/kauppa\/tuote\/eschenbach-bavaria-tarjoiluvuoka\/","og_locale":"fi_FI","og_type":"article","og_title":"ESCHENBACH BAVARIA TARJOILUVUOKA - Goodwill-verkkokauppa","og_description":"Eschenbach Bavarian valmistama suorakulmion mallinen tarjoiluvuokaValmistaja: Eschenbach BavariaValmistusvuosi: 1970-luku","og_url":"https:\/\/goodwill.fi\/kauppa\/tuote\/eschenbach-bavaria-tarjoiluvuoka\/","og_site_name":"Goodwill-verkkokauppa","article_modified_time":"2025-08-20T06:48:51+00:00","og_image":[{"width":1818,"height":1707,"url":"https:\/\/goodwill.fi\/kauppa\/wp-content\/uploads\/2025\/08\/IMG_2093-scaled-e1755672444499.jpg","type":"image\/jpeg"}],"twitter_card":"summary_large_image","twitter_misc":{"Arvioitu lukuaika":"1 minuutti"},"schema":{"@context":"https:\/\/schema.org","@graph":[{"@type":"WebPage","@id":"https:\/\/goodwill.fi\/kauppa\/tuote\/eschenbach-bavaria-tarjoiluvuoka\/","url":"https:\/\/goodwill.fi\/kauppa\/tuote\/eschenbach-bavaria-tarjoiluvuoka\/","name":"ESCHENBACH BAVARIA TARJOILUVUOKA - Goodwill-verkkokauppa","isPartOf":{"@id":"https:\/\/goodwill.fi\/kauppa\/#website"},"primaryImageOfPage":{"@id":"https:\/\/goodwill.fi\/kauppa\/tuote\/eschenbach-bavaria-tarjoiluvuoka\/#primaryimage"},"image":{"@id":"https:\/\/goodwill.fi\/kauppa\/tuote\/eschenbach-bavaria-tarjoiluvuoka\/#primaryimage"},"thumbnailUrl":"https:\/\/goodwill.fi\/kauppa\/wp-content\/uploads\/2025\/08\/IMG_2093-scaled-e1755672444499.jpg","datePublished":"2025-08-20T06:44:21+00:00","dateModified":"2025-08-20T06:48:51+00:00","description":"Eschenbach Bavarian valmistama suorakulmion mallinen tarjoiluvuokaValmistaja: Eschenbach BavariaValmistusvuosi: 1970-luku","breadcrumb":{"@id":"https:\/\/goodwill.fi\/kauppa\/tuote\/eschenbach-bavaria-tarjoiluvuoka\/#breadcrumb"},"inLanguage":"fi","potentialAction":[{"@type":"ReadAction","target":["https:\/\/goodwill.fi\/kauppa\/tuote\/eschenbach-bavaria-tarjoiluvuoka\/"]}]},{"@type":"ImageObject","inLanguage":"fi","@id":"https:\/\/goodwill.fi\/kauppa\/tuote\/eschenbach-bavaria-tarjoiluvuoka\/#primaryimage","url":"https:\/\/goodwill.fi\/kauppa\/wp-content\/uploads\/2025\/08\/IMG_2093-scaled-e1755672444499.jpg","contentUrl":"https:\/\/goodwill.fi\/kauppa\/wp-content\/uploads\/2025\/08\/IMG_2093-scaled-e1755672444499.jpg","width":1818,"height":1707},{"@type":"BreadcrumbList","@id":"https:\/\/goodwill.fi\/kauppa\/tuote\/eschenbach-bavaria-tarjoiluvuoka\/#breadcrumb","itemListElement":[{"@type":"ListItem","position":1,"name":"Home","item":"https:\/\/goodwill.fi\/kauppa\/"},{"@type":"ListItem","position":2,"name":"Shop","item":"https:\/\/goodwill.fi\/kauppa\/shop\/"},{"@type":"ListItem","position":3,"name":"ESCHENBACH BAVARIA TARJOILUVUOKA"}]},{"@type":"WebSite","@id":"https:\/\/goodwill.fi\/kauppa\/#website","url":"https:\/\/goodwill.fi\/kauppa\/","name":"Goodwill-verkkokauppa","description":"Kierr\u00e4tysmyym\u00e4l\u00e4 verkossa","publisher":{"@id":"https:\/\/goodwill.fi\/kauppa\/#organization"},"potentialAction":[{"@type":"SearchAction","target":{"@type":"EntryPoint","urlTemplate":"https:\/\/goodwill.fi\/kauppa\/?s={search_term_string}"},"query-input":{"@type":"PropertyValueSpecification","valueRequired":true,"valueName":"search_term_string"}}],"inLanguage":"fi"},{"@type":"Organization","@id":"https:\/\/goodwill.fi\/kauppa\/#organization","name":"Goodwill-verkkokauppa","url":"https:\/\/goodwill.fi\/kauppa\/","logo":{"@type":"ImageObject","inLanguage":"fi","@id":"https:\/\/goodwill.fi\/kauppa\/#\/schema\/logo\/image\/","url":"https:\/\/goodwill.fi\/kauppa\/wp-content\/uploads\/2021\/02\/cropped-logo_gw_store-723x211-1.png","contentUrl":"https:\/\/goodwill.fi\/kauppa\/wp-content\/uploads\/2021\/02\/cropped-logo_gw_store-723x211-1.png","width":723,"height":207,"caption":"Goodwill-verkkokauppa"},"image":{"@id":"https:\/\/goodwill.fi\/kauppa\/#\/schema\/logo\/image\/"}}]}},"_links":{"self":[{"href":"https:\/\/goodwill.fi\/kauppa\/wp-json\/wp\/v2\/product\/58379","targetHints":{"allow":["GET"]}}],"collection":[{"href":"https:\/\/goodwill.fi\/kauppa\/wp-json\/wp\/v2\/product"}],"about":[{"href":"https:\/\/goodwill.fi\/kauppa\/wp-json\/wp\/v2\/types\/product"}],"replies":[{"embeddable":true,"href":"https:\/\/goodwill.fi\/kauppa\/wp-json\/wp\/v2\/comments?post=58379"}],"wp:featuredmedia":[{"embeddable":true,"href":"https:\/\/goodwill.fi\/kauppa\/wp-json\/wp\/v2\/media\/58380"}],"wp:attachment":[{"href":"https:\/\/goodwill.fi\/kauppa\/wp-json\/wp\/v2\/media?parent=58379"}],"wp:term":[{"taxonomy":"product_brand","embeddable":true,"href":"https:\/\/goodwill.fi\/kauppa\/wp-json\/wp\/v2\/product_brand?post=58379"},{"taxonomy":"product_cat","embeddable":true,"href":"https:\/\/goodwill.fi\/kauppa\/wp-json\/wp\/v2\/product_cat?post=58379"},{"taxonomy":"product_tag","embeddable":true,"href":"https:\/\/goodwill.fi\/kauppa\/wp-json\/wp\/v2\/product_tag?post=58379"}],"curies":[{"name":"wp","href":"https:\/\/api.w.org\/{rel}","templated":true}]}}