{"id":58288,"date":"2025-08-19T09:47:01","date_gmt":"2025-08-19T06:47:01","guid":{"rendered":"https:\/\/goodwill.fi\/kauppa\/?post_type=product&#038;p=58288"},"modified":"2025-08-19T09:47:01","modified_gmt":"2025-08-19T06:47:01","slug":"mattel-barbie-leikkisetti","status":"publish","type":"product","link":"https:\/\/goodwill.fi\/kauppa\/tuote\/mattel-barbie-leikkisetti\/","title":{"rendered":"MATTEL BARBIE LEIKKISETTI"},"content":{"rendered":"<p>Mattelin valmistama Barbie nukeille tarkoitettu leikkisetti. Settiin kuuluu kampausp\u00f6yt\u00e4, aurinkotuoli, naulakko ja k\u00e4ytt\u00f6esineit\u00e4.<\/p>\n<p>Valmistaja: Mattel inc<br \/>\nMitat: paino yhteens\u00e4 240 g<br \/>\nV\u00e4ri: moniv\u00e4rinen<br \/>\nKunto: ehj\u00e4t, k\u00e4yt\u00f6n j\u00e4lki\u00e4, tahroja<\/p>\n","protected":false},"excerpt":{"rendered":"<p>Mattelin valmistama Barbie nukeille tarkoitettu leikkisetti. Settiin kuuluu kampausp\u00f6yt\u00e4, aurinkotuoli, naulakko ja k\u00e4ytt\u00f6esineit\u00e4. Valmistaja: Mattel inc Mitat: paino yhteens\u00e4 240 g V\u00e4ri: moniv\u00e4rinen Kunto: ehj\u00e4t, k\u00e4yt\u00f6n j\u00e4lki\u00e4, tahroja<\/p>\n","protected":false},"featured_media":58289,"comment_status":"open","ping_status":"closed","template":"","meta":[],"product_brand":[],"product_cat":[159,180,183],"product_tag":[16549,11300,16548,16547,11301],"class_list":{"0":"post-58288","1":"product","2":"type-product","3":"status-publish","4":"has-post-thumbnail","6":"product_cat-kaikki","7":"product_cat-keraily-2","8":"product_cat-lelut","9":"product_tag-aurinkotuoli","10":"product_tag-barbie","11":"product_tag-kampauspoyta","12":"product_tag-leikkisetti","13":"product_tag-mattel","15":"first","16":"instock","17":"taxable","18":"shipping-taxable","19":"purchasable","20":"product-type-simple"},"yoast_head":"<!-- This site is optimized with the Yoast SEO plugin v27.1.1 - https:\/\/yoast.com\/product\/yoast-seo-wordpress\/ -->\n<title>MATTEL BARBIE LEIKKISETTI - Goodwill-verkkokauppa<\/title>\n<meta name=\"description\" content=\"Mattelin valmistama Barbie nukeille tarkoitettu leikkisetti. Settiin kuuluu kampausp\u00f6yt\u00e4, aurinkotuoli, naulakko ja k\u00e4ytt\u00f6esineit\u00e4.Valmistaja: Mattel inc\" \/>\n<meta name=\"robots\" content=\"index, follow, max-snippet:-1, max-image-preview:large, max-video-preview:-1\" \/>\n<link rel=\"canonical\" href=\"https:\/\/goodwill.fi\/kauppa\/tuote\/mattel-barbie-leikkisetti\/\" \/>\n<meta property=\"og:locale\" content=\"fi_FI\" \/>\n<meta property=\"og:type\" content=\"article\" \/>\n<meta property=\"og:title\" content=\"MATTEL BARBIE LEIKKISETTI - Goodwill-verkkokauppa\" \/>\n<meta property=\"og:description\" content=\"Mattelin valmistama Barbie nukeille tarkoitettu leikkisetti. Settiin kuuluu kampausp\u00f6yt\u00e4, aurinkotuoli, naulakko ja k\u00e4ytt\u00f6esineit\u00e4.Valmistaja: Mattel inc\" \/>\n<meta property=\"og:url\" content=\"https:\/\/goodwill.fi\/kauppa\/tuote\/mattel-barbie-leikkisetti\/\" \/>\n<meta property=\"og:site_name\" content=\"Goodwill-verkkokauppa\" \/>\n<meta property=\"og:image\" content=\"https:\/\/goodwill.fi\/kauppa\/wp-content\/uploads\/2025\/08\/IMG_2016-scaled-e1755585809820.jpg\" \/>\n\t<meta property=\"og:image:width\" content=\"1122\" \/>\n\t<meta property=\"og:image:height\" content=\"1523\" \/>\n\t<meta property=\"og:image:type\" content=\"image\/jpeg\" \/>\n<meta name=\"twitter:card\" content=\"summary_large_image\" \/>\n<meta name=\"twitter:label1\" content=\"Arvioitu lukuaika\" \/>\n\t<meta name=\"twitter:data1\" content=\"1 minuutti\" \/>\n<script type=\"application\/ld+json\" class=\"yoast-schema-graph\">{\"@context\":\"https:\/\/schema.org\",\"@graph\":[{\"@type\":\"WebPage\",\"@id\":\"https:\/\/goodwill.fi\/kauppa\/tuote\/mattel-barbie-leikkisetti\/\",\"url\":\"https:\/\/goodwill.fi\/kauppa\/tuote\/mattel-barbie-leikkisetti\/\",\"name\":\"MATTEL BARBIE LEIKKISETTI - Goodwill-verkkokauppa\",\"isPartOf\":{\"@id\":\"https:\/\/goodwill.fi\/kauppa\/#website\"},\"primaryImageOfPage\":{\"@id\":\"https:\/\/goodwill.fi\/kauppa\/tuote\/mattel-barbie-leikkisetti\/#primaryimage\"},\"image\":{\"@id\":\"https:\/\/goodwill.fi\/kauppa\/tuote\/mattel-barbie-leikkisetti\/#primaryimage\"},\"thumbnailUrl\":\"https:\/\/goodwill.fi\/kauppa\/wp-content\/uploads\/2025\/08\/IMG_2016-scaled-e1755585809820.jpg\",\"datePublished\":\"2025-08-19T06:47:01+00:00\",\"description\":\"Mattelin valmistama Barbie nukeille tarkoitettu leikkisetti. Settiin kuuluu kampausp\u00f6yt\u00e4, aurinkotuoli, naulakko ja k\u00e4ytt\u00f6esineit\u00e4.Valmistaja: Mattel inc\",\"breadcrumb\":{\"@id\":\"https:\/\/goodwill.fi\/kauppa\/tuote\/mattel-barbie-leikkisetti\/#breadcrumb\"},\"inLanguage\":\"fi\",\"potentialAction\":[{\"@type\":\"ReadAction\",\"target\":[\"https:\/\/goodwill.fi\/kauppa\/tuote\/mattel-barbie-leikkisetti\/\"]}]},{\"@type\":\"ImageObject\",\"inLanguage\":\"fi\",\"@id\":\"https:\/\/goodwill.fi\/kauppa\/tuote\/mattel-barbie-leikkisetti\/#primaryimage\",\"url\":\"https:\/\/goodwill.fi\/kauppa\/wp-content\/uploads\/2025\/08\/IMG_2016-scaled-e1755585809820.jpg\",\"contentUrl\":\"https:\/\/goodwill.fi\/kauppa\/wp-content\/uploads\/2025\/08\/IMG_2016-scaled-e1755585809820.jpg\",\"width\":1122,\"height\":1523},{\"@type\":\"BreadcrumbList\",\"@id\":\"https:\/\/goodwill.fi\/kauppa\/tuote\/mattel-barbie-leikkisetti\/#breadcrumb\",\"itemListElement\":[{\"@type\":\"ListItem\",\"position\":1,\"name\":\"Home\",\"item\":\"https:\/\/goodwill.fi\/kauppa\/\"},{\"@type\":\"ListItem\",\"position\":2,\"name\":\"Shop\",\"item\":\"https:\/\/goodwill.fi\/kauppa\/shop\/\"},{\"@type\":\"ListItem\",\"position\":3,\"name\":\"MATTEL BARBIE LEIKKISETTI\"}]},{\"@type\":\"WebSite\",\"@id\":\"https:\/\/goodwill.fi\/kauppa\/#website\",\"url\":\"https:\/\/goodwill.fi\/kauppa\/\",\"name\":\"Goodwill-verkkokauppa\",\"description\":\"Kierr\u00e4tysmyym\u00e4l\u00e4 verkossa\",\"publisher\":{\"@id\":\"https:\/\/goodwill.fi\/kauppa\/#organization\"},\"potentialAction\":[{\"@type\":\"SearchAction\",\"target\":{\"@type\":\"EntryPoint\",\"urlTemplate\":\"https:\/\/goodwill.fi\/kauppa\/?s={search_term_string}\"},\"query-input\":{\"@type\":\"PropertyValueSpecification\",\"valueRequired\":true,\"valueName\":\"search_term_string\"}}],\"inLanguage\":\"fi\"},{\"@type\":\"Organization\",\"@id\":\"https:\/\/goodwill.fi\/kauppa\/#organization\",\"name\":\"Goodwill-verkkokauppa\",\"url\":\"https:\/\/goodwill.fi\/kauppa\/\",\"logo\":{\"@type\":\"ImageObject\",\"inLanguage\":\"fi\",\"@id\":\"https:\/\/goodwill.fi\/kauppa\/#\/schema\/logo\/image\/\",\"url\":\"https:\/\/goodwill.fi\/kauppa\/wp-content\/uploads\/2021\/02\/cropped-logo_gw_store-723x211-1.png\",\"contentUrl\":\"https:\/\/goodwill.fi\/kauppa\/wp-content\/uploads\/2021\/02\/cropped-logo_gw_store-723x211-1.png\",\"width\":723,\"height\":207,\"caption\":\"Goodwill-verkkokauppa\"},\"image\":{\"@id\":\"https:\/\/goodwill.fi\/kauppa\/#\/schema\/logo\/image\/\"}}]}<\/script>\n<!-- \/ Yoast SEO plugin. -->","yoast_head_json":{"title":"MATTEL BARBIE LEIKKISETTI - Goodwill-verkkokauppa","description":"Mattelin valmistama Barbie nukeille tarkoitettu leikkisetti. Settiin kuuluu kampausp\u00f6yt\u00e4, aurinkotuoli, naulakko ja k\u00e4ytt\u00f6esineit\u00e4.Valmistaja: Mattel inc","robots":{"index":"index","follow":"follow","max-snippet":"max-snippet:-1","max-image-preview":"max-image-preview:large","max-video-preview":"max-video-preview:-1"},"canonical":"https:\/\/goodwill.fi\/kauppa\/tuote\/mattel-barbie-leikkisetti\/","og_locale":"fi_FI","og_type":"article","og_title":"MATTEL BARBIE LEIKKISETTI - Goodwill-verkkokauppa","og_description":"Mattelin valmistama Barbie nukeille tarkoitettu leikkisetti. Settiin kuuluu kampausp\u00f6yt\u00e4, aurinkotuoli, naulakko ja k\u00e4ytt\u00f6esineit\u00e4.Valmistaja: Mattel inc","og_url":"https:\/\/goodwill.fi\/kauppa\/tuote\/mattel-barbie-leikkisetti\/","og_site_name":"Goodwill-verkkokauppa","og_image":[{"width":1122,"height":1523,"url":"https:\/\/goodwill.fi\/kauppa\/wp-content\/uploads\/2025\/08\/IMG_2016-scaled-e1755585809820.jpg","type":"image\/jpeg"}],"twitter_card":"summary_large_image","twitter_misc":{"Arvioitu lukuaika":"1 minuutti"},"schema":{"@context":"https:\/\/schema.org","@graph":[{"@type":"WebPage","@id":"https:\/\/goodwill.fi\/kauppa\/tuote\/mattel-barbie-leikkisetti\/","url":"https:\/\/goodwill.fi\/kauppa\/tuote\/mattel-barbie-leikkisetti\/","name":"MATTEL BARBIE LEIKKISETTI - Goodwill-verkkokauppa","isPartOf":{"@id":"https:\/\/goodwill.fi\/kauppa\/#website"},"primaryImageOfPage":{"@id":"https:\/\/goodwill.fi\/kauppa\/tuote\/mattel-barbie-leikkisetti\/#primaryimage"},"image":{"@id":"https:\/\/goodwill.fi\/kauppa\/tuote\/mattel-barbie-leikkisetti\/#primaryimage"},"thumbnailUrl":"https:\/\/goodwill.fi\/kauppa\/wp-content\/uploads\/2025\/08\/IMG_2016-scaled-e1755585809820.jpg","datePublished":"2025-08-19T06:47:01+00:00","description":"Mattelin valmistama Barbie nukeille tarkoitettu leikkisetti. Settiin kuuluu kampausp\u00f6yt\u00e4, aurinkotuoli, naulakko ja k\u00e4ytt\u00f6esineit\u00e4.Valmistaja: Mattel inc","breadcrumb":{"@id":"https:\/\/goodwill.fi\/kauppa\/tuote\/mattel-barbie-leikkisetti\/#breadcrumb"},"inLanguage":"fi","potentialAction":[{"@type":"ReadAction","target":["https:\/\/goodwill.fi\/kauppa\/tuote\/mattel-barbie-leikkisetti\/"]}]},{"@type":"ImageObject","inLanguage":"fi","@id":"https:\/\/goodwill.fi\/kauppa\/tuote\/mattel-barbie-leikkisetti\/#primaryimage","url":"https:\/\/goodwill.fi\/kauppa\/wp-content\/uploads\/2025\/08\/IMG_2016-scaled-e1755585809820.jpg","contentUrl":"https:\/\/goodwill.fi\/kauppa\/wp-content\/uploads\/2025\/08\/IMG_2016-scaled-e1755585809820.jpg","width":1122,"height":1523},{"@type":"BreadcrumbList","@id":"https:\/\/goodwill.fi\/kauppa\/tuote\/mattel-barbie-leikkisetti\/#breadcrumb","itemListElement":[{"@type":"ListItem","position":1,"name":"Home","item":"https:\/\/goodwill.fi\/kauppa\/"},{"@type":"ListItem","position":2,"name":"Shop","item":"https:\/\/goodwill.fi\/kauppa\/shop\/"},{"@type":"ListItem","position":3,"name":"MATTEL BARBIE LEIKKISETTI"}]},{"@type":"WebSite","@id":"https:\/\/goodwill.fi\/kauppa\/#website","url":"https:\/\/goodwill.fi\/kauppa\/","name":"Goodwill-verkkokauppa","description":"Kierr\u00e4tysmyym\u00e4l\u00e4 verkossa","publisher":{"@id":"https:\/\/goodwill.fi\/kauppa\/#organization"},"potentialAction":[{"@type":"SearchAction","target":{"@type":"EntryPoint","urlTemplate":"https:\/\/goodwill.fi\/kauppa\/?s={search_term_string}"},"query-input":{"@type":"PropertyValueSpecification","valueRequired":true,"valueName":"search_term_string"}}],"inLanguage":"fi"},{"@type":"Organization","@id":"https:\/\/goodwill.fi\/kauppa\/#organization","name":"Goodwill-verkkokauppa","url":"https:\/\/goodwill.fi\/kauppa\/","logo":{"@type":"ImageObject","inLanguage":"fi","@id":"https:\/\/goodwill.fi\/kauppa\/#\/schema\/logo\/image\/","url":"https:\/\/goodwill.fi\/kauppa\/wp-content\/uploads\/2021\/02\/cropped-logo_gw_store-723x211-1.png","contentUrl":"https:\/\/goodwill.fi\/kauppa\/wp-content\/uploads\/2021\/02\/cropped-logo_gw_store-723x211-1.png","width":723,"height":207,"caption":"Goodwill-verkkokauppa"},"image":{"@id":"https:\/\/goodwill.fi\/kauppa\/#\/schema\/logo\/image\/"}}]}},"_links":{"self":[{"href":"https:\/\/goodwill.fi\/kauppa\/wp-json\/wp\/v2\/product\/58288","targetHints":{"allow":["GET"]}}],"collection":[{"href":"https:\/\/goodwill.fi\/kauppa\/wp-json\/wp\/v2\/product"}],"about":[{"href":"https:\/\/goodwill.fi\/kauppa\/wp-json\/wp\/v2\/types\/product"}],"replies":[{"embeddable":true,"href":"https:\/\/goodwill.fi\/kauppa\/wp-json\/wp\/v2\/comments?post=58288"}],"wp:featuredmedia":[{"embeddable":true,"href":"https:\/\/goodwill.fi\/kauppa\/wp-json\/wp\/v2\/media\/58289"}],"wp:attachment":[{"href":"https:\/\/goodwill.fi\/kauppa\/wp-json\/wp\/v2\/media?parent=58288"}],"wp:term":[{"taxonomy":"product_brand","embeddable":true,"href":"https:\/\/goodwill.fi\/kauppa\/wp-json\/wp\/v2\/product_brand?post=58288"},{"taxonomy":"product_cat","embeddable":true,"href":"https:\/\/goodwill.fi\/kauppa\/wp-json\/wp\/v2\/product_cat?post=58288"},{"taxonomy":"product_tag","embeddable":true,"href":"https:\/\/goodwill.fi\/kauppa\/wp-json\/wp\/v2\/product_tag?post=58288"}],"curies":[{"name":"wp","href":"https:\/\/api.w.org\/{rel}","templated":true}]}}