{"id":58117,"date":"2025-08-15T14:23:16","date_gmt":"2025-08-15T11:23:16","guid":{"rendered":"https:\/\/goodwill.fi\/kauppa\/?post_type=product&#038;p=58117"},"modified":"2025-08-15T14:23:17","modified_gmt":"2025-08-15T11:23:17","slug":"humppila-tutti-frutti-viinilasi-2-kpl","status":"publish","type":"product","link":"https:\/\/goodwill.fi\/kauppa\/tuote\/humppila-tutti-frutti-viinilasi-2-kpl\/","title":{"rendered":"HUMPPILA TUTTI FRUTTI VIINILASI 2 KPL"},"content":{"rendered":"<p>Suunnittelija: Nanny Still<br \/>\nValmistaja: Humppilan lasi<br \/>\nValmistusvuosi: 1970-luku<br \/>\nMitat: korkeus 15 cm, halkaisija 7 cm<br \/>\nMateriaali: lasi<br \/>\nKunto: ehj\u00e4t, v\u00e4h\u00e4isi\u00e4 k\u00e4yt\u00f6n j\u00e4lki\u00e4<br \/>\nHuom. myyd\u00e4\u00e4n kahden lasin settin\u00e4<\/p>\n","protected":false},"excerpt":{"rendered":"<p>Suunnittelija: Nanny Still Valmistaja: Humppilan lasi Valmistusvuosi: 1970-luku Mitat: korkeus 15 cm, halkaisija 7 cm Materiaali: lasi Kunto: ehj\u00e4t, v\u00e4h\u00e4isi\u00e4 k\u00e4yt\u00f6n j\u00e4lki\u00e4 Huom. myyd\u00e4\u00e4n kahden lasin settin\u00e4<\/p>\n","protected":false},"featured_media":58121,"comment_status":"open","ping_status":"closed","template":"","meta":[],"product_brand":[14737],"product_cat":[166,14859,159,14862],"product_tag":[332,16518,1309,5242,671],"class_list":{"0":"post-58117","1":"product","2":"type-product","3":"status-publish","4":"has-post-thumbnail","6":"product_brand-humppilan-lasi","7":"product_cat-astiat-2","8":"product_cat-humppila","9":"product_cat-kaikki","10":"product_cat-kupit-lasit","11":"product_tag-humppilan-lasi","12":"product_tag-kem01200","13":"product_tag-nanny-still","14":"product_tag-tutti-frutti","15":"product_tag-viinilasi","17":"first","18":"instock","19":"taxable","20":"shipping-taxable","21":"purchasable","22":"product-type-simple"},"yoast_head":"<!-- This site is optimized with the Yoast SEO plugin v27.4 - https:\/\/yoast.com\/product\/yoast-seo-wordpress\/ -->\n<title>HUMPPILA TUTTI FRUTTI VIINILASI 2 KPL - Goodwill-verkkokauppa<\/title>\n<meta name=\"description\" content=\"Suunnittelija: Nanny Still Valmistaja: Humppilan lasi Valmistusvuosi: 1970-luku Mitat: korkeus 15 cm, halkaisija 7 cm Materiaali: lasi Kunto: ehj\u00e4t, v\u00e4h\u00e4isi\u00e4 k\u00e4yt\u00f6n j\u00e4lki\u00e4 Huom. myyd\u00e4\u00e4n kahden lasin settin\u00e4\" \/>\n<meta name=\"robots\" content=\"index, follow, max-snippet:-1, max-image-preview:large, max-video-preview:-1\" \/>\n<link rel=\"canonical\" href=\"https:\/\/goodwill.fi\/kauppa\/tuote\/humppila-tutti-frutti-viinilasi-2-kpl\/\" \/>\n<meta property=\"og:locale\" content=\"fi_FI\" \/>\n<meta property=\"og:type\" content=\"article\" \/>\n<meta property=\"og:title\" content=\"HUMPPILA TUTTI FRUTTI VIINILASI 2 KPL - Goodwill-verkkokauppa\" \/>\n<meta property=\"og:description\" content=\"Suunnittelija: Nanny Still Valmistaja: Humppilan lasi Valmistusvuosi: 1970-luku Mitat: korkeus 15 cm, halkaisija 7 cm Materiaali: lasi Kunto: ehj\u00e4t, v\u00e4h\u00e4isi\u00e4 k\u00e4yt\u00f6n j\u00e4lki\u00e4 Huom. myyd\u00e4\u00e4n kahden lasin settin\u00e4\" \/>\n<meta property=\"og:url\" content=\"https:\/\/goodwill.fi\/kauppa\/tuote\/humppila-tutti-frutti-viinilasi-2-kpl\/\" \/>\n<meta property=\"og:site_name\" content=\"Goodwill-verkkokauppa\" \/>\n<meta property=\"article:modified_time\" content=\"2025-08-15T11:23:17+00:00\" \/>\n<meta property=\"og:image\" content=\"https:\/\/goodwill.fi\/kauppa\/wp-content\/uploads\/2025\/08\/P1054849-10.jpg\" \/>\n\t<meta property=\"og:image:width\" content=\"2500\" \/>\n\t<meta property=\"og:image:height\" content=\"2500\" \/>\n\t<meta property=\"og:image:type\" content=\"image\/jpeg\" \/>\n<meta name=\"twitter:card\" content=\"summary_large_image\" \/>\n<meta name=\"twitter:label1\" content=\"Arvioitu lukuaika\" \/>\n\t<meta name=\"twitter:data1\" content=\"1 minuutti\" \/>\n<script type=\"application\/ld+json\" class=\"yoast-schema-graph\">{\"@context\":\"https:\\\/\\\/schema.org\",\"@graph\":[{\"@type\":\"WebPage\",\"@id\":\"https:\\\/\\\/goodwill.fi\\\/kauppa\\\/tuote\\\/humppila-tutti-frutti-viinilasi-2-kpl\\\/\",\"url\":\"https:\\\/\\\/goodwill.fi\\\/kauppa\\\/tuote\\\/humppila-tutti-frutti-viinilasi-2-kpl\\\/\",\"name\":\"HUMPPILA TUTTI FRUTTI VIINILASI 2 KPL - Goodwill-verkkokauppa\",\"isPartOf\":{\"@id\":\"https:\\\/\\\/goodwill.fi\\\/kauppa\\\/#website\"},\"primaryImageOfPage\":{\"@id\":\"https:\\\/\\\/goodwill.fi\\\/kauppa\\\/tuote\\\/humppila-tutti-frutti-viinilasi-2-kpl\\\/#primaryimage\"},\"image\":{\"@id\":\"https:\\\/\\\/goodwill.fi\\\/kauppa\\\/tuote\\\/humppila-tutti-frutti-viinilasi-2-kpl\\\/#primaryimage\"},\"thumbnailUrl\":\"https:\\\/\\\/goodwill.fi\\\/kauppa\\\/wp-content\\\/uploads\\\/2025\\\/08\\\/P1054849-10.jpg\",\"datePublished\":\"2025-08-15T11:23:16+00:00\",\"dateModified\":\"2025-08-15T11:23:17+00:00\",\"description\":\"Suunnittelija: Nanny Still Valmistaja: Humppilan lasi Valmistusvuosi: 1970-luku Mitat: korkeus 15 cm, halkaisija 7 cm Materiaali: lasi Kunto: ehj\u00e4t, v\u00e4h\u00e4isi\u00e4 k\u00e4yt\u00f6n j\u00e4lki\u00e4 Huom. myyd\u00e4\u00e4n kahden lasin settin\u00e4\",\"breadcrumb\":{\"@id\":\"https:\\\/\\\/goodwill.fi\\\/kauppa\\\/tuote\\\/humppila-tutti-frutti-viinilasi-2-kpl\\\/#breadcrumb\"},\"inLanguage\":\"fi\",\"potentialAction\":[{\"@type\":\"ReadAction\",\"target\":[\"https:\\\/\\\/goodwill.fi\\\/kauppa\\\/tuote\\\/humppila-tutti-frutti-viinilasi-2-kpl\\\/\"]}]},{\"@type\":\"ImageObject\",\"inLanguage\":\"fi\",\"@id\":\"https:\\\/\\\/goodwill.fi\\\/kauppa\\\/tuote\\\/humppila-tutti-frutti-viinilasi-2-kpl\\\/#primaryimage\",\"url\":\"https:\\\/\\\/goodwill.fi\\\/kauppa\\\/wp-content\\\/uploads\\\/2025\\\/08\\\/P1054849-10.jpg\",\"contentUrl\":\"https:\\\/\\\/goodwill.fi\\\/kauppa\\\/wp-content\\\/uploads\\\/2025\\\/08\\\/P1054849-10.jpg\",\"width\":2500,\"height\":2500},{\"@type\":\"BreadcrumbList\",\"@id\":\"https:\\\/\\\/goodwill.fi\\\/kauppa\\\/tuote\\\/humppila-tutti-frutti-viinilasi-2-kpl\\\/#breadcrumb\",\"itemListElement\":[{\"@type\":\"ListItem\",\"position\":1,\"name\":\"Home\",\"item\":\"https:\\\/\\\/goodwill.fi\\\/kauppa\\\/\"},{\"@type\":\"ListItem\",\"position\":2,\"name\":\"Shop\",\"item\":\"https:\\\/\\\/goodwill.fi\\\/kauppa\\\/shop\\\/\"},{\"@type\":\"ListItem\",\"position\":3,\"name\":\"HUMPPILA TUTTI FRUTTI VIINILASI 2 KPL\"}]},{\"@type\":\"WebSite\",\"@id\":\"https:\\\/\\\/goodwill.fi\\\/kauppa\\\/#website\",\"url\":\"https:\\\/\\\/goodwill.fi\\\/kauppa\\\/\",\"name\":\"Goodwill-verkkokauppa\",\"description\":\"Kierr\u00e4tysmyym\u00e4l\u00e4 verkossa\",\"publisher\":{\"@id\":\"https:\\\/\\\/goodwill.fi\\\/kauppa\\\/#organization\"},\"potentialAction\":[{\"@type\":\"SearchAction\",\"target\":{\"@type\":\"EntryPoint\",\"urlTemplate\":\"https:\\\/\\\/goodwill.fi\\\/kauppa\\\/?s={search_term_string}\"},\"query-input\":{\"@type\":\"PropertyValueSpecification\",\"valueRequired\":true,\"valueName\":\"search_term_string\"}}],\"inLanguage\":\"fi\"},{\"@type\":\"Organization\",\"@id\":\"https:\\\/\\\/goodwill.fi\\\/kauppa\\\/#organization\",\"name\":\"Goodwill-verkkokauppa\",\"url\":\"https:\\\/\\\/goodwill.fi\\\/kauppa\\\/\",\"logo\":{\"@type\":\"ImageObject\",\"inLanguage\":\"fi\",\"@id\":\"https:\\\/\\\/goodwill.fi\\\/kauppa\\\/#\\\/schema\\\/logo\\\/image\\\/\",\"url\":\"https:\\\/\\\/goodwill.fi\\\/kauppa\\\/wp-content\\\/uploads\\\/2021\\\/02\\\/cropped-logo_gw_store-723x211-1.png\",\"contentUrl\":\"https:\\\/\\\/goodwill.fi\\\/kauppa\\\/wp-content\\\/uploads\\\/2021\\\/02\\\/cropped-logo_gw_store-723x211-1.png\",\"width\":723,\"height\":207,\"caption\":\"Goodwill-verkkokauppa\"},\"image\":{\"@id\":\"https:\\\/\\\/goodwill.fi\\\/kauppa\\\/#\\\/schema\\\/logo\\\/image\\\/\"}}]}<\/script>\n<!-- \/ Yoast SEO plugin. -->","yoast_head_json":{"title":"HUMPPILA TUTTI FRUTTI VIINILASI 2 KPL - Goodwill-verkkokauppa","description":"Suunnittelija: Nanny Still Valmistaja: Humppilan lasi Valmistusvuosi: 1970-luku Mitat: korkeus 15 cm, halkaisija 7 cm Materiaali: lasi Kunto: ehj\u00e4t, v\u00e4h\u00e4isi\u00e4 k\u00e4yt\u00f6n j\u00e4lki\u00e4 Huom. myyd\u00e4\u00e4n kahden lasin settin\u00e4","robots":{"index":"index","follow":"follow","max-snippet":"max-snippet:-1","max-image-preview":"max-image-preview:large","max-video-preview":"max-video-preview:-1"},"canonical":"https:\/\/goodwill.fi\/kauppa\/tuote\/humppila-tutti-frutti-viinilasi-2-kpl\/","og_locale":"fi_FI","og_type":"article","og_title":"HUMPPILA TUTTI FRUTTI VIINILASI 2 KPL - Goodwill-verkkokauppa","og_description":"Suunnittelija: Nanny Still Valmistaja: Humppilan lasi Valmistusvuosi: 1970-luku Mitat: korkeus 15 cm, halkaisija 7 cm Materiaali: lasi Kunto: ehj\u00e4t, v\u00e4h\u00e4isi\u00e4 k\u00e4yt\u00f6n j\u00e4lki\u00e4 Huom. myyd\u00e4\u00e4n kahden lasin settin\u00e4","og_url":"https:\/\/goodwill.fi\/kauppa\/tuote\/humppila-tutti-frutti-viinilasi-2-kpl\/","og_site_name":"Goodwill-verkkokauppa","article_modified_time":"2025-08-15T11:23:17+00:00","og_image":[{"width":2500,"height":2500,"url":"https:\/\/goodwill.fi\/kauppa\/wp-content\/uploads\/2025\/08\/P1054849-10.jpg","type":"image\/jpeg"}],"twitter_card":"summary_large_image","twitter_misc":{"Arvioitu lukuaika":"1 minuutti"},"schema":{"@context":"https:\/\/schema.org","@graph":[{"@type":"WebPage","@id":"https:\/\/goodwill.fi\/kauppa\/tuote\/humppila-tutti-frutti-viinilasi-2-kpl\/","url":"https:\/\/goodwill.fi\/kauppa\/tuote\/humppila-tutti-frutti-viinilasi-2-kpl\/","name":"HUMPPILA TUTTI FRUTTI VIINILASI 2 KPL - Goodwill-verkkokauppa","isPartOf":{"@id":"https:\/\/goodwill.fi\/kauppa\/#website"},"primaryImageOfPage":{"@id":"https:\/\/goodwill.fi\/kauppa\/tuote\/humppila-tutti-frutti-viinilasi-2-kpl\/#primaryimage"},"image":{"@id":"https:\/\/goodwill.fi\/kauppa\/tuote\/humppila-tutti-frutti-viinilasi-2-kpl\/#primaryimage"},"thumbnailUrl":"https:\/\/goodwill.fi\/kauppa\/wp-content\/uploads\/2025\/08\/P1054849-10.jpg","datePublished":"2025-08-15T11:23:16+00:00","dateModified":"2025-08-15T11:23:17+00:00","description":"Suunnittelija: Nanny Still Valmistaja: Humppilan lasi Valmistusvuosi: 1970-luku Mitat: korkeus 15 cm, halkaisija 7 cm Materiaali: lasi Kunto: ehj\u00e4t, v\u00e4h\u00e4isi\u00e4 k\u00e4yt\u00f6n j\u00e4lki\u00e4 Huom. myyd\u00e4\u00e4n kahden lasin settin\u00e4","breadcrumb":{"@id":"https:\/\/goodwill.fi\/kauppa\/tuote\/humppila-tutti-frutti-viinilasi-2-kpl\/#breadcrumb"},"inLanguage":"fi","potentialAction":[{"@type":"ReadAction","target":["https:\/\/goodwill.fi\/kauppa\/tuote\/humppila-tutti-frutti-viinilasi-2-kpl\/"]}]},{"@type":"ImageObject","inLanguage":"fi","@id":"https:\/\/goodwill.fi\/kauppa\/tuote\/humppila-tutti-frutti-viinilasi-2-kpl\/#primaryimage","url":"https:\/\/goodwill.fi\/kauppa\/wp-content\/uploads\/2025\/08\/P1054849-10.jpg","contentUrl":"https:\/\/goodwill.fi\/kauppa\/wp-content\/uploads\/2025\/08\/P1054849-10.jpg","width":2500,"height":2500},{"@type":"BreadcrumbList","@id":"https:\/\/goodwill.fi\/kauppa\/tuote\/humppila-tutti-frutti-viinilasi-2-kpl\/#breadcrumb","itemListElement":[{"@type":"ListItem","position":1,"name":"Home","item":"https:\/\/goodwill.fi\/kauppa\/"},{"@type":"ListItem","position":2,"name":"Shop","item":"https:\/\/goodwill.fi\/kauppa\/shop\/"},{"@type":"ListItem","position":3,"name":"HUMPPILA TUTTI FRUTTI VIINILASI 2 KPL"}]},{"@type":"WebSite","@id":"https:\/\/goodwill.fi\/kauppa\/#website","url":"https:\/\/goodwill.fi\/kauppa\/","name":"Goodwill-verkkokauppa","description":"Kierr\u00e4tysmyym\u00e4l\u00e4 verkossa","publisher":{"@id":"https:\/\/goodwill.fi\/kauppa\/#organization"},"potentialAction":[{"@type":"SearchAction","target":{"@type":"EntryPoint","urlTemplate":"https:\/\/goodwill.fi\/kauppa\/?s={search_term_string}"},"query-input":{"@type":"PropertyValueSpecification","valueRequired":true,"valueName":"search_term_string"}}],"inLanguage":"fi"},{"@type":"Organization","@id":"https:\/\/goodwill.fi\/kauppa\/#organization","name":"Goodwill-verkkokauppa","url":"https:\/\/goodwill.fi\/kauppa\/","logo":{"@type":"ImageObject","inLanguage":"fi","@id":"https:\/\/goodwill.fi\/kauppa\/#\/schema\/logo\/image\/","url":"https:\/\/goodwill.fi\/kauppa\/wp-content\/uploads\/2021\/02\/cropped-logo_gw_store-723x211-1.png","contentUrl":"https:\/\/goodwill.fi\/kauppa\/wp-content\/uploads\/2021\/02\/cropped-logo_gw_store-723x211-1.png","width":723,"height":207,"caption":"Goodwill-verkkokauppa"},"image":{"@id":"https:\/\/goodwill.fi\/kauppa\/#\/schema\/logo\/image\/"}}]}},"_links":{"self":[{"href":"https:\/\/goodwill.fi\/kauppa\/wp-json\/wp\/v2\/product\/58117","targetHints":{"allow":["GET"]}}],"collection":[{"href":"https:\/\/goodwill.fi\/kauppa\/wp-json\/wp\/v2\/product"}],"about":[{"href":"https:\/\/goodwill.fi\/kauppa\/wp-json\/wp\/v2\/types\/product"}],"replies":[{"embeddable":true,"href":"https:\/\/goodwill.fi\/kauppa\/wp-json\/wp\/v2\/comments?post=58117"}],"wp:featuredmedia":[{"embeddable":true,"href":"https:\/\/goodwill.fi\/kauppa\/wp-json\/wp\/v2\/media\/58121"}],"wp:attachment":[{"href":"https:\/\/goodwill.fi\/kauppa\/wp-json\/wp\/v2\/media?parent=58117"}],"wp:term":[{"taxonomy":"product_brand","embeddable":true,"href":"https:\/\/goodwill.fi\/kauppa\/wp-json\/wp\/v2\/product_brand?post=58117"},{"taxonomy":"product_cat","embeddable":true,"href":"https:\/\/goodwill.fi\/kauppa\/wp-json\/wp\/v2\/product_cat?post=58117"},{"taxonomy":"product_tag","embeddable":true,"href":"https:\/\/goodwill.fi\/kauppa\/wp-json\/wp\/v2\/product_tag?post=58117"}],"curies":[{"name":"wp","href":"https:\/\/api.w.org\/{rel}","templated":true}]}}