{"id":57805,"date":"2025-08-13T08:29:22","date_gmt":"2025-08-13T05:29:22","guid":{"rendered":"https:\/\/goodwill.fi\/kauppa\/?post_type=product&#038;p=57805"},"modified":"2025-08-13T08:29:23","modified_gmt":"2025-08-13T05:29:23","slug":"veljeni-leijonamieli","status":"publish","type":"product","link":"https:\/\/goodwill.fi\/kauppa\/tuote\/veljeni-leijonamieli\/","title":{"rendered":"VELJENI LEIJONAMIELI"},"content":{"rendered":"<p>Yleist\u00e4 tietoa: \u00c4\u00e4nikirja 6 CD:t\u00e4<br \/>\nSuunnittelija: Astrid Lindgren<br \/>\nValmistaja: WSOY<br \/>\nValmistusvuosi: 1991<br \/>\nMitat: n.13 x 13,3 cm<br \/>\nKunto: Hyv\u00e4, kannessa j\u00e4lki nimitarrasta<\/p>\n","protected":false},"excerpt":{"rendered":"<p>Yleist\u00e4 tietoa: \u00c4\u00e4nikirja 6 CD:t\u00e4 Suunnittelija: Astrid Lindgren Valmistaja: WSOY Valmistusvuosi: 1991 Mitat: n.13 x 13,3 cm Kunto: Hyv\u00e4, kannessa j\u00e4lki nimitarrasta<\/p>\n","protected":false},"featured_media":57806,"comment_status":"open","ping_status":"closed","template":"","meta":[],"product_brand":[],"product_cat":[151,159,150],"product_tag":[10965,16475],"class_list":{"0":"post-57805","1":"product","2":"type-product","3":"status-publish","4":"has-post-thumbnail","6":"product_cat-vinyylit","7":"product_cat-kaikki","8":"product_cat-kirjat-2","9":"product_tag-astrid-lindgren","10":"product_tag-lap00165","12":"first","13":"instock","14":"taxable","15":"shipping-taxable","16":"purchasable","17":"product-type-simple"},"yoast_head":"<!-- This site is optimized with the Yoast SEO plugin v27.4 - https:\/\/yoast.com\/product\/yoast-seo-wordpress\/ -->\n<title>VELJENI LEIJONAMIELI - Goodwill-verkkokauppa<\/title>\n<meta name=\"description\" content=\"Yleist\u00e4 tietoa: \u00c4\u00e4nikirja 6 CD:t\u00e4Suunnittelija: Astrid LindgrenValmistaja: WSOYValmistusvuosi: 1991Mitat: n.13 x 13,3 cmKunto: Hyv\u00e4, kannessa j\u00e4lki nimitarrasta\" \/>\n<meta name=\"robots\" content=\"index, follow, max-snippet:-1, max-image-preview:large, max-video-preview:-1\" \/>\n<link rel=\"canonical\" href=\"https:\/\/goodwill.fi\/kauppa\/tuote\/veljeni-leijonamieli\/\" \/>\n<meta property=\"og:locale\" content=\"fi_FI\" \/>\n<meta property=\"og:type\" content=\"article\" \/>\n<meta property=\"og:title\" content=\"VELJENI LEIJONAMIELI - Goodwill-verkkokauppa\" \/>\n<meta property=\"og:description\" content=\"Yleist\u00e4 tietoa: \u00c4\u00e4nikirja 6 CD:t\u00e4Suunnittelija: Astrid LindgrenValmistaja: WSOYValmistusvuosi: 1991Mitat: n.13 x 13,3 cmKunto: Hyv\u00e4, kannessa j\u00e4lki nimitarrasta\" \/>\n<meta property=\"og:url\" content=\"https:\/\/goodwill.fi\/kauppa\/tuote\/veljeni-leijonamieli\/\" \/>\n<meta property=\"og:site_name\" content=\"Goodwill-verkkokauppa\" \/>\n<meta property=\"article:modified_time\" content=\"2025-08-13T05:29:23+00:00\" \/>\n<meta property=\"og:image\" content=\"https:\/\/goodwill.fi\/kauppa\/wp-content\/uploads\/2025\/08\/IMG_3529-scaled.jpg\" \/>\n\t<meta property=\"og:image:width\" content=\"2560\" \/>\n\t<meta property=\"og:image:height\" content=\"1707\" \/>\n\t<meta property=\"og:image:type\" content=\"image\/jpeg\" \/>\n<meta name=\"twitter:card\" content=\"summary_large_image\" \/>\n<meta name=\"twitter:label1\" content=\"Arvioitu lukuaika\" \/>\n\t<meta name=\"twitter:data1\" content=\"1 minuutti\" \/>\n<script type=\"application\/ld+json\" class=\"yoast-schema-graph\">{\"@context\":\"https:\\\/\\\/schema.org\",\"@graph\":[{\"@type\":\"WebPage\",\"@id\":\"https:\\\/\\\/goodwill.fi\\\/kauppa\\\/tuote\\\/veljeni-leijonamieli\\\/\",\"url\":\"https:\\\/\\\/goodwill.fi\\\/kauppa\\\/tuote\\\/veljeni-leijonamieli\\\/\",\"name\":\"VELJENI LEIJONAMIELI - Goodwill-verkkokauppa\",\"isPartOf\":{\"@id\":\"https:\\\/\\\/goodwill.fi\\\/kauppa\\\/#website\"},\"primaryImageOfPage\":{\"@id\":\"https:\\\/\\\/goodwill.fi\\\/kauppa\\\/tuote\\\/veljeni-leijonamieli\\\/#primaryimage\"},\"image\":{\"@id\":\"https:\\\/\\\/goodwill.fi\\\/kauppa\\\/tuote\\\/veljeni-leijonamieli\\\/#primaryimage\"},\"thumbnailUrl\":\"https:\\\/\\\/goodwill.fi\\\/kauppa\\\/wp-content\\\/uploads\\\/2025\\\/08\\\/IMG_3529-scaled.jpg\",\"datePublished\":\"2025-08-13T05:29:22+00:00\",\"dateModified\":\"2025-08-13T05:29:23+00:00\",\"description\":\"Yleist\u00e4 tietoa: \u00c4\u00e4nikirja 6 CD:t\u00e4Suunnittelija: Astrid LindgrenValmistaja: WSOYValmistusvuosi: 1991Mitat: n.13 x 13,3 cmKunto: Hyv\u00e4, kannessa j\u00e4lki nimitarrasta\",\"breadcrumb\":{\"@id\":\"https:\\\/\\\/goodwill.fi\\\/kauppa\\\/tuote\\\/veljeni-leijonamieli\\\/#breadcrumb\"},\"inLanguage\":\"fi\",\"potentialAction\":[{\"@type\":\"ReadAction\",\"target\":[\"https:\\\/\\\/goodwill.fi\\\/kauppa\\\/tuote\\\/veljeni-leijonamieli\\\/\"]}]},{\"@type\":\"ImageObject\",\"inLanguage\":\"fi\",\"@id\":\"https:\\\/\\\/goodwill.fi\\\/kauppa\\\/tuote\\\/veljeni-leijonamieli\\\/#primaryimage\",\"url\":\"https:\\\/\\\/goodwill.fi\\\/kauppa\\\/wp-content\\\/uploads\\\/2025\\\/08\\\/IMG_3529-scaled.jpg\",\"contentUrl\":\"https:\\\/\\\/goodwill.fi\\\/kauppa\\\/wp-content\\\/uploads\\\/2025\\\/08\\\/IMG_3529-scaled.jpg\",\"width\":2560,\"height\":1707},{\"@type\":\"BreadcrumbList\",\"@id\":\"https:\\\/\\\/goodwill.fi\\\/kauppa\\\/tuote\\\/veljeni-leijonamieli\\\/#breadcrumb\",\"itemListElement\":[{\"@type\":\"ListItem\",\"position\":1,\"name\":\"Home\",\"item\":\"https:\\\/\\\/goodwill.fi\\\/kauppa\\\/\"},{\"@type\":\"ListItem\",\"position\":2,\"name\":\"Shop\",\"item\":\"https:\\\/\\\/goodwill.fi\\\/kauppa\\\/shop\\\/\"},{\"@type\":\"ListItem\",\"position\":3,\"name\":\"VELJENI LEIJONAMIELI\"}]},{\"@type\":\"WebSite\",\"@id\":\"https:\\\/\\\/goodwill.fi\\\/kauppa\\\/#website\",\"url\":\"https:\\\/\\\/goodwill.fi\\\/kauppa\\\/\",\"name\":\"Goodwill-verkkokauppa\",\"description\":\"Kierr\u00e4tysmyym\u00e4l\u00e4 verkossa\",\"publisher\":{\"@id\":\"https:\\\/\\\/goodwill.fi\\\/kauppa\\\/#organization\"},\"potentialAction\":[{\"@type\":\"SearchAction\",\"target\":{\"@type\":\"EntryPoint\",\"urlTemplate\":\"https:\\\/\\\/goodwill.fi\\\/kauppa\\\/?s={search_term_string}\"},\"query-input\":{\"@type\":\"PropertyValueSpecification\",\"valueRequired\":true,\"valueName\":\"search_term_string\"}}],\"inLanguage\":\"fi\"},{\"@type\":\"Organization\",\"@id\":\"https:\\\/\\\/goodwill.fi\\\/kauppa\\\/#organization\",\"name\":\"Goodwill-verkkokauppa\",\"url\":\"https:\\\/\\\/goodwill.fi\\\/kauppa\\\/\",\"logo\":{\"@type\":\"ImageObject\",\"inLanguage\":\"fi\",\"@id\":\"https:\\\/\\\/goodwill.fi\\\/kauppa\\\/#\\\/schema\\\/logo\\\/image\\\/\",\"url\":\"https:\\\/\\\/goodwill.fi\\\/kauppa\\\/wp-content\\\/uploads\\\/2021\\\/02\\\/cropped-logo_gw_store-723x211-1.png\",\"contentUrl\":\"https:\\\/\\\/goodwill.fi\\\/kauppa\\\/wp-content\\\/uploads\\\/2021\\\/02\\\/cropped-logo_gw_store-723x211-1.png\",\"width\":723,\"height\":207,\"caption\":\"Goodwill-verkkokauppa\"},\"image\":{\"@id\":\"https:\\\/\\\/goodwill.fi\\\/kauppa\\\/#\\\/schema\\\/logo\\\/image\\\/\"}}]}<\/script>\n<!-- \/ Yoast SEO plugin. -->","yoast_head_json":{"title":"VELJENI LEIJONAMIELI - Goodwill-verkkokauppa","description":"Yleist\u00e4 tietoa: \u00c4\u00e4nikirja 6 CD:t\u00e4Suunnittelija: Astrid LindgrenValmistaja: WSOYValmistusvuosi: 1991Mitat: n.13 x 13,3 cmKunto: Hyv\u00e4, kannessa j\u00e4lki nimitarrasta","robots":{"index":"index","follow":"follow","max-snippet":"max-snippet:-1","max-image-preview":"max-image-preview:large","max-video-preview":"max-video-preview:-1"},"canonical":"https:\/\/goodwill.fi\/kauppa\/tuote\/veljeni-leijonamieli\/","og_locale":"fi_FI","og_type":"article","og_title":"VELJENI LEIJONAMIELI - Goodwill-verkkokauppa","og_description":"Yleist\u00e4 tietoa: \u00c4\u00e4nikirja 6 CD:t\u00e4Suunnittelija: Astrid LindgrenValmistaja: WSOYValmistusvuosi: 1991Mitat: n.13 x 13,3 cmKunto: Hyv\u00e4, kannessa j\u00e4lki nimitarrasta","og_url":"https:\/\/goodwill.fi\/kauppa\/tuote\/veljeni-leijonamieli\/","og_site_name":"Goodwill-verkkokauppa","article_modified_time":"2025-08-13T05:29:23+00:00","og_image":[{"width":2560,"height":1707,"url":"https:\/\/goodwill.fi\/kauppa\/wp-content\/uploads\/2025\/08\/IMG_3529-scaled.jpg","type":"image\/jpeg"}],"twitter_card":"summary_large_image","twitter_misc":{"Arvioitu lukuaika":"1 minuutti"},"schema":{"@context":"https:\/\/schema.org","@graph":[{"@type":"WebPage","@id":"https:\/\/goodwill.fi\/kauppa\/tuote\/veljeni-leijonamieli\/","url":"https:\/\/goodwill.fi\/kauppa\/tuote\/veljeni-leijonamieli\/","name":"VELJENI LEIJONAMIELI - Goodwill-verkkokauppa","isPartOf":{"@id":"https:\/\/goodwill.fi\/kauppa\/#website"},"primaryImageOfPage":{"@id":"https:\/\/goodwill.fi\/kauppa\/tuote\/veljeni-leijonamieli\/#primaryimage"},"image":{"@id":"https:\/\/goodwill.fi\/kauppa\/tuote\/veljeni-leijonamieli\/#primaryimage"},"thumbnailUrl":"https:\/\/goodwill.fi\/kauppa\/wp-content\/uploads\/2025\/08\/IMG_3529-scaled.jpg","datePublished":"2025-08-13T05:29:22+00:00","dateModified":"2025-08-13T05:29:23+00:00","description":"Yleist\u00e4 tietoa: \u00c4\u00e4nikirja 6 CD:t\u00e4Suunnittelija: Astrid LindgrenValmistaja: WSOYValmistusvuosi: 1991Mitat: n.13 x 13,3 cmKunto: Hyv\u00e4, kannessa j\u00e4lki nimitarrasta","breadcrumb":{"@id":"https:\/\/goodwill.fi\/kauppa\/tuote\/veljeni-leijonamieli\/#breadcrumb"},"inLanguage":"fi","potentialAction":[{"@type":"ReadAction","target":["https:\/\/goodwill.fi\/kauppa\/tuote\/veljeni-leijonamieli\/"]}]},{"@type":"ImageObject","inLanguage":"fi","@id":"https:\/\/goodwill.fi\/kauppa\/tuote\/veljeni-leijonamieli\/#primaryimage","url":"https:\/\/goodwill.fi\/kauppa\/wp-content\/uploads\/2025\/08\/IMG_3529-scaled.jpg","contentUrl":"https:\/\/goodwill.fi\/kauppa\/wp-content\/uploads\/2025\/08\/IMG_3529-scaled.jpg","width":2560,"height":1707},{"@type":"BreadcrumbList","@id":"https:\/\/goodwill.fi\/kauppa\/tuote\/veljeni-leijonamieli\/#breadcrumb","itemListElement":[{"@type":"ListItem","position":1,"name":"Home","item":"https:\/\/goodwill.fi\/kauppa\/"},{"@type":"ListItem","position":2,"name":"Shop","item":"https:\/\/goodwill.fi\/kauppa\/shop\/"},{"@type":"ListItem","position":3,"name":"VELJENI LEIJONAMIELI"}]},{"@type":"WebSite","@id":"https:\/\/goodwill.fi\/kauppa\/#website","url":"https:\/\/goodwill.fi\/kauppa\/","name":"Goodwill-verkkokauppa","description":"Kierr\u00e4tysmyym\u00e4l\u00e4 verkossa","publisher":{"@id":"https:\/\/goodwill.fi\/kauppa\/#organization"},"potentialAction":[{"@type":"SearchAction","target":{"@type":"EntryPoint","urlTemplate":"https:\/\/goodwill.fi\/kauppa\/?s={search_term_string}"},"query-input":{"@type":"PropertyValueSpecification","valueRequired":true,"valueName":"search_term_string"}}],"inLanguage":"fi"},{"@type":"Organization","@id":"https:\/\/goodwill.fi\/kauppa\/#organization","name":"Goodwill-verkkokauppa","url":"https:\/\/goodwill.fi\/kauppa\/","logo":{"@type":"ImageObject","inLanguage":"fi","@id":"https:\/\/goodwill.fi\/kauppa\/#\/schema\/logo\/image\/","url":"https:\/\/goodwill.fi\/kauppa\/wp-content\/uploads\/2021\/02\/cropped-logo_gw_store-723x211-1.png","contentUrl":"https:\/\/goodwill.fi\/kauppa\/wp-content\/uploads\/2021\/02\/cropped-logo_gw_store-723x211-1.png","width":723,"height":207,"caption":"Goodwill-verkkokauppa"},"image":{"@id":"https:\/\/goodwill.fi\/kauppa\/#\/schema\/logo\/image\/"}}]}},"_links":{"self":[{"href":"https:\/\/goodwill.fi\/kauppa\/wp-json\/wp\/v2\/product\/57805","targetHints":{"allow":["GET"]}}],"collection":[{"href":"https:\/\/goodwill.fi\/kauppa\/wp-json\/wp\/v2\/product"}],"about":[{"href":"https:\/\/goodwill.fi\/kauppa\/wp-json\/wp\/v2\/types\/product"}],"replies":[{"embeddable":true,"href":"https:\/\/goodwill.fi\/kauppa\/wp-json\/wp\/v2\/comments?post=57805"}],"wp:featuredmedia":[{"embeddable":true,"href":"https:\/\/goodwill.fi\/kauppa\/wp-json\/wp\/v2\/media\/57806"}],"wp:attachment":[{"href":"https:\/\/goodwill.fi\/kauppa\/wp-json\/wp\/v2\/media?parent=57805"}],"wp:term":[{"taxonomy":"product_brand","embeddable":true,"href":"https:\/\/goodwill.fi\/kauppa\/wp-json\/wp\/v2\/product_brand?post=57805"},{"taxonomy":"product_cat","embeddable":true,"href":"https:\/\/goodwill.fi\/kauppa\/wp-json\/wp\/v2\/product_cat?post=57805"},{"taxonomy":"product_tag","embeddable":true,"href":"https:\/\/goodwill.fi\/kauppa\/wp-json\/wp\/v2\/product_tag?post=57805"}],"curies":[{"name":"wp","href":"https:\/\/api.w.org\/{rel}","templated":true}]}}