{"id":5766,"date":"2024-07-18T10:00:02","date_gmt":"2024-07-18T07:00:02","guid":{"rendered":"https:\/\/goodwill.fi\/kauppa\/?post_type=product&#038;p=5766"},"modified":"2025-01-14T10:00:51","modified_gmt":"2025-01-14T08:00:51","slug":"suomen-markat-kolikot-lajittelematon-1-kg","status":"publish","type":"product","link":"https:\/\/goodwill.fi\/kauppa\/tuote\/suomen-markat-kolikot-lajittelematon-1-kg\/","title":{"rendered":"SUOMEN MARKAT, KOLIKOT, LAJITTELEMATON, 1 KG"},"content":{"rendered":"<p>Lajittelematon kolikkosetti, 1 kg, Suomen markat, sis\u00e4lt\u00f6 voi vaihdella tai poiketa kuvasta<br \/>\nValmistusvuosi: 1900-luku<br \/>\nPaino: 1 kg<br \/>\nMateriaali: metallit(t)<br \/>\nKunto: k\u00e4ytetty, kunto vaihtelee<br \/>\nHuom: tuotteet myyd\u00e4\u00e4n 1 kg lajittelemattomina settein\u00e4<\/p>\n","protected":false},"excerpt":{"rendered":"<p>Lajittelematon kolikkosetti, 1 kg, Suomen markat, sis\u00e4lt\u00f6 voi vaihdella tai poiketa kuvasta Valmistusvuosi: 1900-luku Paino: 1 kg Materiaali: metallit(t) Kunto: k\u00e4ytetty, kunto vaihtelee Huom: tuotteet myyd\u00e4\u00e4n 1 kg lajittelemattomina settein\u00e4<\/p>\n","protected":false},"featured_media":5767,"comment_status":"open","ping_status":"closed","template":"","meta":[],"product_brand":[],"product_cat":[159,180,181],"product_tag":[1510,3575,1615,2445,3580,3576,3579,1623,3577,1629,1630,558,2532],"class_list":{"0":"post-5766","1":"product","2":"type-product","3":"status-publish","4":"has-post-thumbnail","6":"product_cat-kaikki","7":"product_cat-keraily-2","8":"product_cat-rahat-mitalit","9":"product_tag-1510","10":"product_tag-kg","11":"product_tag-kolikko","12":"product_tag-kolikot","13":"product_tag-kot01255","14":"product_tag-lajittelematon","15":"product_tag-markat","16":"product_tag-markka","17":"product_tag-raha","18":"product_tag-rahat","19":"product_tag-rahoja","20":"product_tag-setti","21":"product_tag-suomen","23":"first","24":"outofstock","25":"taxable","26":"shipping-taxable","27":"purchasable","28":"product-type-simple"},"yoast_head":"<!-- This site is optimized with the Yoast SEO plugin v27.1.1 - https:\/\/yoast.com\/product\/yoast-seo-wordpress\/ -->\n<title>SUOMEN MARKAT, KOLIKOT, LAJITTELEMATON, 1 KG - Goodwill-verkkokauppa<\/title>\n<meta name=\"description\" content=\"Lajittelematon kolikkosetti, 1 kg, Suomen markat, sis\u00e4lt\u00f6 voi vaihdella tai poiketa kuvasta Valmistusvuosi: 1900-luku Paino: 1 kg\" \/>\n<meta name=\"robots\" content=\"index, follow, max-snippet:-1, max-image-preview:large, max-video-preview:-1\" \/>\n<link rel=\"canonical\" href=\"https:\/\/goodwill.fi\/kauppa\/tuote\/suomen-markat-kolikot-lajittelematon-1-kg\/\" \/>\n<meta property=\"og:locale\" content=\"fi_FI\" \/>\n<meta property=\"og:type\" content=\"article\" \/>\n<meta property=\"og:title\" content=\"SUOMEN MARKAT, KOLIKOT, LAJITTELEMATON, 1 KG - Goodwill-verkkokauppa\" \/>\n<meta property=\"og:description\" content=\"Lajittelematon kolikkosetti, 1 kg, Suomen markat, sis\u00e4lt\u00f6 voi vaihdella tai poiketa kuvasta Valmistusvuosi: 1900-luku Paino: 1 kg\" \/>\n<meta property=\"og:url\" content=\"https:\/\/goodwill.fi\/kauppa\/tuote\/suomen-markat-kolikot-lajittelematon-1-kg\/\" \/>\n<meta property=\"og:site_name\" content=\"Goodwill-verkkokauppa\" \/>\n<meta property=\"article:modified_time\" content=\"2025-01-14T08:00:51+00:00\" \/>\n<meta property=\"og:image\" content=\"https:\/\/goodwill.fi\/kauppa\/wp-content\/uploads\/2022\/08\/markat-5-scaled.jpg\" \/>\n\t<meta property=\"og:image:width\" content=\"2560\" \/>\n\t<meta property=\"og:image:height\" content=\"1707\" \/>\n\t<meta property=\"og:image:type\" content=\"image\/jpeg\" \/>\n<meta name=\"twitter:card\" content=\"summary_large_image\" \/>\n<meta name=\"twitter:label1\" content=\"Arvioitu lukuaika\" \/>\n\t<meta name=\"twitter:data1\" content=\"1 minuutti\" \/>\n<script type=\"application\/ld+json\" class=\"yoast-schema-graph\">{\"@context\":\"https:\/\/schema.org\",\"@graph\":[{\"@type\":\"WebPage\",\"@id\":\"https:\/\/goodwill.fi\/kauppa\/tuote\/suomen-markat-kolikot-lajittelematon-1-kg\/\",\"url\":\"https:\/\/goodwill.fi\/kauppa\/tuote\/suomen-markat-kolikot-lajittelematon-1-kg\/\",\"name\":\"SUOMEN MARKAT, KOLIKOT, LAJITTELEMATON, 1 KG - Goodwill-verkkokauppa\",\"isPartOf\":{\"@id\":\"https:\/\/goodwill.fi\/kauppa\/#website\"},\"primaryImageOfPage\":{\"@id\":\"https:\/\/goodwill.fi\/kauppa\/tuote\/suomen-markat-kolikot-lajittelematon-1-kg\/#primaryimage\"},\"image\":{\"@id\":\"https:\/\/goodwill.fi\/kauppa\/tuote\/suomen-markat-kolikot-lajittelematon-1-kg\/#primaryimage\"},\"thumbnailUrl\":\"https:\/\/goodwill.fi\/kauppa\/wp-content\/uploads\/2022\/08\/markat-5-scaled.jpg\",\"datePublished\":\"2024-07-18T07:00:02+00:00\",\"dateModified\":\"2025-01-14T08:00:51+00:00\",\"description\":\"Lajittelematon kolikkosetti, 1 kg, Suomen markat, sis\u00e4lt\u00f6 voi vaihdella tai poiketa kuvasta Valmistusvuosi: 1900-luku Paino: 1 kg\",\"breadcrumb\":{\"@id\":\"https:\/\/goodwill.fi\/kauppa\/tuote\/suomen-markat-kolikot-lajittelematon-1-kg\/#breadcrumb\"},\"inLanguage\":\"fi\",\"potentialAction\":[{\"@type\":\"ReadAction\",\"target\":[\"https:\/\/goodwill.fi\/kauppa\/tuote\/suomen-markat-kolikot-lajittelematon-1-kg\/\"]}]},{\"@type\":\"ImageObject\",\"inLanguage\":\"fi\",\"@id\":\"https:\/\/goodwill.fi\/kauppa\/tuote\/suomen-markat-kolikot-lajittelematon-1-kg\/#primaryimage\",\"url\":\"https:\/\/goodwill.fi\/kauppa\/wp-content\/uploads\/2022\/08\/markat-5-scaled.jpg\",\"contentUrl\":\"https:\/\/goodwill.fi\/kauppa\/wp-content\/uploads\/2022\/08\/markat-5-scaled.jpg\",\"width\":2560,\"height\":1707},{\"@type\":\"BreadcrumbList\",\"@id\":\"https:\/\/goodwill.fi\/kauppa\/tuote\/suomen-markat-kolikot-lajittelematon-1-kg\/#breadcrumb\",\"itemListElement\":[{\"@type\":\"ListItem\",\"position\":1,\"name\":\"Home\",\"item\":\"https:\/\/goodwill.fi\/kauppa\/\"},{\"@type\":\"ListItem\",\"position\":2,\"name\":\"Shop\",\"item\":\"https:\/\/goodwill.fi\/kauppa\/shop\/\"},{\"@type\":\"ListItem\",\"position\":3,\"name\":\"SUOMEN MARKAT, KOLIKOT, LAJITTELEMATON, 1 KG\"}]},{\"@type\":\"WebSite\",\"@id\":\"https:\/\/goodwill.fi\/kauppa\/#website\",\"url\":\"https:\/\/goodwill.fi\/kauppa\/\",\"name\":\"Goodwill-verkkokauppa\",\"description\":\"Kierr\u00e4tysmyym\u00e4l\u00e4 verkossa\",\"publisher\":{\"@id\":\"https:\/\/goodwill.fi\/kauppa\/#organization\"},\"potentialAction\":[{\"@type\":\"SearchAction\",\"target\":{\"@type\":\"EntryPoint\",\"urlTemplate\":\"https:\/\/goodwill.fi\/kauppa\/?s={search_term_string}\"},\"query-input\":{\"@type\":\"PropertyValueSpecification\",\"valueRequired\":true,\"valueName\":\"search_term_string\"}}],\"inLanguage\":\"fi\"},{\"@type\":\"Organization\",\"@id\":\"https:\/\/goodwill.fi\/kauppa\/#organization\",\"name\":\"Goodwill-verkkokauppa\",\"url\":\"https:\/\/goodwill.fi\/kauppa\/\",\"logo\":{\"@type\":\"ImageObject\",\"inLanguage\":\"fi\",\"@id\":\"https:\/\/goodwill.fi\/kauppa\/#\/schema\/logo\/image\/\",\"url\":\"https:\/\/goodwill.fi\/kauppa\/wp-content\/uploads\/2021\/02\/cropped-logo_gw_store-723x211-1.png\",\"contentUrl\":\"https:\/\/goodwill.fi\/kauppa\/wp-content\/uploads\/2021\/02\/cropped-logo_gw_store-723x211-1.png\",\"width\":723,\"height\":207,\"caption\":\"Goodwill-verkkokauppa\"},\"image\":{\"@id\":\"https:\/\/goodwill.fi\/kauppa\/#\/schema\/logo\/image\/\"}}]}<\/script>\n<!-- \/ Yoast SEO plugin. -->","yoast_head_json":{"title":"SUOMEN MARKAT, KOLIKOT, LAJITTELEMATON, 1 KG - Goodwill-verkkokauppa","description":"Lajittelematon kolikkosetti, 1 kg, Suomen markat, sis\u00e4lt\u00f6 voi vaihdella tai poiketa kuvasta Valmistusvuosi: 1900-luku Paino: 1 kg","robots":{"index":"index","follow":"follow","max-snippet":"max-snippet:-1","max-image-preview":"max-image-preview:large","max-video-preview":"max-video-preview:-1"},"canonical":"https:\/\/goodwill.fi\/kauppa\/tuote\/suomen-markat-kolikot-lajittelematon-1-kg\/","og_locale":"fi_FI","og_type":"article","og_title":"SUOMEN MARKAT, KOLIKOT, LAJITTELEMATON, 1 KG - Goodwill-verkkokauppa","og_description":"Lajittelematon kolikkosetti, 1 kg, Suomen markat, sis\u00e4lt\u00f6 voi vaihdella tai poiketa kuvasta Valmistusvuosi: 1900-luku Paino: 1 kg","og_url":"https:\/\/goodwill.fi\/kauppa\/tuote\/suomen-markat-kolikot-lajittelematon-1-kg\/","og_site_name":"Goodwill-verkkokauppa","article_modified_time":"2025-01-14T08:00:51+00:00","og_image":[{"width":2560,"height":1707,"url":"https:\/\/goodwill.fi\/kauppa\/wp-content\/uploads\/2022\/08\/markat-5-scaled.jpg","type":"image\/jpeg"}],"twitter_card":"summary_large_image","twitter_misc":{"Arvioitu lukuaika":"1 minuutti"},"schema":{"@context":"https:\/\/schema.org","@graph":[{"@type":"WebPage","@id":"https:\/\/goodwill.fi\/kauppa\/tuote\/suomen-markat-kolikot-lajittelematon-1-kg\/","url":"https:\/\/goodwill.fi\/kauppa\/tuote\/suomen-markat-kolikot-lajittelematon-1-kg\/","name":"SUOMEN MARKAT, KOLIKOT, LAJITTELEMATON, 1 KG - Goodwill-verkkokauppa","isPartOf":{"@id":"https:\/\/goodwill.fi\/kauppa\/#website"},"primaryImageOfPage":{"@id":"https:\/\/goodwill.fi\/kauppa\/tuote\/suomen-markat-kolikot-lajittelematon-1-kg\/#primaryimage"},"image":{"@id":"https:\/\/goodwill.fi\/kauppa\/tuote\/suomen-markat-kolikot-lajittelematon-1-kg\/#primaryimage"},"thumbnailUrl":"https:\/\/goodwill.fi\/kauppa\/wp-content\/uploads\/2022\/08\/markat-5-scaled.jpg","datePublished":"2024-07-18T07:00:02+00:00","dateModified":"2025-01-14T08:00:51+00:00","description":"Lajittelematon kolikkosetti, 1 kg, Suomen markat, sis\u00e4lt\u00f6 voi vaihdella tai poiketa kuvasta Valmistusvuosi: 1900-luku Paino: 1 kg","breadcrumb":{"@id":"https:\/\/goodwill.fi\/kauppa\/tuote\/suomen-markat-kolikot-lajittelematon-1-kg\/#breadcrumb"},"inLanguage":"fi","potentialAction":[{"@type":"ReadAction","target":["https:\/\/goodwill.fi\/kauppa\/tuote\/suomen-markat-kolikot-lajittelematon-1-kg\/"]}]},{"@type":"ImageObject","inLanguage":"fi","@id":"https:\/\/goodwill.fi\/kauppa\/tuote\/suomen-markat-kolikot-lajittelematon-1-kg\/#primaryimage","url":"https:\/\/goodwill.fi\/kauppa\/wp-content\/uploads\/2022\/08\/markat-5-scaled.jpg","contentUrl":"https:\/\/goodwill.fi\/kauppa\/wp-content\/uploads\/2022\/08\/markat-5-scaled.jpg","width":2560,"height":1707},{"@type":"BreadcrumbList","@id":"https:\/\/goodwill.fi\/kauppa\/tuote\/suomen-markat-kolikot-lajittelematon-1-kg\/#breadcrumb","itemListElement":[{"@type":"ListItem","position":1,"name":"Home","item":"https:\/\/goodwill.fi\/kauppa\/"},{"@type":"ListItem","position":2,"name":"Shop","item":"https:\/\/goodwill.fi\/kauppa\/shop\/"},{"@type":"ListItem","position":3,"name":"SUOMEN MARKAT, KOLIKOT, LAJITTELEMATON, 1 KG"}]},{"@type":"WebSite","@id":"https:\/\/goodwill.fi\/kauppa\/#website","url":"https:\/\/goodwill.fi\/kauppa\/","name":"Goodwill-verkkokauppa","description":"Kierr\u00e4tysmyym\u00e4l\u00e4 verkossa","publisher":{"@id":"https:\/\/goodwill.fi\/kauppa\/#organization"},"potentialAction":[{"@type":"SearchAction","target":{"@type":"EntryPoint","urlTemplate":"https:\/\/goodwill.fi\/kauppa\/?s={search_term_string}"},"query-input":{"@type":"PropertyValueSpecification","valueRequired":true,"valueName":"search_term_string"}}],"inLanguage":"fi"},{"@type":"Organization","@id":"https:\/\/goodwill.fi\/kauppa\/#organization","name":"Goodwill-verkkokauppa","url":"https:\/\/goodwill.fi\/kauppa\/","logo":{"@type":"ImageObject","inLanguage":"fi","@id":"https:\/\/goodwill.fi\/kauppa\/#\/schema\/logo\/image\/","url":"https:\/\/goodwill.fi\/kauppa\/wp-content\/uploads\/2021\/02\/cropped-logo_gw_store-723x211-1.png","contentUrl":"https:\/\/goodwill.fi\/kauppa\/wp-content\/uploads\/2021\/02\/cropped-logo_gw_store-723x211-1.png","width":723,"height":207,"caption":"Goodwill-verkkokauppa"},"image":{"@id":"https:\/\/goodwill.fi\/kauppa\/#\/schema\/logo\/image\/"}}]}},"_links":{"self":[{"href":"https:\/\/goodwill.fi\/kauppa\/wp-json\/wp\/v2\/product\/5766","targetHints":{"allow":["GET"]}}],"collection":[{"href":"https:\/\/goodwill.fi\/kauppa\/wp-json\/wp\/v2\/product"}],"about":[{"href":"https:\/\/goodwill.fi\/kauppa\/wp-json\/wp\/v2\/types\/product"}],"replies":[{"embeddable":true,"href":"https:\/\/goodwill.fi\/kauppa\/wp-json\/wp\/v2\/comments?post=5766"}],"wp:featuredmedia":[{"embeddable":true,"href":"https:\/\/goodwill.fi\/kauppa\/wp-json\/wp\/v2\/media\/5767"}],"wp:attachment":[{"href":"https:\/\/goodwill.fi\/kauppa\/wp-json\/wp\/v2\/media?parent=5766"}],"wp:term":[{"taxonomy":"product_brand","embeddable":true,"href":"https:\/\/goodwill.fi\/kauppa\/wp-json\/wp\/v2\/product_brand?post=5766"},{"taxonomy":"product_cat","embeddable":true,"href":"https:\/\/goodwill.fi\/kauppa\/wp-json\/wp\/v2\/product_cat?post=5766"},{"taxonomy":"product_tag","embeddable":true,"href":"https:\/\/goodwill.fi\/kauppa\/wp-json\/wp\/v2\/product_tag?post=5766"}],"curies":[{"name":"wp","href":"https:\/\/api.w.org\/{rel}","templated":true}]}}