{"id":5711,"date":"2022-08-30T13:43:14","date_gmt":"2022-08-30T10:43:14","guid":{"rendered":"https:\/\/goodwill.fi\/kauppa\/?post_type=product&#038;p=5711"},"modified":"2023-02-26T10:20:13","modified_gmt":"2023-02-26T08:20:13","slug":"panasonic-nv-m10-videokamera","status":"publish","type":"product","link":"https:\/\/goodwill.fi\/kauppa\/tuote\/panasonic-nv-m10-videokamera\/","title":{"rendered":"PANASONIC, NV-M10 VIDEOKAMERA"},"content":{"rendered":"<p>Panasonic NV-M10 VHS-videokamera, stereo AV zoom, Hi-Fi stereo, PAL, mukana videokamera, akku, johdot ja s\u00e4ilytyssalkku, tuotteen toimivuutta ei ole pystytty testaamaan<br \/>\nValmistaja: Panasonic<br \/>\nValmistusvuosi: 1990-luku<br \/>\nMitat: Kamera: korkeus n. 23 cm, pituus n. 43 cm, leveys n. 15 cm, paino n. 3 kg, Salkku: korkeus n. 18 cm, pituus n. 49 cm, leveys n. 40 cm, paino 6,7 kg kameran ja tarvikkeiden kanssa<br \/>\nKunto: k\u00e4ytetty, toimivuutta ei ole pystytty testaamaan<br \/>\nHuom: tuotteet myyd\u00e4\u00e4n kappaleittain<\/p>\n","protected":false},"excerpt":{"rendered":"<p>Panasonic NV-M10 VHS-videokamera, stereo AV zoom, Hi-Fi stereo, PAL, mukana videokamera, akku, johdot ja s\u00e4ilytyssalkku, tuotteen toimivuutta ei ole pystytty testaamaan Valmistaja: Panasonic Valmistusvuosi: 1990-luku Mitat: Kamera: korkeus n. 23 cm, pituus n. 43 cm, leveys n. 15 cm, paino n. 3 kg, Salkku: korkeus n. 18 cm, pituus n. 49 cm, leveys n. 40 [&hellip;]<\/p>\n","protected":false},"featured_media":5712,"comment_status":"open","ping_status":"closed","template":"","meta":[],"product_brand":[],"product_cat":[159,180,184,146,187],"product_tag":[3553,3554,3556,3559,3550,3549,3551,3547,3557,3552,3555,3558,3548],"class_list":{"0":"post-5711","1":"product","2":"type-product","3":"status-publish","4":"has-post-thumbnail","6":"product_cat-kaikki","7":"product_cat-keraily-2","8":"product_cat-muu-keraily-2","9":"product_cat-koti-2","10":"product_cat-muu-viihde","11":"product_tag-av","12":"product_tag-kamera","13":"product_tag-kasetti","14":"product_tag-kot01245","15":"product_tag-m10","16":"product_tag-nv-m10","17":"product_tag-pal","18":"product_tag-panasonic","19":"product_tag-salkku","20":"product_tag-stereo","21":"product_tag-vhs","22":"product_tag-video","23":"product_tag-videokamera","25":"first","26":"outofstock","27":"taxable","28":"shipping-taxable","29":"purchasable","30":"product-type-simple"},"yoast_head":"<!-- This site is optimized with the Yoast SEO plugin v27.1.1 - https:\/\/yoast.com\/product\/yoast-seo-wordpress\/ -->\n<title>PANASONIC, NV-M10 VIDEOKAMERA - Goodwill-verkkokauppa<\/title>\n<meta name=\"description\" content=\"Panasonic NV-M10 VHS-videokamera, stereo AV zoom, Hi-Fi stereo, PAL, mukana videokamera, akku, johdot ja s\u00e4ilytyssalkku, tuotteen toimivuutta ei ole pystytty testaamaan\" \/>\n<meta name=\"robots\" content=\"index, follow, max-snippet:-1, max-image-preview:large, max-video-preview:-1\" \/>\n<link rel=\"canonical\" href=\"https:\/\/goodwill.fi\/kauppa\/tuote\/panasonic-nv-m10-videokamera\/\" \/>\n<meta property=\"og:locale\" content=\"fi_FI\" \/>\n<meta property=\"og:type\" content=\"article\" \/>\n<meta property=\"og:title\" content=\"PANASONIC, NV-M10 VIDEOKAMERA - Goodwill-verkkokauppa\" \/>\n<meta property=\"og:description\" content=\"Panasonic NV-M10 VHS-videokamera, stereo AV zoom, Hi-Fi stereo, PAL, mukana videokamera, akku, johdot ja s\u00e4ilytyssalkku, tuotteen toimivuutta ei ole pystytty testaamaan\" \/>\n<meta property=\"og:url\" content=\"https:\/\/goodwill.fi\/kauppa\/tuote\/panasonic-nv-m10-videokamera\/\" \/>\n<meta property=\"og:site_name\" content=\"Goodwill-verkkokauppa\" \/>\n<meta property=\"article:modified_time\" content=\"2023-02-26T08:20:13+00:00\" \/>\n<meta property=\"og:image\" content=\"https:\/\/goodwill.fi\/kauppa\/wp-content\/uploads\/2022\/08\/IMG_9181-scaled.jpg\" \/>\n\t<meta property=\"og:image:width\" content=\"2560\" \/>\n\t<meta property=\"og:image:height\" content=\"1707\" \/>\n\t<meta property=\"og:image:type\" content=\"image\/jpeg\" \/>\n<meta name=\"twitter:card\" content=\"summary_large_image\" \/>\n<meta name=\"twitter:label1\" content=\"Arvioitu lukuaika\" \/>\n\t<meta name=\"twitter:data1\" content=\"1 minuutti\" \/>\n<script type=\"application\/ld+json\" class=\"yoast-schema-graph\">{\"@context\":\"https:\/\/schema.org\",\"@graph\":[{\"@type\":\"WebPage\",\"@id\":\"https:\/\/goodwill.fi\/kauppa\/tuote\/panasonic-nv-m10-videokamera\/\",\"url\":\"https:\/\/goodwill.fi\/kauppa\/tuote\/panasonic-nv-m10-videokamera\/\",\"name\":\"PANASONIC, NV-M10 VIDEOKAMERA - Goodwill-verkkokauppa\",\"isPartOf\":{\"@id\":\"https:\/\/goodwill.fi\/kauppa\/#website\"},\"primaryImageOfPage\":{\"@id\":\"https:\/\/goodwill.fi\/kauppa\/tuote\/panasonic-nv-m10-videokamera\/#primaryimage\"},\"image\":{\"@id\":\"https:\/\/goodwill.fi\/kauppa\/tuote\/panasonic-nv-m10-videokamera\/#primaryimage\"},\"thumbnailUrl\":\"https:\/\/goodwill.fi\/kauppa\/wp-content\/uploads\/2022\/08\/IMG_9181-scaled.jpg\",\"datePublished\":\"2022-08-30T10:43:14+00:00\",\"dateModified\":\"2023-02-26T08:20:13+00:00\",\"description\":\"Panasonic NV-M10 VHS-videokamera, stereo AV zoom, Hi-Fi stereo, PAL, mukana videokamera, akku, johdot ja s\u00e4ilytyssalkku, tuotteen toimivuutta ei ole pystytty testaamaan\",\"breadcrumb\":{\"@id\":\"https:\/\/goodwill.fi\/kauppa\/tuote\/panasonic-nv-m10-videokamera\/#breadcrumb\"},\"inLanguage\":\"fi\",\"potentialAction\":[{\"@type\":\"ReadAction\",\"target\":[\"https:\/\/goodwill.fi\/kauppa\/tuote\/panasonic-nv-m10-videokamera\/\"]}]},{\"@type\":\"ImageObject\",\"inLanguage\":\"fi\",\"@id\":\"https:\/\/goodwill.fi\/kauppa\/tuote\/panasonic-nv-m10-videokamera\/#primaryimage\",\"url\":\"https:\/\/goodwill.fi\/kauppa\/wp-content\/uploads\/2022\/08\/IMG_9181-scaled.jpg\",\"contentUrl\":\"https:\/\/goodwill.fi\/kauppa\/wp-content\/uploads\/2022\/08\/IMG_9181-scaled.jpg\",\"width\":2560,\"height\":1707},{\"@type\":\"BreadcrumbList\",\"@id\":\"https:\/\/goodwill.fi\/kauppa\/tuote\/panasonic-nv-m10-videokamera\/#breadcrumb\",\"itemListElement\":[{\"@type\":\"ListItem\",\"position\":1,\"name\":\"Home\",\"item\":\"https:\/\/goodwill.fi\/kauppa\/\"},{\"@type\":\"ListItem\",\"position\":2,\"name\":\"Shop\",\"item\":\"https:\/\/goodwill.fi\/kauppa\/shop\/\"},{\"@type\":\"ListItem\",\"position\":3,\"name\":\"PANASONIC, NV-M10 VIDEOKAMERA\"}]},{\"@type\":\"WebSite\",\"@id\":\"https:\/\/goodwill.fi\/kauppa\/#website\",\"url\":\"https:\/\/goodwill.fi\/kauppa\/\",\"name\":\"Goodwill-verkkokauppa\",\"description\":\"Kierr\u00e4tysmyym\u00e4l\u00e4 verkossa\",\"publisher\":{\"@id\":\"https:\/\/goodwill.fi\/kauppa\/#organization\"},\"potentialAction\":[{\"@type\":\"SearchAction\",\"target\":{\"@type\":\"EntryPoint\",\"urlTemplate\":\"https:\/\/goodwill.fi\/kauppa\/?s={search_term_string}\"},\"query-input\":{\"@type\":\"PropertyValueSpecification\",\"valueRequired\":true,\"valueName\":\"search_term_string\"}}],\"inLanguage\":\"fi\"},{\"@type\":\"Organization\",\"@id\":\"https:\/\/goodwill.fi\/kauppa\/#organization\",\"name\":\"Goodwill-verkkokauppa\",\"url\":\"https:\/\/goodwill.fi\/kauppa\/\",\"logo\":{\"@type\":\"ImageObject\",\"inLanguage\":\"fi\",\"@id\":\"https:\/\/goodwill.fi\/kauppa\/#\/schema\/logo\/image\/\",\"url\":\"https:\/\/goodwill.fi\/kauppa\/wp-content\/uploads\/2021\/02\/cropped-logo_gw_store-723x211-1.png\",\"contentUrl\":\"https:\/\/goodwill.fi\/kauppa\/wp-content\/uploads\/2021\/02\/cropped-logo_gw_store-723x211-1.png\",\"width\":723,\"height\":207,\"caption\":\"Goodwill-verkkokauppa\"},\"image\":{\"@id\":\"https:\/\/goodwill.fi\/kauppa\/#\/schema\/logo\/image\/\"}}]}<\/script>\n<!-- \/ Yoast SEO plugin. -->","yoast_head_json":{"title":"PANASONIC, NV-M10 VIDEOKAMERA - Goodwill-verkkokauppa","description":"Panasonic NV-M10 VHS-videokamera, stereo AV zoom, Hi-Fi stereo, PAL, mukana videokamera, akku, johdot ja s\u00e4ilytyssalkku, tuotteen toimivuutta ei ole pystytty testaamaan","robots":{"index":"index","follow":"follow","max-snippet":"max-snippet:-1","max-image-preview":"max-image-preview:large","max-video-preview":"max-video-preview:-1"},"canonical":"https:\/\/goodwill.fi\/kauppa\/tuote\/panasonic-nv-m10-videokamera\/","og_locale":"fi_FI","og_type":"article","og_title":"PANASONIC, NV-M10 VIDEOKAMERA - Goodwill-verkkokauppa","og_description":"Panasonic NV-M10 VHS-videokamera, stereo AV zoom, Hi-Fi stereo, PAL, mukana videokamera, akku, johdot ja s\u00e4ilytyssalkku, tuotteen toimivuutta ei ole pystytty testaamaan","og_url":"https:\/\/goodwill.fi\/kauppa\/tuote\/panasonic-nv-m10-videokamera\/","og_site_name":"Goodwill-verkkokauppa","article_modified_time":"2023-02-26T08:20:13+00:00","og_image":[{"width":2560,"height":1707,"url":"https:\/\/goodwill.fi\/kauppa\/wp-content\/uploads\/2022\/08\/IMG_9181-scaled.jpg","type":"image\/jpeg"}],"twitter_card":"summary_large_image","twitter_misc":{"Arvioitu lukuaika":"1 minuutti"},"schema":{"@context":"https:\/\/schema.org","@graph":[{"@type":"WebPage","@id":"https:\/\/goodwill.fi\/kauppa\/tuote\/panasonic-nv-m10-videokamera\/","url":"https:\/\/goodwill.fi\/kauppa\/tuote\/panasonic-nv-m10-videokamera\/","name":"PANASONIC, NV-M10 VIDEOKAMERA - Goodwill-verkkokauppa","isPartOf":{"@id":"https:\/\/goodwill.fi\/kauppa\/#website"},"primaryImageOfPage":{"@id":"https:\/\/goodwill.fi\/kauppa\/tuote\/panasonic-nv-m10-videokamera\/#primaryimage"},"image":{"@id":"https:\/\/goodwill.fi\/kauppa\/tuote\/panasonic-nv-m10-videokamera\/#primaryimage"},"thumbnailUrl":"https:\/\/goodwill.fi\/kauppa\/wp-content\/uploads\/2022\/08\/IMG_9181-scaled.jpg","datePublished":"2022-08-30T10:43:14+00:00","dateModified":"2023-02-26T08:20:13+00:00","description":"Panasonic NV-M10 VHS-videokamera, stereo AV zoom, Hi-Fi stereo, PAL, mukana videokamera, akku, johdot ja s\u00e4ilytyssalkku, tuotteen toimivuutta ei ole pystytty testaamaan","breadcrumb":{"@id":"https:\/\/goodwill.fi\/kauppa\/tuote\/panasonic-nv-m10-videokamera\/#breadcrumb"},"inLanguage":"fi","potentialAction":[{"@type":"ReadAction","target":["https:\/\/goodwill.fi\/kauppa\/tuote\/panasonic-nv-m10-videokamera\/"]}]},{"@type":"ImageObject","inLanguage":"fi","@id":"https:\/\/goodwill.fi\/kauppa\/tuote\/panasonic-nv-m10-videokamera\/#primaryimage","url":"https:\/\/goodwill.fi\/kauppa\/wp-content\/uploads\/2022\/08\/IMG_9181-scaled.jpg","contentUrl":"https:\/\/goodwill.fi\/kauppa\/wp-content\/uploads\/2022\/08\/IMG_9181-scaled.jpg","width":2560,"height":1707},{"@type":"BreadcrumbList","@id":"https:\/\/goodwill.fi\/kauppa\/tuote\/panasonic-nv-m10-videokamera\/#breadcrumb","itemListElement":[{"@type":"ListItem","position":1,"name":"Home","item":"https:\/\/goodwill.fi\/kauppa\/"},{"@type":"ListItem","position":2,"name":"Shop","item":"https:\/\/goodwill.fi\/kauppa\/shop\/"},{"@type":"ListItem","position":3,"name":"PANASONIC, NV-M10 VIDEOKAMERA"}]},{"@type":"WebSite","@id":"https:\/\/goodwill.fi\/kauppa\/#website","url":"https:\/\/goodwill.fi\/kauppa\/","name":"Goodwill-verkkokauppa","description":"Kierr\u00e4tysmyym\u00e4l\u00e4 verkossa","publisher":{"@id":"https:\/\/goodwill.fi\/kauppa\/#organization"},"potentialAction":[{"@type":"SearchAction","target":{"@type":"EntryPoint","urlTemplate":"https:\/\/goodwill.fi\/kauppa\/?s={search_term_string}"},"query-input":{"@type":"PropertyValueSpecification","valueRequired":true,"valueName":"search_term_string"}}],"inLanguage":"fi"},{"@type":"Organization","@id":"https:\/\/goodwill.fi\/kauppa\/#organization","name":"Goodwill-verkkokauppa","url":"https:\/\/goodwill.fi\/kauppa\/","logo":{"@type":"ImageObject","inLanguage":"fi","@id":"https:\/\/goodwill.fi\/kauppa\/#\/schema\/logo\/image\/","url":"https:\/\/goodwill.fi\/kauppa\/wp-content\/uploads\/2021\/02\/cropped-logo_gw_store-723x211-1.png","contentUrl":"https:\/\/goodwill.fi\/kauppa\/wp-content\/uploads\/2021\/02\/cropped-logo_gw_store-723x211-1.png","width":723,"height":207,"caption":"Goodwill-verkkokauppa"},"image":{"@id":"https:\/\/goodwill.fi\/kauppa\/#\/schema\/logo\/image\/"}}]}},"_links":{"self":[{"href":"https:\/\/goodwill.fi\/kauppa\/wp-json\/wp\/v2\/product\/5711","targetHints":{"allow":["GET"]}}],"collection":[{"href":"https:\/\/goodwill.fi\/kauppa\/wp-json\/wp\/v2\/product"}],"about":[{"href":"https:\/\/goodwill.fi\/kauppa\/wp-json\/wp\/v2\/types\/product"}],"replies":[{"embeddable":true,"href":"https:\/\/goodwill.fi\/kauppa\/wp-json\/wp\/v2\/comments?post=5711"}],"wp:featuredmedia":[{"embeddable":true,"href":"https:\/\/goodwill.fi\/kauppa\/wp-json\/wp\/v2\/media\/5712"}],"wp:attachment":[{"href":"https:\/\/goodwill.fi\/kauppa\/wp-json\/wp\/v2\/media?parent=5711"}],"wp:term":[{"taxonomy":"product_brand","embeddable":true,"href":"https:\/\/goodwill.fi\/kauppa\/wp-json\/wp\/v2\/product_brand?post=5711"},{"taxonomy":"product_cat","embeddable":true,"href":"https:\/\/goodwill.fi\/kauppa\/wp-json\/wp\/v2\/product_cat?post=5711"},{"taxonomy":"product_tag","embeddable":true,"href":"https:\/\/goodwill.fi\/kauppa\/wp-json\/wp\/v2\/product_tag?post=5711"}],"curies":[{"name":"wp","href":"https:\/\/api.w.org\/{rel}","templated":true}]}}