{"id":56908,"date":"2025-08-01T12:33:13","date_gmt":"2025-08-01T09:33:13","guid":{"rendered":"https:\/\/goodwill.fi\/kauppa\/?post_type=product&#038;p=56908"},"modified":"2025-08-01T12:33:13","modified_gmt":"2025-08-01T09:33:13","slug":"debi-gliori-magiaa-kirjat-2-kpl","status":"publish","type":"product","link":"https:\/\/goodwill.fi\/kauppa\/tuote\/debi-gliori-magiaa-kirjat-2-kpl\/","title":{"rendered":"DEBI GLIORI MAGIAA KIRJAT 2 KPL"},"content":{"rendered":"<p>Kirjailija: Debi Gliori, suomentanut Marja Helanen-Ahtola<br \/>\nKustantaja: WSOY<br \/>\nSivum\u00e4\u00e4r\u00e4t: Magiaa millin tarkkuudella 257, Magiaa mahan t\u00e4ydelt\u00e4 228<br \/>\nMitat: 22.5 cm x 15 cm<br \/>\nKunto: ehj\u00e4t, v\u00e4h\u00e4isi\u00e4 k\u00e4yt\u00f6n j\u00e4lki\u00e4, sivut hieman kellastuneet<br \/>\nHuom. myyd\u00e4\u00e4n settin\u00e4<\/p>\n","protected":false},"excerpt":{"rendered":"<p>Kirjailija: Debi Gliori, suomentanut Marja Helanen-Ahtola Kustantaja: WSOY Sivum\u00e4\u00e4r\u00e4t: Magiaa millin tarkkuudella 257, Magiaa mahan t\u00e4ydelt\u00e4 228 Mitat: 22.5 cm x 15 cm Kunto: ehj\u00e4t, v\u00e4h\u00e4isi\u00e4 k\u00e4yt\u00f6n j\u00e4lki\u00e4, sivut hieman kellastuneet Huom. myyd\u00e4\u00e4n settin\u00e4<\/p>\n","protected":false},"featured_media":56910,"comment_status":"open","ping_status":"closed","template":"","meta":[],"product_brand":[],"product_cat":[159,150,143],"product_tag":[16351,16350,16352,16353],"class_list":{"0":"post-56908","1":"product","2":"type-product","3":"status-publish","4":"has-post-thumbnail","6":"product_cat-kaikki","7":"product_cat-kirjat-2","8":"product_cat-viihde-2","9":"product_tag-debi-gliori","10":"product_tag-kem01160","11":"product_tag-magiaa-mahan-taydelta","12":"product_tag-magiaa-millin-tarkkuudella","14":"first","15":"instock","16":"taxable","17":"shipping-taxable","18":"purchasable","19":"product-type-simple"},"yoast_head":"<!-- This site is optimized with the Yoast SEO plugin v27.5 - https:\/\/yoast.com\/product\/yoast-seo-wordpress\/ -->\n<title>DEBI GLIORI MAGIAA KIRJAT 2 KPL - Goodwill-verkkokauppa<\/title>\n<meta name=\"description\" content=\"Kirjailija: Debi Gliori, suomentanut Marja Helanen-Ahtola Kustantaja: WSOY Sivum\u00e4\u00e4r\u00e4t: Magiaa millin tarkkuudella 257, Magiaa mahan t\u00e4ydelt\u00e4 228 Mitat: 22.5 cm x 15 cm Kunto: ehj\u00e4t, v\u00e4h\u00e4isi\u00e4 k\u00e4yt\u00f6n j\u00e4lki\u00e4, sivut hieman kellastuneet Huom. myyd\u00e4\u00e4n settin\u00e4\" \/>\n<meta name=\"robots\" content=\"index, follow, max-snippet:-1, max-image-preview:large, max-video-preview:-1\" \/>\n<link rel=\"canonical\" href=\"https:\/\/goodwill.fi\/kauppa\/tuote\/debi-gliori-magiaa-kirjat-2-kpl\/\" \/>\n<meta property=\"og:locale\" content=\"fi_FI\" \/>\n<meta property=\"og:type\" content=\"article\" \/>\n<meta property=\"og:title\" content=\"DEBI GLIORI MAGIAA KIRJAT 2 KPL - Goodwill-verkkokauppa\" \/>\n<meta property=\"og:description\" content=\"Kirjailija: Debi Gliori, suomentanut Marja Helanen-Ahtola Kustantaja: WSOY Sivum\u00e4\u00e4r\u00e4t: Magiaa millin tarkkuudella 257, Magiaa mahan t\u00e4ydelt\u00e4 228 Mitat: 22.5 cm x 15 cm Kunto: ehj\u00e4t, v\u00e4h\u00e4isi\u00e4 k\u00e4yt\u00f6n j\u00e4lki\u00e4, sivut hieman kellastuneet Huom. myyd\u00e4\u00e4n settin\u00e4\" \/>\n<meta property=\"og:url\" content=\"https:\/\/goodwill.fi\/kauppa\/tuote\/debi-gliori-magiaa-kirjat-2-kpl\/\" \/>\n<meta property=\"og:site_name\" content=\"Goodwill-verkkokauppa\" \/>\n<meta property=\"og:image\" content=\"https:\/\/goodwill.fi\/kauppa\/wp-content\/uploads\/2025\/08\/P1054658-29-1024x1024.jpg\" \/>\n\t<meta property=\"og:image:width\" content=\"1024\" \/>\n\t<meta property=\"og:image:height\" content=\"1024\" \/>\n\t<meta property=\"og:image:type\" content=\"image\/jpeg\" \/>\n<meta name=\"twitter:card\" content=\"summary_large_image\" \/>\n<meta name=\"twitter:label1\" content=\"Arvioitu lukuaika\" \/>\n\t<meta name=\"twitter:data1\" content=\"1 minuutti\" \/>\n<script type=\"application\/ld+json\" class=\"yoast-schema-graph\">{\"@context\":\"https:\\\/\\\/schema.org\",\"@graph\":[{\"@type\":\"WebPage\",\"@id\":\"https:\\\/\\\/goodwill.fi\\\/kauppa\\\/tuote\\\/debi-gliori-magiaa-kirjat-2-kpl\\\/\",\"url\":\"https:\\\/\\\/goodwill.fi\\\/kauppa\\\/tuote\\\/debi-gliori-magiaa-kirjat-2-kpl\\\/\",\"name\":\"DEBI GLIORI MAGIAA KIRJAT 2 KPL - Goodwill-verkkokauppa\",\"isPartOf\":{\"@id\":\"https:\\\/\\\/goodwill.fi\\\/kauppa\\\/#website\"},\"primaryImageOfPage\":{\"@id\":\"https:\\\/\\\/goodwill.fi\\\/kauppa\\\/tuote\\\/debi-gliori-magiaa-kirjat-2-kpl\\\/#primaryimage\"},\"image\":{\"@id\":\"https:\\\/\\\/goodwill.fi\\\/kauppa\\\/tuote\\\/debi-gliori-magiaa-kirjat-2-kpl\\\/#primaryimage\"},\"thumbnailUrl\":\"https:\\\/\\\/goodwill.fi\\\/kauppa\\\/wp-content\\\/uploads\\\/2025\\\/08\\\/P1054658-29.jpg\",\"datePublished\":\"2025-08-01T09:33:13+00:00\",\"description\":\"Kirjailija: Debi Gliori, suomentanut Marja Helanen-Ahtola Kustantaja: WSOY Sivum\u00e4\u00e4r\u00e4t: Magiaa millin tarkkuudella 257, Magiaa mahan t\u00e4ydelt\u00e4 228 Mitat: 22.5 cm x 15 cm Kunto: ehj\u00e4t, v\u00e4h\u00e4isi\u00e4 k\u00e4yt\u00f6n j\u00e4lki\u00e4, sivut hieman kellastuneet Huom. myyd\u00e4\u00e4n settin\u00e4\",\"breadcrumb\":{\"@id\":\"https:\\\/\\\/goodwill.fi\\\/kauppa\\\/tuote\\\/debi-gliori-magiaa-kirjat-2-kpl\\\/#breadcrumb\"},\"inLanguage\":\"fi\",\"potentialAction\":[{\"@type\":\"ReadAction\",\"target\":[\"https:\\\/\\\/goodwill.fi\\\/kauppa\\\/tuote\\\/debi-gliori-magiaa-kirjat-2-kpl\\\/\"]}]},{\"@type\":\"ImageObject\",\"inLanguage\":\"fi\",\"@id\":\"https:\\\/\\\/goodwill.fi\\\/kauppa\\\/tuote\\\/debi-gliori-magiaa-kirjat-2-kpl\\\/#primaryimage\",\"url\":\"https:\\\/\\\/goodwill.fi\\\/kauppa\\\/wp-content\\\/uploads\\\/2025\\\/08\\\/P1054658-29.jpg\",\"contentUrl\":\"https:\\\/\\\/goodwill.fi\\\/kauppa\\\/wp-content\\\/uploads\\\/2025\\\/08\\\/P1054658-29.jpg\",\"width\":2500,\"height\":2500},{\"@type\":\"BreadcrumbList\",\"@id\":\"https:\\\/\\\/goodwill.fi\\\/kauppa\\\/tuote\\\/debi-gliori-magiaa-kirjat-2-kpl\\\/#breadcrumb\",\"itemListElement\":[{\"@type\":\"ListItem\",\"position\":1,\"name\":\"Home\",\"item\":\"https:\\\/\\\/goodwill.fi\\\/kauppa\\\/\"},{\"@type\":\"ListItem\",\"position\":2,\"name\":\"Shop\",\"item\":\"https:\\\/\\\/goodwill.fi\\\/kauppa\\\/shop\\\/\"},{\"@type\":\"ListItem\",\"position\":3,\"name\":\"DEBI GLIORI MAGIAA KIRJAT 2 KPL\"}]},{\"@type\":\"WebSite\",\"@id\":\"https:\\\/\\\/goodwill.fi\\\/kauppa\\\/#website\",\"url\":\"https:\\\/\\\/goodwill.fi\\\/kauppa\\\/\",\"name\":\"Goodwill-verkkokauppa\",\"description\":\"Kierr\u00e4tysmyym\u00e4l\u00e4 verkossa\",\"publisher\":{\"@id\":\"https:\\\/\\\/goodwill.fi\\\/kauppa\\\/#organization\"},\"potentialAction\":[{\"@type\":\"SearchAction\",\"target\":{\"@type\":\"EntryPoint\",\"urlTemplate\":\"https:\\\/\\\/goodwill.fi\\\/kauppa\\\/?s={search_term_string}\"},\"query-input\":{\"@type\":\"PropertyValueSpecification\",\"valueRequired\":true,\"valueName\":\"search_term_string\"}}],\"inLanguage\":\"fi\"},{\"@type\":\"Organization\",\"@id\":\"https:\\\/\\\/goodwill.fi\\\/kauppa\\\/#organization\",\"name\":\"Goodwill-verkkokauppa\",\"url\":\"https:\\\/\\\/goodwill.fi\\\/kauppa\\\/\",\"logo\":{\"@type\":\"ImageObject\",\"inLanguage\":\"fi\",\"@id\":\"https:\\\/\\\/goodwill.fi\\\/kauppa\\\/#\\\/schema\\\/logo\\\/image\\\/\",\"url\":\"https:\\\/\\\/goodwill.fi\\\/kauppa\\\/wp-content\\\/uploads\\\/2021\\\/02\\\/cropped-logo_gw_store-723x211-1.png\",\"contentUrl\":\"https:\\\/\\\/goodwill.fi\\\/kauppa\\\/wp-content\\\/uploads\\\/2021\\\/02\\\/cropped-logo_gw_store-723x211-1.png\",\"width\":723,\"height\":207,\"caption\":\"Goodwill-verkkokauppa\"},\"image\":{\"@id\":\"https:\\\/\\\/goodwill.fi\\\/kauppa\\\/#\\\/schema\\\/logo\\\/image\\\/\"}}]}<\/script>\n<!-- \/ Yoast SEO plugin. -->","yoast_head_json":{"title":"DEBI GLIORI MAGIAA KIRJAT 2 KPL - Goodwill-verkkokauppa","description":"Kirjailija: Debi Gliori, suomentanut Marja Helanen-Ahtola Kustantaja: WSOY Sivum\u00e4\u00e4r\u00e4t: Magiaa millin tarkkuudella 257, Magiaa mahan t\u00e4ydelt\u00e4 228 Mitat: 22.5 cm x 15 cm Kunto: ehj\u00e4t, v\u00e4h\u00e4isi\u00e4 k\u00e4yt\u00f6n j\u00e4lki\u00e4, sivut hieman kellastuneet Huom. myyd\u00e4\u00e4n settin\u00e4","robots":{"index":"index","follow":"follow","max-snippet":"max-snippet:-1","max-image-preview":"max-image-preview:large","max-video-preview":"max-video-preview:-1"},"canonical":"https:\/\/goodwill.fi\/kauppa\/tuote\/debi-gliori-magiaa-kirjat-2-kpl\/","og_locale":"fi_FI","og_type":"article","og_title":"DEBI GLIORI MAGIAA KIRJAT 2 KPL - Goodwill-verkkokauppa","og_description":"Kirjailija: Debi Gliori, suomentanut Marja Helanen-Ahtola Kustantaja: WSOY Sivum\u00e4\u00e4r\u00e4t: Magiaa millin tarkkuudella 257, Magiaa mahan t\u00e4ydelt\u00e4 228 Mitat: 22.5 cm x 15 cm Kunto: ehj\u00e4t, v\u00e4h\u00e4isi\u00e4 k\u00e4yt\u00f6n j\u00e4lki\u00e4, sivut hieman kellastuneet Huom. myyd\u00e4\u00e4n settin\u00e4","og_url":"https:\/\/goodwill.fi\/kauppa\/tuote\/debi-gliori-magiaa-kirjat-2-kpl\/","og_site_name":"Goodwill-verkkokauppa","og_image":[{"width":1024,"height":1024,"url":"https:\/\/goodwill.fi\/kauppa\/wp-content\/uploads\/2025\/08\/P1054658-29-1024x1024.jpg","type":"image\/jpeg"}],"twitter_card":"summary_large_image","twitter_misc":{"Arvioitu lukuaika":"1 minuutti"},"schema":{"@context":"https:\/\/schema.org","@graph":[{"@type":"WebPage","@id":"https:\/\/goodwill.fi\/kauppa\/tuote\/debi-gliori-magiaa-kirjat-2-kpl\/","url":"https:\/\/goodwill.fi\/kauppa\/tuote\/debi-gliori-magiaa-kirjat-2-kpl\/","name":"DEBI GLIORI MAGIAA KIRJAT 2 KPL - Goodwill-verkkokauppa","isPartOf":{"@id":"https:\/\/goodwill.fi\/kauppa\/#website"},"primaryImageOfPage":{"@id":"https:\/\/goodwill.fi\/kauppa\/tuote\/debi-gliori-magiaa-kirjat-2-kpl\/#primaryimage"},"image":{"@id":"https:\/\/goodwill.fi\/kauppa\/tuote\/debi-gliori-magiaa-kirjat-2-kpl\/#primaryimage"},"thumbnailUrl":"https:\/\/goodwill.fi\/kauppa\/wp-content\/uploads\/2025\/08\/P1054658-29.jpg","datePublished":"2025-08-01T09:33:13+00:00","description":"Kirjailija: Debi Gliori, suomentanut Marja Helanen-Ahtola Kustantaja: WSOY Sivum\u00e4\u00e4r\u00e4t: Magiaa millin tarkkuudella 257, Magiaa mahan t\u00e4ydelt\u00e4 228 Mitat: 22.5 cm x 15 cm Kunto: ehj\u00e4t, v\u00e4h\u00e4isi\u00e4 k\u00e4yt\u00f6n j\u00e4lki\u00e4, sivut hieman kellastuneet Huom. myyd\u00e4\u00e4n settin\u00e4","breadcrumb":{"@id":"https:\/\/goodwill.fi\/kauppa\/tuote\/debi-gliori-magiaa-kirjat-2-kpl\/#breadcrumb"},"inLanguage":"fi","potentialAction":[{"@type":"ReadAction","target":["https:\/\/goodwill.fi\/kauppa\/tuote\/debi-gliori-magiaa-kirjat-2-kpl\/"]}]},{"@type":"ImageObject","inLanguage":"fi","@id":"https:\/\/goodwill.fi\/kauppa\/tuote\/debi-gliori-magiaa-kirjat-2-kpl\/#primaryimage","url":"https:\/\/goodwill.fi\/kauppa\/wp-content\/uploads\/2025\/08\/P1054658-29.jpg","contentUrl":"https:\/\/goodwill.fi\/kauppa\/wp-content\/uploads\/2025\/08\/P1054658-29.jpg","width":2500,"height":2500},{"@type":"BreadcrumbList","@id":"https:\/\/goodwill.fi\/kauppa\/tuote\/debi-gliori-magiaa-kirjat-2-kpl\/#breadcrumb","itemListElement":[{"@type":"ListItem","position":1,"name":"Home","item":"https:\/\/goodwill.fi\/kauppa\/"},{"@type":"ListItem","position":2,"name":"Shop","item":"https:\/\/goodwill.fi\/kauppa\/shop\/"},{"@type":"ListItem","position":3,"name":"DEBI GLIORI MAGIAA KIRJAT 2 KPL"}]},{"@type":"WebSite","@id":"https:\/\/goodwill.fi\/kauppa\/#website","url":"https:\/\/goodwill.fi\/kauppa\/","name":"Goodwill-verkkokauppa","description":"Kierr\u00e4tysmyym\u00e4l\u00e4 verkossa","publisher":{"@id":"https:\/\/goodwill.fi\/kauppa\/#organization"},"potentialAction":[{"@type":"SearchAction","target":{"@type":"EntryPoint","urlTemplate":"https:\/\/goodwill.fi\/kauppa\/?s={search_term_string}"},"query-input":{"@type":"PropertyValueSpecification","valueRequired":true,"valueName":"search_term_string"}}],"inLanguage":"fi"},{"@type":"Organization","@id":"https:\/\/goodwill.fi\/kauppa\/#organization","name":"Goodwill-verkkokauppa","url":"https:\/\/goodwill.fi\/kauppa\/","logo":{"@type":"ImageObject","inLanguage":"fi","@id":"https:\/\/goodwill.fi\/kauppa\/#\/schema\/logo\/image\/","url":"https:\/\/goodwill.fi\/kauppa\/wp-content\/uploads\/2021\/02\/cropped-logo_gw_store-723x211-1.png","contentUrl":"https:\/\/goodwill.fi\/kauppa\/wp-content\/uploads\/2021\/02\/cropped-logo_gw_store-723x211-1.png","width":723,"height":207,"caption":"Goodwill-verkkokauppa"},"image":{"@id":"https:\/\/goodwill.fi\/kauppa\/#\/schema\/logo\/image\/"}}]}},"_links":{"self":[{"href":"https:\/\/goodwill.fi\/kauppa\/wp-json\/wp\/v2\/product\/56908","targetHints":{"allow":["GET"]}}],"collection":[{"href":"https:\/\/goodwill.fi\/kauppa\/wp-json\/wp\/v2\/product"}],"about":[{"href":"https:\/\/goodwill.fi\/kauppa\/wp-json\/wp\/v2\/types\/product"}],"replies":[{"embeddable":true,"href":"https:\/\/goodwill.fi\/kauppa\/wp-json\/wp\/v2\/comments?post=56908"}],"wp:featuredmedia":[{"embeddable":true,"href":"https:\/\/goodwill.fi\/kauppa\/wp-json\/wp\/v2\/media\/56910"}],"wp:attachment":[{"href":"https:\/\/goodwill.fi\/kauppa\/wp-json\/wp\/v2\/media?parent=56908"}],"wp:term":[{"taxonomy":"product_brand","embeddable":true,"href":"https:\/\/goodwill.fi\/kauppa\/wp-json\/wp\/v2\/product_brand?post=56908"},{"taxonomy":"product_cat","embeddable":true,"href":"https:\/\/goodwill.fi\/kauppa\/wp-json\/wp\/v2\/product_cat?post=56908"},{"taxonomy":"product_tag","embeddable":true,"href":"https:\/\/goodwill.fi\/kauppa\/wp-json\/wp\/v2\/product_tag?post=56908"}],"curies":[{"name":"wp","href":"https:\/\/api.w.org\/{rel}","templated":true}]}}