{"id":5669,"date":"2022-08-29T13:24:51","date_gmt":"2022-08-29T10:24:51","guid":{"rendered":"https:\/\/goodwill.fi\/kauppa\/?post_type=product&#038;p=5669"},"modified":"2022-11-21T06:52:35","modified_gmt":"2022-11-21T04:52:35","slug":"arabia-elamanvirran-enkelit-muki-03-l-helja-liukko-sundstrom","status":"publish","type":"product","link":"https:\/\/goodwill.fi\/kauppa\/tuote\/arabia-elamanvirran-enkelit-muki-03-l-helja-liukko-sundstrom\/","title":{"rendered":"ARABIA, EL\u00c4M\u00c4NVIRRAN ENKELIT -MUKI, 0,3 L, HELJ\u00c4 LIUKKO-SUNDSTR\u00d6M"},"content":{"rendered":"<p>Helj\u00e4-Liukko Sundstr\u00f6min Suomen Pipliaseuralle suunnittelema ja Arabian valmistama El\u00e4m\u00e4nvirran enkelit -muki<br \/>\nSuunnittelija: Helj\u00e4 Liukko-Sundstr\u00f6m<br \/>\nValmistaja: Arabia<br \/>\nValmistusvuosi: 2009<br \/>\nMitat:\u00a0 Korkeus 8 cm, halkaisija 8 cm, paino 240g<br \/>\nV\u00e4ri: moniv\u00e4rinen<br \/>\nMateriaali: keramiikka, kiilt\u00e4v\u00e4 lasite<br \/>\nKunto: k\u00e4ytetty, ei k\u00e4yt\u00f6n j\u00e4lki\u00e4<br \/>\nHuom: tuotteet myyd\u00e4\u00e4n kappaleittain<\/p>\n","protected":false},"excerpt":{"rendered":"<p>Helj\u00e4-Liukko Sundstr\u00f6min Suomen Pipliaseuralle suunnittelema ja Arabian valmistama El\u00e4m\u00e4nvirran enkelit -muki Suunnittelija: Helj\u00e4 Liukko-Sundstr\u00f6m Valmistaja: Arabia Valmistusvuosi: 2009 Mitat:\u00a0 Korkeus 8 cm, halkaisija 8 cm, paino 240g V\u00e4ri: moniv\u00e4rinen Materiaali: keramiikka, kiilt\u00e4v\u00e4 lasite Kunto: k\u00e4ytetty, ei k\u00e4yt\u00f6n j\u00e4lki\u00e4 Huom: tuotteet myyd\u00e4\u00e4n kappaleittain<\/p>\n","protected":false},"featured_media":5670,"comment_status":"open","ping_status":"closed","template":"","meta":[],"product_brand":[],"product_cat":[159,166,180,184,146],"product_tag":[206,3495,3496,449,3491,1985,3497,3492,398,3494,2532,3493],"class_list":{"0":"post-5669","1":"product","2":"type-product","3":"status-publish","4":"has-post-thumbnail","6":"product_cat-kaikki","7":"product_cat-astiat-2","8":"product_cat-keraily-2","9":"product_cat-muu-keraily-2","10":"product_cat-koti-2","11":"product_tag-arabia","12":"product_tag-elamanvirran","13":"product_tag-enkelimuki","14":"product_tag-enkelit","15":"product_tag-helja","16":"product_tag-helja-liukko-sundstrom-2","17":"product_tag-kot01233","18":"product_tag-liukko-sundstrom","19":"product_tag-muki","20":"product_tag-pipliaseura","21":"product_tag-suomen","22":"product_tag-teemamuki","24":"first","25":"outofstock","26":"taxable","27":"shipping-taxable","28":"purchasable","29":"product-type-simple"},"yoast_head":"<!-- This site is optimized with the Yoast SEO plugin v27.1.1 - https:\/\/yoast.com\/product\/yoast-seo-wordpress\/ -->\n<title>ARABIA, EL\u00c4M\u00c4NVIRRAN ENKELIT -MUKI, 0,3 L, HELJ\u00c4 LIUKKO-SUNDSTR\u00d6M - Goodwill-verkkokauppa<\/title>\n<meta name=\"description\" content=\"Helj\u00e4-Liukko Sundstr\u00f6min Suomen Pipliaseuralle suunnittelema ja Arabian valmistama El\u00e4m\u00e4nvirran enkelit -muki Suunnittelija: Helj\u00e4 Liukko-Sundstr\u00f6m Valmistaja: Arabia\" \/>\n<meta name=\"robots\" content=\"index, follow, max-snippet:-1, max-image-preview:large, max-video-preview:-1\" \/>\n<link rel=\"canonical\" href=\"https:\/\/goodwill.fi\/kauppa\/tuote\/arabia-elamanvirran-enkelit-muki-03-l-helja-liukko-sundstrom\/\" \/>\n<meta property=\"og:locale\" content=\"fi_FI\" \/>\n<meta property=\"og:type\" content=\"article\" \/>\n<meta property=\"og:title\" content=\"ARABIA, EL\u00c4M\u00c4NVIRRAN ENKELIT -MUKI, 0,3 L, HELJ\u00c4 LIUKKO-SUNDSTR\u00d6M - Goodwill-verkkokauppa\" \/>\n<meta property=\"og:description\" content=\"Helj\u00e4-Liukko Sundstr\u00f6min Suomen Pipliaseuralle suunnittelema ja Arabian valmistama El\u00e4m\u00e4nvirran enkelit -muki Suunnittelija: Helj\u00e4 Liukko-Sundstr\u00f6m Valmistaja: Arabia\" \/>\n<meta property=\"og:url\" content=\"https:\/\/goodwill.fi\/kauppa\/tuote\/arabia-elamanvirran-enkelit-muki-03-l-helja-liukko-sundstrom\/\" \/>\n<meta property=\"og:site_name\" content=\"Goodwill-verkkokauppa\" \/>\n<meta property=\"article:modified_time\" content=\"2022-11-21T04:52:35+00:00\" \/>\n<meta property=\"og:image\" content=\"https:\/\/goodwill.fi\/kauppa\/wp-content\/uploads\/2022\/08\/IMG_8983-scaled.jpg\" \/>\n\t<meta property=\"og:image:width\" content=\"2560\" \/>\n\t<meta property=\"og:image:height\" content=\"1707\" \/>\n\t<meta property=\"og:image:type\" content=\"image\/jpeg\" \/>\n<meta name=\"twitter:card\" content=\"summary_large_image\" \/>\n<meta name=\"twitter:label1\" content=\"Arvioitu lukuaika\" \/>\n\t<meta name=\"twitter:data1\" content=\"1 minuutti\" \/>\n<script type=\"application\/ld+json\" class=\"yoast-schema-graph\">{\"@context\":\"https:\/\/schema.org\",\"@graph\":[{\"@type\":\"WebPage\",\"@id\":\"https:\/\/goodwill.fi\/kauppa\/tuote\/arabia-elamanvirran-enkelit-muki-03-l-helja-liukko-sundstrom\/\",\"url\":\"https:\/\/goodwill.fi\/kauppa\/tuote\/arabia-elamanvirran-enkelit-muki-03-l-helja-liukko-sundstrom\/\",\"name\":\"ARABIA, EL\u00c4M\u00c4NVIRRAN ENKELIT -MUKI, 0,3 L, HELJ\u00c4 LIUKKO-SUNDSTR\u00d6M - Goodwill-verkkokauppa\",\"isPartOf\":{\"@id\":\"https:\/\/goodwill.fi\/kauppa\/#website\"},\"primaryImageOfPage\":{\"@id\":\"https:\/\/goodwill.fi\/kauppa\/tuote\/arabia-elamanvirran-enkelit-muki-03-l-helja-liukko-sundstrom\/#primaryimage\"},\"image\":{\"@id\":\"https:\/\/goodwill.fi\/kauppa\/tuote\/arabia-elamanvirran-enkelit-muki-03-l-helja-liukko-sundstrom\/#primaryimage\"},\"thumbnailUrl\":\"https:\/\/goodwill.fi\/kauppa\/wp-content\/uploads\/2022\/08\/IMG_8983-scaled.jpg\",\"datePublished\":\"2022-08-29T10:24:51+00:00\",\"dateModified\":\"2022-11-21T04:52:35+00:00\",\"description\":\"Helj\u00e4-Liukko Sundstr\u00f6min Suomen Pipliaseuralle suunnittelema ja Arabian valmistama El\u00e4m\u00e4nvirran enkelit -muki Suunnittelija: Helj\u00e4 Liukko-Sundstr\u00f6m Valmistaja: Arabia\",\"breadcrumb\":{\"@id\":\"https:\/\/goodwill.fi\/kauppa\/tuote\/arabia-elamanvirran-enkelit-muki-03-l-helja-liukko-sundstrom\/#breadcrumb\"},\"inLanguage\":\"fi\",\"potentialAction\":[{\"@type\":\"ReadAction\",\"target\":[\"https:\/\/goodwill.fi\/kauppa\/tuote\/arabia-elamanvirran-enkelit-muki-03-l-helja-liukko-sundstrom\/\"]}]},{\"@type\":\"ImageObject\",\"inLanguage\":\"fi\",\"@id\":\"https:\/\/goodwill.fi\/kauppa\/tuote\/arabia-elamanvirran-enkelit-muki-03-l-helja-liukko-sundstrom\/#primaryimage\",\"url\":\"https:\/\/goodwill.fi\/kauppa\/wp-content\/uploads\/2022\/08\/IMG_8983-scaled.jpg\",\"contentUrl\":\"https:\/\/goodwill.fi\/kauppa\/wp-content\/uploads\/2022\/08\/IMG_8983-scaled.jpg\",\"width\":2560,\"height\":1707},{\"@type\":\"BreadcrumbList\",\"@id\":\"https:\/\/goodwill.fi\/kauppa\/tuote\/arabia-elamanvirran-enkelit-muki-03-l-helja-liukko-sundstrom\/#breadcrumb\",\"itemListElement\":[{\"@type\":\"ListItem\",\"position\":1,\"name\":\"Home\",\"item\":\"https:\/\/goodwill.fi\/kauppa\/\"},{\"@type\":\"ListItem\",\"position\":2,\"name\":\"Shop\",\"item\":\"https:\/\/goodwill.fi\/kauppa\/shop\/\"},{\"@type\":\"ListItem\",\"position\":3,\"name\":\"ARABIA, EL\u00c4M\u00c4NVIRRAN ENKELIT -MUKI, 0,3 L, HELJ\u00c4 LIUKKO-SUNDSTR\u00d6M\"}]},{\"@type\":\"WebSite\",\"@id\":\"https:\/\/goodwill.fi\/kauppa\/#website\",\"url\":\"https:\/\/goodwill.fi\/kauppa\/\",\"name\":\"Goodwill-verkkokauppa\",\"description\":\"Kierr\u00e4tysmyym\u00e4l\u00e4 verkossa\",\"publisher\":{\"@id\":\"https:\/\/goodwill.fi\/kauppa\/#organization\"},\"potentialAction\":[{\"@type\":\"SearchAction\",\"target\":{\"@type\":\"EntryPoint\",\"urlTemplate\":\"https:\/\/goodwill.fi\/kauppa\/?s={search_term_string}\"},\"query-input\":{\"@type\":\"PropertyValueSpecification\",\"valueRequired\":true,\"valueName\":\"search_term_string\"}}],\"inLanguage\":\"fi\"},{\"@type\":\"Organization\",\"@id\":\"https:\/\/goodwill.fi\/kauppa\/#organization\",\"name\":\"Goodwill-verkkokauppa\",\"url\":\"https:\/\/goodwill.fi\/kauppa\/\",\"logo\":{\"@type\":\"ImageObject\",\"inLanguage\":\"fi\",\"@id\":\"https:\/\/goodwill.fi\/kauppa\/#\/schema\/logo\/image\/\",\"url\":\"https:\/\/goodwill.fi\/kauppa\/wp-content\/uploads\/2021\/02\/cropped-logo_gw_store-723x211-1.png\",\"contentUrl\":\"https:\/\/goodwill.fi\/kauppa\/wp-content\/uploads\/2021\/02\/cropped-logo_gw_store-723x211-1.png\",\"width\":723,\"height\":207,\"caption\":\"Goodwill-verkkokauppa\"},\"image\":{\"@id\":\"https:\/\/goodwill.fi\/kauppa\/#\/schema\/logo\/image\/\"}}]}<\/script>\n<!-- \/ Yoast SEO plugin. -->","yoast_head_json":{"title":"ARABIA, EL\u00c4M\u00c4NVIRRAN ENKELIT -MUKI, 0,3 L, HELJ\u00c4 LIUKKO-SUNDSTR\u00d6M - Goodwill-verkkokauppa","description":"Helj\u00e4-Liukko Sundstr\u00f6min Suomen Pipliaseuralle suunnittelema ja Arabian valmistama El\u00e4m\u00e4nvirran enkelit -muki Suunnittelija: Helj\u00e4 Liukko-Sundstr\u00f6m Valmistaja: Arabia","robots":{"index":"index","follow":"follow","max-snippet":"max-snippet:-1","max-image-preview":"max-image-preview:large","max-video-preview":"max-video-preview:-1"},"canonical":"https:\/\/goodwill.fi\/kauppa\/tuote\/arabia-elamanvirran-enkelit-muki-03-l-helja-liukko-sundstrom\/","og_locale":"fi_FI","og_type":"article","og_title":"ARABIA, EL\u00c4M\u00c4NVIRRAN ENKELIT -MUKI, 0,3 L, HELJ\u00c4 LIUKKO-SUNDSTR\u00d6M - Goodwill-verkkokauppa","og_description":"Helj\u00e4-Liukko Sundstr\u00f6min Suomen Pipliaseuralle suunnittelema ja Arabian valmistama El\u00e4m\u00e4nvirran enkelit -muki Suunnittelija: Helj\u00e4 Liukko-Sundstr\u00f6m Valmistaja: Arabia","og_url":"https:\/\/goodwill.fi\/kauppa\/tuote\/arabia-elamanvirran-enkelit-muki-03-l-helja-liukko-sundstrom\/","og_site_name":"Goodwill-verkkokauppa","article_modified_time":"2022-11-21T04:52:35+00:00","og_image":[{"width":2560,"height":1707,"url":"https:\/\/goodwill.fi\/kauppa\/wp-content\/uploads\/2022\/08\/IMG_8983-scaled.jpg","type":"image\/jpeg"}],"twitter_card":"summary_large_image","twitter_misc":{"Arvioitu lukuaika":"1 minuutti"},"schema":{"@context":"https:\/\/schema.org","@graph":[{"@type":"WebPage","@id":"https:\/\/goodwill.fi\/kauppa\/tuote\/arabia-elamanvirran-enkelit-muki-03-l-helja-liukko-sundstrom\/","url":"https:\/\/goodwill.fi\/kauppa\/tuote\/arabia-elamanvirran-enkelit-muki-03-l-helja-liukko-sundstrom\/","name":"ARABIA, EL\u00c4M\u00c4NVIRRAN ENKELIT -MUKI, 0,3 L, HELJ\u00c4 LIUKKO-SUNDSTR\u00d6M - Goodwill-verkkokauppa","isPartOf":{"@id":"https:\/\/goodwill.fi\/kauppa\/#website"},"primaryImageOfPage":{"@id":"https:\/\/goodwill.fi\/kauppa\/tuote\/arabia-elamanvirran-enkelit-muki-03-l-helja-liukko-sundstrom\/#primaryimage"},"image":{"@id":"https:\/\/goodwill.fi\/kauppa\/tuote\/arabia-elamanvirran-enkelit-muki-03-l-helja-liukko-sundstrom\/#primaryimage"},"thumbnailUrl":"https:\/\/goodwill.fi\/kauppa\/wp-content\/uploads\/2022\/08\/IMG_8983-scaled.jpg","datePublished":"2022-08-29T10:24:51+00:00","dateModified":"2022-11-21T04:52:35+00:00","description":"Helj\u00e4-Liukko Sundstr\u00f6min Suomen Pipliaseuralle suunnittelema ja Arabian valmistama El\u00e4m\u00e4nvirran enkelit -muki Suunnittelija: Helj\u00e4 Liukko-Sundstr\u00f6m Valmistaja: Arabia","breadcrumb":{"@id":"https:\/\/goodwill.fi\/kauppa\/tuote\/arabia-elamanvirran-enkelit-muki-03-l-helja-liukko-sundstrom\/#breadcrumb"},"inLanguage":"fi","potentialAction":[{"@type":"ReadAction","target":["https:\/\/goodwill.fi\/kauppa\/tuote\/arabia-elamanvirran-enkelit-muki-03-l-helja-liukko-sundstrom\/"]}]},{"@type":"ImageObject","inLanguage":"fi","@id":"https:\/\/goodwill.fi\/kauppa\/tuote\/arabia-elamanvirran-enkelit-muki-03-l-helja-liukko-sundstrom\/#primaryimage","url":"https:\/\/goodwill.fi\/kauppa\/wp-content\/uploads\/2022\/08\/IMG_8983-scaled.jpg","contentUrl":"https:\/\/goodwill.fi\/kauppa\/wp-content\/uploads\/2022\/08\/IMG_8983-scaled.jpg","width":2560,"height":1707},{"@type":"BreadcrumbList","@id":"https:\/\/goodwill.fi\/kauppa\/tuote\/arabia-elamanvirran-enkelit-muki-03-l-helja-liukko-sundstrom\/#breadcrumb","itemListElement":[{"@type":"ListItem","position":1,"name":"Home","item":"https:\/\/goodwill.fi\/kauppa\/"},{"@type":"ListItem","position":2,"name":"Shop","item":"https:\/\/goodwill.fi\/kauppa\/shop\/"},{"@type":"ListItem","position":3,"name":"ARABIA, EL\u00c4M\u00c4NVIRRAN ENKELIT -MUKI, 0,3 L, HELJ\u00c4 LIUKKO-SUNDSTR\u00d6M"}]},{"@type":"WebSite","@id":"https:\/\/goodwill.fi\/kauppa\/#website","url":"https:\/\/goodwill.fi\/kauppa\/","name":"Goodwill-verkkokauppa","description":"Kierr\u00e4tysmyym\u00e4l\u00e4 verkossa","publisher":{"@id":"https:\/\/goodwill.fi\/kauppa\/#organization"},"potentialAction":[{"@type":"SearchAction","target":{"@type":"EntryPoint","urlTemplate":"https:\/\/goodwill.fi\/kauppa\/?s={search_term_string}"},"query-input":{"@type":"PropertyValueSpecification","valueRequired":true,"valueName":"search_term_string"}}],"inLanguage":"fi"},{"@type":"Organization","@id":"https:\/\/goodwill.fi\/kauppa\/#organization","name":"Goodwill-verkkokauppa","url":"https:\/\/goodwill.fi\/kauppa\/","logo":{"@type":"ImageObject","inLanguage":"fi","@id":"https:\/\/goodwill.fi\/kauppa\/#\/schema\/logo\/image\/","url":"https:\/\/goodwill.fi\/kauppa\/wp-content\/uploads\/2021\/02\/cropped-logo_gw_store-723x211-1.png","contentUrl":"https:\/\/goodwill.fi\/kauppa\/wp-content\/uploads\/2021\/02\/cropped-logo_gw_store-723x211-1.png","width":723,"height":207,"caption":"Goodwill-verkkokauppa"},"image":{"@id":"https:\/\/goodwill.fi\/kauppa\/#\/schema\/logo\/image\/"}}]}},"_links":{"self":[{"href":"https:\/\/goodwill.fi\/kauppa\/wp-json\/wp\/v2\/product\/5669","targetHints":{"allow":["GET"]}}],"collection":[{"href":"https:\/\/goodwill.fi\/kauppa\/wp-json\/wp\/v2\/product"}],"about":[{"href":"https:\/\/goodwill.fi\/kauppa\/wp-json\/wp\/v2\/types\/product"}],"replies":[{"embeddable":true,"href":"https:\/\/goodwill.fi\/kauppa\/wp-json\/wp\/v2\/comments?post=5669"}],"wp:featuredmedia":[{"embeddable":true,"href":"https:\/\/goodwill.fi\/kauppa\/wp-json\/wp\/v2\/media\/5670"}],"wp:attachment":[{"href":"https:\/\/goodwill.fi\/kauppa\/wp-json\/wp\/v2\/media?parent=5669"}],"wp:term":[{"taxonomy":"product_brand","embeddable":true,"href":"https:\/\/goodwill.fi\/kauppa\/wp-json\/wp\/v2\/product_brand?post=5669"},{"taxonomy":"product_cat","embeddable":true,"href":"https:\/\/goodwill.fi\/kauppa\/wp-json\/wp\/v2\/product_cat?post=5669"},{"taxonomy":"product_tag","embeddable":true,"href":"https:\/\/goodwill.fi\/kauppa\/wp-json\/wp\/v2\/product_tag?post=5669"}],"curies":[{"name":"wp","href":"https:\/\/api.w.org\/{rel}","templated":true}]}}