{"id":56558,"date":"2025-07-29T10:05:20","date_gmt":"2025-07-29T07:05:20","guid":{"rendered":"https:\/\/goodwill.fi\/kauppa\/?post_type=product&#038;p=56558"},"modified":"2025-07-29T10:05:21","modified_gmt":"2025-07-29T07:05:21","slug":"arabia-eg-2-perunajauhopurkki","status":"publish","type":"product","link":"https:\/\/goodwill.fi\/kauppa\/tuote\/arabia-eg-2-perunajauhopurkki\/","title":{"rendered":"ARABIA EG 2 PERUNAJAUHOPURKKI"},"content":{"rendered":"<p>Valmistaja: Arabia<br \/>\nMitat: korkeus 18 cm, leveys 11,5 cm, paino 526 g<br \/>\nV\u00e4ri: valkoinen, ruskea<br \/>\nMateriaali: ferra-fajanssi<br \/>\nKunto: kulmasta lohjennut pala joka on liimattu takaisin, paljon krakeloitumaa, paljon k\u00e4yt\u00f6n j\u00e4lki\u00e4, kannen poikki menee halkeama, kansi krakeloitunut<\/p>\n","protected":false},"excerpt":{"rendered":"<p>Valmistaja: Arabia Mitat: korkeus 18 cm, leveys 11,5 cm, paino 526 g V\u00e4ri: valkoinen, ruskea Materiaali: ferra-fajanssi Kunto: kulmasta lohjennut pala joka on liimattu takaisin, paljon krakeloitumaa, paljon k\u00e4yt\u00f6n j\u00e4lki\u00e4, kannen poikki menee halkeama, kansi krakeloitunut<\/p>\n","protected":false},"featured_media":56559,"comment_status":"open","ping_status":"closed","template":"","meta":[],"product_brand":[],"product_cat":[159,14855,166,14865,146,154,14876],"product_tag":[206,16303,16304,248,3612],"class_list":{"0":"post-56558","1":"product","2":"type-product","3":"status-publish","4":"has-post-thumbnail","6":"product_cat-kaikki","7":"product_cat-arabia","8":"product_cat-astiat-2","9":"product_cat-tarjoiluastiat","10":"product_cat-koti-2","11":"product_cat-sisustus-2","12":"product_cat-koriste-esineet","13":"product_tag-arabia","14":"product_tag-eg-2","15":"product_tag-perunajauho","16":"product_tag-purkki","17":"product_tag-verkko","19":"first","20":"instock","21":"taxable","22":"shipping-taxable","23":"purchasable","24":"product-type-simple"},"yoast_head":"<!-- This site is optimized with the Yoast SEO plugin v27.1.1 - https:\/\/yoast.com\/product\/yoast-seo-wordpress\/ -->\n<title>ARABIA EG 2 PERUNAJAUHOPURKKI - Goodwill-verkkokauppa<\/title>\n<meta name=\"description\" content=\"Valmistaja: Arabia Mitat: korkeus 18 cm, leveys 11,5 cm, paino 526 g V\u00e4ri: valkoinen, ruskea Materiaali: ferra-fajanssi Kunto: paljon k\u00e4yt\u00f6n j\u00e4lki\u00e4\" \/>\n<meta name=\"robots\" content=\"index, follow, max-snippet:-1, max-image-preview:large, max-video-preview:-1\" \/>\n<link rel=\"canonical\" href=\"https:\/\/goodwill.fi\/kauppa\/tuote\/arabia-eg-2-perunajauhopurkki\/\" \/>\n<meta property=\"og:locale\" content=\"fi_FI\" \/>\n<meta property=\"og:type\" content=\"article\" \/>\n<meta property=\"og:title\" content=\"ARABIA EG 2 PERUNAJAUHOPURKKI - Goodwill-verkkokauppa\" \/>\n<meta property=\"og:description\" content=\"Valmistaja: Arabia Mitat: korkeus 18 cm, leveys 11,5 cm, paino 526 g V\u00e4ri: valkoinen, ruskea Materiaali: ferra-fajanssi Kunto: paljon k\u00e4yt\u00f6n j\u00e4lki\u00e4\" \/>\n<meta property=\"og:url\" content=\"https:\/\/goodwill.fi\/kauppa\/tuote\/arabia-eg-2-perunajauhopurkki\/\" \/>\n<meta property=\"og:site_name\" content=\"Goodwill-verkkokauppa\" \/>\n<meta property=\"article:modified_time\" content=\"2025-07-29T07:05:21+00:00\" \/>\n<meta property=\"og:image\" content=\"https:\/\/goodwill.fi\/kauppa\/wp-content\/uploads\/2025\/07\/IMG_0779-scaled-e1753771678940.jpg\" \/>\n\t<meta property=\"og:image:width\" content=\"1610\" \/>\n\t<meta property=\"og:image:height\" content=\"1638\" \/>\n\t<meta property=\"og:image:type\" content=\"image\/jpeg\" \/>\n<meta name=\"twitter:card\" content=\"summary_large_image\" \/>\n<meta name=\"twitter:label1\" content=\"Arvioitu lukuaika\" \/>\n\t<meta name=\"twitter:data1\" content=\"1 minuutti\" \/>\n<script type=\"application\/ld+json\" class=\"yoast-schema-graph\">{\"@context\":\"https:\/\/schema.org\",\"@graph\":[{\"@type\":\"WebPage\",\"@id\":\"https:\/\/goodwill.fi\/kauppa\/tuote\/arabia-eg-2-perunajauhopurkki\/\",\"url\":\"https:\/\/goodwill.fi\/kauppa\/tuote\/arabia-eg-2-perunajauhopurkki\/\",\"name\":\"ARABIA EG 2 PERUNAJAUHOPURKKI - Goodwill-verkkokauppa\",\"isPartOf\":{\"@id\":\"https:\/\/goodwill.fi\/kauppa\/#website\"},\"primaryImageOfPage\":{\"@id\":\"https:\/\/goodwill.fi\/kauppa\/tuote\/arabia-eg-2-perunajauhopurkki\/#primaryimage\"},\"image\":{\"@id\":\"https:\/\/goodwill.fi\/kauppa\/tuote\/arabia-eg-2-perunajauhopurkki\/#primaryimage\"},\"thumbnailUrl\":\"https:\/\/goodwill.fi\/kauppa\/wp-content\/uploads\/2025\/07\/IMG_0779-scaled-e1753771678940.jpg\",\"datePublished\":\"2025-07-29T07:05:20+00:00\",\"dateModified\":\"2025-07-29T07:05:21+00:00\",\"description\":\"Valmistaja: Arabia Mitat: korkeus 18 cm, leveys 11,5 cm, paino 526 g V\u00e4ri: valkoinen, ruskea Materiaali: ferra-fajanssi Kunto: paljon k\u00e4yt\u00f6n j\u00e4lki\u00e4\",\"breadcrumb\":{\"@id\":\"https:\/\/goodwill.fi\/kauppa\/tuote\/arabia-eg-2-perunajauhopurkki\/#breadcrumb\"},\"inLanguage\":\"fi\",\"potentialAction\":[{\"@type\":\"ReadAction\",\"target\":[\"https:\/\/goodwill.fi\/kauppa\/tuote\/arabia-eg-2-perunajauhopurkki\/\"]}]},{\"@type\":\"ImageObject\",\"inLanguage\":\"fi\",\"@id\":\"https:\/\/goodwill.fi\/kauppa\/tuote\/arabia-eg-2-perunajauhopurkki\/#primaryimage\",\"url\":\"https:\/\/goodwill.fi\/kauppa\/wp-content\/uploads\/2025\/07\/IMG_0779-scaled-e1753771678940.jpg\",\"contentUrl\":\"https:\/\/goodwill.fi\/kauppa\/wp-content\/uploads\/2025\/07\/IMG_0779-scaled-e1753771678940.jpg\",\"width\":1610,\"height\":1638},{\"@type\":\"BreadcrumbList\",\"@id\":\"https:\/\/goodwill.fi\/kauppa\/tuote\/arabia-eg-2-perunajauhopurkki\/#breadcrumb\",\"itemListElement\":[{\"@type\":\"ListItem\",\"position\":1,\"name\":\"Home\",\"item\":\"https:\/\/goodwill.fi\/kauppa\/\"},{\"@type\":\"ListItem\",\"position\":2,\"name\":\"Shop\",\"item\":\"https:\/\/goodwill.fi\/kauppa\/shop\/\"},{\"@type\":\"ListItem\",\"position\":3,\"name\":\"ARABIA EG 2 PERUNAJAUHOPURKKI\"}]},{\"@type\":\"WebSite\",\"@id\":\"https:\/\/goodwill.fi\/kauppa\/#website\",\"url\":\"https:\/\/goodwill.fi\/kauppa\/\",\"name\":\"Goodwill-verkkokauppa\",\"description\":\"Kierr\u00e4tysmyym\u00e4l\u00e4 verkossa\",\"publisher\":{\"@id\":\"https:\/\/goodwill.fi\/kauppa\/#organization\"},\"potentialAction\":[{\"@type\":\"SearchAction\",\"target\":{\"@type\":\"EntryPoint\",\"urlTemplate\":\"https:\/\/goodwill.fi\/kauppa\/?s={search_term_string}\"},\"query-input\":{\"@type\":\"PropertyValueSpecification\",\"valueRequired\":true,\"valueName\":\"search_term_string\"}}],\"inLanguage\":\"fi\"},{\"@type\":\"Organization\",\"@id\":\"https:\/\/goodwill.fi\/kauppa\/#organization\",\"name\":\"Goodwill-verkkokauppa\",\"url\":\"https:\/\/goodwill.fi\/kauppa\/\",\"logo\":{\"@type\":\"ImageObject\",\"inLanguage\":\"fi\",\"@id\":\"https:\/\/goodwill.fi\/kauppa\/#\/schema\/logo\/image\/\",\"url\":\"https:\/\/goodwill.fi\/kauppa\/wp-content\/uploads\/2021\/02\/cropped-logo_gw_store-723x211-1.png\",\"contentUrl\":\"https:\/\/goodwill.fi\/kauppa\/wp-content\/uploads\/2021\/02\/cropped-logo_gw_store-723x211-1.png\",\"width\":723,\"height\":207,\"caption\":\"Goodwill-verkkokauppa\"},\"image\":{\"@id\":\"https:\/\/goodwill.fi\/kauppa\/#\/schema\/logo\/image\/\"}}]}<\/script>\n<!-- \/ Yoast SEO plugin. -->","yoast_head_json":{"title":"ARABIA EG 2 PERUNAJAUHOPURKKI - Goodwill-verkkokauppa","description":"Valmistaja: Arabia Mitat: korkeus 18 cm, leveys 11,5 cm, paino 526 g V\u00e4ri: valkoinen, ruskea Materiaali: ferra-fajanssi Kunto: paljon k\u00e4yt\u00f6n j\u00e4lki\u00e4","robots":{"index":"index","follow":"follow","max-snippet":"max-snippet:-1","max-image-preview":"max-image-preview:large","max-video-preview":"max-video-preview:-1"},"canonical":"https:\/\/goodwill.fi\/kauppa\/tuote\/arabia-eg-2-perunajauhopurkki\/","og_locale":"fi_FI","og_type":"article","og_title":"ARABIA EG 2 PERUNAJAUHOPURKKI - Goodwill-verkkokauppa","og_description":"Valmistaja: Arabia Mitat: korkeus 18 cm, leveys 11,5 cm, paino 526 g V\u00e4ri: valkoinen, ruskea Materiaali: ferra-fajanssi Kunto: paljon k\u00e4yt\u00f6n j\u00e4lki\u00e4","og_url":"https:\/\/goodwill.fi\/kauppa\/tuote\/arabia-eg-2-perunajauhopurkki\/","og_site_name":"Goodwill-verkkokauppa","article_modified_time":"2025-07-29T07:05:21+00:00","og_image":[{"width":1610,"height":1638,"url":"https:\/\/goodwill.fi\/kauppa\/wp-content\/uploads\/2025\/07\/IMG_0779-scaled-e1753771678940.jpg","type":"image\/jpeg"}],"twitter_card":"summary_large_image","twitter_misc":{"Arvioitu lukuaika":"1 minuutti"},"schema":{"@context":"https:\/\/schema.org","@graph":[{"@type":"WebPage","@id":"https:\/\/goodwill.fi\/kauppa\/tuote\/arabia-eg-2-perunajauhopurkki\/","url":"https:\/\/goodwill.fi\/kauppa\/tuote\/arabia-eg-2-perunajauhopurkki\/","name":"ARABIA EG 2 PERUNAJAUHOPURKKI - Goodwill-verkkokauppa","isPartOf":{"@id":"https:\/\/goodwill.fi\/kauppa\/#website"},"primaryImageOfPage":{"@id":"https:\/\/goodwill.fi\/kauppa\/tuote\/arabia-eg-2-perunajauhopurkki\/#primaryimage"},"image":{"@id":"https:\/\/goodwill.fi\/kauppa\/tuote\/arabia-eg-2-perunajauhopurkki\/#primaryimage"},"thumbnailUrl":"https:\/\/goodwill.fi\/kauppa\/wp-content\/uploads\/2025\/07\/IMG_0779-scaled-e1753771678940.jpg","datePublished":"2025-07-29T07:05:20+00:00","dateModified":"2025-07-29T07:05:21+00:00","description":"Valmistaja: Arabia Mitat: korkeus 18 cm, leveys 11,5 cm, paino 526 g V\u00e4ri: valkoinen, ruskea Materiaali: ferra-fajanssi Kunto: paljon k\u00e4yt\u00f6n j\u00e4lki\u00e4","breadcrumb":{"@id":"https:\/\/goodwill.fi\/kauppa\/tuote\/arabia-eg-2-perunajauhopurkki\/#breadcrumb"},"inLanguage":"fi","potentialAction":[{"@type":"ReadAction","target":["https:\/\/goodwill.fi\/kauppa\/tuote\/arabia-eg-2-perunajauhopurkki\/"]}]},{"@type":"ImageObject","inLanguage":"fi","@id":"https:\/\/goodwill.fi\/kauppa\/tuote\/arabia-eg-2-perunajauhopurkki\/#primaryimage","url":"https:\/\/goodwill.fi\/kauppa\/wp-content\/uploads\/2025\/07\/IMG_0779-scaled-e1753771678940.jpg","contentUrl":"https:\/\/goodwill.fi\/kauppa\/wp-content\/uploads\/2025\/07\/IMG_0779-scaled-e1753771678940.jpg","width":1610,"height":1638},{"@type":"BreadcrumbList","@id":"https:\/\/goodwill.fi\/kauppa\/tuote\/arabia-eg-2-perunajauhopurkki\/#breadcrumb","itemListElement":[{"@type":"ListItem","position":1,"name":"Home","item":"https:\/\/goodwill.fi\/kauppa\/"},{"@type":"ListItem","position":2,"name":"Shop","item":"https:\/\/goodwill.fi\/kauppa\/shop\/"},{"@type":"ListItem","position":3,"name":"ARABIA EG 2 PERUNAJAUHOPURKKI"}]},{"@type":"WebSite","@id":"https:\/\/goodwill.fi\/kauppa\/#website","url":"https:\/\/goodwill.fi\/kauppa\/","name":"Goodwill-verkkokauppa","description":"Kierr\u00e4tysmyym\u00e4l\u00e4 verkossa","publisher":{"@id":"https:\/\/goodwill.fi\/kauppa\/#organization"},"potentialAction":[{"@type":"SearchAction","target":{"@type":"EntryPoint","urlTemplate":"https:\/\/goodwill.fi\/kauppa\/?s={search_term_string}"},"query-input":{"@type":"PropertyValueSpecification","valueRequired":true,"valueName":"search_term_string"}}],"inLanguage":"fi"},{"@type":"Organization","@id":"https:\/\/goodwill.fi\/kauppa\/#organization","name":"Goodwill-verkkokauppa","url":"https:\/\/goodwill.fi\/kauppa\/","logo":{"@type":"ImageObject","inLanguage":"fi","@id":"https:\/\/goodwill.fi\/kauppa\/#\/schema\/logo\/image\/","url":"https:\/\/goodwill.fi\/kauppa\/wp-content\/uploads\/2021\/02\/cropped-logo_gw_store-723x211-1.png","contentUrl":"https:\/\/goodwill.fi\/kauppa\/wp-content\/uploads\/2021\/02\/cropped-logo_gw_store-723x211-1.png","width":723,"height":207,"caption":"Goodwill-verkkokauppa"},"image":{"@id":"https:\/\/goodwill.fi\/kauppa\/#\/schema\/logo\/image\/"}}]}},"_links":{"self":[{"href":"https:\/\/goodwill.fi\/kauppa\/wp-json\/wp\/v2\/product\/56558","targetHints":{"allow":["GET"]}}],"collection":[{"href":"https:\/\/goodwill.fi\/kauppa\/wp-json\/wp\/v2\/product"}],"about":[{"href":"https:\/\/goodwill.fi\/kauppa\/wp-json\/wp\/v2\/types\/product"}],"replies":[{"embeddable":true,"href":"https:\/\/goodwill.fi\/kauppa\/wp-json\/wp\/v2\/comments?post=56558"}],"wp:featuredmedia":[{"embeddable":true,"href":"https:\/\/goodwill.fi\/kauppa\/wp-json\/wp\/v2\/media\/56559"}],"wp:attachment":[{"href":"https:\/\/goodwill.fi\/kauppa\/wp-json\/wp\/v2\/media?parent=56558"}],"wp:term":[{"taxonomy":"product_brand","embeddable":true,"href":"https:\/\/goodwill.fi\/kauppa\/wp-json\/wp\/v2\/product_brand?post=56558"},{"taxonomy":"product_cat","embeddable":true,"href":"https:\/\/goodwill.fi\/kauppa\/wp-json\/wp\/v2\/product_cat?post=56558"},{"taxonomy":"product_tag","embeddable":true,"href":"https:\/\/goodwill.fi\/kauppa\/wp-json\/wp\/v2\/product_tag?post=56558"}],"curies":[{"name":"wp","href":"https:\/\/api.w.org\/{rel}","templated":true}]}}