{"id":56158,"date":"2025-07-22T12:57:23","date_gmt":"2025-07-22T09:57:23","guid":{"rendered":"https:\/\/goodwill.fi\/kauppa\/?post_type=product&#038;p=56158"},"modified":"2025-10-17T00:18:49","modified_gmt":"2025-10-16T21:18:49","slug":"asahi-pentax-spotmatic-f-filmikamera","status":"publish","type":"product","link":"https:\/\/goodwill.fi\/kauppa\/tuote\/asahi-pentax-spotmatic-f-filmikamera\/","title":{"rendered":"ASAHI PENTAX SPOTMATIC F FILMIKAMERA"},"content":{"rendered":"<p>Asahi Pentaxin valmistama Spotmatic F j\u00e4rjestelm\u00e4kameran runko ja SMC Takumar 1:1.8\/55 objektiivi. Settiin kuuluu kamera, objektiivi, kantonauha ja laukku<\/p>\n<p>Valmistaja: Asahi Pentax<br \/>\nObjektiivi: SMC Takumar 1:1.8\/55<br \/>\nMitat: pituus 15 cm, leveys objektiivin kanssa 10 cm, paino 906 g<br \/>\nV\u00e4ri: musta, harmaa<br \/>\nMateriaali: metalli, muovi<br \/>\nKunto: ulkoisesti ehj\u00e4, k\u00e4yt\u00f6n j\u00e4lki\u00e4, pient\u00e4 kulumaa<br \/>\nHuom: toimintaa ei ole voitu tarkistaa<\/p>\n","protected":false},"excerpt":{"rendered":"<p>Asahi Pentaxin valmistama Spotmatic F j\u00e4rjestelm\u00e4kameran runko ja SMC Takumar 1:1.8\/55 objektiivi. Settiin kuuluu kamera, objektiivi, kantonauha ja laukku Valmistaja: Asahi Pentax Objektiivi: SMC Takumar 1:1.8\/55 Mitat: pituus 15 cm, leveys objektiivin kanssa 10 cm, paino 906 g V\u00e4ri: musta, harmaa Materiaali: metalli, muovi Kunto: ulkoisesti ehj\u00e4, k\u00e4yt\u00f6n j\u00e4lki\u00e4, pient\u00e4 kulumaa Huom: toimintaa ei ole [&hellip;]<\/p>\n","protected":false},"featured_media":56162,"comment_status":"open","ping_status":"closed","template":"","meta":[],"product_brand":[],"product_cat":[159,143,14878],"product_tag":[16254,16256,6178,3554,13920,16255],"class_list":{"0":"post-56158","1":"product","2":"type-product","3":"status-publish","4":"has-post-thumbnail","6":"product_cat-kaikki","7":"product_cat-viihde-2","8":"product_cat-kamerat","9":"product_tag-asahi","10":"product_tag-f","11":"product_tag-filmikamera","12":"product_tag-kamera","13":"product_tag-pentax","14":"product_tag-spotmatic","16":"first","17":"outofstock","18":"taxable","19":"shipping-taxable","20":"purchasable","21":"product-type-simple"},"yoast_head":"<!-- This site is optimized with the Yoast SEO plugin v27.1.1 - https:\/\/yoast.com\/product\/yoast-seo-wordpress\/ -->\n<title>ASAHI PENTAX SPOTMATIC F FILMIKAMERA - Goodwill-verkkokauppa<\/title>\n<meta name=\"description\" content=\"Asahi Pentaxin valmistama Spotmatic F j\u00e4rjestelm\u00e4kameran runko ja SMC Takumar 1:1.8\/55 objektiivi. Settiin kuuluu kamera, objektiivi, kantonauha ja laukku\" \/>\n<meta name=\"robots\" content=\"index, follow, max-snippet:-1, max-image-preview:large, max-video-preview:-1\" \/>\n<link rel=\"canonical\" href=\"https:\/\/goodwill.fi\/kauppa\/tuote\/asahi-pentax-spotmatic-f-filmikamera\/\" \/>\n<meta property=\"og:locale\" content=\"fi_FI\" \/>\n<meta property=\"og:type\" content=\"article\" \/>\n<meta property=\"og:title\" content=\"ASAHI PENTAX SPOTMATIC F FILMIKAMERA - Goodwill-verkkokauppa\" \/>\n<meta property=\"og:description\" content=\"Asahi Pentaxin valmistama Spotmatic F j\u00e4rjestelm\u00e4kameran runko ja SMC Takumar 1:1.8\/55 objektiivi. Settiin kuuluu kamera, objektiivi, kantonauha ja laukku\" \/>\n<meta property=\"og:url\" content=\"https:\/\/goodwill.fi\/kauppa\/tuote\/asahi-pentax-spotmatic-f-filmikamera\/\" \/>\n<meta property=\"og:site_name\" content=\"Goodwill-verkkokauppa\" \/>\n<meta property=\"article:modified_time\" content=\"2025-10-16T21:18:49+00:00\" \/>\n<meta property=\"og:image\" content=\"https:\/\/goodwill.fi\/kauppa\/wp-content\/uploads\/2025\/07\/IMG_0637-scaled-e1753176581945.jpg\" \/>\n\t<meta property=\"og:image:width\" content=\"2103\" \/>\n\t<meta property=\"og:image:height\" content=\"1707\" \/>\n\t<meta property=\"og:image:type\" content=\"image\/jpeg\" \/>\n<meta name=\"twitter:card\" content=\"summary_large_image\" \/>\n<meta name=\"twitter:label1\" content=\"Arvioitu lukuaika\" \/>\n\t<meta name=\"twitter:data1\" content=\"1 minuutti\" \/>\n<script type=\"application\/ld+json\" class=\"yoast-schema-graph\">{\"@context\":\"https:\/\/schema.org\",\"@graph\":[{\"@type\":\"WebPage\",\"@id\":\"https:\/\/goodwill.fi\/kauppa\/tuote\/asahi-pentax-spotmatic-f-filmikamera\/\",\"url\":\"https:\/\/goodwill.fi\/kauppa\/tuote\/asahi-pentax-spotmatic-f-filmikamera\/\",\"name\":\"ASAHI PENTAX SPOTMATIC F FILMIKAMERA - Goodwill-verkkokauppa\",\"isPartOf\":{\"@id\":\"https:\/\/goodwill.fi\/kauppa\/#website\"},\"primaryImageOfPage\":{\"@id\":\"https:\/\/goodwill.fi\/kauppa\/tuote\/asahi-pentax-spotmatic-f-filmikamera\/#primaryimage\"},\"image\":{\"@id\":\"https:\/\/goodwill.fi\/kauppa\/tuote\/asahi-pentax-spotmatic-f-filmikamera\/#primaryimage\"},\"thumbnailUrl\":\"https:\/\/goodwill.fi\/kauppa\/wp-content\/uploads\/2025\/07\/IMG_0637-scaled-e1753176581945.jpg\",\"datePublished\":\"2025-07-22T09:57:23+00:00\",\"dateModified\":\"2025-10-16T21:18:49+00:00\",\"description\":\"Asahi Pentaxin valmistama Spotmatic F j\u00e4rjestelm\u00e4kameran runko ja SMC Takumar 1:1.8\/55 objektiivi. Settiin kuuluu kamera, objektiivi, kantonauha ja laukku\",\"breadcrumb\":{\"@id\":\"https:\/\/goodwill.fi\/kauppa\/tuote\/asahi-pentax-spotmatic-f-filmikamera\/#breadcrumb\"},\"inLanguage\":\"fi\",\"potentialAction\":[{\"@type\":\"ReadAction\",\"target\":[\"https:\/\/goodwill.fi\/kauppa\/tuote\/asahi-pentax-spotmatic-f-filmikamera\/\"]}]},{\"@type\":\"ImageObject\",\"inLanguage\":\"fi\",\"@id\":\"https:\/\/goodwill.fi\/kauppa\/tuote\/asahi-pentax-spotmatic-f-filmikamera\/#primaryimage\",\"url\":\"https:\/\/goodwill.fi\/kauppa\/wp-content\/uploads\/2025\/07\/IMG_0637-scaled-e1753176581945.jpg\",\"contentUrl\":\"https:\/\/goodwill.fi\/kauppa\/wp-content\/uploads\/2025\/07\/IMG_0637-scaled-e1753176581945.jpg\",\"width\":2103,\"height\":1707},{\"@type\":\"BreadcrumbList\",\"@id\":\"https:\/\/goodwill.fi\/kauppa\/tuote\/asahi-pentax-spotmatic-f-filmikamera\/#breadcrumb\",\"itemListElement\":[{\"@type\":\"ListItem\",\"position\":1,\"name\":\"Home\",\"item\":\"https:\/\/goodwill.fi\/kauppa\/\"},{\"@type\":\"ListItem\",\"position\":2,\"name\":\"Shop\",\"item\":\"https:\/\/goodwill.fi\/kauppa\/shop\/\"},{\"@type\":\"ListItem\",\"position\":3,\"name\":\"ASAHI PENTAX SPOTMATIC F FILMIKAMERA\"}]},{\"@type\":\"WebSite\",\"@id\":\"https:\/\/goodwill.fi\/kauppa\/#website\",\"url\":\"https:\/\/goodwill.fi\/kauppa\/\",\"name\":\"Goodwill-verkkokauppa\",\"description\":\"Kierr\u00e4tysmyym\u00e4l\u00e4 verkossa\",\"publisher\":{\"@id\":\"https:\/\/goodwill.fi\/kauppa\/#organization\"},\"potentialAction\":[{\"@type\":\"SearchAction\",\"target\":{\"@type\":\"EntryPoint\",\"urlTemplate\":\"https:\/\/goodwill.fi\/kauppa\/?s={search_term_string}\"},\"query-input\":{\"@type\":\"PropertyValueSpecification\",\"valueRequired\":true,\"valueName\":\"search_term_string\"}}],\"inLanguage\":\"fi\"},{\"@type\":\"Organization\",\"@id\":\"https:\/\/goodwill.fi\/kauppa\/#organization\",\"name\":\"Goodwill-verkkokauppa\",\"url\":\"https:\/\/goodwill.fi\/kauppa\/\",\"logo\":{\"@type\":\"ImageObject\",\"inLanguage\":\"fi\",\"@id\":\"https:\/\/goodwill.fi\/kauppa\/#\/schema\/logo\/image\/\",\"url\":\"https:\/\/goodwill.fi\/kauppa\/wp-content\/uploads\/2021\/02\/cropped-logo_gw_store-723x211-1.png\",\"contentUrl\":\"https:\/\/goodwill.fi\/kauppa\/wp-content\/uploads\/2021\/02\/cropped-logo_gw_store-723x211-1.png\",\"width\":723,\"height\":207,\"caption\":\"Goodwill-verkkokauppa\"},\"image\":{\"@id\":\"https:\/\/goodwill.fi\/kauppa\/#\/schema\/logo\/image\/\"}}]}<\/script>\n<!-- \/ Yoast SEO plugin. -->","yoast_head_json":{"title":"ASAHI PENTAX SPOTMATIC F FILMIKAMERA - Goodwill-verkkokauppa","description":"Asahi Pentaxin valmistama Spotmatic F j\u00e4rjestelm\u00e4kameran runko ja SMC Takumar 1:1.8\/55 objektiivi. Settiin kuuluu kamera, objektiivi, kantonauha ja laukku","robots":{"index":"index","follow":"follow","max-snippet":"max-snippet:-1","max-image-preview":"max-image-preview:large","max-video-preview":"max-video-preview:-1"},"canonical":"https:\/\/goodwill.fi\/kauppa\/tuote\/asahi-pentax-spotmatic-f-filmikamera\/","og_locale":"fi_FI","og_type":"article","og_title":"ASAHI PENTAX SPOTMATIC F FILMIKAMERA - Goodwill-verkkokauppa","og_description":"Asahi Pentaxin valmistama Spotmatic F j\u00e4rjestelm\u00e4kameran runko ja SMC Takumar 1:1.8\/55 objektiivi. Settiin kuuluu kamera, objektiivi, kantonauha ja laukku","og_url":"https:\/\/goodwill.fi\/kauppa\/tuote\/asahi-pentax-spotmatic-f-filmikamera\/","og_site_name":"Goodwill-verkkokauppa","article_modified_time":"2025-10-16T21:18:49+00:00","og_image":[{"width":2103,"height":1707,"url":"https:\/\/goodwill.fi\/kauppa\/wp-content\/uploads\/2025\/07\/IMG_0637-scaled-e1753176581945.jpg","type":"image\/jpeg"}],"twitter_card":"summary_large_image","twitter_misc":{"Arvioitu lukuaika":"1 minuutti"},"schema":{"@context":"https:\/\/schema.org","@graph":[{"@type":"WebPage","@id":"https:\/\/goodwill.fi\/kauppa\/tuote\/asahi-pentax-spotmatic-f-filmikamera\/","url":"https:\/\/goodwill.fi\/kauppa\/tuote\/asahi-pentax-spotmatic-f-filmikamera\/","name":"ASAHI PENTAX SPOTMATIC F FILMIKAMERA - Goodwill-verkkokauppa","isPartOf":{"@id":"https:\/\/goodwill.fi\/kauppa\/#website"},"primaryImageOfPage":{"@id":"https:\/\/goodwill.fi\/kauppa\/tuote\/asahi-pentax-spotmatic-f-filmikamera\/#primaryimage"},"image":{"@id":"https:\/\/goodwill.fi\/kauppa\/tuote\/asahi-pentax-spotmatic-f-filmikamera\/#primaryimage"},"thumbnailUrl":"https:\/\/goodwill.fi\/kauppa\/wp-content\/uploads\/2025\/07\/IMG_0637-scaled-e1753176581945.jpg","datePublished":"2025-07-22T09:57:23+00:00","dateModified":"2025-10-16T21:18:49+00:00","description":"Asahi Pentaxin valmistama Spotmatic F j\u00e4rjestelm\u00e4kameran runko ja SMC Takumar 1:1.8\/55 objektiivi. Settiin kuuluu kamera, objektiivi, kantonauha ja laukku","breadcrumb":{"@id":"https:\/\/goodwill.fi\/kauppa\/tuote\/asahi-pentax-spotmatic-f-filmikamera\/#breadcrumb"},"inLanguage":"fi","potentialAction":[{"@type":"ReadAction","target":["https:\/\/goodwill.fi\/kauppa\/tuote\/asahi-pentax-spotmatic-f-filmikamera\/"]}]},{"@type":"ImageObject","inLanguage":"fi","@id":"https:\/\/goodwill.fi\/kauppa\/tuote\/asahi-pentax-spotmatic-f-filmikamera\/#primaryimage","url":"https:\/\/goodwill.fi\/kauppa\/wp-content\/uploads\/2025\/07\/IMG_0637-scaled-e1753176581945.jpg","contentUrl":"https:\/\/goodwill.fi\/kauppa\/wp-content\/uploads\/2025\/07\/IMG_0637-scaled-e1753176581945.jpg","width":2103,"height":1707},{"@type":"BreadcrumbList","@id":"https:\/\/goodwill.fi\/kauppa\/tuote\/asahi-pentax-spotmatic-f-filmikamera\/#breadcrumb","itemListElement":[{"@type":"ListItem","position":1,"name":"Home","item":"https:\/\/goodwill.fi\/kauppa\/"},{"@type":"ListItem","position":2,"name":"Shop","item":"https:\/\/goodwill.fi\/kauppa\/shop\/"},{"@type":"ListItem","position":3,"name":"ASAHI PENTAX SPOTMATIC F FILMIKAMERA"}]},{"@type":"WebSite","@id":"https:\/\/goodwill.fi\/kauppa\/#website","url":"https:\/\/goodwill.fi\/kauppa\/","name":"Goodwill-verkkokauppa","description":"Kierr\u00e4tysmyym\u00e4l\u00e4 verkossa","publisher":{"@id":"https:\/\/goodwill.fi\/kauppa\/#organization"},"potentialAction":[{"@type":"SearchAction","target":{"@type":"EntryPoint","urlTemplate":"https:\/\/goodwill.fi\/kauppa\/?s={search_term_string}"},"query-input":{"@type":"PropertyValueSpecification","valueRequired":true,"valueName":"search_term_string"}}],"inLanguage":"fi"},{"@type":"Organization","@id":"https:\/\/goodwill.fi\/kauppa\/#organization","name":"Goodwill-verkkokauppa","url":"https:\/\/goodwill.fi\/kauppa\/","logo":{"@type":"ImageObject","inLanguage":"fi","@id":"https:\/\/goodwill.fi\/kauppa\/#\/schema\/logo\/image\/","url":"https:\/\/goodwill.fi\/kauppa\/wp-content\/uploads\/2021\/02\/cropped-logo_gw_store-723x211-1.png","contentUrl":"https:\/\/goodwill.fi\/kauppa\/wp-content\/uploads\/2021\/02\/cropped-logo_gw_store-723x211-1.png","width":723,"height":207,"caption":"Goodwill-verkkokauppa"},"image":{"@id":"https:\/\/goodwill.fi\/kauppa\/#\/schema\/logo\/image\/"}}]}},"_links":{"self":[{"href":"https:\/\/goodwill.fi\/kauppa\/wp-json\/wp\/v2\/product\/56158","targetHints":{"allow":["GET"]}}],"collection":[{"href":"https:\/\/goodwill.fi\/kauppa\/wp-json\/wp\/v2\/product"}],"about":[{"href":"https:\/\/goodwill.fi\/kauppa\/wp-json\/wp\/v2\/types\/product"}],"replies":[{"embeddable":true,"href":"https:\/\/goodwill.fi\/kauppa\/wp-json\/wp\/v2\/comments?post=56158"}],"wp:featuredmedia":[{"embeddable":true,"href":"https:\/\/goodwill.fi\/kauppa\/wp-json\/wp\/v2\/media\/56162"}],"wp:attachment":[{"href":"https:\/\/goodwill.fi\/kauppa\/wp-json\/wp\/v2\/media?parent=56158"}],"wp:term":[{"taxonomy":"product_brand","embeddable":true,"href":"https:\/\/goodwill.fi\/kauppa\/wp-json\/wp\/v2\/product_brand?post=56158"},{"taxonomy":"product_cat","embeddable":true,"href":"https:\/\/goodwill.fi\/kauppa\/wp-json\/wp\/v2\/product_cat?post=56158"},{"taxonomy":"product_tag","embeddable":true,"href":"https:\/\/goodwill.fi\/kauppa\/wp-json\/wp\/v2\/product_tag?post=56158"}],"curies":[{"name":"wp","href":"https:\/\/api.w.org\/{rel}","templated":true}]}}