{"id":55108,"date":"2025-07-09T10:44:00","date_gmt":"2025-07-09T07:44:00","guid":{"rendered":"https:\/\/goodwill.fi\/kauppa\/?post_type=product&#038;p=55108"},"modified":"2025-07-09T13:02:45","modified_gmt":"2025-07-09T10:02:45","slug":"neuvostoliittolainen-oppimislelu","status":"publish","type":"product","link":"https:\/\/goodwill.fi\/kauppa\/tuote\/neuvostoliittolainen-oppimislelu\/","title":{"rendered":"NEUVOSTOLIITTOLAINEN OPPIMISLELU"},"content":{"rendered":"<p>Pienille lapsille tarkoitettu oppimislelu. 25 eriv\u00e4rist\u00e4 ja erikokoista tappia auttavat kehitt\u00e4m\u00e4\u00e4n esim. k\u00e4sien motoriikkaa, keskittymiskyky\u00e4 sek\u00e4 loogista ajattelua. Tapit opettavat lajittelemaan v\u00e4rin sek\u00e4 koon perusteella ja niit\u00e4 voi hy\u00f6dynt\u00e4\u00e4 my\u00f6s matikan opettelussa.<\/p>\n<p>Valmistusmaa: Neuvostoliitto\/Liettua<br \/>\nMitat: korkeus tappien kanssa n. 7 cm, leveys 13 cm<br \/>\nMateriaali: puu<br \/>\nKunto: ehj\u00e4, lelussa v\u00e4h\u00e4n k\u00e4yt\u00f6n j\u00e4lki\u00e4, laatikko kulunut<\/p>\n","protected":false},"excerpt":{"rendered":"<p>Pienille lapsille tarkoitettu oppimislelu. 25 eriv\u00e4rist\u00e4 ja erikokoista tappia auttavat kehitt\u00e4m\u00e4\u00e4n esim. k\u00e4sien motoriikkaa, keskittymiskyky\u00e4 sek\u00e4 loogista ajattelua. Tapit opettavat lajittelemaan v\u00e4rin sek\u00e4 koon perusteella ja niit\u00e4 voi hy\u00f6dynt\u00e4\u00e4 my\u00f6s matikan opettelussa. Valmistusmaa: Neuvostoliitto\/Liettua Mitat: korkeus tappien kanssa n. 7 cm, leveys 13 cm Materiaali: puu Kunto: ehj\u00e4, lelussa v\u00e4h\u00e4n k\u00e4yt\u00f6n j\u00e4lki\u00e4, laatikko kulunut<\/p>\n","protected":false},"featured_media":55109,"comment_status":"open","ping_status":"closed","template":"","meta":[],"product_brand":[],"product_cat":[159,180,14860,183],"product_tag":[16085,16086,2594,16087],"class_list":{"0":"post-55108","1":"product","2":"type-product","3":"status-publish","4":"has-post-thumbnail","6":"product_cat-kaikki","7":"product_cat-keraily-2","8":"product_cat-antiikki-vintage","9":"product_cat-lelut","10":"product_tag-kem01072","11":"product_tag-liettua","12":"product_tag-neuvostoliitto","13":"product_tag-oppimislelu","15":"first","16":"instock","17":"taxable","18":"shipping-taxable","19":"purchasable","20":"product-type-simple"},"yoast_head":"<!-- This site is optimized with the Yoast SEO plugin v27.1.1 - https:\/\/yoast.com\/product\/yoast-seo-wordpress\/ -->\n<title>NEUVOSTOLIITTOLAINEN OPPIMISLELU - Goodwill-verkkokauppa<\/title>\n<meta name=\"description\" content=\"Pienille lapsille tarkoitettu oppimislelu. 25 eriv\u00e4rist\u00e4 ja erikokoista tappia auttavat kehitt\u00e4m\u00e4\u00e4n esim. k\u00e4sien motoriikkaa, keskittymiskyky\u00e4 sek\u00e4 loogista ajattelua. Tapit opettavat lajittelemaan v\u00e4rin sek\u00e4 koon perusteella ja niit\u00e4 voi hy\u00f6dynt\u00e4\u00e4 my\u00f6s matikan opettelussa. Valmistusmaa: Neuvostoliitto\/Liettua Mitat: korkeus tappien kanssa n. 7 cm, leveys 13 cm Materiaali: puu Kunto: ehj\u00e4, lelussa v\u00e4h\u00e4n k\u00e4yt\u00f6n j\u00e4lki\u00e4, laatikko kulunut\" \/>\n<meta name=\"robots\" content=\"index, follow, max-snippet:-1, max-image-preview:large, max-video-preview:-1\" \/>\n<link rel=\"canonical\" href=\"https:\/\/goodwill.fi\/kauppa\/tuote\/neuvostoliittolainen-oppimislelu\/\" \/>\n<meta property=\"og:locale\" content=\"fi_FI\" \/>\n<meta property=\"og:type\" content=\"article\" \/>\n<meta property=\"og:title\" content=\"NEUVOSTOLIITTOLAINEN OPPIMISLELU - Goodwill-verkkokauppa\" \/>\n<meta property=\"og:description\" content=\"Pienille lapsille tarkoitettu oppimislelu. 25 eriv\u00e4rist\u00e4 ja erikokoista tappia auttavat kehitt\u00e4m\u00e4\u00e4n esim. k\u00e4sien motoriikkaa, keskittymiskyky\u00e4 sek\u00e4 loogista ajattelua. Tapit opettavat lajittelemaan v\u00e4rin sek\u00e4 koon perusteella ja niit\u00e4 voi hy\u00f6dynt\u00e4\u00e4 my\u00f6s matikan opettelussa. Valmistusmaa: Neuvostoliitto\/Liettua Mitat: korkeus tappien kanssa n. 7 cm, leveys 13 cm Materiaali: puu Kunto: ehj\u00e4, lelussa v\u00e4h\u00e4n k\u00e4yt\u00f6n j\u00e4lki\u00e4, laatikko kulunut\" \/>\n<meta property=\"og:url\" content=\"https:\/\/goodwill.fi\/kauppa\/tuote\/neuvostoliittolainen-oppimislelu\/\" \/>\n<meta property=\"og:site_name\" content=\"Goodwill-verkkokauppa\" \/>\n<meta property=\"article:modified_time\" content=\"2025-07-09T10:02:45+00:00\" \/>\n<meta property=\"og:image\" content=\"https:\/\/goodwill.fi\/kauppa\/wp-content\/uploads\/2025\/07\/aatoiset-8-1-1024x1024.jpg\" \/>\n\t<meta property=\"og:image:width\" content=\"1024\" \/>\n\t<meta property=\"og:image:height\" content=\"1024\" \/>\n\t<meta property=\"og:image:type\" content=\"image\/jpeg\" \/>\n<meta name=\"twitter:card\" content=\"summary_large_image\" \/>\n<meta name=\"twitter:label1\" content=\"Arvioitu lukuaika\" \/>\n\t<meta name=\"twitter:data1\" content=\"1 minuutti\" \/>\n<script type=\"application\/ld+json\" class=\"yoast-schema-graph\">{\"@context\":\"https:\/\/schema.org\",\"@graph\":[{\"@type\":\"WebPage\",\"@id\":\"https:\/\/goodwill.fi\/kauppa\/tuote\/neuvostoliittolainen-oppimislelu\/\",\"url\":\"https:\/\/goodwill.fi\/kauppa\/tuote\/neuvostoliittolainen-oppimislelu\/\",\"name\":\"NEUVOSTOLIITTOLAINEN OPPIMISLELU - Goodwill-verkkokauppa\",\"isPartOf\":{\"@id\":\"https:\/\/goodwill.fi\/kauppa\/#website\"},\"primaryImageOfPage\":{\"@id\":\"https:\/\/goodwill.fi\/kauppa\/tuote\/neuvostoliittolainen-oppimislelu\/#primaryimage\"},\"image\":{\"@id\":\"https:\/\/goodwill.fi\/kauppa\/tuote\/neuvostoliittolainen-oppimislelu\/#primaryimage\"},\"thumbnailUrl\":\"https:\/\/goodwill.fi\/kauppa\/wp-content\/uploads\/2025\/07\/aatoiset-8-1.jpg\",\"datePublished\":\"2025-07-09T07:44:00+00:00\",\"dateModified\":\"2025-07-09T10:02:45+00:00\",\"description\":\"Pienille lapsille tarkoitettu oppimislelu. 25 eriv\u00e4rist\u00e4 ja erikokoista tappia auttavat kehitt\u00e4m\u00e4\u00e4n esim. k\u00e4sien motoriikkaa, keskittymiskyky\u00e4 sek\u00e4 loogista ajattelua. Tapit opettavat lajittelemaan v\u00e4rin sek\u00e4 koon perusteella ja niit\u00e4 voi hy\u00f6dynt\u00e4\u00e4 my\u00f6s matikan opettelussa. Valmistusmaa: Neuvostoliitto\/Liettua Mitat: korkeus tappien kanssa n. 7 cm, leveys 13 cm Materiaali: puu Kunto: ehj\u00e4, lelussa v\u00e4h\u00e4n k\u00e4yt\u00f6n j\u00e4lki\u00e4, laatikko kulunut\",\"breadcrumb\":{\"@id\":\"https:\/\/goodwill.fi\/kauppa\/tuote\/neuvostoliittolainen-oppimislelu\/#breadcrumb\"},\"inLanguage\":\"fi\",\"potentialAction\":[{\"@type\":\"ReadAction\",\"target\":[\"https:\/\/goodwill.fi\/kauppa\/tuote\/neuvostoliittolainen-oppimislelu\/\"]}]},{\"@type\":\"ImageObject\",\"inLanguage\":\"fi\",\"@id\":\"https:\/\/goodwill.fi\/kauppa\/tuote\/neuvostoliittolainen-oppimislelu\/#primaryimage\",\"url\":\"https:\/\/goodwill.fi\/kauppa\/wp-content\/uploads\/2025\/07\/aatoiset-8-1.jpg\",\"contentUrl\":\"https:\/\/goodwill.fi\/kauppa\/wp-content\/uploads\/2025\/07\/aatoiset-8-1.jpg\",\"width\":2500,\"height\":2500},{\"@type\":\"BreadcrumbList\",\"@id\":\"https:\/\/goodwill.fi\/kauppa\/tuote\/neuvostoliittolainen-oppimislelu\/#breadcrumb\",\"itemListElement\":[{\"@type\":\"ListItem\",\"position\":1,\"name\":\"Home\",\"item\":\"https:\/\/goodwill.fi\/kauppa\/\"},{\"@type\":\"ListItem\",\"position\":2,\"name\":\"Shop\",\"item\":\"https:\/\/goodwill.fi\/kauppa\/shop\/\"},{\"@type\":\"ListItem\",\"position\":3,\"name\":\"NEUVOSTOLIITTOLAINEN OPPIMISLELU\"}]},{\"@type\":\"WebSite\",\"@id\":\"https:\/\/goodwill.fi\/kauppa\/#website\",\"url\":\"https:\/\/goodwill.fi\/kauppa\/\",\"name\":\"Goodwill-verkkokauppa\",\"description\":\"Kierr\u00e4tysmyym\u00e4l\u00e4 verkossa\",\"publisher\":{\"@id\":\"https:\/\/goodwill.fi\/kauppa\/#organization\"},\"potentialAction\":[{\"@type\":\"SearchAction\",\"target\":{\"@type\":\"EntryPoint\",\"urlTemplate\":\"https:\/\/goodwill.fi\/kauppa\/?s={search_term_string}\"},\"query-input\":{\"@type\":\"PropertyValueSpecification\",\"valueRequired\":true,\"valueName\":\"search_term_string\"}}],\"inLanguage\":\"fi\"},{\"@type\":\"Organization\",\"@id\":\"https:\/\/goodwill.fi\/kauppa\/#organization\",\"name\":\"Goodwill-verkkokauppa\",\"url\":\"https:\/\/goodwill.fi\/kauppa\/\",\"logo\":{\"@type\":\"ImageObject\",\"inLanguage\":\"fi\",\"@id\":\"https:\/\/goodwill.fi\/kauppa\/#\/schema\/logo\/image\/\",\"url\":\"https:\/\/goodwill.fi\/kauppa\/wp-content\/uploads\/2021\/02\/cropped-logo_gw_store-723x211-1.png\",\"contentUrl\":\"https:\/\/goodwill.fi\/kauppa\/wp-content\/uploads\/2021\/02\/cropped-logo_gw_store-723x211-1.png\",\"width\":723,\"height\":207,\"caption\":\"Goodwill-verkkokauppa\"},\"image\":{\"@id\":\"https:\/\/goodwill.fi\/kauppa\/#\/schema\/logo\/image\/\"}}]}<\/script>\n<!-- \/ Yoast SEO plugin. -->","yoast_head_json":{"title":"NEUVOSTOLIITTOLAINEN OPPIMISLELU - Goodwill-verkkokauppa","description":"Pienille lapsille tarkoitettu oppimislelu. 25 eriv\u00e4rist\u00e4 ja erikokoista tappia auttavat kehitt\u00e4m\u00e4\u00e4n esim. k\u00e4sien motoriikkaa, keskittymiskyky\u00e4 sek\u00e4 loogista ajattelua. Tapit opettavat lajittelemaan v\u00e4rin sek\u00e4 koon perusteella ja niit\u00e4 voi hy\u00f6dynt\u00e4\u00e4 my\u00f6s matikan opettelussa. Valmistusmaa: Neuvostoliitto\/Liettua Mitat: korkeus tappien kanssa n. 7 cm, leveys 13 cm Materiaali: puu Kunto: ehj\u00e4, lelussa v\u00e4h\u00e4n k\u00e4yt\u00f6n j\u00e4lki\u00e4, laatikko kulunut","robots":{"index":"index","follow":"follow","max-snippet":"max-snippet:-1","max-image-preview":"max-image-preview:large","max-video-preview":"max-video-preview:-1"},"canonical":"https:\/\/goodwill.fi\/kauppa\/tuote\/neuvostoliittolainen-oppimislelu\/","og_locale":"fi_FI","og_type":"article","og_title":"NEUVOSTOLIITTOLAINEN OPPIMISLELU - Goodwill-verkkokauppa","og_description":"Pienille lapsille tarkoitettu oppimislelu. 25 eriv\u00e4rist\u00e4 ja erikokoista tappia auttavat kehitt\u00e4m\u00e4\u00e4n esim. k\u00e4sien motoriikkaa, keskittymiskyky\u00e4 sek\u00e4 loogista ajattelua. Tapit opettavat lajittelemaan v\u00e4rin sek\u00e4 koon perusteella ja niit\u00e4 voi hy\u00f6dynt\u00e4\u00e4 my\u00f6s matikan opettelussa. Valmistusmaa: Neuvostoliitto\/Liettua Mitat: korkeus tappien kanssa n. 7 cm, leveys 13 cm Materiaali: puu Kunto: ehj\u00e4, lelussa v\u00e4h\u00e4n k\u00e4yt\u00f6n j\u00e4lki\u00e4, laatikko kulunut","og_url":"https:\/\/goodwill.fi\/kauppa\/tuote\/neuvostoliittolainen-oppimislelu\/","og_site_name":"Goodwill-verkkokauppa","article_modified_time":"2025-07-09T10:02:45+00:00","og_image":[{"width":1024,"height":1024,"url":"https:\/\/goodwill.fi\/kauppa\/wp-content\/uploads\/2025\/07\/aatoiset-8-1-1024x1024.jpg","type":"image\/jpeg"}],"twitter_card":"summary_large_image","twitter_misc":{"Arvioitu lukuaika":"1 minuutti"},"schema":{"@context":"https:\/\/schema.org","@graph":[{"@type":"WebPage","@id":"https:\/\/goodwill.fi\/kauppa\/tuote\/neuvostoliittolainen-oppimislelu\/","url":"https:\/\/goodwill.fi\/kauppa\/tuote\/neuvostoliittolainen-oppimislelu\/","name":"NEUVOSTOLIITTOLAINEN OPPIMISLELU - Goodwill-verkkokauppa","isPartOf":{"@id":"https:\/\/goodwill.fi\/kauppa\/#website"},"primaryImageOfPage":{"@id":"https:\/\/goodwill.fi\/kauppa\/tuote\/neuvostoliittolainen-oppimislelu\/#primaryimage"},"image":{"@id":"https:\/\/goodwill.fi\/kauppa\/tuote\/neuvostoliittolainen-oppimislelu\/#primaryimage"},"thumbnailUrl":"https:\/\/goodwill.fi\/kauppa\/wp-content\/uploads\/2025\/07\/aatoiset-8-1.jpg","datePublished":"2025-07-09T07:44:00+00:00","dateModified":"2025-07-09T10:02:45+00:00","description":"Pienille lapsille tarkoitettu oppimislelu. 25 eriv\u00e4rist\u00e4 ja erikokoista tappia auttavat kehitt\u00e4m\u00e4\u00e4n esim. k\u00e4sien motoriikkaa, keskittymiskyky\u00e4 sek\u00e4 loogista ajattelua. Tapit opettavat lajittelemaan v\u00e4rin sek\u00e4 koon perusteella ja niit\u00e4 voi hy\u00f6dynt\u00e4\u00e4 my\u00f6s matikan opettelussa. Valmistusmaa: Neuvostoliitto\/Liettua Mitat: korkeus tappien kanssa n. 7 cm, leveys 13 cm Materiaali: puu Kunto: ehj\u00e4, lelussa v\u00e4h\u00e4n k\u00e4yt\u00f6n j\u00e4lki\u00e4, laatikko kulunut","breadcrumb":{"@id":"https:\/\/goodwill.fi\/kauppa\/tuote\/neuvostoliittolainen-oppimislelu\/#breadcrumb"},"inLanguage":"fi","potentialAction":[{"@type":"ReadAction","target":["https:\/\/goodwill.fi\/kauppa\/tuote\/neuvostoliittolainen-oppimislelu\/"]}]},{"@type":"ImageObject","inLanguage":"fi","@id":"https:\/\/goodwill.fi\/kauppa\/tuote\/neuvostoliittolainen-oppimislelu\/#primaryimage","url":"https:\/\/goodwill.fi\/kauppa\/wp-content\/uploads\/2025\/07\/aatoiset-8-1.jpg","contentUrl":"https:\/\/goodwill.fi\/kauppa\/wp-content\/uploads\/2025\/07\/aatoiset-8-1.jpg","width":2500,"height":2500},{"@type":"BreadcrumbList","@id":"https:\/\/goodwill.fi\/kauppa\/tuote\/neuvostoliittolainen-oppimislelu\/#breadcrumb","itemListElement":[{"@type":"ListItem","position":1,"name":"Home","item":"https:\/\/goodwill.fi\/kauppa\/"},{"@type":"ListItem","position":2,"name":"Shop","item":"https:\/\/goodwill.fi\/kauppa\/shop\/"},{"@type":"ListItem","position":3,"name":"NEUVOSTOLIITTOLAINEN OPPIMISLELU"}]},{"@type":"WebSite","@id":"https:\/\/goodwill.fi\/kauppa\/#website","url":"https:\/\/goodwill.fi\/kauppa\/","name":"Goodwill-verkkokauppa","description":"Kierr\u00e4tysmyym\u00e4l\u00e4 verkossa","publisher":{"@id":"https:\/\/goodwill.fi\/kauppa\/#organization"},"potentialAction":[{"@type":"SearchAction","target":{"@type":"EntryPoint","urlTemplate":"https:\/\/goodwill.fi\/kauppa\/?s={search_term_string}"},"query-input":{"@type":"PropertyValueSpecification","valueRequired":true,"valueName":"search_term_string"}}],"inLanguage":"fi"},{"@type":"Organization","@id":"https:\/\/goodwill.fi\/kauppa\/#organization","name":"Goodwill-verkkokauppa","url":"https:\/\/goodwill.fi\/kauppa\/","logo":{"@type":"ImageObject","inLanguage":"fi","@id":"https:\/\/goodwill.fi\/kauppa\/#\/schema\/logo\/image\/","url":"https:\/\/goodwill.fi\/kauppa\/wp-content\/uploads\/2021\/02\/cropped-logo_gw_store-723x211-1.png","contentUrl":"https:\/\/goodwill.fi\/kauppa\/wp-content\/uploads\/2021\/02\/cropped-logo_gw_store-723x211-1.png","width":723,"height":207,"caption":"Goodwill-verkkokauppa"},"image":{"@id":"https:\/\/goodwill.fi\/kauppa\/#\/schema\/logo\/image\/"}}]}},"_links":{"self":[{"href":"https:\/\/goodwill.fi\/kauppa\/wp-json\/wp\/v2\/product\/55108","targetHints":{"allow":["GET"]}}],"collection":[{"href":"https:\/\/goodwill.fi\/kauppa\/wp-json\/wp\/v2\/product"}],"about":[{"href":"https:\/\/goodwill.fi\/kauppa\/wp-json\/wp\/v2\/types\/product"}],"replies":[{"embeddable":true,"href":"https:\/\/goodwill.fi\/kauppa\/wp-json\/wp\/v2\/comments?post=55108"}],"wp:featuredmedia":[{"embeddable":true,"href":"https:\/\/goodwill.fi\/kauppa\/wp-json\/wp\/v2\/media\/55109"}],"wp:attachment":[{"href":"https:\/\/goodwill.fi\/kauppa\/wp-json\/wp\/v2\/media?parent=55108"}],"wp:term":[{"taxonomy":"product_brand","embeddable":true,"href":"https:\/\/goodwill.fi\/kauppa\/wp-json\/wp\/v2\/product_brand?post=55108"},{"taxonomy":"product_cat","embeddable":true,"href":"https:\/\/goodwill.fi\/kauppa\/wp-json\/wp\/v2\/product_cat?post=55108"},{"taxonomy":"product_tag","embeddable":true,"href":"https:\/\/goodwill.fi\/kauppa\/wp-json\/wp\/v2\/product_tag?post=55108"}],"curies":[{"name":"wp","href":"https:\/\/api.w.org\/{rel}","templated":true}]}}