{"id":54772,"date":"2025-07-03T14:35:08","date_gmt":"2025-07-03T11:35:08","guid":{"rendered":"https:\/\/goodwill.fi\/kauppa\/?post_type=product&#038;p=54772"},"modified":"2025-12-21T15:34:16","modified_gmt":"2025-12-21T13:34:16","slug":"villeroy-boch-new-wave-kahvikupit-ja-asetit-2-kpl","status":"publish","type":"product","link":"https:\/\/goodwill.fi\/kauppa\/tuote\/villeroy-boch-new-wave-kahvikupit-ja-asetit-2-kpl\/","title":{"rendered":"VILLEROY &amp; BOCH NEW WAVE KAHVIKUPIT JA ASETIT 2 KPL"},"content":{"rendered":"<p>Suunnittelija: Eldine L&#8217;Aquitaine<br \/>\nValmistaja: Villeroy &amp; Boch<br \/>\nMitat kuppi: korkeus 11 cm, halkaisija 10 cm<br \/>\nMitat lautanen: korkeus 3 cm, pituus 22.5 cm, leveys 15.5 cm<br \/>\nMateriaali: posliini<br \/>\nKunto: ehj\u00e4t, hyvin v\u00e4h\u00e4n k\u00e4yt\u00f6n j\u00e4lki\u00e4<br \/>\nHuom. myyd\u00e4\u00e4n kahden kappaleen settin\u00e4<\/p>\n","protected":false},"excerpt":{"rendered":"<p>Suunnittelija: Eldine L&#8217;Aquitaine Valmistaja: Villeroy &amp; Boch Mitat kuppi: korkeus 11 cm, halkaisija 10 cm Mitat lautanen: korkeus 3 cm, pituus 22.5 cm, leveys 15.5 cm Materiaali: posliini Kunto: ehj\u00e4t, hyvin v\u00e4h\u00e4n k\u00e4yt\u00f6n j\u00e4lki\u00e4 Huom. myyd\u00e4\u00e4n kahden kappaleen settin\u00e4<\/p>\n","protected":false},"featured_media":54773,"comment_status":"open","ping_status":"closed","template":"","meta":[],"product_brand":[],"product_cat":[159,166,14862,14863],"product_tag":[1375,289,16018,224,11260,16019,11259],"class_list":{"0":"post-54772","1":"product","2":"type-product","3":"status-publish","4":"has-post-thumbnail","6":"product_cat-kaikki","7":"product_cat-astiat-2","8":"product_cat-kupit-lasit","9":"product_cat-lautaset-kulhot","10":"product_tag-asetti","11":"product_tag-kahvikuppi","12":"product_tag-kem01042","13":"product_tag-lautanen","14":"product_tag-new-wave","15":"product_tag-villeroy-and-boch","16":"product_tag-villeroy-boch","18":"first","19":"outofstock","20":"taxable","21":"shipping-taxable","22":"purchasable","23":"product-type-simple"},"yoast_head":"<!-- This site is optimized with the Yoast SEO plugin v27.1.1 - https:\/\/yoast.com\/product\/yoast-seo-wordpress\/ -->\n<title>VILLEROY &amp; BOCH NEW WAVE KAHVIKUPIT JA ASETIT 2 KPL - Goodwill-verkkokauppa<\/title>\n<meta name=\"description\" content=\"Suunnittelija: Eldine L&#039;Aquitaine Valmistaja: Villeroy &amp; Boch Mitat kuppi: korkeus 11 cm, halkaisija 10 cm Mitat lautanen: korkeus 3 cm, pituus 22.5 cm, leveys 15.5 cm Materiaali: posliini Kunto: ehj\u00e4t, hyvin v\u00e4h\u00e4n k\u00e4yt\u00f6n j\u00e4lki\u00e4 Huom. myyd\u00e4\u00e4n kahden kappaleen settin\u00e4\" \/>\n<meta name=\"robots\" content=\"index, follow, max-snippet:-1, max-image-preview:large, max-video-preview:-1\" \/>\n<link rel=\"canonical\" href=\"https:\/\/goodwill.fi\/kauppa\/tuote\/villeroy-boch-new-wave-kahvikupit-ja-asetit-2-kpl\/\" \/>\n<meta property=\"og:locale\" content=\"fi_FI\" \/>\n<meta property=\"og:type\" content=\"article\" \/>\n<meta property=\"og:title\" content=\"VILLEROY &amp; BOCH NEW WAVE KAHVIKUPIT JA ASETIT 2 KPL - Goodwill-verkkokauppa\" \/>\n<meta property=\"og:description\" content=\"Suunnittelija: Eldine L&#039;Aquitaine Valmistaja: Villeroy &amp; Boch Mitat kuppi: korkeus 11 cm, halkaisija 10 cm Mitat lautanen: korkeus 3 cm, pituus 22.5 cm, leveys 15.5 cm Materiaali: posliini Kunto: ehj\u00e4t, hyvin v\u00e4h\u00e4n k\u00e4yt\u00f6n j\u00e4lki\u00e4 Huom. myyd\u00e4\u00e4n kahden kappaleen settin\u00e4\" \/>\n<meta property=\"og:url\" content=\"https:\/\/goodwill.fi\/kauppa\/tuote\/villeroy-boch-new-wave-kahvikupit-ja-asetit-2-kpl\/\" \/>\n<meta property=\"og:site_name\" content=\"Goodwill-verkkokauppa\" \/>\n<meta property=\"article:modified_time\" content=\"2025-12-21T13:34:16+00:00\" \/>\n<meta property=\"og:image\" content=\"https:\/\/goodwill.fi\/kauppa\/wp-content\/uploads\/2025\/07\/untitled-40-1.jpg\" \/>\n\t<meta property=\"og:image:width\" content=\"2500\" \/>\n\t<meta property=\"og:image:height\" content=\"2500\" \/>\n\t<meta property=\"og:image:type\" content=\"image\/jpeg\" \/>\n<meta name=\"twitter:card\" content=\"summary_large_image\" \/>\n<meta name=\"twitter:label1\" content=\"Arvioitu lukuaika\" \/>\n\t<meta name=\"twitter:data1\" content=\"1 minuutti\" \/>\n<script type=\"application\/ld+json\" class=\"yoast-schema-graph\">{\"@context\":\"https:\/\/schema.org\",\"@graph\":[{\"@type\":\"WebPage\",\"@id\":\"https:\/\/goodwill.fi\/kauppa\/tuote\/villeroy-boch-new-wave-kahvikupit-ja-asetit-2-kpl\/\",\"url\":\"https:\/\/goodwill.fi\/kauppa\/tuote\/villeroy-boch-new-wave-kahvikupit-ja-asetit-2-kpl\/\",\"name\":\"VILLEROY &amp; BOCH NEW WAVE KAHVIKUPIT JA ASETIT 2 KPL - Goodwill-verkkokauppa\",\"isPartOf\":{\"@id\":\"https:\/\/goodwill.fi\/kauppa\/#website\"},\"primaryImageOfPage\":{\"@id\":\"https:\/\/goodwill.fi\/kauppa\/tuote\/villeroy-boch-new-wave-kahvikupit-ja-asetit-2-kpl\/#primaryimage\"},\"image\":{\"@id\":\"https:\/\/goodwill.fi\/kauppa\/tuote\/villeroy-boch-new-wave-kahvikupit-ja-asetit-2-kpl\/#primaryimage\"},\"thumbnailUrl\":\"https:\/\/goodwill.fi\/kauppa\/wp-content\/uploads\/2025\/07\/untitled-40-1.jpg\",\"datePublished\":\"2025-07-03T11:35:08+00:00\",\"dateModified\":\"2025-12-21T13:34:16+00:00\",\"description\":\"Suunnittelija: Eldine L'Aquitaine Valmistaja: Villeroy & Boch Mitat kuppi: korkeus 11 cm, halkaisija 10 cm Mitat lautanen: korkeus 3 cm, pituus 22.5 cm, leveys 15.5 cm Materiaali: posliini Kunto: ehj\u00e4t, hyvin v\u00e4h\u00e4n k\u00e4yt\u00f6n j\u00e4lki\u00e4 Huom. myyd\u00e4\u00e4n kahden kappaleen settin\u00e4\",\"breadcrumb\":{\"@id\":\"https:\/\/goodwill.fi\/kauppa\/tuote\/villeroy-boch-new-wave-kahvikupit-ja-asetit-2-kpl\/#breadcrumb\"},\"inLanguage\":\"fi\",\"potentialAction\":[{\"@type\":\"ReadAction\",\"target\":[\"https:\/\/goodwill.fi\/kauppa\/tuote\/villeroy-boch-new-wave-kahvikupit-ja-asetit-2-kpl\/\"]}]},{\"@type\":\"ImageObject\",\"inLanguage\":\"fi\",\"@id\":\"https:\/\/goodwill.fi\/kauppa\/tuote\/villeroy-boch-new-wave-kahvikupit-ja-asetit-2-kpl\/#primaryimage\",\"url\":\"https:\/\/goodwill.fi\/kauppa\/wp-content\/uploads\/2025\/07\/untitled-40-1.jpg\",\"contentUrl\":\"https:\/\/goodwill.fi\/kauppa\/wp-content\/uploads\/2025\/07\/untitled-40-1.jpg\",\"width\":2500,\"height\":2500},{\"@type\":\"BreadcrumbList\",\"@id\":\"https:\/\/goodwill.fi\/kauppa\/tuote\/villeroy-boch-new-wave-kahvikupit-ja-asetit-2-kpl\/#breadcrumb\",\"itemListElement\":[{\"@type\":\"ListItem\",\"position\":1,\"name\":\"Home\",\"item\":\"https:\/\/goodwill.fi\/kauppa\/\"},{\"@type\":\"ListItem\",\"position\":2,\"name\":\"Shop\",\"item\":\"https:\/\/goodwill.fi\/kauppa\/shop\/\"},{\"@type\":\"ListItem\",\"position\":3,\"name\":\"VILLEROY &amp; BOCH NEW WAVE KAHVIKUPIT JA ASETIT 2 KPL\"}]},{\"@type\":\"WebSite\",\"@id\":\"https:\/\/goodwill.fi\/kauppa\/#website\",\"url\":\"https:\/\/goodwill.fi\/kauppa\/\",\"name\":\"Goodwill-verkkokauppa\",\"description\":\"Kierr\u00e4tysmyym\u00e4l\u00e4 verkossa\",\"publisher\":{\"@id\":\"https:\/\/goodwill.fi\/kauppa\/#organization\"},\"potentialAction\":[{\"@type\":\"SearchAction\",\"target\":{\"@type\":\"EntryPoint\",\"urlTemplate\":\"https:\/\/goodwill.fi\/kauppa\/?s={search_term_string}\"},\"query-input\":{\"@type\":\"PropertyValueSpecification\",\"valueRequired\":true,\"valueName\":\"search_term_string\"}}],\"inLanguage\":\"fi\"},{\"@type\":\"Organization\",\"@id\":\"https:\/\/goodwill.fi\/kauppa\/#organization\",\"name\":\"Goodwill-verkkokauppa\",\"url\":\"https:\/\/goodwill.fi\/kauppa\/\",\"logo\":{\"@type\":\"ImageObject\",\"inLanguage\":\"fi\",\"@id\":\"https:\/\/goodwill.fi\/kauppa\/#\/schema\/logo\/image\/\",\"url\":\"https:\/\/goodwill.fi\/kauppa\/wp-content\/uploads\/2021\/02\/cropped-logo_gw_store-723x211-1.png\",\"contentUrl\":\"https:\/\/goodwill.fi\/kauppa\/wp-content\/uploads\/2021\/02\/cropped-logo_gw_store-723x211-1.png\",\"width\":723,\"height\":207,\"caption\":\"Goodwill-verkkokauppa\"},\"image\":{\"@id\":\"https:\/\/goodwill.fi\/kauppa\/#\/schema\/logo\/image\/\"}}]}<\/script>\n<!-- \/ Yoast SEO plugin. -->","yoast_head_json":{"title":"VILLEROY &amp; BOCH NEW WAVE KAHVIKUPIT JA ASETIT 2 KPL - Goodwill-verkkokauppa","description":"Suunnittelija: Eldine L'Aquitaine Valmistaja: Villeroy & Boch Mitat kuppi: korkeus 11 cm, halkaisija 10 cm Mitat lautanen: korkeus 3 cm, pituus 22.5 cm, leveys 15.5 cm Materiaali: posliini Kunto: ehj\u00e4t, hyvin v\u00e4h\u00e4n k\u00e4yt\u00f6n j\u00e4lki\u00e4 Huom. myyd\u00e4\u00e4n kahden kappaleen settin\u00e4","robots":{"index":"index","follow":"follow","max-snippet":"max-snippet:-1","max-image-preview":"max-image-preview:large","max-video-preview":"max-video-preview:-1"},"canonical":"https:\/\/goodwill.fi\/kauppa\/tuote\/villeroy-boch-new-wave-kahvikupit-ja-asetit-2-kpl\/","og_locale":"fi_FI","og_type":"article","og_title":"VILLEROY &amp; BOCH NEW WAVE KAHVIKUPIT JA ASETIT 2 KPL - Goodwill-verkkokauppa","og_description":"Suunnittelija: Eldine L'Aquitaine Valmistaja: Villeroy & Boch Mitat kuppi: korkeus 11 cm, halkaisija 10 cm Mitat lautanen: korkeus 3 cm, pituus 22.5 cm, leveys 15.5 cm Materiaali: posliini Kunto: ehj\u00e4t, hyvin v\u00e4h\u00e4n k\u00e4yt\u00f6n j\u00e4lki\u00e4 Huom. myyd\u00e4\u00e4n kahden kappaleen settin\u00e4","og_url":"https:\/\/goodwill.fi\/kauppa\/tuote\/villeroy-boch-new-wave-kahvikupit-ja-asetit-2-kpl\/","og_site_name":"Goodwill-verkkokauppa","article_modified_time":"2025-12-21T13:34:16+00:00","og_image":[{"width":2500,"height":2500,"url":"https:\/\/goodwill.fi\/kauppa\/wp-content\/uploads\/2025\/07\/untitled-40-1.jpg","type":"image\/jpeg"}],"twitter_card":"summary_large_image","twitter_misc":{"Arvioitu lukuaika":"1 minuutti"},"schema":{"@context":"https:\/\/schema.org","@graph":[{"@type":"WebPage","@id":"https:\/\/goodwill.fi\/kauppa\/tuote\/villeroy-boch-new-wave-kahvikupit-ja-asetit-2-kpl\/","url":"https:\/\/goodwill.fi\/kauppa\/tuote\/villeroy-boch-new-wave-kahvikupit-ja-asetit-2-kpl\/","name":"VILLEROY &amp; BOCH NEW WAVE KAHVIKUPIT JA ASETIT 2 KPL - Goodwill-verkkokauppa","isPartOf":{"@id":"https:\/\/goodwill.fi\/kauppa\/#website"},"primaryImageOfPage":{"@id":"https:\/\/goodwill.fi\/kauppa\/tuote\/villeroy-boch-new-wave-kahvikupit-ja-asetit-2-kpl\/#primaryimage"},"image":{"@id":"https:\/\/goodwill.fi\/kauppa\/tuote\/villeroy-boch-new-wave-kahvikupit-ja-asetit-2-kpl\/#primaryimage"},"thumbnailUrl":"https:\/\/goodwill.fi\/kauppa\/wp-content\/uploads\/2025\/07\/untitled-40-1.jpg","datePublished":"2025-07-03T11:35:08+00:00","dateModified":"2025-12-21T13:34:16+00:00","description":"Suunnittelija: Eldine L'Aquitaine Valmistaja: Villeroy & Boch Mitat kuppi: korkeus 11 cm, halkaisija 10 cm Mitat lautanen: korkeus 3 cm, pituus 22.5 cm, leveys 15.5 cm Materiaali: posliini Kunto: ehj\u00e4t, hyvin v\u00e4h\u00e4n k\u00e4yt\u00f6n j\u00e4lki\u00e4 Huom. myyd\u00e4\u00e4n kahden kappaleen settin\u00e4","breadcrumb":{"@id":"https:\/\/goodwill.fi\/kauppa\/tuote\/villeroy-boch-new-wave-kahvikupit-ja-asetit-2-kpl\/#breadcrumb"},"inLanguage":"fi","potentialAction":[{"@type":"ReadAction","target":["https:\/\/goodwill.fi\/kauppa\/tuote\/villeroy-boch-new-wave-kahvikupit-ja-asetit-2-kpl\/"]}]},{"@type":"ImageObject","inLanguage":"fi","@id":"https:\/\/goodwill.fi\/kauppa\/tuote\/villeroy-boch-new-wave-kahvikupit-ja-asetit-2-kpl\/#primaryimage","url":"https:\/\/goodwill.fi\/kauppa\/wp-content\/uploads\/2025\/07\/untitled-40-1.jpg","contentUrl":"https:\/\/goodwill.fi\/kauppa\/wp-content\/uploads\/2025\/07\/untitled-40-1.jpg","width":2500,"height":2500},{"@type":"BreadcrumbList","@id":"https:\/\/goodwill.fi\/kauppa\/tuote\/villeroy-boch-new-wave-kahvikupit-ja-asetit-2-kpl\/#breadcrumb","itemListElement":[{"@type":"ListItem","position":1,"name":"Home","item":"https:\/\/goodwill.fi\/kauppa\/"},{"@type":"ListItem","position":2,"name":"Shop","item":"https:\/\/goodwill.fi\/kauppa\/shop\/"},{"@type":"ListItem","position":3,"name":"VILLEROY &amp; BOCH NEW WAVE KAHVIKUPIT JA ASETIT 2 KPL"}]},{"@type":"WebSite","@id":"https:\/\/goodwill.fi\/kauppa\/#website","url":"https:\/\/goodwill.fi\/kauppa\/","name":"Goodwill-verkkokauppa","description":"Kierr\u00e4tysmyym\u00e4l\u00e4 verkossa","publisher":{"@id":"https:\/\/goodwill.fi\/kauppa\/#organization"},"potentialAction":[{"@type":"SearchAction","target":{"@type":"EntryPoint","urlTemplate":"https:\/\/goodwill.fi\/kauppa\/?s={search_term_string}"},"query-input":{"@type":"PropertyValueSpecification","valueRequired":true,"valueName":"search_term_string"}}],"inLanguage":"fi"},{"@type":"Organization","@id":"https:\/\/goodwill.fi\/kauppa\/#organization","name":"Goodwill-verkkokauppa","url":"https:\/\/goodwill.fi\/kauppa\/","logo":{"@type":"ImageObject","inLanguage":"fi","@id":"https:\/\/goodwill.fi\/kauppa\/#\/schema\/logo\/image\/","url":"https:\/\/goodwill.fi\/kauppa\/wp-content\/uploads\/2021\/02\/cropped-logo_gw_store-723x211-1.png","contentUrl":"https:\/\/goodwill.fi\/kauppa\/wp-content\/uploads\/2021\/02\/cropped-logo_gw_store-723x211-1.png","width":723,"height":207,"caption":"Goodwill-verkkokauppa"},"image":{"@id":"https:\/\/goodwill.fi\/kauppa\/#\/schema\/logo\/image\/"}}]}},"_links":{"self":[{"href":"https:\/\/goodwill.fi\/kauppa\/wp-json\/wp\/v2\/product\/54772","targetHints":{"allow":["GET"]}}],"collection":[{"href":"https:\/\/goodwill.fi\/kauppa\/wp-json\/wp\/v2\/product"}],"about":[{"href":"https:\/\/goodwill.fi\/kauppa\/wp-json\/wp\/v2\/types\/product"}],"replies":[{"embeddable":true,"href":"https:\/\/goodwill.fi\/kauppa\/wp-json\/wp\/v2\/comments?post=54772"}],"wp:featuredmedia":[{"embeddable":true,"href":"https:\/\/goodwill.fi\/kauppa\/wp-json\/wp\/v2\/media\/54773"}],"wp:attachment":[{"href":"https:\/\/goodwill.fi\/kauppa\/wp-json\/wp\/v2\/media?parent=54772"}],"wp:term":[{"taxonomy":"product_brand","embeddable":true,"href":"https:\/\/goodwill.fi\/kauppa\/wp-json\/wp\/v2\/product_brand?post=54772"},{"taxonomy":"product_cat","embeddable":true,"href":"https:\/\/goodwill.fi\/kauppa\/wp-json\/wp\/v2\/product_cat?post=54772"},{"taxonomy":"product_tag","embeddable":true,"href":"https:\/\/goodwill.fi\/kauppa\/wp-json\/wp\/v2\/product_tag?post=54772"}],"curies":[{"name":"wp","href":"https:\/\/api.w.org\/{rel}","templated":true}]}}