{"id":54216,"date":"2025-06-25T08:52:58","date_gmt":"2025-06-25T05:52:58","guid":{"rendered":"https:\/\/goodwill.fi\/kauppa\/?post_type=product&#038;p=54216"},"modified":"2025-06-25T08:52:59","modified_gmt":"2025-06-25T05:52:59","slug":"kalevala-1909-painos","status":"publish","type":"product","link":"https:\/\/goodwill.fi\/kauppa\/tuote\/kalevala-1909-painos\/","title":{"rendered":"KALEVALA 1909 PAINOS"},"content":{"rendered":"<p>Kirjailija: Elias L\u00f6nnrot<br \/>\nKustantaja: Suomalaisen Kirjallisuuden Seura<br \/>\nJulkaisuvuosi: 1909<br \/>\nMitat: korkeus 2 cm, leveys 16 cm, pituus 22 cm, paino 582 g<br \/>\nV\u00e4ri: ruskea, musta, punainen, valkoinen<br \/>\nMateriaali: pahvi, paperi<br \/>\nKunto: ehj\u00e4, k\u00e4yt\u00f6n j\u00e4lki\u00e4, tahroja, sivut kellastuneet, selk\u00e4myksess\u00e4 pient\u00e4 nirhamaa<\/p>\n","protected":false},"excerpt":{"rendered":"<p>Kirjailija: Elias L\u00f6nnrot Kustantaja: Suomalaisen Kirjallisuuden Seura Julkaisuvuosi: 1909 Mitat: korkeus 2 cm, leveys 16 cm, pituus 22 cm, paino 582 g V\u00e4ri: ruskea, musta, punainen, valkoinen Materiaali: pahvi, paperi Kunto: ehj\u00e4, k\u00e4yt\u00f6n j\u00e4lki\u00e4, tahroja, sivut kellastuneet, selk\u00e4myksess\u00e4 pient\u00e4 nirhamaa<\/p>\n","protected":false},"featured_media":54220,"comment_status":"open","ping_status":"closed","template":"","meta":[],"product_brand":[],"product_cat":[159,150,143],"product_tag":[15901,7875,429,455],"class_list":{"0":"post-54216","1":"product","2":"type-product","3":"status-publish","4":"has-post-thumbnail","6":"product_cat-kaikki","7":"product_cat-kirjat-2","8":"product_cat-viihde-2","9":"product_tag-15901","10":"product_tag-elias-lonnrot","11":"product_tag-kalevala","12":"product_tag-kirja","14":"first","15":"instock","16":"taxable","17":"shipping-taxable","18":"purchasable","19":"product-type-simple"},"yoast_head":"<!-- This site is optimized with the Yoast SEO plugin v27.4 - https:\/\/yoast.com\/product\/yoast-seo-wordpress\/ -->\n<title>KALEVALA 1909 PAINOS - Goodwill-verkkokauppa<\/title>\n<meta name=\"description\" content=\"Kirjailija: Elias L\u00f6nnrot Kustantaja: Suomalaisen Kirjallisuuden Seura Julkaisuvuosi: 1909 Mitat: korkeus 2 cm, leveys 16 cm, pituus 22 cm, paino 582 g\" \/>\n<meta name=\"robots\" content=\"index, follow, max-snippet:-1, max-image-preview:large, max-video-preview:-1\" \/>\n<link rel=\"canonical\" href=\"https:\/\/goodwill.fi\/kauppa\/tuote\/kalevala-1909-painos\/\" \/>\n<meta property=\"og:locale\" content=\"fi_FI\" \/>\n<meta property=\"og:type\" content=\"article\" \/>\n<meta property=\"og:title\" content=\"KALEVALA 1909 PAINOS - Goodwill-verkkokauppa\" \/>\n<meta property=\"og:description\" content=\"Kirjailija: Elias L\u00f6nnrot Kustantaja: Suomalaisen Kirjallisuuden Seura Julkaisuvuosi: 1909 Mitat: korkeus 2 cm, leveys 16 cm, pituus 22 cm, paino 582 g\" \/>\n<meta property=\"og:url\" content=\"https:\/\/goodwill.fi\/kauppa\/tuote\/kalevala-1909-painos\/\" \/>\n<meta property=\"og:site_name\" content=\"Goodwill-verkkokauppa\" \/>\n<meta property=\"article:modified_time\" content=\"2025-06-25T05:52:59+00:00\" \/>\n<meta property=\"og:image\" content=\"https:\/\/goodwill.fi\/kauppa\/wp-content\/uploads\/2025\/06\/IMG_8474-scaled-e1750830555956.jpg\" \/>\n\t<meta property=\"og:image:width\" content=\"1886\" \/>\n\t<meta property=\"og:image:height\" content=\"1707\" \/>\n\t<meta property=\"og:image:type\" content=\"image\/jpeg\" \/>\n<meta name=\"twitter:card\" content=\"summary_large_image\" \/>\n<meta name=\"twitter:label1\" content=\"Arvioitu lukuaika\" \/>\n\t<meta name=\"twitter:data1\" content=\"1 minuutti\" \/>\n<script type=\"application\/ld+json\" class=\"yoast-schema-graph\">{\"@context\":\"https:\\\/\\\/schema.org\",\"@graph\":[{\"@type\":\"WebPage\",\"@id\":\"https:\\\/\\\/goodwill.fi\\\/kauppa\\\/tuote\\\/kalevala-1909-painos\\\/\",\"url\":\"https:\\\/\\\/goodwill.fi\\\/kauppa\\\/tuote\\\/kalevala-1909-painos\\\/\",\"name\":\"KALEVALA 1909 PAINOS - Goodwill-verkkokauppa\",\"isPartOf\":{\"@id\":\"https:\\\/\\\/goodwill.fi\\\/kauppa\\\/#website\"},\"primaryImageOfPage\":{\"@id\":\"https:\\\/\\\/goodwill.fi\\\/kauppa\\\/tuote\\\/kalevala-1909-painos\\\/#primaryimage\"},\"image\":{\"@id\":\"https:\\\/\\\/goodwill.fi\\\/kauppa\\\/tuote\\\/kalevala-1909-painos\\\/#primaryimage\"},\"thumbnailUrl\":\"https:\\\/\\\/goodwill.fi\\\/kauppa\\\/wp-content\\\/uploads\\\/2025\\\/06\\\/IMG_8474-scaled-e1750830555956.jpg\",\"datePublished\":\"2025-06-25T05:52:58+00:00\",\"dateModified\":\"2025-06-25T05:52:59+00:00\",\"description\":\"Kirjailija: Elias L\u00f6nnrot Kustantaja: Suomalaisen Kirjallisuuden Seura Julkaisuvuosi: 1909 Mitat: korkeus 2 cm, leveys 16 cm, pituus 22 cm, paino 582 g\",\"breadcrumb\":{\"@id\":\"https:\\\/\\\/goodwill.fi\\\/kauppa\\\/tuote\\\/kalevala-1909-painos\\\/#breadcrumb\"},\"inLanguage\":\"fi\",\"potentialAction\":[{\"@type\":\"ReadAction\",\"target\":[\"https:\\\/\\\/goodwill.fi\\\/kauppa\\\/tuote\\\/kalevala-1909-painos\\\/\"]}]},{\"@type\":\"ImageObject\",\"inLanguage\":\"fi\",\"@id\":\"https:\\\/\\\/goodwill.fi\\\/kauppa\\\/tuote\\\/kalevala-1909-painos\\\/#primaryimage\",\"url\":\"https:\\\/\\\/goodwill.fi\\\/kauppa\\\/wp-content\\\/uploads\\\/2025\\\/06\\\/IMG_8474-scaled-e1750830555956.jpg\",\"contentUrl\":\"https:\\\/\\\/goodwill.fi\\\/kauppa\\\/wp-content\\\/uploads\\\/2025\\\/06\\\/IMG_8474-scaled-e1750830555956.jpg\",\"width\":1886,\"height\":1707},{\"@type\":\"BreadcrumbList\",\"@id\":\"https:\\\/\\\/goodwill.fi\\\/kauppa\\\/tuote\\\/kalevala-1909-painos\\\/#breadcrumb\",\"itemListElement\":[{\"@type\":\"ListItem\",\"position\":1,\"name\":\"Home\",\"item\":\"https:\\\/\\\/goodwill.fi\\\/kauppa\\\/\"},{\"@type\":\"ListItem\",\"position\":2,\"name\":\"Shop\",\"item\":\"https:\\\/\\\/goodwill.fi\\\/kauppa\\\/shop\\\/\"},{\"@type\":\"ListItem\",\"position\":3,\"name\":\"KALEVALA 1909 PAINOS\"}]},{\"@type\":\"WebSite\",\"@id\":\"https:\\\/\\\/goodwill.fi\\\/kauppa\\\/#website\",\"url\":\"https:\\\/\\\/goodwill.fi\\\/kauppa\\\/\",\"name\":\"Goodwill-verkkokauppa\",\"description\":\"Kierr\u00e4tysmyym\u00e4l\u00e4 verkossa\",\"publisher\":{\"@id\":\"https:\\\/\\\/goodwill.fi\\\/kauppa\\\/#organization\"},\"potentialAction\":[{\"@type\":\"SearchAction\",\"target\":{\"@type\":\"EntryPoint\",\"urlTemplate\":\"https:\\\/\\\/goodwill.fi\\\/kauppa\\\/?s={search_term_string}\"},\"query-input\":{\"@type\":\"PropertyValueSpecification\",\"valueRequired\":true,\"valueName\":\"search_term_string\"}}],\"inLanguage\":\"fi\"},{\"@type\":\"Organization\",\"@id\":\"https:\\\/\\\/goodwill.fi\\\/kauppa\\\/#organization\",\"name\":\"Goodwill-verkkokauppa\",\"url\":\"https:\\\/\\\/goodwill.fi\\\/kauppa\\\/\",\"logo\":{\"@type\":\"ImageObject\",\"inLanguage\":\"fi\",\"@id\":\"https:\\\/\\\/goodwill.fi\\\/kauppa\\\/#\\\/schema\\\/logo\\\/image\\\/\",\"url\":\"https:\\\/\\\/goodwill.fi\\\/kauppa\\\/wp-content\\\/uploads\\\/2021\\\/02\\\/cropped-logo_gw_store-723x211-1.png\",\"contentUrl\":\"https:\\\/\\\/goodwill.fi\\\/kauppa\\\/wp-content\\\/uploads\\\/2021\\\/02\\\/cropped-logo_gw_store-723x211-1.png\",\"width\":723,\"height\":207,\"caption\":\"Goodwill-verkkokauppa\"},\"image\":{\"@id\":\"https:\\\/\\\/goodwill.fi\\\/kauppa\\\/#\\\/schema\\\/logo\\\/image\\\/\"}}]}<\/script>\n<!-- \/ Yoast SEO plugin. -->","yoast_head_json":{"title":"KALEVALA 1909 PAINOS - Goodwill-verkkokauppa","description":"Kirjailija: Elias L\u00f6nnrot Kustantaja: Suomalaisen Kirjallisuuden Seura Julkaisuvuosi: 1909 Mitat: korkeus 2 cm, leveys 16 cm, pituus 22 cm, paino 582 g","robots":{"index":"index","follow":"follow","max-snippet":"max-snippet:-1","max-image-preview":"max-image-preview:large","max-video-preview":"max-video-preview:-1"},"canonical":"https:\/\/goodwill.fi\/kauppa\/tuote\/kalevala-1909-painos\/","og_locale":"fi_FI","og_type":"article","og_title":"KALEVALA 1909 PAINOS - Goodwill-verkkokauppa","og_description":"Kirjailija: Elias L\u00f6nnrot Kustantaja: Suomalaisen Kirjallisuuden Seura Julkaisuvuosi: 1909 Mitat: korkeus 2 cm, leveys 16 cm, pituus 22 cm, paino 582 g","og_url":"https:\/\/goodwill.fi\/kauppa\/tuote\/kalevala-1909-painos\/","og_site_name":"Goodwill-verkkokauppa","article_modified_time":"2025-06-25T05:52:59+00:00","og_image":[{"width":1886,"height":1707,"url":"https:\/\/goodwill.fi\/kauppa\/wp-content\/uploads\/2025\/06\/IMG_8474-scaled-e1750830555956.jpg","type":"image\/jpeg"}],"twitter_card":"summary_large_image","twitter_misc":{"Arvioitu lukuaika":"1 minuutti"},"schema":{"@context":"https:\/\/schema.org","@graph":[{"@type":"WebPage","@id":"https:\/\/goodwill.fi\/kauppa\/tuote\/kalevala-1909-painos\/","url":"https:\/\/goodwill.fi\/kauppa\/tuote\/kalevala-1909-painos\/","name":"KALEVALA 1909 PAINOS - Goodwill-verkkokauppa","isPartOf":{"@id":"https:\/\/goodwill.fi\/kauppa\/#website"},"primaryImageOfPage":{"@id":"https:\/\/goodwill.fi\/kauppa\/tuote\/kalevala-1909-painos\/#primaryimage"},"image":{"@id":"https:\/\/goodwill.fi\/kauppa\/tuote\/kalevala-1909-painos\/#primaryimage"},"thumbnailUrl":"https:\/\/goodwill.fi\/kauppa\/wp-content\/uploads\/2025\/06\/IMG_8474-scaled-e1750830555956.jpg","datePublished":"2025-06-25T05:52:58+00:00","dateModified":"2025-06-25T05:52:59+00:00","description":"Kirjailija: Elias L\u00f6nnrot Kustantaja: Suomalaisen Kirjallisuuden Seura Julkaisuvuosi: 1909 Mitat: korkeus 2 cm, leveys 16 cm, pituus 22 cm, paino 582 g","breadcrumb":{"@id":"https:\/\/goodwill.fi\/kauppa\/tuote\/kalevala-1909-painos\/#breadcrumb"},"inLanguage":"fi","potentialAction":[{"@type":"ReadAction","target":["https:\/\/goodwill.fi\/kauppa\/tuote\/kalevala-1909-painos\/"]}]},{"@type":"ImageObject","inLanguage":"fi","@id":"https:\/\/goodwill.fi\/kauppa\/tuote\/kalevala-1909-painos\/#primaryimage","url":"https:\/\/goodwill.fi\/kauppa\/wp-content\/uploads\/2025\/06\/IMG_8474-scaled-e1750830555956.jpg","contentUrl":"https:\/\/goodwill.fi\/kauppa\/wp-content\/uploads\/2025\/06\/IMG_8474-scaled-e1750830555956.jpg","width":1886,"height":1707},{"@type":"BreadcrumbList","@id":"https:\/\/goodwill.fi\/kauppa\/tuote\/kalevala-1909-painos\/#breadcrumb","itemListElement":[{"@type":"ListItem","position":1,"name":"Home","item":"https:\/\/goodwill.fi\/kauppa\/"},{"@type":"ListItem","position":2,"name":"Shop","item":"https:\/\/goodwill.fi\/kauppa\/shop\/"},{"@type":"ListItem","position":3,"name":"KALEVALA 1909 PAINOS"}]},{"@type":"WebSite","@id":"https:\/\/goodwill.fi\/kauppa\/#website","url":"https:\/\/goodwill.fi\/kauppa\/","name":"Goodwill-verkkokauppa","description":"Kierr\u00e4tysmyym\u00e4l\u00e4 verkossa","publisher":{"@id":"https:\/\/goodwill.fi\/kauppa\/#organization"},"potentialAction":[{"@type":"SearchAction","target":{"@type":"EntryPoint","urlTemplate":"https:\/\/goodwill.fi\/kauppa\/?s={search_term_string}"},"query-input":{"@type":"PropertyValueSpecification","valueRequired":true,"valueName":"search_term_string"}}],"inLanguage":"fi"},{"@type":"Organization","@id":"https:\/\/goodwill.fi\/kauppa\/#organization","name":"Goodwill-verkkokauppa","url":"https:\/\/goodwill.fi\/kauppa\/","logo":{"@type":"ImageObject","inLanguage":"fi","@id":"https:\/\/goodwill.fi\/kauppa\/#\/schema\/logo\/image\/","url":"https:\/\/goodwill.fi\/kauppa\/wp-content\/uploads\/2021\/02\/cropped-logo_gw_store-723x211-1.png","contentUrl":"https:\/\/goodwill.fi\/kauppa\/wp-content\/uploads\/2021\/02\/cropped-logo_gw_store-723x211-1.png","width":723,"height":207,"caption":"Goodwill-verkkokauppa"},"image":{"@id":"https:\/\/goodwill.fi\/kauppa\/#\/schema\/logo\/image\/"}}]}},"_links":{"self":[{"href":"https:\/\/goodwill.fi\/kauppa\/wp-json\/wp\/v2\/product\/54216","targetHints":{"allow":["GET"]}}],"collection":[{"href":"https:\/\/goodwill.fi\/kauppa\/wp-json\/wp\/v2\/product"}],"about":[{"href":"https:\/\/goodwill.fi\/kauppa\/wp-json\/wp\/v2\/types\/product"}],"replies":[{"embeddable":true,"href":"https:\/\/goodwill.fi\/kauppa\/wp-json\/wp\/v2\/comments?post=54216"}],"wp:featuredmedia":[{"embeddable":true,"href":"https:\/\/goodwill.fi\/kauppa\/wp-json\/wp\/v2\/media\/54220"}],"wp:attachment":[{"href":"https:\/\/goodwill.fi\/kauppa\/wp-json\/wp\/v2\/media?parent=54216"}],"wp:term":[{"taxonomy":"product_brand","embeddable":true,"href":"https:\/\/goodwill.fi\/kauppa\/wp-json\/wp\/v2\/product_brand?post=54216"},{"taxonomy":"product_cat","embeddable":true,"href":"https:\/\/goodwill.fi\/kauppa\/wp-json\/wp\/v2\/product_cat?post=54216"},{"taxonomy":"product_tag","embeddable":true,"href":"https:\/\/goodwill.fi\/kauppa\/wp-json\/wp\/v2\/product_tag?post=54216"}],"curies":[{"name":"wp","href":"https:\/\/api.w.org\/{rel}","templated":true}]}}